{"id":10,"date":"2024-03-15T11:16:46","date_gmt":"2024-03-15T11:16:46","guid":{"rendered":"https:\/\/www.karinibutiik.ee\/?page_id=10"},"modified":"2024-04-02T06:49:15","modified_gmt":"2024-04-02T06:49:15","slug":"mugipolitics","status":"publish","type":"page","link":"https:\/\/www.karinibutiik.ee\/en\/mugipolitics\/","title":{"rendered":"Conditions of sale"},"content":{"rendered":"<div data-elementor-type=\"wp-page\" data-elementor-id=\"10\" class=\"elementor elementor-10\" data-elementor-post-type=\"page\">\n\t\t\t\t<div class=\"elementor-element elementor-element-e51b91c e-flex e-con-boxed e-con e-parent\" data-id=\"e51b91c\" data-element_type=\"container\">\n\t\t\t\t\t<div class=\"e-con-inner\">\n\t\t<div class=\"elementor-element elementor-element-19aadfd e-con-full e-flex e-con e-child\" data-id=\"19aadfd\" data-element_type=\"container\">\n\t\t\t\t<div class=\"elementor-element elementor-element-234895f elementor-widget elementor-widget-text-editor\" data-id=\"234895f\" data-element_type=\"widget\" data-widget_type=\"text-editor.default\">\n\t\t\t\t<div class=\"elementor-widget-container\">\n\t\t\t\t\t\t\t\t\t<p>Conditions of sale<\/p>\t\t\t\t\t\t\t\t<\/div>\n\t\t\t\t<\/div>\n\t\t\t\t<div class=\"elementor-element elementor-element-a20d6a8 elementor-widget elementor-widget-text-editor\" data-id=\"a20d6a8\" data-element_type=\"widget\" data-widget_type=\"text-editor.default\">\n\t\t\t\t<div class=\"elementor-widget-container\">\n\t\t\t\t\t\t\t\t\t<p><b>The owner of the online shop KariniButiik.ee (hereinafter referred to as the Online Shop) is O\u00dc K&amp;N (registration code 12920674), located at Suve 2 Tallinn.<\/b><\/p>\n<p><b>Validity of the conditions of sale<\/b><\/p>\n<p><span style=\"font-weight: 400\">The terms and conditions of sale apply to the purchase of goods and services from the online store KARINIBUTIIK.EE between the buyer (hereinafter the Consumer) and the company K&amp;N O\u00dc (hereinafter the Online store KARINIBUTIIK.EE).<\/span><\/p>\n<p><span style=\"font-weight: 400\">In addition to these terms and conditions, legal relations arising from the purchase of products from the KARINIBUTIIK.EE online store are governed by the Law of Obligations Act (hereinafter LOA), the Consumer Protection Act (hereinafter CCPA) and other legislation in force in the Republic of Estonia.<\/span><\/p>\n<p><span style=\"font-weight: 400\">The online shop KARINIBUTIIK.EE reserves the right to make changes to the conditions of sale. These changes will be reflected on the website www.karinibutiik.ee<\/span><\/p>\n<p><b>Price info<\/b><\/p>\n<p><span style=\"font-weight: 400\">All prices on KARINIBUTIIK.EE are in Euro and include VAT.<\/span><\/p>\n<p><span style=\"font-weight: 400\">The price of the purchases is subject to the cost of transport according to the mode of delivery chosen by the Consumer.<\/span><\/p>\n<p><span style=\"font-weight: 400\">Prices are valid from the time the order is placed until the payment deadline for the placed order expires (1 day after the order is placed).<\/span><\/p>\n<p><span style=\"font-weight: 400\">If the order is placed before the terms and conditions of sale or prices are amended, the legal relations between the Consumer and K&amp;N O\u00dc shall be governed by the terms and conditions in force at the time the order was placed.<\/span><\/p>\n<p><span style=\"font-weight: 400\">The online shop KARINIBUTIIK.EE reserves the right to make changes to the sales prices. These changes will be reflected on the website www.karinibutiik.ee<\/span><\/p>\n<p><b>Placing an order<\/b><\/p>\n<p><span style=\"font-weight: 400\">To order, you must add the products you want to your shopping cart. In order to place an order, you must fill in the required fields and select the appropriate delivery method. The amount of the fee is then displayed on the screen, which can be paid by bank transfer or other payment method. The details for the euro payment, including all applicable national taxes and surcharges, can be found on the invoice displayed on the screen after the order has been confirmed. The order confirmation, together with the invoice, will also be sent to the e-mail address you have registered.<\/span><\/p>\n<p><span style=\"font-weight: 400\">Please fill in the fields on the details and order confirmation page carefully, as the accuracy and correctness of the information provided will determine the prompt and smooth delivery of the products you have purchased and the subsequent resolution of any disputes and claims.<\/span><\/p>\n<p><span style=\"font-weight: 400\">The contract shall enter into force from the date of receipt of the amount due to the current account of the Online Shop.<\/span><\/p>\n<p><span style=\"font-weight: 400\">If the ordered goods cannot be delivered due to expiry of the goods or for any other reason, the buyer will be informed as soon as possible and the money paid (including delivery costs) will be refunded, usually within 1-2 working days. Depending on the method of payment, it may take up to 7 working days to receive the payment.<\/span><\/p>\n<p><span style=\"font-weight: 400\">Orders placed via the online shop will be processed on working days (Mon-Fri 10.00-17.00). If the order is placed on a Friday after 15:00, the order will be processed the following Monday.<\/span><\/p>\n<p><span style=\"font-weight: 400\">The online shop has the right to withdraw from the sale and to demand the return of the goods from the buyer, if the price of the goods in the online shop has been marked significantly below the market price due to a mistake.<\/span><\/p>\n<p><b>Entry into force of the sales contract<\/b><\/p>\n<p><span style=\"font-weight: 400\">With the contract of sale of the Goods, the online shop KARINIBUTIIK.EE undertakes to deliver to the Consumer the Goods that are available, manufactured or to be acquired by the online shop KARINIBUTIIK.EE in the future and to enable the transfer of ownership to the Consumer, while the Consumer undertakes to pay to the online shop KARINIBUTIIK.EE the amount indicated on the invoice for the Goods and to accept the Goods.<\/span><\/p>\n<p><span style=\"font-weight: 400\">Orders that have not been paid for will be cancelled 1 day after the order has been placed.<\/span><\/p>\n<p><span style=\"font-weight: 400\">The sales contract enters into force after the payment made by the Consumer has been credited to the bank account of K&amp;N O\u00dc.<\/span><\/p>\n<p><b>Delivery to<\/b><\/p>\n<p><span style=\"font-weight: 400\">Goods are sent to Estonia, Latvia, Lithuania, Finland, Sweden, Finland, Sweden and Switzerland.<\/span><\/p>\n<p><span style=\"font-weight: 400\">The shipping costs are borne by the buyer, and the corresponding price information is displayed with the shipping method.<\/span><\/p>\n<p><span style=\"font-weight: 400\">Shipments within Estonia usually arrive at the destination specified by the buyer within 1-3 working days from the entry into force of the sales contract. Outside Estonia, delivery takes place within 3-7 calendar days. In exceptional cases, the right to deliver the goods within up to 30 calendar days.<\/span><\/p>\n<p><span style=\"font-weight: 400\">The online shop KARINIBUTIIK.EE is not liable for the delay in delivery of goods if the goods have been delivered to the logistics partners on time, but the delay in delivery is due to circumstances that the online shop KARINIBUTIIK.EE could not influence or foresee.<\/span><\/p>\n<p><b>Unquantifiable force<\/b><\/p>\n<p><span style=\"font-weight: 400\">The online shop KARINIBUTIIK.EE is not liable for damages caused to the Customer or for the delay in delivery of the goods, if the damage or the delay in delivery of the goods is due to circumstances that the online shop KARINIBUTIIK.EE could not influence or foresee.<\/span><\/p>\n<p><span style=\"font-weight: 400\">KARINIBUTIIK.EE online shop is not responsible for colour differences due to screen settings.<\/span><\/p>\n<p><b>Processing of personal data<\/b><\/p>\n<p><span style=\"font-weight: 400\">By entering the data in the online shop and with the corresponding confirmation, the Consumer grants the right to collect and process the Consumer's personal data (name, contact telephone number, delivery and\/or home address, e-mail address) and to forward the personal data to the logistics partner for the delivery of the goods.<\/span><\/p>\n<p><span style=\"font-weight: 400\">The online shop KARINIBUTIIK.EE has the right to use the Consumer's residential or business address to send advertising and other information to the Consumer.<\/span><\/p>\n<p><span style=\"font-weight: 400\">The consumer has the right at any time to object to the collection and use of his personal data, unless this is necessary for the recovery of a claim arising from the contract or for the delivery of the goods.<\/span><\/p>\n<p><span style=\"font-weight: 400\">The use of electronic personal data for direct mailing purposes will only take place if the Consumer has given his or her separate consent on the website KARINIBUTIIK.EE (in the direct mail module).<\/span><\/p>\n<p><span style=\"font-weight: 400\">Encrypted data communication with banks when paying for purchases ensures the security of the Consumer's personal banking details, which are not accessible by Veebipoel.<\/span><\/p>\n<p><b>Intellectual property and its exploitation<\/b><\/p>\n<p><span style=\"font-weight: 400\">All intellectual property on the KARINIBUTIIK.EE website and Facebook and Instagram fan pages is the property of K&amp;N O\u00dc and protected by copyright law.<\/span><\/p>\n<p><span style=\"font-weight: 400\">Copying, distribution, publication for commercial purposes, use in the mass media or any other exploitation of intellectual property without the author's consent is prohibited.<\/span><\/p>\n<p><b>Complaints procedure<\/b><\/p>\n<p><span style=\"font-weight: 400\">The online shop is liable for the non-conformity or defect of the goods sold to the buyer, which already existed at the time of delivery and which will become apparent within a maximum of two years from the delivery of the goods to the buyer. During this first six months after the delivery of the goods to the buyer, the defect is presumed to have existed at the time of delivery. It is the responsibility of the Online Shop to rebut this presumption.<\/span><\/p>\n<p><span style=\"font-weight: 400\">In the event of a defect, the purchaser has the right to contact the online shop within two months at the latest by sending an e-mail to tellimus@karinibutiik.ee or by calling +372 56 14 14 97.<\/span><\/p>\n<p><span style=\"font-weight: 400\">The online shop is not liable for defects that occur after the goods have been delivered to the buyer.<\/span><\/p>\n<p><span style=\"font-weight: 400\">If the goods purchased from the Online Shop have defects for which the Online Shop is responsible, the Online Shop will repair or replace the defective goods. If it is not possible to repair or replace the goods, the Online shop will refund the buyer all the fees for the sales contract.<\/span><\/p>\n<p><span style=\"font-weight: 400\">The online shop will respond to the consumer's complaint in writing or in a format that can be reproduced in writing within 15 days.<\/span><\/p>\n<p><b>Direct marketing and processing of personal data<\/b><\/p>\n<p><span style=\"font-weight: 400\">The online shop KARINIBUTIIK.EE uses the personal data entered by the buyer (including name, telephone number, address, e-mail address, bank details) only for processing the order and sending the goods to the buyer. The online shop KARINIBUTIIK.EE forwards personal data to companies providing transport services in order to deliver the goods.<\/span><\/p>\n<p><span style=\"font-weight: 400\">The online shop KARINIBUTIIK.EE sends newsletters and offers to the buyer's e-mail address only if the buyer has expressed his\/her wish to receive them by entering his\/her e-mail address on the website and has indicated his\/her wish to receive direct mail notifications.<\/span><\/p>\n<p><span style=\"font-weight: 400\">The purchaser may opt-out of receiving offers and newsletters by email at any time by notifying us by email or by following the instructions in the email containing the offers.<\/span><\/p>\n<p><b>Dispute resolution<\/b><\/p>\n<p><span style=\"font-weight: 400\">If the purchaser has any complaints about the Online Shop, they should be sent by e-mail to tellimus@karinibutiik.ee or by telephone to +372 56 14 14 97. If the purchaser and the Online Shop are unable to settle the dispute by agreement, the purchaser can refer the matter to the Consumer Disputes Committee.&nbsp;<\/span><span style=\"font-weight: 400\">(Endla 10A, 10122 Tallinn; phone 6201 707; e-mail avaldus@komisjon.ee) <\/span><span style=\"font-weight: 400\">You can consult the procedural conditions and submit an application by. <\/span><strong><a href=\"https:\/\/komisjon.ee\/et\">here.<\/a><\/strong><span style=\"font-weight: 400\"><strong>&nbsp;<\/strong>The Consumer Disputes Committee is competent to settle disputes arising from a contract concluded between the buyer and the Online Shop. The examination of the buyer's complaint by the Commission is free of charge.<\/span><\/p>\n<p><span style=\"font-weight: 400\">The buyer can turn to the European Union's consumer dispute resolution platform&nbsp;<\/span><strong><a href=\"https:\/\/ec.europa.eu\/consumers\/odr\/main\/index.cfm?event=main.home.chooseLanguage\">here<\/a>.<\/strong><\/p>\t\t\t\t\t\t\t\t<\/div>\n\t\t\t\t<\/div>\n\t\t\t\t<\/div>\n\t\t\t\t\t<\/div>\n\t\t\t\t<\/div>\n\t\t\t\t<\/div>","protected":false},"excerpt":{"rendered":"<p>M\u00fc\u00fcgitingimused Veebipoe KariniButiik.ee (edaspidi Veebipood) omanik on O\u00dc K&amp;N (registrikood 12920674), asukohaga Suve 2 Tallinn. M\u00fc\u00fcgitingimuste kehtivus M\u00fc\u00fcgitingimused kehtivad KARINIBUTIIK.EE [&hellip;]<\/p>\n","protected":false},"author":3,"featured_media":0,"parent":0,"menu_order":0,"comment_status":"closed","ping_status":"closed","template":"elementor_header_footer","meta":{"site-sidebar-layout":"default","site-content-layout":"","ast-site-content-layout":"default","site-content-style":"default","site-sidebar-style":"default","ast-global-header-display":"","ast-banner-title-visibility":"","ast-main-header-display":"","ast-hfb-above-header-display":"","ast-hfb-below-header-display":"","ast-hfb-mobile-header-display":"","site-post-title":"","ast-breadcrumbs-content":"","ast-featured-img":"","footer-sml-layout":"","ast-disable-related-posts":"","theme-transparent-header-meta":"","adv-header-id-meta":"","stick-header-meta":"","header-above-stick-meta":"","header-main-stick-meta":"","header-below-stick-meta":"","astra-migrate-meta-layouts":"default","ast-page-background-enabled":"default","ast-page-background-meta":{"desktop":{"background-color":"var(--ast-global-color-4)","background-image":"","background-repeat":"repeat","background-position":"center center","background-size":"auto","background-attachment":"scroll","background-type":"","background-media":"","overlay-type":"","overlay-color":"","overlay-opacity":"","overlay-gradient":""},"tablet":{"background-color":"","background-image":"","background-repeat":"repeat","background-position":"center center","background-size":"auto","background-attachment":"scroll","background-type":"","background-media":"","overlay-type":"","overlay-color":"","overlay-opacity":"","overlay-gradient":""},"mobile":{"background-color":"","background-image":"","background-repeat":"repeat","background-position":"center center","background-size":"auto","background-attachment":"scroll","background-type":"","background-media":"","overlay-type":"","overlay-color":"","overlay-opacity":"","overlay-gradient":""}},"ast-content-background-meta":{"desktop":{"background-color":"var(--ast-global-color-5)","background-image":"","background-repeat":"repeat","background-position":"center center","background-size":"auto","background-attachment":"scroll","background-type":"","background-media":"","overlay-type":"","overlay-color":"","overlay-opacity":"","overlay-gradient":""},"tablet":{"background-color":"var(--ast-global-color-5)","background-image":"","background-repeat":"repeat","background-position":"center center","background-size":"auto","background-attachment":"scroll","background-type":"","background-media":"","overlay-type":"","overlay-color":"","overlay-opacity":"","overlay-gradient":""},"mobile":{"background-color":"var(--ast-global-color-5)","background-image":"","background-repeat":"repeat","background-position":"center center","background-size":"auto","background-attachment":"scroll","background-type":"","background-media":"","overlay-type":"","overlay-color":"","overlay-opacity":"","overlay-gradient":""}},"footnotes":""},"class_list":["post-10","page","type-page","status-publish","hentry"],"yoast_head":"<!-- This site is optimized with the Yoast SEO plugin v26.9 - https:\/\/yoast.com\/product\/yoast-seo-wordpress\/ -->\n<title>M\u00fc\u00fcgitingimused - Karini Butiik<\/title>\n<meta name=\"robots\" content=\"index, follow, max-snippet:-1, max-image-preview:large, max-video-preview:-1\" \/>\n<link rel=\"canonical\" href=\"https:\/\/www.karinibutiik.ee\/en\/mugipolitics\/\" \/>\n<meta property=\"og:locale\" content=\"en_GB\" \/>\n<meta property=\"og:type\" content=\"article\" \/>\n<meta property=\"og:title\" content=\"M\u00fc\u00fcgitingimused - Karini Butiik\" \/>\n<meta property=\"og:description\" content=\"M\u00fc\u00fcgitingimused Veebipoe KariniButiik.ee (edaspidi Veebipood) omanik on O\u00dc K&amp;N (registrikood 12920674), asukohaga Suve 2 Tallinn. M\u00fc\u00fcgitingimuste kehtivus M\u00fc\u00fcgitingimused kehtivad KARINIBUTIIK.EE [&hellip;]\" \/>\n<meta property=\"og:url\" content=\"https:\/\/www.karinibutiik.ee\/en\/mugipolitics\/\" \/>\n<meta property=\"og:site_name\" content=\"Karini Butiik\" \/>\n<meta property=\"article:publisher\" content=\"https:\/\/www.facebook.com\/karinibutiik.ee\" \/>\n<meta property=\"article:modified_time\" content=\"2024-04-02T06:49:15+00:00\" \/>\n<meta property=\"og:image\" content=\"https:\/\/www.karinibutiik.ee\/wp-content\/uploads\/2024\/10\/Karinibutiikavaleht.png\" \/>\n\t<meta property=\"og:image:width\" content=\"1209\" \/>\n\t<meta property=\"og:image:height\" content=\"835\" \/>\n\t<meta property=\"og:image:type\" content=\"image\/png\" \/>\n<meta name=\"twitter:card\" content=\"summary_large_image\" \/>\n<meta name=\"twitter:label1\" content=\"Estimated reading time\" \/>\n\t<meta name=\"twitter:data1\" content=\"6 minutes\" \/>\n<script type=\"application\/ld+json\" class=\"yoast-schema-graph\">{\"@context\":\"https:\/\/schema.org\",\"@graph\":[{\"@type\":\"WebPage\",\"@id\":\"https:\/\/www.karinibutiik.ee\/muugipoliitika\/\",\"url\":\"https:\/\/www.karinibutiik.ee\/muugipoliitika\/\",\"name\":\"M\u00fc\u00fcgitingimused - Karini Butiik\",\"isPartOf\":{\"@id\":\"https:\/\/www.karinibutiik.ee\/#website\"},\"datePublished\":\"2024-03-15T11:16:46+00:00\",\"dateModified\":\"2024-04-02T06:49:15+00:00\",\"breadcrumb\":{\"@id\":\"https:\/\/www.karinibutiik.ee\/muugipoliitika\/#breadcrumb\"},\"inLanguage\":\"en-GB\",\"potentialAction\":[{\"@type\":\"ReadAction\",\"target\":[\"https:\/\/www.karinibutiik.ee\/muugipoliitika\/\"]}]},{\"@type\":\"BreadcrumbList\",\"@id\":\"https:\/\/www.karinibutiik.ee\/muugipoliitika\/#breadcrumb\",\"itemListElement\":[{\"@type\":\"ListItem\",\"position\":1,\"name\":\"Home\",\"item\":\"https:\/\/www.karinibutiik.ee\/\"},{\"@type\":\"ListItem\",\"position\":2,\"name\":\"M\u00fc\u00fcgitingimused\"}]},{\"@type\":\"WebSite\",\"@id\":\"https:\/\/www.karinibutiik.ee\/#website\",\"url\":\"https:\/\/www.karinibutiik.ee\/\",\"name\":\"Karini Butiik\",\"description\":\"\",\"publisher\":{\"@id\":\"https:\/\/www.karinibutiik.ee\/#organization\"},\"potentialAction\":[{\"@type\":\"SearchAction\",\"target\":{\"@type\":\"EntryPoint\",\"urlTemplate\":\"https:\/\/www.karinibutiik.ee\/?s={search_term_string}\"},\"query-input\":{\"@type\":\"PropertyValueSpecification\",\"valueRequired\":true,\"valueName\":\"search_term_string\"}}],\"inLanguage\":\"en-GB\"},{\"@type\":\"Organization\",\"@id\":\"https:\/\/www.karinibutiik.ee\/#organization\",\"name\":\"Karini Butiik\",\"url\":\"https:\/\/www.karinibutiik.ee\/\",\"logo\":{\"@type\":\"ImageObject\",\"inLanguage\":\"en-GB\",\"@id\":\"https:\/\/www.karinibutiik.ee\/#\/schema\/logo\/image\/\",\"url\":\"https:\/\/www.karinibutiik.ee\/wp-content\/uploads\/2024\/10\/Kuj.-K-koopia.png\",\"contentUrl\":\"https:\/\/www.karinibutiik.ee\/wp-content\/uploads\/2024\/10\/Kuj.-K-koopia.png\",\"width\":500,\"height\":500,\"caption\":\"Karini Butiik\"},\"image\":{\"@id\":\"https:\/\/www.karinibutiik.ee\/#\/schema\/logo\/image\/\"},\"sameAs\":[\"https:\/\/www.facebook.com\/karinibutiik.ee\",\"https:\/\/www.instagram.com\/karinibutiik\"]}]}<\/script>\n<!-- \/ Yoast SEO plugin. -->","yoast_head_json":{"title":"Terms and conditions of sale - Karini Butiik","robots":{"index":"index","follow":"follow","max-snippet":"max-snippet:-1","max-image-preview":"max-image-preview:large","max-video-preview":"max-video-preview:-1"},"canonical":"https:\/\/www.karinibutiik.ee\/en\/mugipolitics\/","og_locale":"en_GB","og_type":"article","og_title":"M\u00fc\u00fcgitingimused - Karini Butiik","og_description":"M\u00fc\u00fcgitingimused Veebipoe KariniButiik.ee (edaspidi Veebipood) omanik on O\u00dc K&amp;N (registrikood 12920674), asukohaga Suve 2 Tallinn. M\u00fc\u00fcgitingimuste kehtivus M\u00fc\u00fcgitingimused kehtivad KARINIBUTIIK.EE [&hellip;]","og_url":"https:\/\/www.karinibutiik.ee\/en\/mugipolitics\/","og_site_name":"Karini Butiik","article_publisher":"https:\/\/www.facebook.com\/karinibutiik.ee","article_modified_time":"2024-04-02T06:49:15+00:00","og_image":[{"width":1209,"height":835,"url":"https:\/\/www.karinibutiik.ee\/wp-content\/uploads\/2024\/10\/Karinibutiikavaleht.png","type":"image\/png"}],"twitter_card":"summary_large_image","twitter_misc":{"Estimated reading time":"6 minutes"},"schema":{"@context":"https:\/\/schema.org","@graph":[{"@type":"WebPage","@id":"https:\/\/www.karinibutiik.ee\/muugipoliitika\/","url":"https:\/\/www.karinibutiik.ee\/muugipoliitika\/","name":"Terms and conditions of sale - Karini Butiik","isPartOf":{"@id":"https:\/\/www.karinibutiik.ee\/#website"},"datePublished":"2024-03-15T11:16:46+00:00","dateModified":"2024-04-02T06:49:15+00:00","breadcrumb":{"@id":"https:\/\/www.karinibutiik.ee\/muugipoliitika\/#breadcrumb"},"inLanguage":"en-GB","potentialAction":[{"@type":"ReadAction","target":["https:\/\/www.karinibutiik.ee\/muugipoliitika\/"]}]},{"@type":"BreadcrumbList","@id":"https:\/\/www.karinibutiik.ee\/muugipoliitika\/#breadcrumb","itemListElement":[{"@type":"ListItem","position":1,"name":"Home","item":"https:\/\/www.karinibutiik.ee\/"},{"@type":"ListItem","position":2,"name":"M\u00fc\u00fcgitingimused"}]},{"@type":"WebSite","@id":"https:\/\/www.karinibutiik.ee\/#website","url":"https:\/\/www.karinibutiik.ee\/","name":"Karini Butiik","description":"","publisher":{"@id":"https:\/\/www.karinibutiik.ee\/#organization"},"potentialAction":[{"@type":"SearchAction","target":{"@type":"EntryPoint","urlTemplate":"https:\/\/www.karinibutiik.ee\/?s={search_term_string}"},"query-input":{"@type":"PropertyValueSpecification","valueRequired":true,"valueName":"search_term_string"}}],"inLanguage":"en-GB"},{"@type":"Organization","@id":"https:\/\/www.karinibutiik.ee\/#organization","name":"Karini Butiik","url":"https:\/\/www.karinibutiik.ee\/","logo":{"@type":"ImageObject","inLanguage":"en-GB","@id":"https:\/\/www.karinibutiik.ee\/#\/schema\/logo\/image\/","url":"https:\/\/www.karinibutiik.ee\/wp-content\/uploads\/2024\/10\/Kuj.-K-koopia.png","contentUrl":"https:\/\/www.karinibutiik.ee\/wp-content\/uploads\/2024\/10\/Kuj.-K-koopia.png","width":500,"height":500,"caption":"Karini Butiik"},"image":{"@id":"https:\/\/www.karinibutiik.ee\/#\/schema\/logo\/image\/"},"sameAs":["https:\/\/www.facebook.com\/karinibutiik.ee","https:\/\/www.instagram.com\/karinibutiik"]}]}},"_links":{"self":[{"href":"https:\/\/www.karinibutiik.ee\/en\/wp-json\/wp\/v2\/pages\/10","targetHints":{"allow":["GET"]}}],"collection":[{"href":"https:\/\/www.karinibutiik.ee\/en\/wp-json\/wp\/v2\/pages"}],"about":[{"href":"https:\/\/www.karinibutiik.ee\/en\/wp-json\/wp\/v2\/types\/page"}],"author":[{"embeddable":true,"href":"https:\/\/www.karinibutiik.ee\/en\/wp-json\/wp\/v2\/users\/3"}],"replies":[{"embeddable":true,"href":"https:\/\/www.karinibutiik.ee\/en\/wp-json\/wp\/v2\/comments?post=10"}],"version-history":[{"count":102,"href":"https:\/\/www.karinibutiik.ee\/en\/wp-json\/wp\/v2\/pages\/10\/revisions"}],"predecessor-version":[{"id":4570,"href":"https:\/\/www.karinibutiik.ee\/en\/wp-json\/wp\/v2\/pages\/10\/revisions\/4570"}],"wp:attachment":[{"href":"https:\/\/www.karinibutiik.ee\/en\/wp-json\/wp\/v2\/media?parent=10"}],"curies":[{"name":"wp","href":"https:\/\/api.w.org\/{rel}","templated":true}]}}