{"id":14329,"date":"2026-03-15T07:36:07","date_gmt":"2026-03-15T05:36:07","guid":{"rendered":"https:\/\/www.karinibutiik.ee\/?post_type=product&#038;p=14329"},"modified":"2026-04-15T19:00:20","modified_gmt":"2026-04-15T16:00:20","slug":"exclusive-corseted-midi-length-tulle-dress","status":"publish","type":"product","link":"https:\/\/www.karinibutiik.ee\/en\/product-2\/exclusive-corseted-midi-length-tulle-dress\/","title":{"rendered":"Exclusive corseted midi-length tulle dress"},"content":{"rendered":"<p>\"Exclusive corseted midi-length tulle dress - Symbol of Charming Elegance\"<\/p>\n<p>Step out in style and confidence with our exclusive corset midi-length tulle dress, designed to fuse classic elegance and playful timelessness. This unrivalled dress is designed to enhance your most beautiful features and bring out your unique radiance in every situation.<\/p>\n<p>A masterfully crafted corset supports and shapes your body towards perfection while providing all-night comfort. The tulle fabric gently glides over the skin, creating an aura of unforgettable elegance that captures all eyes.<\/p>\n<p>Our exclusive corseted midi-length tulle dress is the perfect choice for special occasions such as galas, weddings or important receptions where you want to look your best. Available in a range of colours and sizes, this dress is designed just for you to make every moment unforgettable and leave an indelible mark on every onlooker.<\/p>\n<p>Get ready to look confident and glamorous in this exclusive corset dress made for you - because true beauty lies in confidence and style.<\/p>","protected":false},"excerpt":{"rendered":"<p>&#8220;Eksklusiivne korsetiga midipikkuses t\u00fcllkleit &#8211; V\u00f5luva Elegantsuse S\u00fcmbol&#8221; Sammu esile stiilselt ja enesekindlalt meie eksklusiivse korsetiga midipikkuses t\u00fcllkleidiga, mis on [&hellip;]<\/p>\n","protected":false},"featured_media":26723,"template":"","meta":{"site-sidebar-layout":"default","site-content-layout":"","ast-site-content-layout":"default","site-content-style":"default","site-sidebar-style":"default","ast-global-header-display":"","ast-banner-title-visibility":"","ast-main-header-display":"","ast-hfb-above-header-display":"","ast-hfb-below-header-display":"","ast-hfb-mobile-header-display":"","site-post-title":"","ast-breadcrumbs-content":"","ast-featured-img":"","footer-sml-layout":"","ast-disable-related-posts":"","theme-transparent-header-meta":"default","adv-header-id-meta":"","stick-header-meta":"default","header-above-stick-meta":"","header-main-stick-meta":"","header-below-stick-meta":"","astra-migrate-meta-layouts":"set","ast-page-background-enabled":"default","ast-page-background-meta":{"desktop":{"background-color":"var(--ast-global-color-4)","background-image":"","background-repeat":"repeat","background-position":"center center","background-size":"auto","background-attachment":"scroll","background-type":"","background-media":"","overlay-type":"","overlay-color":"","overlay-opacity":"","overlay-gradient":""},"tablet":{"background-color":"","background-image":"","background-repeat":"repeat","background-position":"center center","background-size":"auto","background-attachment":"scroll","background-type":"","background-media":"","overlay-type":"","overlay-color":"","overlay-opacity":"","overlay-gradient":""},"mobile":{"background-color":"","background-image":"","background-repeat":"repeat","background-position":"center center","background-size":"auto","background-attachment":"scroll","background-type":"","background-media":"","overlay-type":"","overlay-color":"","overlay-opacity":"","overlay-gradient":""}},"ast-content-background-meta":{"desktop":{"background-color":"var(--ast-global-color-5)","background-image":"","background-repeat":"repeat","background-position":"center center","background-size":"auto","background-attachment":"scroll","background-type":"","background-media":"","overlay-type":"","overlay-color":"","overlay-opacity":"","overlay-gradient":""},"tablet":{"background-color":"var(--ast-global-color-5)","background-image":"","background-repeat":"repeat","background-position":"center center","background-size":"auto","background-attachment":"scroll","background-type":"","background-media":"","overlay-type":"","overlay-color":"","overlay-opacity":"","overlay-gradient":""},"mobile":{"background-color":"var(--ast-global-color-5)","background-image":"","background-repeat":"repeat","background-position":"center center","background-size":"auto","background-attachment":"scroll","background-type":"","background-media":"","overlay-type":"","overlay-color":"","overlay-opacity":"","overlay-gradient":""}}},"product_brand":[],"product_cat":[347,348,349,346,350,380,351],"product_tag":[250,475,1169,1725,476,501,477,485,647,493,1173,90,2625,1593,738,2153,93,2626,495,2627],"class_list":{"0":"post-14329","1":"product","2":"type-product","3":"status-publish","4":"has-post-thumbnail","6":"product_cat-kleidid","7":"product_cat-lopukleidid","8":"product_cat-midikleidid","9":"product_cat-naised","10":"product_cat-pulmakleidid-pruutneitside-kleidid","11":"product_cat-tullkleidid","12":"product_cat-uued-tooted","13":"product_tag-ametlik-sundmus","14":"product_tag-dresshouse","15":"product_tag-elegantne-kleit","16":"product_tag-gala-kleit","17":"product_tag-getdressed","18":"product_tag-karini-butiik","19":"product_tag-kleidibutiik","20":"product_tag-kleidipood","21":"product_tag-kleidipood-tallinnas","22":"product_tag-kleiditurg","23":"product_tag-korsetiga-kleit","24":"product_tag-lopukleit","25":"product_tag-midi-kleit","26":"product_tag-naiste-kleit","27":"product_tag-pidulik-kleit","28":"product_tag-pidulik-mood","29":"product_tag-pulmakleidid","30":"product_tag-pulmakleit-kulalisele","31":"product_tag-tullkleit","32":"product_tag-tullseelik-kleit","33":"desktop-align-center","34":"tablet-align-center","35":"mobile-align-center","36":"ast-product-gallery-layout-horizontal-slider","37":"ast-product-single-variable","38":"ast-product-tabs-layout-horizontal","40":"first","41":"instock","42":"taxable","43":"shipping-taxable","44":"purchasable","45":"product-type-variable"},"supplier_id":null,"supplier_sku":"","barcode":null,"atum_controlled":true,"out_stock_date":null,"out_stock_threshold":null,"inheritable":true,"inbound_stock":0,"stock_on_hold":0,"sold_today":0,"sales_last_days":0,"reserved_stock":0,"customer_returns":0,"warehouse_damage":0,"lost_in_post":0,"other_logs":0,"out_stock_days":0,"lost_sales":0,"has_location":false,"update_date":"2026-03-19T11:58:09","atum_locations":[],"atum_stock_status":"instock","restock_status":false,"low_stock_amount":"","sales_update_date":"2025-12-02T01:20:19","calc_backorders":null,"yoast_head":"<!-- This site is optimized with the Yoast SEO plugin v26.9 - https:\/\/yoast.com\/product\/yoast-seo-wordpress\/ -->\n<title>Eksklusiivne korsetiga midipikkuses t\u00fcllkleit - Karini Butiik<\/title>\n<meta name=\"description\" content=\"V\u00f5luvalt eksklusiivne korsetiga t\u00fcllkleit, mis t\u00e4iustab sinu kaunimaid jooni ja s\u00e4ra. Anna oma stiilile enesekindlus ja elegants!\" \/>\n<meta name=\"robots\" content=\"index, follow, max-snippet:-1, max-image-preview:large, max-video-preview:-1\" \/>\n<link rel=\"canonical\" href=\"https:\/\/www.karinibutiik.ee\/en\/product-2\/exclusive-corseted-midi-length-tulle-dress\/\" \/>\n<meta property=\"og:locale\" content=\"en_GB\" \/>\n<meta property=\"og:type\" content=\"article\" \/>\n<meta property=\"og:title\" content=\"Eksklusiivne korsetiga midipikkuses t\u00fcllkleit - Karini Butiik\" \/>\n<meta property=\"og:description\" content=\"V\u00f5luvalt eksklusiivne korsetiga t\u00fcllkleit, mis t\u00e4iustab sinu kaunimaid jooni ja s\u00e4ra. Anna oma stiilile enesekindlus ja elegants!\" \/>\n<meta property=\"og:url\" content=\"https:\/\/www.karinibutiik.ee\/en\/product-2\/exclusive-corseted-midi-length-tulle-dress\/\" \/>\n<meta property=\"og:site_name\" content=\"Karini Butiik\" \/>\n<meta property=\"article:publisher\" content=\"https:\/\/www.facebook.com\/karinibutiik.ee\" \/>\n<meta property=\"article:modified_time\" content=\"2026-04-15T16:00:20+00:00\" \/>\n<meta property=\"og:image\" content=\"https:\/\/www.karinibutiik.ee\/wp-content\/uploads\/2026\/03\/IMG_6245.png\" \/>\n\t<meta property=\"og:image:width\" content=\"682\" \/>\n\t<meta property=\"og:image:height\" content=\"1022\" \/>\n\t<meta property=\"og:image:type\" content=\"image\/png\" \/>\n<meta name=\"twitter:card\" content=\"summary_large_image\" \/>\n<meta name=\"twitter:label1\" content=\"Availability\" \/>\n\t<meta name=\"twitter:data1\" content=\"In stock\" \/>\n<script type=\"application\/ld+json\" class=\"yoast-schema-graph\">{\"@context\":\"https:\/\/schema.org\",\"@graph\":[{\"@type\":\"WebPage\",\"@id\":\"https:\/\/www.karinibutiik.ee\/toode\/eksklusiivne-korsetiga-midipikkuses-tullkleit\/\",\"url\":\"https:\/\/www.karinibutiik.ee\/toode\/eksklusiivne-korsetiga-midipikkuses-tullkleit\/\",\"name\":\"Eksklusiivne korsetiga midipikkuses t\u00fcllkleit - Karini Butiik\",\"isPartOf\":{\"@id\":\"https:\/\/www.karinibutiik.ee\/#website\"},\"primaryImageOfPage\":{\"@id\":\"https:\/\/www.karinibutiik.ee\/toode\/eksklusiivne-korsetiga-midipikkuses-tullkleit\/#primaryimage\"},\"image\":{\"@id\":\"https:\/\/www.karinibutiik.ee\/toode\/eksklusiivne-korsetiga-midipikkuses-tullkleit\/#primaryimage\"},\"thumbnailUrl\":\"https:\/\/www.karinibutiik.ee\/wp-content\/uploads\/2026\/03\/IMG_6245.png\",\"datePublished\":\"2026-03-15T05:36:07+00:00\",\"dateModified\":\"2026-04-15T16:00:20+00:00\",\"description\":\"V\u00f5luvalt eksklusiivne korsetiga t\u00fcllkleit, mis t\u00e4iustab sinu kaunimaid jooni ja s\u00e4ra. Anna oma stiilile enesekindlus ja elegants!\",\"breadcrumb\":{\"@id\":\"https:\/\/www.karinibutiik.ee\/toode\/eksklusiivne-korsetiga-midipikkuses-tullkleit\/#breadcrumb\"},\"inLanguage\":\"en-GB\",\"potentialAction\":[{\"@type\":\"ReadAction\",\"target\":[\"https:\/\/www.karinibutiik.ee\/toode\/eksklusiivne-korsetiga-midipikkuses-tullkleit\/\"]}]},{\"@type\":\"ImageObject\",\"inLanguage\":\"en-GB\",\"@id\":\"https:\/\/www.karinibutiik.ee\/toode\/eksklusiivne-korsetiga-midipikkuses-tullkleit\/#primaryimage\",\"url\":\"https:\/\/www.karinibutiik.ee\/wp-content\/uploads\/2026\/03\/IMG_6245.png\",\"contentUrl\":\"https:\/\/www.karinibutiik.ee\/wp-content\/uploads\/2026\/03\/IMG_6245.png\",\"width\":682,\"height\":1022,\"caption\":\"Korsetiga t\u00fcllkleit midi pikkuses elegantne pidulik kleit naistele.\"},{\"@type\":\"BreadcrumbList\",\"@id\":\"https:\/\/www.karinibutiik.ee\/toode\/eksklusiivne-korsetiga-midipikkuses-tullkleit\/#breadcrumb\",\"itemListElement\":[{\"@type\":\"ListItem\",\"position\":1,\"name\":\"Home\",\"item\":\"https:\/\/www.karinibutiik.ee\/\"},{\"@type\":\"ListItem\",\"position\":2,\"name\":\"Pood\",\"item\":\"https:\/\/www.karinibutiik.ee\/pood\/\"},{\"@type\":\"ListItem\",\"position\":3,\"name\":\"Eksklusiivne korsetiga midipikkuses t\u00fcllkleit\"}]},{\"@type\":\"WebSite\",\"@id\":\"https:\/\/www.karinibutiik.ee\/#website\",\"url\":\"https:\/\/www.karinibutiik.ee\/\",\"name\":\"Karini Butiik\",\"description\":\"\",\"publisher\":{\"@id\":\"https:\/\/www.karinibutiik.ee\/#organization\"},\"potentialAction\":[{\"@type\":\"SearchAction\",\"target\":{\"@type\":\"EntryPoint\",\"urlTemplate\":\"https:\/\/www.karinibutiik.ee\/?s={search_term_string}\"},\"query-input\":{\"@type\":\"PropertyValueSpecification\",\"valueRequired\":true,\"valueName\":\"search_term_string\"}}],\"inLanguage\":\"en-GB\"},{\"@type\":\"Organization\",\"@id\":\"https:\/\/www.karinibutiik.ee\/#organization\",\"name\":\"Karini Butiik\",\"url\":\"https:\/\/www.karinibutiik.ee\/\",\"logo\":{\"@type\":\"ImageObject\",\"inLanguage\":\"en-GB\",\"@id\":\"https:\/\/www.karinibutiik.ee\/#\/schema\/logo\/image\/\",\"url\":\"https:\/\/www.karinibutiik.ee\/wp-content\/uploads\/2024\/10\/Kuj.-K-koopia.png\",\"contentUrl\":\"https:\/\/www.karinibutiik.ee\/wp-content\/uploads\/2024\/10\/Kuj.-K-koopia.png\",\"width\":500,\"height\":500,\"caption\":\"Karini Butiik\"},\"image\":{\"@id\":\"https:\/\/www.karinibutiik.ee\/#\/schema\/logo\/image\/\"},\"sameAs\":[\"https:\/\/www.facebook.com\/karinibutiik.ee\",\"https:\/\/www.instagram.com\/karinibutiik\"]}]}<\/script>\n<meta property=\"og:availability\" content=\"instock\" \/>\n<meta property=\"product:availability\" content=\"instock\" \/>\n<meta property=\"product:retailer_item_id\" content=\"1807\" \/>\n<meta property=\"product:condition\" content=\"new\" \/>\n<!-- \/ Yoast SEO plugin. -->","yoast_head_json":{"title":"Exclusive corseted midi-length tulle dress - Karini Butiik","description":"A charmingly exclusive corseted tulle dress to enhance your most beautiful features and glow. Add confidence and elegance to your style!","robots":{"index":"index","follow":"follow","max-snippet":"max-snippet:-1","max-image-preview":"max-image-preview:large","max-video-preview":"max-video-preview:-1"},"canonical":"https:\/\/www.karinibutiik.ee\/en\/product-2\/exclusive-corseted-midi-length-tulle-dress\/","og_locale":"en_GB","og_type":"article","og_title":"Eksklusiivne korsetiga midipikkuses t\u00fcllkleit - Karini Butiik","og_description":"V\u00f5luvalt eksklusiivne korsetiga t\u00fcllkleit, mis t\u00e4iustab sinu kaunimaid jooni ja s\u00e4ra. Anna oma stiilile enesekindlus ja elegants!","og_url":"https:\/\/www.karinibutiik.ee\/en\/product-2\/exclusive-corseted-midi-length-tulle-dress\/","og_site_name":"Karini Butiik","article_publisher":"https:\/\/www.facebook.com\/karinibutiik.ee","article_modified_time":"2026-04-15T16:00:20+00:00","og_image":[{"width":682,"height":1022,"url":"https:\/\/www.karinibutiik.ee\/wp-content\/uploads\/2026\/03\/IMG_6245.png","type":"image\/png"}],"twitter_card":"summary_large_image","twitter_misc":{"Availability":"In stock"},"schema":{"@context":"https:\/\/schema.org","@graph":[{"@type":"WebPage","@id":"https:\/\/www.karinibutiik.ee\/toode\/eksklusiivne-korsetiga-midipikkuses-tullkleit\/","url":"https:\/\/www.karinibutiik.ee\/toode\/eksklusiivne-korsetiga-midipikkuses-tullkleit\/","name":"Exclusive corseted midi-length tulle dress - Karini Butiik","isPartOf":{"@id":"https:\/\/www.karinibutiik.ee\/#website"},"primaryImageOfPage":{"@id":"https:\/\/www.karinibutiik.ee\/toode\/eksklusiivne-korsetiga-midipikkuses-tullkleit\/#primaryimage"},"image":{"@id":"https:\/\/www.karinibutiik.ee\/toode\/eksklusiivne-korsetiga-midipikkuses-tullkleit\/#primaryimage"},"thumbnailUrl":"https:\/\/www.karinibutiik.ee\/wp-content\/uploads\/2026\/03\/IMG_6245.png","datePublished":"2026-03-15T05:36:07+00:00","dateModified":"2026-04-15T16:00:20+00:00","description":"A charmingly exclusive corseted tulle dress to enhance your most beautiful features and glow. Add confidence and elegance to your style!","breadcrumb":{"@id":"https:\/\/www.karinibutiik.ee\/toode\/eksklusiivne-korsetiga-midipikkuses-tullkleit\/#breadcrumb"},"inLanguage":"en-GB","potentialAction":[{"@type":"ReadAction","target":["https:\/\/www.karinibutiik.ee\/toode\/eksklusiivne-korsetiga-midipikkuses-tullkleit\/"]}]},{"@type":"ImageObject","inLanguage":"en-GB","@id":"https:\/\/www.karinibutiik.ee\/toode\/eksklusiivne-korsetiga-midipikkuses-tullkleit\/#primaryimage","url":"https:\/\/www.karinibutiik.ee\/wp-content\/uploads\/2026\/03\/IMG_6245.png","contentUrl":"https:\/\/www.karinibutiik.ee\/wp-content\/uploads\/2026\/03\/IMG_6245.png","width":682,"height":1022,"caption":"Korsetiga t\u00fcllkleit midi pikkuses elegantne pidulik kleit naistele."},{"@type":"BreadcrumbList","@id":"https:\/\/www.karinibutiik.ee\/toode\/eksklusiivne-korsetiga-midipikkuses-tullkleit\/#breadcrumb","itemListElement":[{"@type":"ListItem","position":1,"name":"Home","item":"https:\/\/www.karinibutiik.ee\/"},{"@type":"ListItem","position":2,"name":"Pood","item":"https:\/\/www.karinibutiik.ee\/pood\/"},{"@type":"ListItem","position":3,"name":"Eksklusiivne korsetiga midipikkuses t\u00fcllkleit"}]},{"@type":"WebSite","@id":"https:\/\/www.karinibutiik.ee\/#website","url":"https:\/\/www.karinibutiik.ee\/","name":"Karini Butiik","description":"","publisher":{"@id":"https:\/\/www.karinibutiik.ee\/#organization"},"potentialAction":[{"@type":"SearchAction","target":{"@type":"EntryPoint","urlTemplate":"https:\/\/www.karinibutiik.ee\/?s={search_term_string}"},"query-input":{"@type":"PropertyValueSpecification","valueRequired":true,"valueName":"search_term_string"}}],"inLanguage":"en-GB"},{"@type":"Organization","@id":"https:\/\/www.karinibutiik.ee\/#organization","name":"Karini Butiik","url":"https:\/\/www.karinibutiik.ee\/","logo":{"@type":"ImageObject","inLanguage":"en-GB","@id":"https:\/\/www.karinibutiik.ee\/#\/schema\/logo\/image\/","url":"https:\/\/www.karinibutiik.ee\/wp-content\/uploads\/2024\/10\/Kuj.-K-koopia.png","contentUrl":"https:\/\/www.karinibutiik.ee\/wp-content\/uploads\/2024\/10\/Kuj.-K-koopia.png","width":500,"height":500,"caption":"Karini Butiik"},"image":{"@id":"https:\/\/www.karinibutiik.ee\/#\/schema\/logo\/image\/"},"sameAs":["https:\/\/www.facebook.com\/karinibutiik.ee","https:\/\/www.instagram.com\/karinibutiik"]}]},"og_availability":"instock","product_availability":"instock","product_retailer_item_id":"1807","product_condition":"new"},"_links":{"self":[{"href":"https:\/\/www.karinibutiik.ee\/en\/wp-json\/wp\/v2\/product\/14329","targetHints":{"allow":["GET"]}}],"collection":[{"href":"https:\/\/www.karinibutiik.ee\/en\/wp-json\/wp\/v2\/product"}],"about":[{"href":"https:\/\/www.karinibutiik.ee\/en\/wp-json\/wp\/v2\/types\/product"}],"version-history":[{"count":1,"href":"https:\/\/www.karinibutiik.ee\/en\/wp-json\/wp\/v2\/product\/14329\/revisions"}],"predecessor-version":[{"id":14338,"href":"https:\/\/www.karinibutiik.ee\/en\/wp-json\/wp\/v2\/product\/14329\/revisions\/14338"}],"wp:featuredmedia":[{"embeddable":true,"href":"https:\/\/www.karinibutiik.ee\/en\/wp-json\/wp\/v2\/media\/26723"}],"wp:attachment":[{"href":"https:\/\/www.karinibutiik.ee\/en\/wp-json\/wp\/v2\/media?parent=14329"}],"wp:term":[{"taxonomy":"product_brand","embeddable":true,"href":"https:\/\/www.karinibutiik.ee\/en\/wp-json\/wp\/v2\/product_brand?post=14329"},{"taxonomy":"product_cat","embeddable":true,"href":"https:\/\/www.karinibutiik.ee\/en\/wp-json\/wp\/v2\/product_cat?post=14329"},{"taxonomy":"product_tag","embeddable":true,"href":"https:\/\/www.karinibutiik.ee\/en\/wp-json\/wp\/v2\/product_tag?post=14329"}],"curies":[{"name":"wp","href":"https:\/\/api.w.org\/{rel}","templated":true}]}}