{"id":15193,"date":"2025-01-07T13:26:54","date_gmt":"2025-01-07T13:26:54","guid":{"rendered":"https:\/\/www.karinibutiik.ee\/?post_type=product&#038;p=15193"},"modified":"2026-01-31T13:54:00","modified_gmt":"2026-01-31T11:54:00","slug":"corseted-tulle-dress","status":"publish","type":"product","link":"https:\/\/www.karinibutiik.ee\/en\/product-2\/corseted-tulle-dress\/","title":{"rendered":"Corseted tulle dress"},"content":{"rendered":"<p>The corseted tulle dress is an elegant and romantic choice, perfect for a special occasion or a formal evening. The dress is designed with a combination of ribbons at the back and a clasp, offering both beauty and practicality. The ribbon fastening at the back allows the corset to be tailored exactly to your body, ensuring a perfect fit and maximum comfort.<\/p>\n<p>The tulle material adds airiness and a slight flounce to the dress, giving the wearer a fairytale look. The set also includes detachable shoulder straps, giving the option to wear the dress with or without shoulder straps, depending on the style and comfort desired. The fastening of the clasp on the back makes it quick and easy to put the dress on.<\/p>\n<p>This corseted tulle dress is the perfect choice if you want to look chic and feminine, accentuating your figure and adding a luxurious touch to your outfit.<\/p>","protected":false},"excerpt":{"rendered":"<p>Korsetiga t\u00fcllkleit on elegantne ja romantiline valik, mis sobib suurep\u00e4raselt eriliseks s\u00fcndmuseks v\u00f5i pidulikuks \u00f5htuks. Kleit on disainitud seljaosa paelte [&hellip;]<\/p>\n","protected":false},"featured_media":15195,"template":"","meta":{"site-sidebar-layout":"default","site-content-layout":"","ast-site-content-layout":"default","site-content-style":"default","site-sidebar-style":"default","ast-global-header-display":"","ast-banner-title-visibility":"","ast-main-header-display":"","ast-hfb-above-header-display":"","ast-hfb-below-header-display":"","ast-hfb-mobile-header-display":"","site-post-title":"","ast-breadcrumbs-content":"","ast-featured-img":"","footer-sml-layout":"","ast-disable-related-posts":"","theme-transparent-header-meta":"default","adv-header-id-meta":"","stick-header-meta":"default","header-above-stick-meta":"","header-main-stick-meta":"","header-below-stick-meta":"","astra-migrate-meta-layouts":"set","ast-page-background-enabled":"default","ast-page-background-meta":{"desktop":{"background-color":"var(--ast-global-color-4)","background-image":"","background-repeat":"repeat","background-position":"center center","background-size":"auto","background-attachment":"scroll","background-type":"","background-media":"","overlay-type":"","overlay-color":"","overlay-opacity":"","overlay-gradient":""},"tablet":{"background-color":"","background-image":"","background-repeat":"repeat","background-position":"center center","background-size":"auto","background-attachment":"scroll","background-type":"","background-media":"","overlay-type":"","overlay-color":"","overlay-opacity":"","overlay-gradient":""},"mobile":{"background-color":"","background-image":"","background-repeat":"repeat","background-position":"center center","background-size":"auto","background-attachment":"scroll","background-type":"","background-media":"","overlay-type":"","overlay-color":"","overlay-opacity":"","overlay-gradient":""}},"ast-content-background-meta":{"desktop":{"background-color":"var(--ast-global-color-5)","background-image":"","background-repeat":"repeat","background-position":"center center","background-size":"auto","background-attachment":"scroll","background-type":"","background-media":"","overlay-type":"","overlay-color":"","overlay-opacity":"","overlay-gradient":""},"tablet":{"background-color":"var(--ast-global-color-5)","background-image":"","background-repeat":"repeat","background-position":"center center","background-size":"auto","background-attachment":"scroll","background-type":"","background-media":"","overlay-type":"","overlay-color":"","overlay-opacity":"","overlay-gradient":""},"mobile":{"background-color":"var(--ast-global-color-5)","background-image":"","background-repeat":"repeat","background-position":"center center","background-size":"auto","background-attachment":"scroll","background-type":"","background-media":"","overlay-type":"","overlay-color":"","overlay-opacity":"","overlay-gradient":""}}},"product_brand":[],"product_cat":[367,347,348,357,346,380],"product_tag":[250,488,502,475,248,476,499,501,477,270,485,493,91,90,486,109,92,93,247,511,510,110],"class_list":{"0":"post-15193","1":"product","2":"type-product","3":"status-publish","4":"has-post-thumbnail","6":"product_cat-allahindlus","7":"product_cat-kleidid","8":"product_cat-lopukleidid","9":"product_cat-maksikleidid","10":"product_cat-naised","11":"product_cat-tullkleidid","12":"product_tag-ametlik-sundmus","13":"product_tag-ballikleit","14":"product_tag-butiik-tallinas","15":"product_tag-dresshouse","16":"product_tag-elegants","17":"product_tag-getdressed","18":"product_tag-holmikkleit","19":"product_tag-karini-butiik","20":"product_tag-kleidibutiik","21":"product_tag-kleidid","22":"product_tag-kleidipood","23":"product_tag-kleiditurg","24":"product_tag-koolilopukleit","25":"product_tag-lopukleit","26":"product_tag-maksikleidid","27":"product_tag-maksikleit","28":"product_tag-pidulikud-kleidid","29":"product_tag-pulmakleidid","30":"product_tag-stiilne","31":"product_tag-tull","32":"product_tag-tullmaksikleit","33":"product_tag-varrukatega-maksikleit","34":"desktop-align-center","35":"tablet-align-center","36":"mobile-align-center","37":"ast-product-gallery-layout-horizontal-slider","38":"ast-product-single-variable","39":"ast-product-tabs-layout-horizontal","41":"first","42":"instock","43":"sale","44":"taxable","45":"shipping-taxable","46":"purchasable","47":"product-type-variable"},"supplier_id":null,"supplier_sku":"","barcode":null,"atum_controlled":true,"out_stock_date":null,"out_stock_threshold":null,"inheritable":true,"inbound_stock":0,"stock_on_hold":0,"sold_today":0,"sales_last_days":0,"reserved_stock":0,"customer_returns":0,"warehouse_damage":0,"lost_in_post":0,"other_logs":0,"out_stock_days":0,"lost_sales":0,"has_location":false,"update_date":"2025-12-03T01:20:06","atum_locations":[],"atum_stock_status":"instock","restock_status":false,"low_stock_amount":"","sales_update_date":"2025-12-03T01:20:06","calc_backorders":null,"yoast_head":"<!-- This site is optimized with the Yoast SEO plugin v26.9 - https:\/\/yoast.com\/product\/yoast-seo-wordpress\/ -->\n<title>Korsetiga t\u00fc\u00fclkleit - Karini Butiik<\/title>\n<meta name=\"description\" content=\"Unusta stress ja leia unistuste kleit - meie korsetiga t\u00fcllkleit. Kerge vol\u00fc\u00fcmi lisav t\u00fcllmaterjal muudab sind muinasjutuliseks!\ud83d\ude0d\" \/>\n<meta name=\"robots\" content=\"index, follow, max-snippet:-1, max-image-preview:large, max-video-preview:-1\" \/>\n<link rel=\"canonical\" href=\"https:\/\/www.karinibutiik.ee\/en\/product-2\/corseted-tulle-dress\/\" \/>\n<meta property=\"og:locale\" content=\"en_GB\" \/>\n<meta property=\"og:type\" content=\"article\" \/>\n<meta property=\"og:title\" content=\"Korsetiga t\u00fc\u00fclkleit - Karini Butiik\" \/>\n<meta property=\"og:description\" content=\"Unusta stress ja leia unistuste kleit - meie korsetiga t\u00fcllkleit. Kerge vol\u00fc\u00fcmi lisav t\u00fcllmaterjal muudab sind muinasjutuliseks!\ud83d\ude0d\" \/>\n<meta property=\"og:url\" content=\"https:\/\/www.karinibutiik.ee\/en\/product-2\/corseted-tulle-dress\/\" \/>\n<meta property=\"og:site_name\" content=\"Karini Butiik\" \/>\n<meta property=\"article:publisher\" content=\"https:\/\/www.facebook.com\/karinibutiik.ee\" \/>\n<meta property=\"article:modified_time\" content=\"2026-01-31T11:54:00+00:00\" \/>\n<meta property=\"og:image\" content=\"https:\/\/www.karinibutiik.ee\/wp-content\/uploads\/2024\/06\/240604_Karini_Butiik_Erlend_Staub_48-scaled.jpeg\" \/>\n\t<meta property=\"og:image:width\" content=\"2048\" \/>\n\t<meta property=\"og:image:height\" content=\"2560\" \/>\n\t<meta property=\"og:image:type\" content=\"image\/jpeg\" \/>\n<meta name=\"twitter:card\" content=\"summary_large_image\" \/>\n<meta name=\"twitter:label1\" content=\"Availability\" \/>\n\t<meta name=\"twitter:data1\" content=\"In stock\" \/>\n<script type=\"application\/ld+json\" class=\"yoast-schema-graph\">{\"@context\":\"https:\/\/schema.org\",\"@graph\":[{\"@type\":\"WebPage\",\"@id\":\"https:\/\/www.karinibutiik.ee\/toode\/korsetiga-tuulkleit\/\",\"url\":\"https:\/\/www.karinibutiik.ee\/toode\/korsetiga-tuulkleit\/\",\"name\":\"Korsetiga t\u00fc\u00fclkleit - Karini Butiik\",\"isPartOf\":{\"@id\":\"https:\/\/www.karinibutiik.ee\/#website\"},\"primaryImageOfPage\":{\"@id\":\"https:\/\/www.karinibutiik.ee\/toode\/korsetiga-tuulkleit\/#primaryimage\"},\"image\":{\"@id\":\"https:\/\/www.karinibutiik.ee\/toode\/korsetiga-tuulkleit\/#primaryimage\"},\"thumbnailUrl\":\"https:\/\/www.karinibutiik.ee\/wp-content\/uploads\/2024\/06\/240604_Karini_Butiik_Erlend_Staub_48-scaled.jpeg\",\"datePublished\":\"2025-01-07T13:26:54+00:00\",\"dateModified\":\"2026-01-31T11:54:00+00:00\",\"description\":\"Unusta stress ja leia unistuste kleit - meie korsetiga t\u00fcllkleit. Kerge vol\u00fc\u00fcmi lisav t\u00fcllmaterjal muudab sind muinasjutuliseks!\ud83d\ude0d\",\"breadcrumb\":{\"@id\":\"https:\/\/www.karinibutiik.ee\/toode\/korsetiga-tuulkleit\/#breadcrumb\"},\"inLanguage\":\"en-GB\",\"potentialAction\":[{\"@type\":\"ReadAction\",\"target\":[\"https:\/\/www.karinibutiik.ee\/toode\/korsetiga-tuulkleit\/\"]}]},{\"@type\":\"ImageObject\",\"inLanguage\":\"en-GB\",\"@id\":\"https:\/\/www.karinibutiik.ee\/toode\/korsetiga-tuulkleit\/#primaryimage\",\"url\":\"https:\/\/www.karinibutiik.ee\/wp-content\/uploads\/2024\/06\/240604_Karini_Butiik_Erlend_Staub_48-scaled.jpeg\",\"contentUrl\":\"https:\/\/www.karinibutiik.ee\/wp-content\/uploads\/2024\/06\/240604_Karini_Butiik_Erlend_Staub_48-scaled.jpeg\",\"width\":2048,\"height\":2560},{\"@type\":\"BreadcrumbList\",\"@id\":\"https:\/\/www.karinibutiik.ee\/toode\/korsetiga-tuulkleit\/#breadcrumb\",\"itemListElement\":[{\"@type\":\"ListItem\",\"position\":1,\"name\":\"Home\",\"item\":\"https:\/\/www.karinibutiik.ee\/\"},{\"@type\":\"ListItem\",\"position\":2,\"name\":\"Pood\",\"item\":\"https:\/\/www.karinibutiik.ee\/pood\/\"},{\"@type\":\"ListItem\",\"position\":3,\"name\":\"Korsetiga t\u00fc\u00fclkleit\"}]},{\"@type\":\"WebSite\",\"@id\":\"https:\/\/www.karinibutiik.ee\/#website\",\"url\":\"https:\/\/www.karinibutiik.ee\/\",\"name\":\"Karini Butiik\",\"description\":\"\",\"publisher\":{\"@id\":\"https:\/\/www.karinibutiik.ee\/#organization\"},\"potentialAction\":[{\"@type\":\"SearchAction\",\"target\":{\"@type\":\"EntryPoint\",\"urlTemplate\":\"https:\/\/www.karinibutiik.ee\/?s={search_term_string}\"},\"query-input\":{\"@type\":\"PropertyValueSpecification\",\"valueRequired\":true,\"valueName\":\"search_term_string\"}}],\"inLanguage\":\"en-GB\"},{\"@type\":\"Organization\",\"@id\":\"https:\/\/www.karinibutiik.ee\/#organization\",\"name\":\"Karini Butiik\",\"url\":\"https:\/\/www.karinibutiik.ee\/\",\"logo\":{\"@type\":\"ImageObject\",\"inLanguage\":\"en-GB\",\"@id\":\"https:\/\/www.karinibutiik.ee\/#\/schema\/logo\/image\/\",\"url\":\"https:\/\/www.karinibutiik.ee\/wp-content\/uploads\/2024\/10\/Kuj.-K-koopia.png\",\"contentUrl\":\"https:\/\/www.karinibutiik.ee\/wp-content\/uploads\/2024\/10\/Kuj.-K-koopia.png\",\"width\":500,\"height\":500,\"caption\":\"Karini Butiik\"},\"image\":{\"@id\":\"https:\/\/www.karinibutiik.ee\/#\/schema\/logo\/image\/\"},\"sameAs\":[\"https:\/\/www.facebook.com\/karinibutiik.ee\",\"https:\/\/www.instagram.com\/karinibutiik\"]}]}<\/script>\n<meta property=\"og:availability\" content=\"instock\" \/>\n<meta property=\"product:availability\" content=\"instock\" \/>\n<meta property=\"product:retailer_item_id\" content=\"68072\" \/>\n<meta property=\"product:condition\" content=\"new\" \/>\n<!-- \/ Yoast SEO plugin. -->","yoast_head_json":{"title":"Corset style dress - Karini Butiik","description":"Forget the stress and find the dress of your dreams - our corset tulle dress. The tulle material adds a slight volumising touch and will make you feel like a fairytale!\ud83d\ude0d","robots":{"index":"index","follow":"follow","max-snippet":"max-snippet:-1","max-image-preview":"max-image-preview:large","max-video-preview":"max-video-preview:-1"},"canonical":"https:\/\/www.karinibutiik.ee\/en\/product-2\/corseted-tulle-dress\/","og_locale":"en_GB","og_type":"article","og_title":"Korsetiga t\u00fc\u00fclkleit - Karini Butiik","og_description":"Unusta stress ja leia unistuste kleit - meie korsetiga t\u00fcllkleit. Kerge vol\u00fc\u00fcmi lisav t\u00fcllmaterjal muudab sind muinasjutuliseks!\ud83d\ude0d","og_url":"https:\/\/www.karinibutiik.ee\/en\/product-2\/corseted-tulle-dress\/","og_site_name":"Karini Butiik","article_publisher":"https:\/\/www.facebook.com\/karinibutiik.ee","article_modified_time":"2026-01-31T11:54:00+00:00","og_image":[{"width":2048,"height":2560,"url":"https:\/\/www.karinibutiik.ee\/wp-content\/uploads\/2024\/06\/240604_Karini_Butiik_Erlend_Staub_48-scaled.jpeg","type":"image\/jpeg"}],"twitter_card":"summary_large_image","twitter_misc":{"Availability":"In stock"},"schema":{"@context":"https:\/\/schema.org","@graph":[{"@type":"WebPage","@id":"https:\/\/www.karinibutiik.ee\/toode\/korsetiga-tuulkleit\/","url":"https:\/\/www.karinibutiik.ee\/toode\/korsetiga-tuulkleit\/","name":"Corset style dress - Karini Butiik","isPartOf":{"@id":"https:\/\/www.karinibutiik.ee\/#website"},"primaryImageOfPage":{"@id":"https:\/\/www.karinibutiik.ee\/toode\/korsetiga-tuulkleit\/#primaryimage"},"image":{"@id":"https:\/\/www.karinibutiik.ee\/toode\/korsetiga-tuulkleit\/#primaryimage"},"thumbnailUrl":"https:\/\/www.karinibutiik.ee\/wp-content\/uploads\/2024\/06\/240604_Karini_Butiik_Erlend_Staub_48-scaled.jpeg","datePublished":"2025-01-07T13:26:54+00:00","dateModified":"2026-01-31T11:54:00+00:00","description":"Forget the stress and find the dress of your dreams - our corset tulle dress. The tulle material adds a slight volumising touch and will make you feel like a fairytale!\ud83d\ude0d","breadcrumb":{"@id":"https:\/\/www.karinibutiik.ee\/toode\/korsetiga-tuulkleit\/#breadcrumb"},"inLanguage":"en-GB","potentialAction":[{"@type":"ReadAction","target":["https:\/\/www.karinibutiik.ee\/toode\/korsetiga-tuulkleit\/"]}]},{"@type":"ImageObject","inLanguage":"en-GB","@id":"https:\/\/www.karinibutiik.ee\/toode\/korsetiga-tuulkleit\/#primaryimage","url":"https:\/\/www.karinibutiik.ee\/wp-content\/uploads\/2024\/06\/240604_Karini_Butiik_Erlend_Staub_48-scaled.jpeg","contentUrl":"https:\/\/www.karinibutiik.ee\/wp-content\/uploads\/2024\/06\/240604_Karini_Butiik_Erlend_Staub_48-scaled.jpeg","width":2048,"height":2560},{"@type":"BreadcrumbList","@id":"https:\/\/www.karinibutiik.ee\/toode\/korsetiga-tuulkleit\/#breadcrumb","itemListElement":[{"@type":"ListItem","position":1,"name":"Home","item":"https:\/\/www.karinibutiik.ee\/"},{"@type":"ListItem","position":2,"name":"Pood","item":"https:\/\/www.karinibutiik.ee\/pood\/"},{"@type":"ListItem","position":3,"name":"Korsetiga t\u00fc\u00fclkleit"}]},{"@type":"WebSite","@id":"https:\/\/www.karinibutiik.ee\/#website","url":"https:\/\/www.karinibutiik.ee\/","name":"Karini Butiik","description":"","publisher":{"@id":"https:\/\/www.karinibutiik.ee\/#organization"},"potentialAction":[{"@type":"SearchAction","target":{"@type":"EntryPoint","urlTemplate":"https:\/\/www.karinibutiik.ee\/?s={search_term_string}"},"query-input":{"@type":"PropertyValueSpecification","valueRequired":true,"valueName":"search_term_string"}}],"inLanguage":"en-GB"},{"@type":"Organization","@id":"https:\/\/www.karinibutiik.ee\/#organization","name":"Karini Butiik","url":"https:\/\/www.karinibutiik.ee\/","logo":{"@type":"ImageObject","inLanguage":"en-GB","@id":"https:\/\/www.karinibutiik.ee\/#\/schema\/logo\/image\/","url":"https:\/\/www.karinibutiik.ee\/wp-content\/uploads\/2024\/10\/Kuj.-K-koopia.png","contentUrl":"https:\/\/www.karinibutiik.ee\/wp-content\/uploads\/2024\/10\/Kuj.-K-koopia.png","width":500,"height":500,"caption":"Karini Butiik"},"image":{"@id":"https:\/\/www.karinibutiik.ee\/#\/schema\/logo\/image\/"},"sameAs":["https:\/\/www.facebook.com\/karinibutiik.ee","https:\/\/www.instagram.com\/karinibutiik"]}]},"og_availability":"instock","product_availability":"instock","product_retailer_item_id":"68072","product_condition":"new"},"_links":{"self":[{"href":"https:\/\/www.karinibutiik.ee\/en\/wp-json\/wp\/v2\/product\/15193","targetHints":{"allow":["GET"]}}],"collection":[{"href":"https:\/\/www.karinibutiik.ee\/en\/wp-json\/wp\/v2\/product"}],"about":[{"href":"https:\/\/www.karinibutiik.ee\/en\/wp-json\/wp\/v2\/types\/product"}],"version-history":[{"count":2,"href":"https:\/\/www.karinibutiik.ee\/en\/wp-json\/wp\/v2\/product\/15193\/revisions"}],"predecessor-version":[{"id":15200,"href":"https:\/\/www.karinibutiik.ee\/en\/wp-json\/wp\/v2\/product\/15193\/revisions\/15200"}],"wp:featuredmedia":[{"embeddable":true,"href":"https:\/\/www.karinibutiik.ee\/en\/wp-json\/wp\/v2\/media\/15195"}],"wp:attachment":[{"href":"https:\/\/www.karinibutiik.ee\/en\/wp-json\/wp\/v2\/media?parent=15193"}],"wp:term":[{"taxonomy":"product_brand","embeddable":true,"href":"https:\/\/www.karinibutiik.ee\/en\/wp-json\/wp\/v2\/product_brand?post=15193"},{"taxonomy":"product_cat","embeddable":true,"href":"https:\/\/www.karinibutiik.ee\/en\/wp-json\/wp\/v2\/product_cat?post=15193"},{"taxonomy":"product_tag","embeddable":true,"href":"https:\/\/www.karinibutiik.ee\/en\/wp-json\/wp\/v2\/product_tag?post=15193"}],"curies":[{"name":"wp","href":"https:\/\/api.w.org\/{rel}","templated":true}]}}