{"id":15285,"date":"2024-12-10T08:46:18","date_gmt":"2024-12-10T08:46:18","guid":{"rendered":"https:\/\/www.karinibutiik.ee\/?post_type=product&#038;p=15285"},"modified":"2026-03-17T17:33:03","modified_gmt":"2026-03-17T15:33:03","slug":"tulle-festive-liver-dress","status":"publish","type":"product","link":"https:\/\/www.karinibutiik.ee\/en\/product-2\/tulle-festive-liver-dress\/","title":{"rendered":"TULLE FESTIVE LEISURE DRESS IN TULLE FABRIC"},"content":{"rendered":"<p><strong>A unique and elegant choice for any special occasion<\/strong><\/p>\n<p>Introducing our tulle formal maxi dress, designed to enhance your beauty and elegance at any important event. This dress is the perfect choice for weddings, proms and gala evenings, offering a luxurious look and comfort.<\/p>\n<p>Main features:<\/p>\n<ul>\n<li><strong>Material from<\/strong>: A light and airy tulle fabric that creates a dreamy and romantic look.<\/li>\n<li><strong>Design<\/strong>: A flowing length that adds grace and elegance to every step. Eye-catching shoulder embellishments.<\/li>\n<li><strong>Eligibility<\/strong>: Available in a range of sizes to ensure a perfect fit for every body type.<\/li>\n<li><strong>Colour options<\/strong>: A wide range of colours to find just the right shade to suit your taste and the theme of the event.<\/li>\n<\/ul>","protected":false},"excerpt":{"rendered":"<p>Unikaalne ja elegantne valik iga erilise s\u00fcndmuse jaoks Tutvustame meie t\u00fcllkangast pidulikku maksikleiti, mis on loodud r\u00f5hutama sinu ilu ja [&hellip;]<\/p>\n","protected":false},"featured_media":15291,"template":"","meta":{"site-sidebar-layout":"default","site-content-layout":"","ast-site-content-layout":"default","site-content-style":"default","site-sidebar-style":"default","ast-global-header-display":"","ast-banner-title-visibility":"","ast-main-header-display":"","ast-hfb-above-header-display":"","ast-hfb-below-header-display":"","ast-hfb-mobile-header-display":"","site-post-title":"","ast-breadcrumbs-content":"","ast-featured-img":"","footer-sml-layout":"","ast-disable-related-posts":"","theme-transparent-header-meta":"default","adv-header-id-meta":"","stick-header-meta":"default","header-above-stick-meta":"","header-main-stick-meta":"","header-below-stick-meta":"","astra-migrate-meta-layouts":"set","ast-page-background-enabled":"default","ast-page-background-meta":{"desktop":{"background-color":"var(--ast-global-color-4)","background-image":"","background-repeat":"repeat","background-position":"center center","background-size":"auto","background-attachment":"scroll","background-type":"","background-media":"","overlay-type":"","overlay-color":"","overlay-opacity":"","overlay-gradient":""},"tablet":{"background-color":"","background-image":"","background-repeat":"repeat","background-position":"center center","background-size":"auto","background-attachment":"scroll","background-type":"","background-media":"","overlay-type":"","overlay-color":"","overlay-opacity":"","overlay-gradient":""},"mobile":{"background-color":"","background-image":"","background-repeat":"repeat","background-position":"center center","background-size":"auto","background-attachment":"scroll","background-type":"","background-media":"","overlay-type":"","overlay-color":"","overlay-opacity":"","overlay-gradient":""}},"ast-content-background-meta":{"desktop":{"background-color":"var(--ast-global-color-5)","background-image":"","background-repeat":"repeat","background-position":"center center","background-size":"auto","background-attachment":"scroll","background-type":"","background-media":"","overlay-type":"","overlay-color":"","overlay-opacity":"","overlay-gradient":""},"tablet":{"background-color":"var(--ast-global-color-5)","background-image":"","background-repeat":"repeat","background-position":"center center","background-size":"auto","background-attachment":"scroll","background-type":"","background-media":"","overlay-type":"","overlay-color":"","overlay-opacity":"","overlay-gradient":""},"mobile":{"background-color":"var(--ast-global-color-5)","background-image":"","background-repeat":"repeat","background-position":"center center","background-size":"auto","background-attachment":"scroll","background-type":"","background-media":"","overlay-type":"","overlay-color":"","overlay-opacity":"","overlay-gradient":""}}},"product_brand":[],"product_cat":[346,350,357,348,380],"product_tag":[488,475,476,501,477,270,485,91,486,92,494,495],"class_list":{"0":"post-15285","1":"product","2":"type-product","3":"status-publish","4":"has-post-thumbnail","6":"product_cat-naised","7":"product_cat-pulmakleidid-pruutneitside-kleidid","8":"product_cat-maksikleidid","9":"product_cat-lopukleidid","10":"product_cat-tullkleidid","11":"product_tag-ballikleit","12":"product_tag-dresshouse","13":"product_tag-getdressed","14":"product_tag-karini-butiik","15":"product_tag-kleidibutiik","16":"product_tag-kleidid","17":"product_tag-kleidipood","18":"product_tag-koolilopukleit","19":"product_tag-maksikleidid","20":"product_tag-pidulikud-kleidid","21":"product_tag-pruutneitside-kleidid","22":"product_tag-tullkleit","23":"desktop-align-center","24":"tablet-align-center","25":"mobile-align-center","26":"ast-product-gallery-layout-horizontal-slider","27":"ast-product-single-variable","28":"ast-product-tabs-layout-horizontal","30":"first","31":"outofstock","32":"taxable","33":"shipping-taxable","34":"product-type-variable"},"supplier_id":null,"supplier_sku":"","barcode":null,"atum_controlled":true,"out_stock_date":null,"out_stock_threshold":null,"inheritable":true,"inbound_stock":0,"stock_on_hold":0,"sold_today":0,"sales_last_days":0,"reserved_stock":0,"customer_returns":0,"warehouse_damage":0,"lost_in_post":0,"other_logs":0,"out_stock_days":0,"lost_sales":0,"has_location":false,"update_date":"2025-12-03T01:20:19","atum_locations":[],"atum_stock_status":"instock","restock_status":false,"low_stock_amount":"","sales_update_date":"2025-12-03T01:20:19","calc_backorders":null,"yoast_head":"<!-- This site is optimized with the Yoast SEO plugin v26.9 - https:\/\/yoast.com\/product\/yoast-seo-wordpress\/ -->\n<title>T\u00dcLLKANGAST PIDULIK MAKSIKLEIT - Karini Butiik<\/title>\n<meta name=\"description\" content=\"Tutvustame meie t\u00fcllkangast pidulikku maksikleiti, mis on loodud r\u00f5hutama sinu ilu ja elegantsi igal t\u00e4htsal s\u00fcndmusel. See kleit on ideaalne valik nii pulmadeks, ballideks kui ka gaala\u00f5htuteks, pakkudes luksuslikku v\u00e4limust ja mugavust. Vali oma lemmikleit juba t\u00e4na \ud83e\udd29\" \/>\n<meta name=\"robots\" content=\"index, follow, max-snippet:-1, max-image-preview:large, max-video-preview:-1\" \/>\n<link rel=\"canonical\" href=\"https:\/\/www.karinibutiik.ee\/en\/product-2\/tulle-festive-liver-dress\/\" \/>\n<meta property=\"og:locale\" content=\"en_GB\" \/>\n<meta property=\"og:type\" content=\"article\" \/>\n<meta property=\"og:title\" content=\"T\u00dcLLKANGAST PIDULIK MAKSIKLEIT - Karini Butiik\" \/>\n<meta property=\"og:description\" content=\"Tutvustame meie t\u00fcllkangast pidulikku maksikleiti, mis on loodud r\u00f5hutama sinu ilu ja elegantsi igal t\u00e4htsal s\u00fcndmusel. See kleit on ideaalne valik nii pulmadeks, ballideks kui ka gaala\u00f5htuteks, pakkudes luksuslikku v\u00e4limust ja mugavust. Vali oma lemmikleit juba t\u00e4na \ud83e\udd29\" \/>\n<meta property=\"og:url\" content=\"https:\/\/www.karinibutiik.ee\/en\/product-2\/tulle-festive-liver-dress\/\" \/>\n<meta property=\"og:site_name\" content=\"Karini Butiik\" \/>\n<meta property=\"article:publisher\" content=\"https:\/\/www.facebook.com\/karinibutiik.ee\" \/>\n<meta property=\"article:modified_time\" content=\"2026-03-17T15:33:03+00:00\" \/>\n<meta property=\"og:image\" content=\"https:\/\/www.karinibutiik.ee\/wp-content\/uploads\/2024\/06\/240604_Karini_Butiik_Erlend_Staub_13-scaled.jpg\" \/>\n\t<meta property=\"og:image:width\" content=\"2048\" \/>\n\t<meta property=\"og:image:height\" content=\"2560\" \/>\n\t<meta property=\"og:image:type\" content=\"image\/jpeg\" \/>\n<meta name=\"twitter:card\" content=\"summary_large_image\" \/>\n<meta name=\"twitter:label1\" content=\"Availability\" \/>\n\t<meta name=\"twitter:data1\" content=\"Out of stock\" \/>\n<script type=\"application\/ld+json\" class=\"yoast-schema-graph\">{\"@context\":\"https:\/\/schema.org\",\"@graph\":[{\"@type\":\"WebPage\",\"@id\":\"https:\/\/www.karinibutiik.ee\/toode\/tullkangast-pidulik-maksikleit\/\",\"url\":\"https:\/\/www.karinibutiik.ee\/toode\/tullkangast-pidulik-maksikleit\/\",\"name\":\"T\u00dcLLKANGAST PIDULIK MAKSIKLEIT - Karini Butiik\",\"isPartOf\":{\"@id\":\"https:\/\/www.karinibutiik.ee\/#website\"},\"primaryImageOfPage\":{\"@id\":\"https:\/\/www.karinibutiik.ee\/toode\/tullkangast-pidulik-maksikleit\/#primaryimage\"},\"image\":{\"@id\":\"https:\/\/www.karinibutiik.ee\/toode\/tullkangast-pidulik-maksikleit\/#primaryimage\"},\"thumbnailUrl\":\"https:\/\/www.karinibutiik.ee\/wp-content\/uploads\/2024\/06\/240604_Karini_Butiik_Erlend_Staub_13-scaled.jpg\",\"datePublished\":\"2024-12-10T08:46:18+00:00\",\"dateModified\":\"2026-03-17T15:33:03+00:00\",\"description\":\"Tutvustame meie t\u00fcllkangast pidulikku maksikleiti, mis on loodud r\u00f5hutama sinu ilu ja elegantsi igal t\u00e4htsal s\u00fcndmusel. See kleit on ideaalne valik nii pulmadeks, ballideks kui ka gaala\u00f5htuteks, pakkudes luksuslikku v\u00e4limust ja mugavust. Vali oma lemmikleit juba t\u00e4na \ud83e\udd29\",\"breadcrumb\":{\"@id\":\"https:\/\/www.karinibutiik.ee\/toode\/tullkangast-pidulik-maksikleit\/#breadcrumb\"},\"inLanguage\":\"en-GB\",\"potentialAction\":[{\"@type\":\"ReadAction\",\"target\":[\"https:\/\/www.karinibutiik.ee\/toode\/tullkangast-pidulik-maksikleit\/\"]}]},{\"@type\":\"ImageObject\",\"inLanguage\":\"en-GB\",\"@id\":\"https:\/\/www.karinibutiik.ee\/toode\/tullkangast-pidulik-maksikleit\/#primaryimage\",\"url\":\"https:\/\/www.karinibutiik.ee\/wp-content\/uploads\/2024\/06\/240604_Karini_Butiik_Erlend_Staub_13-scaled.jpg\",\"contentUrl\":\"https:\/\/www.karinibutiik.ee\/wp-content\/uploads\/2024\/06\/240604_Karini_Butiik_Erlend_Staub_13-scaled.jpg\",\"width\":2048,\"height\":2560},{\"@type\":\"BreadcrumbList\",\"@id\":\"https:\/\/www.karinibutiik.ee\/toode\/tullkangast-pidulik-maksikleit\/#breadcrumb\",\"itemListElement\":[{\"@type\":\"ListItem\",\"position\":1,\"name\":\"Home\",\"item\":\"https:\/\/www.karinibutiik.ee\/\"},{\"@type\":\"ListItem\",\"position\":2,\"name\":\"Pood\",\"item\":\"https:\/\/www.karinibutiik.ee\/pood\/\"},{\"@type\":\"ListItem\",\"position\":3,\"name\":\"T\u00dcLLKANGAST PIDULIK MAKSIKLEIT\"}]},{\"@type\":\"WebSite\",\"@id\":\"https:\/\/www.karinibutiik.ee\/#website\",\"url\":\"https:\/\/www.karinibutiik.ee\/\",\"name\":\"Karini Butiik\",\"description\":\"\",\"publisher\":{\"@id\":\"https:\/\/www.karinibutiik.ee\/#organization\"},\"potentialAction\":[{\"@type\":\"SearchAction\",\"target\":{\"@type\":\"EntryPoint\",\"urlTemplate\":\"https:\/\/www.karinibutiik.ee\/?s={search_term_string}\"},\"query-input\":{\"@type\":\"PropertyValueSpecification\",\"valueRequired\":true,\"valueName\":\"search_term_string\"}}],\"inLanguage\":\"en-GB\"},{\"@type\":\"Organization\",\"@id\":\"https:\/\/www.karinibutiik.ee\/#organization\",\"name\":\"Karini Butiik\",\"url\":\"https:\/\/www.karinibutiik.ee\/\",\"logo\":{\"@type\":\"ImageObject\",\"inLanguage\":\"en-GB\",\"@id\":\"https:\/\/www.karinibutiik.ee\/#\/schema\/logo\/image\/\",\"url\":\"https:\/\/www.karinibutiik.ee\/wp-content\/uploads\/2024\/10\/Kuj.-K-koopia.png\",\"contentUrl\":\"https:\/\/www.karinibutiik.ee\/wp-content\/uploads\/2024\/10\/Kuj.-K-koopia.png\",\"width\":500,\"height\":500,\"caption\":\"Karini Butiik\"},\"image\":{\"@id\":\"https:\/\/www.karinibutiik.ee\/#\/schema\/logo\/image\/\"},\"sameAs\":[\"https:\/\/www.facebook.com\/karinibutiik.ee\",\"https:\/\/www.instagram.com\/karinibutiik\"]}]}<\/script>\n<meta property=\"og:availability\" content=\"out of stock\" \/>\n<meta property=\"product:availability\" content=\"out of stock\" \/>\n<meta property=\"product:retailer_item_id\" content=\"99079\" \/>\n<meta property=\"product:condition\" content=\"new\" \/>\n<!-- \/ Yoast SEO plugin. -->","yoast_head_json":{"title":"A LONG TIME MAKSIKLEIT - Karini Butiik","description":"Introducing our tulle formal maxi dress, designed to enhance your beauty and elegance at any important event. This dress is the perfect choice for weddings, proms and gala evenings, offering a luxurious look and comfort. Choose your favourite dress today \ud83e\udd29","robots":{"index":"index","follow":"follow","max-snippet":"max-snippet:-1","max-image-preview":"max-image-preview:large","max-video-preview":"max-video-preview:-1"},"canonical":"https:\/\/www.karinibutiik.ee\/en\/product-2\/tulle-festive-liver-dress\/","og_locale":"en_GB","og_type":"article","og_title":"T\u00dcLLKANGAST PIDULIK MAKSIKLEIT - Karini Butiik","og_description":"Tutvustame meie t\u00fcllkangast pidulikku maksikleiti, mis on loodud r\u00f5hutama sinu ilu ja elegantsi igal t\u00e4htsal s\u00fcndmusel. See kleit on ideaalne valik nii pulmadeks, ballideks kui ka gaala\u00f5htuteks, pakkudes luksuslikku v\u00e4limust ja mugavust. Vali oma lemmikleit juba t\u00e4na \ud83e\udd29","og_url":"https:\/\/www.karinibutiik.ee\/en\/product-2\/tulle-festive-liver-dress\/","og_site_name":"Karini Butiik","article_publisher":"https:\/\/www.facebook.com\/karinibutiik.ee","article_modified_time":"2026-03-17T15:33:03+00:00","og_image":[{"width":2048,"height":2560,"url":"https:\/\/www.karinibutiik.ee\/wp-content\/uploads\/2024\/06\/240604_Karini_Butiik_Erlend_Staub_13-scaled.jpg","type":"image\/jpeg"}],"twitter_card":"summary_large_image","twitter_misc":{"Availability":"Out of stock"},"schema":{"@context":"https:\/\/schema.org","@graph":[{"@type":"WebPage","@id":"https:\/\/www.karinibutiik.ee\/toode\/tullkangast-pidulik-maksikleit\/","url":"https:\/\/www.karinibutiik.ee\/toode\/tullkangast-pidulik-maksikleit\/","name":"A LONG TIME MAKSIKLEIT - Karini Butiik","isPartOf":{"@id":"https:\/\/www.karinibutiik.ee\/#website"},"primaryImageOfPage":{"@id":"https:\/\/www.karinibutiik.ee\/toode\/tullkangast-pidulik-maksikleit\/#primaryimage"},"image":{"@id":"https:\/\/www.karinibutiik.ee\/toode\/tullkangast-pidulik-maksikleit\/#primaryimage"},"thumbnailUrl":"https:\/\/www.karinibutiik.ee\/wp-content\/uploads\/2024\/06\/240604_Karini_Butiik_Erlend_Staub_13-scaled.jpg","datePublished":"2024-12-10T08:46:18+00:00","dateModified":"2026-03-17T15:33:03+00:00","description":"Introducing our tulle formal maxi dress, designed to enhance your beauty and elegance at any important event. This dress is the perfect choice for weddings, proms and gala evenings, offering a luxurious look and comfort. Choose your favourite dress today \ud83e\udd29","breadcrumb":{"@id":"https:\/\/www.karinibutiik.ee\/toode\/tullkangast-pidulik-maksikleit\/#breadcrumb"},"inLanguage":"en-GB","potentialAction":[{"@type":"ReadAction","target":["https:\/\/www.karinibutiik.ee\/toode\/tullkangast-pidulik-maksikleit\/"]}]},{"@type":"ImageObject","inLanguage":"en-GB","@id":"https:\/\/www.karinibutiik.ee\/toode\/tullkangast-pidulik-maksikleit\/#primaryimage","url":"https:\/\/www.karinibutiik.ee\/wp-content\/uploads\/2024\/06\/240604_Karini_Butiik_Erlend_Staub_13-scaled.jpg","contentUrl":"https:\/\/www.karinibutiik.ee\/wp-content\/uploads\/2024\/06\/240604_Karini_Butiik_Erlend_Staub_13-scaled.jpg","width":2048,"height":2560},{"@type":"BreadcrumbList","@id":"https:\/\/www.karinibutiik.ee\/toode\/tullkangast-pidulik-maksikleit\/#breadcrumb","itemListElement":[{"@type":"ListItem","position":1,"name":"Home","item":"https:\/\/www.karinibutiik.ee\/"},{"@type":"ListItem","position":2,"name":"Pood","item":"https:\/\/www.karinibutiik.ee\/pood\/"},{"@type":"ListItem","position":3,"name":"T\u00dcLLKANGAST PIDULIK MAKSIKLEIT"}]},{"@type":"WebSite","@id":"https:\/\/www.karinibutiik.ee\/#website","url":"https:\/\/www.karinibutiik.ee\/","name":"Karini Butiik","description":"","publisher":{"@id":"https:\/\/www.karinibutiik.ee\/#organization"},"potentialAction":[{"@type":"SearchAction","target":{"@type":"EntryPoint","urlTemplate":"https:\/\/www.karinibutiik.ee\/?s={search_term_string}"},"query-input":{"@type":"PropertyValueSpecification","valueRequired":true,"valueName":"search_term_string"}}],"inLanguage":"en-GB"},{"@type":"Organization","@id":"https:\/\/www.karinibutiik.ee\/#organization","name":"Karini Butiik","url":"https:\/\/www.karinibutiik.ee\/","logo":{"@type":"ImageObject","inLanguage":"en-GB","@id":"https:\/\/www.karinibutiik.ee\/#\/schema\/logo\/image\/","url":"https:\/\/www.karinibutiik.ee\/wp-content\/uploads\/2024\/10\/Kuj.-K-koopia.png","contentUrl":"https:\/\/www.karinibutiik.ee\/wp-content\/uploads\/2024\/10\/Kuj.-K-koopia.png","width":500,"height":500,"caption":"Karini Butiik"},"image":{"@id":"https:\/\/www.karinibutiik.ee\/#\/schema\/logo\/image\/"},"sameAs":["https:\/\/www.facebook.com\/karinibutiik.ee","https:\/\/www.instagram.com\/karinibutiik"]}]},"og_availability":"out of stock","product_availability":"out of stock","product_retailer_item_id":"99079","product_condition":"new"},"_links":{"self":[{"href":"https:\/\/www.karinibutiik.ee\/en\/wp-json\/wp\/v2\/product\/15285","targetHints":{"allow":["GET"]}}],"collection":[{"href":"https:\/\/www.karinibutiik.ee\/en\/wp-json\/wp\/v2\/product"}],"about":[{"href":"https:\/\/www.karinibutiik.ee\/en\/wp-json\/wp\/v2\/types\/product"}],"version-history":[{"count":1,"href":"https:\/\/www.karinibutiik.ee\/en\/wp-json\/wp\/v2\/product\/15285\/revisions"}],"predecessor-version":[{"id":15314,"href":"https:\/\/www.karinibutiik.ee\/en\/wp-json\/wp\/v2\/product\/15285\/revisions\/15314"}],"wp:featuredmedia":[{"embeddable":true,"href":"https:\/\/www.karinibutiik.ee\/en\/wp-json\/wp\/v2\/media\/15291"}],"wp:attachment":[{"href":"https:\/\/www.karinibutiik.ee\/en\/wp-json\/wp\/v2\/media?parent=15285"}],"wp:term":[{"taxonomy":"product_brand","embeddable":true,"href":"https:\/\/www.karinibutiik.ee\/en\/wp-json\/wp\/v2\/product_brand?post=15285"},{"taxonomy":"product_cat","embeddable":true,"href":"https:\/\/www.karinibutiik.ee\/en\/wp-json\/wp\/v2\/product_cat?post=15285"},{"taxonomy":"product_tag","embeddable":true,"href":"https:\/\/www.karinibutiik.ee\/en\/wp-json\/wp\/v2\/product_tag?post=15285"}],"curies":[{"name":"wp","href":"https:\/\/api.w.org\/{rel}","templated":true}]}}