{"id":16120,"date":"2024-06-20T09:01:27","date_gmt":"2024-06-20T09:01:27","guid":{"rendered":"https:\/\/www.karinibutiik.ee\/?post_type=product&#038;p=16120"},"modified":"2025-12-27T11:52:41","modified_gmt":"2025-12-27T09:52:41","slug":"eye-catching-bushes","status":"publish","type":"product","link":"https:\/\/www.karinibutiik.ee\/en\/product-2\/eye-catching-bushes\/","title":{"rendered":"Effective litterpants"},"content":{"rendered":"<p>Litterpants are an eye-catching and bright choice for special occasions. The sequins added to these trousers add sparkle and glamour with every movement. Litter pants are perfect for parties and evening events where you want to stand out. The comfortable fit and stylish design will ensure you feel confident and fashionable at all times. Pair them with a simple top or elegant blouse to create an unforgettable and striking look.<\/p>\n<p>one model in the photo is 170 cm tall and the other 156 cm and both wear size s<\/p>","protected":false},"excerpt":{"rendered":"<p>Litterp\u00fcksid on pilkup\u00fc\u00fcdev ja s\u00e4rav valik erilisteks s\u00fcndmusteks. Nendele p\u00fckstele lisatud litrid lisavad iga liigutusega s\u00e4ra ja glamuuri. Litterp\u00fcksid on [&hellip;]<\/p>\n","protected":false},"featured_media":16121,"template":"","meta":{"site-sidebar-layout":"default","site-content-layout":"","ast-site-content-layout":"default","site-content-style":"default","site-sidebar-style":"default","ast-global-header-display":"","ast-banner-title-visibility":"","ast-main-header-display":"","ast-hfb-above-header-display":"","ast-hfb-below-header-display":"","ast-hfb-mobile-header-display":"","site-post-title":"","ast-breadcrumbs-content":"","ast-featured-img":"","footer-sml-layout":"","ast-disable-related-posts":"","theme-transparent-header-meta":"default","adv-header-id-meta":"","stick-header-meta":"default","header-above-stick-meta":"","header-main-stick-meta":"","header-below-stick-meta":"","astra-migrate-meta-layouts":"set","ast-page-background-enabled":"default","ast-page-background-meta":{"desktop":{"background-color":"var(--ast-global-color-4)","background-image":"","background-repeat":"repeat","background-position":"center center","background-size":"auto","background-attachment":"scroll","background-type":"","background-media":"","overlay-type":"","overlay-color":"","overlay-opacity":"","overlay-gradient":""},"tablet":{"background-color":"","background-image":"","background-repeat":"repeat","background-position":"center center","background-size":"auto","background-attachment":"scroll","background-type":"","background-media":"","overlay-type":"","overlay-color":"","overlay-opacity":"","overlay-gradient":""},"mobile":{"background-color":"","background-image":"","background-repeat":"repeat","background-position":"center center","background-size":"auto","background-attachment":"scroll","background-type":"","background-media":"","overlay-type":"","overlay-color":"","overlay-opacity":"","overlay-gradient":""}},"ast-content-background-meta":{"desktop":{"background-color":"var(--ast-global-color-5)","background-image":"","background-repeat":"repeat","background-position":"center center","background-size":"auto","background-attachment":"scroll","background-type":"","background-media":"","overlay-type":"","overlay-color":"","overlay-opacity":"","overlay-gradient":""},"tablet":{"background-color":"var(--ast-global-color-5)","background-image":"","background-repeat":"repeat","background-position":"center center","background-size":"auto","background-attachment":"scroll","background-type":"","background-media":"","overlay-type":"","overlay-color":"","overlay-opacity":"","overlay-gradient":""},"mobile":{"background-color":"var(--ast-global-color-5)","background-image":"","background-repeat":"repeat","background-position":"center center","background-size":"auto","background-attachment":"scroll","background-type":"","background-media":"","overlay-type":"","overlay-color":"","overlay-opacity":"","overlay-gradient":""}}},"product_brand":[],"product_cat":[367,377,346,354,356],"product_tag":[475,476,501,477,485,493,537,601,602,96],"class_list":{"0":"post-16120","1":"product","2":"type-product","3":"status-publish","4":"has-post-thumbnail","6":"product_cat-allahindlus","7":"product_cat-litter-ja-glitterkleidid","8":"product_cat-naised","9":"product_cat-puksid-seelikud","10":"product_cat-tekstiilpuksid","11":"product_tag-dresshouse","12":"product_tag-getdressed","13":"product_tag-karini-butiik","14":"product_tag-kleidibutiik","15":"product_tag-kleidipood","16":"product_tag-kleiditurg","17":"product_tag-litter","18":"product_tag-litterpuksid","19":"product_tag-littritega-puksid","20":"product_tag-puksid","21":"desktop-align-center","22":"tablet-align-center","23":"mobile-align-center","24":"ast-product-gallery-layout-horizontal-slider","25":"ast-product-single-variable","26":"ast-product-tabs-layout-horizontal","28":"first","29":"instock","30":"sale","31":"taxable","32":"shipping-taxable","33":"purchasable","34":"product-type-variable"},"supplier_id":null,"supplier_sku":"","barcode":null,"atum_controlled":true,"out_stock_date":null,"out_stock_threshold":null,"inheritable":true,"inbound_stock":0,"stock_on_hold":0,"sold_today":0,"sales_last_days":0,"reserved_stock":0,"customer_returns":0,"warehouse_damage":0,"lost_in_post":0,"other_logs":0,"out_stock_days":0,"lost_sales":0,"has_location":false,"update_date":"2025-12-27T09:52:41","atum_locations":[],"atum_stock_status":"instock","restock_status":false,"low_stock_amount":"","sales_update_date":"2025-12-04T01:26:43","calc_backorders":null,"yoast_head":"<!-- This site is optimized with the Yoast SEO plugin v26.9 - https:\/\/yoast.com\/product\/yoast-seo-wordpress\/ -->\n<title>Efektsed litterp\u00fcksid - Karini Butiik<\/title>\n<meta name=\"description\" content=\"Eriti pilkup\u00fc\u00fcdvad p\u00fcksid litritega, mis annavad s\u00e4ra ja glamuuri iga liigutusega. Ideaalsed pidudeks ja \u00f5htusteks \u00fcritusteks! S\u00e4rav ja stiilne valik.\" \/>\n<meta name=\"robots\" content=\"index, follow, max-snippet:-1, max-image-preview:large, max-video-preview:-1\" \/>\n<link rel=\"canonical\" href=\"https:\/\/www.karinibutiik.ee\/en\/product-2\/eye-catching-bushes\/\" \/>\n<meta property=\"og:locale\" content=\"en_GB\" \/>\n<meta property=\"og:type\" content=\"article\" \/>\n<meta property=\"og:title\" content=\"Efektsed litterp\u00fcksid - Karini Butiik\" \/>\n<meta property=\"og:description\" content=\"Eriti pilkup\u00fc\u00fcdvad p\u00fcksid litritega, mis annavad s\u00e4ra ja glamuuri iga liigutusega. Ideaalsed pidudeks ja \u00f5htusteks \u00fcritusteks! S\u00e4rav ja stiilne valik.\" \/>\n<meta property=\"og:url\" content=\"https:\/\/www.karinibutiik.ee\/en\/product-2\/eye-catching-bushes\/\" \/>\n<meta property=\"og:site_name\" content=\"Karini Butiik\" \/>\n<meta property=\"article:publisher\" content=\"https:\/\/www.facebook.com\/karinibutiik.ee\" \/>\n<meta property=\"article:modified_time\" content=\"2025-12-27T09:52:41+00:00\" \/>\n<meta property=\"og:image\" content=\"https:\/\/www.karinibutiik.ee\/wp-content\/uploads\/2024\/06\/karini_butiik_litter_puksid_hobe2-2.jpg\" \/>\n\t<meta property=\"og:image:width\" content=\"1200\" \/>\n\t<meta property=\"og:image:height\" content=\"1500\" \/>\n\t<meta property=\"og:image:type\" content=\"image\/jpeg\" \/>\n<meta name=\"twitter:card\" content=\"summary_large_image\" \/>\n<meta name=\"twitter:label1\" content=\"Availability\" \/>\n\t<meta name=\"twitter:data1\" content=\"In stock\" \/>\n<script type=\"application\/ld+json\" class=\"yoast-schema-graph\">{\"@context\":\"https:\/\/schema.org\",\"@graph\":[{\"@type\":\"WebPage\",\"@id\":\"https:\/\/www.karinibutiik.ee\/toode\/efektsed-litterpuksid\/\",\"url\":\"https:\/\/www.karinibutiik.ee\/toode\/efektsed-litterpuksid\/\",\"name\":\"Efektsed litterp\u00fcksid - Karini Butiik\",\"isPartOf\":{\"@id\":\"https:\/\/www.karinibutiik.ee\/#website\"},\"primaryImageOfPage\":{\"@id\":\"https:\/\/www.karinibutiik.ee\/toode\/efektsed-litterpuksid\/#primaryimage\"},\"image\":{\"@id\":\"https:\/\/www.karinibutiik.ee\/toode\/efektsed-litterpuksid\/#primaryimage\"},\"thumbnailUrl\":\"https:\/\/www.karinibutiik.ee\/wp-content\/uploads\/2024\/06\/karini_butiik_litter_puksid_hobe2-2.jpg\",\"datePublished\":\"2024-06-20T09:01:27+00:00\",\"dateModified\":\"2025-12-27T09:52:41+00:00\",\"description\":\"Eriti pilkup\u00fc\u00fcdvad p\u00fcksid litritega, mis annavad s\u00e4ra ja glamuuri iga liigutusega. Ideaalsed pidudeks ja \u00f5htusteks \u00fcritusteks! S\u00e4rav ja stiilne valik.\",\"breadcrumb\":{\"@id\":\"https:\/\/www.karinibutiik.ee\/toode\/efektsed-litterpuksid\/#breadcrumb\"},\"inLanguage\":\"en-GB\",\"potentialAction\":[{\"@type\":\"ReadAction\",\"target\":[\"https:\/\/www.karinibutiik.ee\/toode\/efektsed-litterpuksid\/\"]}]},{\"@type\":\"ImageObject\",\"inLanguage\":\"en-GB\",\"@id\":\"https:\/\/www.karinibutiik.ee\/toode\/efektsed-litterpuksid\/#primaryimage\",\"url\":\"https:\/\/www.karinibutiik.ee\/wp-content\/uploads\/2024\/06\/karini_butiik_litter_puksid_hobe2-2.jpg\",\"contentUrl\":\"https:\/\/www.karinibutiik.ee\/wp-content\/uploads\/2024\/06\/karini_butiik_litter_puksid_hobe2-2.jpg\",\"width\":1200,\"height\":1500},{\"@type\":\"BreadcrumbList\",\"@id\":\"https:\/\/www.karinibutiik.ee\/toode\/efektsed-litterpuksid\/#breadcrumb\",\"itemListElement\":[{\"@type\":\"ListItem\",\"position\":1,\"name\":\"Home\",\"item\":\"https:\/\/www.karinibutiik.ee\/\"},{\"@type\":\"ListItem\",\"position\":2,\"name\":\"Pood\",\"item\":\"https:\/\/www.karinibutiik.ee\/pood\/\"},{\"@type\":\"ListItem\",\"position\":3,\"name\":\"Efektsed litterp\u00fcksid\"}]},{\"@type\":\"WebSite\",\"@id\":\"https:\/\/www.karinibutiik.ee\/#website\",\"url\":\"https:\/\/www.karinibutiik.ee\/\",\"name\":\"Karini Butiik\",\"description\":\"\",\"publisher\":{\"@id\":\"https:\/\/www.karinibutiik.ee\/#organization\"},\"potentialAction\":[{\"@type\":\"SearchAction\",\"target\":{\"@type\":\"EntryPoint\",\"urlTemplate\":\"https:\/\/www.karinibutiik.ee\/?s={search_term_string}\"},\"query-input\":{\"@type\":\"PropertyValueSpecification\",\"valueRequired\":true,\"valueName\":\"search_term_string\"}}],\"inLanguage\":\"en-GB\"},{\"@type\":\"Organization\",\"@id\":\"https:\/\/www.karinibutiik.ee\/#organization\",\"name\":\"Karini Butiik\",\"url\":\"https:\/\/www.karinibutiik.ee\/\",\"logo\":{\"@type\":\"ImageObject\",\"inLanguage\":\"en-GB\",\"@id\":\"https:\/\/www.karinibutiik.ee\/#\/schema\/logo\/image\/\",\"url\":\"https:\/\/www.karinibutiik.ee\/wp-content\/uploads\/2024\/10\/Kuj.-K-koopia.png\",\"contentUrl\":\"https:\/\/www.karinibutiik.ee\/wp-content\/uploads\/2024\/10\/Kuj.-K-koopia.png\",\"width\":500,\"height\":500,\"caption\":\"Karini Butiik\"},\"image\":{\"@id\":\"https:\/\/www.karinibutiik.ee\/#\/schema\/logo\/image\/\"},\"sameAs\":[\"https:\/\/www.facebook.com\/karinibutiik.ee\",\"https:\/\/www.instagram.com\/karinibutiik\"]}]}<\/script>\n<meta property=\"og:availability\" content=\"instock\" \/>\n<meta property=\"product:availability\" content=\"instock\" \/>\n<meta property=\"product:retailer_item_id\" content=\"8061\" \/>\n<meta property=\"product:condition\" content=\"new\" \/>\n<!-- \/ Yoast SEO plugin. -->","yoast_head_json":{"title":"Fancy litter pants - Karini Butiik","description":"Particularly eye-catching trousers with sequins that add sparkle and glamour with every move. Perfect for parties and evening events! A bright and stylish choice.","robots":{"index":"index","follow":"follow","max-snippet":"max-snippet:-1","max-image-preview":"max-image-preview:large","max-video-preview":"max-video-preview:-1"},"canonical":"https:\/\/www.karinibutiik.ee\/en\/product-2\/eye-catching-bushes\/","og_locale":"en_GB","og_type":"article","og_title":"Efektsed litterp\u00fcksid - Karini Butiik","og_description":"Eriti pilkup\u00fc\u00fcdvad p\u00fcksid litritega, mis annavad s\u00e4ra ja glamuuri iga liigutusega. Ideaalsed pidudeks ja \u00f5htusteks \u00fcritusteks! S\u00e4rav ja stiilne valik.","og_url":"https:\/\/www.karinibutiik.ee\/en\/product-2\/eye-catching-bushes\/","og_site_name":"Karini Butiik","article_publisher":"https:\/\/www.facebook.com\/karinibutiik.ee","article_modified_time":"2025-12-27T09:52:41+00:00","og_image":[{"width":1200,"height":1500,"url":"https:\/\/www.karinibutiik.ee\/wp-content\/uploads\/2024\/06\/karini_butiik_litter_puksid_hobe2-2.jpg","type":"image\/jpeg"}],"twitter_card":"summary_large_image","twitter_misc":{"Availability":"In stock"},"schema":{"@context":"https:\/\/schema.org","@graph":[{"@type":"WebPage","@id":"https:\/\/www.karinibutiik.ee\/toode\/efektsed-litterpuksid\/","url":"https:\/\/www.karinibutiik.ee\/toode\/efektsed-litterpuksid\/","name":"Fancy litter pants - Karini Butiik","isPartOf":{"@id":"https:\/\/www.karinibutiik.ee\/#website"},"primaryImageOfPage":{"@id":"https:\/\/www.karinibutiik.ee\/toode\/efektsed-litterpuksid\/#primaryimage"},"image":{"@id":"https:\/\/www.karinibutiik.ee\/toode\/efektsed-litterpuksid\/#primaryimage"},"thumbnailUrl":"https:\/\/www.karinibutiik.ee\/wp-content\/uploads\/2024\/06\/karini_butiik_litter_puksid_hobe2-2.jpg","datePublished":"2024-06-20T09:01:27+00:00","dateModified":"2025-12-27T09:52:41+00:00","description":"Particularly eye-catching trousers with sequins that add sparkle and glamour with every move. Perfect for parties and evening events! A bright and stylish choice.","breadcrumb":{"@id":"https:\/\/www.karinibutiik.ee\/toode\/efektsed-litterpuksid\/#breadcrumb"},"inLanguage":"en-GB","potentialAction":[{"@type":"ReadAction","target":["https:\/\/www.karinibutiik.ee\/toode\/efektsed-litterpuksid\/"]}]},{"@type":"ImageObject","inLanguage":"en-GB","@id":"https:\/\/www.karinibutiik.ee\/toode\/efektsed-litterpuksid\/#primaryimage","url":"https:\/\/www.karinibutiik.ee\/wp-content\/uploads\/2024\/06\/karini_butiik_litter_puksid_hobe2-2.jpg","contentUrl":"https:\/\/www.karinibutiik.ee\/wp-content\/uploads\/2024\/06\/karini_butiik_litter_puksid_hobe2-2.jpg","width":1200,"height":1500},{"@type":"BreadcrumbList","@id":"https:\/\/www.karinibutiik.ee\/toode\/efektsed-litterpuksid\/#breadcrumb","itemListElement":[{"@type":"ListItem","position":1,"name":"Home","item":"https:\/\/www.karinibutiik.ee\/"},{"@type":"ListItem","position":2,"name":"Pood","item":"https:\/\/www.karinibutiik.ee\/pood\/"},{"@type":"ListItem","position":3,"name":"Efektsed litterp\u00fcksid"}]},{"@type":"WebSite","@id":"https:\/\/www.karinibutiik.ee\/#website","url":"https:\/\/www.karinibutiik.ee\/","name":"Karini Butiik","description":"","publisher":{"@id":"https:\/\/www.karinibutiik.ee\/#organization"},"potentialAction":[{"@type":"SearchAction","target":{"@type":"EntryPoint","urlTemplate":"https:\/\/www.karinibutiik.ee\/?s={search_term_string}"},"query-input":{"@type":"PropertyValueSpecification","valueRequired":true,"valueName":"search_term_string"}}],"inLanguage":"en-GB"},{"@type":"Organization","@id":"https:\/\/www.karinibutiik.ee\/#organization","name":"Karini Butiik","url":"https:\/\/www.karinibutiik.ee\/","logo":{"@type":"ImageObject","inLanguage":"en-GB","@id":"https:\/\/www.karinibutiik.ee\/#\/schema\/logo\/image\/","url":"https:\/\/www.karinibutiik.ee\/wp-content\/uploads\/2024\/10\/Kuj.-K-koopia.png","contentUrl":"https:\/\/www.karinibutiik.ee\/wp-content\/uploads\/2024\/10\/Kuj.-K-koopia.png","width":500,"height":500,"caption":"Karini Butiik"},"image":{"@id":"https:\/\/www.karinibutiik.ee\/#\/schema\/logo\/image\/"},"sameAs":["https:\/\/www.facebook.com\/karinibutiik.ee","https:\/\/www.instagram.com\/karinibutiik"]}]},"og_availability":"instock","product_availability":"instock","product_retailer_item_id":"8061","product_condition":"new"},"_links":{"self":[{"href":"https:\/\/www.karinibutiik.ee\/en\/wp-json\/wp\/v2\/product\/16120","targetHints":{"allow":["GET"]}}],"collection":[{"href":"https:\/\/www.karinibutiik.ee\/en\/wp-json\/wp\/v2\/product"}],"about":[{"href":"https:\/\/www.karinibutiik.ee\/en\/wp-json\/wp\/v2\/types\/product"}],"version-history":[{"count":1,"href":"https:\/\/www.karinibutiik.ee\/en\/wp-json\/wp\/v2\/product\/16120\/revisions"}],"predecessor-version":[{"id":16131,"href":"https:\/\/www.karinibutiik.ee\/en\/wp-json\/wp\/v2\/product\/16120\/revisions\/16131"}],"wp:featuredmedia":[{"embeddable":true,"href":"https:\/\/www.karinibutiik.ee\/en\/wp-json\/wp\/v2\/media\/16121"}],"wp:attachment":[{"href":"https:\/\/www.karinibutiik.ee\/en\/wp-json\/wp\/v2\/media?parent=16120"}],"wp:term":[{"taxonomy":"product_brand","embeddable":true,"href":"https:\/\/www.karinibutiik.ee\/en\/wp-json\/wp\/v2\/product_brand?post=16120"},{"taxonomy":"product_cat","embeddable":true,"href":"https:\/\/www.karinibutiik.ee\/en\/wp-json\/wp\/v2\/product_cat?post=16120"},{"taxonomy":"product_tag","embeddable":true,"href":"https:\/\/www.karinibutiik.ee\/en\/wp-json\/wp\/v2\/product_tag?post=16120"}],"curies":[{"name":"wp","href":"https:\/\/api.w.org\/{rel}","templated":true}]}}