{"id":16668,"date":"2024-07-08T10:57:26","date_gmt":"2024-07-08T10:57:26","guid":{"rendered":"https:\/\/www.karinibutiik.ee\/?post_type=product&#038;p=16668"},"modified":"2025-11-24T14:33:54","modified_gmt":"2025-11-24T12:33:54","slug":"litterkleid-with-feather-decorations","status":"publish","type":"product","link":"https:\/\/www.karinibutiik.ee\/en\/product-2\/litterkleid-with-feather-decorations\/","title":{"rendered":"LITTERKLEID WITH FEATHER DECORATIONS"},"content":{"rendered":"<p>This long-sleeved dress is a real eye-catcher, perfect for special occasions and parties. The mini-length dress is covered with sparkling sequins that reflect light with every movement, creating a glamorous effect. The sleeve ends are adorned with soft and stylish feathers, adding a luxurious finish. This dress is designed for those who want to shine and make an unforgettable impression.<\/p>","protected":false},"excerpt":{"rendered":"<p>Dress does not fit to size, please see measurements.<\/p>\n<ul>\n<li>S chest 80-84cm, waist 60-64cm, hip 80cm, total length 91cm<\/li>\n<li>M bust 84-88cm, waist 64-68cm, hip 84cm, total length 91cm<\/li>\n<li>L chest 88-90cm, waist 70-72 hip 90cm, total length 91cm<\/li>\n<li>XL chest 90-96cm, waist 72-76cm, hip 94cm, overall length 91cm<\/li>\n<\/ul>","protected":false},"featured_media":16677,"template":"","meta":{"site-sidebar-layout":"default","site-content-layout":"","ast-site-content-layout":"default","site-content-style":"default","site-sidebar-style":"default","ast-global-header-display":"","ast-banner-title-visibility":"","ast-main-header-display":"","ast-hfb-above-header-display":"","ast-hfb-below-header-display":"","ast-hfb-mobile-header-display":"","site-post-title":"","ast-breadcrumbs-content":"","ast-featured-img":"","footer-sml-layout":"","ast-disable-related-posts":"","theme-transparent-header-meta":"default","adv-header-id-meta":"","stick-header-meta":"default","header-above-stick-meta":"","header-main-stick-meta":"","header-below-stick-meta":"","astra-migrate-meta-layouts":"set","ast-page-background-enabled":"default","ast-page-background-meta":{"desktop":{"background-color":"var(--ast-global-color-4)","background-image":"","background-repeat":"repeat","background-position":"center center","background-size":"auto","background-attachment":"scroll","background-type":"","background-media":"","overlay-type":"","overlay-color":"","overlay-opacity":"","overlay-gradient":""},"tablet":{"background-color":"","background-image":"","background-repeat":"repeat","background-position":"center center","background-size":"auto","background-attachment":"scroll","background-type":"","background-media":"","overlay-type":"","overlay-color":"","overlay-opacity":"","overlay-gradient":""},"mobile":{"background-color":"","background-image":"","background-repeat":"repeat","background-position":"center center","background-size":"auto","background-attachment":"scroll","background-type":"","background-media":"","overlay-type":"","overlay-color":"","overlay-opacity":"","overlay-gradient":""}},"ast-content-background-meta":{"desktop":{"background-color":"var(--ast-global-color-5)","background-image":"","background-repeat":"repeat","background-position":"center center","background-size":"auto","background-attachment":"scroll","background-type":"","background-media":"","overlay-type":"","overlay-color":"","overlay-opacity":"","overlay-gradient":""},"tablet":{"background-color":"var(--ast-global-color-5)","background-image":"","background-repeat":"repeat","background-position":"center center","background-size":"auto","background-attachment":"scroll","background-type":"","background-media":"","overlay-type":"","overlay-color":"","overlay-opacity":"","overlay-gradient":""},"mobile":{"background-color":"var(--ast-global-color-5)","background-image":"","background-repeat":"repeat","background-position":"center center","background-size":"auto","background-attachment":"scroll","background-type":"","background-media":"","overlay-type":"","overlay-color":"","overlay-opacity":"","overlay-gradient":""}}},"product_brand":[],"product_cat":[367,377,364,346],"product_tag":[643,640,92,644],"class_list":{"0":"post-16668","1":"product","2":"type-product","3":"status-publish","4":"has-post-thumbnail","6":"product_cat-allahindlus","7":"product_cat-litter-ja-glitterkleidid","8":"product_cat-minikleidid","9":"product_cat-naised","10":"product_tag-joulukleidid","11":"product_tag-litterkleidid","12":"product_tag-pidulikud-kleidid","13":"product_tag-sulgedega-litterkleit","14":"desktop-align-center","15":"tablet-align-center","16":"mobile-align-center","17":"ast-product-gallery-layout-horizontal-slider","18":"ast-product-single-variable","19":"ast-product-tabs-layout-horizontal","21":"first","22":"instock","23":"sale","24":"taxable","25":"shipping-taxable","26":"purchasable","27":"product-type-variable"},"supplier_id":null,"supplier_sku":"","barcode":null,"atum_controlled":true,"out_stock_date":null,"out_stock_threshold":null,"inheritable":true,"inbound_stock":0,"stock_on_hold":0,"sold_today":0,"sales_last_days":0,"reserved_stock":0,"customer_returns":0,"warehouse_damage":0,"lost_in_post":0,"other_logs":0,"out_stock_days":0,"lost_sales":0,"has_location":false,"update_date":"2025-12-05T00:00:06","atum_locations":[],"atum_stock_status":"instock","restock_status":false,"low_stock_amount":"","sales_update_date":"2025-12-05T00:00:06","calc_backorders":null,"yoast_head":"<!-- This site is optimized with the Yoast SEO plugin v26.9 - https:\/\/yoast.com\/product\/yoast-seo-wordpress\/ -->\n<title>LITTERKLEIT SULGEDEST KAUNISTUSTEGA - Karini Butiik<\/title>\n<meta name=\"description\" content=\"Lummav s\u00e4delus ja luksuslikud sulgedega varrukad: see litterkleit on t\u00e4iuslik valik erilisteks s\u00fcndmusteks ja pidustusteks. Osta oma kleit juba t\u00e4na!\" \/>\n<meta name=\"robots\" content=\"index, follow, max-snippet:-1, max-image-preview:large, max-video-preview:-1\" \/>\n<link rel=\"canonical\" href=\"https:\/\/www.karinibutiik.ee\/en\/product-2\/litterkleid-with-feather-decorations\/\" \/>\n<meta property=\"og:locale\" content=\"en_GB\" \/>\n<meta property=\"og:type\" content=\"article\" \/>\n<meta property=\"og:title\" content=\"LITTERKLEIT SULGEDEST KAUNISTUSTEGA - Karini Butiik\" \/>\n<meta property=\"og:description\" content=\"Lummav s\u00e4delus ja luksuslikud sulgedega varrukad: see litterkleit on t\u00e4iuslik valik erilisteks s\u00fcndmusteks ja pidustusteks. Osta oma kleit juba t\u00e4na!\" \/>\n<meta property=\"og:url\" content=\"https:\/\/www.karinibutiik.ee\/en\/product-2\/litterkleid-with-feather-decorations\/\" \/>\n<meta property=\"og:site_name\" content=\"Karini Butiik\" \/>\n<meta property=\"article:publisher\" content=\"https:\/\/www.facebook.com\/karinibutiik.ee\" \/>\n<meta property=\"article:modified_time\" content=\"2025-11-24T12:33:54+00:00\" \/>\n<meta property=\"og:image\" content=\"https:\/\/www.karinibutiik.ee\/wp-content\/uploads\/2024\/07\/231112_Karini_Butiikl_Erlend_Staub3071.jpg\" \/>\n\t<meta property=\"og:image:width\" content=\"1200\" \/>\n\t<meta property=\"og:image:height\" content=\"1500\" \/>\n\t<meta property=\"og:image:type\" content=\"image\/jpeg\" \/>\n<meta name=\"twitter:card\" content=\"summary_large_image\" \/>\n<meta name=\"twitter:label1\" content=\"Availability\" \/>\n\t<meta name=\"twitter:data1\" content=\"In stock\" \/>\n<script type=\"application\/ld+json\" class=\"yoast-schema-graph\">{\"@context\":\"https:\/\/schema.org\",\"@graph\":[{\"@type\":\"WebPage\",\"@id\":\"https:\/\/www.karinibutiik.ee\/toode\/litterkleit-sulgedest-kaunistustega\/\",\"url\":\"https:\/\/www.karinibutiik.ee\/toode\/litterkleit-sulgedest-kaunistustega\/\",\"name\":\"LITTERKLEIT SULGEDEST KAUNISTUSTEGA - Karini Butiik\",\"isPartOf\":{\"@id\":\"https:\/\/www.karinibutiik.ee\/#website\"},\"primaryImageOfPage\":{\"@id\":\"https:\/\/www.karinibutiik.ee\/toode\/litterkleit-sulgedest-kaunistustega\/#primaryimage\"},\"image\":{\"@id\":\"https:\/\/www.karinibutiik.ee\/toode\/litterkleit-sulgedest-kaunistustega\/#primaryimage\"},\"thumbnailUrl\":\"https:\/\/www.karinibutiik.ee\/wp-content\/uploads\/2024\/07\/231112_Karini_Butiikl_Erlend_Staub3071.jpg\",\"datePublished\":\"2024-07-08T10:57:26+00:00\",\"dateModified\":\"2025-11-24T12:33:54+00:00\",\"description\":\"Lummav s\u00e4delus ja luksuslikud sulgedega varrukad: see litterkleit on t\u00e4iuslik valik erilisteks s\u00fcndmusteks ja pidustusteks. Osta oma kleit juba t\u00e4na!\",\"breadcrumb\":{\"@id\":\"https:\/\/www.karinibutiik.ee\/toode\/litterkleit-sulgedest-kaunistustega\/#breadcrumb\"},\"inLanguage\":\"en-GB\",\"potentialAction\":[{\"@type\":\"ReadAction\",\"target\":[\"https:\/\/www.karinibutiik.ee\/toode\/litterkleit-sulgedest-kaunistustega\/\"]}]},{\"@type\":\"ImageObject\",\"inLanguage\":\"en-GB\",\"@id\":\"https:\/\/www.karinibutiik.ee\/toode\/litterkleit-sulgedest-kaunistustega\/#primaryimage\",\"url\":\"https:\/\/www.karinibutiik.ee\/wp-content\/uploads\/2024\/07\/231112_Karini_Butiikl_Erlend_Staub3071.jpg\",\"contentUrl\":\"https:\/\/www.karinibutiik.ee\/wp-content\/uploads\/2024\/07\/231112_Karini_Butiikl_Erlend_Staub3071.jpg\",\"width\":1200,\"height\":1500},{\"@type\":\"BreadcrumbList\",\"@id\":\"https:\/\/www.karinibutiik.ee\/toode\/litterkleit-sulgedest-kaunistustega\/#breadcrumb\",\"itemListElement\":[{\"@type\":\"ListItem\",\"position\":1,\"name\":\"Home\",\"item\":\"https:\/\/www.karinibutiik.ee\/\"},{\"@type\":\"ListItem\",\"position\":2,\"name\":\"Pood\",\"item\":\"https:\/\/www.karinibutiik.ee\/pood\/\"},{\"@type\":\"ListItem\",\"position\":3,\"name\":\"LITTERKLEIT SULGEDEST KAUNISTUSTEGA\"}]},{\"@type\":\"WebSite\",\"@id\":\"https:\/\/www.karinibutiik.ee\/#website\",\"url\":\"https:\/\/www.karinibutiik.ee\/\",\"name\":\"Karini Butiik\",\"description\":\"\",\"publisher\":{\"@id\":\"https:\/\/www.karinibutiik.ee\/#organization\"},\"potentialAction\":[{\"@type\":\"SearchAction\",\"target\":{\"@type\":\"EntryPoint\",\"urlTemplate\":\"https:\/\/www.karinibutiik.ee\/?s={search_term_string}\"},\"query-input\":{\"@type\":\"PropertyValueSpecification\",\"valueRequired\":true,\"valueName\":\"search_term_string\"}}],\"inLanguage\":\"en-GB\"},{\"@type\":\"Organization\",\"@id\":\"https:\/\/www.karinibutiik.ee\/#organization\",\"name\":\"Karini Butiik\",\"url\":\"https:\/\/www.karinibutiik.ee\/\",\"logo\":{\"@type\":\"ImageObject\",\"inLanguage\":\"en-GB\",\"@id\":\"https:\/\/www.karinibutiik.ee\/#\/schema\/logo\/image\/\",\"url\":\"https:\/\/www.karinibutiik.ee\/wp-content\/uploads\/2024\/10\/Kuj.-K-koopia.png\",\"contentUrl\":\"https:\/\/www.karinibutiik.ee\/wp-content\/uploads\/2024\/10\/Kuj.-K-koopia.png\",\"width\":500,\"height\":500,\"caption\":\"Karini Butiik\"},\"image\":{\"@id\":\"https:\/\/www.karinibutiik.ee\/#\/schema\/logo\/image\/\"},\"sameAs\":[\"https:\/\/www.facebook.com\/karinibutiik.ee\",\"https:\/\/www.instagram.com\/karinibutiik\"]}]}<\/script>\n<meta property=\"og:availability\" content=\"instock\" \/>\n<meta property=\"product:availability\" content=\"instock\" \/>\n<meta property=\"product:retailer_item_id\" content=\"18920\" \/>\n<meta property=\"product:condition\" content=\"new\" \/>\n<!-- \/ Yoast SEO plugin. -->","yoast_head_json":{"title":"LITTER CLOTH WITH CLOSETS - Karini Butiik","description":"Enchanting sparkle and luxurious feathered sleeves: this sequin dress is the perfect choice for special occasions and celebrations. Buy your dress today!","robots":{"index":"index","follow":"follow","max-snippet":"max-snippet:-1","max-image-preview":"max-image-preview:large","max-video-preview":"max-video-preview:-1"},"canonical":"https:\/\/www.karinibutiik.ee\/en\/product-2\/litterkleid-with-feather-decorations\/","og_locale":"en_GB","og_type":"article","og_title":"LITTERKLEIT SULGEDEST KAUNISTUSTEGA - Karini Butiik","og_description":"Lummav s\u00e4delus ja luksuslikud sulgedega varrukad: see litterkleit on t\u00e4iuslik valik erilisteks s\u00fcndmusteks ja pidustusteks. Osta oma kleit juba t\u00e4na!","og_url":"https:\/\/www.karinibutiik.ee\/en\/product-2\/litterkleid-with-feather-decorations\/","og_site_name":"Karini Butiik","article_publisher":"https:\/\/www.facebook.com\/karinibutiik.ee","article_modified_time":"2025-11-24T12:33:54+00:00","og_image":[{"width":1200,"height":1500,"url":"https:\/\/www.karinibutiik.ee\/wp-content\/uploads\/2024\/07\/231112_Karini_Butiikl_Erlend_Staub3071.jpg","type":"image\/jpeg"}],"twitter_card":"summary_large_image","twitter_misc":{"Availability":"In stock"},"schema":{"@context":"https:\/\/schema.org","@graph":[{"@type":"WebPage","@id":"https:\/\/www.karinibutiik.ee\/toode\/litterkleit-sulgedest-kaunistustega\/","url":"https:\/\/www.karinibutiik.ee\/toode\/litterkleit-sulgedest-kaunistustega\/","name":"LITTER CLOTH WITH CLOSETS - Karini Butiik","isPartOf":{"@id":"https:\/\/www.karinibutiik.ee\/#website"},"primaryImageOfPage":{"@id":"https:\/\/www.karinibutiik.ee\/toode\/litterkleit-sulgedest-kaunistustega\/#primaryimage"},"image":{"@id":"https:\/\/www.karinibutiik.ee\/toode\/litterkleit-sulgedest-kaunistustega\/#primaryimage"},"thumbnailUrl":"https:\/\/www.karinibutiik.ee\/wp-content\/uploads\/2024\/07\/231112_Karini_Butiikl_Erlend_Staub3071.jpg","datePublished":"2024-07-08T10:57:26+00:00","dateModified":"2025-11-24T12:33:54+00:00","description":"Enchanting sparkle and luxurious feathered sleeves: this sequin dress is the perfect choice for special occasions and celebrations. Buy your dress today!","breadcrumb":{"@id":"https:\/\/www.karinibutiik.ee\/toode\/litterkleit-sulgedest-kaunistustega\/#breadcrumb"},"inLanguage":"en-GB","potentialAction":[{"@type":"ReadAction","target":["https:\/\/www.karinibutiik.ee\/toode\/litterkleit-sulgedest-kaunistustega\/"]}]},{"@type":"ImageObject","inLanguage":"en-GB","@id":"https:\/\/www.karinibutiik.ee\/toode\/litterkleit-sulgedest-kaunistustega\/#primaryimage","url":"https:\/\/www.karinibutiik.ee\/wp-content\/uploads\/2024\/07\/231112_Karini_Butiikl_Erlend_Staub3071.jpg","contentUrl":"https:\/\/www.karinibutiik.ee\/wp-content\/uploads\/2024\/07\/231112_Karini_Butiikl_Erlend_Staub3071.jpg","width":1200,"height":1500},{"@type":"BreadcrumbList","@id":"https:\/\/www.karinibutiik.ee\/toode\/litterkleit-sulgedest-kaunistustega\/#breadcrumb","itemListElement":[{"@type":"ListItem","position":1,"name":"Home","item":"https:\/\/www.karinibutiik.ee\/"},{"@type":"ListItem","position":2,"name":"Pood","item":"https:\/\/www.karinibutiik.ee\/pood\/"},{"@type":"ListItem","position":3,"name":"LITTERKLEIT SULGEDEST KAUNISTUSTEGA"}]},{"@type":"WebSite","@id":"https:\/\/www.karinibutiik.ee\/#website","url":"https:\/\/www.karinibutiik.ee\/","name":"Karini Butiik","description":"","publisher":{"@id":"https:\/\/www.karinibutiik.ee\/#organization"},"potentialAction":[{"@type":"SearchAction","target":{"@type":"EntryPoint","urlTemplate":"https:\/\/www.karinibutiik.ee\/?s={search_term_string}"},"query-input":{"@type":"PropertyValueSpecification","valueRequired":true,"valueName":"search_term_string"}}],"inLanguage":"en-GB"},{"@type":"Organization","@id":"https:\/\/www.karinibutiik.ee\/#organization","name":"Karini Butiik","url":"https:\/\/www.karinibutiik.ee\/","logo":{"@type":"ImageObject","inLanguage":"en-GB","@id":"https:\/\/www.karinibutiik.ee\/#\/schema\/logo\/image\/","url":"https:\/\/www.karinibutiik.ee\/wp-content\/uploads\/2024\/10\/Kuj.-K-koopia.png","contentUrl":"https:\/\/www.karinibutiik.ee\/wp-content\/uploads\/2024\/10\/Kuj.-K-koopia.png","width":500,"height":500,"caption":"Karini Butiik"},"image":{"@id":"https:\/\/www.karinibutiik.ee\/#\/schema\/logo\/image\/"},"sameAs":["https:\/\/www.facebook.com\/karinibutiik.ee","https:\/\/www.instagram.com\/karinibutiik"]}]},"og_availability":"instock","product_availability":"instock","product_retailer_item_id":"18920","product_condition":"new"},"_links":{"self":[{"href":"https:\/\/www.karinibutiik.ee\/en\/wp-json\/wp\/v2\/product\/16668","targetHints":{"allow":["GET"]}}],"collection":[{"href":"https:\/\/www.karinibutiik.ee\/en\/wp-json\/wp\/v2\/product"}],"about":[{"href":"https:\/\/www.karinibutiik.ee\/en\/wp-json\/wp\/v2\/types\/product"}],"version-history":[{"count":2,"href":"https:\/\/www.karinibutiik.ee\/en\/wp-json\/wp\/v2\/product\/16668\/revisions"}],"predecessor-version":[{"id":16686,"href":"https:\/\/www.karinibutiik.ee\/en\/wp-json\/wp\/v2\/product\/16668\/revisions\/16686"}],"wp:featuredmedia":[{"embeddable":true,"href":"https:\/\/www.karinibutiik.ee\/en\/wp-json\/wp\/v2\/media\/16677"}],"wp:attachment":[{"href":"https:\/\/www.karinibutiik.ee\/en\/wp-json\/wp\/v2\/media?parent=16668"}],"wp:term":[{"taxonomy":"product_brand","embeddable":true,"href":"https:\/\/www.karinibutiik.ee\/en\/wp-json\/wp\/v2\/product_brand?post=16668"},{"taxonomy":"product_cat","embeddable":true,"href":"https:\/\/www.karinibutiik.ee\/en\/wp-json\/wp\/v2\/product_cat?post=16668"},{"taxonomy":"product_tag","embeddable":true,"href":"https:\/\/www.karinibutiik.ee\/en\/wp-json\/wp\/v2\/product_tag?post=16668"}],"curies":[{"name":"wp","href":"https:\/\/api.w.org\/{rel}","templated":true}]}}