{"id":17641,"date":"2024-08-01T08:06:28","date_gmt":"2024-08-01T08:06:28","guid":{"rendered":"https:\/\/www.karinibutiik.ee\/?post_type=product&#038;p=17641"},"modified":"2026-01-10T12:46:12","modified_gmt":"2026-01-10T10:46:12","slug":"high-waist-flare-jeans-jackets","status":"publish","type":"product","link":"https:\/\/www.karinibutiik.ee\/en\/product-2\/high-waist-flare-jeans-jackets\/","title":{"rendered":"High waist flare jeans"},"content":{"rendered":"<p><strong>High waist flare jeans<\/strong><\/p>\n<p>These jeans are the perfect combination of retro style and modern comfort. The high waist flare jeans have a high sleeve and flared cut at the bottom, creating an elegant and lengthening silhouette. These jeans accentuate the waist and add length to the legs, perfect for everyday wear as well as more formal occasions. Pair with your favourite tops, shirts or blazers for a fashionable and timeless look.<\/p>","protected":false},"excerpt":{"rendered":"<p>High waist flare teksap\u00fcksid Need teksad on t\u00e4iuslik kombinatsioon retro-stiilist ja kaasaegsest mugavusest. High waist flare teksap\u00fcksid on k\u00f5rge pihaosaga [&hellip;]<\/p>\n","protected":false},"featured_media":17626,"template":"","meta":{"site-sidebar-layout":"default","site-content-layout":"","ast-site-content-layout":"default","site-content-style":"default","site-sidebar-style":"default","ast-global-header-display":"","ast-banner-title-visibility":"","ast-main-header-display":"","ast-hfb-above-header-display":"","ast-hfb-below-header-display":"","ast-hfb-mobile-header-display":"","site-post-title":"","ast-breadcrumbs-content":"","ast-featured-img":"","footer-sml-layout":"","ast-disable-related-posts":"","theme-transparent-header-meta":"default","adv-header-id-meta":"","stick-header-meta":"default","header-above-stick-meta":"","header-main-stick-meta":"","header-below-stick-meta":"","astra-migrate-meta-layouts":"set","ast-page-background-enabled":"default","ast-page-background-meta":{"desktop":{"background-color":"var(--ast-global-color-4)","background-image":"","background-repeat":"repeat","background-position":"center center","background-size":"auto","background-attachment":"scroll","background-type":"","background-media":"","overlay-type":"","overlay-color":"","overlay-opacity":"","overlay-gradient":""},"tablet":{"background-color":"","background-image":"","background-repeat":"repeat","background-position":"center center","background-size":"auto","background-attachment":"scroll","background-type":"","background-media":"","overlay-type":"","overlay-color":"","overlay-opacity":"","overlay-gradient":""},"mobile":{"background-color":"","background-image":"","background-repeat":"repeat","background-position":"center center","background-size":"auto","background-attachment":"scroll","background-type":"","background-media":"","overlay-type":"","overlay-color":"","overlay-opacity":"","overlay-gradient":""}},"ast-content-background-meta":{"desktop":{"background-color":"var(--ast-global-color-5)","background-image":"","background-repeat":"repeat","background-position":"center center","background-size":"auto","background-attachment":"scroll","background-type":"","background-media":"","overlay-type":"","overlay-color":"","overlay-opacity":"","overlay-gradient":""},"tablet":{"background-color":"var(--ast-global-color-5)","background-image":"","background-repeat":"repeat","background-position":"center center","background-size":"auto","background-attachment":"scroll","background-type":"","background-media":"","overlay-type":"","overlay-color":"","overlay-opacity":"","overlay-gradient":""},"mobile":{"background-color":"var(--ast-global-color-5)","background-image":"","background-repeat":"repeat","background-position":"center center","background-size":"auto","background-attachment":"scroll","background-type":"","background-media":"","overlay-type":"","overlay-color":"","overlay-opacity":"","overlay-gradient":""}}},"product_brand":[],"product_cat":[346,354,359],"product_tag":[475,476,727,501,477,270,485,493,96,728,709,571,115],"class_list":{"0":"post-17641","1":"product","2":"type-product","3":"status-publish","4":"has-post-thumbnail","6":"product_cat-naised","7":"product_cat-puksid-seelikud","8":"product_cat-teksapuksid","9":"product_tag-dresshouse","10":"product_tag-getdressed","11":"product_tag-high-waist-flare-teksaouksid","12":"product_tag-karini-butiik","13":"product_tag-kleidibutiik","14":"product_tag-kleidid","15":"product_tag-kleidipood","16":"product_tag-kleiditurg","17":"product_tag-puksid","18":"product_tag-siniesd-teksad","19":"product_tag-sinine","20":"product_tag-teksad","21":"product_tag-teksapuksid","22":"desktop-align-center","23":"tablet-align-center","24":"mobile-align-center","25":"ast-product-gallery-layout-horizontal-slider","26":"ast-product-single-variable","27":"ast-product-tabs-layout-horizontal","29":"first","30":"instock","31":"taxable","32":"shipping-taxable","33":"purchasable","34":"product-type-variable"},"supplier_id":null,"supplier_sku":"","barcode":null,"atum_controlled":true,"out_stock_date":null,"out_stock_threshold":null,"inheritable":true,"inbound_stock":0,"stock_on_hold":0,"sold_today":0,"sales_last_days":0,"reserved_stock":0,"customer_returns":0,"warehouse_damage":0,"lost_in_post":0,"other_logs":0,"out_stock_days":0,"lost_sales":0,"has_location":false,"update_date":"2025-12-04T01:26:59","atum_locations":[],"atum_stock_status":"instock","restock_status":false,"low_stock_amount":"","sales_update_date":"2025-12-04T01:26:59","calc_backorders":null,"yoast_head":"<!-- This site is optimized with the Yoast SEO plugin v26.9 - https:\/\/yoast.com\/product\/yoast-seo-wordpress\/ -->\n<title>High waist flare teksap\u00fcksid - Karini Butiik<\/title>\n<meta name=\"description\" content=\"K\u00f5rge pihaosa ja alt laienev l\u00f5ige muudavad need sinised teksap\u00fcksid t\u00e4iuslikuks kombinatsiooniks retrostiilist ja kaasaegsest mugavusest. \ud83d\udc56\" \/>\n<meta name=\"robots\" content=\"index, follow, max-snippet:-1, max-image-preview:large, max-video-preview:-1\" \/>\n<link rel=\"canonical\" href=\"https:\/\/www.karinibutiik.ee\/en\/product-2\/high-waist-flare-jeans-jackets\/\" \/>\n<meta property=\"og:locale\" content=\"en_GB\" \/>\n<meta property=\"og:type\" content=\"article\" \/>\n<meta property=\"og:title\" content=\"High waist flare teksap\u00fcksid - Karini Butiik\" \/>\n<meta property=\"og:description\" content=\"K\u00f5rge pihaosa ja alt laienev l\u00f5ige muudavad need sinised teksap\u00fcksid t\u00e4iuslikuks kombinatsiooniks retrostiilist ja kaasaegsest mugavusest. \ud83d\udc56\" \/>\n<meta property=\"og:url\" content=\"https:\/\/www.karinibutiik.ee\/en\/product-2\/high-waist-flare-jeans-jackets\/\" \/>\n<meta property=\"og:site_name\" content=\"Karini Butiik\" \/>\n<meta property=\"article:publisher\" content=\"https:\/\/www.facebook.com\/karinibutiik.ee\" \/>\n<meta property=\"article:modified_time\" content=\"2026-01-10T10:46:12+00:00\" \/>\n<meta property=\"og:image\" content=\"https:\/\/www.karinibutiik.ee\/wp-content\/uploads\/2024\/08\/IMG_6133.jpeg\" \/>\n\t<meta property=\"og:image:width\" content=\"1732\" \/>\n\t<meta property=\"og:image:height\" content=\"2048\" \/>\n\t<meta property=\"og:image:type\" content=\"image\/jpeg\" \/>\n<meta name=\"twitter:card\" content=\"summary_large_image\" \/>\n<meta name=\"twitter:label1\" content=\"Availability\" \/>\n\t<meta name=\"twitter:data1\" content=\"In stock\" \/>\n<script type=\"application\/ld+json\" class=\"yoast-schema-graph\">{\"@context\":\"https:\/\/schema.org\",\"@graph\":[{\"@type\":\"WebPage\",\"@id\":\"https:\/\/www.karinibutiik.ee\/toode\/high-waist-flare-teksapuksid\/\",\"url\":\"https:\/\/www.karinibutiik.ee\/toode\/high-waist-flare-teksapuksid\/\",\"name\":\"High waist flare teksap\u00fcksid - Karini Butiik\",\"isPartOf\":{\"@id\":\"https:\/\/www.karinibutiik.ee\/#website\"},\"primaryImageOfPage\":{\"@id\":\"https:\/\/www.karinibutiik.ee\/toode\/high-waist-flare-teksapuksid\/#primaryimage\"},\"image\":{\"@id\":\"https:\/\/www.karinibutiik.ee\/toode\/high-waist-flare-teksapuksid\/#primaryimage\"},\"thumbnailUrl\":\"https:\/\/www.karinibutiik.ee\/wp-content\/uploads\/2024\/08\/IMG_6133.jpeg\",\"datePublished\":\"2024-08-01T08:06:28+00:00\",\"dateModified\":\"2026-01-10T10:46:12+00:00\",\"description\":\"K\u00f5rge pihaosa ja alt laienev l\u00f5ige muudavad need sinised teksap\u00fcksid t\u00e4iuslikuks kombinatsiooniks retrostiilist ja kaasaegsest mugavusest. \ud83d\udc56\",\"breadcrumb\":{\"@id\":\"https:\/\/www.karinibutiik.ee\/toode\/high-waist-flare-teksapuksid\/#breadcrumb\"},\"inLanguage\":\"en-GB\",\"potentialAction\":[{\"@type\":\"ReadAction\",\"target\":[\"https:\/\/www.karinibutiik.ee\/toode\/high-waist-flare-teksapuksid\/\"]}]},{\"@type\":\"ImageObject\",\"inLanguage\":\"en-GB\",\"@id\":\"https:\/\/www.karinibutiik.ee\/toode\/high-waist-flare-teksapuksid\/#primaryimage\",\"url\":\"https:\/\/www.karinibutiik.ee\/wp-content\/uploads\/2024\/08\/IMG_6133.jpeg\",\"contentUrl\":\"https:\/\/www.karinibutiik.ee\/wp-content\/uploads\/2024\/08\/IMG_6133.jpeg\",\"width\":1732,\"height\":2048},{\"@type\":\"BreadcrumbList\",\"@id\":\"https:\/\/www.karinibutiik.ee\/toode\/high-waist-flare-teksapuksid\/#breadcrumb\",\"itemListElement\":[{\"@type\":\"ListItem\",\"position\":1,\"name\":\"Home\",\"item\":\"https:\/\/www.karinibutiik.ee\/\"},{\"@type\":\"ListItem\",\"position\":2,\"name\":\"Pood\",\"item\":\"https:\/\/www.karinibutiik.ee\/pood\/\"},{\"@type\":\"ListItem\",\"position\":3,\"name\":\"High waist flare teksap\u00fcksid\"}]},{\"@type\":\"WebSite\",\"@id\":\"https:\/\/www.karinibutiik.ee\/#website\",\"url\":\"https:\/\/www.karinibutiik.ee\/\",\"name\":\"Karini Butiik\",\"description\":\"\",\"publisher\":{\"@id\":\"https:\/\/www.karinibutiik.ee\/#organization\"},\"potentialAction\":[{\"@type\":\"SearchAction\",\"target\":{\"@type\":\"EntryPoint\",\"urlTemplate\":\"https:\/\/www.karinibutiik.ee\/?s={search_term_string}\"},\"query-input\":{\"@type\":\"PropertyValueSpecification\",\"valueRequired\":true,\"valueName\":\"search_term_string\"}}],\"inLanguage\":\"en-GB\"},{\"@type\":\"Organization\",\"@id\":\"https:\/\/www.karinibutiik.ee\/#organization\",\"name\":\"Karini Butiik\",\"url\":\"https:\/\/www.karinibutiik.ee\/\",\"logo\":{\"@type\":\"ImageObject\",\"inLanguage\":\"en-GB\",\"@id\":\"https:\/\/www.karinibutiik.ee\/#\/schema\/logo\/image\/\",\"url\":\"https:\/\/www.karinibutiik.ee\/wp-content\/uploads\/2024\/10\/Kuj.-K-koopia.png\",\"contentUrl\":\"https:\/\/www.karinibutiik.ee\/wp-content\/uploads\/2024\/10\/Kuj.-K-koopia.png\",\"width\":500,\"height\":500,\"caption\":\"Karini Butiik\"},\"image\":{\"@id\":\"https:\/\/www.karinibutiik.ee\/#\/schema\/logo\/image\/\"},\"sameAs\":[\"https:\/\/www.facebook.com\/karinibutiik.ee\",\"https:\/\/www.instagram.com\/karinibutiik\"]}]}<\/script>\n<meta property=\"og:availability\" content=\"instock\" \/>\n<meta property=\"product:availability\" content=\"instock\" \/>\n<meta property=\"product:retailer_item_id\" content=\"3025-1\" \/>\n<meta property=\"product:condition\" content=\"new\" \/>\n<!-- \/ Yoast SEO plugin. -->","yoast_head_json":{"title":"High waist flare jeans - Karini Butiik","description":"With a high sleeve and flared bottom, these blue jeans are the perfect combination of retro and modern comfort. \ud83d\udc56","robots":{"index":"index","follow":"follow","max-snippet":"max-snippet:-1","max-image-preview":"max-image-preview:large","max-video-preview":"max-video-preview:-1"},"canonical":"https:\/\/www.karinibutiik.ee\/en\/product-2\/high-waist-flare-jeans-jackets\/","og_locale":"en_GB","og_type":"article","og_title":"High waist flare teksap\u00fcksid - Karini Butiik","og_description":"K\u00f5rge pihaosa ja alt laienev l\u00f5ige muudavad need sinised teksap\u00fcksid t\u00e4iuslikuks kombinatsiooniks retrostiilist ja kaasaegsest mugavusest. \ud83d\udc56","og_url":"https:\/\/www.karinibutiik.ee\/en\/product-2\/high-waist-flare-jeans-jackets\/","og_site_name":"Karini Butiik","article_publisher":"https:\/\/www.facebook.com\/karinibutiik.ee","article_modified_time":"2026-01-10T10:46:12+00:00","og_image":[{"width":1732,"height":2048,"url":"https:\/\/www.karinibutiik.ee\/wp-content\/uploads\/2024\/08\/IMG_6133.jpeg","type":"image\/jpeg"}],"twitter_card":"summary_large_image","twitter_misc":{"Availability":"In stock"},"schema":{"@context":"https:\/\/schema.org","@graph":[{"@type":"WebPage","@id":"https:\/\/www.karinibutiik.ee\/toode\/high-waist-flare-teksapuksid\/","url":"https:\/\/www.karinibutiik.ee\/toode\/high-waist-flare-teksapuksid\/","name":"High waist flare jeans - Karini Butiik","isPartOf":{"@id":"https:\/\/www.karinibutiik.ee\/#website"},"primaryImageOfPage":{"@id":"https:\/\/www.karinibutiik.ee\/toode\/high-waist-flare-teksapuksid\/#primaryimage"},"image":{"@id":"https:\/\/www.karinibutiik.ee\/toode\/high-waist-flare-teksapuksid\/#primaryimage"},"thumbnailUrl":"https:\/\/www.karinibutiik.ee\/wp-content\/uploads\/2024\/08\/IMG_6133.jpeg","datePublished":"2024-08-01T08:06:28+00:00","dateModified":"2026-01-10T10:46:12+00:00","description":"With a high sleeve and flared bottom, these blue jeans are the perfect combination of retro and modern comfort. \ud83d\udc56","breadcrumb":{"@id":"https:\/\/www.karinibutiik.ee\/toode\/high-waist-flare-teksapuksid\/#breadcrumb"},"inLanguage":"en-GB","potentialAction":[{"@type":"ReadAction","target":["https:\/\/www.karinibutiik.ee\/toode\/high-waist-flare-teksapuksid\/"]}]},{"@type":"ImageObject","inLanguage":"en-GB","@id":"https:\/\/www.karinibutiik.ee\/toode\/high-waist-flare-teksapuksid\/#primaryimage","url":"https:\/\/www.karinibutiik.ee\/wp-content\/uploads\/2024\/08\/IMG_6133.jpeg","contentUrl":"https:\/\/www.karinibutiik.ee\/wp-content\/uploads\/2024\/08\/IMG_6133.jpeg","width":1732,"height":2048},{"@type":"BreadcrumbList","@id":"https:\/\/www.karinibutiik.ee\/toode\/high-waist-flare-teksapuksid\/#breadcrumb","itemListElement":[{"@type":"ListItem","position":1,"name":"Home","item":"https:\/\/www.karinibutiik.ee\/"},{"@type":"ListItem","position":2,"name":"Pood","item":"https:\/\/www.karinibutiik.ee\/pood\/"},{"@type":"ListItem","position":3,"name":"High waist flare teksap\u00fcksid"}]},{"@type":"WebSite","@id":"https:\/\/www.karinibutiik.ee\/#website","url":"https:\/\/www.karinibutiik.ee\/","name":"Karini Butiik","description":"","publisher":{"@id":"https:\/\/www.karinibutiik.ee\/#organization"},"potentialAction":[{"@type":"SearchAction","target":{"@type":"EntryPoint","urlTemplate":"https:\/\/www.karinibutiik.ee\/?s={search_term_string}"},"query-input":{"@type":"PropertyValueSpecification","valueRequired":true,"valueName":"search_term_string"}}],"inLanguage":"en-GB"},{"@type":"Organization","@id":"https:\/\/www.karinibutiik.ee\/#organization","name":"Karini Butiik","url":"https:\/\/www.karinibutiik.ee\/","logo":{"@type":"ImageObject","inLanguage":"en-GB","@id":"https:\/\/www.karinibutiik.ee\/#\/schema\/logo\/image\/","url":"https:\/\/www.karinibutiik.ee\/wp-content\/uploads\/2024\/10\/Kuj.-K-koopia.png","contentUrl":"https:\/\/www.karinibutiik.ee\/wp-content\/uploads\/2024\/10\/Kuj.-K-koopia.png","width":500,"height":500,"caption":"Karini Butiik"},"image":{"@id":"https:\/\/www.karinibutiik.ee\/#\/schema\/logo\/image\/"},"sameAs":["https:\/\/www.facebook.com\/karinibutiik.ee","https:\/\/www.instagram.com\/karinibutiik"]}]},"og_availability":"instock","product_availability":"instock","product_retailer_item_id":"3025-1","product_condition":"new"},"_links":{"self":[{"href":"https:\/\/www.karinibutiik.ee\/en\/wp-json\/wp\/v2\/product\/17641","targetHints":{"allow":["GET"]}}],"collection":[{"href":"https:\/\/www.karinibutiik.ee\/en\/wp-json\/wp\/v2\/product"}],"about":[{"href":"https:\/\/www.karinibutiik.ee\/en\/wp-json\/wp\/v2\/types\/product"}],"version-history":[{"count":1,"href":"https:\/\/www.karinibutiik.ee\/en\/wp-json\/wp\/v2\/product\/17641\/revisions"}],"predecessor-version":[{"id":17647,"href":"https:\/\/www.karinibutiik.ee\/en\/wp-json\/wp\/v2\/product\/17641\/revisions\/17647"}],"wp:featuredmedia":[{"embeddable":true,"href":"https:\/\/www.karinibutiik.ee\/en\/wp-json\/wp\/v2\/media\/17626"}],"wp:attachment":[{"href":"https:\/\/www.karinibutiik.ee\/en\/wp-json\/wp\/v2\/media?parent=17641"}],"wp:term":[{"taxonomy":"product_brand","embeddable":true,"href":"https:\/\/www.karinibutiik.ee\/en\/wp-json\/wp\/v2\/product_brand?post=17641"},{"taxonomy":"product_cat","embeddable":true,"href":"https:\/\/www.karinibutiik.ee\/en\/wp-json\/wp\/v2\/product_cat?post=17641"},{"taxonomy":"product_tag","embeddable":true,"href":"https:\/\/www.karinibutiik.ee\/en\/wp-json\/wp\/v2\/product_tag?post=17641"}],"curies":[{"name":"wp","href":"https:\/\/api.w.org\/{rel}","templated":true}]}}