{"id":17849,"date":"2024-08-07T10:32:23","date_gmt":"2024-08-07T10:32:23","guid":{"rendered":"https:\/\/www.karinibutiik.ee\/?post_type=product&#038;p=17849"},"modified":"2026-01-10T12:29:36","modified_gmt":"2026-01-10T10:29:36","slug":"tie-blouse-with-sequins-and-fringes","status":"publish","type":"product","link":"https:\/\/www.karinibutiik.ee\/en\/product-2\/tie-blouse-with-sequins-and-fringes\/","title":{"rendered":"Lace blouse with sequins and frills"},"content":{"rendered":"<p>Introducing a bright and elegant addition to your wardrobe - a tie blouse with sequins and frills. This blouse is designed for those who want to add sparkle and uniqueness to their style. The sequin and fringe embellishments bring out a glamorous and playful look, while the buttons that fasten at the front add classic elegance and practicality. The tie that comes with the blouse is detachable, offering the possibility to customize your look according to the occasion or mood. Pair this blouse with your favourite skirt or trousers to create a chic and eye-catching ensemble that's perfect for both formal occasions and stylish everyday wear.<\/p>","protected":false},"excerpt":{"rendered":"<p>Tutvustame s\u00e4ravat ja elegantset lisandit teie garderoobi &#8211; lipsuga pluus litrite ja narmastega. See pluus on disainitud neile, kes soovivad [&hellip;]<\/p>\n","protected":false},"featured_media":17858,"template":"","meta":{"site-sidebar-layout":"default","site-content-layout":"","ast-site-content-layout":"default","site-content-style":"default","site-sidebar-style":"default","ast-global-header-display":"","ast-banner-title-visibility":"","ast-main-header-display":"","ast-hfb-above-header-display":"","ast-hfb-below-header-display":"","ast-hfb-mobile-header-display":"","site-post-title":"","ast-breadcrumbs-content":"","ast-featured-img":"","footer-sml-layout":"","ast-disable-related-posts":"","theme-transparent-header-meta":"default","adv-header-id-meta":"","stick-header-meta":"default","header-above-stick-meta":"","header-main-stick-meta":"","header-below-stick-meta":"","astra-migrate-meta-layouts":"set","ast-page-background-enabled":"default","ast-page-background-meta":{"desktop":{"background-color":"var(--ast-global-color-4)","background-image":"","background-repeat":"repeat","background-position":"center center","background-size":"auto","background-attachment":"scroll","background-type":"","background-media":"","overlay-type":"","overlay-color":"","overlay-opacity":"","overlay-gradient":""},"tablet":{"background-color":"","background-image":"","background-repeat":"repeat","background-position":"center center","background-size":"auto","background-attachment":"scroll","background-type":"","background-media":"","overlay-type":"","overlay-color":"","overlay-opacity":"","overlay-gradient":""},"mobile":{"background-color":"","background-image":"","background-repeat":"repeat","background-position":"center center","background-size":"auto","background-attachment":"scroll","background-type":"","background-media":"","overlay-type":"","overlay-color":"","overlay-opacity":"","overlay-gradient":""}},"ast-content-background-meta":{"desktop":{"background-color":"var(--ast-global-color-5)","background-image":"","background-repeat":"repeat","background-position":"center center","background-size":"auto","background-attachment":"scroll","background-type":"","background-media":"","overlay-type":"","overlay-color":"","overlay-opacity":"","overlay-gradient":""},"tablet":{"background-color":"var(--ast-global-color-5)","background-image":"","background-repeat":"repeat","background-position":"center center","background-size":"auto","background-attachment":"scroll","background-type":"","background-media":"","overlay-type":"","overlay-color":"","overlay-opacity":"","overlay-gradient":""},"mobile":{"background-color":"var(--ast-global-color-5)","background-image":"","background-repeat":"repeat","background-position":"center center","background-size":"auto","background-attachment":"scroll","background-type":"","background-media":"","overlay-type":"","overlay-color":"","overlay-opacity":"","overlay-gradient":""}}},"product_brand":[],"product_cat":[367,346,377,352,353],"product_tag":[763,523,750,475,476,501,477,270,485,762,761,764,751,587,708,760],"class_list":{"0":"post-17849","1":"product","2":"type-product","3":"status-publish","4":"has-post-thumbnail","6":"product_cat-allahindlus","7":"product_cat-naised","8":"product_cat-litter-ja-glitterkleidid","9":"product_cat-pluusid-bodid","10":"product_cat-pluusid","11":"product_tag-astavahetus","12":"product_tag-beez","13":"product_tag-beez-pluus","14":"product_tag-dresshouse","15":"product_tag-getdressed","16":"product_tag-karini-butiik","17":"product_tag-kleidibutiik","18":"product_tag-kleidid","19":"product_tag-kleidipood","20":"product_tag-koulud","21":"product_tag-litritega-pluus","22":"product_tag-pidulik","23":"product_tag-pidulik-pluus","24":"product_tag-pluus","25":"product_tag-roheline","26":"product_tag-roheline-pluus","27":"desktop-align-center","28":"tablet-align-center","29":"mobile-align-center","30":"ast-product-gallery-layout-horizontal-slider","31":"ast-product-single-variable","32":"ast-product-tabs-layout-horizontal","34":"first","35":"outofstock","36":"sale","37":"taxable","38":"shipping-taxable","39":"product-type-variable"},"supplier_id":null,"supplier_sku":"","barcode":null,"atum_controlled":true,"out_stock_date":null,"out_stock_threshold":null,"inheritable":true,"inbound_stock":0,"stock_on_hold":0,"sold_today":0,"sales_last_days":0,"reserved_stock":0,"customer_returns":0,"warehouse_damage":0,"lost_in_post":0,"other_logs":0,"out_stock_days":0,"lost_sales":0,"has_location":false,"update_date":"2025-12-27T09:45:34","atum_locations":[],"atum_stock_status":"instock","restock_status":false,"low_stock_amount":"","sales_update_date":"2025-12-04T01:45:35","calc_backorders":null,"yoast_head":"<!-- This site is optimized with the Yoast SEO plugin v26.9 - https:\/\/yoast.com\/product\/yoast-seo-wordpress\/ -->\n<title>Lipsuga pluus litrite ja narmastega - Karini Butiik<\/title>\n<meta name=\"description\" content=\"Lisage s\u00e4ra ja unikaalsust oma garderoobile selle lipsuga pluusiga litrite ja narmastega. S\u00e4rage erilisel s\u00fcndmusel v\u00f5i igap\u00e4evaselt!\" \/>\n<meta name=\"robots\" content=\"index, follow, max-snippet:-1, max-image-preview:large, max-video-preview:-1\" \/>\n<link rel=\"canonical\" href=\"https:\/\/www.karinibutiik.ee\/en\/product-2\/tie-blouse-with-sequins-and-fringes\/\" \/>\n<meta property=\"og:locale\" content=\"en_GB\" \/>\n<meta property=\"og:type\" content=\"article\" \/>\n<meta property=\"og:title\" content=\"Lipsuga pluus litrite ja narmastega - Karini Butiik\" \/>\n<meta property=\"og:description\" content=\"Lisage s\u00e4ra ja unikaalsust oma garderoobile selle lipsuga pluusiga litrite ja narmastega. S\u00e4rage erilisel s\u00fcndmusel v\u00f5i igap\u00e4evaselt!\" \/>\n<meta property=\"og:url\" content=\"https:\/\/www.karinibutiik.ee\/en\/product-2\/tie-blouse-with-sequins-and-fringes\/\" \/>\n<meta property=\"og:site_name\" content=\"Karini Butiik\" \/>\n<meta property=\"article:publisher\" content=\"https:\/\/www.facebook.com\/karinibutiik.ee\" \/>\n<meta property=\"article:modified_time\" content=\"2026-01-10T10:29:36+00:00\" \/>\n<meta property=\"og:image\" content=\"https:\/\/www.karinibutiik.ee\/wp-content\/uploads\/2024\/08\/231112_Karini_Butiikl_Erlend_Staub027-e1723026588855.jpg\" \/>\n\t<meta property=\"og:image:width\" content=\"827\" \/>\n\t<meta property=\"og:image:height\" content=\"995\" \/>\n\t<meta property=\"og:image:type\" content=\"image\/jpeg\" \/>\n<meta name=\"twitter:card\" content=\"summary_large_image\" \/>\n<meta name=\"twitter:label1\" content=\"Availability\" \/>\n\t<meta name=\"twitter:data1\" content=\"Out of stock\" \/>\n<script type=\"application\/ld+json\" class=\"yoast-schema-graph\">{\"@context\":\"https:\/\/schema.org\",\"@graph\":[{\"@type\":\"WebPage\",\"@id\":\"https:\/\/www.karinibutiik.ee\/toode\/lipsuga-pluus-litrite-ja-narmastega\/\",\"url\":\"https:\/\/www.karinibutiik.ee\/toode\/lipsuga-pluus-litrite-ja-narmastega\/\",\"name\":\"Lipsuga pluus litrite ja narmastega - Karini Butiik\",\"isPartOf\":{\"@id\":\"https:\/\/www.karinibutiik.ee\/#website\"},\"primaryImageOfPage\":{\"@id\":\"https:\/\/www.karinibutiik.ee\/toode\/lipsuga-pluus-litrite-ja-narmastega\/#primaryimage\"},\"image\":{\"@id\":\"https:\/\/www.karinibutiik.ee\/toode\/lipsuga-pluus-litrite-ja-narmastega\/#primaryimage\"},\"thumbnailUrl\":\"https:\/\/www.karinibutiik.ee\/wp-content\/uploads\/2024\/08\/231112_Karini_Butiikl_Erlend_Staub027-e1723026588855.jpg\",\"datePublished\":\"2024-08-07T10:32:23+00:00\",\"dateModified\":\"2026-01-10T10:29:36+00:00\",\"description\":\"Lisage s\u00e4ra ja unikaalsust oma garderoobile selle lipsuga pluusiga litrite ja narmastega. S\u00e4rage erilisel s\u00fcndmusel v\u00f5i igap\u00e4evaselt!\",\"breadcrumb\":{\"@id\":\"https:\/\/www.karinibutiik.ee\/toode\/lipsuga-pluus-litrite-ja-narmastega\/#breadcrumb\"},\"inLanguage\":\"en-GB\",\"potentialAction\":[{\"@type\":\"ReadAction\",\"target\":[\"https:\/\/www.karinibutiik.ee\/toode\/lipsuga-pluus-litrite-ja-narmastega\/\"]}]},{\"@type\":\"ImageObject\",\"inLanguage\":\"en-GB\",\"@id\":\"https:\/\/www.karinibutiik.ee\/toode\/lipsuga-pluus-litrite-ja-narmastega\/#primaryimage\",\"url\":\"https:\/\/www.karinibutiik.ee\/wp-content\/uploads\/2024\/08\/231112_Karini_Butiikl_Erlend_Staub027-e1723026588855.jpg\",\"contentUrl\":\"https:\/\/www.karinibutiik.ee\/wp-content\/uploads\/2024\/08\/231112_Karini_Butiikl_Erlend_Staub027-e1723026588855.jpg\",\"width\":827,\"height\":995},{\"@type\":\"BreadcrumbList\",\"@id\":\"https:\/\/www.karinibutiik.ee\/toode\/lipsuga-pluus-litrite-ja-narmastega\/#breadcrumb\",\"itemListElement\":[{\"@type\":\"ListItem\",\"position\":1,\"name\":\"Home\",\"item\":\"https:\/\/www.karinibutiik.ee\/\"},{\"@type\":\"ListItem\",\"position\":2,\"name\":\"Pood\",\"item\":\"https:\/\/www.karinibutiik.ee\/pood\/\"},{\"@type\":\"ListItem\",\"position\":3,\"name\":\"Lipsuga pluus litrite ja narmastega\"}]},{\"@type\":\"WebSite\",\"@id\":\"https:\/\/www.karinibutiik.ee\/#website\",\"url\":\"https:\/\/www.karinibutiik.ee\/\",\"name\":\"Karini Butiik\",\"description\":\"\",\"publisher\":{\"@id\":\"https:\/\/www.karinibutiik.ee\/#organization\"},\"potentialAction\":[{\"@type\":\"SearchAction\",\"target\":{\"@type\":\"EntryPoint\",\"urlTemplate\":\"https:\/\/www.karinibutiik.ee\/?s={search_term_string}\"},\"query-input\":{\"@type\":\"PropertyValueSpecification\",\"valueRequired\":true,\"valueName\":\"search_term_string\"}}],\"inLanguage\":\"en-GB\"},{\"@type\":\"Organization\",\"@id\":\"https:\/\/www.karinibutiik.ee\/#organization\",\"name\":\"Karini Butiik\",\"url\":\"https:\/\/www.karinibutiik.ee\/\",\"logo\":{\"@type\":\"ImageObject\",\"inLanguage\":\"en-GB\",\"@id\":\"https:\/\/www.karinibutiik.ee\/#\/schema\/logo\/image\/\",\"url\":\"https:\/\/www.karinibutiik.ee\/wp-content\/uploads\/2024\/10\/Kuj.-K-koopia.png\",\"contentUrl\":\"https:\/\/www.karinibutiik.ee\/wp-content\/uploads\/2024\/10\/Kuj.-K-koopia.png\",\"width\":500,\"height\":500,\"caption\":\"Karini Butiik\"},\"image\":{\"@id\":\"https:\/\/www.karinibutiik.ee\/#\/schema\/logo\/image\/\"},\"sameAs\":[\"https:\/\/www.facebook.com\/karinibutiik.ee\",\"https:\/\/www.instagram.com\/karinibutiik\"]}]}<\/script>\n<meta property=\"og:availability\" content=\"out of stock\" \/>\n<meta property=\"product:availability\" content=\"out of stock\" \/>\n<meta property=\"product:retailer_item_id\" content=\"21511\" \/>\n<meta property=\"product:condition\" content=\"new\" \/>\n<!-- \/ Yoast SEO plugin. -->","yoast_head_json":{"title":"Lace blouse with sequins and fringes - Karini Butiik","description":"Add sparkle and uniqueness to your wardrobe with this tie blouse with sequins and fringe. Shine on a special occasion or everyday!","robots":{"index":"index","follow":"follow","max-snippet":"max-snippet:-1","max-image-preview":"max-image-preview:large","max-video-preview":"max-video-preview:-1"},"canonical":"https:\/\/www.karinibutiik.ee\/en\/product-2\/tie-blouse-with-sequins-and-fringes\/","og_locale":"en_GB","og_type":"article","og_title":"Lipsuga pluus litrite ja narmastega - Karini Butiik","og_description":"Lisage s\u00e4ra ja unikaalsust oma garderoobile selle lipsuga pluusiga litrite ja narmastega. S\u00e4rage erilisel s\u00fcndmusel v\u00f5i igap\u00e4evaselt!","og_url":"https:\/\/www.karinibutiik.ee\/en\/product-2\/tie-blouse-with-sequins-and-fringes\/","og_site_name":"Karini Butiik","article_publisher":"https:\/\/www.facebook.com\/karinibutiik.ee","article_modified_time":"2026-01-10T10:29:36+00:00","og_image":[{"width":827,"height":995,"url":"https:\/\/www.karinibutiik.ee\/wp-content\/uploads\/2024\/08\/231112_Karini_Butiikl_Erlend_Staub027-e1723026588855.jpg","type":"image\/jpeg"}],"twitter_card":"summary_large_image","twitter_misc":{"Availability":"Out of stock"},"schema":{"@context":"https:\/\/schema.org","@graph":[{"@type":"WebPage","@id":"https:\/\/www.karinibutiik.ee\/toode\/lipsuga-pluus-litrite-ja-narmastega\/","url":"https:\/\/www.karinibutiik.ee\/toode\/lipsuga-pluus-litrite-ja-narmastega\/","name":"Lace blouse with sequins and fringes - Karini Butiik","isPartOf":{"@id":"https:\/\/www.karinibutiik.ee\/#website"},"primaryImageOfPage":{"@id":"https:\/\/www.karinibutiik.ee\/toode\/lipsuga-pluus-litrite-ja-narmastega\/#primaryimage"},"image":{"@id":"https:\/\/www.karinibutiik.ee\/toode\/lipsuga-pluus-litrite-ja-narmastega\/#primaryimage"},"thumbnailUrl":"https:\/\/www.karinibutiik.ee\/wp-content\/uploads\/2024\/08\/231112_Karini_Butiikl_Erlend_Staub027-e1723026588855.jpg","datePublished":"2024-08-07T10:32:23+00:00","dateModified":"2026-01-10T10:29:36+00:00","description":"Add sparkle and uniqueness to your wardrobe with this tie blouse with sequins and fringe. Shine on a special occasion or everyday!","breadcrumb":{"@id":"https:\/\/www.karinibutiik.ee\/toode\/lipsuga-pluus-litrite-ja-narmastega\/#breadcrumb"},"inLanguage":"en-GB","potentialAction":[{"@type":"ReadAction","target":["https:\/\/www.karinibutiik.ee\/toode\/lipsuga-pluus-litrite-ja-narmastega\/"]}]},{"@type":"ImageObject","inLanguage":"en-GB","@id":"https:\/\/www.karinibutiik.ee\/toode\/lipsuga-pluus-litrite-ja-narmastega\/#primaryimage","url":"https:\/\/www.karinibutiik.ee\/wp-content\/uploads\/2024\/08\/231112_Karini_Butiikl_Erlend_Staub027-e1723026588855.jpg","contentUrl":"https:\/\/www.karinibutiik.ee\/wp-content\/uploads\/2024\/08\/231112_Karini_Butiikl_Erlend_Staub027-e1723026588855.jpg","width":827,"height":995},{"@type":"BreadcrumbList","@id":"https:\/\/www.karinibutiik.ee\/toode\/lipsuga-pluus-litrite-ja-narmastega\/#breadcrumb","itemListElement":[{"@type":"ListItem","position":1,"name":"Home","item":"https:\/\/www.karinibutiik.ee\/"},{"@type":"ListItem","position":2,"name":"Pood","item":"https:\/\/www.karinibutiik.ee\/pood\/"},{"@type":"ListItem","position":3,"name":"Lipsuga pluus litrite ja narmastega"}]},{"@type":"WebSite","@id":"https:\/\/www.karinibutiik.ee\/#website","url":"https:\/\/www.karinibutiik.ee\/","name":"Karini Butiik","description":"","publisher":{"@id":"https:\/\/www.karinibutiik.ee\/#organization"},"potentialAction":[{"@type":"SearchAction","target":{"@type":"EntryPoint","urlTemplate":"https:\/\/www.karinibutiik.ee\/?s={search_term_string}"},"query-input":{"@type":"PropertyValueSpecification","valueRequired":true,"valueName":"search_term_string"}}],"inLanguage":"en-GB"},{"@type":"Organization","@id":"https:\/\/www.karinibutiik.ee\/#organization","name":"Karini Butiik","url":"https:\/\/www.karinibutiik.ee\/","logo":{"@type":"ImageObject","inLanguage":"en-GB","@id":"https:\/\/www.karinibutiik.ee\/#\/schema\/logo\/image\/","url":"https:\/\/www.karinibutiik.ee\/wp-content\/uploads\/2024\/10\/Kuj.-K-koopia.png","contentUrl":"https:\/\/www.karinibutiik.ee\/wp-content\/uploads\/2024\/10\/Kuj.-K-koopia.png","width":500,"height":500,"caption":"Karini Butiik"},"image":{"@id":"https:\/\/www.karinibutiik.ee\/#\/schema\/logo\/image\/"},"sameAs":["https:\/\/www.facebook.com\/karinibutiik.ee","https:\/\/www.instagram.com\/karinibutiik"]}]},"og_availability":"out of stock","product_availability":"out of stock","product_retailer_item_id":"21511","product_condition":"new"},"_links":{"self":[{"href":"https:\/\/www.karinibutiik.ee\/en\/wp-json\/wp\/v2\/product\/17849","targetHints":{"allow":["GET"]}}],"collection":[{"href":"https:\/\/www.karinibutiik.ee\/en\/wp-json\/wp\/v2\/product"}],"about":[{"href":"https:\/\/www.karinibutiik.ee\/en\/wp-json\/wp\/v2\/types\/product"}],"version-history":[{"count":1,"href":"https:\/\/www.karinibutiik.ee\/en\/wp-json\/wp\/v2\/product\/17849\/revisions"}],"predecessor-version":[{"id":17861,"href":"https:\/\/www.karinibutiik.ee\/en\/wp-json\/wp\/v2\/product\/17849\/revisions\/17861"}],"wp:featuredmedia":[{"embeddable":true,"href":"https:\/\/www.karinibutiik.ee\/en\/wp-json\/wp\/v2\/media\/17858"}],"wp:attachment":[{"href":"https:\/\/www.karinibutiik.ee\/en\/wp-json\/wp\/v2\/media?parent=17849"}],"wp:term":[{"taxonomy":"product_brand","embeddable":true,"href":"https:\/\/www.karinibutiik.ee\/en\/wp-json\/wp\/v2\/product_brand?post=17849"},{"taxonomy":"product_cat","embeddable":true,"href":"https:\/\/www.karinibutiik.ee\/en\/wp-json\/wp\/v2\/product_cat?post=17849"},{"taxonomy":"product_tag","embeddable":true,"href":"https:\/\/www.karinibutiik.ee\/en\/wp-json\/wp\/v2\/product_tag?post=17849"}],"curies":[{"name":"wp","href":"https:\/\/api.w.org\/{rel}","templated":true}]}}