{"id":18085,"date":"2024-08-13T09:59:06","date_gmt":"2024-08-13T09:59:06","guid":{"rendered":"https:\/\/www.karinibutiik.ee\/?post_type=product&#038;p=18085"},"modified":"2025-07-01T06:59:41","modified_gmt":"2025-07-01T03:59:41","slug":"miniskirt-with-pockets","status":"publish","type":"product","link":"https:\/\/www.karinibutiik.ee\/en\/product-2\/miniskirt-with-pockets\/","title":{"rendered":"Mini skirt with pockets"},"content":{"rendered":"<p>Discover a new favourite for your wardrobe - a stylish miniskirt that combines comfort and modern design. This skirt has practical pockets that add both functionality and style. A concealed closure on the back ensures a smooth and clean finish, keeping the skirt's line immaculate. The ideal choice for everyday activities as well as more special occasions, this miniskirt pairs perfectly with a variety of tops, shirts and jackets, creating an always sophisticated and on-trend ensemble.<\/p>","protected":false},"excerpt":{"rendered":"<p>Not true to size!<\/p>\n<p>S\/M belt circumference 66cm<\/p>\n<p>M\/L belt circumference 70cm<\/p>","protected":false},"featured_media":18083,"template":"","meta":{"site-sidebar-layout":"default","site-content-layout":"","ast-site-content-layout":"default","site-content-style":"default","site-sidebar-style":"default","ast-global-header-display":"","ast-banner-title-visibility":"","ast-main-header-display":"","ast-hfb-above-header-display":"","ast-hfb-below-header-display":"","ast-hfb-mobile-header-display":"","site-post-title":"","ast-breadcrumbs-content":"","ast-featured-img":"","footer-sml-layout":"","ast-disable-related-posts":"","theme-transparent-header-meta":"default","adv-header-id-meta":"","stick-header-meta":"default","header-above-stick-meta":"","header-main-stick-meta":"","header-below-stick-meta":"","astra-migrate-meta-layouts":"set","ast-page-background-enabled":"default","ast-page-background-meta":{"desktop":{"background-color":"var(--ast-global-color-4)","background-image":"","background-repeat":"repeat","background-position":"center center","background-size":"auto","background-attachment":"scroll","background-type":"","background-media":"","overlay-type":"","overlay-color":"","overlay-opacity":"","overlay-gradient":""},"tablet":{"background-color":"","background-image":"","background-repeat":"repeat","background-position":"center center","background-size":"auto","background-attachment":"scroll","background-type":"","background-media":"","overlay-type":"","overlay-color":"","overlay-opacity":"","overlay-gradient":""},"mobile":{"background-color":"","background-image":"","background-repeat":"repeat","background-position":"center center","background-size":"auto","background-attachment":"scroll","background-type":"","background-media":"","overlay-type":"","overlay-color":"","overlay-opacity":"","overlay-gradient":""}},"ast-content-background-meta":{"desktop":{"background-color":"var(--ast-global-color-5)","background-image":"","background-repeat":"repeat","background-position":"center center","background-size":"auto","background-attachment":"scroll","background-type":"","background-media":"","overlay-type":"","overlay-color":"","overlay-opacity":"","overlay-gradient":""},"tablet":{"background-color":"var(--ast-global-color-5)","background-image":"","background-repeat":"repeat","background-position":"center center","background-size":"auto","background-attachment":"scroll","background-type":"","background-media":"","overlay-type":"","overlay-color":"","overlay-opacity":"","overlay-gradient":""},"mobile":{"background-color":"var(--ast-global-color-5)","background-image":"","background-repeat":"repeat","background-position":"center center","background-size":"auto","background-attachment":"scroll","background-type":"","background-media":"","overlay-type":"","overlay-color":"","overlay-opacity":"","overlay-gradient":""}}},"product_brand":[],"product_cat":[367,346,354,384,453],"product_tag":[501,830,828,833,831,832],"class_list":{"0":"post-18085","1":"product","2":"type-product","3":"status-publish","4":"has-post-thumbnail","6":"product_cat-allahindlus","7":"product_cat-naised","8":"product_cat-puksid-seelikud","9":"product_cat-seelikud","10":"product_cat-soodus","11":"product_tag-karini-butiik","12":"product_tag-miniseelikud","13":"product_tag-naisteriided","14":"product_tag-roosa-seelik","15":"product_tag-takstiilseelik","16":"product_tag-taskutega-seelik","17":"desktop-align-center","18":"tablet-align-center","19":"mobile-align-center","20":"ast-product-gallery-layout-horizontal-slider","21":"ast-product-single-variable","22":"ast-product-tabs-layout-horizontal","24":"first","25":"instock","26":"sale","27":"taxable","28":"shipping-taxable","29":"purchasable","30":"product-type-variable"},"supplier_id":null,"supplier_sku":"","barcode":null,"atum_controlled":true,"out_stock_date":null,"out_stock_threshold":null,"inheritable":true,"inbound_stock":0,"stock_on_hold":0,"sold_today":0,"sales_last_days":0,"reserved_stock":0,"customer_returns":0,"warehouse_damage":0,"lost_in_post":0,"other_logs":0,"out_stock_days":0,"lost_sales":0,"has_location":false,"update_date":"2025-12-04T01:26:34","atum_locations":[],"atum_stock_status":"instock","restock_status":false,"low_stock_amount":"","sales_update_date":"2025-12-04T01:26:34","calc_backorders":null,"yoast_head":"<!-- This site is optimized with the Yoast SEO plugin v26.9 - https:\/\/yoast.com\/product\/yoast-seo-wordpress\/ -->\n<title>Taskutega miniseelik - Karini Butiik<\/title>\n<meta name=\"description\" content=\"Avasta oma garderoobi uus lemmik - praktiliste taskutega roosa miniseelik! Stiilne, mugav ja t\u00e4iuslik iga v\u00e4ljundi jaoks. Osta n\u00fc\u00fcd \u2713\" \/>\n<meta name=\"robots\" content=\"index, follow, max-snippet:-1, max-image-preview:large, max-video-preview:-1\" \/>\n<link rel=\"canonical\" href=\"https:\/\/www.karinibutiik.ee\/en\/product-2\/miniskirt-with-pockets\/\" \/>\n<meta property=\"og:locale\" content=\"en_GB\" \/>\n<meta property=\"og:type\" content=\"article\" \/>\n<meta property=\"og:title\" content=\"Taskutega miniseelik - Karini Butiik\" \/>\n<meta property=\"og:description\" content=\"Avasta oma garderoobi uus lemmik - praktiliste taskutega roosa miniseelik! Stiilne, mugav ja t\u00e4iuslik iga v\u00e4ljundi jaoks. Osta n\u00fc\u00fcd \u2713\" \/>\n<meta property=\"og:url\" content=\"https:\/\/www.karinibutiik.ee\/en\/product-2\/miniskirt-with-pockets\/\" \/>\n<meta property=\"og:site_name\" content=\"Karini Butiik\" \/>\n<meta property=\"article:publisher\" content=\"https:\/\/www.facebook.com\/karinibutiik.ee\" \/>\n<meta property=\"article:modified_time\" content=\"2025-07-01T03:59:41+00:00\" \/>\n<meta property=\"og:image\" content=\"https:\/\/www.karinibutiik.ee\/wp-content\/uploads\/2024\/08\/227B15C2-7102-4D66-BFD4-A83387362756-e1723542696933.jpeg\" \/>\n\t<meta property=\"og:image:width\" content=\"762\" \/>\n\t<meta property=\"og:image:height\" content=\"900\" \/>\n\t<meta property=\"og:image:type\" content=\"image\/jpeg\" \/>\n<meta name=\"twitter:card\" content=\"summary_large_image\" \/>\n<meta name=\"twitter:label1\" content=\"Availability\" \/>\n\t<meta name=\"twitter:data1\" content=\"In stock\" \/>\n<script type=\"application\/ld+json\" class=\"yoast-schema-graph\">{\"@context\":\"https:\/\/schema.org\",\"@graph\":[{\"@type\":\"WebPage\",\"@id\":\"https:\/\/www.karinibutiik.ee\/toode\/taskutega-miniseelik\/\",\"url\":\"https:\/\/www.karinibutiik.ee\/toode\/taskutega-miniseelik\/\",\"name\":\"Taskutega miniseelik - Karini Butiik\",\"isPartOf\":{\"@id\":\"https:\/\/www.karinibutiik.ee\/#website\"},\"primaryImageOfPage\":{\"@id\":\"https:\/\/www.karinibutiik.ee\/toode\/taskutega-miniseelik\/#primaryimage\"},\"image\":{\"@id\":\"https:\/\/www.karinibutiik.ee\/toode\/taskutega-miniseelik\/#primaryimage\"},\"thumbnailUrl\":\"https:\/\/www.karinibutiik.ee\/wp-content\/uploads\/2024\/08\/227B15C2-7102-4D66-BFD4-A83387362756-e1723542696933.jpeg\",\"datePublished\":\"2024-08-13T09:59:06+00:00\",\"dateModified\":\"2025-07-01T03:59:41+00:00\",\"description\":\"Avasta oma garderoobi uus lemmik - praktiliste taskutega roosa miniseelik! Stiilne, mugav ja t\u00e4iuslik iga v\u00e4ljundi jaoks. Osta n\u00fc\u00fcd \u2713\",\"breadcrumb\":{\"@id\":\"https:\/\/www.karinibutiik.ee\/toode\/taskutega-miniseelik\/#breadcrumb\"},\"inLanguage\":\"en-GB\",\"potentialAction\":[{\"@type\":\"ReadAction\",\"target\":[\"https:\/\/www.karinibutiik.ee\/toode\/taskutega-miniseelik\/\"]}]},{\"@type\":\"ImageObject\",\"inLanguage\":\"en-GB\",\"@id\":\"https:\/\/www.karinibutiik.ee\/toode\/taskutega-miniseelik\/#primaryimage\",\"url\":\"https:\/\/www.karinibutiik.ee\/wp-content\/uploads\/2024\/08\/227B15C2-7102-4D66-BFD4-A83387362756-e1723542696933.jpeg\",\"contentUrl\":\"https:\/\/www.karinibutiik.ee\/wp-content\/uploads\/2024\/08\/227B15C2-7102-4D66-BFD4-A83387362756-e1723542696933.jpeg\",\"width\":762,\"height\":900},{\"@type\":\"BreadcrumbList\",\"@id\":\"https:\/\/www.karinibutiik.ee\/toode\/taskutega-miniseelik\/#breadcrumb\",\"itemListElement\":[{\"@type\":\"ListItem\",\"position\":1,\"name\":\"Home\",\"item\":\"https:\/\/www.karinibutiik.ee\/\"},{\"@type\":\"ListItem\",\"position\":2,\"name\":\"Pood\",\"item\":\"https:\/\/www.karinibutiik.ee\/pood\/\"},{\"@type\":\"ListItem\",\"position\":3,\"name\":\"Taskutega miniseelik\"}]},{\"@type\":\"WebSite\",\"@id\":\"https:\/\/www.karinibutiik.ee\/#website\",\"url\":\"https:\/\/www.karinibutiik.ee\/\",\"name\":\"Karini Butiik\",\"description\":\"\",\"publisher\":{\"@id\":\"https:\/\/www.karinibutiik.ee\/#organization\"},\"potentialAction\":[{\"@type\":\"SearchAction\",\"target\":{\"@type\":\"EntryPoint\",\"urlTemplate\":\"https:\/\/www.karinibutiik.ee\/?s={search_term_string}\"},\"query-input\":{\"@type\":\"PropertyValueSpecification\",\"valueRequired\":true,\"valueName\":\"search_term_string\"}}],\"inLanguage\":\"en-GB\"},{\"@type\":\"Organization\",\"@id\":\"https:\/\/www.karinibutiik.ee\/#organization\",\"name\":\"Karini Butiik\",\"url\":\"https:\/\/www.karinibutiik.ee\/\",\"logo\":{\"@type\":\"ImageObject\",\"inLanguage\":\"en-GB\",\"@id\":\"https:\/\/www.karinibutiik.ee\/#\/schema\/logo\/image\/\",\"url\":\"https:\/\/www.karinibutiik.ee\/wp-content\/uploads\/2024\/10\/Kuj.-K-koopia.png\",\"contentUrl\":\"https:\/\/www.karinibutiik.ee\/wp-content\/uploads\/2024\/10\/Kuj.-K-koopia.png\",\"width\":500,\"height\":500,\"caption\":\"Karini Butiik\"},\"image\":{\"@id\":\"https:\/\/www.karinibutiik.ee\/#\/schema\/logo\/image\/\"},\"sameAs\":[\"https:\/\/www.facebook.com\/karinibutiik.ee\",\"https:\/\/www.instagram.com\/karinibutiik\"]}]}<\/script>\n<meta property=\"og:availability\" content=\"instock\" \/>\n<meta property=\"product:availability\" content=\"instock\" \/>\n<meta property=\"product:retailer_item_id\" content=\"0598-2\" \/>\n<meta property=\"product:condition\" content=\"new\" \/>\n<!-- \/ Yoast SEO plugin. -->","yoast_head_json":{"title":"Mini skirt with pockets - Karini Butiik","description":"Discover the new favourite in your wardrobe - a pink miniskirt with practical pockets! Stylish, comfortable and perfect for any outfit. Buy now \u2713","robots":{"index":"index","follow":"follow","max-snippet":"max-snippet:-1","max-image-preview":"max-image-preview:large","max-video-preview":"max-video-preview:-1"},"canonical":"https:\/\/www.karinibutiik.ee\/en\/product-2\/miniskirt-with-pockets\/","og_locale":"en_GB","og_type":"article","og_title":"Taskutega miniseelik - Karini Butiik","og_description":"Avasta oma garderoobi uus lemmik - praktiliste taskutega roosa miniseelik! Stiilne, mugav ja t\u00e4iuslik iga v\u00e4ljundi jaoks. Osta n\u00fc\u00fcd \u2713","og_url":"https:\/\/www.karinibutiik.ee\/en\/product-2\/miniskirt-with-pockets\/","og_site_name":"Karini Butiik","article_publisher":"https:\/\/www.facebook.com\/karinibutiik.ee","article_modified_time":"2025-07-01T03:59:41+00:00","og_image":[{"width":762,"height":900,"url":"https:\/\/www.karinibutiik.ee\/wp-content\/uploads\/2024\/08\/227B15C2-7102-4D66-BFD4-A83387362756-e1723542696933.jpeg","type":"image\/jpeg"}],"twitter_card":"summary_large_image","twitter_misc":{"Availability":"In stock"},"schema":{"@context":"https:\/\/schema.org","@graph":[{"@type":"WebPage","@id":"https:\/\/www.karinibutiik.ee\/toode\/taskutega-miniseelik\/","url":"https:\/\/www.karinibutiik.ee\/toode\/taskutega-miniseelik\/","name":"Mini skirt with pockets - Karini Butiik","isPartOf":{"@id":"https:\/\/www.karinibutiik.ee\/#website"},"primaryImageOfPage":{"@id":"https:\/\/www.karinibutiik.ee\/toode\/taskutega-miniseelik\/#primaryimage"},"image":{"@id":"https:\/\/www.karinibutiik.ee\/toode\/taskutega-miniseelik\/#primaryimage"},"thumbnailUrl":"https:\/\/www.karinibutiik.ee\/wp-content\/uploads\/2024\/08\/227B15C2-7102-4D66-BFD4-A83387362756-e1723542696933.jpeg","datePublished":"2024-08-13T09:59:06+00:00","dateModified":"2025-07-01T03:59:41+00:00","description":"Discover the new favourite in your wardrobe - a pink miniskirt with practical pockets! Stylish, comfortable and perfect for any outfit. Buy now \u2713","breadcrumb":{"@id":"https:\/\/www.karinibutiik.ee\/toode\/taskutega-miniseelik\/#breadcrumb"},"inLanguage":"en-GB","potentialAction":[{"@type":"ReadAction","target":["https:\/\/www.karinibutiik.ee\/toode\/taskutega-miniseelik\/"]}]},{"@type":"ImageObject","inLanguage":"en-GB","@id":"https:\/\/www.karinibutiik.ee\/toode\/taskutega-miniseelik\/#primaryimage","url":"https:\/\/www.karinibutiik.ee\/wp-content\/uploads\/2024\/08\/227B15C2-7102-4D66-BFD4-A83387362756-e1723542696933.jpeg","contentUrl":"https:\/\/www.karinibutiik.ee\/wp-content\/uploads\/2024\/08\/227B15C2-7102-4D66-BFD4-A83387362756-e1723542696933.jpeg","width":762,"height":900},{"@type":"BreadcrumbList","@id":"https:\/\/www.karinibutiik.ee\/toode\/taskutega-miniseelik\/#breadcrumb","itemListElement":[{"@type":"ListItem","position":1,"name":"Home","item":"https:\/\/www.karinibutiik.ee\/"},{"@type":"ListItem","position":2,"name":"Pood","item":"https:\/\/www.karinibutiik.ee\/pood\/"},{"@type":"ListItem","position":3,"name":"Taskutega miniseelik"}]},{"@type":"WebSite","@id":"https:\/\/www.karinibutiik.ee\/#website","url":"https:\/\/www.karinibutiik.ee\/","name":"Karini Butiik","description":"","publisher":{"@id":"https:\/\/www.karinibutiik.ee\/#organization"},"potentialAction":[{"@type":"SearchAction","target":{"@type":"EntryPoint","urlTemplate":"https:\/\/www.karinibutiik.ee\/?s={search_term_string}"},"query-input":{"@type":"PropertyValueSpecification","valueRequired":true,"valueName":"search_term_string"}}],"inLanguage":"en-GB"},{"@type":"Organization","@id":"https:\/\/www.karinibutiik.ee\/#organization","name":"Karini Butiik","url":"https:\/\/www.karinibutiik.ee\/","logo":{"@type":"ImageObject","inLanguage":"en-GB","@id":"https:\/\/www.karinibutiik.ee\/#\/schema\/logo\/image\/","url":"https:\/\/www.karinibutiik.ee\/wp-content\/uploads\/2024\/10\/Kuj.-K-koopia.png","contentUrl":"https:\/\/www.karinibutiik.ee\/wp-content\/uploads\/2024\/10\/Kuj.-K-koopia.png","width":500,"height":500,"caption":"Karini Butiik"},"image":{"@id":"https:\/\/www.karinibutiik.ee\/#\/schema\/logo\/image\/"},"sameAs":["https:\/\/www.facebook.com\/karinibutiik.ee","https:\/\/www.instagram.com\/karinibutiik"]}]},"og_availability":"instock","product_availability":"instock","product_retailer_item_id":"0598-2","product_condition":"new"},"_links":{"self":[{"href":"https:\/\/www.karinibutiik.ee\/en\/wp-json\/wp\/v2\/product\/18085","targetHints":{"allow":["GET"]}}],"collection":[{"href":"https:\/\/www.karinibutiik.ee\/en\/wp-json\/wp\/v2\/product"}],"about":[{"href":"https:\/\/www.karinibutiik.ee\/en\/wp-json\/wp\/v2\/types\/product"}],"version-history":[{"count":1,"href":"https:\/\/www.karinibutiik.ee\/en\/wp-json\/wp\/v2\/product\/18085\/revisions"}],"predecessor-version":[{"id":18088,"href":"https:\/\/www.karinibutiik.ee\/en\/wp-json\/wp\/v2\/product\/18085\/revisions\/18088"}],"wp:featuredmedia":[{"embeddable":true,"href":"https:\/\/www.karinibutiik.ee\/en\/wp-json\/wp\/v2\/media\/18083"}],"wp:attachment":[{"href":"https:\/\/www.karinibutiik.ee\/en\/wp-json\/wp\/v2\/media?parent=18085"}],"wp:term":[{"taxonomy":"product_brand","embeddable":true,"href":"https:\/\/www.karinibutiik.ee\/en\/wp-json\/wp\/v2\/product_brand?post=18085"},{"taxonomy":"product_cat","embeddable":true,"href":"https:\/\/www.karinibutiik.ee\/en\/wp-json\/wp\/v2\/product_cat?post=18085"},{"taxonomy":"product_tag","embeddable":true,"href":"https:\/\/www.karinibutiik.ee\/en\/wp-json\/wp\/v2\/product_tag?post=18085"}],"curies":[{"name":"wp","href":"https:\/\/api.w.org\/{rel}","templated":true}]}}