{"id":18313,"date":"2024-08-17T09:00:40","date_gmt":"2024-08-17T09:00:40","guid":{"rendered":"https:\/\/www.karinibutiik.ee\/?post_type=product&#038;p=18313"},"modified":"2025-12-16T14:56:19","modified_gmt":"2025-12-16T12:56:19","slug":"dangerous-summer-dress","status":"publish","type":"product","link":"https:\/\/www.karinibutiik.ee\/en\/product-2\/dangerous-summer-dress\/","title":{"rendered":"AIRY SUMMER DRESS"},"content":{"rendered":"<p>A breezy floral mini length summer dress that's feminine, light and comfortable. The bust fastens with buttons, while the midriff is accentuated with an elasticated elastic waistband for added comfort and style. Perfect for summer days, offering both elegance and practicality.<\/p>","protected":false},"excerpt":{"rendered":"<p>\u00d5huline lillemustriga minipikkuses suvekleit, mis on naiselikult kerge ja mugav. Kleidi rinnaosa kinnitub n\u00f6\u00f6pidega, keskosa r\u00f5hutab figuuri elastse kummiv\u00f6\u00f6ga, lisades [&hellip;]<\/p>\n","protected":false},"featured_media":18314,"template":"","meta":{"site-sidebar-layout":"default","site-content-layout":"","ast-site-content-layout":"default","site-content-style":"default","site-sidebar-style":"default","ast-global-header-display":"","ast-banner-title-visibility":"","ast-main-header-display":"","ast-hfb-above-header-display":"","ast-hfb-below-header-display":"","ast-hfb-mobile-header-display":"","site-post-title":"","ast-breadcrumbs-content":"","ast-featured-img":"","footer-sml-layout":"","ast-disable-related-posts":"","theme-transparent-header-meta":"default","adv-header-id-meta":"","stick-header-meta":"default","header-above-stick-meta":"","header-main-stick-meta":"","header-below-stick-meta":"","astra-migrate-meta-layouts":"set","ast-page-background-enabled":"default","ast-page-background-meta":{"desktop":{"background-color":"var(--ast-global-color-4)","background-image":"","background-repeat":"repeat","background-position":"center center","background-size":"auto","background-attachment":"scroll","background-type":"","background-media":"","overlay-type":"","overlay-color":"","overlay-opacity":"","overlay-gradient":""},"tablet":{"background-color":"","background-image":"","background-repeat":"repeat","background-position":"center center","background-size":"auto","background-attachment":"scroll","background-type":"","background-media":"","overlay-type":"","overlay-color":"","overlay-opacity":"","overlay-gradient":""},"mobile":{"background-color":"","background-image":"","background-repeat":"repeat","background-position":"center center","background-size":"auto","background-attachment":"scroll","background-type":"","background-media":"","overlay-type":"","overlay-color":"","overlay-opacity":"","overlay-gradient":""}},"ast-content-background-meta":{"desktop":{"background-color":"var(--ast-global-color-5)","background-image":"","background-repeat":"repeat","background-position":"center center","background-size":"auto","background-attachment":"scroll","background-type":"","background-media":"","overlay-type":"","overlay-color":"","overlay-opacity":"","overlay-gradient":""},"tablet":{"background-color":"var(--ast-global-color-5)","background-image":"","background-repeat":"repeat","background-position":"center center","background-size":"auto","background-attachment":"scroll","background-type":"","background-media":"","overlay-type":"","overlay-color":"","overlay-opacity":"","overlay-gradient":""},"mobile":{"background-color":"var(--ast-global-color-5)","background-image":"","background-repeat":"repeat","background-position":"center center","background-size":"auto","background-attachment":"scroll","background-type":"","background-media":"","overlay-type":"","overlay-color":"","overlay-opacity":"","overlay-gradient":""}}},"product_brand":[],"product_cat":[453,367,346,347,364],"product_tag":[475,596,871,501,477,891,893,892,239,890,503,811],"class_list":{"0":"post-18313","1":"product","2":"type-product","3":"status-publish","4":"has-post-thumbnail","6":"product_cat-soodus","7":"product_cat-allahindlus","8":"product_cat-naised","9":"product_cat-kleidid","10":"product_cat-minikleidid","11":"product_tag-dresshouse","12":"product_tag-get-dressed","13":"product_tag-hm","14":"product_tag-karini-butiik","15":"product_tag-kleidibutiik","16":"product_tag-kleidid-epood","17":"product_tag-lendlev-kleit","18":"product_tag-lilleline-kleit","19":"product_tag-minikleit","20":"product_tag-soodusmuuk","21":"product_tag-suvekleit","22":"product_tag-zara","23":"desktop-align-center","24":"tablet-align-center","25":"mobile-align-center","26":"ast-product-gallery-layout-horizontal-slider","27":"ast-product-single-variable","28":"ast-product-tabs-layout-horizontal","30":"first","31":"outofstock","32":"taxable","33":"shipping-taxable","34":"product-type-variable"},"supplier_id":null,"supplier_sku":"","barcode":null,"atum_controlled":true,"out_stock_date":null,"out_stock_threshold":null,"inheritable":true,"inbound_stock":0,"stock_on_hold":0,"sold_today":0,"sales_last_days":0,"reserved_stock":0,"customer_returns":0,"warehouse_damage":0,"lost_in_post":0,"other_logs":0,"out_stock_days":0,"lost_sales":0,"has_location":false,"update_date":"2025-12-04T01:26:57","atum_locations":[],"atum_stock_status":"instock","restock_status":false,"low_stock_amount":"","sales_update_date":"2025-12-04T01:26:57","calc_backorders":null,"yoast_head":"<!-- This site is optimized with the Yoast SEO plugin v27.6 - https:\/\/yoast.com\/product\/yoast-seo-wordpress\/ -->\n<title>\u00d5HULINE SUVEKLEIT - Karini Butiik<\/title>\n<meta name=\"description\" content=\"Lilleline suvekleit, mis on \u00f5huline ja mugav. Trendikas minikleit, mis sobib suvisteks p\u00e4evadeks. Avasta elegantsi ja praktilisust meie butiigis! \ud83c\udf38\" \/>\n<meta name=\"robots\" content=\"index, follow, max-snippet:-1, max-image-preview:large, max-video-preview:-1\" \/>\n<link rel=\"canonical\" href=\"https:\/\/www.karinibutiik.ee\/en\/product-2\/dangerous-summer-dress\/\" \/>\n<meta property=\"og:locale\" content=\"en_GB\" \/>\n<meta property=\"og:type\" content=\"article\" \/>\n<meta property=\"og:title\" content=\"\u00d5HULINE SUVEKLEIT - Karini Butiik\" \/>\n<meta property=\"og:description\" content=\"Lilleline suvekleit, mis on \u00f5huline ja mugav. Trendikas minikleit, mis sobib suvisteks p\u00e4evadeks. Avasta elegantsi ja praktilisust meie butiigis! \ud83c\udf38\" \/>\n<meta property=\"og:url\" content=\"https:\/\/www.karinibutiik.ee\/en\/product-2\/dangerous-summer-dress\/\" \/>\n<meta property=\"og:site_name\" content=\"Karini Butiik\" \/>\n<meta property=\"article:publisher\" content=\"https:\/\/www.facebook.com\/karinibutiik.ee\" \/>\n<meta property=\"article:modified_time\" content=\"2025-12-16T12:56:19+00:00\" \/>\n<meta property=\"og:image\" content=\"https:\/\/www.karinibutiik.ee\/wp-content\/uploads\/2024\/08\/IMG_4009.jpeg\" \/>\n\t<meta property=\"og:image:width\" content=\"1200\" \/>\n\t<meta property=\"og:image:height\" content=\"1500\" \/>\n\t<meta property=\"og:image:type\" content=\"image\/jpeg\" \/>\n<meta name=\"twitter:card\" content=\"summary_large_image\" \/>\n<meta name=\"twitter:label1\" content=\"Availability\" \/>\n\t<meta name=\"twitter:data1\" content=\"Out of stock\" \/>\n<script type=\"application\/ld+json\" class=\"yoast-schema-graph\">{\"@context\":\"https:\\\/\\\/schema.org\",\"@graph\":[{\"@type\":\"WebPage\",\"@id\":\"https:\\\/\\\/www.karinibutiik.ee\\\/toode\\\/ohuline-suvekleit\\\/\",\"url\":\"https:\\\/\\\/www.karinibutiik.ee\\\/toode\\\/ohuline-suvekleit\\\/\",\"name\":\"\u00d5HULINE SUVEKLEIT - Karini Butiik\",\"isPartOf\":{\"@id\":\"https:\\\/\\\/www.karinibutiik.ee\\\/#website\"},\"primaryImageOfPage\":{\"@id\":\"https:\\\/\\\/www.karinibutiik.ee\\\/toode\\\/ohuline-suvekleit\\\/#primaryimage\"},\"image\":{\"@id\":\"https:\\\/\\\/www.karinibutiik.ee\\\/toode\\\/ohuline-suvekleit\\\/#primaryimage\"},\"thumbnailUrl\":\"https:\\\/\\\/www.karinibutiik.ee\\\/wp-content\\\/uploads\\\/2024\\\/08\\\/IMG_4009.jpeg\",\"datePublished\":\"2024-08-17T09:00:40+00:00\",\"dateModified\":\"2025-12-16T12:56:19+00:00\",\"description\":\"Lilleline suvekleit, mis on \u00f5huline ja mugav. Trendikas minikleit, mis sobib suvisteks p\u00e4evadeks. Avasta elegantsi ja praktilisust meie butiigis! \ud83c\udf38\",\"breadcrumb\":{\"@id\":\"https:\\\/\\\/www.karinibutiik.ee\\\/toode\\\/ohuline-suvekleit\\\/#breadcrumb\"},\"inLanguage\":\"en-GB\",\"potentialAction\":[{\"@type\":\"ReadAction\",\"target\":[\"https:\\\/\\\/www.karinibutiik.ee\\\/toode\\\/ohuline-suvekleit\\\/\"]}]},{\"@type\":\"ImageObject\",\"inLanguage\":\"en-GB\",\"@id\":\"https:\\\/\\\/www.karinibutiik.ee\\\/toode\\\/ohuline-suvekleit\\\/#primaryimage\",\"url\":\"https:\\\/\\\/www.karinibutiik.ee\\\/wp-content\\\/uploads\\\/2024\\\/08\\\/IMG_4009.jpeg\",\"contentUrl\":\"https:\\\/\\\/www.karinibutiik.ee\\\/wp-content\\\/uploads\\\/2024\\\/08\\\/IMG_4009.jpeg\",\"width\":1200,\"height\":1500},{\"@type\":\"BreadcrumbList\",\"@id\":\"https:\\\/\\\/www.karinibutiik.ee\\\/toode\\\/ohuline-suvekleit\\\/#breadcrumb\",\"itemListElement\":[{\"@type\":\"ListItem\",\"position\":1,\"name\":\"Home\",\"item\":\"https:\\\/\\\/www.karinibutiik.ee\\\/\"},{\"@type\":\"ListItem\",\"position\":2,\"name\":\"Pood\",\"item\":\"https:\\\/\\\/www.karinibutiik.ee\\\/pood\\\/\"},{\"@type\":\"ListItem\",\"position\":3,\"name\":\"\u00d5HULINE SUVEKLEIT\"}]},{\"@type\":\"WebSite\",\"@id\":\"https:\\\/\\\/www.karinibutiik.ee\\\/#website\",\"url\":\"https:\\\/\\\/www.karinibutiik.ee\\\/\",\"name\":\"Karini Butiik\",\"description\":\"\",\"publisher\":{\"@id\":\"https:\\\/\\\/www.karinibutiik.ee\\\/#organization\"},\"potentialAction\":[{\"@type\":\"SearchAction\",\"target\":{\"@type\":\"EntryPoint\",\"urlTemplate\":\"https:\\\/\\\/www.karinibutiik.ee\\\/?s={search_term_string}\"},\"query-input\":{\"@type\":\"PropertyValueSpecification\",\"valueRequired\":true,\"valueName\":\"search_term_string\"}}],\"inLanguage\":\"en-GB\"},{\"@type\":\"Organization\",\"@id\":\"https:\\\/\\\/www.karinibutiik.ee\\\/#organization\",\"name\":\"Karini Butiik\",\"url\":\"https:\\\/\\\/www.karinibutiik.ee\\\/\",\"logo\":{\"@type\":\"ImageObject\",\"inLanguage\":\"en-GB\",\"@id\":\"https:\\\/\\\/www.karinibutiik.ee\\\/#\\\/schema\\\/logo\\\/image\\\/\",\"url\":\"https:\\\/\\\/www.karinibutiik.ee\\\/wp-content\\\/uploads\\\/2024\\\/10\\\/Kuj.-K-koopia.png\",\"contentUrl\":\"https:\\\/\\\/www.karinibutiik.ee\\\/wp-content\\\/uploads\\\/2024\\\/10\\\/Kuj.-K-koopia.png\",\"width\":500,\"height\":500,\"caption\":\"Karini Butiik\"},\"image\":{\"@id\":\"https:\\\/\\\/www.karinibutiik.ee\\\/#\\\/schema\\\/logo\\\/image\\\/\"},\"sameAs\":[\"https:\\\/\\\/www.facebook.com\\\/karinibutiik.ee\",\"https:\\\/\\\/www.instagram.com\\\/karinibutiik\"]}]}<\/script>\n<meta property=\"og:availability\" content=\"out of stock\" \/>\n<meta property=\"product:availability\" content=\"out of stock\" \/>\n<meta property=\"product:retailer_item_id\" content=\"0693-5\" \/>\n<meta property=\"product:condition\" content=\"new\" \/>\n<!-- \/ Yoast SEO plugin. -->","yoast_head_json":{"title":"HAPPY SUMMER CLOTHES - Karini Butiik","description":"A floral summer dress that is airy and comfortable. A trendy mini dress for summer days. Discover elegance and practicality in our boutique! \ud83c\udf38","robots":{"index":"index","follow":"follow","max-snippet":"max-snippet:-1","max-image-preview":"max-image-preview:large","max-video-preview":"max-video-preview:-1"},"canonical":"https:\/\/www.karinibutiik.ee\/en\/product-2\/dangerous-summer-dress\/","og_locale":"en_GB","og_type":"article","og_title":"\u00d5HULINE SUVEKLEIT - Karini Butiik","og_description":"Lilleline suvekleit, mis on \u00f5huline ja mugav. Trendikas minikleit, mis sobib suvisteks p\u00e4evadeks. Avasta elegantsi ja praktilisust meie butiigis! \ud83c\udf38","og_url":"https:\/\/www.karinibutiik.ee\/en\/product-2\/dangerous-summer-dress\/","og_site_name":"Karini Butiik","article_publisher":"https:\/\/www.facebook.com\/karinibutiik.ee","article_modified_time":"2025-12-16T12:56:19+00:00","og_image":[{"width":1200,"height":1500,"url":"https:\/\/www.karinibutiik.ee\/wp-content\/uploads\/2024\/08\/IMG_4009.jpeg","type":"image\/jpeg"}],"twitter_card":"summary_large_image","twitter_misc":{"Availability":"Out of stock"},"schema":{"@context":"https:\/\/schema.org","@graph":[{"@type":"WebPage","@id":"https:\/\/www.karinibutiik.ee\/toode\/ohuline-suvekleit\/","url":"https:\/\/www.karinibutiik.ee\/toode\/ohuline-suvekleit\/","name":"HAPPY SUMMER CLOTHES - Karini Butiik","isPartOf":{"@id":"https:\/\/www.karinibutiik.ee\/#website"},"primaryImageOfPage":{"@id":"https:\/\/www.karinibutiik.ee\/toode\/ohuline-suvekleit\/#primaryimage"},"image":{"@id":"https:\/\/www.karinibutiik.ee\/toode\/ohuline-suvekleit\/#primaryimage"},"thumbnailUrl":"https:\/\/www.karinibutiik.ee\/wp-content\/uploads\/2024\/08\/IMG_4009.jpeg","datePublished":"2024-08-17T09:00:40+00:00","dateModified":"2025-12-16T12:56:19+00:00","description":"A floral summer dress that is airy and comfortable. A trendy mini dress for summer days. Discover elegance and practicality in our boutique! \ud83c\udf38","breadcrumb":{"@id":"https:\/\/www.karinibutiik.ee\/toode\/ohuline-suvekleit\/#breadcrumb"},"inLanguage":"en-GB","potentialAction":[{"@type":"ReadAction","target":["https:\/\/www.karinibutiik.ee\/toode\/ohuline-suvekleit\/"]}]},{"@type":"ImageObject","inLanguage":"en-GB","@id":"https:\/\/www.karinibutiik.ee\/toode\/ohuline-suvekleit\/#primaryimage","url":"https:\/\/www.karinibutiik.ee\/wp-content\/uploads\/2024\/08\/IMG_4009.jpeg","contentUrl":"https:\/\/www.karinibutiik.ee\/wp-content\/uploads\/2024\/08\/IMG_4009.jpeg","width":1200,"height":1500},{"@type":"BreadcrumbList","@id":"https:\/\/www.karinibutiik.ee\/toode\/ohuline-suvekleit\/#breadcrumb","itemListElement":[{"@type":"ListItem","position":1,"name":"Home","item":"https:\/\/www.karinibutiik.ee\/"},{"@type":"ListItem","position":2,"name":"Pood","item":"https:\/\/www.karinibutiik.ee\/pood\/"},{"@type":"ListItem","position":3,"name":"\u00d5HULINE SUVEKLEIT"}]},{"@type":"WebSite","@id":"https:\/\/www.karinibutiik.ee\/#website","url":"https:\/\/www.karinibutiik.ee\/","name":"Karini Butiik","description":"","publisher":{"@id":"https:\/\/www.karinibutiik.ee\/#organization"},"potentialAction":[{"@type":"SearchAction","target":{"@type":"EntryPoint","urlTemplate":"https:\/\/www.karinibutiik.ee\/?s={search_term_string}"},"query-input":{"@type":"PropertyValueSpecification","valueRequired":true,"valueName":"search_term_string"}}],"inLanguage":"en-GB"},{"@type":"Organization","@id":"https:\/\/www.karinibutiik.ee\/#organization","name":"Karini Butiik","url":"https:\/\/www.karinibutiik.ee\/","logo":{"@type":"ImageObject","inLanguage":"en-GB","@id":"https:\/\/www.karinibutiik.ee\/#\/schema\/logo\/image\/","url":"https:\/\/www.karinibutiik.ee\/wp-content\/uploads\/2024\/10\/Kuj.-K-koopia.png","contentUrl":"https:\/\/www.karinibutiik.ee\/wp-content\/uploads\/2024\/10\/Kuj.-K-koopia.png","width":500,"height":500,"caption":"Karini Butiik"},"image":{"@id":"https:\/\/www.karinibutiik.ee\/#\/schema\/logo\/image\/"},"sameAs":["https:\/\/www.facebook.com\/karinibutiik.ee","https:\/\/www.instagram.com\/karinibutiik"]}]},"og_availability":"out of stock","product_availability":"out of stock","product_retailer_item_id":"0693-5","product_condition":"new"},"_links":{"self":[{"href":"https:\/\/www.karinibutiik.ee\/en\/wp-json\/wp\/v2\/product\/18313","targetHints":{"allow":["GET"]}}],"collection":[{"href":"https:\/\/www.karinibutiik.ee\/en\/wp-json\/wp\/v2\/product"}],"about":[{"href":"https:\/\/www.karinibutiik.ee\/en\/wp-json\/wp\/v2\/types\/product"}],"version-history":[{"count":1,"href":"https:\/\/www.karinibutiik.ee\/en\/wp-json\/wp\/v2\/product\/18313\/revisions"}],"predecessor-version":[{"id":18317,"href":"https:\/\/www.karinibutiik.ee\/en\/wp-json\/wp\/v2\/product\/18313\/revisions\/18317"}],"wp:featuredmedia":[{"embeddable":true,"href":"https:\/\/www.karinibutiik.ee\/en\/wp-json\/wp\/v2\/media\/18314"}],"wp:attachment":[{"href":"https:\/\/www.karinibutiik.ee\/en\/wp-json\/wp\/v2\/media?parent=18313"}],"wp:term":[{"taxonomy":"product_brand","embeddable":true,"href":"https:\/\/www.karinibutiik.ee\/en\/wp-json\/wp\/v2\/product_brand?post=18313"},{"taxonomy":"product_cat","embeddable":true,"href":"https:\/\/www.karinibutiik.ee\/en\/wp-json\/wp\/v2\/product_cat?post=18313"},{"taxonomy":"product_tag","embeddable":true,"href":"https:\/\/www.karinibutiik.ee\/en\/wp-json\/wp\/v2\/product_tag?post=18313"}],"curies":[{"name":"wp","href":"https:\/\/api.w.org\/{rel}","templated":true}]}}