{"id":19303,"date":"2024-10-10T06:51:23","date_gmt":"2024-10-10T06:51:23","guid":{"rendered":"https:\/\/www.karinibutiik.ee\/?post_type=product&#038;p=19303"},"modified":"2025-12-31T13:27:12","modified_gmt":"2025-12-31T11:27:12","slug":"pikkade-varrukatega-mini-pikkuses-kleit","status":"publish","type":"product","link":"https:\/\/www.karinibutiik.ee\/en\/product-2\/pikkade-varrukatega-mini-pikkuses-kleit\/","title":{"rendered":"MINI LENGTH DRESS WITH LONG SLEEVES"},"content":{"rendered":"<p>See pidulik mini pikkuses kleit on kaunistatud s\u00e4delusega, mis lisab glamuuri igale s\u00fcndmusele. Kleit on pikkade varrukatega ja varustatud stiilse seotava lipsuga kaelal, luues elegantse ja naiseliku ilme. K\u00fclje peitlukk tagab mugava kandmise ning voogav disain sobib ideaalselt pidulikele \u00f5htustele s\u00fcndmustele.<\/p>","protected":false},"excerpt":{"rendered":"<p>See pidulik mini pikkuses kleit on kaunistatud s\u00e4delusega, mis lisab glamuuri igale s\u00fcndmusele. Kleit on pikkade varrukatega ja varustatud stiilse [&hellip;]<\/p>\n","protected":false},"featured_media":19448,"template":"","meta":{"site-sidebar-layout":"default","site-content-layout":"","ast-site-content-layout":"default","site-content-style":"default","site-sidebar-style":"default","ast-global-header-display":"","ast-banner-title-visibility":"","ast-main-header-display":"","ast-hfb-above-header-display":"","ast-hfb-below-header-display":"","ast-hfb-mobile-header-display":"","site-post-title":"","ast-breadcrumbs-content":"","ast-featured-img":"","footer-sml-layout":"","ast-disable-related-posts":"","theme-transparent-header-meta":"default","adv-header-id-meta":"","stick-header-meta":"default","header-above-stick-meta":"","header-main-stick-meta":"","header-below-stick-meta":"","astra-migrate-meta-layouts":"set","ast-page-background-enabled":"default","ast-page-background-meta":{"desktop":{"background-color":"var(--ast-global-color-4)","background-image":"","background-repeat":"repeat","background-position":"center center","background-size":"auto","background-attachment":"scroll","background-type":"","background-media":"","overlay-type":"","overlay-color":"","overlay-opacity":"","overlay-gradient":""},"tablet":{"background-color":"","background-image":"","background-repeat":"repeat","background-position":"center center","background-size":"auto","background-attachment":"scroll","background-type":"","background-media":"","overlay-type":"","overlay-color":"","overlay-opacity":"","overlay-gradient":""},"mobile":{"background-color":"","background-image":"","background-repeat":"repeat","background-position":"center center","background-size":"auto","background-attachment":"scroll","background-type":"","background-media":"","overlay-type":"","overlay-color":"","overlay-opacity":"","overlay-gradient":""}},"ast-content-background-meta":{"desktop":{"background-color":"var(--ast-global-color-5)","background-image":"","background-repeat":"repeat","background-position":"center center","background-size":"auto","background-attachment":"scroll","background-type":"","background-media":"","overlay-type":"","overlay-color":"","overlay-opacity":"","overlay-gradient":""},"tablet":{"background-color":"var(--ast-global-color-5)","background-image":"","background-repeat":"repeat","background-position":"center center","background-size":"auto","background-attachment":"scroll","background-type":"","background-media":"","overlay-type":"","overlay-color":"","overlay-opacity":"","overlay-gradient":""},"mobile":{"background-color":"var(--ast-global-color-5)","background-image":"","background-repeat":"repeat","background-position":"center center","background-size":"auto","background-attachment":"scroll","background-type":"","background-media":"","overlay-type":"","overlay-color":"","overlay-opacity":"","overlay-gradient":""}}},"product_brand":[],"product_cat":[367,347,377,364,346,453],"product_tag":[643,501,270,1049,939,1051,1050,92,995,864],"class_list":{"0":"post-19303","1":"product","2":"type-product","3":"status-publish","4":"has-post-thumbnail","6":"product_cat-allahindlus","7":"product_cat-kleidid","8":"product_cat-litter-ja-glitterkleidid","9":"product_cat-minikleidid","10":"product_cat-naised","11":"product_cat-soodus","12":"product_tag-joulukleidid","13":"product_tag-karini-butiik","14":"product_tag-kleidid","15":"product_tag-kontori-kleidid","16":"product_tag-naisteriiete-pood-tallinnas","17":"product_tag-parim-naisteriiete-pood-tallinnas","18":"product_tag-peokleidid","19":"product_tag-pidulikud-kleidid","20":"product_tag-stiilsed-kleidid","21":"product_tag-stiilsed-naisteriided","22":"desktop-align-center","23":"tablet-align-center","24":"mobile-align-center","25":"ast-product-gallery-layout-horizontal-slider","26":"ast-product-single-variable","27":"ast-product-tabs-layout-horizontal","29":"first","30":"instock","31":"sale","32":"taxable","33":"shipping-taxable","34":"purchasable","35":"product-type-variable"},"supplier_id":null,"supplier_sku":"","barcode":null,"atum_controlled":true,"out_stock_date":null,"out_stock_threshold":null,"inheritable":true,"inbound_stock":0,"stock_on_hold":0,"sold_today":0,"sales_last_days":0,"reserved_stock":0,"customer_returns":0,"warehouse_damage":0,"lost_in_post":0,"other_logs":0,"out_stock_days":0,"lost_sales":0,"has_location":false,"update_date":"2025-12-04T01:45:54","atum_locations":[],"atum_stock_status":"instock","restock_status":false,"low_stock_amount":"","sales_update_date":"2025-12-04T01:45:54","calc_backorders":null,"yoast_head":"<!-- This site is optimized with the Yoast SEO plugin v26.9 - https:\/\/yoast.com\/product\/yoast-seo-wordpress\/ -->\n<title>PIKKADE VARRUKATEGA MINI PIKKUSES KLEIT - Karini Butiik<\/title>\n<meta name=\"description\" content=\"See pidulik mini pikkuses kleit on kaunistatud s\u00e4delusega, mis lisab glamuuri igale s\u00fcndmusele. Kleit on pikkade varrukatega ja varustatud stiilse seotava lipsuga kaelal, luues elegantse ja naiseliku ilme. K\u00fclje peitlukk tagab mugava kandmise ning voogav disain sobib ideaalselt pidulikele \u00f5htustele s\u00fcndmustele.\" \/>\n<meta name=\"robots\" content=\"index, follow, max-snippet:-1, max-image-preview:large, max-video-preview:-1\" \/>\n<link rel=\"canonical\" href=\"https:\/\/www.karinibutiik.ee\/en\/product-2\/pikkade-varrukatega-mini-pikkuses-kleit\/\" \/>\n<meta property=\"og:locale\" content=\"en_GB\" \/>\n<meta property=\"og:type\" content=\"article\" \/>\n<meta property=\"og:title\" content=\"PIKKADE VARRUKATEGA MINI PIKKUSES KLEIT - Karini Butiik\" \/>\n<meta property=\"og:description\" content=\"See pidulik mini pikkuses kleit on kaunistatud s\u00e4delusega, mis lisab glamuuri igale s\u00fcndmusele. Kleit on pikkade varrukatega ja varustatud stiilse seotava lipsuga kaelal, luues elegantse ja naiseliku ilme. K\u00fclje peitlukk tagab mugava kandmise ning voogav disain sobib ideaalselt pidulikele \u00f5htustele s\u00fcndmustele.\" \/>\n<meta property=\"og:url\" content=\"https:\/\/www.karinibutiik.ee\/en\/product-2\/pikkade-varrukatega-mini-pikkuses-kleit\/\" \/>\n<meta property=\"og:site_name\" content=\"Karini Butiik\" \/>\n<meta property=\"article:publisher\" content=\"https:\/\/www.facebook.com\/karinibutiik.ee\" \/>\n<meta property=\"article:modified_time\" content=\"2025-12-31T11:27:12+00:00\" \/>\n<meta property=\"og:image\" content=\"https:\/\/www.karinibutiik.ee\/wp-content\/uploads\/2024\/10\/241009_Karini_Butiik_Erlend_Staub138-scaled.jpg\" \/>\n\t<meta property=\"og:image:width\" content=\"2048\" \/>\n\t<meta property=\"og:image:height\" content=\"2560\" \/>\n\t<meta property=\"og:image:type\" content=\"image\/jpeg\" \/>\n<meta name=\"twitter:card\" content=\"summary_large_image\" \/>\n<meta name=\"twitter:label1\" content=\"Availability\" \/>\n\t<meta name=\"twitter:data1\" content=\"In stock\" \/>\n<script type=\"application\/ld+json\" class=\"yoast-schema-graph\">{\"@context\":\"https:\/\/schema.org\",\"@graph\":[{\"@type\":\"WebPage\",\"@id\":\"https:\/\/www.karinibutiik.ee\/toode\/pikkade-varrukatega-mini-pikkuses-kleit\/\",\"url\":\"https:\/\/www.karinibutiik.ee\/toode\/pikkade-varrukatega-mini-pikkuses-kleit\/\",\"name\":\"PIKKADE VARRUKATEGA MINI PIKKUSES KLEIT - Karini Butiik\",\"isPartOf\":{\"@id\":\"https:\/\/www.karinibutiik.ee\/#website\"},\"primaryImageOfPage\":{\"@id\":\"https:\/\/www.karinibutiik.ee\/toode\/pikkade-varrukatega-mini-pikkuses-kleit\/#primaryimage\"},\"image\":{\"@id\":\"https:\/\/www.karinibutiik.ee\/toode\/pikkade-varrukatega-mini-pikkuses-kleit\/#primaryimage\"},\"thumbnailUrl\":\"https:\/\/www.karinibutiik.ee\/wp-content\/uploads\/2024\/10\/241009_Karini_Butiik_Erlend_Staub138-scaled.jpg\",\"datePublished\":\"2024-10-10T06:51:23+00:00\",\"dateModified\":\"2025-12-31T11:27:12+00:00\",\"description\":\"See pidulik mini pikkuses kleit on kaunistatud s\u00e4delusega, mis lisab glamuuri igale s\u00fcndmusele. Kleit on pikkade varrukatega ja varustatud stiilse seotava lipsuga kaelal, luues elegantse ja naiseliku ilme. K\u00fclje peitlukk tagab mugava kandmise ning voogav disain sobib ideaalselt pidulikele \u00f5htustele s\u00fcndmustele.\",\"breadcrumb\":{\"@id\":\"https:\/\/www.karinibutiik.ee\/toode\/pikkade-varrukatega-mini-pikkuses-kleit\/#breadcrumb\"},\"inLanguage\":\"en-GB\",\"potentialAction\":[{\"@type\":\"ReadAction\",\"target\":[\"https:\/\/www.karinibutiik.ee\/toode\/pikkade-varrukatega-mini-pikkuses-kleit\/\"]}]},{\"@type\":\"ImageObject\",\"inLanguage\":\"en-GB\",\"@id\":\"https:\/\/www.karinibutiik.ee\/toode\/pikkade-varrukatega-mini-pikkuses-kleit\/#primaryimage\",\"url\":\"https:\/\/www.karinibutiik.ee\/wp-content\/uploads\/2024\/10\/241009_Karini_Butiik_Erlend_Staub138-scaled.jpg\",\"contentUrl\":\"https:\/\/www.karinibutiik.ee\/wp-content\/uploads\/2024\/10\/241009_Karini_Butiik_Erlend_Staub138-scaled.jpg\",\"width\":2048,\"height\":2560},{\"@type\":\"BreadcrumbList\",\"@id\":\"https:\/\/www.karinibutiik.ee\/toode\/pikkade-varrukatega-mini-pikkuses-kleit\/#breadcrumb\",\"itemListElement\":[{\"@type\":\"ListItem\",\"position\":1,\"name\":\"Home\",\"item\":\"https:\/\/www.karinibutiik.ee\/\"},{\"@type\":\"ListItem\",\"position\":2,\"name\":\"Pood\",\"item\":\"https:\/\/www.karinibutiik.ee\/pood\/\"},{\"@type\":\"ListItem\",\"position\":3,\"name\":\"PIKKADE VARRUKATEGA MINI PIKKUSES KLEIT\"}]},{\"@type\":\"WebSite\",\"@id\":\"https:\/\/www.karinibutiik.ee\/#website\",\"url\":\"https:\/\/www.karinibutiik.ee\/\",\"name\":\"Karini Butiik\",\"description\":\"\",\"publisher\":{\"@id\":\"https:\/\/www.karinibutiik.ee\/#organization\"},\"potentialAction\":[{\"@type\":\"SearchAction\",\"target\":{\"@type\":\"EntryPoint\",\"urlTemplate\":\"https:\/\/www.karinibutiik.ee\/?s={search_term_string}\"},\"query-input\":{\"@type\":\"PropertyValueSpecification\",\"valueRequired\":true,\"valueName\":\"search_term_string\"}}],\"inLanguage\":\"en-GB\"},{\"@type\":\"Organization\",\"@id\":\"https:\/\/www.karinibutiik.ee\/#organization\",\"name\":\"Karini Butiik\",\"url\":\"https:\/\/www.karinibutiik.ee\/\",\"logo\":{\"@type\":\"ImageObject\",\"inLanguage\":\"en-GB\",\"@id\":\"https:\/\/www.karinibutiik.ee\/#\/schema\/logo\/image\/\",\"url\":\"https:\/\/www.karinibutiik.ee\/wp-content\/uploads\/2024\/10\/Kuj.-K-koopia.png\",\"contentUrl\":\"https:\/\/www.karinibutiik.ee\/wp-content\/uploads\/2024\/10\/Kuj.-K-koopia.png\",\"width\":500,\"height\":500,\"caption\":\"Karini Butiik\"},\"image\":{\"@id\":\"https:\/\/www.karinibutiik.ee\/#\/schema\/logo\/image\/\"},\"sameAs\":[\"https:\/\/www.facebook.com\/karinibutiik.ee\",\"https:\/\/www.instagram.com\/karinibutiik\"]}]}<\/script>\n<meta property=\"og:availability\" content=\"instock\" \/>\n<meta property=\"product:availability\" content=\"instock\" \/>\n<meta property=\"product:retailer_item_id\" content=\"38070\" \/>\n<meta property=\"product:condition\" content=\"new\" \/>\n<!-- \/ Yoast SEO plugin. -->","yoast_head_json":{"title":"PIKKADE VARRUKATEGA MINI PIKKUSES KLEIT - Karini Butiik","description":"See pidulik mini pikkuses kleit on kaunistatud s\u00e4delusega, mis lisab glamuuri igale s\u00fcndmusele. Kleit on pikkade varrukatega ja varustatud stiilse seotava lipsuga kaelal, luues elegantse ja naiseliku ilme. K\u00fclje peitlukk tagab mugava kandmise ning voogav disain sobib ideaalselt pidulikele \u00f5htustele s\u00fcndmustele.","robots":{"index":"index","follow":"follow","max-snippet":"max-snippet:-1","max-image-preview":"max-image-preview:large","max-video-preview":"max-video-preview:-1"},"canonical":"https:\/\/www.karinibutiik.ee\/en\/product-2\/pikkade-varrukatega-mini-pikkuses-kleit\/","og_locale":"en_GB","og_type":"article","og_title":"PIKKADE VARRUKATEGA MINI PIKKUSES KLEIT - Karini Butiik","og_description":"See pidulik mini pikkuses kleit on kaunistatud s\u00e4delusega, mis lisab glamuuri igale s\u00fcndmusele. Kleit on pikkade varrukatega ja varustatud stiilse seotava lipsuga kaelal, luues elegantse ja naiseliku ilme. K\u00fclje peitlukk tagab mugava kandmise ning voogav disain sobib ideaalselt pidulikele \u00f5htustele s\u00fcndmustele.","og_url":"https:\/\/www.karinibutiik.ee\/en\/product-2\/pikkade-varrukatega-mini-pikkuses-kleit\/","og_site_name":"Karini Butiik","article_publisher":"https:\/\/www.facebook.com\/karinibutiik.ee","article_modified_time":"2025-12-31T11:27:12+00:00","og_image":[{"width":2048,"height":2560,"url":"https:\/\/www.karinibutiik.ee\/wp-content\/uploads\/2024\/10\/241009_Karini_Butiik_Erlend_Staub138-scaled.jpg","type":"image\/jpeg"}],"twitter_card":"summary_large_image","twitter_misc":{"Availability":"In stock"},"schema":{"@context":"https:\/\/schema.org","@graph":[{"@type":"WebPage","@id":"https:\/\/www.karinibutiik.ee\/toode\/pikkade-varrukatega-mini-pikkuses-kleit\/","url":"https:\/\/www.karinibutiik.ee\/toode\/pikkade-varrukatega-mini-pikkuses-kleit\/","name":"PIKKADE VARRUKATEGA MINI PIKKUSES KLEIT - Karini Butiik","isPartOf":{"@id":"https:\/\/www.karinibutiik.ee\/#website"},"primaryImageOfPage":{"@id":"https:\/\/www.karinibutiik.ee\/toode\/pikkade-varrukatega-mini-pikkuses-kleit\/#primaryimage"},"image":{"@id":"https:\/\/www.karinibutiik.ee\/toode\/pikkade-varrukatega-mini-pikkuses-kleit\/#primaryimage"},"thumbnailUrl":"https:\/\/www.karinibutiik.ee\/wp-content\/uploads\/2024\/10\/241009_Karini_Butiik_Erlend_Staub138-scaled.jpg","datePublished":"2024-10-10T06:51:23+00:00","dateModified":"2025-12-31T11:27:12+00:00","description":"See pidulik mini pikkuses kleit on kaunistatud s\u00e4delusega, mis lisab glamuuri igale s\u00fcndmusele. Kleit on pikkade varrukatega ja varustatud stiilse seotava lipsuga kaelal, luues elegantse ja naiseliku ilme. K\u00fclje peitlukk tagab mugava kandmise ning voogav disain sobib ideaalselt pidulikele \u00f5htustele s\u00fcndmustele.","breadcrumb":{"@id":"https:\/\/www.karinibutiik.ee\/toode\/pikkade-varrukatega-mini-pikkuses-kleit\/#breadcrumb"},"inLanguage":"en-GB","potentialAction":[{"@type":"ReadAction","target":["https:\/\/www.karinibutiik.ee\/toode\/pikkade-varrukatega-mini-pikkuses-kleit\/"]}]},{"@type":"ImageObject","inLanguage":"en-GB","@id":"https:\/\/www.karinibutiik.ee\/toode\/pikkade-varrukatega-mini-pikkuses-kleit\/#primaryimage","url":"https:\/\/www.karinibutiik.ee\/wp-content\/uploads\/2024\/10\/241009_Karini_Butiik_Erlend_Staub138-scaled.jpg","contentUrl":"https:\/\/www.karinibutiik.ee\/wp-content\/uploads\/2024\/10\/241009_Karini_Butiik_Erlend_Staub138-scaled.jpg","width":2048,"height":2560},{"@type":"BreadcrumbList","@id":"https:\/\/www.karinibutiik.ee\/toode\/pikkade-varrukatega-mini-pikkuses-kleit\/#breadcrumb","itemListElement":[{"@type":"ListItem","position":1,"name":"Home","item":"https:\/\/www.karinibutiik.ee\/"},{"@type":"ListItem","position":2,"name":"Pood","item":"https:\/\/www.karinibutiik.ee\/pood\/"},{"@type":"ListItem","position":3,"name":"PIKKADE VARRUKATEGA MINI PIKKUSES KLEIT"}]},{"@type":"WebSite","@id":"https:\/\/www.karinibutiik.ee\/#website","url":"https:\/\/www.karinibutiik.ee\/","name":"Karini Butiik","description":"","publisher":{"@id":"https:\/\/www.karinibutiik.ee\/#organization"},"potentialAction":[{"@type":"SearchAction","target":{"@type":"EntryPoint","urlTemplate":"https:\/\/www.karinibutiik.ee\/?s={search_term_string}"},"query-input":{"@type":"PropertyValueSpecification","valueRequired":true,"valueName":"search_term_string"}}],"inLanguage":"en-GB"},{"@type":"Organization","@id":"https:\/\/www.karinibutiik.ee\/#organization","name":"Karini Butiik","url":"https:\/\/www.karinibutiik.ee\/","logo":{"@type":"ImageObject","inLanguage":"en-GB","@id":"https:\/\/www.karinibutiik.ee\/#\/schema\/logo\/image\/","url":"https:\/\/www.karinibutiik.ee\/wp-content\/uploads\/2024\/10\/Kuj.-K-koopia.png","contentUrl":"https:\/\/www.karinibutiik.ee\/wp-content\/uploads\/2024\/10\/Kuj.-K-koopia.png","width":500,"height":500,"caption":"Karini Butiik"},"image":{"@id":"https:\/\/www.karinibutiik.ee\/#\/schema\/logo\/image\/"},"sameAs":["https:\/\/www.facebook.com\/karinibutiik.ee","https:\/\/www.instagram.com\/karinibutiik"]}]},"og_availability":"instock","product_availability":"instock","product_retailer_item_id":"38070","product_condition":"new"},"_links":{"self":[{"href":"https:\/\/www.karinibutiik.ee\/en\/wp-json\/wp\/v2\/product\/19303","targetHints":{"allow":["GET"]}}],"collection":[{"href":"https:\/\/www.karinibutiik.ee\/en\/wp-json\/wp\/v2\/product"}],"about":[{"href":"https:\/\/www.karinibutiik.ee\/en\/wp-json\/wp\/v2\/types\/product"}],"version-history":[{"count":1,"href":"https:\/\/www.karinibutiik.ee\/en\/wp-json\/wp\/v2\/product\/19303\/revisions"}],"predecessor-version":[{"id":19313,"href":"https:\/\/www.karinibutiik.ee\/en\/wp-json\/wp\/v2\/product\/19303\/revisions\/19313"}],"wp:featuredmedia":[{"embeddable":true,"href":"https:\/\/www.karinibutiik.ee\/en\/wp-json\/wp\/v2\/media\/19448"}],"wp:attachment":[{"href":"https:\/\/www.karinibutiik.ee\/en\/wp-json\/wp\/v2\/media?parent=19303"}],"wp:term":[{"taxonomy":"product_brand","embeddable":true,"href":"https:\/\/www.karinibutiik.ee\/en\/wp-json\/wp\/v2\/product_brand?post=19303"},{"taxonomy":"product_cat","embeddable":true,"href":"https:\/\/www.karinibutiik.ee\/en\/wp-json\/wp\/v2\/product_cat?post=19303"},{"taxonomy":"product_tag","embeddable":true,"href":"https:\/\/www.karinibutiik.ee\/en\/wp-json\/wp\/v2\/product_tag?post=19303"}],"curies":[{"name":"wp","href":"https:\/\/api.w.org\/{rel}","templated":true}]}}