{"id":19381,"date":"2025-11-10T08:18:32","date_gmt":"2025-11-10T06:18:32","guid":{"rendered":"https:\/\/www.karinibutiik.ee\/?post_type=product&#038;p=19381"},"modified":"2026-01-22T12:58:18","modified_gmt":"2026-01-22T10:58:18","slug":"midi-pikkuses-litterkleit-lipsuga","status":"publish","type":"product","link":"https:\/\/www.karinibutiik.ee\/en\/product-2\/midi-pikkuses-litterkleit-lipsuga\/","title":{"rendered":"MIDI LENGTH LITTER DRESS WITH TIE"},"content":{"rendered":"<p>S\u00e4delev ja elegantne midi pikkuses litterkleit, mis toob esile glamuuri ja naiselikkuse. Kleit on l\u00fchikeste varrukatega ning taljeosas seotav lips lisab stiilset aktsenti ja v\u00f5imaldab figuuri r\u00f5hutada. Ideaalne valik pidulikeks s\u00fcndmusteks, kui soovid silma paista ja tunda end enesekindlalt.<\/p>\n<p>H\u00e4sti veniv ja mugav kleit<\/p>","protected":false},"excerpt":{"rendered":"<p>S\u00e4delev ja elegantne midi pikkuses litterkleit, mis toob esile glamuuri ja naiselikkuse. Kleit on l\u00fchikeste varrukatega ning taljeosas seotav lips [&hellip;]<\/p>\n","protected":false},"featured_media":19534,"template":"","meta":{"site-sidebar-layout":"default","site-content-layout":"","ast-site-content-layout":"default","site-content-style":"default","site-sidebar-style":"default","ast-global-header-display":"","ast-banner-title-visibility":"","ast-main-header-display":"","ast-hfb-above-header-display":"","ast-hfb-below-header-display":"","ast-hfb-mobile-header-display":"","site-post-title":"","ast-breadcrumbs-content":"","ast-featured-img":"","footer-sml-layout":"","ast-disable-related-posts":"","theme-transparent-header-meta":"default","adv-header-id-meta":"","stick-header-meta":"default","header-above-stick-meta":"","header-main-stick-meta":"","header-below-stick-meta":"","astra-migrate-meta-layouts":"set","ast-page-background-enabled":"default","ast-page-background-meta":{"desktop":{"background-color":"var(--ast-global-color-4)","background-image":"","background-repeat":"repeat","background-position":"center center","background-size":"auto","background-attachment":"scroll","background-type":"","background-media":"","overlay-type":"","overlay-color":"","overlay-opacity":"","overlay-gradient":""},"tablet":{"background-color":"","background-image":"","background-repeat":"repeat","background-position":"center center","background-size":"auto","background-attachment":"scroll","background-type":"","background-media":"","overlay-type":"","overlay-color":"","overlay-opacity":"","overlay-gradient":""},"mobile":{"background-color":"","background-image":"","background-repeat":"repeat","background-position":"center center","background-size":"auto","background-attachment":"scroll","background-type":"","background-media":"","overlay-type":"","overlay-color":"","overlay-opacity":"","overlay-gradient":""}},"ast-content-background-meta":{"desktop":{"background-color":"var(--ast-global-color-5)","background-image":"","background-repeat":"repeat","background-position":"center center","background-size":"auto","background-attachment":"scroll","background-type":"","background-media":"","overlay-type":"","overlay-color":"","overlay-opacity":"","overlay-gradient":""},"tablet":{"background-color":"var(--ast-global-color-5)","background-image":"","background-repeat":"repeat","background-position":"center center","background-size":"auto","background-attachment":"scroll","background-type":"","background-media":"","overlay-type":"","overlay-color":"","overlay-opacity":"","overlay-gradient":""},"mobile":{"background-color":"var(--ast-global-color-5)","background-image":"","background-repeat":"repeat","background-position":"center center","background-size":"auto","background-attachment":"scroll","background-type":"","background-media":"","overlay-type":"","overlay-color":"","overlay-opacity":"","overlay-gradient":""}}},"product_brand":[],"product_cat":[452,347,377,349,346,351],"product_tag":[879,475,596,643,501,640,907,1050,906,995,864],"class_list":{"0":"post-19381","1":"product","2":"type-product","3":"status-publish","4":"has-post-thumbnail","6":"product_cat-bestseller","7":"product_cat-kleidid","8":"product_cat-litter-ja-glitterkleidid","9":"product_cat-midikleidid","10":"product_cat-naised","11":"product_cat-uued-tooted","12":"product_tag-aastavahetuse-kleidid","13":"product_tag-dresshouse","14":"product_tag-get-dressed","15":"product_tag-joulukleidid","16":"product_tag-karini-butiik","17":"product_tag-litterkleidid","18":"product_tag-midikleidid","19":"product_tag-peokleidid","20":"product_tag-sadelusega-kleidid","21":"product_tag-stiilsed-kleidid","22":"product_tag-stiilsed-naisteriided","23":"desktop-align-center","24":"tablet-align-center","25":"mobile-align-center","26":"ast-product-gallery-layout-horizontal-slider","27":"ast-product-single-variable","28":"ast-product-tabs-layout-horizontal","30":"first","31":"instock","32":"taxable","33":"shipping-taxable","34":"purchasable","35":"product-type-variable"},"supplier_id":null,"supplier_sku":"","barcode":null,"atum_controlled":true,"out_stock_date":null,"out_stock_threshold":null,"inheritable":true,"inbound_stock":0,"stock_on_hold":0,"sold_today":0,"sales_last_days":6,"reserved_stock":0,"customer_returns":0,"warehouse_damage":0,"lost_in_post":0,"other_logs":0,"out_stock_days":0,"lost_sales":0,"has_location":false,"update_date":"2025-12-09T19:25:19","atum_locations":[],"atum_stock_status":"instock","restock_status":false,"low_stock_amount":"","sales_update_date":"2025-12-03T09:13:17","calc_backorders":null,"yoast_head":"<!-- This site is optimized with the Yoast SEO plugin v26.9 - https:\/\/yoast.com\/product\/yoast-seo-wordpress\/ -->\n<title>MIDI PIKKUSES LITTERKLEIT LIPSUGA - Karini Butiik<\/title>\n<meta name=\"description\" content=\"S\u00e4delev ja elegantne midi pikkuses litterkleit, mis toob esile glamuuri ja naiselikkuse. Kleit on l\u00fchikeste varrukatega ning taljeosas seotav lips lisab stiilset aktsenti ja v\u00f5imaldab figuuri r\u00f5hutada. Ideaalne valik pidulikeks s\u00fcndmusteks, kui soovid silma paista ja tunda end enesekindlalt.\" \/>\n<meta name=\"robots\" content=\"index, follow, max-snippet:-1, max-image-preview:large, max-video-preview:-1\" \/>\n<link rel=\"canonical\" href=\"https:\/\/www.karinibutiik.ee\/en\/product-2\/midi-pikkuses-litterkleit-lipsuga\/\" \/>\n<meta property=\"og:locale\" content=\"en_GB\" \/>\n<meta property=\"og:type\" content=\"article\" \/>\n<meta property=\"og:title\" content=\"MIDI PIKKUSES LITTERKLEIT LIPSUGA - Karini Butiik\" \/>\n<meta property=\"og:description\" content=\"S\u00e4delev ja elegantne midi pikkuses litterkleit, mis toob esile glamuuri ja naiselikkuse. Kleit on l\u00fchikeste varrukatega ning taljeosas seotav lips lisab stiilset aktsenti ja v\u00f5imaldab figuuri r\u00f5hutada. Ideaalne valik pidulikeks s\u00fcndmusteks, kui soovid silma paista ja tunda end enesekindlalt.\" \/>\n<meta property=\"og:url\" content=\"https:\/\/www.karinibutiik.ee\/en\/product-2\/midi-pikkuses-litterkleit-lipsuga\/\" \/>\n<meta property=\"og:site_name\" content=\"Karini Butiik\" \/>\n<meta property=\"article:publisher\" content=\"https:\/\/www.facebook.com\/karinibutiik.ee\" \/>\n<meta property=\"article:modified_time\" content=\"2026-01-22T10:58:18+00:00\" \/>\n<meta property=\"og:image\" content=\"https:\/\/www.karinibutiik.ee\/wp-content\/uploads\/2024\/10\/241009_Karini_Butiik_Erlend_Staub87-scaled.jpg\" \/>\n\t<meta property=\"og:image:width\" content=\"2048\" \/>\n\t<meta property=\"og:image:height\" content=\"2560\" \/>\n\t<meta property=\"og:image:type\" content=\"image\/jpeg\" \/>\n<meta name=\"twitter:card\" content=\"summary_large_image\" \/>\n<meta name=\"twitter:label1\" content=\"Availability\" \/>\n\t<meta name=\"twitter:data1\" content=\"In stock\" \/>\n<script type=\"application\/ld+json\" class=\"yoast-schema-graph\">{\"@context\":\"https:\/\/schema.org\",\"@graph\":[{\"@type\":\"WebPage\",\"@id\":\"https:\/\/www.karinibutiik.ee\/toode\/midi-pikkuses-litterkleit-lipsuga\/\",\"url\":\"https:\/\/www.karinibutiik.ee\/toode\/midi-pikkuses-litterkleit-lipsuga\/\",\"name\":\"MIDI PIKKUSES LITTERKLEIT LIPSUGA - Karini Butiik\",\"isPartOf\":{\"@id\":\"https:\/\/www.karinibutiik.ee\/#website\"},\"primaryImageOfPage\":{\"@id\":\"https:\/\/www.karinibutiik.ee\/toode\/midi-pikkuses-litterkleit-lipsuga\/#primaryimage\"},\"image\":{\"@id\":\"https:\/\/www.karinibutiik.ee\/toode\/midi-pikkuses-litterkleit-lipsuga\/#primaryimage\"},\"thumbnailUrl\":\"https:\/\/www.karinibutiik.ee\/wp-content\/uploads\/2024\/10\/241009_Karini_Butiik_Erlend_Staub87-scaled.jpg\",\"datePublished\":\"2025-11-10T06:18:32+00:00\",\"dateModified\":\"2026-01-22T10:58:18+00:00\",\"description\":\"S\u00e4delev ja elegantne midi pikkuses litterkleit, mis toob esile glamuuri ja naiselikkuse. Kleit on l\u00fchikeste varrukatega ning taljeosas seotav lips lisab stiilset aktsenti ja v\u00f5imaldab figuuri r\u00f5hutada. Ideaalne valik pidulikeks s\u00fcndmusteks, kui soovid silma paista ja tunda end enesekindlalt.\",\"breadcrumb\":{\"@id\":\"https:\/\/www.karinibutiik.ee\/toode\/midi-pikkuses-litterkleit-lipsuga\/#breadcrumb\"},\"inLanguage\":\"en-GB\",\"potentialAction\":[{\"@type\":\"ReadAction\",\"target\":[\"https:\/\/www.karinibutiik.ee\/toode\/midi-pikkuses-litterkleit-lipsuga\/\"]}]},{\"@type\":\"ImageObject\",\"inLanguage\":\"en-GB\",\"@id\":\"https:\/\/www.karinibutiik.ee\/toode\/midi-pikkuses-litterkleit-lipsuga\/#primaryimage\",\"url\":\"https:\/\/www.karinibutiik.ee\/wp-content\/uploads\/2024\/10\/241009_Karini_Butiik_Erlend_Staub87-scaled.jpg\",\"contentUrl\":\"https:\/\/www.karinibutiik.ee\/wp-content\/uploads\/2024\/10\/241009_Karini_Butiik_Erlend_Staub87-scaled.jpg\",\"width\":2048,\"height\":2560,\"caption\":\"litterkleit, litritega kleit\"},{\"@type\":\"BreadcrumbList\",\"@id\":\"https:\/\/www.karinibutiik.ee\/toode\/midi-pikkuses-litterkleit-lipsuga\/#breadcrumb\",\"itemListElement\":[{\"@type\":\"ListItem\",\"position\":1,\"name\":\"Home\",\"item\":\"https:\/\/www.karinibutiik.ee\/\"},{\"@type\":\"ListItem\",\"position\":2,\"name\":\"Pood\",\"item\":\"https:\/\/www.karinibutiik.ee\/pood\/\"},{\"@type\":\"ListItem\",\"position\":3,\"name\":\"MIDI PIKKUSES LITTERKLEIT LIPSUGA\"}]},{\"@type\":\"WebSite\",\"@id\":\"https:\/\/www.karinibutiik.ee\/#website\",\"url\":\"https:\/\/www.karinibutiik.ee\/\",\"name\":\"Karini Butiik\",\"description\":\"\",\"publisher\":{\"@id\":\"https:\/\/www.karinibutiik.ee\/#organization\"},\"potentialAction\":[{\"@type\":\"SearchAction\",\"target\":{\"@type\":\"EntryPoint\",\"urlTemplate\":\"https:\/\/www.karinibutiik.ee\/?s={search_term_string}\"},\"query-input\":{\"@type\":\"PropertyValueSpecification\",\"valueRequired\":true,\"valueName\":\"search_term_string\"}}],\"inLanguage\":\"en-GB\"},{\"@type\":\"Organization\",\"@id\":\"https:\/\/www.karinibutiik.ee\/#organization\",\"name\":\"Karini Butiik\",\"url\":\"https:\/\/www.karinibutiik.ee\/\",\"logo\":{\"@type\":\"ImageObject\",\"inLanguage\":\"en-GB\",\"@id\":\"https:\/\/www.karinibutiik.ee\/#\/schema\/logo\/image\/\",\"url\":\"https:\/\/www.karinibutiik.ee\/wp-content\/uploads\/2024\/10\/Kuj.-K-koopia.png\",\"contentUrl\":\"https:\/\/www.karinibutiik.ee\/wp-content\/uploads\/2024\/10\/Kuj.-K-koopia.png\",\"width\":500,\"height\":500,\"caption\":\"Karini Butiik\"},\"image\":{\"@id\":\"https:\/\/www.karinibutiik.ee\/#\/schema\/logo\/image\/\"},\"sameAs\":[\"https:\/\/www.facebook.com\/karinibutiik.ee\",\"https:\/\/www.instagram.com\/karinibutiik\"]}]}<\/script>\n<meta property=\"og:availability\" content=\"instock\" \/>\n<meta property=\"product:availability\" content=\"instock\" \/>\n<meta property=\"product:retailer_item_id\" content=\"2906\" \/>\n<meta property=\"product:condition\" content=\"new\" \/>\n<!-- \/ Yoast SEO plugin. -->","yoast_head_json":{"title":"MIDI PIKKUSES LITTERKLEIT LIPSUGA - Karini Butiik","description":"S\u00e4delev ja elegantne midi pikkuses litterkleit, mis toob esile glamuuri ja naiselikkuse. Kleit on l\u00fchikeste varrukatega ning taljeosas seotav lips lisab stiilset aktsenti ja v\u00f5imaldab figuuri r\u00f5hutada. Ideaalne valik pidulikeks s\u00fcndmusteks, kui soovid silma paista ja tunda end enesekindlalt.","robots":{"index":"index","follow":"follow","max-snippet":"max-snippet:-1","max-image-preview":"max-image-preview:large","max-video-preview":"max-video-preview:-1"},"canonical":"https:\/\/www.karinibutiik.ee\/en\/product-2\/midi-pikkuses-litterkleit-lipsuga\/","og_locale":"en_GB","og_type":"article","og_title":"MIDI PIKKUSES LITTERKLEIT LIPSUGA - Karini Butiik","og_description":"S\u00e4delev ja elegantne midi pikkuses litterkleit, mis toob esile glamuuri ja naiselikkuse. Kleit on l\u00fchikeste varrukatega ning taljeosas seotav lips lisab stiilset aktsenti ja v\u00f5imaldab figuuri r\u00f5hutada. Ideaalne valik pidulikeks s\u00fcndmusteks, kui soovid silma paista ja tunda end enesekindlalt.","og_url":"https:\/\/www.karinibutiik.ee\/en\/product-2\/midi-pikkuses-litterkleit-lipsuga\/","og_site_name":"Karini Butiik","article_publisher":"https:\/\/www.facebook.com\/karinibutiik.ee","article_modified_time":"2026-01-22T10:58:18+00:00","og_image":[{"width":2048,"height":2560,"url":"https:\/\/www.karinibutiik.ee\/wp-content\/uploads\/2024\/10\/241009_Karini_Butiik_Erlend_Staub87-scaled.jpg","type":"image\/jpeg"}],"twitter_card":"summary_large_image","twitter_misc":{"Availability":"In stock"},"schema":{"@context":"https:\/\/schema.org","@graph":[{"@type":"WebPage","@id":"https:\/\/www.karinibutiik.ee\/toode\/midi-pikkuses-litterkleit-lipsuga\/","url":"https:\/\/www.karinibutiik.ee\/toode\/midi-pikkuses-litterkleit-lipsuga\/","name":"MIDI PIKKUSES LITTERKLEIT LIPSUGA - Karini Butiik","isPartOf":{"@id":"https:\/\/www.karinibutiik.ee\/#website"},"primaryImageOfPage":{"@id":"https:\/\/www.karinibutiik.ee\/toode\/midi-pikkuses-litterkleit-lipsuga\/#primaryimage"},"image":{"@id":"https:\/\/www.karinibutiik.ee\/toode\/midi-pikkuses-litterkleit-lipsuga\/#primaryimage"},"thumbnailUrl":"https:\/\/www.karinibutiik.ee\/wp-content\/uploads\/2024\/10\/241009_Karini_Butiik_Erlend_Staub87-scaled.jpg","datePublished":"2025-11-10T06:18:32+00:00","dateModified":"2026-01-22T10:58:18+00:00","description":"S\u00e4delev ja elegantne midi pikkuses litterkleit, mis toob esile glamuuri ja naiselikkuse. Kleit on l\u00fchikeste varrukatega ning taljeosas seotav lips lisab stiilset aktsenti ja v\u00f5imaldab figuuri r\u00f5hutada. Ideaalne valik pidulikeks s\u00fcndmusteks, kui soovid silma paista ja tunda end enesekindlalt.","breadcrumb":{"@id":"https:\/\/www.karinibutiik.ee\/toode\/midi-pikkuses-litterkleit-lipsuga\/#breadcrumb"},"inLanguage":"en-GB","potentialAction":[{"@type":"ReadAction","target":["https:\/\/www.karinibutiik.ee\/toode\/midi-pikkuses-litterkleit-lipsuga\/"]}]},{"@type":"ImageObject","inLanguage":"en-GB","@id":"https:\/\/www.karinibutiik.ee\/toode\/midi-pikkuses-litterkleit-lipsuga\/#primaryimage","url":"https:\/\/www.karinibutiik.ee\/wp-content\/uploads\/2024\/10\/241009_Karini_Butiik_Erlend_Staub87-scaled.jpg","contentUrl":"https:\/\/www.karinibutiik.ee\/wp-content\/uploads\/2024\/10\/241009_Karini_Butiik_Erlend_Staub87-scaled.jpg","width":2048,"height":2560,"caption":"litterkleit, litritega kleit"},{"@type":"BreadcrumbList","@id":"https:\/\/www.karinibutiik.ee\/toode\/midi-pikkuses-litterkleit-lipsuga\/#breadcrumb","itemListElement":[{"@type":"ListItem","position":1,"name":"Home","item":"https:\/\/www.karinibutiik.ee\/"},{"@type":"ListItem","position":2,"name":"Pood","item":"https:\/\/www.karinibutiik.ee\/pood\/"},{"@type":"ListItem","position":3,"name":"MIDI PIKKUSES LITTERKLEIT LIPSUGA"}]},{"@type":"WebSite","@id":"https:\/\/www.karinibutiik.ee\/#website","url":"https:\/\/www.karinibutiik.ee\/","name":"Karini Butiik","description":"","publisher":{"@id":"https:\/\/www.karinibutiik.ee\/#organization"},"potentialAction":[{"@type":"SearchAction","target":{"@type":"EntryPoint","urlTemplate":"https:\/\/www.karinibutiik.ee\/?s={search_term_string}"},"query-input":{"@type":"PropertyValueSpecification","valueRequired":true,"valueName":"search_term_string"}}],"inLanguage":"en-GB"},{"@type":"Organization","@id":"https:\/\/www.karinibutiik.ee\/#organization","name":"Karini Butiik","url":"https:\/\/www.karinibutiik.ee\/","logo":{"@type":"ImageObject","inLanguage":"en-GB","@id":"https:\/\/www.karinibutiik.ee\/#\/schema\/logo\/image\/","url":"https:\/\/www.karinibutiik.ee\/wp-content\/uploads\/2024\/10\/Kuj.-K-koopia.png","contentUrl":"https:\/\/www.karinibutiik.ee\/wp-content\/uploads\/2024\/10\/Kuj.-K-koopia.png","width":500,"height":500,"caption":"Karini Butiik"},"image":{"@id":"https:\/\/www.karinibutiik.ee\/#\/schema\/logo\/image\/"},"sameAs":["https:\/\/www.facebook.com\/karinibutiik.ee","https:\/\/www.instagram.com\/karinibutiik"]}]},"og_availability":"instock","product_availability":"instock","product_retailer_item_id":"2906","product_condition":"new"},"_links":{"self":[{"href":"https:\/\/www.karinibutiik.ee\/en\/wp-json\/wp\/v2\/product\/19381","targetHints":{"allow":["GET"]}}],"collection":[{"href":"https:\/\/www.karinibutiik.ee\/en\/wp-json\/wp\/v2\/product"}],"about":[{"href":"https:\/\/www.karinibutiik.ee\/en\/wp-json\/wp\/v2\/types\/product"}],"version-history":[{"count":2,"href":"https:\/\/www.karinibutiik.ee\/en\/wp-json\/wp\/v2\/product\/19381\/revisions"}],"predecessor-version":[{"id":25593,"href":"https:\/\/www.karinibutiik.ee\/en\/wp-json\/wp\/v2\/product\/19381\/revisions\/25593"}],"wp:featuredmedia":[{"embeddable":true,"href":"https:\/\/www.karinibutiik.ee\/en\/wp-json\/wp\/v2\/media\/19534"}],"wp:attachment":[{"href":"https:\/\/www.karinibutiik.ee\/en\/wp-json\/wp\/v2\/media?parent=19381"}],"wp:term":[{"taxonomy":"product_brand","embeddable":true,"href":"https:\/\/www.karinibutiik.ee\/en\/wp-json\/wp\/v2\/product_brand?post=19381"},{"taxonomy":"product_cat","embeddable":true,"href":"https:\/\/www.karinibutiik.ee\/en\/wp-json\/wp\/v2\/product_cat?post=19381"},{"taxonomy":"product_tag","embeddable":true,"href":"https:\/\/www.karinibutiik.ee\/en\/wp-json\/wp\/v2\/product_tag?post=19381"}],"curies":[{"name":"wp","href":"https:\/\/api.w.org\/{rel}","templated":true}]}}