{"id":19918,"date":"2024-10-31T11:34:46","date_gmt":"2024-10-31T11:34:46","guid":{"rendered":"https:\/\/www.karinibutiik.ee\/?post_type=product&#038;p=19918"},"modified":"2025-07-01T00:46:55","modified_gmt":"2025-06-30T21:46:55","slug":"sadelevast-kangast-elegantne-ohtukleit","status":"publish","type":"product","link":"https:\/\/www.karinibutiik.ee\/en\/product-2\/sadelevast-kangast-elegantne-ohtukleit\/","title":{"rendered":"Elegant evening dress in a flowing fabric"},"content":{"rendered":"<p>Elegantne, s\u00e4delevast kangast kehasse hoidev pikkade varrukatega \u00f5htukleit, mis toob esile kandja figuuri ja lisab pidulikkust. Kleiti saab kanda kahel viisil \u2013 kas avatud dekoltee v\u00f5i efektse seljaosaga \u2013, pakkudes v\u00f5imalust luua vastavalt soovile ja s\u00fcndmusele erinevaid ilmeid.<\/p>\n<p>Pigem vastab suurusele xs\/s, s\/m<\/p>","protected":false},"excerpt":{"rendered":"<p>Elegantne, s\u00e4delevast kangast kehasse hoidev pikkade varrukatega \u00f5htukleit, mis toob esile kandja figuuri ja lisab pidulikkust. Kleiti saab kanda kahel [&hellip;]<\/p>\n","protected":false},"featured_media":19913,"template":"","meta":{"site-sidebar-layout":"default","site-content-layout":"","ast-site-content-layout":"default","site-content-style":"default","site-sidebar-style":"default","ast-global-header-display":"","ast-banner-title-visibility":"","ast-main-header-display":"","ast-hfb-above-header-display":"","ast-hfb-below-header-display":"","ast-hfb-mobile-header-display":"","site-post-title":"","ast-breadcrumbs-content":"","ast-featured-img":"","footer-sml-layout":"","ast-disable-related-posts":"","theme-transparent-header-meta":"default","adv-header-id-meta":"","stick-header-meta":"default","header-above-stick-meta":"","header-main-stick-meta":"","header-below-stick-meta":"","astra-migrate-meta-layouts":"set","ast-page-background-enabled":"default","ast-page-background-meta":{"desktop":{"background-color":"var(--ast-global-color-4)","background-image":"","background-repeat":"repeat","background-position":"center center","background-size":"auto","background-attachment":"scroll","background-type":"","background-media":"","overlay-type":"","overlay-color":"","overlay-opacity":"","overlay-gradient":""},"tablet":{"background-color":"","background-image":"","background-repeat":"repeat","background-position":"center center","background-size":"auto","background-attachment":"scroll","background-type":"","background-media":"","overlay-type":"","overlay-color":"","overlay-opacity":"","overlay-gradient":""},"mobile":{"background-color":"","background-image":"","background-repeat":"repeat","background-position":"center center","background-size":"auto","background-attachment":"scroll","background-type":"","background-media":"","overlay-type":"","overlay-color":"","overlay-opacity":"","overlay-gradient":""}},"ast-content-background-meta":{"desktop":{"background-color":"var(--ast-global-color-5)","background-image":"","background-repeat":"repeat","background-position":"center center","background-size":"auto","background-attachment":"scroll","background-type":"","background-media":"","overlay-type":"","overlay-color":"","overlay-opacity":"","overlay-gradient":""},"tablet":{"background-color":"var(--ast-global-color-5)","background-image":"","background-repeat":"repeat","background-position":"center center","background-size":"auto","background-attachment":"scroll","background-type":"","background-media":"","overlay-type":"","overlay-color":"","overlay-opacity":"","overlay-gradient":""},"mobile":{"background-color":"var(--ast-global-color-5)","background-image":"","background-repeat":"repeat","background-position":"center center","background-size":"auto","background-attachment":"scroll","background-type":"","background-media":"","overlay-type":"","overlay-color":"","overlay-opacity":"","overlay-gradient":""}}},"product_brand":[],"product_cat":[347,377,357,346],"product_tag":[475,596,476,501,477,270,485,493,86,91,109,272,254,1094,92,110],"class_list":{"0":"post-19918","1":"product","2":"type-product","3":"status-publish","4":"has-post-thumbnail","6":"product_cat-kleidid","7":"product_cat-litter-ja-glitterkleidid","8":"product_cat-maksikleidid","9":"product_cat-naised","10":"product_tag-dresshouse","11":"product_tag-get-dressed","12":"product_tag-getdressed","13":"product_tag-karini-butiik","14":"product_tag-kleidibutiik","15":"product_tag-kleidid","16":"product_tag-kleidipood","17":"product_tag-kleiditurg","18":"product_tag-kleit","19":"product_tag-koolilopukleit","20":"product_tag-maksikleit","21":"product_tag-must","22":"product_tag-ohtukleidid","23":"product_tag-ohtukleit","24":"product_tag-pidulikud-kleidid","25":"product_tag-varrukatega-maksikleit","26":"desktop-align-center","27":"tablet-align-center","28":"mobile-align-center","29":"ast-product-gallery-layout-horizontal-slider","30":"ast-product-single-variable","31":"ast-product-tabs-layout-horizontal","33":"first","34":"instock","35":"taxable","36":"shipping-taxable","37":"purchasable","38":"product-type-variable"},"supplier_id":null,"supplier_sku":"","barcode":null,"atum_controlled":true,"out_stock_date":null,"out_stock_threshold":null,"inheritable":true,"inbound_stock":0,"stock_on_hold":0,"sold_today":0,"sales_last_days":0,"reserved_stock":0,"customer_returns":0,"warehouse_damage":0,"lost_in_post":0,"other_logs":0,"out_stock_days":0,"lost_sales":0,"has_location":false,"update_date":"2025-12-04T09:59:40","atum_locations":[],"atum_stock_status":"instock","restock_status":false,"low_stock_amount":"","sales_update_date":"2025-12-04T09:59:40","calc_backorders":null,"yoast_head":"<!-- This site is optimized with the Yoast SEO plugin v26.9 - https:\/\/yoast.com\/product\/yoast-seo-wordpress\/ -->\n<title>S\u00e4delevast kangast elegantne \u00f5htukleit - Karini Butiik<\/title>\n<meta name=\"description\" content=\"Elegantne, s\u00e4delevast kangast kehasse hoidev pikkade varrukatega \u00f5htukleit, mis toob esile kandja figuuri ja lisab pidulikkust. Kleiti saab kanda kahel viisil \u2013 kas avatud dekoltee v\u00f5i efektse seljaosaga \u2013, pakkudes v\u00f5imalust luua vastavalt soovile ja s\u00fcndmusele erinevaid ilmeid.\" \/>\n<meta name=\"robots\" content=\"index, follow, max-snippet:-1, max-image-preview:large, max-video-preview:-1\" \/>\n<link rel=\"canonical\" href=\"https:\/\/www.karinibutiik.ee\/en\/product-2\/sadelevast-kangast-elegantne-ohtukleit\/\" \/>\n<meta property=\"og:locale\" content=\"en_GB\" \/>\n<meta property=\"og:type\" content=\"article\" \/>\n<meta property=\"og:title\" content=\"S\u00e4delevast kangast elegantne \u00f5htukleit - Karini Butiik\" \/>\n<meta property=\"og:description\" content=\"Elegantne, s\u00e4delevast kangast kehasse hoidev pikkade varrukatega \u00f5htukleit, mis toob esile kandja figuuri ja lisab pidulikkust. Kleiti saab kanda kahel viisil \u2013 kas avatud dekoltee v\u00f5i efektse seljaosaga \u2013, pakkudes v\u00f5imalust luua vastavalt soovile ja s\u00fcndmusele erinevaid ilmeid.\" \/>\n<meta property=\"og:url\" content=\"https:\/\/www.karinibutiik.ee\/en\/product-2\/sadelevast-kangast-elegantne-ohtukleit\/\" \/>\n<meta property=\"og:site_name\" content=\"Karini Butiik\" \/>\n<meta property=\"article:publisher\" content=\"https:\/\/www.facebook.com\/karinibutiik.ee\" \/>\n<meta property=\"article:modified_time\" content=\"2025-06-30T21:46:55+00:00\" \/>\n<meta property=\"og:image\" content=\"https:\/\/www.karinibutiik.ee\/wp-content\/uploads\/2024\/10\/IMG_1452-scaled.jpeg\" \/>\n\t<meta property=\"og:image:width\" content=\"1920\" \/>\n\t<meta property=\"og:image:height\" content=\"2560\" \/>\n\t<meta property=\"og:image:type\" content=\"image\/jpeg\" \/>\n<meta name=\"twitter:card\" content=\"summary_large_image\" \/>\n<meta name=\"twitter:label1\" content=\"Availability\" \/>\n\t<meta name=\"twitter:data1\" content=\"In stock\" \/>\n<script type=\"application\/ld+json\" class=\"yoast-schema-graph\">{\"@context\":\"https:\/\/schema.org\",\"@graph\":[{\"@type\":\"WebPage\",\"@id\":\"https:\/\/www.karinibutiik.ee\/toode\/sadelevast-kangast-elegantne-ohtukleit\/\",\"url\":\"https:\/\/www.karinibutiik.ee\/toode\/sadelevast-kangast-elegantne-ohtukleit\/\",\"name\":\"S\u00e4delevast kangast elegantne \u00f5htukleit - Karini Butiik\",\"isPartOf\":{\"@id\":\"https:\/\/www.karinibutiik.ee\/#website\"},\"primaryImageOfPage\":{\"@id\":\"https:\/\/www.karinibutiik.ee\/toode\/sadelevast-kangast-elegantne-ohtukleit\/#primaryimage\"},\"image\":{\"@id\":\"https:\/\/www.karinibutiik.ee\/toode\/sadelevast-kangast-elegantne-ohtukleit\/#primaryimage\"},\"thumbnailUrl\":\"https:\/\/www.karinibutiik.ee\/wp-content\/uploads\/2024\/10\/IMG_1452-scaled.jpeg\",\"datePublished\":\"2024-10-31T11:34:46+00:00\",\"dateModified\":\"2025-06-30T21:46:55+00:00\",\"description\":\"Elegantne, s\u00e4delevast kangast kehasse hoidev pikkade varrukatega \u00f5htukleit, mis toob esile kandja figuuri ja lisab pidulikkust. Kleiti saab kanda kahel viisil \u2013 kas avatud dekoltee v\u00f5i efektse seljaosaga \u2013, pakkudes v\u00f5imalust luua vastavalt soovile ja s\u00fcndmusele erinevaid ilmeid.\",\"breadcrumb\":{\"@id\":\"https:\/\/www.karinibutiik.ee\/toode\/sadelevast-kangast-elegantne-ohtukleit\/#breadcrumb\"},\"inLanguage\":\"en-GB\",\"potentialAction\":[{\"@type\":\"ReadAction\",\"target\":[\"https:\/\/www.karinibutiik.ee\/toode\/sadelevast-kangast-elegantne-ohtukleit\/\"]}]},{\"@type\":\"ImageObject\",\"inLanguage\":\"en-GB\",\"@id\":\"https:\/\/www.karinibutiik.ee\/toode\/sadelevast-kangast-elegantne-ohtukleit\/#primaryimage\",\"url\":\"https:\/\/www.karinibutiik.ee\/wp-content\/uploads\/2024\/10\/IMG_1452-scaled.jpeg\",\"contentUrl\":\"https:\/\/www.karinibutiik.ee\/wp-content\/uploads\/2024\/10\/IMG_1452-scaled.jpeg\",\"width\":1920,\"height\":2560},{\"@type\":\"BreadcrumbList\",\"@id\":\"https:\/\/www.karinibutiik.ee\/toode\/sadelevast-kangast-elegantne-ohtukleit\/#breadcrumb\",\"itemListElement\":[{\"@type\":\"ListItem\",\"position\":1,\"name\":\"Home\",\"item\":\"https:\/\/www.karinibutiik.ee\/\"},{\"@type\":\"ListItem\",\"position\":2,\"name\":\"Pood\",\"item\":\"https:\/\/www.karinibutiik.ee\/pood\/\"},{\"@type\":\"ListItem\",\"position\":3,\"name\":\"S\u00e4delevast kangast elegantne \u00f5htukleit\"}]},{\"@type\":\"WebSite\",\"@id\":\"https:\/\/www.karinibutiik.ee\/#website\",\"url\":\"https:\/\/www.karinibutiik.ee\/\",\"name\":\"Karini Butiik\",\"description\":\"\",\"publisher\":{\"@id\":\"https:\/\/www.karinibutiik.ee\/#organization\"},\"potentialAction\":[{\"@type\":\"SearchAction\",\"target\":{\"@type\":\"EntryPoint\",\"urlTemplate\":\"https:\/\/www.karinibutiik.ee\/?s={search_term_string}\"},\"query-input\":{\"@type\":\"PropertyValueSpecification\",\"valueRequired\":true,\"valueName\":\"search_term_string\"}}],\"inLanguage\":\"en-GB\"},{\"@type\":\"Organization\",\"@id\":\"https:\/\/www.karinibutiik.ee\/#organization\",\"name\":\"Karini Butiik\",\"url\":\"https:\/\/www.karinibutiik.ee\/\",\"logo\":{\"@type\":\"ImageObject\",\"inLanguage\":\"en-GB\",\"@id\":\"https:\/\/www.karinibutiik.ee\/#\/schema\/logo\/image\/\",\"url\":\"https:\/\/www.karinibutiik.ee\/wp-content\/uploads\/2024\/10\/Kuj.-K-koopia.png\",\"contentUrl\":\"https:\/\/www.karinibutiik.ee\/wp-content\/uploads\/2024\/10\/Kuj.-K-koopia.png\",\"width\":500,\"height\":500,\"caption\":\"Karini Butiik\"},\"image\":{\"@id\":\"https:\/\/www.karinibutiik.ee\/#\/schema\/logo\/image\/\"},\"sameAs\":[\"https:\/\/www.facebook.com\/karinibutiik.ee\",\"https:\/\/www.instagram.com\/karinibutiik\"]}]}<\/script>\n<meta property=\"og:availability\" content=\"instock\" \/>\n<meta property=\"product:availability\" content=\"instock\" \/>\n<meta property=\"product:retailer_item_id\" content=\"25635\" \/>\n<meta property=\"product:condition\" content=\"new\" \/>\n<!-- \/ Yoast SEO plugin. -->","yoast_head_json":{"title":"S\u00e4delevast kangast elegantne \u00f5htukleit - Karini Butiik","description":"Elegantne, s\u00e4delevast kangast kehasse hoidev pikkade varrukatega \u00f5htukleit, mis toob esile kandja figuuri ja lisab pidulikkust. Kleiti saab kanda kahel viisil \u2013 kas avatud dekoltee v\u00f5i efektse seljaosaga \u2013, pakkudes v\u00f5imalust luua vastavalt soovile ja s\u00fcndmusele erinevaid ilmeid.","robots":{"index":"index","follow":"follow","max-snippet":"max-snippet:-1","max-image-preview":"max-image-preview:large","max-video-preview":"max-video-preview:-1"},"canonical":"https:\/\/www.karinibutiik.ee\/en\/product-2\/sadelevast-kangast-elegantne-ohtukleit\/","og_locale":"en_GB","og_type":"article","og_title":"S\u00e4delevast kangast elegantne \u00f5htukleit - Karini Butiik","og_description":"Elegantne, s\u00e4delevast kangast kehasse hoidev pikkade varrukatega \u00f5htukleit, mis toob esile kandja figuuri ja lisab pidulikkust. Kleiti saab kanda kahel viisil \u2013 kas avatud dekoltee v\u00f5i efektse seljaosaga \u2013, pakkudes v\u00f5imalust luua vastavalt soovile ja s\u00fcndmusele erinevaid ilmeid.","og_url":"https:\/\/www.karinibutiik.ee\/en\/product-2\/sadelevast-kangast-elegantne-ohtukleit\/","og_site_name":"Karini Butiik","article_publisher":"https:\/\/www.facebook.com\/karinibutiik.ee","article_modified_time":"2025-06-30T21:46:55+00:00","og_image":[{"width":1920,"height":2560,"url":"https:\/\/www.karinibutiik.ee\/wp-content\/uploads\/2024\/10\/IMG_1452-scaled.jpeg","type":"image\/jpeg"}],"twitter_card":"summary_large_image","twitter_misc":{"Availability":"In stock"},"schema":{"@context":"https:\/\/schema.org","@graph":[{"@type":"WebPage","@id":"https:\/\/www.karinibutiik.ee\/toode\/sadelevast-kangast-elegantne-ohtukleit\/","url":"https:\/\/www.karinibutiik.ee\/toode\/sadelevast-kangast-elegantne-ohtukleit\/","name":"S\u00e4delevast kangast elegantne \u00f5htukleit - Karini Butiik","isPartOf":{"@id":"https:\/\/www.karinibutiik.ee\/#website"},"primaryImageOfPage":{"@id":"https:\/\/www.karinibutiik.ee\/toode\/sadelevast-kangast-elegantne-ohtukleit\/#primaryimage"},"image":{"@id":"https:\/\/www.karinibutiik.ee\/toode\/sadelevast-kangast-elegantne-ohtukleit\/#primaryimage"},"thumbnailUrl":"https:\/\/www.karinibutiik.ee\/wp-content\/uploads\/2024\/10\/IMG_1452-scaled.jpeg","datePublished":"2024-10-31T11:34:46+00:00","dateModified":"2025-06-30T21:46:55+00:00","description":"Elegantne, s\u00e4delevast kangast kehasse hoidev pikkade varrukatega \u00f5htukleit, mis toob esile kandja figuuri ja lisab pidulikkust. Kleiti saab kanda kahel viisil \u2013 kas avatud dekoltee v\u00f5i efektse seljaosaga \u2013, pakkudes v\u00f5imalust luua vastavalt soovile ja s\u00fcndmusele erinevaid ilmeid.","breadcrumb":{"@id":"https:\/\/www.karinibutiik.ee\/toode\/sadelevast-kangast-elegantne-ohtukleit\/#breadcrumb"},"inLanguage":"en-GB","potentialAction":[{"@type":"ReadAction","target":["https:\/\/www.karinibutiik.ee\/toode\/sadelevast-kangast-elegantne-ohtukleit\/"]}]},{"@type":"ImageObject","inLanguage":"en-GB","@id":"https:\/\/www.karinibutiik.ee\/toode\/sadelevast-kangast-elegantne-ohtukleit\/#primaryimage","url":"https:\/\/www.karinibutiik.ee\/wp-content\/uploads\/2024\/10\/IMG_1452-scaled.jpeg","contentUrl":"https:\/\/www.karinibutiik.ee\/wp-content\/uploads\/2024\/10\/IMG_1452-scaled.jpeg","width":1920,"height":2560},{"@type":"BreadcrumbList","@id":"https:\/\/www.karinibutiik.ee\/toode\/sadelevast-kangast-elegantne-ohtukleit\/#breadcrumb","itemListElement":[{"@type":"ListItem","position":1,"name":"Home","item":"https:\/\/www.karinibutiik.ee\/"},{"@type":"ListItem","position":2,"name":"Pood","item":"https:\/\/www.karinibutiik.ee\/pood\/"},{"@type":"ListItem","position":3,"name":"S\u00e4delevast kangast elegantne \u00f5htukleit"}]},{"@type":"WebSite","@id":"https:\/\/www.karinibutiik.ee\/#website","url":"https:\/\/www.karinibutiik.ee\/","name":"Karini Butiik","description":"","publisher":{"@id":"https:\/\/www.karinibutiik.ee\/#organization"},"potentialAction":[{"@type":"SearchAction","target":{"@type":"EntryPoint","urlTemplate":"https:\/\/www.karinibutiik.ee\/?s={search_term_string}"},"query-input":{"@type":"PropertyValueSpecification","valueRequired":true,"valueName":"search_term_string"}}],"inLanguage":"en-GB"},{"@type":"Organization","@id":"https:\/\/www.karinibutiik.ee\/#organization","name":"Karini Butiik","url":"https:\/\/www.karinibutiik.ee\/","logo":{"@type":"ImageObject","inLanguage":"en-GB","@id":"https:\/\/www.karinibutiik.ee\/#\/schema\/logo\/image\/","url":"https:\/\/www.karinibutiik.ee\/wp-content\/uploads\/2024\/10\/Kuj.-K-koopia.png","contentUrl":"https:\/\/www.karinibutiik.ee\/wp-content\/uploads\/2024\/10\/Kuj.-K-koopia.png","width":500,"height":500,"caption":"Karini Butiik"},"image":{"@id":"https:\/\/www.karinibutiik.ee\/#\/schema\/logo\/image\/"},"sameAs":["https:\/\/www.facebook.com\/karinibutiik.ee","https:\/\/www.instagram.com\/karinibutiik"]}]},"og_availability":"instock","product_availability":"instock","product_retailer_item_id":"25635","product_condition":"new"},"_links":{"self":[{"href":"https:\/\/www.karinibutiik.ee\/en\/wp-json\/wp\/v2\/product\/19918","targetHints":{"allow":["GET"]}}],"collection":[{"href":"https:\/\/www.karinibutiik.ee\/en\/wp-json\/wp\/v2\/product"}],"about":[{"href":"https:\/\/www.karinibutiik.ee\/en\/wp-json\/wp\/v2\/types\/product"}],"version-history":[{"count":1,"href":"https:\/\/www.karinibutiik.ee\/en\/wp-json\/wp\/v2\/product\/19918\/revisions"}],"predecessor-version":[{"id":19923,"href":"https:\/\/www.karinibutiik.ee\/en\/wp-json\/wp\/v2\/product\/19918\/revisions\/19923"}],"wp:featuredmedia":[{"embeddable":true,"href":"https:\/\/www.karinibutiik.ee\/en\/wp-json\/wp\/v2\/media\/19913"}],"wp:attachment":[{"href":"https:\/\/www.karinibutiik.ee\/en\/wp-json\/wp\/v2\/media?parent=19918"}],"wp:term":[{"taxonomy":"product_brand","embeddable":true,"href":"https:\/\/www.karinibutiik.ee\/en\/wp-json\/wp\/v2\/product_brand?post=19918"},{"taxonomy":"product_cat","embeddable":true,"href":"https:\/\/www.karinibutiik.ee\/en\/wp-json\/wp\/v2\/product_cat?post=19918"},{"taxonomy":"product_tag","embeddable":true,"href":"https:\/\/www.karinibutiik.ee\/en\/wp-json\/wp\/v2\/product_tag?post=19918"}],"curies":[{"name":"wp","href":"https:\/\/api.w.org\/{rel}","templated":true}]}}