{"id":21807,"date":"2025-04-09T10:06:35","date_gmt":"2025-04-09T10:06:35","guid":{"rendered":"https:\/\/www.karinibutiik.ee\/?post_type=product&#038;p=21807"},"modified":"2025-07-01T00:45:05","modified_gmt":"2025-06-30T21:45:05","slug":"mitmekulgselt-seotav-maksikleit","status":"publish","type":"product","link":"https:\/\/www.karinibutiik.ee\/en\/product-2\/mitmekulgselt-seotav-maksikleit\/","title":{"rendered":"Mitmek\u00fclgselt seotav maksikleit"},"content":{"rendered":"<p>Mitmek\u00fclgselt seotav maksikleit, mida saad kanda just nii, nagu soovid \u2013 sidudes \u00fclaosa kas paljastavamalt v\u00f5i kinnisemalt, vastavalt tujule ja s\u00fcndmusele. See annab vabaduse luua igal kandmiskorral uus ja ainulaadne ilme.<\/p>\n<p>Kleit kinnitub seljalt lukuga ning l\u00f5hikuga seeliku all on peidetud miniseeliku vooder, mis tagab kandmisel kindlustunde, et kleit ei oleks liigselt paljastav. Mudel sobib paljudele kehat\u00fc\u00fcpidele ning on eriti populaarne pruutneitside seas, kuid sobib suurep\u00e4raselt ka koolil\u00f5petajatele, pulmak\u00fclalistele ja gaaladel kandmiseks.<\/p>\n<p>Saadaval ka mitmetes teistes v\u00e4rvitoonides \u2013 kirjutades saame alati t\u00e4psustada, millised variandid hetkel olemas on.<\/p>","protected":false},"excerpt":{"rendered":"<p>Mitmek\u00fclgselt seotav maksikleit, mida saad kanda just nii, nagu soovid \u2013 sidudes \u00fclaosa kas paljastavamalt v\u00f5i kinnisemalt, vastavalt tujule ja [&hellip;]<\/p>\n","protected":false},"featured_media":21774,"template":"","meta":{"site-sidebar-layout":"default","site-content-layout":"","ast-site-content-layout":"default","site-content-style":"default","site-sidebar-style":"default","ast-global-header-display":"","ast-banner-title-visibility":"","ast-main-header-display":"","ast-hfb-above-header-display":"","ast-hfb-below-header-display":"","ast-hfb-mobile-header-display":"","site-post-title":"","ast-breadcrumbs-content":"","ast-featured-img":"","footer-sml-layout":"","ast-disable-related-posts":"","theme-transparent-header-meta":"default","adv-header-id-meta":"","stick-header-meta":"default","header-above-stick-meta":"","header-main-stick-meta":"","header-below-stick-meta":"","astra-migrate-meta-layouts":"set","ast-page-background-enabled":"default","ast-page-background-meta":{"desktop":{"background-color":"var(--ast-global-color-4)","background-image":"","background-repeat":"repeat","background-position":"center center","background-size":"auto","background-attachment":"scroll","background-type":"","background-media":"","overlay-type":"","overlay-color":"","overlay-opacity":"","overlay-gradient":""},"tablet":{"background-color":"","background-image":"","background-repeat":"repeat","background-position":"center center","background-size":"auto","background-attachment":"scroll","background-type":"","background-media":"","overlay-type":"","overlay-color":"","overlay-opacity":"","overlay-gradient":""},"mobile":{"background-color":"","background-image":"","background-repeat":"repeat","background-position":"center center","background-size":"auto","background-attachment":"scroll","background-type":"","background-media":"","overlay-type":"","overlay-color":"","overlay-opacity":"","overlay-gradient":""}},"ast-content-background-meta":{"desktop":{"background-color":"var(--ast-global-color-5)","background-image":"","background-repeat":"repeat","background-position":"center center","background-size":"auto","background-attachment":"scroll","background-type":"","background-media":"","overlay-type":"","overlay-color":"","overlay-opacity":"","overlay-gradient":""},"tablet":{"background-color":"var(--ast-global-color-5)","background-image":"","background-repeat":"repeat","background-position":"center center","background-size":"auto","background-attachment":"scroll","background-type":"","background-media":"","overlay-type":"","overlay-color":"","overlay-opacity":"","overlay-gradient":""},"mobile":{"background-color":"var(--ast-global-color-5)","background-image":"","background-repeat":"repeat","background-position":"center center","background-size":"auto","background-attachment":"scroll","background-type":"","background-media":"","overlay-type":"","overlay-color":"","overlay-opacity":"","overlay-gradient":""}}},"product_brand":[],"product_cat":[346,347,350,357,348,351],"product_tag":[250,488,491,475,248,596,476,501,477,270,485,647,493,86,91,90,486,109,896,254,92,93,489,253,487,859,864,811],"class_list":{"0":"post-21807","1":"product","2":"type-product","3":"status-publish","4":"has-post-thumbnail","6":"product_cat-naised","7":"product_cat-kleidid","8":"product_cat-pulmakleidid-pruutneitside-kleidid","9":"product_cat-maksikleidid","10":"product_cat-lopukleidid","11":"product_cat-uued-tooted","12":"product_tag-ametlik-sundmus","13":"product_tag-ballikleit","14":"product_tag-bordoo","15":"product_tag-dresshouse","16":"product_tag-elegants","17":"product_tag-get-dressed","18":"product_tag-getdressed","19":"product_tag-karini-butiik","20":"product_tag-kleidibutiik","21":"product_tag-kleidid","22":"product_tag-kleidipood","23":"product_tag-kleidipood-tallinnas","24":"product_tag-kleiditurg","25":"product_tag-kleit","26":"product_tag-koolilopukleit","27":"product_tag-lopukleit","28":"product_tag-maksikleidid","29":"product_tag-maksikleit","30":"product_tag-naisteriiete-epood","31":"product_tag-ohtukleidid","32":"product_tag-pidulikud-kleidid","33":"product_tag-pulmakleidid","34":"product_tag-punane","35":"product_tag-satiinkangast-kleit","36":"product_tag-satiinkleit","37":"product_tag-soodsad-naisteriided","38":"product_tag-stiilsed-naisteriided","39":"product_tag-zara","40":"desktop-align-center","41":"tablet-align-center","42":"mobile-align-center","43":"ast-product-gallery-layout-horizontal-slider","44":"ast-product-single-variable","45":"ast-product-tabs-layout-horizontal","47":"first","48":"outofstock","49":"taxable","50":"shipping-taxable","51":"product-type-variable"},"supplier_id":null,"supplier_sku":"","barcode":null,"atum_controlled":true,"out_stock_date":null,"out_stock_threshold":null,"inheritable":true,"inbound_stock":null,"stock_on_hold":0,"sold_today":0,"sales_last_days":0,"reserved_stock":0,"customer_returns":null,"warehouse_damage":0,"lost_in_post":null,"other_logs":0,"out_stock_days":0,"lost_sales":0,"has_location":false,"update_date":"2025-12-02T01:20:17","atum_locations":[],"atum_stock_status":"outofstock","restock_status":false,"low_stock_amount":"","sales_update_date":"2025-12-02T01:20:17","calc_backorders":null,"yoast_head":"<!-- This site is optimized with the Yoast SEO plugin v26.9 - https:\/\/yoast.com\/product\/yoast-seo-wordpress\/ -->\n<title>Mitmek\u00fclgselt seotav maksikleit - Karini Butiik<\/title>\n<meta name=\"description\" content=\"Mitmek\u00fclgselt seotav maksikleit pruutneitsidele, l\u00f5petajatele, pulmak\u00fclalistele ja gaalale. L\u00f5hikuga, voodriga ja tagant lukuga, saadaval eri toonides.\" \/>\n<meta name=\"robots\" content=\"index, follow, max-snippet:-1, max-image-preview:large, max-video-preview:-1\" \/>\n<link rel=\"canonical\" href=\"https:\/\/www.karinibutiik.ee\/en\/product-2\/mitmekulgselt-seotav-maksikleit\/\" \/>\n<meta property=\"og:locale\" content=\"en_GB\" \/>\n<meta property=\"og:type\" content=\"article\" \/>\n<meta property=\"og:title\" content=\"Mitmek\u00fclgselt seotav maksikleit - Karini Butiik\" \/>\n<meta property=\"og:description\" content=\"Mitmek\u00fclgselt seotav maksikleit pruutneitsidele, l\u00f5petajatele, pulmak\u00fclalistele ja gaalale. L\u00f5hikuga, voodriga ja tagant lukuga, saadaval eri toonides.\" \/>\n<meta property=\"og:url\" content=\"https:\/\/www.karinibutiik.ee\/en\/product-2\/mitmekulgselt-seotav-maksikleit\/\" \/>\n<meta property=\"og:site_name\" content=\"Karini Butiik\" \/>\n<meta property=\"article:publisher\" content=\"https:\/\/www.facebook.com\/karinibutiik.ee\" \/>\n<meta property=\"article:modified_time\" content=\"2025-06-30T21:45:05+00:00\" \/>\n<meta property=\"og:image\" content=\"https:\/\/www.karinibutiik.ee\/wp-content\/uploads\/2025\/04\/82C6CCB6-F0A7-461A-94E2-D29B8DD37BF8-1-scaled.jpeg\" \/>\n\t<meta property=\"og:image:width\" content=\"1984\" \/>\n\t<meta property=\"og:image:height\" content=\"2560\" \/>\n\t<meta property=\"og:image:type\" content=\"image\/jpeg\" \/>\n<meta name=\"twitter:card\" content=\"summary_large_image\" \/>\n<meta name=\"twitter:label1\" content=\"Availability\" \/>\n\t<meta name=\"twitter:data1\" content=\"Out of stock\" \/>\n<script type=\"application\/ld+json\" class=\"yoast-schema-graph\">{\"@context\":\"https:\/\/schema.org\",\"@graph\":[{\"@type\":\"WebPage\",\"@id\":\"https:\/\/www.karinibutiik.ee\/toode\/mitmekulgselt-seotav-maksikleit\/\",\"url\":\"https:\/\/www.karinibutiik.ee\/toode\/mitmekulgselt-seotav-maksikleit\/\",\"name\":\"Mitmek\u00fclgselt seotav maksikleit - Karini Butiik\",\"isPartOf\":{\"@id\":\"https:\/\/www.karinibutiik.ee\/#website\"},\"primaryImageOfPage\":{\"@id\":\"https:\/\/www.karinibutiik.ee\/toode\/mitmekulgselt-seotav-maksikleit\/#primaryimage\"},\"image\":{\"@id\":\"https:\/\/www.karinibutiik.ee\/toode\/mitmekulgselt-seotav-maksikleit\/#primaryimage\"},\"thumbnailUrl\":\"https:\/\/www.karinibutiik.ee\/wp-content\/uploads\/2025\/04\/82C6CCB6-F0A7-461A-94E2-D29B8DD37BF8-1-scaled.jpeg\",\"datePublished\":\"2025-04-09T10:06:35+00:00\",\"dateModified\":\"2025-06-30T21:45:05+00:00\",\"description\":\"Mitmek\u00fclgselt seotav maksikleit pruutneitsidele, l\u00f5petajatele, pulmak\u00fclalistele ja gaalale. L\u00f5hikuga, voodriga ja tagant lukuga, saadaval eri toonides.\",\"breadcrumb\":{\"@id\":\"https:\/\/www.karinibutiik.ee\/toode\/mitmekulgselt-seotav-maksikleit\/#breadcrumb\"},\"inLanguage\":\"en-GB\",\"potentialAction\":[{\"@type\":\"ReadAction\",\"target\":[\"https:\/\/www.karinibutiik.ee\/toode\/mitmekulgselt-seotav-maksikleit\/\"]}]},{\"@type\":\"ImageObject\",\"inLanguage\":\"en-GB\",\"@id\":\"https:\/\/www.karinibutiik.ee\/toode\/mitmekulgselt-seotav-maksikleit\/#primaryimage\",\"url\":\"https:\/\/www.karinibutiik.ee\/wp-content\/uploads\/2025\/04\/82C6CCB6-F0A7-461A-94E2-D29B8DD37BF8-1-scaled.jpeg\",\"contentUrl\":\"https:\/\/www.karinibutiik.ee\/wp-content\/uploads\/2025\/04\/82C6CCB6-F0A7-461A-94E2-D29B8DD37BF8-1-scaled.jpeg\",\"width\":1984,\"height\":2560},{\"@type\":\"BreadcrumbList\",\"@id\":\"https:\/\/www.karinibutiik.ee\/toode\/mitmekulgselt-seotav-maksikleit\/#breadcrumb\",\"itemListElement\":[{\"@type\":\"ListItem\",\"position\":1,\"name\":\"Home\",\"item\":\"https:\/\/www.karinibutiik.ee\/\"},{\"@type\":\"ListItem\",\"position\":2,\"name\":\"Pood\",\"item\":\"https:\/\/www.karinibutiik.ee\/pood\/\"},{\"@type\":\"ListItem\",\"position\":3,\"name\":\"Mitmek\u00fclgselt seotav maksikleit\"}]},{\"@type\":\"WebSite\",\"@id\":\"https:\/\/www.karinibutiik.ee\/#website\",\"url\":\"https:\/\/www.karinibutiik.ee\/\",\"name\":\"Karini Butiik\",\"description\":\"\",\"publisher\":{\"@id\":\"https:\/\/www.karinibutiik.ee\/#organization\"},\"potentialAction\":[{\"@type\":\"SearchAction\",\"target\":{\"@type\":\"EntryPoint\",\"urlTemplate\":\"https:\/\/www.karinibutiik.ee\/?s={search_term_string}\"},\"query-input\":{\"@type\":\"PropertyValueSpecification\",\"valueRequired\":true,\"valueName\":\"search_term_string\"}}],\"inLanguage\":\"en-GB\"},{\"@type\":\"Organization\",\"@id\":\"https:\/\/www.karinibutiik.ee\/#organization\",\"name\":\"Karini Butiik\",\"url\":\"https:\/\/www.karinibutiik.ee\/\",\"logo\":{\"@type\":\"ImageObject\",\"inLanguage\":\"en-GB\",\"@id\":\"https:\/\/www.karinibutiik.ee\/#\/schema\/logo\/image\/\",\"url\":\"https:\/\/www.karinibutiik.ee\/wp-content\/uploads\/2024\/10\/Kuj.-K-koopia.png\",\"contentUrl\":\"https:\/\/www.karinibutiik.ee\/wp-content\/uploads\/2024\/10\/Kuj.-K-koopia.png\",\"width\":500,\"height\":500,\"caption\":\"Karini Butiik\"},\"image\":{\"@id\":\"https:\/\/www.karinibutiik.ee\/#\/schema\/logo\/image\/\"},\"sameAs\":[\"https:\/\/www.facebook.com\/karinibutiik.ee\",\"https:\/\/www.instagram.com\/karinibutiik\"]}]}<\/script>\n<meta property=\"og:availability\" content=\"out of stock\" \/>\n<meta property=\"product:availability\" content=\"out of stock\" \/>\n<meta property=\"product:retailer_item_id\" content=\"2358\" \/>\n<meta property=\"product:condition\" content=\"new\" \/>\n<!-- \/ Yoast SEO plugin. -->","yoast_head_json":{"title":"Mitmek\u00fclgselt seotav maksikleit - Karini Butiik","description":"Mitmek\u00fclgselt seotav maksikleit pruutneitsidele, l\u00f5petajatele, pulmak\u00fclalistele ja gaalale. L\u00f5hikuga, voodriga ja tagant lukuga, saadaval eri toonides.","robots":{"index":"index","follow":"follow","max-snippet":"max-snippet:-1","max-image-preview":"max-image-preview:large","max-video-preview":"max-video-preview:-1"},"canonical":"https:\/\/www.karinibutiik.ee\/en\/product-2\/mitmekulgselt-seotav-maksikleit\/","og_locale":"en_GB","og_type":"article","og_title":"Mitmek\u00fclgselt seotav maksikleit - Karini Butiik","og_description":"Mitmek\u00fclgselt seotav maksikleit pruutneitsidele, l\u00f5petajatele, pulmak\u00fclalistele ja gaalale. L\u00f5hikuga, voodriga ja tagant lukuga, saadaval eri toonides.","og_url":"https:\/\/www.karinibutiik.ee\/en\/product-2\/mitmekulgselt-seotav-maksikleit\/","og_site_name":"Karini Butiik","article_publisher":"https:\/\/www.facebook.com\/karinibutiik.ee","article_modified_time":"2025-06-30T21:45:05+00:00","og_image":[{"width":1984,"height":2560,"url":"https:\/\/www.karinibutiik.ee\/wp-content\/uploads\/2025\/04\/82C6CCB6-F0A7-461A-94E2-D29B8DD37BF8-1-scaled.jpeg","type":"image\/jpeg"}],"twitter_card":"summary_large_image","twitter_misc":{"Availability":"Out of stock"},"schema":{"@context":"https:\/\/schema.org","@graph":[{"@type":"WebPage","@id":"https:\/\/www.karinibutiik.ee\/toode\/mitmekulgselt-seotav-maksikleit\/","url":"https:\/\/www.karinibutiik.ee\/toode\/mitmekulgselt-seotav-maksikleit\/","name":"Mitmek\u00fclgselt seotav maksikleit - Karini Butiik","isPartOf":{"@id":"https:\/\/www.karinibutiik.ee\/#website"},"primaryImageOfPage":{"@id":"https:\/\/www.karinibutiik.ee\/toode\/mitmekulgselt-seotav-maksikleit\/#primaryimage"},"image":{"@id":"https:\/\/www.karinibutiik.ee\/toode\/mitmekulgselt-seotav-maksikleit\/#primaryimage"},"thumbnailUrl":"https:\/\/www.karinibutiik.ee\/wp-content\/uploads\/2025\/04\/82C6CCB6-F0A7-461A-94E2-D29B8DD37BF8-1-scaled.jpeg","datePublished":"2025-04-09T10:06:35+00:00","dateModified":"2025-06-30T21:45:05+00:00","description":"Mitmek\u00fclgselt seotav maksikleit pruutneitsidele, l\u00f5petajatele, pulmak\u00fclalistele ja gaalale. L\u00f5hikuga, voodriga ja tagant lukuga, saadaval eri toonides.","breadcrumb":{"@id":"https:\/\/www.karinibutiik.ee\/toode\/mitmekulgselt-seotav-maksikleit\/#breadcrumb"},"inLanguage":"en-GB","potentialAction":[{"@type":"ReadAction","target":["https:\/\/www.karinibutiik.ee\/toode\/mitmekulgselt-seotav-maksikleit\/"]}]},{"@type":"ImageObject","inLanguage":"en-GB","@id":"https:\/\/www.karinibutiik.ee\/toode\/mitmekulgselt-seotav-maksikleit\/#primaryimage","url":"https:\/\/www.karinibutiik.ee\/wp-content\/uploads\/2025\/04\/82C6CCB6-F0A7-461A-94E2-D29B8DD37BF8-1-scaled.jpeg","contentUrl":"https:\/\/www.karinibutiik.ee\/wp-content\/uploads\/2025\/04\/82C6CCB6-F0A7-461A-94E2-D29B8DD37BF8-1-scaled.jpeg","width":1984,"height":2560},{"@type":"BreadcrumbList","@id":"https:\/\/www.karinibutiik.ee\/toode\/mitmekulgselt-seotav-maksikleit\/#breadcrumb","itemListElement":[{"@type":"ListItem","position":1,"name":"Home","item":"https:\/\/www.karinibutiik.ee\/"},{"@type":"ListItem","position":2,"name":"Pood","item":"https:\/\/www.karinibutiik.ee\/pood\/"},{"@type":"ListItem","position":3,"name":"Mitmek\u00fclgselt seotav maksikleit"}]},{"@type":"WebSite","@id":"https:\/\/www.karinibutiik.ee\/#website","url":"https:\/\/www.karinibutiik.ee\/","name":"Karini Butiik","description":"","publisher":{"@id":"https:\/\/www.karinibutiik.ee\/#organization"},"potentialAction":[{"@type":"SearchAction","target":{"@type":"EntryPoint","urlTemplate":"https:\/\/www.karinibutiik.ee\/?s={search_term_string}"},"query-input":{"@type":"PropertyValueSpecification","valueRequired":true,"valueName":"search_term_string"}}],"inLanguage":"en-GB"},{"@type":"Organization","@id":"https:\/\/www.karinibutiik.ee\/#organization","name":"Karini Butiik","url":"https:\/\/www.karinibutiik.ee\/","logo":{"@type":"ImageObject","inLanguage":"en-GB","@id":"https:\/\/www.karinibutiik.ee\/#\/schema\/logo\/image\/","url":"https:\/\/www.karinibutiik.ee\/wp-content\/uploads\/2024\/10\/Kuj.-K-koopia.png","contentUrl":"https:\/\/www.karinibutiik.ee\/wp-content\/uploads\/2024\/10\/Kuj.-K-koopia.png","width":500,"height":500,"caption":"Karini Butiik"},"image":{"@id":"https:\/\/www.karinibutiik.ee\/#\/schema\/logo\/image\/"},"sameAs":["https:\/\/www.facebook.com\/karinibutiik.ee","https:\/\/www.instagram.com\/karinibutiik"]}]},"og_availability":"out of stock","product_availability":"out of stock","product_retailer_item_id":"2358","product_condition":"new"},"_links":{"self":[{"href":"https:\/\/www.karinibutiik.ee\/en\/wp-json\/wp\/v2\/product\/21807","targetHints":{"allow":["GET"]}}],"collection":[{"href":"https:\/\/www.karinibutiik.ee\/en\/wp-json\/wp\/v2\/product"}],"about":[{"href":"https:\/\/www.karinibutiik.ee\/en\/wp-json\/wp\/v2\/types\/product"}],"version-history":[{"count":1,"href":"https:\/\/www.karinibutiik.ee\/en\/wp-json\/wp\/v2\/product\/21807\/revisions"}],"predecessor-version":[{"id":21811,"href":"https:\/\/www.karinibutiik.ee\/en\/wp-json\/wp\/v2\/product\/21807\/revisions\/21811"}],"wp:featuredmedia":[{"embeddable":true,"href":"https:\/\/www.karinibutiik.ee\/en\/wp-json\/wp\/v2\/media\/21774"}],"wp:attachment":[{"href":"https:\/\/www.karinibutiik.ee\/en\/wp-json\/wp\/v2\/media?parent=21807"}],"wp:term":[{"taxonomy":"product_brand","embeddable":true,"href":"https:\/\/www.karinibutiik.ee\/en\/wp-json\/wp\/v2\/product_brand?post=21807"},{"taxonomy":"product_cat","embeddable":true,"href":"https:\/\/www.karinibutiik.ee\/en\/wp-json\/wp\/v2\/product_cat?post=21807"},{"taxonomy":"product_tag","embeddable":true,"href":"https:\/\/www.karinibutiik.ee\/en\/wp-json\/wp\/v2\/product_tag?post=21807"}],"curies":[{"name":"wp","href":"https:\/\/api.w.org\/{rel}","templated":true}]}}