{"id":22060,"date":"2026-01-15T17:10:07","date_gmt":"2026-01-15T15:10:07","guid":{"rendered":"https:\/\/www.karinibutiik.ee\/?post_type=product&#038;p=22060"},"modified":"2026-04-11T14:47:24","modified_gmt":"2026-04-11T11:47:24","slug":"korsetiloikega-satiinkangast-maksikleit","status":"publish","type":"product","link":"https:\/\/www.karinibutiik.ee\/en\/product-2\/korsetiloikega-satiinkangast-maksikleit\/","title":{"rendered":"Corset-cut satin liver dress"},"content":{"rendered":"<p class=\"\" data-start=\"38\" data-end=\"137\"><strong data-start=\"38\" data-end=\"133\">Pilkup\u00fc\u00fcdev maksikleit satiinkangast \u2013 Luksuslik valik igaks eriliseks s\u00fcndmuseks<\/strong> \u2728<\/p>\n<p class=\"\" data-start=\"139\" data-end=\"423\">Silmapaistev ja naiselik maksikleit paksemast satiinkangast on loodud selleks, et tuua esile kandja enesekindlus ja elegants. Kleidi julge l\u00f5hik lisab sensuaalsust, samas kui seljaosal olevad korsetil\u00f5ikelised reguleeritavad paelad tagavad kauni ja istuva silueti.<\/p>\n<p class=\"\" data-start=\"425\" data-end=\"538\">See kleit on ideaalne valik l\u00f5pupidudeks, pulmadeks, ballideks v\u00f5i iga s\u00fcndmuse jaoks, kus soovid silma paista.<\/p>\n<p class=\"\" data-start=\"540\" data-end=\"855\"><strong data-start=\"540\" data-end=\"553\">Features:<\/strong><br data-start=\"553\" data-end=\"556\" \/>\u2714 Luksuslik ja veidi tugevam satiinkangas, mis langeb kaunilt<br data-start=\"617\" data-end=\"620\" \/>\u2714 Julge k\u00f5rge l\u00f5hik, mis lisab iseloomu<br data-start=\"659\" data-end=\"662\" \/>\u2714 Korsetil\u00f5ikeline seljaosa reguleeritavate paeltega \u2013 sobib ideaalselt eri kehat\u00fc\u00fcpidele<br data-start=\"751\" data-end=\"754\" data-is-only-node=\"\" \/>\u2714 Saadaval \u00fcle k\u00fcmnes imekaunis v\u00e4rvitoonis<br data-start=\"801\" data-end=\"804\" \/>\u2714 Suurused XXS kuni M \u2013 leia just sulle sobiv<\/p>\n<p class=\"\" data-start=\"857\" data-end=\"951\">\u2728 Vali maksimaalse efekti ja mugavusega kleit, millega t\u00f5mbad pilke ja tunned end erakordsena!<\/p>","protected":false},"excerpt":{"rendered":"<p>Pilkup\u00fc\u00fcdev maksikleit satiinkangast \u2013 Luksuslik valik igaks eriliseks s\u00fcndmuseks \u2728 Silmapaistev ja naiselik maksikleit paksemast satiinkangast on loodud selleks, et [&hellip;]<\/p>\n","protected":false},"featured_media":26048,"template":"","meta":{"site-sidebar-layout":"default","site-content-layout":"","ast-site-content-layout":"default","site-content-style":"default","site-sidebar-style":"default","ast-global-header-display":"","ast-banner-title-visibility":"","ast-main-header-display":"","ast-hfb-above-header-display":"","ast-hfb-below-header-display":"","ast-hfb-mobile-header-display":"","site-post-title":"","ast-breadcrumbs-content":"","ast-featured-img":"","footer-sml-layout":"","ast-disable-related-posts":"","theme-transparent-header-meta":"default","adv-header-id-meta":"","stick-header-meta":"default","header-above-stick-meta":"","header-main-stick-meta":"","header-below-stick-meta":"","astra-migrate-meta-layouts":"set","ast-page-background-enabled":"default","ast-page-background-meta":{"desktop":{"background-color":"var(--ast-global-color-4)","background-image":"","background-repeat":"repeat","background-position":"center center","background-size":"auto","background-attachment":"scroll","background-type":"","background-media":"","overlay-type":"","overlay-color":"","overlay-opacity":"","overlay-gradient":""},"tablet":{"background-color":"","background-image":"","background-repeat":"repeat","background-position":"center center","background-size":"auto","background-attachment":"scroll","background-type":"","background-media":"","overlay-type":"","overlay-color":"","overlay-opacity":"","overlay-gradient":""},"mobile":{"background-color":"","background-image":"","background-repeat":"repeat","background-position":"center center","background-size":"auto","background-attachment":"scroll","background-type":"","background-media":"","overlay-type":"","overlay-color":"","overlay-opacity":"","overlay-gradient":""}},"ast-content-background-meta":{"desktop":{"background-color":"var(--ast-global-color-5)","background-image":"","background-repeat":"repeat","background-position":"center center","background-size":"auto","background-attachment":"scroll","background-type":"","background-media":"","overlay-type":"","overlay-color":"","overlay-opacity":"","overlay-gradient":""},"tablet":{"background-color":"var(--ast-global-color-5)","background-image":"","background-repeat":"repeat","background-position":"center center","background-size":"auto","background-attachment":"scroll","background-type":"","background-media":"","overlay-type":"","overlay-color":"","overlay-opacity":"","overlay-gradient":""},"mobile":{"background-color":"var(--ast-global-color-5)","background-image":"","background-repeat":"repeat","background-position":"center center","background-size":"auto","background-attachment":"scroll","background-type":"","background-media":"","overlay-type":"","overlay-color":"","overlay-opacity":"","overlay-gradient":""}}},"product_brand":[],"product_cat":[452,346,347,350,357,348,351],"product_tag":[475,596,501,940,1246,1143,1186,1244,928,90,486,109,92,1245,1212,1213,838],"class_list":{"0":"post-22060","1":"product","2":"type-product","3":"status-publish","4":"has-post-thumbnail","6":"product_cat-bestseller","7":"product_cat-naised","8":"product_cat-kleidid","9":"product_cat-pulmakleidid-pruutneitside-kleidid","10":"product_cat-maksikleidid","11":"product_cat-lopukleidid","12":"product_cat-uued-tooted","13":"product_tag-dresshouse","14":"product_tag-get-dressed","15":"product_tag-karini-butiik","16":"product_tag-kleididbutiik","17":"product_tag-kleididbutiik-tallinnas","18":"product_tag-kleididpood-tallinnas","19":"product_tag-korsetiga-maksikleit","20":"product_tag-korsettloikega-maksikleit","21":"product_tag-lopukleidid","22":"product_tag-lopukleit","23":"product_tag-maksikleidid","24":"product_tag-maksikleit","25":"product_tag-pidulikud-kleidid","26":"product_tag-roheline-maksikleit","27":"product_tag-roosa-maksikleit","28":"product_tag-sinine-maksikleit","29":"product_tag-stiilsed-riided","30":"desktop-align-center","31":"tablet-align-center","32":"mobile-align-center","33":"ast-product-gallery-layout-horizontal-slider","34":"ast-product-single-variable","35":"ast-product-tabs-layout-horizontal","37":"first","38":"instock","39":"taxable","40":"shipping-taxable","41":"purchasable","42":"product-type-variable"},"supplier_id":null,"supplier_sku":"","barcode":null,"atum_controlled":true,"out_stock_date":null,"out_stock_threshold":null,"inheritable":true,"inbound_stock":null,"stock_on_hold":0,"sold_today":0,"sales_last_days":1,"reserved_stock":0,"customer_returns":null,"warehouse_damage":0,"lost_in_post":null,"other_logs":0,"out_stock_days":0,"lost_sales":0,"has_location":false,"update_date":"2026-03-19T16:05:48","atum_locations":[],"atum_stock_status":"instock","restock_status":false,"low_stock_amount":"","sales_update_date":"2025-12-04T09:59:40","calc_backorders":null,"yoast_head":"<!-- This site is optimized with the Yoast SEO plugin v26.9 - https:\/\/yoast.com\/product\/yoast-seo-wordpress\/ -->\n<title>Korsetil\u00f5ikega satiinkangast maksikleit - Karini Butiik<\/title>\n<meta name=\"description\" content=\"Pilkup\u00fc\u00fcdev maksikleit paksemast satiinkangast, k\u00f5rge l\u00f5hiku ja reguleeritavate korsetipaeltega seljal. Ideaalne valik l\u00f5pupidudeks!\" \/>\n<meta name=\"robots\" content=\"index, follow, max-snippet:-1, max-image-preview:large, max-video-preview:-1\" \/>\n<link rel=\"canonical\" href=\"https:\/\/www.karinibutiik.ee\/en\/product-2\/korsetiloikega-satiinkangast-maksikleit\/\" \/>\n<meta property=\"og:locale\" content=\"en_GB\" \/>\n<meta property=\"og:type\" content=\"article\" \/>\n<meta property=\"og:title\" content=\"Korsetil\u00f5ikega satiinkangast maksikleit - Karini Butiik\" \/>\n<meta property=\"og:description\" content=\"Pilkup\u00fc\u00fcdev maksikleit paksemast satiinkangast, k\u00f5rge l\u00f5hiku ja reguleeritavate korsetipaeltega seljal. Ideaalne valik l\u00f5pupidudeks!\" \/>\n<meta property=\"og:url\" content=\"https:\/\/www.karinibutiik.ee\/en\/product-2\/korsetiloikega-satiinkangast-maksikleit\/\" \/>\n<meta property=\"og:site_name\" content=\"Karini Butiik\" \/>\n<meta property=\"article:publisher\" content=\"https:\/\/www.facebook.com\/karinibutiik.ee\" \/>\n<meta property=\"article:modified_time\" content=\"2026-04-11T11:47:24+00:00\" \/>\n<meta property=\"og:image\" content=\"https:\/\/www.karinibutiik.ee\/wp-content\/uploads\/2026\/02\/260215_Karini_Butiik_Erlend_Staub47-scaled.jpg\" \/>\n\t<meta property=\"og:image:width\" content=\"2048\" \/>\n\t<meta property=\"og:image:height\" content=\"2560\" \/>\n\t<meta property=\"og:image:type\" content=\"image\/jpeg\" \/>\n<meta name=\"twitter:card\" content=\"summary_large_image\" \/>\n<meta name=\"twitter:label1\" content=\"Availability\" \/>\n\t<meta name=\"twitter:data1\" content=\"In stock\" \/>\n<script type=\"application\/ld+json\" class=\"yoast-schema-graph\">{\"@context\":\"https:\/\/schema.org\",\"@graph\":[{\"@type\":\"WebPage\",\"@id\":\"https:\/\/www.karinibutiik.ee\/toode\/korsetiloikega-satiinkangast-maksikleit\/\",\"url\":\"https:\/\/www.karinibutiik.ee\/toode\/korsetiloikega-satiinkangast-maksikleit\/\",\"name\":\"Korsetil\u00f5ikega satiinkangast maksikleit - Karini Butiik\",\"isPartOf\":{\"@id\":\"https:\/\/www.karinibutiik.ee\/#website\"},\"primaryImageOfPage\":{\"@id\":\"https:\/\/www.karinibutiik.ee\/toode\/korsetiloikega-satiinkangast-maksikleit\/#primaryimage\"},\"image\":{\"@id\":\"https:\/\/www.karinibutiik.ee\/toode\/korsetiloikega-satiinkangast-maksikleit\/#primaryimage\"},\"thumbnailUrl\":\"https:\/\/www.karinibutiik.ee\/wp-content\/uploads\/2026\/02\/260215_Karini_Butiik_Erlend_Staub47-scaled.jpg\",\"datePublished\":\"2026-01-15T15:10:07+00:00\",\"dateModified\":\"2026-04-11T11:47:24+00:00\",\"description\":\"Pilkup\u00fc\u00fcdev maksikleit paksemast satiinkangast, k\u00f5rge l\u00f5hiku ja reguleeritavate korsetipaeltega seljal. Ideaalne valik l\u00f5pupidudeks!\",\"breadcrumb\":{\"@id\":\"https:\/\/www.karinibutiik.ee\/toode\/korsetiloikega-satiinkangast-maksikleit\/#breadcrumb\"},\"inLanguage\":\"en-GB\",\"potentialAction\":[{\"@type\":\"ReadAction\",\"target\":[\"https:\/\/www.karinibutiik.ee\/toode\/korsetiloikega-satiinkangast-maksikleit\/\"]}]},{\"@type\":\"ImageObject\",\"inLanguage\":\"en-GB\",\"@id\":\"https:\/\/www.karinibutiik.ee\/toode\/korsetiloikega-satiinkangast-maksikleit\/#primaryimage\",\"url\":\"https:\/\/www.karinibutiik.ee\/wp-content\/uploads\/2026\/02\/260215_Karini_Butiik_Erlend_Staub47-scaled.jpg\",\"contentUrl\":\"https:\/\/www.karinibutiik.ee\/wp-content\/uploads\/2026\/02\/260215_Karini_Butiik_Erlend_Staub47-scaled.jpg\",\"width\":2048,\"height\":2560,\"caption\":\"Korsetil\u00f5ikega satiinkangast maksikleit\"},{\"@type\":\"BreadcrumbList\",\"@id\":\"https:\/\/www.karinibutiik.ee\/toode\/korsetiloikega-satiinkangast-maksikleit\/#breadcrumb\",\"itemListElement\":[{\"@type\":\"ListItem\",\"position\":1,\"name\":\"Home\",\"item\":\"https:\/\/www.karinibutiik.ee\/\"},{\"@type\":\"ListItem\",\"position\":2,\"name\":\"Pood\",\"item\":\"https:\/\/www.karinibutiik.ee\/pood\/\"},{\"@type\":\"ListItem\",\"position\":3,\"name\":\"Korsetil\u00f5ikega satiinkangast maksikleit\"}]},{\"@type\":\"WebSite\",\"@id\":\"https:\/\/www.karinibutiik.ee\/#website\",\"url\":\"https:\/\/www.karinibutiik.ee\/\",\"name\":\"Karini Butiik\",\"description\":\"\",\"publisher\":{\"@id\":\"https:\/\/www.karinibutiik.ee\/#organization\"},\"potentialAction\":[{\"@type\":\"SearchAction\",\"target\":{\"@type\":\"EntryPoint\",\"urlTemplate\":\"https:\/\/www.karinibutiik.ee\/?s={search_term_string}\"},\"query-input\":{\"@type\":\"PropertyValueSpecification\",\"valueRequired\":true,\"valueName\":\"search_term_string\"}}],\"inLanguage\":\"en-GB\"},{\"@type\":\"Organization\",\"@id\":\"https:\/\/www.karinibutiik.ee\/#organization\",\"name\":\"Karini Butiik\",\"url\":\"https:\/\/www.karinibutiik.ee\/\",\"logo\":{\"@type\":\"ImageObject\",\"inLanguage\":\"en-GB\",\"@id\":\"https:\/\/www.karinibutiik.ee\/#\/schema\/logo\/image\/\",\"url\":\"https:\/\/www.karinibutiik.ee\/wp-content\/uploads\/2024\/10\/Kuj.-K-koopia.png\",\"contentUrl\":\"https:\/\/www.karinibutiik.ee\/wp-content\/uploads\/2024\/10\/Kuj.-K-koopia.png\",\"width\":500,\"height\":500,\"caption\":\"Karini Butiik\"},\"image\":{\"@id\":\"https:\/\/www.karinibutiik.ee\/#\/schema\/logo\/image\/\"},\"sameAs\":[\"https:\/\/www.facebook.com\/karinibutiik.ee\",\"https:\/\/www.instagram.com\/karinibutiik\"]}]}<\/script>\n<meta property=\"og:availability\" content=\"instock\" \/>\n<meta property=\"product:availability\" content=\"instock\" \/>\n<meta property=\"product:retailer_item_id\" content=\"2585\" \/>\n<meta property=\"product:condition\" content=\"new\" \/>\n<!-- \/ Yoast SEO plugin. -->","yoast_head_json":{"title":"Korsetil\u00f5ikega satiinkangast maksikleit - Karini Butiik","description":"Pilkup\u00fc\u00fcdev maksikleit paksemast satiinkangast, k\u00f5rge l\u00f5hiku ja reguleeritavate korsetipaeltega seljal. Ideaalne valik l\u00f5pupidudeks!","robots":{"index":"index","follow":"follow","max-snippet":"max-snippet:-1","max-image-preview":"max-image-preview:large","max-video-preview":"max-video-preview:-1"},"canonical":"https:\/\/www.karinibutiik.ee\/en\/product-2\/korsetiloikega-satiinkangast-maksikleit\/","og_locale":"en_GB","og_type":"article","og_title":"Korsetil\u00f5ikega satiinkangast maksikleit - Karini Butiik","og_description":"Pilkup\u00fc\u00fcdev maksikleit paksemast satiinkangast, k\u00f5rge l\u00f5hiku ja reguleeritavate korsetipaeltega seljal. Ideaalne valik l\u00f5pupidudeks!","og_url":"https:\/\/www.karinibutiik.ee\/en\/product-2\/korsetiloikega-satiinkangast-maksikleit\/","og_site_name":"Karini Butiik","article_publisher":"https:\/\/www.facebook.com\/karinibutiik.ee","article_modified_time":"2026-04-11T11:47:24+00:00","og_image":[{"width":2048,"height":2560,"url":"https:\/\/www.karinibutiik.ee\/wp-content\/uploads\/2026\/02\/260215_Karini_Butiik_Erlend_Staub47-scaled.jpg","type":"image\/jpeg"}],"twitter_card":"summary_large_image","twitter_misc":{"Availability":"In stock"},"schema":{"@context":"https:\/\/schema.org","@graph":[{"@type":"WebPage","@id":"https:\/\/www.karinibutiik.ee\/toode\/korsetiloikega-satiinkangast-maksikleit\/","url":"https:\/\/www.karinibutiik.ee\/toode\/korsetiloikega-satiinkangast-maksikleit\/","name":"Korsetil\u00f5ikega satiinkangast maksikleit - Karini Butiik","isPartOf":{"@id":"https:\/\/www.karinibutiik.ee\/#website"},"primaryImageOfPage":{"@id":"https:\/\/www.karinibutiik.ee\/toode\/korsetiloikega-satiinkangast-maksikleit\/#primaryimage"},"image":{"@id":"https:\/\/www.karinibutiik.ee\/toode\/korsetiloikega-satiinkangast-maksikleit\/#primaryimage"},"thumbnailUrl":"https:\/\/www.karinibutiik.ee\/wp-content\/uploads\/2026\/02\/260215_Karini_Butiik_Erlend_Staub47-scaled.jpg","datePublished":"2026-01-15T15:10:07+00:00","dateModified":"2026-04-11T11:47:24+00:00","description":"Pilkup\u00fc\u00fcdev maksikleit paksemast satiinkangast, k\u00f5rge l\u00f5hiku ja reguleeritavate korsetipaeltega seljal. Ideaalne valik l\u00f5pupidudeks!","breadcrumb":{"@id":"https:\/\/www.karinibutiik.ee\/toode\/korsetiloikega-satiinkangast-maksikleit\/#breadcrumb"},"inLanguage":"en-GB","potentialAction":[{"@type":"ReadAction","target":["https:\/\/www.karinibutiik.ee\/toode\/korsetiloikega-satiinkangast-maksikleit\/"]}]},{"@type":"ImageObject","inLanguage":"en-GB","@id":"https:\/\/www.karinibutiik.ee\/toode\/korsetiloikega-satiinkangast-maksikleit\/#primaryimage","url":"https:\/\/www.karinibutiik.ee\/wp-content\/uploads\/2026\/02\/260215_Karini_Butiik_Erlend_Staub47-scaled.jpg","contentUrl":"https:\/\/www.karinibutiik.ee\/wp-content\/uploads\/2026\/02\/260215_Karini_Butiik_Erlend_Staub47-scaled.jpg","width":2048,"height":2560,"caption":"Korsetil\u00f5ikega satiinkangast maksikleit"},{"@type":"BreadcrumbList","@id":"https:\/\/www.karinibutiik.ee\/toode\/korsetiloikega-satiinkangast-maksikleit\/#breadcrumb","itemListElement":[{"@type":"ListItem","position":1,"name":"Home","item":"https:\/\/www.karinibutiik.ee\/"},{"@type":"ListItem","position":2,"name":"Pood","item":"https:\/\/www.karinibutiik.ee\/pood\/"},{"@type":"ListItem","position":3,"name":"Korsetil\u00f5ikega satiinkangast maksikleit"}]},{"@type":"WebSite","@id":"https:\/\/www.karinibutiik.ee\/#website","url":"https:\/\/www.karinibutiik.ee\/","name":"Karini Butiik","description":"","publisher":{"@id":"https:\/\/www.karinibutiik.ee\/#organization"},"potentialAction":[{"@type":"SearchAction","target":{"@type":"EntryPoint","urlTemplate":"https:\/\/www.karinibutiik.ee\/?s={search_term_string}"},"query-input":{"@type":"PropertyValueSpecification","valueRequired":true,"valueName":"search_term_string"}}],"inLanguage":"en-GB"},{"@type":"Organization","@id":"https:\/\/www.karinibutiik.ee\/#organization","name":"Karini Butiik","url":"https:\/\/www.karinibutiik.ee\/","logo":{"@type":"ImageObject","inLanguage":"en-GB","@id":"https:\/\/www.karinibutiik.ee\/#\/schema\/logo\/image\/","url":"https:\/\/www.karinibutiik.ee\/wp-content\/uploads\/2024\/10\/Kuj.-K-koopia.png","contentUrl":"https:\/\/www.karinibutiik.ee\/wp-content\/uploads\/2024\/10\/Kuj.-K-koopia.png","width":500,"height":500,"caption":"Karini Butiik"},"image":{"@id":"https:\/\/www.karinibutiik.ee\/#\/schema\/logo\/image\/"},"sameAs":["https:\/\/www.facebook.com\/karinibutiik.ee","https:\/\/www.instagram.com\/karinibutiik"]}]},"og_availability":"instock","product_availability":"instock","product_retailer_item_id":"2585","product_condition":"new"},"_links":{"self":[{"href":"https:\/\/www.karinibutiik.ee\/en\/wp-json\/wp\/v2\/product\/22060","targetHints":{"allow":["GET"]}}],"collection":[{"href":"https:\/\/www.karinibutiik.ee\/en\/wp-json\/wp\/v2\/product"}],"about":[{"href":"https:\/\/www.karinibutiik.ee\/en\/wp-json\/wp\/v2\/types\/product"}],"version-history":[{"count":3,"href":"https:\/\/www.karinibutiik.ee\/en\/wp-json\/wp\/v2\/product\/22060\/revisions"}],"predecessor-version":[{"id":23373,"href":"https:\/\/www.karinibutiik.ee\/en\/wp-json\/wp\/v2\/product\/22060\/revisions\/23373"}],"wp:featuredmedia":[{"embeddable":true,"href":"https:\/\/www.karinibutiik.ee\/en\/wp-json\/wp\/v2\/media\/26048"}],"wp:attachment":[{"href":"https:\/\/www.karinibutiik.ee\/en\/wp-json\/wp\/v2\/media?parent=22060"}],"wp:term":[{"taxonomy":"product_brand","embeddable":true,"href":"https:\/\/www.karinibutiik.ee\/en\/wp-json\/wp\/v2\/product_brand?post=22060"},{"taxonomy":"product_cat","embeddable":true,"href":"https:\/\/www.karinibutiik.ee\/en\/wp-json\/wp\/v2\/product_cat?post=22060"},{"taxonomy":"product_tag","embeddable":true,"href":"https:\/\/www.karinibutiik.ee\/en\/wp-json\/wp\/v2\/product_tag?post=22060"}],"curies":[{"name":"wp","href":"https:\/\/api.w.org\/{rel}","templated":true}]}}