{"id":22534,"date":"2025-06-13T09:01:55","date_gmt":"2025-06-13T09:01:55","guid":{"rendered":"https:\/\/www.karinibutiik.ee\/?post_type=product&#038;p=22534"},"modified":"2025-12-05T13:19:44","modified_gmt":"2025-12-05T11:19:44","slug":"boolero-jakk-pintsak-2","status":"publish","type":"product","link":"https:\/\/www.karinibutiik.ee\/en\/product-2\/boolero-jakk-pintsak-2\/","title":{"rendered":"BOLERO JACKET \/ BLAZER"},"content":{"rendered":"<p>Looking for the perfect way to accessorise your outfit for an evening party or formal event? Then take a look at our stylish bolero jacket\/jacket! This elegant and versatile garment will add a luxurious touch to your wardrobe and help you shine at any event.<br \/>\n<strong>Features:<\/strong><\/p>\n<ul>\n<li><strong><em>Elegance and Style<\/em>:<\/strong>\u00a0This bolero jacket\/jacket is designed to offer versatile style and comfort. Their cuts and details are carefully designed to ensure a premium look and confidence.<\/li>\n<li><strong><em>High Quality Material<\/em><\/strong>: Made from high quality fabrics for both comfort and durability.<\/li>\n<li><strong><em>Versatile Use<\/em><\/strong>: A bolero jacket\/jacket is a great way to complement a dress or trouser and top combination. Whether it's a formal event or an evening dinner with friends, this garment will give you just the right amount of elegance.<\/li>\n<\/ul>\n<p><strong>How to Apply:<\/strong><br \/>\nWear this bolero jacket\/jacket for evening events, festive occasions or even everyday stylish looks. Pair it with a dress or trousers and a top and add some jewellery to create the perfect evening look.<br \/>\nGet ready to shine and feel confident with our stylish bolero jacket\/jacket. Explore our range and add a luxurious touch to your wardrobe today!<\/p>","protected":false},"excerpt":{"rendered":"<p>Otsid t\u00e4iuslikku viisi, kuidas t\u00e4iendada oma riietust \u00f5htuse peo v\u00f5i ametliku s\u00fcndmuse jaoks? Siis vaata meie stiilset boolero jakki \/ [&hellip;]<\/p>\n","protected":false},"featured_media":22537,"template":"","meta":{"site-sidebar-layout":"default","site-content-layout":"","ast-site-content-layout":"default","site-content-style":"default","site-sidebar-style":"default","ast-global-header-display":"","ast-banner-title-visibility":"","ast-main-header-display":"","ast-hfb-above-header-display":"","ast-hfb-below-header-display":"","ast-hfb-mobile-header-display":"","site-post-title":"","ast-breadcrumbs-content":"","ast-featured-img":"","footer-sml-layout":"","ast-disable-related-posts":"","theme-transparent-header-meta":"default","adv-header-id-meta":"","stick-header-meta":"default","header-above-stick-meta":"","header-main-stick-meta":"","header-below-stick-meta":"","astra-migrate-meta-layouts":"set","ast-page-background-enabled":"default","ast-page-background-meta":{"desktop":{"background-color":"var(--ast-global-color-4)","background-image":"","background-repeat":"repeat","background-position":"center center","background-size":"auto","background-attachment":"scroll","background-type":"","background-media":"","overlay-type":"","overlay-color":"","overlay-opacity":"","overlay-gradient":""},"tablet":{"background-color":"","background-image":"","background-repeat":"repeat","background-position":"center center","background-size":"auto","background-attachment":"scroll","background-type":"","background-media":"","overlay-type":"","overlay-color":"","overlay-opacity":"","overlay-gradient":""},"mobile":{"background-color":"","background-image":"","background-repeat":"repeat","background-position":"center center","background-size":"auto","background-attachment":"scroll","background-type":"","background-media":"","overlay-type":"","overlay-color":"","overlay-opacity":"","overlay-gradient":""}},"ast-content-background-meta":{"desktop":{"background-color":"var(--ast-global-color-5)","background-image":"","background-repeat":"repeat","background-position":"center center","background-size":"auto","background-attachment":"scroll","background-type":"","background-media":"","overlay-type":"","overlay-color":"","overlay-opacity":"","overlay-gradient":""},"tablet":{"background-color":"var(--ast-global-color-5)","background-image":"","background-repeat":"repeat","background-position":"center center","background-size":"auto","background-attachment":"scroll","background-type":"","background-media":"","overlay-type":"","overlay-color":"","overlay-opacity":"","overlay-gradient":""},"mobile":{"background-color":"var(--ast-global-color-5)","background-image":"","background-repeat":"repeat","background-position":"center center","background-size":"auto","background-attachment":"scroll","background-type":"","background-media":"","overlay-type":"","overlay-color":"","overlay-opacity":"","overlay-gradient":""}}},"product_brand":[],"product_cat":[346,365,366,351],"product_tag":[835,1334,678,1226,1336,1335,606,246,533],"class_list":{"0":"post-22534","1":"product","2":"type-product","3":"status-publish","4":"has-post-thumbnail","6":"product_cat-naised","7":"product_cat-uleriided","8":"product_cat-pintsakud","9":"product_cat-uued-tooted","10":"product_tag-boolero","11":"product_tag-boolero-jakk-pintsak","12":"product_tag-jakk","13":"product_tag-must-pintsak","14":"product_tag-naiste-jakid","15":"product_tag-naiste-pintsakud","16":"product_tag-naiste-uleriided","17":"product_tag-pintsak","18":"product_tag-uleriided","19":"desktop-align-center","20":"tablet-align-center","21":"mobile-align-center","22":"ast-product-gallery-layout-horizontal-slider","23":"ast-product-single-variable","24":"ast-product-tabs-layout-horizontal","26":"first","27":"outofstock","28":"taxable","29":"shipping-taxable","30":"product-type-variable"},"supplier_id":null,"supplier_sku":"","barcode":null,"atum_controlled":true,"out_stock_date":null,"out_stock_threshold":null,"inheritable":true,"inbound_stock":null,"stock_on_hold":0,"sold_today":0,"sales_last_days":0,"reserved_stock":0,"customer_returns":null,"warehouse_damage":0,"lost_in_post":null,"other_logs":0,"out_stock_days":0,"lost_sales":0,"has_location":false,"update_date":"2025-12-05T11:19:09","atum_locations":[],"atum_stock_status":"instock","restock_status":false,"low_stock_amount":"","sales_update_date":"2025-12-05T11:19:09","calc_backorders":null,"yoast_head":"<!-- This site is optimized with the Yoast SEO plugin v26.9 - https:\/\/yoast.com\/product\/yoast-seo-wordpress\/ -->\n<title>BOOLERO JAKK \/ PINTSAK - Karini Butiik<\/title>\n<meta name=\"description\" content=\"Ole valmis s\u00e4rama ja tundma end enesekindlalt meie stiilse boolero jakiga \/ pintsakuga. Kanna igap\u00e4evaselt , t\u00f6\u00f6l v\u00f5i m\u00f5nel pidulikumal \u00fcritusel.\" \/>\n<meta name=\"robots\" content=\"index, follow, max-snippet:-1, max-image-preview:large, max-video-preview:-1\" \/>\n<link rel=\"canonical\" href=\"https:\/\/www.karinibutiik.ee\/en\/product-2\/boolero-jakk-pintsak-2\/\" \/>\n<meta property=\"og:locale\" content=\"en_GB\" \/>\n<meta property=\"og:type\" content=\"article\" \/>\n<meta property=\"og:title\" content=\"BOOLERO JAKK \/ PINTSAK - Karini Butiik\" \/>\n<meta property=\"og:description\" content=\"Ole valmis s\u00e4rama ja tundma end enesekindlalt meie stiilse boolero jakiga \/ pintsakuga. Kanna igap\u00e4evaselt , t\u00f6\u00f6l v\u00f5i m\u00f5nel pidulikumal \u00fcritusel.\" \/>\n<meta property=\"og:url\" content=\"https:\/\/www.karinibutiik.ee\/en\/product-2\/boolero-jakk-pintsak-2\/\" \/>\n<meta property=\"og:site_name\" content=\"Karini Butiik\" \/>\n<meta property=\"article:publisher\" content=\"https:\/\/www.facebook.com\/karinibutiik.ee\" \/>\n<meta property=\"article:modified_time\" content=\"2025-12-05T11:19:44+00:00\" \/>\n<meta property=\"og:image\" content=\"https:\/\/www.karinibutiik.ee\/wp-content\/uploads\/2025\/06\/7B42921B-4AD9-467C-9556-3D5A31D11370.jpeg\" \/>\n\t<meta property=\"og:image:width\" content=\"758\" \/>\n\t<meta property=\"og:image:height\" content=\"976\" \/>\n\t<meta property=\"og:image:type\" content=\"image\/jpeg\" \/>\n<meta name=\"twitter:card\" content=\"summary_large_image\" \/>\n<meta name=\"twitter:label1\" content=\"Availability\" \/>\n\t<meta name=\"twitter:data1\" content=\"Out of stock\" \/>\n<script type=\"application\/ld+json\" class=\"yoast-schema-graph\">{\"@context\":\"https:\/\/schema.org\",\"@graph\":[{\"@type\":\"WebPage\",\"@id\":\"https:\/\/www.karinibutiik.ee\/toode\/boolero-jakk-pintsak-2\/\",\"url\":\"https:\/\/www.karinibutiik.ee\/toode\/boolero-jakk-pintsak-2\/\",\"name\":\"BOOLERO JAKK \/ PINTSAK - Karini Butiik\",\"isPartOf\":{\"@id\":\"https:\/\/www.karinibutiik.ee\/#website\"},\"primaryImageOfPage\":{\"@id\":\"https:\/\/www.karinibutiik.ee\/toode\/boolero-jakk-pintsak-2\/#primaryimage\"},\"image\":{\"@id\":\"https:\/\/www.karinibutiik.ee\/toode\/boolero-jakk-pintsak-2\/#primaryimage\"},\"thumbnailUrl\":\"https:\/\/www.karinibutiik.ee\/wp-content\/uploads\/2025\/06\/7B42921B-4AD9-467C-9556-3D5A31D11370.jpeg\",\"datePublished\":\"2025-06-13T09:01:55+00:00\",\"dateModified\":\"2025-12-05T11:19:44+00:00\",\"description\":\"Ole valmis s\u00e4rama ja tundma end enesekindlalt meie stiilse boolero jakiga \/ pintsakuga. Kanna igap\u00e4evaselt , t\u00f6\u00f6l v\u00f5i m\u00f5nel pidulikumal \u00fcritusel.\",\"breadcrumb\":{\"@id\":\"https:\/\/www.karinibutiik.ee\/toode\/boolero-jakk-pintsak-2\/#breadcrumb\"},\"inLanguage\":\"en-GB\",\"potentialAction\":[{\"@type\":\"ReadAction\",\"target\":[\"https:\/\/www.karinibutiik.ee\/toode\/boolero-jakk-pintsak-2\/\"]}]},{\"@type\":\"ImageObject\",\"inLanguage\":\"en-GB\",\"@id\":\"https:\/\/www.karinibutiik.ee\/toode\/boolero-jakk-pintsak-2\/#primaryimage\",\"url\":\"https:\/\/www.karinibutiik.ee\/wp-content\/uploads\/2025\/06\/7B42921B-4AD9-467C-9556-3D5A31D11370.jpeg\",\"contentUrl\":\"https:\/\/www.karinibutiik.ee\/wp-content\/uploads\/2025\/06\/7B42921B-4AD9-467C-9556-3D5A31D11370.jpeg\",\"width\":758,\"height\":976},{\"@type\":\"BreadcrumbList\",\"@id\":\"https:\/\/www.karinibutiik.ee\/toode\/boolero-jakk-pintsak-2\/#breadcrumb\",\"itemListElement\":[{\"@type\":\"ListItem\",\"position\":1,\"name\":\"Home\",\"item\":\"https:\/\/www.karinibutiik.ee\/\"},{\"@type\":\"ListItem\",\"position\":2,\"name\":\"Pood\",\"item\":\"https:\/\/www.karinibutiik.ee\/pood\/\"},{\"@type\":\"ListItem\",\"position\":3,\"name\":\"BOOLERO JAKK \/ PINTSAK\"}]},{\"@type\":\"WebSite\",\"@id\":\"https:\/\/www.karinibutiik.ee\/#website\",\"url\":\"https:\/\/www.karinibutiik.ee\/\",\"name\":\"Karini Butiik\",\"description\":\"\",\"publisher\":{\"@id\":\"https:\/\/www.karinibutiik.ee\/#organization\"},\"potentialAction\":[{\"@type\":\"SearchAction\",\"target\":{\"@type\":\"EntryPoint\",\"urlTemplate\":\"https:\/\/www.karinibutiik.ee\/?s={search_term_string}\"},\"query-input\":{\"@type\":\"PropertyValueSpecification\",\"valueRequired\":true,\"valueName\":\"search_term_string\"}}],\"inLanguage\":\"en-GB\"},{\"@type\":\"Organization\",\"@id\":\"https:\/\/www.karinibutiik.ee\/#organization\",\"name\":\"Karini Butiik\",\"url\":\"https:\/\/www.karinibutiik.ee\/\",\"logo\":{\"@type\":\"ImageObject\",\"inLanguage\":\"en-GB\",\"@id\":\"https:\/\/www.karinibutiik.ee\/#\/schema\/logo\/image\/\",\"url\":\"https:\/\/www.karinibutiik.ee\/wp-content\/uploads\/2024\/10\/Kuj.-K-koopia.png\",\"contentUrl\":\"https:\/\/www.karinibutiik.ee\/wp-content\/uploads\/2024\/10\/Kuj.-K-koopia.png\",\"width\":500,\"height\":500,\"caption\":\"Karini Butiik\"},\"image\":{\"@id\":\"https:\/\/www.karinibutiik.ee\/#\/schema\/logo\/image\/\"},\"sameAs\":[\"https:\/\/www.facebook.com\/karinibutiik.ee\",\"https:\/\/www.instagram.com\/karinibutiik\"]}]}<\/script>\n<meta property=\"og:availability\" content=\"out of stock\" \/>\n<meta property=\"product:availability\" content=\"out of stock\" \/>\n<meta property=\"product:retailer_item_id\" content=\"3839\" \/>\n<meta property=\"product:condition\" content=\"new\" \/>\n<!-- \/ Yoast SEO plugin. -->","yoast_head_json":{"title":"BOOLERO JAKK \/ PINTSAK - Karini Butiik","description":"Ole valmis s\u00e4rama ja tundma end enesekindlalt meie stiilse boolero jakiga \/ pintsakuga. Kanna igap\u00e4evaselt , t\u00f6\u00f6l v\u00f5i m\u00f5nel pidulikumal \u00fcritusel.","robots":{"index":"index","follow":"follow","max-snippet":"max-snippet:-1","max-image-preview":"max-image-preview:large","max-video-preview":"max-video-preview:-1"},"canonical":"https:\/\/www.karinibutiik.ee\/en\/product-2\/boolero-jakk-pintsak-2\/","og_locale":"en_GB","og_type":"article","og_title":"BOOLERO JAKK \/ PINTSAK - Karini Butiik","og_description":"Ole valmis s\u00e4rama ja tundma end enesekindlalt meie stiilse boolero jakiga \/ pintsakuga. Kanna igap\u00e4evaselt , t\u00f6\u00f6l v\u00f5i m\u00f5nel pidulikumal \u00fcritusel.","og_url":"https:\/\/www.karinibutiik.ee\/en\/product-2\/boolero-jakk-pintsak-2\/","og_site_name":"Karini Butiik","article_publisher":"https:\/\/www.facebook.com\/karinibutiik.ee","article_modified_time":"2025-12-05T11:19:44+00:00","og_image":[{"width":758,"height":976,"url":"https:\/\/www.karinibutiik.ee\/wp-content\/uploads\/2025\/06\/7B42921B-4AD9-467C-9556-3D5A31D11370.jpeg","type":"image\/jpeg"}],"twitter_card":"summary_large_image","twitter_misc":{"Availability":"Out of stock"},"schema":{"@context":"https:\/\/schema.org","@graph":[{"@type":"WebPage","@id":"https:\/\/www.karinibutiik.ee\/toode\/boolero-jakk-pintsak-2\/","url":"https:\/\/www.karinibutiik.ee\/toode\/boolero-jakk-pintsak-2\/","name":"BOOLERO JAKK \/ PINTSAK - Karini Butiik","isPartOf":{"@id":"https:\/\/www.karinibutiik.ee\/#website"},"primaryImageOfPage":{"@id":"https:\/\/www.karinibutiik.ee\/toode\/boolero-jakk-pintsak-2\/#primaryimage"},"image":{"@id":"https:\/\/www.karinibutiik.ee\/toode\/boolero-jakk-pintsak-2\/#primaryimage"},"thumbnailUrl":"https:\/\/www.karinibutiik.ee\/wp-content\/uploads\/2025\/06\/7B42921B-4AD9-467C-9556-3D5A31D11370.jpeg","datePublished":"2025-06-13T09:01:55+00:00","dateModified":"2025-12-05T11:19:44+00:00","description":"Ole valmis s\u00e4rama ja tundma end enesekindlalt meie stiilse boolero jakiga \/ pintsakuga. Kanna igap\u00e4evaselt , t\u00f6\u00f6l v\u00f5i m\u00f5nel pidulikumal \u00fcritusel.","breadcrumb":{"@id":"https:\/\/www.karinibutiik.ee\/toode\/boolero-jakk-pintsak-2\/#breadcrumb"},"inLanguage":"en-GB","potentialAction":[{"@type":"ReadAction","target":["https:\/\/www.karinibutiik.ee\/toode\/boolero-jakk-pintsak-2\/"]}]},{"@type":"ImageObject","inLanguage":"en-GB","@id":"https:\/\/www.karinibutiik.ee\/toode\/boolero-jakk-pintsak-2\/#primaryimage","url":"https:\/\/www.karinibutiik.ee\/wp-content\/uploads\/2025\/06\/7B42921B-4AD9-467C-9556-3D5A31D11370.jpeg","contentUrl":"https:\/\/www.karinibutiik.ee\/wp-content\/uploads\/2025\/06\/7B42921B-4AD9-467C-9556-3D5A31D11370.jpeg","width":758,"height":976},{"@type":"BreadcrumbList","@id":"https:\/\/www.karinibutiik.ee\/toode\/boolero-jakk-pintsak-2\/#breadcrumb","itemListElement":[{"@type":"ListItem","position":1,"name":"Home","item":"https:\/\/www.karinibutiik.ee\/"},{"@type":"ListItem","position":2,"name":"Pood","item":"https:\/\/www.karinibutiik.ee\/pood\/"},{"@type":"ListItem","position":3,"name":"BOOLERO JAKK \/ PINTSAK"}]},{"@type":"WebSite","@id":"https:\/\/www.karinibutiik.ee\/#website","url":"https:\/\/www.karinibutiik.ee\/","name":"Karini Butiik","description":"","publisher":{"@id":"https:\/\/www.karinibutiik.ee\/#organization"},"potentialAction":[{"@type":"SearchAction","target":{"@type":"EntryPoint","urlTemplate":"https:\/\/www.karinibutiik.ee\/?s={search_term_string}"},"query-input":{"@type":"PropertyValueSpecification","valueRequired":true,"valueName":"search_term_string"}}],"inLanguage":"en-GB"},{"@type":"Organization","@id":"https:\/\/www.karinibutiik.ee\/#organization","name":"Karini Butiik","url":"https:\/\/www.karinibutiik.ee\/","logo":{"@type":"ImageObject","inLanguage":"en-GB","@id":"https:\/\/www.karinibutiik.ee\/#\/schema\/logo\/image\/","url":"https:\/\/www.karinibutiik.ee\/wp-content\/uploads\/2024\/10\/Kuj.-K-koopia.png","contentUrl":"https:\/\/www.karinibutiik.ee\/wp-content\/uploads\/2024\/10\/Kuj.-K-koopia.png","width":500,"height":500,"caption":"Karini Butiik"},"image":{"@id":"https:\/\/www.karinibutiik.ee\/#\/schema\/logo\/image\/"},"sameAs":["https:\/\/www.facebook.com\/karinibutiik.ee","https:\/\/www.instagram.com\/karinibutiik"]}]},"og_availability":"out of stock","product_availability":"out of stock","product_retailer_item_id":"3839","product_condition":"new"},"_links":{"self":[{"href":"https:\/\/www.karinibutiik.ee\/en\/wp-json\/wp\/v2\/product\/22534","targetHints":{"allow":["GET"]}}],"collection":[{"href":"https:\/\/www.karinibutiik.ee\/en\/wp-json\/wp\/v2\/product"}],"about":[{"href":"https:\/\/www.karinibutiik.ee\/en\/wp-json\/wp\/v2\/types\/product"}],"version-history":[{"count":1,"href":"https:\/\/www.karinibutiik.ee\/en\/wp-json\/wp\/v2\/product\/22534\/revisions"}],"predecessor-version":[{"id":22544,"href":"https:\/\/www.karinibutiik.ee\/en\/wp-json\/wp\/v2\/product\/22534\/revisions\/22544"}],"wp:featuredmedia":[{"embeddable":true,"href":"https:\/\/www.karinibutiik.ee\/en\/wp-json\/wp\/v2\/media\/22537"}],"wp:attachment":[{"href":"https:\/\/www.karinibutiik.ee\/en\/wp-json\/wp\/v2\/media?parent=22534"}],"wp:term":[{"taxonomy":"product_brand","embeddable":true,"href":"https:\/\/www.karinibutiik.ee\/en\/wp-json\/wp\/v2\/product_brand?post=22534"},{"taxonomy":"product_cat","embeddable":true,"href":"https:\/\/www.karinibutiik.ee\/en\/wp-json\/wp\/v2\/product_cat?post=22534"},{"taxonomy":"product_tag","embeddable":true,"href":"https:\/\/www.karinibutiik.ee\/en\/wp-json\/wp\/v2\/product_tag?post=22534"}],"curies":[{"name":"wp","href":"https:\/\/api.w.org\/{rel}","templated":true}]}}