{"id":22691,"date":"2025-06-30T10:24:10","date_gmt":"2025-06-30T10:24:10","guid":{"rendered":"https:\/\/www.karinibutiik.ee\/?post_type=product&#038;p=22691"},"modified":"2026-04-08T18:13:54","modified_gmt":"2026-04-08T15:13:54","slug":"holmik-pluus","status":"publish","type":"product","link":"https:\/\/www.karinibutiik.ee\/en\/product-2\/holmik-pluus\/","title":{"rendered":"CABLE"},"content":{"rendered":"<p data-start=\"210\" data-end=\"288\"><strong data-start=\"210\" data-end=\"288\">H\u00f5lmikpluus puhvvarrukatega \u2013 naiselik elegants igaks s\u00fcndmuseks<\/strong><\/p>\n<p data-start=\"290\" data-end=\"610\">Lisa oma garderoobi naiselikku \u0161armi selle <strong data-start=\"333\" data-end=\"361\">h\u00f5lmikpluusiga<\/strong>, mis paistab silma <strong data-start=\"381\" data-end=\"410\">vol\u00fc\u00fcmikate puhvvarrukate<\/strong> and <strong data-start=\"414\" data-end=\"443\">v\u00f6\u00f6kohale seotava l\u00f5ikega<\/strong>, r\u00f5hutades kaunilt figuuri. Pehmest ja kvaliteetsest kangast valmistatud pluus sobib ideaalselt nii argip\u00e4eva stiilseks t\u00e4ienduseks kui ka pidulikumateks s\u00fcndmusteks.<\/p>\n<p data-start=\"612\" data-end=\"771\"><strong data-start=\"612\" data-end=\"628\">H\u00f5lmikdisain<\/strong> tagab mugava istuvuse ja ajatu silueti. Kombineeri samast kangast p\u00fckstega \u00fchtseks komplektiks v\u00f5i loo uusi kombinatsioone oma lemmikriietega!<\/p>","protected":false},"excerpt":{"rendered":"<p>H\u00f5lmikpluus puhvvarrukatega \u2013 naiselik elegants igaks s\u00fcndmuseks Lisa oma garderoobi naiselikku \u0161armi selle h\u00f5lmikpluusiga, mis paistab silma vol\u00fc\u00fcmikate puhvvarrukate ja [&hellip;]<\/p>\n","protected":false},"featured_media":22686,"template":"","meta":{"site-sidebar-layout":"default","site-content-layout":"","ast-site-content-layout":"default","site-content-style":"default","site-sidebar-style":"default","ast-global-header-display":"","ast-banner-title-visibility":"","ast-main-header-display":"","ast-hfb-above-header-display":"","ast-hfb-below-header-display":"","ast-hfb-mobile-header-display":"","site-post-title":"","ast-breadcrumbs-content":"","ast-featured-img":"","footer-sml-layout":"","ast-disable-related-posts":"","theme-transparent-header-meta":"default","adv-header-id-meta":"","stick-header-meta":"default","header-above-stick-meta":"","header-main-stick-meta":"","header-below-stick-meta":"","astra-migrate-meta-layouts":"set","ast-page-background-enabled":"default","ast-page-background-meta":{"desktop":{"background-color":"var(--ast-global-color-4)","background-image":"","background-repeat":"repeat","background-position":"center center","background-size":"auto","background-attachment":"scroll","background-type":"","background-media":"","overlay-type":"","overlay-color":"","overlay-opacity":"","overlay-gradient":""},"tablet":{"background-color":"","background-image":"","background-repeat":"repeat","background-position":"center center","background-size":"auto","background-attachment":"scroll","background-type":"","background-media":"","overlay-type":"","overlay-color":"","overlay-opacity":"","overlay-gradient":""},"mobile":{"background-color":"","background-image":"","background-repeat":"repeat","background-position":"center center","background-size":"auto","background-attachment":"scroll","background-type":"","background-media":"","overlay-type":"","overlay-color":"","overlay-opacity":"","overlay-gradient":""}},"ast-content-background-meta":{"desktop":{"background-color":"var(--ast-global-color-5)","background-image":"","background-repeat":"repeat","background-position":"center center","background-size":"auto","background-attachment":"scroll","background-type":"","background-media":"","overlay-type":"","overlay-color":"","overlay-opacity":"","overlay-gradient":""},"tablet":{"background-color":"var(--ast-global-color-5)","background-image":"","background-repeat":"repeat","background-position":"center center","background-size":"auto","background-attachment":"scroll","background-type":"","background-media":"","overlay-type":"","overlay-color":"","overlay-opacity":"","overlay-gradient":""},"mobile":{"background-color":"var(--ast-global-color-5)","background-image":"","background-repeat":"repeat","background-position":"center center","background-size":"auto","background-attachment":"scroll","background-type":"","background-media":"","overlay-type":"","overlay-color":"","overlay-opacity":"","overlay-gradient":""}}},"product_brand":[],"product_cat":[346,353,352],"product_tag":[475,1370,596,476,1366,1361,1359,501,477,485,647,493,1374,91,486,1368,1373,751,1362,97,1367,1360,1371,1369,1372],"class_list":{"0":"post-22691","1":"product","2":"type-product","3":"status-publish","4":"has-post-thumbnail","6":"product_cat-naised","7":"product_cat-pluusid","8":"product_cat-pluusid-bodid","9":"product_tag-dresshouse","10":"product_tag-elegantne-pluus","11":"product_tag-get-dressed","12":"product_tag-getdressed","13":"product_tag-heleroosa-holmikpluus","14":"product_tag-helesinine-pluus","15":"product_tag-holmik-pluus","16":"product_tag-karini-butiik","17":"product_tag-kleidibutiik","18":"product_tag-kleidipood","19":"product_tag-kleidipood-tallinnas","20":"product_tag-kleiditurg","21":"product_tag-kontorisse-sobiv-pluus","22":"product_tag-koolilopukleit","23":"product_tag-maksikleidid","24":"product_tag-naiselik-pluus","25":"product_tag-pastelset-tooni-pluus","26":"product_tag-pidulik-pluus","27":"product_tag-pluuid","28":"product_tag-pluusid","29":"product_tag-puhvvarrukatega-pluus","30":"product_tag-roosa-pluus","31":"product_tag-seotav-holmikpluus","32":"product_tag-stiilne-kevad-suvi-pluus","33":"product_tag-vooga-pluus","34":"desktop-align-center","35":"tablet-align-center","36":"mobile-align-center","37":"ast-product-gallery-layout-horizontal-slider","38":"ast-product-single-variable","39":"ast-product-tabs-layout-horizontal","41":"first","42":"instock","43":"taxable","44":"shipping-taxable","45":"purchasable","46":"product-type-variable"},"supplier_id":null,"supplier_sku":"","barcode":null,"atum_controlled":true,"out_stock_date":null,"out_stock_threshold":null,"inheritable":true,"inbound_stock":null,"stock_on_hold":0,"sold_today":0,"sales_last_days":0,"reserved_stock":0,"customer_returns":null,"warehouse_damage":0,"lost_in_post":null,"other_logs":0,"out_stock_days":0,"lost_sales":0,"has_location":false,"update_date":"2026-03-28T08:33:13","atum_locations":[],"atum_stock_status":"instock","restock_status":false,"low_stock_amount":"","sales_update_date":"2025-12-05T13:29:58","calc_backorders":null,"yoast_head":"<!-- This site is optimized with the Yoast SEO plugin v26.9 - https:\/\/yoast.com\/product\/yoast-seo-wordpress\/ -->\n<title>H\u00d5LMIKPLUUS - Karini Butiik<\/title>\n<meta name=\"description\" content=\"h\u00f5lmikpluus puhvvarrukatega ja v\u00f6\u00f6kohale seotava l\u00f5ikega. Naiselik, mugav ja \u0161ikk valik igaks p\u00e4evaks v\u00f5i pidulikuks s\u00fcndmuseks.\" \/>\n<meta name=\"robots\" content=\"index, follow, max-snippet:-1, max-image-preview:large, max-video-preview:-1\" \/>\n<link rel=\"canonical\" href=\"https:\/\/www.karinibutiik.ee\/en\/product-2\/holmik-pluus\/\" \/>\n<meta property=\"og:locale\" content=\"en_GB\" \/>\n<meta property=\"og:type\" content=\"article\" \/>\n<meta property=\"og:title\" content=\"H\u00d5LMIKPLUUS - Karini Butiik\" \/>\n<meta property=\"og:description\" content=\"h\u00f5lmikpluus puhvvarrukatega ja v\u00f6\u00f6kohale seotava l\u00f5ikega. Naiselik, mugav ja \u0161ikk valik igaks p\u00e4evaks v\u00f5i pidulikuks s\u00fcndmuseks.\" \/>\n<meta property=\"og:url\" content=\"https:\/\/www.karinibutiik.ee\/en\/product-2\/holmik-pluus\/\" \/>\n<meta property=\"og:site_name\" content=\"Karini Butiik\" \/>\n<meta property=\"article:publisher\" content=\"https:\/\/www.facebook.com\/karinibutiik.ee\" \/>\n<meta property=\"article:modified_time\" content=\"2026-04-08T15:13:54+00:00\" \/>\n<meta property=\"og:image\" content=\"https:\/\/www.karinibutiik.ee\/wp-content\/uploads\/2025\/06\/C4034F6D-6C06-43D4-92EF-2D5A241BC399.jpeg\" \/>\n\t<meta property=\"og:image:width\" content=\"598\" \/>\n\t<meta property=\"og:image:height\" content=\"747\" \/>\n\t<meta property=\"og:image:type\" content=\"image\/jpeg\" \/>\n<meta name=\"twitter:card\" content=\"summary_large_image\" \/>\n<meta name=\"twitter:label1\" content=\"Availability\" \/>\n\t<meta name=\"twitter:data1\" content=\"In stock\" \/>\n<script type=\"application\/ld+json\" class=\"yoast-schema-graph\">{\"@context\":\"https:\/\/schema.org\",\"@graph\":[{\"@type\":\"WebPage\",\"@id\":\"https:\/\/www.karinibutiik.ee\/toode\/holmik-pluus\/\",\"url\":\"https:\/\/www.karinibutiik.ee\/toode\/holmik-pluus\/\",\"name\":\"H\u00d5LMIKPLUUS - Karini Butiik\",\"isPartOf\":{\"@id\":\"https:\/\/www.karinibutiik.ee\/#website\"},\"primaryImageOfPage\":{\"@id\":\"https:\/\/www.karinibutiik.ee\/toode\/holmik-pluus\/#primaryimage\"},\"image\":{\"@id\":\"https:\/\/www.karinibutiik.ee\/toode\/holmik-pluus\/#primaryimage\"},\"thumbnailUrl\":\"https:\/\/www.karinibutiik.ee\/wp-content\/uploads\/2025\/06\/C4034F6D-6C06-43D4-92EF-2D5A241BC399.jpeg\",\"datePublished\":\"2025-06-30T10:24:10+00:00\",\"dateModified\":\"2026-04-08T15:13:54+00:00\",\"description\":\"h\u00f5lmikpluus puhvvarrukatega ja v\u00f6\u00f6kohale seotava l\u00f5ikega. Naiselik, mugav ja \u0161ikk valik igaks p\u00e4evaks v\u00f5i pidulikuks s\u00fcndmuseks.\",\"breadcrumb\":{\"@id\":\"https:\/\/www.karinibutiik.ee\/toode\/holmik-pluus\/#breadcrumb\"},\"inLanguage\":\"en-GB\",\"potentialAction\":[{\"@type\":\"ReadAction\",\"target\":[\"https:\/\/www.karinibutiik.ee\/toode\/holmik-pluus\/\"]}]},{\"@type\":\"ImageObject\",\"inLanguage\":\"en-GB\",\"@id\":\"https:\/\/www.karinibutiik.ee\/toode\/holmik-pluus\/#primaryimage\",\"url\":\"https:\/\/www.karinibutiik.ee\/wp-content\/uploads\/2025\/06\/C4034F6D-6C06-43D4-92EF-2D5A241BC399.jpeg\",\"contentUrl\":\"https:\/\/www.karinibutiik.ee\/wp-content\/uploads\/2025\/06\/C4034F6D-6C06-43D4-92EF-2D5A241BC399.jpeg\",\"width\":598,\"height\":747,\"caption\":\"PIDULIK ROOSA PLUUS\"},{\"@type\":\"BreadcrumbList\",\"@id\":\"https:\/\/www.karinibutiik.ee\/toode\/holmik-pluus\/#breadcrumb\",\"itemListElement\":[{\"@type\":\"ListItem\",\"position\":1,\"name\":\"Home\",\"item\":\"https:\/\/www.karinibutiik.ee\/\"},{\"@type\":\"ListItem\",\"position\":2,\"name\":\"Pood\",\"item\":\"https:\/\/www.karinibutiik.ee\/pood\/\"},{\"@type\":\"ListItem\",\"position\":3,\"name\":\"H\u00d5LMIKPLUUS\"}]},{\"@type\":\"WebSite\",\"@id\":\"https:\/\/www.karinibutiik.ee\/#website\",\"url\":\"https:\/\/www.karinibutiik.ee\/\",\"name\":\"Karini Butiik\",\"description\":\"\",\"publisher\":{\"@id\":\"https:\/\/www.karinibutiik.ee\/#organization\"},\"potentialAction\":[{\"@type\":\"SearchAction\",\"target\":{\"@type\":\"EntryPoint\",\"urlTemplate\":\"https:\/\/www.karinibutiik.ee\/?s={search_term_string}\"},\"query-input\":{\"@type\":\"PropertyValueSpecification\",\"valueRequired\":true,\"valueName\":\"search_term_string\"}}],\"inLanguage\":\"en-GB\"},{\"@type\":\"Organization\",\"@id\":\"https:\/\/www.karinibutiik.ee\/#organization\",\"name\":\"Karini Butiik\",\"url\":\"https:\/\/www.karinibutiik.ee\/\",\"logo\":{\"@type\":\"ImageObject\",\"inLanguage\":\"en-GB\",\"@id\":\"https:\/\/www.karinibutiik.ee\/#\/schema\/logo\/image\/\",\"url\":\"https:\/\/www.karinibutiik.ee\/wp-content\/uploads\/2024\/10\/Kuj.-K-koopia.png\",\"contentUrl\":\"https:\/\/www.karinibutiik.ee\/wp-content\/uploads\/2024\/10\/Kuj.-K-koopia.png\",\"width\":500,\"height\":500,\"caption\":\"Karini Butiik\"},\"image\":{\"@id\":\"https:\/\/www.karinibutiik.ee\/#\/schema\/logo\/image\/\"},\"sameAs\":[\"https:\/\/www.facebook.com\/karinibutiik.ee\",\"https:\/\/www.instagram.com\/karinibutiik\"]}]}<\/script>\n<meta property=\"og:availability\" content=\"instock\" \/>\n<meta property=\"product:availability\" content=\"instock\" \/>\n<meta property=\"product:retailer_item_id\" content=\"24446\" \/>\n<meta property=\"product:condition\" content=\"new\" \/>\n<!-- \/ Yoast SEO plugin. -->","yoast_head_json":{"title":"H\u00d5LMIKPLUUS - Karini Butiik","description":"h\u00f5lmikpluus puhvvarrukatega ja v\u00f6\u00f6kohale seotava l\u00f5ikega. Naiselik, mugav ja \u0161ikk valik igaks p\u00e4evaks v\u00f5i pidulikuks s\u00fcndmuseks.","robots":{"index":"index","follow":"follow","max-snippet":"max-snippet:-1","max-image-preview":"max-image-preview:large","max-video-preview":"max-video-preview:-1"},"canonical":"https:\/\/www.karinibutiik.ee\/en\/product-2\/holmik-pluus\/","og_locale":"en_GB","og_type":"article","og_title":"H\u00d5LMIKPLUUS - Karini Butiik","og_description":"h\u00f5lmikpluus puhvvarrukatega ja v\u00f6\u00f6kohale seotava l\u00f5ikega. Naiselik, mugav ja \u0161ikk valik igaks p\u00e4evaks v\u00f5i pidulikuks s\u00fcndmuseks.","og_url":"https:\/\/www.karinibutiik.ee\/en\/product-2\/holmik-pluus\/","og_site_name":"Karini Butiik","article_publisher":"https:\/\/www.facebook.com\/karinibutiik.ee","article_modified_time":"2026-04-08T15:13:54+00:00","og_image":[{"width":598,"height":747,"url":"https:\/\/www.karinibutiik.ee\/wp-content\/uploads\/2025\/06\/C4034F6D-6C06-43D4-92EF-2D5A241BC399.jpeg","type":"image\/jpeg"}],"twitter_card":"summary_large_image","twitter_misc":{"Availability":"In stock"},"schema":{"@context":"https:\/\/schema.org","@graph":[{"@type":"WebPage","@id":"https:\/\/www.karinibutiik.ee\/toode\/holmik-pluus\/","url":"https:\/\/www.karinibutiik.ee\/toode\/holmik-pluus\/","name":"H\u00d5LMIKPLUUS - Karini Butiik","isPartOf":{"@id":"https:\/\/www.karinibutiik.ee\/#website"},"primaryImageOfPage":{"@id":"https:\/\/www.karinibutiik.ee\/toode\/holmik-pluus\/#primaryimage"},"image":{"@id":"https:\/\/www.karinibutiik.ee\/toode\/holmik-pluus\/#primaryimage"},"thumbnailUrl":"https:\/\/www.karinibutiik.ee\/wp-content\/uploads\/2025\/06\/C4034F6D-6C06-43D4-92EF-2D5A241BC399.jpeg","datePublished":"2025-06-30T10:24:10+00:00","dateModified":"2026-04-08T15:13:54+00:00","description":"h\u00f5lmikpluus puhvvarrukatega ja v\u00f6\u00f6kohale seotava l\u00f5ikega. Naiselik, mugav ja \u0161ikk valik igaks p\u00e4evaks v\u00f5i pidulikuks s\u00fcndmuseks.","breadcrumb":{"@id":"https:\/\/www.karinibutiik.ee\/toode\/holmik-pluus\/#breadcrumb"},"inLanguage":"en-GB","potentialAction":[{"@type":"ReadAction","target":["https:\/\/www.karinibutiik.ee\/toode\/holmik-pluus\/"]}]},{"@type":"ImageObject","inLanguage":"en-GB","@id":"https:\/\/www.karinibutiik.ee\/toode\/holmik-pluus\/#primaryimage","url":"https:\/\/www.karinibutiik.ee\/wp-content\/uploads\/2025\/06\/C4034F6D-6C06-43D4-92EF-2D5A241BC399.jpeg","contentUrl":"https:\/\/www.karinibutiik.ee\/wp-content\/uploads\/2025\/06\/C4034F6D-6C06-43D4-92EF-2D5A241BC399.jpeg","width":598,"height":747,"caption":"PIDULIK ROOSA PLUUS"},{"@type":"BreadcrumbList","@id":"https:\/\/www.karinibutiik.ee\/toode\/holmik-pluus\/#breadcrumb","itemListElement":[{"@type":"ListItem","position":1,"name":"Home","item":"https:\/\/www.karinibutiik.ee\/"},{"@type":"ListItem","position":2,"name":"Pood","item":"https:\/\/www.karinibutiik.ee\/pood\/"},{"@type":"ListItem","position":3,"name":"H\u00d5LMIKPLUUS"}]},{"@type":"WebSite","@id":"https:\/\/www.karinibutiik.ee\/#website","url":"https:\/\/www.karinibutiik.ee\/","name":"Karini Butiik","description":"","publisher":{"@id":"https:\/\/www.karinibutiik.ee\/#organization"},"potentialAction":[{"@type":"SearchAction","target":{"@type":"EntryPoint","urlTemplate":"https:\/\/www.karinibutiik.ee\/?s={search_term_string}"},"query-input":{"@type":"PropertyValueSpecification","valueRequired":true,"valueName":"search_term_string"}}],"inLanguage":"en-GB"},{"@type":"Organization","@id":"https:\/\/www.karinibutiik.ee\/#organization","name":"Karini Butiik","url":"https:\/\/www.karinibutiik.ee\/","logo":{"@type":"ImageObject","inLanguage":"en-GB","@id":"https:\/\/www.karinibutiik.ee\/#\/schema\/logo\/image\/","url":"https:\/\/www.karinibutiik.ee\/wp-content\/uploads\/2024\/10\/Kuj.-K-koopia.png","contentUrl":"https:\/\/www.karinibutiik.ee\/wp-content\/uploads\/2024\/10\/Kuj.-K-koopia.png","width":500,"height":500,"caption":"Karini Butiik"},"image":{"@id":"https:\/\/www.karinibutiik.ee\/#\/schema\/logo\/image\/"},"sameAs":["https:\/\/www.facebook.com\/karinibutiik.ee","https:\/\/www.instagram.com\/karinibutiik"]}]},"og_availability":"instock","product_availability":"instock","product_retailer_item_id":"24446","product_condition":"new"},"_links":{"self":[{"href":"https:\/\/www.karinibutiik.ee\/en\/wp-json\/wp\/v2\/product\/22691","targetHints":{"allow":["GET"]}}],"collection":[{"href":"https:\/\/www.karinibutiik.ee\/en\/wp-json\/wp\/v2\/product"}],"about":[{"href":"https:\/\/www.karinibutiik.ee\/en\/wp-json\/wp\/v2\/types\/product"}],"version-history":[{"count":4,"href":"https:\/\/www.karinibutiik.ee\/en\/wp-json\/wp\/v2\/product\/22691\/revisions"}],"predecessor-version":[{"id":22722,"href":"https:\/\/www.karinibutiik.ee\/en\/wp-json\/wp\/v2\/product\/22691\/revisions\/22722"}],"wp:featuredmedia":[{"embeddable":true,"href":"https:\/\/www.karinibutiik.ee\/en\/wp-json\/wp\/v2\/media\/22686"}],"wp:attachment":[{"href":"https:\/\/www.karinibutiik.ee\/en\/wp-json\/wp\/v2\/media?parent=22691"}],"wp:term":[{"taxonomy":"product_brand","embeddable":true,"href":"https:\/\/www.karinibutiik.ee\/en\/wp-json\/wp\/v2\/product_brand?post=22691"},{"taxonomy":"product_cat","embeddable":true,"href":"https:\/\/www.karinibutiik.ee\/en\/wp-json\/wp\/v2\/product_cat?post=22691"},{"taxonomy":"product_tag","embeddable":true,"href":"https:\/\/www.karinibutiik.ee\/en\/wp-json\/wp\/v2\/product_tag?post=22691"}],"curies":[{"name":"wp","href":"https:\/\/api.w.org\/{rel}","templated":true}]}}