{"id":22727,"date":"2025-06-30T11:09:07","date_gmt":"2025-06-30T11:09:07","guid":{"rendered":"https:\/\/www.karinibutiik.ee\/?post_type=product&#038;p=22727"},"modified":"2026-04-10T14:14:48","modified_gmt":"2026-04-10T11:14:48","slug":"pukskostuum-5","status":"publish","type":"product","link":"https:\/\/www.karinibutiik.ee\/en\/product-2\/pukskostuum-5\/","title":{"rendered":"PUBLICATION"},"content":{"rendered":"<p>Pilkup\u00fc\u00fcdev ja s\u00e4rtsakas <strong data-start=\"177\" data-end=\"199\">l\u00fchike p\u00fckskost\u00fc\u00fcm<\/strong>, mis \u00fchendab mugavuse ja stiili! Kost\u00fc\u00fcm on valmistatud kergelt l\u00e4ikivast satiinilaadsest kangast, mille efektne l\u00f5ige ja halterneck-t\u00fc\u00fcpi kaelus lisavad modernset elegantsi. Rikkalikud volangid ja taljesse r\u00f5hutatud l\u00f5ige loovad naiseliku ja m\u00e4ngulise silueti. Saadaval mitmes <strong data-start=\"478\" data-end=\"502\">lummavas v\u00e4rvitoonis<\/strong>, sobib ideaalselt nii suvepeoks, \u00fcrituseks kui ka fotosessiooniks.<\/p>\n<p>\u00dcldpikkus 80 cm<\/p>","protected":false},"excerpt":{"rendered":"<p>Pilkup\u00fc\u00fcdev ja s\u00e4rtsakas l\u00fchike p\u00fckskost\u00fc\u00fcm, mis \u00fchendab mugavuse ja stiili! Kost\u00fc\u00fcm on valmistatud kergelt l\u00e4ikivast satiinilaadsest kangast, mille efektne l\u00f5ige [&hellip;]<\/p>\n","protected":false},"featured_media":22717,"template":"","meta":{"site-sidebar-layout":"default","site-content-layout":"","ast-site-content-layout":"default","site-content-style":"default","site-sidebar-style":"default","ast-global-header-display":"","ast-banner-title-visibility":"","ast-main-header-display":"","ast-hfb-above-header-display":"","ast-hfb-below-header-display":"","ast-hfb-mobile-header-display":"","site-post-title":"","ast-breadcrumbs-content":"","ast-featured-img":"","footer-sml-layout":"","ast-disable-related-posts":"","theme-transparent-header-meta":"default","adv-header-id-meta":"","stick-header-meta":"default","header-above-stick-meta":"","header-main-stick-meta":"","header-below-stick-meta":"","astra-migrate-meta-layouts":"set","ast-page-background-enabled":"default","ast-page-background-meta":{"desktop":{"background-color":"var(--ast-global-color-4)","background-image":"","background-repeat":"repeat","background-position":"center center","background-size":"auto","background-attachment":"scroll","background-type":"","background-media":"","overlay-type":"","overlay-color":"","overlay-opacity":"","overlay-gradient":""},"tablet":{"background-color":"","background-image":"","background-repeat":"repeat","background-position":"center center","background-size":"auto","background-attachment":"scroll","background-type":"","background-media":"","overlay-type":"","overlay-color":"","overlay-opacity":"","overlay-gradient":""},"mobile":{"background-color":"","background-image":"","background-repeat":"repeat","background-position":"center center","background-size":"auto","background-attachment":"scroll","background-type":"","background-media":"","overlay-type":"","overlay-color":"","overlay-opacity":"","overlay-gradient":""}},"ast-content-background-meta":{"desktop":{"background-color":"var(--ast-global-color-5)","background-image":"","background-repeat":"repeat","background-position":"center center","background-size":"auto","background-attachment":"scroll","background-type":"","background-media":"","overlay-type":"","overlay-color":"","overlay-opacity":"","overlay-gradient":""},"tablet":{"background-color":"var(--ast-global-color-5)","background-image":"","background-repeat":"repeat","background-position":"center center","background-size":"auto","background-attachment":"scroll","background-type":"","background-media":"","overlay-type":"","overlay-color":"","overlay-opacity":"","overlay-gradient":""},"mobile":{"background-color":"var(--ast-global-color-5)","background-image":"","background-repeat":"repeat","background-position":"center center","background-size":"auto","background-attachment":"scroll","background-type":"","background-media":"","overlay-type":"","overlay-color":"","overlay-opacity":"","overlay-gradient":""}}},"product_brand":[],"product_cat":[347,364,346,354,355],"product_tag":[475,1393,476,1388,501,1317,477,270,485,647,493,1390,1382,91,90,1385,1395,1383,862,1392,896,1389,1397,92,100,1394,1391,1386,1396,1387],"class_list":{"0":"post-22727","1":"product","2":"type-product","3":"status-publish","4":"has-post-thumbnail","6":"product_cat-kleidid","7":"product_cat-minikleidid","8":"product_cat-naised","9":"product_cat-puksid-seelikud","10":"product_cat-pukskostuumid","11":"product_tag-dresshouse","12":"product_tag-elegantne-naisteriietus","13":"product_tag-getdressed","14":"product_tag-halterneck-kostuum","15":"product_tag-karini-butiik","16":"product_tag-karini-butiik-riided","17":"product_tag-kleidibutiik","18":"product_tag-kleidid","19":"product_tag-kleidipood","20":"product_tag-kleidipood-tallinnas","21":"product_tag-kleiditurg","22":"product_tag-kollane-kostuum","23":"product_tag-kollane-puksostuum","24":"product_tag-koolilopukleit","25":"product_tag-lopukleit","26":"product_tag-luhike-pukskostuum","27":"product_tag-mugav-piduroivas","28":"product_tag-must-pukskostiim","29":"product_tag-must-pukskostuum","30":"product_tag-naiste-pukskostuum","31":"product_tag-naisteriiete-epood","32":"product_tag-pidulik-jumpsuit","33":"product_tag-pidulik-naistekostuum","34":"product_tag-pidulikud-kleidid","35":"product_tag-pukskostuum","36":"product_tag-satiinkangas","37":"product_tag-suvepeo-outfit","38":"product_tag-suvine-kostuum","39":"product_tag-varviline-kostuum","40":"product_tag-volangidega-kostuum","41":"desktop-align-center","42":"tablet-align-center","43":"mobile-align-center","44":"ast-product-gallery-layout-horizontal-slider","45":"ast-product-single-variable","46":"ast-product-tabs-layout-horizontal","48":"first","49":"instock","50":"taxable","51":"shipping-taxable","52":"purchasable","53":"product-type-variable"},"supplier_id":null,"supplier_sku":"","barcode":null,"atum_controlled":true,"out_stock_date":null,"out_stock_threshold":null,"inheritable":true,"inbound_stock":null,"stock_on_hold":0,"sold_today":0,"sales_last_days":0,"reserved_stock":0,"customer_returns":null,"warehouse_damage":0,"lost_in_post":null,"other_logs":0,"out_stock_days":0,"lost_sales":0,"has_location":false,"update_date":"2026-03-28T08:33:32","atum_locations":[],"atum_stock_status":"instock","restock_status":false,"low_stock_amount":"","sales_update_date":"2025-12-05T11:23:43","calc_backorders":null,"yoast_head":"<!-- This site is optimized with the Yoast SEO plugin v26.9 - https:\/\/yoast.com\/product\/yoast-seo-wordpress\/ -->\n<title>P\u00dcKSKOST\u00dc\u00dcM - Karini Butiik<\/title>\n<meta name=\"description\" content=\"Stiilne ja naiselik l\u00fchike p\u00fckskost\u00fc\u00fcm, Efektne volangdetail ja satiinjas l\u00e4ige. Saadaval mitmes kaunis toonis. T\u00e4iuslik valik suviseks peoks!\" \/>\n<meta name=\"robots\" content=\"index, follow, max-snippet:-1, max-image-preview:large, max-video-preview:-1\" \/>\n<link rel=\"canonical\" href=\"https:\/\/www.karinibutiik.ee\/en\/product-2\/pukskostuum-5\/\" \/>\n<meta property=\"og:locale\" content=\"en_GB\" \/>\n<meta property=\"og:type\" content=\"article\" \/>\n<meta property=\"og:title\" content=\"P\u00dcKSKOST\u00dc\u00dcM - Karini Butiik\" \/>\n<meta property=\"og:description\" content=\"Stiilne ja naiselik l\u00fchike p\u00fckskost\u00fc\u00fcm, Efektne volangdetail ja satiinjas l\u00e4ige. Saadaval mitmes kaunis toonis. T\u00e4iuslik valik suviseks peoks!\" \/>\n<meta property=\"og:url\" content=\"https:\/\/www.karinibutiik.ee\/en\/product-2\/pukskostuum-5\/\" \/>\n<meta property=\"og:site_name\" content=\"Karini Butiik\" \/>\n<meta property=\"article:publisher\" content=\"https:\/\/www.facebook.com\/karinibutiik.ee\" \/>\n<meta property=\"article:modified_time\" content=\"2026-04-10T11:14:48+00:00\" \/>\n<meta property=\"og:image\" content=\"https:\/\/www.karinibutiik.ee\/wp-content\/uploads\/2025\/06\/D55EB65B-E91D-43D1-9B41-FDD26727CD00-scaled.jpeg\" \/>\n\t<meta property=\"og:image:width\" content=\"1988\" \/>\n\t<meta property=\"og:image:height\" content=\"2560\" \/>\n\t<meta property=\"og:image:type\" content=\"image\/jpeg\" \/>\n<meta name=\"twitter:card\" content=\"summary_large_image\" \/>\n<meta name=\"twitter:label1\" content=\"Availability\" \/>\n\t<meta name=\"twitter:data1\" content=\"In stock\" \/>\n<script type=\"application\/ld+json\" class=\"yoast-schema-graph\">{\"@context\":\"https:\/\/schema.org\",\"@graph\":[{\"@type\":\"WebPage\",\"@id\":\"https:\/\/www.karinibutiik.ee\/toode\/pukskostuum-5\/\",\"url\":\"https:\/\/www.karinibutiik.ee\/toode\/pukskostuum-5\/\",\"name\":\"P\u00dcKSKOST\u00dc\u00dcM - Karini Butiik\",\"isPartOf\":{\"@id\":\"https:\/\/www.karinibutiik.ee\/#website\"},\"primaryImageOfPage\":{\"@id\":\"https:\/\/www.karinibutiik.ee\/toode\/pukskostuum-5\/#primaryimage\"},\"image\":{\"@id\":\"https:\/\/www.karinibutiik.ee\/toode\/pukskostuum-5\/#primaryimage\"},\"thumbnailUrl\":\"https:\/\/www.karinibutiik.ee\/wp-content\/uploads\/2025\/06\/D55EB65B-E91D-43D1-9B41-FDD26727CD00-scaled.jpeg\",\"datePublished\":\"2025-06-30T11:09:07+00:00\",\"dateModified\":\"2026-04-10T11:14:48+00:00\",\"description\":\"Stiilne ja naiselik l\u00fchike p\u00fckskost\u00fc\u00fcm, Efektne volangdetail ja satiinjas l\u00e4ige. Saadaval mitmes kaunis toonis. T\u00e4iuslik valik suviseks peoks!\",\"breadcrumb\":{\"@id\":\"https:\/\/www.karinibutiik.ee\/toode\/pukskostuum-5\/#breadcrumb\"},\"inLanguage\":\"en-GB\",\"potentialAction\":[{\"@type\":\"ReadAction\",\"target\":[\"https:\/\/www.karinibutiik.ee\/toode\/pukskostuum-5\/\"]}]},{\"@type\":\"ImageObject\",\"inLanguage\":\"en-GB\",\"@id\":\"https:\/\/www.karinibutiik.ee\/toode\/pukskostuum-5\/#primaryimage\",\"url\":\"https:\/\/www.karinibutiik.ee\/wp-content\/uploads\/2025\/06\/D55EB65B-E91D-43D1-9B41-FDD26727CD00-scaled.jpeg\",\"contentUrl\":\"https:\/\/www.karinibutiik.ee\/wp-content\/uploads\/2025\/06\/D55EB65B-E91D-43D1-9B41-FDD26727CD00-scaled.jpeg\",\"width\":1988,\"height\":2560,\"caption\":\"KOLLANE P\u00dcKSKOST\u00dc\u00dcM\"},{\"@type\":\"BreadcrumbList\",\"@id\":\"https:\/\/www.karinibutiik.ee\/toode\/pukskostuum-5\/#breadcrumb\",\"itemListElement\":[{\"@type\":\"ListItem\",\"position\":1,\"name\":\"Home\",\"item\":\"https:\/\/www.karinibutiik.ee\/\"},{\"@type\":\"ListItem\",\"position\":2,\"name\":\"Pood\",\"item\":\"https:\/\/www.karinibutiik.ee\/pood\/\"},{\"@type\":\"ListItem\",\"position\":3,\"name\":\"P\u00dcKSKOST\u00dc\u00dcM\"}]},{\"@type\":\"WebSite\",\"@id\":\"https:\/\/www.karinibutiik.ee\/#website\",\"url\":\"https:\/\/www.karinibutiik.ee\/\",\"name\":\"Karini Butiik\",\"description\":\"\",\"publisher\":{\"@id\":\"https:\/\/www.karinibutiik.ee\/#organization\"},\"potentialAction\":[{\"@type\":\"SearchAction\",\"target\":{\"@type\":\"EntryPoint\",\"urlTemplate\":\"https:\/\/www.karinibutiik.ee\/?s={search_term_string}\"},\"query-input\":{\"@type\":\"PropertyValueSpecification\",\"valueRequired\":true,\"valueName\":\"search_term_string\"}}],\"inLanguage\":\"en-GB\"},{\"@type\":\"Organization\",\"@id\":\"https:\/\/www.karinibutiik.ee\/#organization\",\"name\":\"Karini Butiik\",\"url\":\"https:\/\/www.karinibutiik.ee\/\",\"logo\":{\"@type\":\"ImageObject\",\"inLanguage\":\"en-GB\",\"@id\":\"https:\/\/www.karinibutiik.ee\/#\/schema\/logo\/image\/\",\"url\":\"https:\/\/www.karinibutiik.ee\/wp-content\/uploads\/2024\/10\/Kuj.-K-koopia.png\",\"contentUrl\":\"https:\/\/www.karinibutiik.ee\/wp-content\/uploads\/2024\/10\/Kuj.-K-koopia.png\",\"width\":500,\"height\":500,\"caption\":\"Karini Butiik\"},\"image\":{\"@id\":\"https:\/\/www.karinibutiik.ee\/#\/schema\/logo\/image\/\"},\"sameAs\":[\"https:\/\/www.facebook.com\/karinibutiik.ee\",\"https:\/\/www.instagram.com\/karinibutiik\"]}]}<\/script>\n<meta property=\"og:availability\" content=\"instock\" \/>\n<meta property=\"product:availability\" content=\"instock\" \/>\n<meta property=\"product:retailer_item_id\" content=\"26799\" \/>\n<meta property=\"product:condition\" content=\"new\" \/>\n<!-- \/ Yoast SEO plugin. -->","yoast_head_json":{"title":"BUTTISTS - Karini Butiik","description":"Stiilne ja naiselik l\u00fchike p\u00fckskost\u00fc\u00fcm, Efektne volangdetail ja satiinjas l\u00e4ige. Saadaval mitmes kaunis toonis. T\u00e4iuslik valik suviseks peoks!","robots":{"index":"index","follow":"follow","max-snippet":"max-snippet:-1","max-image-preview":"max-image-preview:large","max-video-preview":"max-video-preview:-1"},"canonical":"https:\/\/www.karinibutiik.ee\/en\/product-2\/pukskostuum-5\/","og_locale":"en_GB","og_type":"article","og_title":"P\u00dcKSKOST\u00dc\u00dcM - Karini Butiik","og_description":"Stiilne ja naiselik l\u00fchike p\u00fckskost\u00fc\u00fcm, Efektne volangdetail ja satiinjas l\u00e4ige. Saadaval mitmes kaunis toonis. T\u00e4iuslik valik suviseks peoks!","og_url":"https:\/\/www.karinibutiik.ee\/en\/product-2\/pukskostuum-5\/","og_site_name":"Karini Butiik","article_publisher":"https:\/\/www.facebook.com\/karinibutiik.ee","article_modified_time":"2026-04-10T11:14:48+00:00","og_image":[{"width":1988,"height":2560,"url":"https:\/\/www.karinibutiik.ee\/wp-content\/uploads\/2025\/06\/D55EB65B-E91D-43D1-9B41-FDD26727CD00-scaled.jpeg","type":"image\/jpeg"}],"twitter_card":"summary_large_image","twitter_misc":{"Availability":"In stock"},"schema":{"@context":"https:\/\/schema.org","@graph":[{"@type":"WebPage","@id":"https:\/\/www.karinibutiik.ee\/toode\/pukskostuum-5\/","url":"https:\/\/www.karinibutiik.ee\/toode\/pukskostuum-5\/","name":"BUTTISTS - Karini Butiik","isPartOf":{"@id":"https:\/\/www.karinibutiik.ee\/#website"},"primaryImageOfPage":{"@id":"https:\/\/www.karinibutiik.ee\/toode\/pukskostuum-5\/#primaryimage"},"image":{"@id":"https:\/\/www.karinibutiik.ee\/toode\/pukskostuum-5\/#primaryimage"},"thumbnailUrl":"https:\/\/www.karinibutiik.ee\/wp-content\/uploads\/2025\/06\/D55EB65B-E91D-43D1-9B41-FDD26727CD00-scaled.jpeg","datePublished":"2025-06-30T11:09:07+00:00","dateModified":"2026-04-10T11:14:48+00:00","description":"Stiilne ja naiselik l\u00fchike p\u00fckskost\u00fc\u00fcm, Efektne volangdetail ja satiinjas l\u00e4ige. Saadaval mitmes kaunis toonis. T\u00e4iuslik valik suviseks peoks!","breadcrumb":{"@id":"https:\/\/www.karinibutiik.ee\/toode\/pukskostuum-5\/#breadcrumb"},"inLanguage":"en-GB","potentialAction":[{"@type":"ReadAction","target":["https:\/\/www.karinibutiik.ee\/toode\/pukskostuum-5\/"]}]},{"@type":"ImageObject","inLanguage":"en-GB","@id":"https:\/\/www.karinibutiik.ee\/toode\/pukskostuum-5\/#primaryimage","url":"https:\/\/www.karinibutiik.ee\/wp-content\/uploads\/2025\/06\/D55EB65B-E91D-43D1-9B41-FDD26727CD00-scaled.jpeg","contentUrl":"https:\/\/www.karinibutiik.ee\/wp-content\/uploads\/2025\/06\/D55EB65B-E91D-43D1-9B41-FDD26727CD00-scaled.jpeg","width":1988,"height":2560,"caption":"KOLLANE P\u00dcKSKOST\u00dc\u00dcM"},{"@type":"BreadcrumbList","@id":"https:\/\/www.karinibutiik.ee\/toode\/pukskostuum-5\/#breadcrumb","itemListElement":[{"@type":"ListItem","position":1,"name":"Home","item":"https:\/\/www.karinibutiik.ee\/"},{"@type":"ListItem","position":2,"name":"Pood","item":"https:\/\/www.karinibutiik.ee\/pood\/"},{"@type":"ListItem","position":3,"name":"P\u00dcKSKOST\u00dc\u00dcM"}]},{"@type":"WebSite","@id":"https:\/\/www.karinibutiik.ee\/#website","url":"https:\/\/www.karinibutiik.ee\/","name":"Karini Butiik","description":"","publisher":{"@id":"https:\/\/www.karinibutiik.ee\/#organization"},"potentialAction":[{"@type":"SearchAction","target":{"@type":"EntryPoint","urlTemplate":"https:\/\/www.karinibutiik.ee\/?s={search_term_string}"},"query-input":{"@type":"PropertyValueSpecification","valueRequired":true,"valueName":"search_term_string"}}],"inLanguage":"en-GB"},{"@type":"Organization","@id":"https:\/\/www.karinibutiik.ee\/#organization","name":"Karini Butiik","url":"https:\/\/www.karinibutiik.ee\/","logo":{"@type":"ImageObject","inLanguage":"en-GB","@id":"https:\/\/www.karinibutiik.ee\/#\/schema\/logo\/image\/","url":"https:\/\/www.karinibutiik.ee\/wp-content\/uploads\/2024\/10\/Kuj.-K-koopia.png","contentUrl":"https:\/\/www.karinibutiik.ee\/wp-content\/uploads\/2024\/10\/Kuj.-K-koopia.png","width":500,"height":500,"caption":"Karini Butiik"},"image":{"@id":"https:\/\/www.karinibutiik.ee\/#\/schema\/logo\/image\/"},"sameAs":["https:\/\/www.facebook.com\/karinibutiik.ee","https:\/\/www.instagram.com\/karinibutiik"]}]},"og_availability":"instock","product_availability":"instock","product_retailer_item_id":"26799","product_condition":"new"},"_links":{"self":[{"href":"https:\/\/www.karinibutiik.ee\/en\/wp-json\/wp\/v2\/product\/22727","targetHints":{"allow":["GET"]}}],"collection":[{"href":"https:\/\/www.karinibutiik.ee\/en\/wp-json\/wp\/v2\/product"}],"about":[{"href":"https:\/\/www.karinibutiik.ee\/en\/wp-json\/wp\/v2\/types\/product"}],"version-history":[{"count":4,"href":"https:\/\/www.karinibutiik.ee\/en\/wp-json\/wp\/v2\/product\/22727\/revisions"}],"predecessor-version":[{"id":22750,"href":"https:\/\/www.karinibutiik.ee\/en\/wp-json\/wp\/v2\/product\/22727\/revisions\/22750"}],"wp:featuredmedia":[{"embeddable":true,"href":"https:\/\/www.karinibutiik.ee\/en\/wp-json\/wp\/v2\/media\/22717"}],"wp:attachment":[{"href":"https:\/\/www.karinibutiik.ee\/en\/wp-json\/wp\/v2\/media?parent=22727"}],"wp:term":[{"taxonomy":"product_brand","embeddable":true,"href":"https:\/\/www.karinibutiik.ee\/en\/wp-json\/wp\/v2\/product_brand?post=22727"},{"taxonomy":"product_cat","embeddable":true,"href":"https:\/\/www.karinibutiik.ee\/en\/wp-json\/wp\/v2\/product_cat?post=22727"},{"taxonomy":"product_tag","embeddable":true,"href":"https:\/\/www.karinibutiik.ee\/en\/wp-json\/wp\/v2\/product_tag?post=22727"}],"curies":[{"name":"wp","href":"https:\/\/api.w.org\/{rel}","templated":true}]}}