{"id":22858,"date":"2025-06-30T20:09:28","date_gmt":"2025-06-30T20:09:28","guid":{"rendered":"https:\/\/www.karinibutiik.ee\/?post_type=product&#038;p=22858"},"modified":"2026-03-28T10:34:46","modified_gmt":"2026-03-28T08:34:46","slug":"sirgeloikeline-vooga-kleit","status":"publish","type":"product","link":"https:\/\/www.karinibutiik.ee\/en\/product-2\/sirgeloikeline-vooga-kleit\/","title":{"rendered":"Strapless belted dress"},"content":{"rendered":"<p>Ajatu ja praktiline sirgel\u00f5ikeline kleit, mis sobib ideaalselt nii t\u00f6\u00f6le, kontorisse kui ka igap\u00e4evaseks kandmiseks. Kleit on valmistatud kvaliteetsest ja hingavast kangast, millel on puhas joon ja minimalistlik disain. V\u00f6\u00f6 seob kleidi kenasti talje \u00fcmber, r\u00f5hutades figuuri, samas kui praktilised k\u00fcljetaskud lisavad mugavust. Klassikaline s\u00e4rgikrae ja peidetud kinnitusdetailid teevad sellest kleidist stiilse valiku igaks p\u00e4evaks. Saadaval mitmes neutraalses ja trendikas v\u00e4rvitoonis.<\/p>","protected":false},"excerpt":{"rendered":"<p>Ajatu ja praktiline sirgel\u00f5ikeline kleit, mis sobib ideaalselt nii t\u00f6\u00f6le, kontorisse kui ka igap\u00e4evaseks kandmiseks. Kleit on valmistatud kvaliteetsest ja [&hellip;]<\/p>\n","protected":false},"featured_media":22845,"template":"","meta":{"site-sidebar-layout":"default","site-content-layout":"","ast-site-content-layout":"default","site-content-style":"default","site-sidebar-style":"default","ast-global-header-display":"","ast-banner-title-visibility":"","ast-main-header-display":"","ast-hfb-above-header-display":"","ast-hfb-below-header-display":"","ast-hfb-mobile-header-display":"","site-post-title":"","ast-breadcrumbs-content":"","ast-featured-img":"","footer-sml-layout":"","ast-disable-related-posts":"","theme-transparent-header-meta":"default","adv-header-id-meta":"","stick-header-meta":"default","header-above-stick-meta":"","header-main-stick-meta":"","header-below-stick-meta":"","astra-migrate-meta-layouts":"set","ast-page-background-enabled":"default","ast-page-background-meta":{"desktop":{"background-color":"var(--ast-global-color-4)","background-image":"","background-repeat":"repeat","background-position":"center center","background-size":"auto","background-attachment":"scroll","background-type":"","background-media":"","overlay-type":"","overlay-color":"","overlay-opacity":"","overlay-gradient":""},"tablet":{"background-color":"","background-image":"","background-repeat":"repeat","background-position":"center center","background-size":"auto","background-attachment":"scroll","background-type":"","background-media":"","overlay-type":"","overlay-color":"","overlay-opacity":"","overlay-gradient":""},"mobile":{"background-color":"","background-image":"","background-repeat":"repeat","background-position":"center center","background-size":"auto","background-attachment":"scroll","background-type":"","background-media":"","overlay-type":"","overlay-color":"","overlay-opacity":"","overlay-gradient":""}},"ast-content-background-meta":{"desktop":{"background-color":"var(--ast-global-color-5)","background-image":"","background-repeat":"repeat","background-position":"center center","background-size":"auto","background-attachment":"scroll","background-type":"","background-media":"","overlay-type":"","overlay-color":"","overlay-opacity":"","overlay-gradient":""},"tablet":{"background-color":"var(--ast-global-color-5)","background-image":"","background-repeat":"repeat","background-position":"center center","background-size":"auto","background-attachment":"scroll","background-type":"","background-media":"","overlay-type":"","overlay-color":"","overlay-opacity":"","overlay-gradient":""},"mobile":{"background-color":"var(--ast-global-color-5)","background-image":"","background-repeat":"repeat","background-position":"center center","background-size":"auto","background-attachment":"scroll","background-type":"","background-media":"","overlay-type":"","overlay-color":"","overlay-opacity":"","overlay-gradient":""}}},"product_brand":[],"product_cat":[347,349,346],"product_tag":[1466,1460,1455,1465,1462,1463,1461,1435,1464,1457,1456,500,650,1459,649,1458],"class_list":{"0":"post-22858","1":"product","2":"type-product","3":"status-publish","4":"has-post-thumbnail","6":"product_cat-kleidid","7":"product_cat-midikleidid","8":"product_cat-naised","9":"product_tag-ajatu-stiil","10":"product_tag-igapaevakleit","11":"product_tag-kittelkleit","12":"product_tag-klassikaline-kleit","13":"product_tag-kontorikleiti-naistele","14":"product_tag-kvaliteetne-kleit","15":"product_tag-minimalistlik-kleit","16":"product_tag-mugav-kleit","17":"product_tag-neutraalne-kleit","18":"product_tag-sarkkleit","19":"product_tag-sirgeloikeline-kleit","20":"product_tag-suvine-kleit","21":"product_tag-taskutega-kleit","22":"product_tag-tookleit","23":"product_tag-vabaaja-kleit","24":"product_tag-vooga-kleit","25":"desktop-align-center","26":"tablet-align-center","27":"mobile-align-center","28":"ast-product-gallery-layout-horizontal-slider","29":"ast-product-single-variable","30":"ast-product-tabs-layout-horizontal","32":"first","33":"instock","34":"taxable","35":"shipping-taxable","36":"purchasable","37":"product-type-variable"},"supplier_id":null,"supplier_sku":"","barcode":null,"atum_controlled":true,"out_stock_date":null,"out_stock_threshold":null,"inheritable":true,"inbound_stock":null,"stock_on_hold":0,"sold_today":0,"sales_last_days":0,"reserved_stock":0,"customer_returns":null,"warehouse_damage":0,"lost_in_post":null,"other_logs":0,"out_stock_days":0,"lost_sales":0,"has_location":false,"update_date":"2026-03-28T08:34:48","atum_locations":[],"atum_stock_status":"instock","restock_status":false,"low_stock_amount":"","sales_update_date":"2025-12-05T00:00:12","calc_backorders":null,"yoast_head":"<!-- This site is optimized with the Yoast SEO plugin v26.9 - https:\/\/yoast.com\/product\/yoast-seo-wordpress\/ -->\n<title>Sirgel\u00f5ikeline v\u00f6\u00f6ga kleit - Karini Butiik<\/title>\n<meta name=\"description\" content=\"Stiilne ja praktiline sirgel\u00f5ikeline v\u00f6\u00f6ga kleit, ideaalne igap\u00e4evaseks kandmiseks. Mugavad taskud, minimalistlik disain ja kvaliteetne kangas.\" \/>\n<meta name=\"robots\" content=\"index, follow, max-snippet:-1, max-image-preview:large, max-video-preview:-1\" \/>\n<link rel=\"canonical\" href=\"https:\/\/www.karinibutiik.ee\/en\/product-2\/sirgeloikeline-vooga-kleit\/\" \/>\n<meta property=\"og:locale\" content=\"en_GB\" \/>\n<meta property=\"og:type\" content=\"article\" \/>\n<meta property=\"og:title\" content=\"Sirgel\u00f5ikeline v\u00f6\u00f6ga kleit - Karini Butiik\" \/>\n<meta property=\"og:description\" content=\"Stiilne ja praktiline sirgel\u00f5ikeline v\u00f6\u00f6ga kleit, ideaalne igap\u00e4evaseks kandmiseks. Mugavad taskud, minimalistlik disain ja kvaliteetne kangas.\" \/>\n<meta property=\"og:url\" content=\"https:\/\/www.karinibutiik.ee\/en\/product-2\/sirgeloikeline-vooga-kleit\/\" \/>\n<meta property=\"og:site_name\" content=\"Karini Butiik\" \/>\n<meta property=\"article:publisher\" content=\"https:\/\/www.facebook.com\/karinibutiik.ee\" \/>\n<meta property=\"article:modified_time\" content=\"2026-03-28T08:34:46+00:00\" \/>\n<meta property=\"og:image\" content=\"https:\/\/www.karinibutiik.ee\/wp-content\/uploads\/2025\/06\/DD2114A8-76DE-438C-8B20-64FE364BFAE6-scaled.jpeg\" \/>\n\t<meta property=\"og:image:width\" content=\"1971\" \/>\n\t<meta property=\"og:image:height\" content=\"2560\" \/>\n\t<meta property=\"og:image:type\" content=\"image\/jpeg\" \/>\n<meta name=\"twitter:card\" content=\"summary_large_image\" \/>\n<meta name=\"twitter:label1\" content=\"Availability\" \/>\n\t<meta name=\"twitter:data1\" content=\"In stock\" \/>\n<script type=\"application\/ld+json\" class=\"yoast-schema-graph\">{\"@context\":\"https:\/\/schema.org\",\"@graph\":[{\"@type\":\"WebPage\",\"@id\":\"https:\/\/www.karinibutiik.ee\/toode\/sirgeloikeline-vooga-kleit\/\",\"url\":\"https:\/\/www.karinibutiik.ee\/toode\/sirgeloikeline-vooga-kleit\/\",\"name\":\"Sirgel\u00f5ikeline v\u00f6\u00f6ga kleit - Karini Butiik\",\"isPartOf\":{\"@id\":\"https:\/\/www.karinibutiik.ee\/#website\"},\"primaryImageOfPage\":{\"@id\":\"https:\/\/www.karinibutiik.ee\/toode\/sirgeloikeline-vooga-kleit\/#primaryimage\"},\"image\":{\"@id\":\"https:\/\/www.karinibutiik.ee\/toode\/sirgeloikeline-vooga-kleit\/#primaryimage\"},\"thumbnailUrl\":\"https:\/\/www.karinibutiik.ee\/wp-content\/uploads\/2025\/06\/DD2114A8-76DE-438C-8B20-64FE364BFAE6-scaled.jpeg\",\"datePublished\":\"2025-06-30T20:09:28+00:00\",\"dateModified\":\"2026-03-28T08:34:46+00:00\",\"description\":\"Stiilne ja praktiline sirgel\u00f5ikeline v\u00f6\u00f6ga kleit, ideaalne igap\u00e4evaseks kandmiseks. Mugavad taskud, minimalistlik disain ja kvaliteetne kangas.\",\"breadcrumb\":{\"@id\":\"https:\/\/www.karinibutiik.ee\/toode\/sirgeloikeline-vooga-kleit\/#breadcrumb\"},\"inLanguage\":\"en-GB\",\"potentialAction\":[{\"@type\":\"ReadAction\",\"target\":[\"https:\/\/www.karinibutiik.ee\/toode\/sirgeloikeline-vooga-kleit\/\"]}]},{\"@type\":\"ImageObject\",\"inLanguage\":\"en-GB\",\"@id\":\"https:\/\/www.karinibutiik.ee\/toode\/sirgeloikeline-vooga-kleit\/#primaryimage\",\"url\":\"https:\/\/www.karinibutiik.ee\/wp-content\/uploads\/2025\/06\/DD2114A8-76DE-438C-8B20-64FE364BFAE6-scaled.jpeg\",\"contentUrl\":\"https:\/\/www.karinibutiik.ee\/wp-content\/uploads\/2025\/06\/DD2114A8-76DE-438C-8B20-64FE364BFAE6-scaled.jpeg\",\"width\":1971,\"height\":2560},{\"@type\":\"BreadcrumbList\",\"@id\":\"https:\/\/www.karinibutiik.ee\/toode\/sirgeloikeline-vooga-kleit\/#breadcrumb\",\"itemListElement\":[{\"@type\":\"ListItem\",\"position\":1,\"name\":\"Home\",\"item\":\"https:\/\/www.karinibutiik.ee\/\"},{\"@type\":\"ListItem\",\"position\":2,\"name\":\"Pood\",\"item\":\"https:\/\/www.karinibutiik.ee\/pood\/\"},{\"@type\":\"ListItem\",\"position\":3,\"name\":\"Sirgel\u00f5ikeline v\u00f6\u00f6ga kleit\"}]},{\"@type\":\"WebSite\",\"@id\":\"https:\/\/www.karinibutiik.ee\/#website\",\"url\":\"https:\/\/www.karinibutiik.ee\/\",\"name\":\"Karini Butiik\",\"description\":\"\",\"publisher\":{\"@id\":\"https:\/\/www.karinibutiik.ee\/#organization\"},\"potentialAction\":[{\"@type\":\"SearchAction\",\"target\":{\"@type\":\"EntryPoint\",\"urlTemplate\":\"https:\/\/www.karinibutiik.ee\/?s={search_term_string}\"},\"query-input\":{\"@type\":\"PropertyValueSpecification\",\"valueRequired\":true,\"valueName\":\"search_term_string\"}}],\"inLanguage\":\"en-GB\"},{\"@type\":\"Organization\",\"@id\":\"https:\/\/www.karinibutiik.ee\/#organization\",\"name\":\"Karini Butiik\",\"url\":\"https:\/\/www.karinibutiik.ee\/\",\"logo\":{\"@type\":\"ImageObject\",\"inLanguage\":\"en-GB\",\"@id\":\"https:\/\/www.karinibutiik.ee\/#\/schema\/logo\/image\/\",\"url\":\"https:\/\/www.karinibutiik.ee\/wp-content\/uploads\/2024\/10\/Kuj.-K-koopia.png\",\"contentUrl\":\"https:\/\/www.karinibutiik.ee\/wp-content\/uploads\/2024\/10\/Kuj.-K-koopia.png\",\"width\":500,\"height\":500,\"caption\":\"Karini Butiik\"},\"image\":{\"@id\":\"https:\/\/www.karinibutiik.ee\/#\/schema\/logo\/image\/\"},\"sameAs\":[\"https:\/\/www.facebook.com\/karinibutiik.ee\",\"https:\/\/www.instagram.com\/karinibutiik\"]}]}<\/script>\n<meta property=\"og:availability\" content=\"instock\" \/>\n<meta property=\"product:availability\" content=\"instock\" \/>\n<meta property=\"product:retailer_item_id\" content=\"6738\" \/>\n<meta property=\"product:condition\" content=\"new\" \/>\n<!-- \/ Yoast SEO plugin. -->","yoast_head_json":{"title":"Sirgel\u00f5ikeline v\u00f6\u00f6ga kleit - Karini Butiik","description":"Stiilne ja praktiline sirgel\u00f5ikeline v\u00f6\u00f6ga kleit, ideaalne igap\u00e4evaseks kandmiseks. Mugavad taskud, minimalistlik disain ja kvaliteetne kangas.","robots":{"index":"index","follow":"follow","max-snippet":"max-snippet:-1","max-image-preview":"max-image-preview:large","max-video-preview":"max-video-preview:-1"},"canonical":"https:\/\/www.karinibutiik.ee\/en\/product-2\/sirgeloikeline-vooga-kleit\/","og_locale":"en_GB","og_type":"article","og_title":"Sirgel\u00f5ikeline v\u00f6\u00f6ga kleit - Karini Butiik","og_description":"Stiilne ja praktiline sirgel\u00f5ikeline v\u00f6\u00f6ga kleit, ideaalne igap\u00e4evaseks kandmiseks. Mugavad taskud, minimalistlik disain ja kvaliteetne kangas.","og_url":"https:\/\/www.karinibutiik.ee\/en\/product-2\/sirgeloikeline-vooga-kleit\/","og_site_name":"Karini Butiik","article_publisher":"https:\/\/www.facebook.com\/karinibutiik.ee","article_modified_time":"2026-03-28T08:34:46+00:00","og_image":[{"width":1971,"height":2560,"url":"https:\/\/www.karinibutiik.ee\/wp-content\/uploads\/2025\/06\/DD2114A8-76DE-438C-8B20-64FE364BFAE6-scaled.jpeg","type":"image\/jpeg"}],"twitter_card":"summary_large_image","twitter_misc":{"Availability":"In stock"},"schema":{"@context":"https:\/\/schema.org","@graph":[{"@type":"WebPage","@id":"https:\/\/www.karinibutiik.ee\/toode\/sirgeloikeline-vooga-kleit\/","url":"https:\/\/www.karinibutiik.ee\/toode\/sirgeloikeline-vooga-kleit\/","name":"Sirgel\u00f5ikeline v\u00f6\u00f6ga kleit - Karini Butiik","isPartOf":{"@id":"https:\/\/www.karinibutiik.ee\/#website"},"primaryImageOfPage":{"@id":"https:\/\/www.karinibutiik.ee\/toode\/sirgeloikeline-vooga-kleit\/#primaryimage"},"image":{"@id":"https:\/\/www.karinibutiik.ee\/toode\/sirgeloikeline-vooga-kleit\/#primaryimage"},"thumbnailUrl":"https:\/\/www.karinibutiik.ee\/wp-content\/uploads\/2025\/06\/DD2114A8-76DE-438C-8B20-64FE364BFAE6-scaled.jpeg","datePublished":"2025-06-30T20:09:28+00:00","dateModified":"2026-03-28T08:34:46+00:00","description":"Stiilne ja praktiline sirgel\u00f5ikeline v\u00f6\u00f6ga kleit, ideaalne igap\u00e4evaseks kandmiseks. Mugavad taskud, minimalistlik disain ja kvaliteetne kangas.","breadcrumb":{"@id":"https:\/\/www.karinibutiik.ee\/toode\/sirgeloikeline-vooga-kleit\/#breadcrumb"},"inLanguage":"en-GB","potentialAction":[{"@type":"ReadAction","target":["https:\/\/www.karinibutiik.ee\/toode\/sirgeloikeline-vooga-kleit\/"]}]},{"@type":"ImageObject","inLanguage":"en-GB","@id":"https:\/\/www.karinibutiik.ee\/toode\/sirgeloikeline-vooga-kleit\/#primaryimage","url":"https:\/\/www.karinibutiik.ee\/wp-content\/uploads\/2025\/06\/DD2114A8-76DE-438C-8B20-64FE364BFAE6-scaled.jpeg","contentUrl":"https:\/\/www.karinibutiik.ee\/wp-content\/uploads\/2025\/06\/DD2114A8-76DE-438C-8B20-64FE364BFAE6-scaled.jpeg","width":1971,"height":2560},{"@type":"BreadcrumbList","@id":"https:\/\/www.karinibutiik.ee\/toode\/sirgeloikeline-vooga-kleit\/#breadcrumb","itemListElement":[{"@type":"ListItem","position":1,"name":"Home","item":"https:\/\/www.karinibutiik.ee\/"},{"@type":"ListItem","position":2,"name":"Pood","item":"https:\/\/www.karinibutiik.ee\/pood\/"},{"@type":"ListItem","position":3,"name":"Sirgel\u00f5ikeline v\u00f6\u00f6ga kleit"}]},{"@type":"WebSite","@id":"https:\/\/www.karinibutiik.ee\/#website","url":"https:\/\/www.karinibutiik.ee\/","name":"Karini Butiik","description":"","publisher":{"@id":"https:\/\/www.karinibutiik.ee\/#organization"},"potentialAction":[{"@type":"SearchAction","target":{"@type":"EntryPoint","urlTemplate":"https:\/\/www.karinibutiik.ee\/?s={search_term_string}"},"query-input":{"@type":"PropertyValueSpecification","valueRequired":true,"valueName":"search_term_string"}}],"inLanguage":"en-GB"},{"@type":"Organization","@id":"https:\/\/www.karinibutiik.ee\/#organization","name":"Karini Butiik","url":"https:\/\/www.karinibutiik.ee\/","logo":{"@type":"ImageObject","inLanguage":"en-GB","@id":"https:\/\/www.karinibutiik.ee\/#\/schema\/logo\/image\/","url":"https:\/\/www.karinibutiik.ee\/wp-content\/uploads\/2024\/10\/Kuj.-K-koopia.png","contentUrl":"https:\/\/www.karinibutiik.ee\/wp-content\/uploads\/2024\/10\/Kuj.-K-koopia.png","width":500,"height":500,"caption":"Karini Butiik"},"image":{"@id":"https:\/\/www.karinibutiik.ee\/#\/schema\/logo\/image\/"},"sameAs":["https:\/\/www.facebook.com\/karinibutiik.ee","https:\/\/www.instagram.com\/karinibutiik"]}]},"og_availability":"instock","product_availability":"instock","product_retailer_item_id":"6738","product_condition":"new"},"_links":{"self":[{"href":"https:\/\/www.karinibutiik.ee\/en\/wp-json\/wp\/v2\/product\/22858","targetHints":{"allow":["GET"]}}],"collection":[{"href":"https:\/\/www.karinibutiik.ee\/en\/wp-json\/wp\/v2\/product"}],"about":[{"href":"https:\/\/www.karinibutiik.ee\/en\/wp-json\/wp\/v2\/types\/product"}],"version-history":[{"count":1,"href":"https:\/\/www.karinibutiik.ee\/en\/wp-json\/wp\/v2\/product\/22858\/revisions"}],"predecessor-version":[{"id":22865,"href":"https:\/\/www.karinibutiik.ee\/en\/wp-json\/wp\/v2\/product\/22858\/revisions\/22865"}],"wp:featuredmedia":[{"embeddable":true,"href":"https:\/\/www.karinibutiik.ee\/en\/wp-json\/wp\/v2\/media\/22845"}],"wp:attachment":[{"href":"https:\/\/www.karinibutiik.ee\/en\/wp-json\/wp\/v2\/media?parent=22858"}],"wp:term":[{"taxonomy":"product_brand","embeddable":true,"href":"https:\/\/www.karinibutiik.ee\/en\/wp-json\/wp\/v2\/product_brand?post=22858"},{"taxonomy":"product_cat","embeddable":true,"href":"https:\/\/www.karinibutiik.ee\/en\/wp-json\/wp\/v2\/product_cat?post=22858"},{"taxonomy":"product_tag","embeddable":true,"href":"https:\/\/www.karinibutiik.ee\/en\/wp-json\/wp\/v2\/product_tag?post=22858"}],"curies":[{"name":"wp","href":"https:\/\/api.w.org\/{rel}","templated":true}]}}