{"id":23023,"date":"2025-07-03T10:52:07","date_gmt":"2025-07-03T07:52:07","guid":{"rendered":"https:\/\/www.karinibutiik.ee\/?post_type=product&#038;p=23023"},"modified":"2026-03-28T10:36:35","modified_gmt":"2026-03-28T08:36:35","slug":"trendikas-oversize-loikega-pintsak","status":"publish","type":"product","link":"https:\/\/www.karinibutiik.ee\/en\/product-2\/trendikas-oversize-loikega-pintsak\/","title":{"rendered":"Trendy oversize jacket"},"content":{"rendered":"<p>Trendikas oversize l\u00f5ikega pintsak, mis \u00fchendab moeka vabaduse ja ajatult \u0161iki v\u00e4limuse. Pintsak kinnitub eest \u00fche n\u00f6\u00f6biga ning on saadaval kolmes kaunis toonis: meresinine, vaarikaroosa ja helebee\u017e. Sobib ideaalselt igap\u00e4evaseks kandmiseks v\u00f5i stiilseks kihiliseks riietumiseks. Valikus kaks suurust \u2013 S\/M ja L\/XL \u2013, et sobida erinevatele kehat\u00fc\u00fcpidele. T\u00e4ienda looki sobitades sama sarja p\u00fckste ja vestiga.<\/p>","protected":false},"excerpt":{"rendered":"<p>Trendikas oversize l\u00f5ikega pintsak, mis \u00fchendab moeka vabaduse ja ajatult \u0161iki v\u00e4limuse. Pintsak kinnitub eest \u00fche n\u00f6\u00f6biga ning on saadaval [&hellip;]<\/p>\n","protected":false},"featured_media":22954,"template":"","meta":{"site-sidebar-layout":"default","site-content-layout":"","ast-site-content-layout":"default","site-content-style":"default","site-sidebar-style":"default","ast-global-header-display":"","ast-banner-title-visibility":"","ast-main-header-display":"","ast-hfb-above-header-display":"","ast-hfb-below-header-display":"","ast-hfb-mobile-header-display":"","site-post-title":"","ast-breadcrumbs-content":"","ast-featured-img":"","footer-sml-layout":"","ast-disable-related-posts":"","theme-transparent-header-meta":"default","adv-header-id-meta":"","stick-header-meta":"default","header-above-stick-meta":"","header-main-stick-meta":"","header-below-stick-meta":"","astra-migrate-meta-layouts":"set","ast-page-background-enabled":"default","ast-page-background-meta":{"desktop":{"background-color":"var(--ast-global-color-4)","background-image":"","background-repeat":"repeat","background-position":"center center","background-size":"auto","background-attachment":"scroll","background-type":"","background-media":"","overlay-type":"","overlay-color":"","overlay-opacity":"","overlay-gradient":""},"tablet":{"background-color":"","background-image":"","background-repeat":"repeat","background-position":"center center","background-size":"auto","background-attachment":"scroll","background-type":"","background-media":"","overlay-type":"","overlay-color":"","overlay-opacity":"","overlay-gradient":""},"mobile":{"background-color":"","background-image":"","background-repeat":"repeat","background-position":"center center","background-size":"auto","background-attachment":"scroll","background-type":"","background-media":"","overlay-type":"","overlay-color":"","overlay-opacity":"","overlay-gradient":""}},"ast-content-background-meta":{"desktop":{"background-color":"var(--ast-global-color-5)","background-image":"","background-repeat":"repeat","background-position":"center center","background-size":"auto","background-attachment":"scroll","background-type":"","background-media":"","overlay-type":"","overlay-color":"","overlay-opacity":"","overlay-gradient":""},"tablet":{"background-color":"var(--ast-global-color-5)","background-image":"","background-repeat":"repeat","background-position":"center center","background-size":"auto","background-attachment":"scroll","background-type":"","background-media":"","overlay-type":"","overlay-color":"","overlay-opacity":"","overlay-gradient":""},"mobile":{"background-color":"var(--ast-global-color-5)","background-image":"","background-repeat":"repeat","background-position":"center center","background-size":"auto","background-attachment":"scroll","background-type":"","background-media":"","overlay-type":"","overlay-color":"","overlay-opacity":"","overlay-gradient":""}}},"product_brand":[],"product_cat":[367,346,366,365],"product_tag":[1538,1543,1541,1536,1545,1182,1180,1509,1535,1544,1540,1539,1507,1537,1542],"class_list":{"0":"post-23023","1":"product","2":"type-product","3":"status-publish","4":"has-post-thumbnail","6":"product_cat-allahindlus","7":"product_cat-naised","8":"product_cat-pintsakud","9":"product_cat-uleriided","10":"product_tag-helebeez-pintsak","11":"product_tag-kihiline-stiil","12":"product_tag-l-xl-pintsak","13":"product_tag-meresinine-pintsak","14":"product_tag-modernne-pintsak","15":"product_tag-moekas-pintsak","16":"product_tag-naiste-pintsak","17":"product_tag-naiste-uleroivas","18":"product_tag-oversize-pintsak","19":"product_tag-pintsak-komplektis","20":"product_tag-s-m-pintsak","21":"product_tag-suur-pintsak","22":"product_tag-uhe-noobiga-pintsak","23":"product_tag-vaarikaroosa-pintsak","24":"product_tag-vaba-loige","25":"desktop-align-center","26":"tablet-align-center","27":"mobile-align-center","28":"ast-product-gallery-layout-horizontal-slider","29":"ast-product-single-variable","30":"ast-product-tabs-layout-horizontal","32":"first","33":"instock","34":"sale","35":"taxable","36":"shipping-taxable","37":"purchasable","38":"product-type-variable"},"supplier_id":null,"supplier_sku":"","barcode":null,"atum_controlled":true,"out_stock_date":null,"out_stock_threshold":null,"inheritable":true,"inbound_stock":null,"stock_on_hold":0,"sold_today":0,"sales_last_days":0,"reserved_stock":0,"customer_returns":null,"warehouse_damage":0,"lost_in_post":null,"other_logs":0,"out_stock_days":0,"lost_sales":0,"has_location":false,"update_date":"2026-03-28T08:36:36","atum_locations":[],"atum_stock_status":"instock","restock_status":false,"low_stock_amount":"","sales_update_date":"2025-12-04T01:26:44","calc_backorders":null,"yoast_head":"<!-- This site is optimized with the Yoast SEO plugin v26.9 - https:\/\/yoast.com\/product\/yoast-seo-wordpress\/ -->\n<title>Trendikas oversize l\u00f5ikega pintsak - Karini Butiik<\/title>\n<meta name=\"description\" content=\"Oversize l\u00f5ikega \u00fche n\u00f6\u00f6biga pintsak meresinises, vaarikaroosas ja helebee\u017eis toonis. Saadaval kahes suuruses: S\/M ja L\/XL. Kombineeri komplektiks.\" \/>\n<meta name=\"robots\" content=\"index, follow, max-snippet:-1, max-image-preview:large, max-video-preview:-1\" \/>\n<link rel=\"canonical\" href=\"https:\/\/www.karinibutiik.ee\/en\/product-2\/trendikas-oversize-loikega-pintsak\/\" \/>\n<meta property=\"og:locale\" content=\"en_GB\" \/>\n<meta property=\"og:type\" content=\"article\" \/>\n<meta property=\"og:title\" content=\"Trendikas oversize l\u00f5ikega pintsak - Karini Butiik\" \/>\n<meta property=\"og:description\" content=\"Oversize l\u00f5ikega \u00fche n\u00f6\u00f6biga pintsak meresinises, vaarikaroosas ja helebee\u017eis toonis. Saadaval kahes suuruses: S\/M ja L\/XL. Kombineeri komplektiks.\" \/>\n<meta property=\"og:url\" content=\"https:\/\/www.karinibutiik.ee\/en\/product-2\/trendikas-oversize-loikega-pintsak\/\" \/>\n<meta property=\"og:site_name\" content=\"Karini Butiik\" \/>\n<meta property=\"article:publisher\" content=\"https:\/\/www.facebook.com\/karinibutiik.ee\" \/>\n<meta property=\"article:modified_time\" content=\"2026-03-28T08:36:35+00:00\" \/>\n<meta property=\"og:image\" content=\"https:\/\/www.karinibutiik.ee\/wp-content\/uploads\/2025\/07\/39E8E81D-B4DE-4BDB-A01E-B2BACFB462E9.jpeg\" \/>\n\t<meta property=\"og:image:width\" content=\"1097\" \/>\n\t<meta property=\"og:image:height\" content=\"1402\" \/>\n\t<meta property=\"og:image:type\" content=\"image\/jpeg\" \/>\n<meta name=\"twitter:card\" content=\"summary_large_image\" \/>\n<meta name=\"twitter:label1\" content=\"Availability\" \/>\n\t<meta name=\"twitter:data1\" content=\"In stock\" \/>\n<script type=\"application\/ld+json\" class=\"yoast-schema-graph\">{\"@context\":\"https:\/\/schema.org\",\"@graph\":[{\"@type\":\"WebPage\",\"@id\":\"https:\/\/www.karinibutiik.ee\/toode\/trendikas-oversize-loikega-pintsak\/\",\"url\":\"https:\/\/www.karinibutiik.ee\/toode\/trendikas-oversize-loikega-pintsak\/\",\"name\":\"Trendikas oversize l\u00f5ikega pintsak - Karini Butiik\",\"isPartOf\":{\"@id\":\"https:\/\/www.karinibutiik.ee\/#website\"},\"primaryImageOfPage\":{\"@id\":\"https:\/\/www.karinibutiik.ee\/toode\/trendikas-oversize-loikega-pintsak\/#primaryimage\"},\"image\":{\"@id\":\"https:\/\/www.karinibutiik.ee\/toode\/trendikas-oversize-loikega-pintsak\/#primaryimage\"},\"thumbnailUrl\":\"https:\/\/www.karinibutiik.ee\/wp-content\/uploads\/2025\/07\/39E8E81D-B4DE-4BDB-A01E-B2BACFB462E9.jpeg\",\"datePublished\":\"2025-07-03T07:52:07+00:00\",\"dateModified\":\"2026-03-28T08:36:35+00:00\",\"description\":\"Oversize l\u00f5ikega \u00fche n\u00f6\u00f6biga pintsak meresinises, vaarikaroosas ja helebee\u017eis toonis. Saadaval kahes suuruses: S\/M ja L\/XL. Kombineeri komplektiks.\",\"breadcrumb\":{\"@id\":\"https:\/\/www.karinibutiik.ee\/toode\/trendikas-oversize-loikega-pintsak\/#breadcrumb\"},\"inLanguage\":\"en-GB\",\"potentialAction\":[{\"@type\":\"ReadAction\",\"target\":[\"https:\/\/www.karinibutiik.ee\/toode\/trendikas-oversize-loikega-pintsak\/\"]}]},{\"@type\":\"ImageObject\",\"inLanguage\":\"en-GB\",\"@id\":\"https:\/\/www.karinibutiik.ee\/toode\/trendikas-oversize-loikega-pintsak\/#primaryimage\",\"url\":\"https:\/\/www.karinibutiik.ee\/wp-content\/uploads\/2025\/07\/39E8E81D-B4DE-4BDB-A01E-B2BACFB462E9.jpeg\",\"contentUrl\":\"https:\/\/www.karinibutiik.ee\/wp-content\/uploads\/2025\/07\/39E8E81D-B4DE-4BDB-A01E-B2BACFB462E9.jpeg\",\"width\":1097,\"height\":1402},{\"@type\":\"BreadcrumbList\",\"@id\":\"https:\/\/www.karinibutiik.ee\/toode\/trendikas-oversize-loikega-pintsak\/#breadcrumb\",\"itemListElement\":[{\"@type\":\"ListItem\",\"position\":1,\"name\":\"Home\",\"item\":\"https:\/\/www.karinibutiik.ee\/\"},{\"@type\":\"ListItem\",\"position\":2,\"name\":\"Pood\",\"item\":\"https:\/\/www.karinibutiik.ee\/pood\/\"},{\"@type\":\"ListItem\",\"position\":3,\"name\":\"Trendikas oversize l\u00f5ikega pintsak\"}]},{\"@type\":\"WebSite\",\"@id\":\"https:\/\/www.karinibutiik.ee\/#website\",\"url\":\"https:\/\/www.karinibutiik.ee\/\",\"name\":\"Karini Butiik\",\"description\":\"\",\"publisher\":{\"@id\":\"https:\/\/www.karinibutiik.ee\/#organization\"},\"potentialAction\":[{\"@type\":\"SearchAction\",\"target\":{\"@type\":\"EntryPoint\",\"urlTemplate\":\"https:\/\/www.karinibutiik.ee\/?s={search_term_string}\"},\"query-input\":{\"@type\":\"PropertyValueSpecification\",\"valueRequired\":true,\"valueName\":\"search_term_string\"}}],\"inLanguage\":\"en-GB\"},{\"@type\":\"Organization\",\"@id\":\"https:\/\/www.karinibutiik.ee\/#organization\",\"name\":\"Karini Butiik\",\"url\":\"https:\/\/www.karinibutiik.ee\/\",\"logo\":{\"@type\":\"ImageObject\",\"inLanguage\":\"en-GB\",\"@id\":\"https:\/\/www.karinibutiik.ee\/#\/schema\/logo\/image\/\",\"url\":\"https:\/\/www.karinibutiik.ee\/wp-content\/uploads\/2024\/10\/Kuj.-K-koopia.png\",\"contentUrl\":\"https:\/\/www.karinibutiik.ee\/wp-content\/uploads\/2024\/10\/Kuj.-K-koopia.png\",\"width\":500,\"height\":500,\"caption\":\"Karini Butiik\"},\"image\":{\"@id\":\"https:\/\/www.karinibutiik.ee\/#\/schema\/logo\/image\/\"},\"sameAs\":[\"https:\/\/www.facebook.com\/karinibutiik.ee\",\"https:\/\/www.instagram.com\/karinibutiik\"]}]}<\/script>\n<meta property=\"og:availability\" content=\"instock\" \/>\n<meta property=\"product:availability\" content=\"instock\" \/>\n<meta property=\"product:retailer_item_id\" content=\"3004\" \/>\n<meta property=\"product:condition\" content=\"new\" \/>\n<!-- \/ Yoast SEO plugin. -->","yoast_head_json":{"title":"Trendikas oversize l\u00f5ikega pintsak - Karini Butiik","description":"Oversize l\u00f5ikega \u00fche n\u00f6\u00f6biga pintsak meresinises, vaarikaroosas ja helebee\u017eis toonis. Saadaval kahes suuruses: S\/M ja L\/XL. Kombineeri komplektiks.","robots":{"index":"index","follow":"follow","max-snippet":"max-snippet:-1","max-image-preview":"max-image-preview:large","max-video-preview":"max-video-preview:-1"},"canonical":"https:\/\/www.karinibutiik.ee\/en\/product-2\/trendikas-oversize-loikega-pintsak\/","og_locale":"en_GB","og_type":"article","og_title":"Trendikas oversize l\u00f5ikega pintsak - Karini Butiik","og_description":"Oversize l\u00f5ikega \u00fche n\u00f6\u00f6biga pintsak meresinises, vaarikaroosas ja helebee\u017eis toonis. Saadaval kahes suuruses: S\/M ja L\/XL. Kombineeri komplektiks.","og_url":"https:\/\/www.karinibutiik.ee\/en\/product-2\/trendikas-oversize-loikega-pintsak\/","og_site_name":"Karini Butiik","article_publisher":"https:\/\/www.facebook.com\/karinibutiik.ee","article_modified_time":"2026-03-28T08:36:35+00:00","og_image":[{"width":1097,"height":1402,"url":"https:\/\/www.karinibutiik.ee\/wp-content\/uploads\/2025\/07\/39E8E81D-B4DE-4BDB-A01E-B2BACFB462E9.jpeg","type":"image\/jpeg"}],"twitter_card":"summary_large_image","twitter_misc":{"Availability":"In stock"},"schema":{"@context":"https:\/\/schema.org","@graph":[{"@type":"WebPage","@id":"https:\/\/www.karinibutiik.ee\/toode\/trendikas-oversize-loikega-pintsak\/","url":"https:\/\/www.karinibutiik.ee\/toode\/trendikas-oversize-loikega-pintsak\/","name":"Trendikas oversize l\u00f5ikega pintsak - Karini Butiik","isPartOf":{"@id":"https:\/\/www.karinibutiik.ee\/#website"},"primaryImageOfPage":{"@id":"https:\/\/www.karinibutiik.ee\/toode\/trendikas-oversize-loikega-pintsak\/#primaryimage"},"image":{"@id":"https:\/\/www.karinibutiik.ee\/toode\/trendikas-oversize-loikega-pintsak\/#primaryimage"},"thumbnailUrl":"https:\/\/www.karinibutiik.ee\/wp-content\/uploads\/2025\/07\/39E8E81D-B4DE-4BDB-A01E-B2BACFB462E9.jpeg","datePublished":"2025-07-03T07:52:07+00:00","dateModified":"2026-03-28T08:36:35+00:00","description":"Oversize l\u00f5ikega \u00fche n\u00f6\u00f6biga pintsak meresinises, vaarikaroosas ja helebee\u017eis toonis. Saadaval kahes suuruses: S\/M ja L\/XL. Kombineeri komplektiks.","breadcrumb":{"@id":"https:\/\/www.karinibutiik.ee\/toode\/trendikas-oversize-loikega-pintsak\/#breadcrumb"},"inLanguage":"en-GB","potentialAction":[{"@type":"ReadAction","target":["https:\/\/www.karinibutiik.ee\/toode\/trendikas-oversize-loikega-pintsak\/"]}]},{"@type":"ImageObject","inLanguage":"en-GB","@id":"https:\/\/www.karinibutiik.ee\/toode\/trendikas-oversize-loikega-pintsak\/#primaryimage","url":"https:\/\/www.karinibutiik.ee\/wp-content\/uploads\/2025\/07\/39E8E81D-B4DE-4BDB-A01E-B2BACFB462E9.jpeg","contentUrl":"https:\/\/www.karinibutiik.ee\/wp-content\/uploads\/2025\/07\/39E8E81D-B4DE-4BDB-A01E-B2BACFB462E9.jpeg","width":1097,"height":1402},{"@type":"BreadcrumbList","@id":"https:\/\/www.karinibutiik.ee\/toode\/trendikas-oversize-loikega-pintsak\/#breadcrumb","itemListElement":[{"@type":"ListItem","position":1,"name":"Home","item":"https:\/\/www.karinibutiik.ee\/"},{"@type":"ListItem","position":2,"name":"Pood","item":"https:\/\/www.karinibutiik.ee\/pood\/"},{"@type":"ListItem","position":3,"name":"Trendikas oversize l\u00f5ikega pintsak"}]},{"@type":"WebSite","@id":"https:\/\/www.karinibutiik.ee\/#website","url":"https:\/\/www.karinibutiik.ee\/","name":"Karini Butiik","description":"","publisher":{"@id":"https:\/\/www.karinibutiik.ee\/#organization"},"potentialAction":[{"@type":"SearchAction","target":{"@type":"EntryPoint","urlTemplate":"https:\/\/www.karinibutiik.ee\/?s={search_term_string}"},"query-input":{"@type":"PropertyValueSpecification","valueRequired":true,"valueName":"search_term_string"}}],"inLanguage":"en-GB"},{"@type":"Organization","@id":"https:\/\/www.karinibutiik.ee\/#organization","name":"Karini Butiik","url":"https:\/\/www.karinibutiik.ee\/","logo":{"@type":"ImageObject","inLanguage":"en-GB","@id":"https:\/\/www.karinibutiik.ee\/#\/schema\/logo\/image\/","url":"https:\/\/www.karinibutiik.ee\/wp-content\/uploads\/2024\/10\/Kuj.-K-koopia.png","contentUrl":"https:\/\/www.karinibutiik.ee\/wp-content\/uploads\/2024\/10\/Kuj.-K-koopia.png","width":500,"height":500,"caption":"Karini Butiik"},"image":{"@id":"https:\/\/www.karinibutiik.ee\/#\/schema\/logo\/image\/"},"sameAs":["https:\/\/www.facebook.com\/karinibutiik.ee","https:\/\/www.instagram.com\/karinibutiik"]}]},"og_availability":"instock","product_availability":"instock","product_retailer_item_id":"3004","product_condition":"new"},"_links":{"self":[{"href":"https:\/\/www.karinibutiik.ee\/en\/wp-json\/wp\/v2\/product\/23023","targetHints":{"allow":["GET"]}}],"collection":[{"href":"https:\/\/www.karinibutiik.ee\/en\/wp-json\/wp\/v2\/product"}],"about":[{"href":"https:\/\/www.karinibutiik.ee\/en\/wp-json\/wp\/v2\/types\/product"}],"version-history":[{"count":1,"href":"https:\/\/www.karinibutiik.ee\/en\/wp-json\/wp\/v2\/product\/23023\/revisions"}],"predecessor-version":[{"id":23030,"href":"https:\/\/www.karinibutiik.ee\/en\/wp-json\/wp\/v2\/product\/23023\/revisions\/23030"}],"wp:featuredmedia":[{"embeddable":true,"href":"https:\/\/www.karinibutiik.ee\/en\/wp-json\/wp\/v2\/media\/22954"}],"wp:attachment":[{"href":"https:\/\/www.karinibutiik.ee\/en\/wp-json\/wp\/v2\/media?parent=23023"}],"wp:term":[{"taxonomy":"product_brand","embeddable":true,"href":"https:\/\/www.karinibutiik.ee\/en\/wp-json\/wp\/v2\/product_brand?post=23023"},{"taxonomy":"product_cat","embeddable":true,"href":"https:\/\/www.karinibutiik.ee\/en\/wp-json\/wp\/v2\/product_cat?post=23023"},{"taxonomy":"product_tag","embeddable":true,"href":"https:\/\/www.karinibutiik.ee\/en\/wp-json\/wp\/v2\/product_tag?post=23023"}],"curies":[{"name":"wp","href":"https:\/\/api.w.org\/{rel}","templated":true}]}}