{"id":24221,"date":"2025-10-04T18:36:09","date_gmt":"2025-10-04T15:36:09","guid":{"rendered":"https:\/\/www.karinibutiik.ee\/?post_type=product&#038;p=24221"},"modified":"2026-02-28T13:39:14","modified_gmt":"2026-02-28T11:39:14","slug":"naiste-kunstnahast-sooja-voodriga-stiilne-tagi","status":"publish","type":"product","link":"https:\/\/www.karinibutiik.ee\/en\/product-2\/naiste-kunstnahast-sooja-voodriga-stiilne-tagi\/","title":{"rendered":"Naiste kunstnahast sooja voodriga stiilne tagi"},"content":{"rendered":"<p>Trendikas ja mugav <strong data-start=\"131\" data-end=\"158\">naiste kunstnahast tagi<\/strong>, mis \u00fchendab endas nii stiili kui ka praktilisuse. <strong data-start=\"210\" data-end=\"237\" data-is-only-node=\"\">Soe ja pehme karvvooder<\/strong> hoiab jahedal ajal m\u00f5nusalt soojas, samas kui efektseid detaile lisavad <strong data-start=\"310\" data-end=\"348\">karvased \u00e4\u00e4rised krael ja k\u00e4tistel<\/strong>. Karvased detailid on <strong data-start=\"371\" data-end=\"387\">eemaldatavad<\/strong>, mis annab jakile veelgi pikema kasutusea ning v\u00f5imaldab seda kanda eri aastaaegadel ja erinevate stiilidega.<br data-start=\"497\" data-end=\"500\" \/>Saadaval kahes toonis \u2013 <strong data-start=\"524\" data-end=\"538\">ajatu must<\/strong> and <strong data-start=\"542\" data-end=\"568\">klassikaline tumepruun<\/strong>.<br data-start=\"569\" data-end=\"572\" \/>Suurused <strong data-start=\"581\" data-end=\"592\">S, M, L<\/strong>, vastavad t\u00e4pselt suurustele ning on seljas v\u00e4ga mugavad. T\u00e4iuslik valik s\u00fcgis- ja talvehooajaks, lisades sinu garderoobile luksusliku ja mitmek\u00fclgse puudutuse.<\/p>","protected":false},"excerpt":{"rendered":"<p>Trendikas ja mugav naiste kunstnahast tagi, mis \u00fchendab endas nii stiili kui ka praktilisuse. Soe ja pehme karvvooder hoiab jahedal [&hellip;]<\/p>\n","protected":false},"featured_media":24236,"template":"","meta":{"site-sidebar-layout":"default","site-content-layout":"","ast-site-content-layout":"default","site-content-style":"default","site-sidebar-style":"default","ast-global-header-display":"","ast-banner-title-visibility":"","ast-main-header-display":"","ast-hfb-above-header-display":"","ast-hfb-below-header-display":"","ast-hfb-mobile-header-display":"","site-post-title":"","ast-breadcrumbs-content":"","ast-featured-img":"","footer-sml-layout":"","ast-disable-related-posts":"","theme-transparent-header-meta":"default","adv-header-id-meta":"","stick-header-meta":"default","header-above-stick-meta":"","header-main-stick-meta":"","header-below-stick-meta":"","astra-migrate-meta-layouts":"set","ast-page-background-enabled":"default","ast-page-background-meta":{"desktop":{"background-color":"var(--ast-global-color-4)","background-image":"","background-repeat":"repeat","background-position":"center center","background-size":"auto","background-attachment":"scroll","background-type":"","background-media":"","overlay-type":"","overlay-color":"","overlay-opacity":"","overlay-gradient":""},"tablet":{"background-color":"","background-image":"","background-repeat":"repeat","background-position":"center center","background-size":"auto","background-attachment":"scroll","background-type":"","background-media":"","overlay-type":"","overlay-color":"","overlay-opacity":"","overlay-gradient":""},"mobile":{"background-color":"","background-image":"","background-repeat":"repeat","background-position":"center center","background-size":"auto","background-attachment":"scroll","background-type":"","background-media":"","overlay-type":"","overlay-color":"","overlay-opacity":"","overlay-gradient":""}},"ast-content-background-meta":{"desktop":{"background-color":"var(--ast-global-color-5)","background-image":"","background-repeat":"repeat","background-position":"center center","background-size":"auto","background-attachment":"scroll","background-type":"","background-media":"","overlay-type":"","overlay-color":"","overlay-opacity":"","overlay-gradient":""},"tablet":{"background-color":"var(--ast-global-color-5)","background-image":"","background-repeat":"repeat","background-position":"center center","background-size":"auto","background-attachment":"scroll","background-type":"","background-media":"","overlay-type":"","overlay-color":"","overlay-opacity":"","overlay-gradient":""},"mobile":{"background-color":"var(--ast-global-color-5)","background-image":"","background-repeat":"repeat","background-position":"center center","background-size":"auto","background-attachment":"scroll","background-type":"","background-media":"","overlay-type":"","overlay-color":"","overlay-opacity":"","overlay-gradient":""}}},"product_brand":[],"product_cat":[367,385,346,365,351],"product_tag":[501,1850,1849,1848,617,1857,1851,1847,606,1852,1853,1856,1854,1855,1858],"class_list":{"0":"post-24221","1":"product","2":"type-product","3":"status-publish","4":"has-post-thumbnail","6":"product_cat-allahindlus","7":"product_cat-joped-tagid-vestid","8":"product_cat-naised","9":"product_cat-uleriided","10":"product_cat-uued-tooted","11":"product_tag-karini-butiik","12":"product_tag-karvase-aarisega-tagi","13":"product_tag-karvase-kraega-tagi","14":"product_tag-karvvoodriga-jope","15":"product_tag-kunstnahast-tagi","16":"product_tag-mugav-tagi","17":"product_tag-must-tagi","18":"product_tag-naiste-tagi","19":"product_tag-naiste-uleriided","20":"product_tag-pruun-tagi","21":"product_tag-soe-jope","22":"product_tag-stiilne-jope","23":"product_tag-sugismood-2025","24":"product_tag-talvemood","25":"product_tag-trendikas-tagi","26":"desktop-align-center","27":"tablet-align-center","28":"mobile-align-center","29":"ast-product-gallery-layout-horizontal-slider","30":"ast-product-single-variable","31":"ast-product-tabs-layout-horizontal","33":"first","34":"instock","35":"sale","36":"taxable","37":"shipping-taxable","38":"purchasable","39":"product-type-variable"},"supplier_id":null,"supplier_sku":"","barcode":null,"atum_controlled":true,"out_stock_date":null,"out_stock_threshold":null,"inheritable":true,"inbound_stock":null,"stock_on_hold":0,"sold_today":0,"sales_last_days":0,"reserved_stock":0,"customer_returns":null,"warehouse_damage":0,"lost_in_post":null,"other_logs":0,"out_stock_days":0,"lost_sales":0,"has_location":false,"update_date":"2026-02-16T09:09:09","atum_locations":[],"atum_stock_status":"instock","restock_status":false,"low_stock_amount":"","sales_update_date":"2025-12-05T11:23:43","calc_backorders":null,"yoast_head":"<!-- This site is optimized with the Yoast SEO plugin v26.9 - https:\/\/yoast.com\/product\/yoast-seo-wordpress\/ -->\n<title>Naiste kunstnahast sooja voodriga stiilne tagi - Karini Butiik<\/title>\n<meta name=\"description\" content=\"Stiilne naiste kunstnahast sooja voodriga tagi musta ja tumepruuni toonina. Soe, mugav ja trendikas valik suurustes S\u2013L. Ideaalne s\u00fcgiseks ja talveks.\" \/>\n<meta name=\"robots\" content=\"index, follow, max-snippet:-1, max-image-preview:large, max-video-preview:-1\" \/>\n<link rel=\"canonical\" href=\"https:\/\/www.karinibutiik.ee\/en\/product-2\/naiste-kunstnahast-sooja-voodriga-stiilne-tagi\/\" \/>\n<meta property=\"og:locale\" content=\"en_GB\" \/>\n<meta property=\"og:type\" content=\"article\" \/>\n<meta property=\"og:title\" content=\"Naiste kunstnahast sooja voodriga stiilne tagi - Karini Butiik\" \/>\n<meta property=\"og:description\" content=\"Naiste kunstnahast karvvoodriga tagi musta ja tumepruuni toonina. Eemaldatavate karvaste detailidega stiilne ja mugav jope suurustes S\u2013L. Sobib s\u00fcgiseks ja talveks.\" \/>\n<meta property=\"og:url\" content=\"https:\/\/www.karinibutiik.ee\/en\/product-2\/naiste-kunstnahast-sooja-voodriga-stiilne-tagi\/\" \/>\n<meta property=\"og:site_name\" content=\"Karini Butiik\" \/>\n<meta property=\"article:publisher\" content=\"https:\/\/www.facebook.com\/karinibutiik.ee\" \/>\n<meta property=\"article:modified_time\" content=\"2026-02-28T11:39:14+00:00\" \/>\n<meta property=\"og:image\" content=\"https:\/\/www.karinibutiik.ee\/wp-content\/uploads\/2025\/10\/54CCA278-6E59-49B7-BA9C-B8E08EAD2A6E-scaled.jpeg\" \/>\n\t<meta property=\"og:image:width\" content=\"1873\" \/>\n\t<meta property=\"og:image:height\" content=\"2560\" \/>\n\t<meta property=\"og:image:type\" content=\"image\/jpeg\" \/>\n<meta name=\"twitter:card\" content=\"summary_large_image\" \/>\n<meta name=\"twitter:label1\" content=\"Availability\" \/>\n\t<meta name=\"twitter:data1\" content=\"In stock\" \/>\n<script type=\"application\/ld+json\" class=\"yoast-schema-graph\">{\"@context\":\"https:\/\/schema.org\",\"@graph\":[{\"@type\":\"WebPage\",\"@id\":\"https:\/\/www.karinibutiik.ee\/toode\/naiste-kunstnahast-sooja-voodriga-stiilne-tagi\/\",\"url\":\"https:\/\/www.karinibutiik.ee\/toode\/naiste-kunstnahast-sooja-voodriga-stiilne-tagi\/\",\"name\":\"Naiste kunstnahast sooja voodriga stiilne tagi - Karini Butiik\",\"isPartOf\":{\"@id\":\"https:\/\/www.karinibutiik.ee\/#website\"},\"primaryImageOfPage\":{\"@id\":\"https:\/\/www.karinibutiik.ee\/toode\/naiste-kunstnahast-sooja-voodriga-stiilne-tagi\/#primaryimage\"},\"image\":{\"@id\":\"https:\/\/www.karinibutiik.ee\/toode\/naiste-kunstnahast-sooja-voodriga-stiilne-tagi\/#primaryimage\"},\"thumbnailUrl\":\"https:\/\/www.karinibutiik.ee\/wp-content\/uploads\/2025\/10\/54CCA278-6E59-49B7-BA9C-B8E08EAD2A6E-scaled.jpeg\",\"datePublished\":\"2025-10-04T15:36:09+00:00\",\"dateModified\":\"2026-02-28T11:39:14+00:00\",\"description\":\"Stiilne naiste kunstnahast sooja voodriga tagi musta ja tumepruuni toonina. Soe, mugav ja trendikas valik suurustes S\u2013L. Ideaalne s\u00fcgiseks ja talveks.\",\"breadcrumb\":{\"@id\":\"https:\/\/www.karinibutiik.ee\/toode\/naiste-kunstnahast-sooja-voodriga-stiilne-tagi\/#breadcrumb\"},\"inLanguage\":\"en-GB\",\"potentialAction\":[{\"@type\":\"ReadAction\",\"target\":[\"https:\/\/www.karinibutiik.ee\/toode\/naiste-kunstnahast-sooja-voodriga-stiilne-tagi\/\"]}]},{\"@type\":\"ImageObject\",\"inLanguage\":\"en-GB\",\"@id\":\"https:\/\/www.karinibutiik.ee\/toode\/naiste-kunstnahast-sooja-voodriga-stiilne-tagi\/#primaryimage\",\"url\":\"https:\/\/www.karinibutiik.ee\/wp-content\/uploads\/2025\/10\/54CCA278-6E59-49B7-BA9C-B8E08EAD2A6E-scaled.jpeg\",\"contentUrl\":\"https:\/\/www.karinibutiik.ee\/wp-content\/uploads\/2025\/10\/54CCA278-6E59-49B7-BA9C-B8E08EAD2A6E-scaled.jpeg\",\"width\":1873,\"height\":2560,\"caption\":\"Naiste kunstnahast karvvoodriga stiilne tagi must ja tumepruun\"},{\"@type\":\"BreadcrumbList\",\"@id\":\"https:\/\/www.karinibutiik.ee\/toode\/naiste-kunstnahast-sooja-voodriga-stiilne-tagi\/#breadcrumb\",\"itemListElement\":[{\"@type\":\"ListItem\",\"position\":1,\"name\":\"Home\",\"item\":\"https:\/\/www.karinibutiik.ee\/\"},{\"@type\":\"ListItem\",\"position\":2,\"name\":\"Pood\",\"item\":\"https:\/\/www.karinibutiik.ee\/pood\/\"},{\"@type\":\"ListItem\",\"position\":3,\"name\":\"Naiste kunstnahast sooja voodriga stiilne tagi\"}]},{\"@type\":\"WebSite\",\"@id\":\"https:\/\/www.karinibutiik.ee\/#website\",\"url\":\"https:\/\/www.karinibutiik.ee\/\",\"name\":\"Karini Butiik\",\"description\":\"\",\"publisher\":{\"@id\":\"https:\/\/www.karinibutiik.ee\/#organization\"},\"potentialAction\":[{\"@type\":\"SearchAction\",\"target\":{\"@type\":\"EntryPoint\",\"urlTemplate\":\"https:\/\/www.karinibutiik.ee\/?s={search_term_string}\"},\"query-input\":{\"@type\":\"PropertyValueSpecification\",\"valueRequired\":true,\"valueName\":\"search_term_string\"}}],\"inLanguage\":\"en-GB\"},{\"@type\":\"Organization\",\"@id\":\"https:\/\/www.karinibutiik.ee\/#organization\",\"name\":\"Karini Butiik\",\"url\":\"https:\/\/www.karinibutiik.ee\/\",\"logo\":{\"@type\":\"ImageObject\",\"inLanguage\":\"en-GB\",\"@id\":\"https:\/\/www.karinibutiik.ee\/#\/schema\/logo\/image\/\",\"url\":\"https:\/\/www.karinibutiik.ee\/wp-content\/uploads\/2024\/10\/Kuj.-K-koopia.png\",\"contentUrl\":\"https:\/\/www.karinibutiik.ee\/wp-content\/uploads\/2024\/10\/Kuj.-K-koopia.png\",\"width\":500,\"height\":500,\"caption\":\"Karini Butiik\"},\"image\":{\"@id\":\"https:\/\/www.karinibutiik.ee\/#\/schema\/logo\/image\/\"},\"sameAs\":[\"https:\/\/www.facebook.com\/karinibutiik.ee\",\"https:\/\/www.instagram.com\/karinibutiik\"]}]}<\/script>\n<meta property=\"og:availability\" content=\"instock\" \/>\n<meta property=\"product:availability\" content=\"instock\" \/>\n<meta property=\"product:retailer_item_id\" content=\"5626\" \/>\n<meta property=\"product:condition\" content=\"new\" \/>\n<!-- \/ Yoast SEO plugin. -->","yoast_head_json":{"title":"Naiste kunstnahast sooja voodriga stiilne tagi - Karini Butiik","description":"Stiilne naiste kunstnahast sooja voodriga tagi musta ja tumepruuni toonina. Soe, mugav ja trendikas valik suurustes S\u2013L. Ideaalne s\u00fcgiseks ja talveks.","robots":{"index":"index","follow":"follow","max-snippet":"max-snippet:-1","max-image-preview":"max-image-preview:large","max-video-preview":"max-video-preview:-1"},"canonical":"https:\/\/www.karinibutiik.ee\/en\/product-2\/naiste-kunstnahast-sooja-voodriga-stiilne-tagi\/","og_locale":"en_GB","og_type":"article","og_title":"Naiste kunstnahast sooja voodriga stiilne tagi - Karini Butiik","og_description":"Naiste kunstnahast karvvoodriga tagi musta ja tumepruuni toonina. Eemaldatavate karvaste detailidega stiilne ja mugav jope suurustes S\u2013L. Sobib s\u00fcgiseks ja talveks.","og_url":"https:\/\/www.karinibutiik.ee\/en\/product-2\/naiste-kunstnahast-sooja-voodriga-stiilne-tagi\/","og_site_name":"Karini Butiik","article_publisher":"https:\/\/www.facebook.com\/karinibutiik.ee","article_modified_time":"2026-02-28T11:39:14+00:00","og_image":[{"width":1873,"height":2560,"url":"https:\/\/www.karinibutiik.ee\/wp-content\/uploads\/2025\/10\/54CCA278-6E59-49B7-BA9C-B8E08EAD2A6E-scaled.jpeg","type":"image\/jpeg"}],"twitter_card":"summary_large_image","twitter_misc":{"Availability":"In stock"},"schema":{"@context":"https:\/\/schema.org","@graph":[{"@type":"WebPage","@id":"https:\/\/www.karinibutiik.ee\/toode\/naiste-kunstnahast-sooja-voodriga-stiilne-tagi\/","url":"https:\/\/www.karinibutiik.ee\/toode\/naiste-kunstnahast-sooja-voodriga-stiilne-tagi\/","name":"Naiste kunstnahast sooja voodriga stiilne tagi - Karini Butiik","isPartOf":{"@id":"https:\/\/www.karinibutiik.ee\/#website"},"primaryImageOfPage":{"@id":"https:\/\/www.karinibutiik.ee\/toode\/naiste-kunstnahast-sooja-voodriga-stiilne-tagi\/#primaryimage"},"image":{"@id":"https:\/\/www.karinibutiik.ee\/toode\/naiste-kunstnahast-sooja-voodriga-stiilne-tagi\/#primaryimage"},"thumbnailUrl":"https:\/\/www.karinibutiik.ee\/wp-content\/uploads\/2025\/10\/54CCA278-6E59-49B7-BA9C-B8E08EAD2A6E-scaled.jpeg","datePublished":"2025-10-04T15:36:09+00:00","dateModified":"2026-02-28T11:39:14+00:00","description":"Stiilne naiste kunstnahast sooja voodriga tagi musta ja tumepruuni toonina. Soe, mugav ja trendikas valik suurustes S\u2013L. Ideaalne s\u00fcgiseks ja talveks.","breadcrumb":{"@id":"https:\/\/www.karinibutiik.ee\/toode\/naiste-kunstnahast-sooja-voodriga-stiilne-tagi\/#breadcrumb"},"inLanguage":"en-GB","potentialAction":[{"@type":"ReadAction","target":["https:\/\/www.karinibutiik.ee\/toode\/naiste-kunstnahast-sooja-voodriga-stiilne-tagi\/"]}]},{"@type":"ImageObject","inLanguage":"en-GB","@id":"https:\/\/www.karinibutiik.ee\/toode\/naiste-kunstnahast-sooja-voodriga-stiilne-tagi\/#primaryimage","url":"https:\/\/www.karinibutiik.ee\/wp-content\/uploads\/2025\/10\/54CCA278-6E59-49B7-BA9C-B8E08EAD2A6E-scaled.jpeg","contentUrl":"https:\/\/www.karinibutiik.ee\/wp-content\/uploads\/2025\/10\/54CCA278-6E59-49B7-BA9C-B8E08EAD2A6E-scaled.jpeg","width":1873,"height":2560,"caption":"Naiste kunstnahast karvvoodriga stiilne tagi must ja tumepruun"},{"@type":"BreadcrumbList","@id":"https:\/\/www.karinibutiik.ee\/toode\/naiste-kunstnahast-sooja-voodriga-stiilne-tagi\/#breadcrumb","itemListElement":[{"@type":"ListItem","position":1,"name":"Home","item":"https:\/\/www.karinibutiik.ee\/"},{"@type":"ListItem","position":2,"name":"Pood","item":"https:\/\/www.karinibutiik.ee\/pood\/"},{"@type":"ListItem","position":3,"name":"Naiste kunstnahast sooja voodriga stiilne tagi"}]},{"@type":"WebSite","@id":"https:\/\/www.karinibutiik.ee\/#website","url":"https:\/\/www.karinibutiik.ee\/","name":"Karini Butiik","description":"","publisher":{"@id":"https:\/\/www.karinibutiik.ee\/#organization"},"potentialAction":[{"@type":"SearchAction","target":{"@type":"EntryPoint","urlTemplate":"https:\/\/www.karinibutiik.ee\/?s={search_term_string}"},"query-input":{"@type":"PropertyValueSpecification","valueRequired":true,"valueName":"search_term_string"}}],"inLanguage":"en-GB"},{"@type":"Organization","@id":"https:\/\/www.karinibutiik.ee\/#organization","name":"Karini Butiik","url":"https:\/\/www.karinibutiik.ee\/","logo":{"@type":"ImageObject","inLanguage":"en-GB","@id":"https:\/\/www.karinibutiik.ee\/#\/schema\/logo\/image\/","url":"https:\/\/www.karinibutiik.ee\/wp-content\/uploads\/2024\/10\/Kuj.-K-koopia.png","contentUrl":"https:\/\/www.karinibutiik.ee\/wp-content\/uploads\/2024\/10\/Kuj.-K-koopia.png","width":500,"height":500,"caption":"Karini Butiik"},"image":{"@id":"https:\/\/www.karinibutiik.ee\/#\/schema\/logo\/image\/"},"sameAs":["https:\/\/www.facebook.com\/karinibutiik.ee","https:\/\/www.instagram.com\/karinibutiik"]}]},"og_availability":"instock","product_availability":"instock","product_retailer_item_id":"5626","product_condition":"new"},"_links":{"self":[{"href":"https:\/\/www.karinibutiik.ee\/en\/wp-json\/wp\/v2\/product\/24221","targetHints":{"allow":["GET"]}}],"collection":[{"href":"https:\/\/www.karinibutiik.ee\/en\/wp-json\/wp\/v2\/product"}],"about":[{"href":"https:\/\/www.karinibutiik.ee\/en\/wp-json\/wp\/v2\/types\/product"}],"version-history":[{"count":1,"href":"https:\/\/www.karinibutiik.ee\/en\/wp-json\/wp\/v2\/product\/24221\/revisions"}],"predecessor-version":[{"id":24237,"href":"https:\/\/www.karinibutiik.ee\/en\/wp-json\/wp\/v2\/product\/24221\/revisions\/24237"}],"wp:featuredmedia":[{"embeddable":true,"href":"https:\/\/www.karinibutiik.ee\/en\/wp-json\/wp\/v2\/media\/24236"}],"wp:attachment":[{"href":"https:\/\/www.karinibutiik.ee\/en\/wp-json\/wp\/v2\/media?parent=24221"}],"wp:term":[{"taxonomy":"product_brand","embeddable":true,"href":"https:\/\/www.karinibutiik.ee\/en\/wp-json\/wp\/v2\/product_brand?post=24221"},{"taxonomy":"product_cat","embeddable":true,"href":"https:\/\/www.karinibutiik.ee\/en\/wp-json\/wp\/v2\/product_cat?post=24221"},{"taxonomy":"product_tag","embeddable":true,"href":"https:\/\/www.karinibutiik.ee\/en\/wp-json\/wp\/v2\/product_tag?post=24221"}],"curies":[{"name":"wp","href":"https:\/\/api.w.org\/{rel}","templated":true}]}}