{"id":24571,"date":"2025-10-10T17:50:23","date_gmt":"2025-10-10T14:50:23","guid":{"rendered":"https:\/\/www.karinibutiik.ee\/?post_type=product&#038;p=24571"},"modified":"2026-02-16T11:15:50","modified_gmt":"2026-02-16T09:15:50","slug":"pehme-oversize-kampsun-laia-korge-keeratava-kraega","status":"publish","type":"product","link":"https:\/\/www.karinibutiik.ee\/en\/product-2\/pehme-oversize-kampsun-laia-korge-keeratava-kraega\/","title":{"rendered":"Pehme oversize kampsun laia k\u00f5rge keeratava kraega"},"content":{"rendered":"<p>\u00dclimalt pehme ja mugav oversize kampsun, mida kaunistab lai k\u00f5rge keeratav krae. Kampsunil on vaba l\u00f5ige, mis sobib ideaalselt nii igap\u00e4evaseks kandmiseks kui ka stiilseks kihiliseks outfitiks. Klassikaline ja naiselik mudel, mis lisab igale v\u00e4limusele soojust ja elegantsi. Sobib kandmiseks nii teksade kui ka seelikuga \u2013 t\u00f5eline must-have s\u00fcgis- ja talvehooajaks.<\/p>\n<p>Koostis: 62% akr\u00fc\u00fcl, 18% poluester, 8% vill, 8% viskoos, 4% alpaka vill<\/p>","protected":false},"excerpt":{"rendered":"<p>\u00dclimalt pehme ja mugav oversize kampsun, mida kaunistab lai k\u00f5rge keeratav krae. Kampsunil on vaba l\u00f5ige, mis sobib ideaalselt nii [&hellip;]<\/p>\n","protected":false},"featured_media":24555,"template":"","meta":{"site-sidebar-layout":"default","site-content-layout":"","ast-site-content-layout":"default","site-content-style":"default","site-sidebar-style":"default","ast-global-header-display":"","ast-banner-title-visibility":"","ast-main-header-display":"","ast-hfb-above-header-display":"","ast-hfb-below-header-display":"","ast-hfb-mobile-header-display":"","site-post-title":"","ast-breadcrumbs-content":"","ast-featured-img":"","footer-sml-layout":"","ast-disable-related-posts":"","theme-transparent-header-meta":"default","adv-header-id-meta":"","stick-header-meta":"default","header-above-stick-meta":"","header-main-stick-meta":"","header-below-stick-meta":"","astra-migrate-meta-layouts":"set","ast-page-background-enabled":"default","ast-page-background-meta":{"desktop":{"background-color":"var(--ast-global-color-4)","background-image":"","background-repeat":"repeat","background-position":"center center","background-size":"auto","background-attachment":"scroll","background-type":"","background-media":"","overlay-type":"","overlay-color":"","overlay-opacity":"","overlay-gradient":""},"tablet":{"background-color":"","background-image":"","background-repeat":"repeat","background-position":"center center","background-size":"auto","background-attachment":"scroll","background-type":"","background-media":"","overlay-type":"","overlay-color":"","overlay-opacity":"","overlay-gradient":""},"mobile":{"background-color":"","background-image":"","background-repeat":"repeat","background-position":"center center","background-size":"auto","background-attachment":"scroll","background-type":"","background-media":"","overlay-type":"","overlay-color":"","overlay-opacity":"","overlay-gradient":""}},"ast-content-background-meta":{"desktop":{"background-color":"var(--ast-global-color-5)","background-image":"","background-repeat":"repeat","background-position":"center center","background-size":"auto","background-attachment":"scroll","background-type":"","background-media":"","overlay-type":"","overlay-color":"","overlay-opacity":"","overlay-gradient":""},"tablet":{"background-color":"var(--ast-global-color-5)","background-image":"","background-repeat":"repeat","background-position":"center center","background-size":"auto","background-attachment":"scroll","background-type":"","background-media":"","overlay-type":"","overlay-color":"","overlay-opacity":"","overlay-gradient":""},"mobile":{"background-color":"var(--ast-global-color-5)","background-image":"","background-repeat":"repeat","background-position":"center center","background-size":"auto","background-attachment":"scroll","background-type":"","background-media":"","overlay-type":"","overlay-color":"","overlay-opacity":"","overlay-gradient":""}}},"product_brand":[],"product_cat":[367,370,453,365,351],"product_tag":[2014,1650,2009,501,2013,2012,1944,2015,1896,1923,1891,621,1895,1128,1952,1202,1929,1930,1897,2006],"class_list":{"0":"post-24571","1":"product","2":"type-product","3":"status-publish","4":"has-post-thumbnail","6":"product_cat-allahindlus","7":"product_cat-kampsunid","8":"product_cat-soodus","9":"product_cat-uleriided","10":"product_cat-uued-tooted","11":"product_tag-basic-kudum","12":"product_tag-casual-stiil","13":"product_tag-hubane-kampsun","14":"product_tag-karini-butiik","15":"product_tag-keeratava-kraega-kampsun","16":"product_tag-korge-kraega-kampsun","17":"product_tag-kudum","18":"product_tag-lai-krae","19":"product_tag-moekas-kudum","20":"product_tag-mugav-kampsun","21":"product_tag-naiste-kampsun","22":"product_tag-naiste-mood","23":"product_tag-oversize-kampsun","24":"product_tag-pehme-kampsun","25":"product_tag-pehme-kudum","26":"product_tag-soe-kampsun","27":"product_tag-sugiskampsun","28":"product_tag-talvekampsun","29":"product_tag-trendikas-kampsun","30":"product_tag-vaba-loikega-kampsun","31":"desktop-align-center","32":"tablet-align-center","33":"mobile-align-center","34":"ast-product-gallery-layout-horizontal-slider","35":"ast-product-single-variable","36":"ast-product-tabs-layout-horizontal","38":"first","39":"instock","40":"sale","41":"taxable","42":"shipping-taxable","43":"purchasable","44":"product-type-variable"},"supplier_id":null,"supplier_sku":"","barcode":null,"atum_controlled":true,"out_stock_date":null,"out_stock_threshold":null,"inheritable":true,"inbound_stock":null,"stock_on_hold":0,"sold_today":0,"sales_last_days":0,"reserved_stock":0,"customer_returns":null,"warehouse_damage":0,"lost_in_post":null,"other_logs":0,"out_stock_days":0,"lost_sales":0,"has_location":false,"update_date":"2026-02-16T09:15:51","atum_locations":[],"atum_stock_status":"instock","restock_status":false,"low_stock_amount":"","sales_update_date":"2025-12-04T11:30:47","calc_backorders":null,"yoast_head":"<!-- This site is optimized with the Yoast SEO plugin v26.9 - https:\/\/yoast.com\/product\/yoast-seo-wordpress\/ -->\n<title>Pehme oversize kampsun laia k\u00f5rge keeratava kraega - Karini Butiik<\/title>\n<meta name=\"description\" content=\"Pehme oversize kampsun laia k\u00f5rge keeratava kraega. Mugav, stiilne ja soe valik igaks p\u00e4evaks. Lisa oma garderoobi elegantne kudum Karini Butiigist!\" \/>\n<meta name=\"robots\" content=\"index, follow, max-snippet:-1, max-image-preview:large, max-video-preview:-1\" \/>\n<link rel=\"canonical\" href=\"https:\/\/www.karinibutiik.ee\/en\/product-2\/pehme-oversize-kampsun-laia-korge-keeratava-kraega\/\" \/>\n<meta property=\"og:locale\" content=\"en_GB\" \/>\n<meta property=\"og:type\" content=\"article\" \/>\n<meta property=\"og:title\" content=\"Pehme oversize kampsun laia k\u00f5rge keeratava kraega - Karini Butiik\" \/>\n<meta property=\"og:description\" content=\"Pehme oversize kampsun laia k\u00f5rge keeratava kraega. Mugav, stiilne ja soe valik igaks p\u00e4evaks. Lisa oma garderoobi elegantne kudum Karini Butiigist!\" \/>\n<meta property=\"og:url\" content=\"https:\/\/www.karinibutiik.ee\/en\/product-2\/pehme-oversize-kampsun-laia-korge-keeratava-kraega\/\" \/>\n<meta property=\"og:site_name\" content=\"Karini Butiik\" \/>\n<meta property=\"article:publisher\" content=\"https:\/\/www.facebook.com\/karinibutiik.ee\" \/>\n<meta property=\"article:modified_time\" content=\"2026-02-16T09:15:50+00:00\" \/>\n<meta property=\"og:image\" content=\"https:\/\/www.karinibutiik.ee\/wp-content\/uploads\/2025\/10\/E69FAF72-9260-498D-9055-5F9E98843278-scaled.jpeg\" \/>\n\t<meta property=\"og:image:width\" content=\"1920\" \/>\n\t<meta property=\"og:image:height\" content=\"2560\" \/>\n\t<meta property=\"og:image:type\" content=\"image\/jpeg\" \/>\n<meta name=\"twitter:card\" content=\"summary_large_image\" \/>\n<meta name=\"twitter:label1\" content=\"Availability\" \/>\n\t<meta name=\"twitter:data1\" content=\"In stock\" \/>\n<script type=\"application\/ld+json\" class=\"yoast-schema-graph\">{\"@context\":\"https:\/\/schema.org\",\"@graph\":[{\"@type\":\"WebPage\",\"@id\":\"https:\/\/www.karinibutiik.ee\/toode\/pehme-oversize-kampsun-laia-korge-keeratava-kraega\/\",\"url\":\"https:\/\/www.karinibutiik.ee\/toode\/pehme-oversize-kampsun-laia-korge-keeratava-kraega\/\",\"name\":\"Pehme oversize kampsun laia k\u00f5rge keeratava kraega - Karini Butiik\",\"isPartOf\":{\"@id\":\"https:\/\/www.karinibutiik.ee\/#website\"},\"primaryImageOfPage\":{\"@id\":\"https:\/\/www.karinibutiik.ee\/toode\/pehme-oversize-kampsun-laia-korge-keeratava-kraega\/#primaryimage\"},\"image\":{\"@id\":\"https:\/\/www.karinibutiik.ee\/toode\/pehme-oversize-kampsun-laia-korge-keeratava-kraega\/#primaryimage\"},\"thumbnailUrl\":\"https:\/\/www.karinibutiik.ee\/wp-content\/uploads\/2025\/10\/E69FAF72-9260-498D-9055-5F9E98843278-scaled.jpeg\",\"datePublished\":\"2025-10-10T14:50:23+00:00\",\"dateModified\":\"2026-02-16T09:15:50+00:00\",\"description\":\"Pehme oversize kampsun laia k\u00f5rge keeratava kraega. Mugav, stiilne ja soe valik igaks p\u00e4evaks. Lisa oma garderoobi elegantne kudum Karini Butiigist!\",\"breadcrumb\":{\"@id\":\"https:\/\/www.karinibutiik.ee\/toode\/pehme-oversize-kampsun-laia-korge-keeratava-kraega\/#breadcrumb\"},\"inLanguage\":\"en-GB\",\"potentialAction\":[{\"@type\":\"ReadAction\",\"target\":[\"https:\/\/www.karinibutiik.ee\/toode\/pehme-oversize-kampsun-laia-korge-keeratava-kraega\/\"]}]},{\"@type\":\"ImageObject\",\"inLanguage\":\"en-GB\",\"@id\":\"https:\/\/www.karinibutiik.ee\/toode\/pehme-oversize-kampsun-laia-korge-keeratava-kraega\/#primaryimage\",\"url\":\"https:\/\/www.karinibutiik.ee\/wp-content\/uploads\/2025\/10\/E69FAF72-9260-498D-9055-5F9E98843278-scaled.jpeg\",\"contentUrl\":\"https:\/\/www.karinibutiik.ee\/wp-content\/uploads\/2025\/10\/E69FAF72-9260-498D-9055-5F9E98843278-scaled.jpeg\",\"width\":1920,\"height\":2560,\"caption\":\"Pehme oversize kampsun laia k\u00f5rge keeratava kraega\"},{\"@type\":\"BreadcrumbList\",\"@id\":\"https:\/\/www.karinibutiik.ee\/toode\/pehme-oversize-kampsun-laia-korge-keeratava-kraega\/#breadcrumb\",\"itemListElement\":[{\"@type\":\"ListItem\",\"position\":1,\"name\":\"Home\",\"item\":\"https:\/\/www.karinibutiik.ee\/\"},{\"@type\":\"ListItem\",\"position\":2,\"name\":\"Pood\",\"item\":\"https:\/\/www.karinibutiik.ee\/pood\/\"},{\"@type\":\"ListItem\",\"position\":3,\"name\":\"Pehme oversize kampsun laia k\u00f5rge keeratava kraega\"}]},{\"@type\":\"WebSite\",\"@id\":\"https:\/\/www.karinibutiik.ee\/#website\",\"url\":\"https:\/\/www.karinibutiik.ee\/\",\"name\":\"Karini Butiik\",\"description\":\"\",\"publisher\":{\"@id\":\"https:\/\/www.karinibutiik.ee\/#organization\"},\"potentialAction\":[{\"@type\":\"SearchAction\",\"target\":{\"@type\":\"EntryPoint\",\"urlTemplate\":\"https:\/\/www.karinibutiik.ee\/?s={search_term_string}\"},\"query-input\":{\"@type\":\"PropertyValueSpecification\",\"valueRequired\":true,\"valueName\":\"search_term_string\"}}],\"inLanguage\":\"en-GB\"},{\"@type\":\"Organization\",\"@id\":\"https:\/\/www.karinibutiik.ee\/#organization\",\"name\":\"Karini Butiik\",\"url\":\"https:\/\/www.karinibutiik.ee\/\",\"logo\":{\"@type\":\"ImageObject\",\"inLanguage\":\"en-GB\",\"@id\":\"https:\/\/www.karinibutiik.ee\/#\/schema\/logo\/image\/\",\"url\":\"https:\/\/www.karinibutiik.ee\/wp-content\/uploads\/2024\/10\/Kuj.-K-koopia.png\",\"contentUrl\":\"https:\/\/www.karinibutiik.ee\/wp-content\/uploads\/2024\/10\/Kuj.-K-koopia.png\",\"width\":500,\"height\":500,\"caption\":\"Karini Butiik\"},\"image\":{\"@id\":\"https:\/\/www.karinibutiik.ee\/#\/schema\/logo\/image\/\"},\"sameAs\":[\"https:\/\/www.facebook.com\/karinibutiik.ee\",\"https:\/\/www.instagram.com\/karinibutiik\"]}]}<\/script>\n<meta property=\"og:availability\" content=\"instock\" \/>\n<meta property=\"product:availability\" content=\"instock\" \/>\n<meta property=\"product:retailer_item_id\" content=\"8231\" \/>\n<meta property=\"product:condition\" content=\"new\" \/>\n<!-- \/ Yoast SEO plugin. -->","yoast_head_json":{"title":"Pehme oversize kampsun laia k\u00f5rge keeratava kraega - Karini Butiik","description":"Pehme oversize kampsun laia k\u00f5rge keeratava kraega. Mugav, stiilne ja soe valik igaks p\u00e4evaks. Lisa oma garderoobi elegantne kudum Karini Butiigist!","robots":{"index":"index","follow":"follow","max-snippet":"max-snippet:-1","max-image-preview":"max-image-preview:large","max-video-preview":"max-video-preview:-1"},"canonical":"https:\/\/www.karinibutiik.ee\/en\/product-2\/pehme-oversize-kampsun-laia-korge-keeratava-kraega\/","og_locale":"en_GB","og_type":"article","og_title":"Pehme oversize kampsun laia k\u00f5rge keeratava kraega - Karini Butiik","og_description":"Pehme oversize kampsun laia k\u00f5rge keeratava kraega. Mugav, stiilne ja soe valik igaks p\u00e4evaks. Lisa oma garderoobi elegantne kudum Karini Butiigist!","og_url":"https:\/\/www.karinibutiik.ee\/en\/product-2\/pehme-oversize-kampsun-laia-korge-keeratava-kraega\/","og_site_name":"Karini Butiik","article_publisher":"https:\/\/www.facebook.com\/karinibutiik.ee","article_modified_time":"2026-02-16T09:15:50+00:00","og_image":[{"width":1920,"height":2560,"url":"https:\/\/www.karinibutiik.ee\/wp-content\/uploads\/2025\/10\/E69FAF72-9260-498D-9055-5F9E98843278-scaled.jpeg","type":"image\/jpeg"}],"twitter_card":"summary_large_image","twitter_misc":{"Availability":"In stock"},"schema":{"@context":"https:\/\/schema.org","@graph":[{"@type":"WebPage","@id":"https:\/\/www.karinibutiik.ee\/toode\/pehme-oversize-kampsun-laia-korge-keeratava-kraega\/","url":"https:\/\/www.karinibutiik.ee\/toode\/pehme-oversize-kampsun-laia-korge-keeratava-kraega\/","name":"Pehme oversize kampsun laia k\u00f5rge keeratava kraega - Karini Butiik","isPartOf":{"@id":"https:\/\/www.karinibutiik.ee\/#website"},"primaryImageOfPage":{"@id":"https:\/\/www.karinibutiik.ee\/toode\/pehme-oversize-kampsun-laia-korge-keeratava-kraega\/#primaryimage"},"image":{"@id":"https:\/\/www.karinibutiik.ee\/toode\/pehme-oversize-kampsun-laia-korge-keeratava-kraega\/#primaryimage"},"thumbnailUrl":"https:\/\/www.karinibutiik.ee\/wp-content\/uploads\/2025\/10\/E69FAF72-9260-498D-9055-5F9E98843278-scaled.jpeg","datePublished":"2025-10-10T14:50:23+00:00","dateModified":"2026-02-16T09:15:50+00:00","description":"Pehme oversize kampsun laia k\u00f5rge keeratava kraega. Mugav, stiilne ja soe valik igaks p\u00e4evaks. Lisa oma garderoobi elegantne kudum Karini Butiigist!","breadcrumb":{"@id":"https:\/\/www.karinibutiik.ee\/toode\/pehme-oversize-kampsun-laia-korge-keeratava-kraega\/#breadcrumb"},"inLanguage":"en-GB","potentialAction":[{"@type":"ReadAction","target":["https:\/\/www.karinibutiik.ee\/toode\/pehme-oversize-kampsun-laia-korge-keeratava-kraega\/"]}]},{"@type":"ImageObject","inLanguage":"en-GB","@id":"https:\/\/www.karinibutiik.ee\/toode\/pehme-oversize-kampsun-laia-korge-keeratava-kraega\/#primaryimage","url":"https:\/\/www.karinibutiik.ee\/wp-content\/uploads\/2025\/10\/E69FAF72-9260-498D-9055-5F9E98843278-scaled.jpeg","contentUrl":"https:\/\/www.karinibutiik.ee\/wp-content\/uploads\/2025\/10\/E69FAF72-9260-498D-9055-5F9E98843278-scaled.jpeg","width":1920,"height":2560,"caption":"Pehme oversize kampsun laia k\u00f5rge keeratava kraega"},{"@type":"BreadcrumbList","@id":"https:\/\/www.karinibutiik.ee\/toode\/pehme-oversize-kampsun-laia-korge-keeratava-kraega\/#breadcrumb","itemListElement":[{"@type":"ListItem","position":1,"name":"Home","item":"https:\/\/www.karinibutiik.ee\/"},{"@type":"ListItem","position":2,"name":"Pood","item":"https:\/\/www.karinibutiik.ee\/pood\/"},{"@type":"ListItem","position":3,"name":"Pehme oversize kampsun laia k\u00f5rge keeratava kraega"}]},{"@type":"WebSite","@id":"https:\/\/www.karinibutiik.ee\/#website","url":"https:\/\/www.karinibutiik.ee\/","name":"Karini Butiik","description":"","publisher":{"@id":"https:\/\/www.karinibutiik.ee\/#organization"},"potentialAction":[{"@type":"SearchAction","target":{"@type":"EntryPoint","urlTemplate":"https:\/\/www.karinibutiik.ee\/?s={search_term_string}"},"query-input":{"@type":"PropertyValueSpecification","valueRequired":true,"valueName":"search_term_string"}}],"inLanguage":"en-GB"},{"@type":"Organization","@id":"https:\/\/www.karinibutiik.ee\/#organization","name":"Karini Butiik","url":"https:\/\/www.karinibutiik.ee\/","logo":{"@type":"ImageObject","inLanguage":"en-GB","@id":"https:\/\/www.karinibutiik.ee\/#\/schema\/logo\/image\/","url":"https:\/\/www.karinibutiik.ee\/wp-content\/uploads\/2024\/10\/Kuj.-K-koopia.png","contentUrl":"https:\/\/www.karinibutiik.ee\/wp-content\/uploads\/2024\/10\/Kuj.-K-koopia.png","width":500,"height":500,"caption":"Karini Butiik"},"image":{"@id":"https:\/\/www.karinibutiik.ee\/#\/schema\/logo\/image\/"},"sameAs":["https:\/\/www.facebook.com\/karinibutiik.ee","https:\/\/www.instagram.com\/karinibutiik"]}]},"og_availability":"instock","product_availability":"instock","product_retailer_item_id":"8231","product_condition":"new"},"_links":{"self":[{"href":"https:\/\/www.karinibutiik.ee\/en\/wp-json\/wp\/v2\/product\/24571","targetHints":{"allow":["GET"]}}],"collection":[{"href":"https:\/\/www.karinibutiik.ee\/en\/wp-json\/wp\/v2\/product"}],"about":[{"href":"https:\/\/www.karinibutiik.ee\/en\/wp-json\/wp\/v2\/types\/product"}],"version-history":[{"count":1,"href":"https:\/\/www.karinibutiik.ee\/en\/wp-json\/wp\/v2\/product\/24571\/revisions"}],"predecessor-version":[{"id":24577,"href":"https:\/\/www.karinibutiik.ee\/en\/wp-json\/wp\/v2\/product\/24571\/revisions\/24577"}],"wp:featuredmedia":[{"embeddable":true,"href":"https:\/\/www.karinibutiik.ee\/en\/wp-json\/wp\/v2\/media\/24555"}],"wp:attachment":[{"href":"https:\/\/www.karinibutiik.ee\/en\/wp-json\/wp\/v2\/media?parent=24571"}],"wp:term":[{"taxonomy":"product_brand","embeddable":true,"href":"https:\/\/www.karinibutiik.ee\/en\/wp-json\/wp\/v2\/product_brand?post=24571"},{"taxonomy":"product_cat","embeddable":true,"href":"https:\/\/www.karinibutiik.ee\/en\/wp-json\/wp\/v2\/product_cat?post=24571"},{"taxonomy":"product_tag","embeddable":true,"href":"https:\/\/www.karinibutiik.ee\/en\/wp-json\/wp\/v2\/product_tag?post=24571"}],"curies":[{"name":"wp","href":"https:\/\/api.w.org\/{rel}","templated":true}]}}