{"id":25038,"date":"2025-11-19T16:55:31","date_gmt":"2025-11-19T14:55:31","guid":{"rendered":"https:\/\/www.karinibutiik.ee\/?post_type=product&#038;p=25038"},"modified":"2026-01-20T11:13:22","modified_gmt":"2026-01-20T09:13:22","slug":"sadelev-litterpluus-laienevate-varrukatega","status":"publish","type":"product","link":"https:\/\/www.karinibutiik.ee\/en\/product-2\/sadelev-litterpluus-laienevate-varrukatega\/","title":{"rendered":"S\u00e4delev litterpluus laienevate varrukatega"},"content":{"rendered":"<p data-start=\"210\" data-end=\"494\">See efektne litterpluus on loodud neile, kes soovivad pidudel t\u00f5eliselt s\u00e4rada. Pluus on saadaval kolmes elegantses toonis \u2013 klassikaliselt must, elegantne valge ja luksuslik tumepruun. Kergelt laienevad varrukaotsad lisavad mudelile naiseliku voolavuse ning annavad pluusile trendika, modernse ilme.<\/p>\n<p data-start=\"496\" data-end=\"801\">Tagant kinnitub pluus \u00fche diskreetse n\u00f6\u00f6biga, mis muudab selgapaneku mugavaks ja j\u00e4tab seljaosale puhta, viimistletud look\u2019i. Littermaterjal p\u00fc\u00fcab valgust iga liigutusega, muutes selle pluusi ideaalseks valikuks pidulikele s\u00fcndmustele, j\u00f5ulu- ja uusaasta\u00f5htuks v\u00f5i ka glamuurseks \u00f5htuseks v\u00e4ljaminekuks.<\/p>\n<p data-start=\"803\" data-end=\"923\">Sobita seelikute v\u00f5i elegantsete p\u00fckstega \u2013 m\u00f5lemal juhul tagab pluus pilkup\u00fc\u00fcdva v\u00e4limuse. Saadaval suurused S, M ja L.<\/p>","protected":false},"excerpt":{"rendered":"<p>See efektne litterpluus on loodud neile, kes soovivad pidudel t\u00f5eliselt s\u00e4rada. Pluus on saadaval kolmes elegantses toonis \u2013 klassikaliselt must, [&hellip;]<\/p>\n","protected":false},"featured_media":24972,"template":"","meta":{"site-sidebar-layout":"default","site-content-layout":"","ast-site-content-layout":"default","site-content-style":"default","site-sidebar-style":"default","ast-global-header-display":"","ast-banner-title-visibility":"","ast-main-header-display":"","ast-hfb-above-header-display":"","ast-hfb-below-header-display":"","ast-hfb-mobile-header-display":"","site-post-title":"","ast-breadcrumbs-content":"","ast-featured-img":"","footer-sml-layout":"","ast-disable-related-posts":"","theme-transparent-header-meta":"default","adv-header-id-meta":"","stick-header-meta":"default","header-above-stick-meta":"","header-main-stick-meta":"","header-below-stick-meta":"","astra-migrate-meta-layouts":"set","ast-page-background-enabled":"default","ast-page-background-meta":{"desktop":{"background-color":"var(--ast-global-color-4)","background-image":"","background-repeat":"repeat","background-position":"center center","background-size":"auto","background-attachment":"scroll","background-type":"","background-media":"","overlay-type":"","overlay-color":"","overlay-opacity":"","overlay-gradient":""},"tablet":{"background-color":"","background-image":"","background-repeat":"repeat","background-position":"center center","background-size":"auto","background-attachment":"scroll","background-type":"","background-media":"","overlay-type":"","overlay-color":"","overlay-opacity":"","overlay-gradient":""},"mobile":{"background-color":"","background-image":"","background-repeat":"repeat","background-position":"center center","background-size":"auto","background-attachment":"scroll","background-type":"","background-media":"","overlay-type":"","overlay-color":"","overlay-opacity":"","overlay-gradient":""}},"ast-content-background-meta":{"desktop":{"background-color":"var(--ast-global-color-5)","background-image":"","background-repeat":"repeat","background-position":"center center","background-size":"auto","background-attachment":"scroll","background-type":"","background-media":"","overlay-type":"","overlay-color":"","overlay-opacity":"","overlay-gradient":""},"tablet":{"background-color":"var(--ast-global-color-5)","background-image":"","background-repeat":"repeat","background-position":"center center","background-size":"auto","background-attachment":"scroll","background-type":"","background-media":"","overlay-type":"","overlay-color":"","overlay-opacity":"","overlay-gradient":""},"mobile":{"background-color":"var(--ast-global-color-5)","background-image":"","background-repeat":"repeat","background-position":"center center","background-size":"auto","background-attachment":"scroll","background-type":"","background-media":"","overlay-type":"","overlay-color":"","overlay-opacity":"","overlay-gradient":""}}},"product_brand":[],"product_cat":[367,346,353,352,351],"product_tag":[2178,2155,2176,914,258,2173,2162,2160,2153,751,2154,2175,915,2174,2177],"class_list":{"0":"post-25038","1":"product","2":"type-product","3":"status-publish","4":"has-post-thumbnail","6":"product_cat-allahindlus","7":"product_cat-naised","8":"product_cat-pluusid","9":"product_cat-pluusid-bodid","10":"product_cat-uued-tooted","11":"product_tag-glamuurne-pluus","12":"product_tag-l","13":"product_tag-laienevate-varrukatega-pluus","14":"product_tag-litterpluus","15":"product_tag-m","16":"product_tag-must-litterpluus","17":"product_tag-naiste-pluus","18":"product_tag-ohtupluus","19":"product_tag-pidulik-mood","20":"product_tag-pidulik-pluus","21":"product_tag-s","22":"product_tag-sadelev-peopluse","23":"product_tag-sadelev-pluus","24":"product_tag-tumepruun-litterpluus","25":"product_tag-uhe-noobiga-pluus","26":"desktop-align-center","27":"tablet-align-center","28":"mobile-align-center","29":"ast-product-gallery-layout-horizontal-slider","30":"ast-product-single-variable","31":"ast-product-tabs-layout-horizontal","33":"first","34":"instock","35":"sale","36":"taxable","37":"shipping-taxable","38":"purchasable","39":"product-type-variable"},"supplier_id":null,"supplier_sku":"","barcode":null,"atum_controlled":true,"out_stock_date":null,"out_stock_threshold":null,"inheritable":true,"inbound_stock":null,"stock_on_hold":1,"sold_today":1,"sales_last_days":2,"reserved_stock":0,"customer_returns":null,"warehouse_damage":0,"lost_in_post":null,"other_logs":0,"out_stock_days":0,"lost_sales":0,"has_location":false,"update_date":"2025-12-27T10:11:54","atum_locations":[],"atum_stock_status":"instock","restock_status":false,"low_stock_amount":"","sales_update_date":"2025-12-05T00:00:31","calc_backorders":null,"yoast_head":"<!-- This site is optimized with the Yoast SEO plugin v26.9 - https:\/\/yoast.com\/product\/yoast-seo-wordpress\/ -->\n<title>S\u00e4delev litterpluus laienevate varrukatega - Karini Butiik<\/title>\n<meta name=\"description\" content=\"S\u00e4delev litterpluus laienevate varrukatega, saadaval musta, valge ja tumepruunina. Tagant \u00fche n\u00f6\u00f6biga kinnituv pidulik pluus suurustes S\u2013L.\" \/>\n<meta name=\"robots\" content=\"index, follow, max-snippet:-1, max-image-preview:large, max-video-preview:-1\" \/>\n<link rel=\"canonical\" href=\"https:\/\/www.karinibutiik.ee\/en\/product-2\/sadelev-litterpluus-laienevate-varrukatega\/\" \/>\n<meta property=\"og:locale\" content=\"en_GB\" \/>\n<meta property=\"og:type\" content=\"article\" \/>\n<meta property=\"og:title\" content=\"S\u00e4delev litterpluus laienevate varrukatega - Karini Butiik\" \/>\n<meta property=\"og:description\" content=\"S\u00e4delev litterpluus laienevate varrukatega, saadaval musta, valge ja tumepruunina. Tagant \u00fche n\u00f6\u00f6biga kinnituv pidulik pluus suurustes S\u2013L.\" \/>\n<meta property=\"og:url\" content=\"https:\/\/www.karinibutiik.ee\/en\/product-2\/sadelev-litterpluus-laienevate-varrukatega\/\" \/>\n<meta property=\"og:site_name\" content=\"Karini Butiik\" \/>\n<meta property=\"article:publisher\" content=\"https:\/\/www.facebook.com\/karinibutiik.ee\" \/>\n<meta property=\"article:modified_time\" content=\"2026-01-20T09:13:22+00:00\" \/>\n<meta property=\"og:image\" content=\"https:\/\/www.karinibutiik.ee\/wp-content\/uploads\/2025\/11\/52A6F83F-F25D-41C8-9E77-BCEA645000A6-scaled.jpeg\" \/>\n\t<meta property=\"og:image:width\" content=\"1920\" \/>\n\t<meta property=\"og:image:height\" content=\"2560\" \/>\n\t<meta property=\"og:image:type\" content=\"image\/jpeg\" \/>\n<meta name=\"twitter:card\" content=\"summary_large_image\" \/>\n<meta name=\"twitter:label1\" content=\"Availability\" \/>\n\t<meta name=\"twitter:data1\" content=\"In stock\" \/>\n<script type=\"application\/ld+json\" class=\"yoast-schema-graph\">{\"@context\":\"https:\/\/schema.org\",\"@graph\":[{\"@type\":\"WebPage\",\"@id\":\"https:\/\/www.karinibutiik.ee\/toode\/sadelev-litterpluus-laienevate-varrukatega\/\",\"url\":\"https:\/\/www.karinibutiik.ee\/toode\/sadelev-litterpluus-laienevate-varrukatega\/\",\"name\":\"S\u00e4delev litterpluus laienevate varrukatega - Karini Butiik\",\"isPartOf\":{\"@id\":\"https:\/\/www.karinibutiik.ee\/#website\"},\"primaryImageOfPage\":{\"@id\":\"https:\/\/www.karinibutiik.ee\/toode\/sadelev-litterpluus-laienevate-varrukatega\/#primaryimage\"},\"image\":{\"@id\":\"https:\/\/www.karinibutiik.ee\/toode\/sadelev-litterpluus-laienevate-varrukatega\/#primaryimage\"},\"thumbnailUrl\":\"https:\/\/www.karinibutiik.ee\/wp-content\/uploads\/2025\/11\/52A6F83F-F25D-41C8-9E77-BCEA645000A6-scaled.jpeg\",\"datePublished\":\"2025-11-19T14:55:31+00:00\",\"dateModified\":\"2026-01-20T09:13:22+00:00\",\"description\":\"S\u00e4delev litterpluus laienevate varrukatega, saadaval musta, valge ja tumepruunina. Tagant \u00fche n\u00f6\u00f6biga kinnituv pidulik pluus suurustes S\u2013L.\",\"breadcrumb\":{\"@id\":\"https:\/\/www.karinibutiik.ee\/toode\/sadelev-litterpluus-laienevate-varrukatega\/#breadcrumb\"},\"inLanguage\":\"en-GB\",\"potentialAction\":[{\"@type\":\"ReadAction\",\"target\":[\"https:\/\/www.karinibutiik.ee\/toode\/sadelev-litterpluus-laienevate-varrukatega\/\"]}]},{\"@type\":\"ImageObject\",\"inLanguage\":\"en-GB\",\"@id\":\"https:\/\/www.karinibutiik.ee\/toode\/sadelev-litterpluus-laienevate-varrukatega\/#primaryimage\",\"url\":\"https:\/\/www.karinibutiik.ee\/wp-content\/uploads\/2025\/11\/52A6F83F-F25D-41C8-9E77-BCEA645000A6-scaled.jpeg\",\"contentUrl\":\"https:\/\/www.karinibutiik.ee\/wp-content\/uploads\/2025\/11\/52A6F83F-F25D-41C8-9E77-BCEA645000A6-scaled.jpeg\",\"width\":1920,\"height\":2560,\"caption\":\"S\u00e4delev litterpluus laienevate varrukatega\"},{\"@type\":\"BreadcrumbList\",\"@id\":\"https:\/\/www.karinibutiik.ee\/toode\/sadelev-litterpluus-laienevate-varrukatega\/#breadcrumb\",\"itemListElement\":[{\"@type\":\"ListItem\",\"position\":1,\"name\":\"Home\",\"item\":\"https:\/\/www.karinibutiik.ee\/\"},{\"@type\":\"ListItem\",\"position\":2,\"name\":\"Pood\",\"item\":\"https:\/\/www.karinibutiik.ee\/pood\/\"},{\"@type\":\"ListItem\",\"position\":3,\"name\":\"S\u00e4delev litterpluus laienevate varrukatega\"}]},{\"@type\":\"WebSite\",\"@id\":\"https:\/\/www.karinibutiik.ee\/#website\",\"url\":\"https:\/\/www.karinibutiik.ee\/\",\"name\":\"Karini Butiik\",\"description\":\"\",\"publisher\":{\"@id\":\"https:\/\/www.karinibutiik.ee\/#organization\"},\"potentialAction\":[{\"@type\":\"SearchAction\",\"target\":{\"@type\":\"EntryPoint\",\"urlTemplate\":\"https:\/\/www.karinibutiik.ee\/?s={search_term_string}\"},\"query-input\":{\"@type\":\"PropertyValueSpecification\",\"valueRequired\":true,\"valueName\":\"search_term_string\"}}],\"inLanguage\":\"en-GB\"},{\"@type\":\"Organization\",\"@id\":\"https:\/\/www.karinibutiik.ee\/#organization\",\"name\":\"Karini Butiik\",\"url\":\"https:\/\/www.karinibutiik.ee\/\",\"logo\":{\"@type\":\"ImageObject\",\"inLanguage\":\"en-GB\",\"@id\":\"https:\/\/www.karinibutiik.ee\/#\/schema\/logo\/image\/\",\"url\":\"https:\/\/www.karinibutiik.ee\/wp-content\/uploads\/2024\/10\/Kuj.-K-koopia.png\",\"contentUrl\":\"https:\/\/www.karinibutiik.ee\/wp-content\/uploads\/2024\/10\/Kuj.-K-koopia.png\",\"width\":500,\"height\":500,\"caption\":\"Karini Butiik\"},\"image\":{\"@id\":\"https:\/\/www.karinibutiik.ee\/#\/schema\/logo\/image\/\"},\"sameAs\":[\"https:\/\/www.facebook.com\/karinibutiik.ee\",\"https:\/\/www.instagram.com\/karinibutiik\"]}]}<\/script>\n<meta property=\"og:availability\" content=\"instock\" \/>\n<meta property=\"product:availability\" content=\"instock\" \/>\n<meta property=\"product:retailer_item_id\" content=\"7600\" \/>\n<meta property=\"product:condition\" content=\"new\" \/>\n<!-- \/ Yoast SEO plugin. -->","yoast_head_json":{"title":"S\u00e4delev litterpluus laienevate varrukatega - Karini Butiik","description":"S\u00e4delev litterpluus laienevate varrukatega, saadaval musta, valge ja tumepruunina. Tagant \u00fche n\u00f6\u00f6biga kinnituv pidulik pluus suurustes S\u2013L.","robots":{"index":"index","follow":"follow","max-snippet":"max-snippet:-1","max-image-preview":"max-image-preview:large","max-video-preview":"max-video-preview:-1"},"canonical":"https:\/\/www.karinibutiik.ee\/en\/product-2\/sadelev-litterpluus-laienevate-varrukatega\/","og_locale":"en_GB","og_type":"article","og_title":"S\u00e4delev litterpluus laienevate varrukatega - Karini Butiik","og_description":"S\u00e4delev litterpluus laienevate varrukatega, saadaval musta, valge ja tumepruunina. Tagant \u00fche n\u00f6\u00f6biga kinnituv pidulik pluus suurustes S\u2013L.","og_url":"https:\/\/www.karinibutiik.ee\/en\/product-2\/sadelev-litterpluus-laienevate-varrukatega\/","og_site_name":"Karini Butiik","article_publisher":"https:\/\/www.facebook.com\/karinibutiik.ee","article_modified_time":"2026-01-20T09:13:22+00:00","og_image":[{"width":1920,"height":2560,"url":"https:\/\/www.karinibutiik.ee\/wp-content\/uploads\/2025\/11\/52A6F83F-F25D-41C8-9E77-BCEA645000A6-scaled.jpeg","type":"image\/jpeg"}],"twitter_card":"summary_large_image","twitter_misc":{"Availability":"In stock"},"schema":{"@context":"https:\/\/schema.org","@graph":[{"@type":"WebPage","@id":"https:\/\/www.karinibutiik.ee\/toode\/sadelev-litterpluus-laienevate-varrukatega\/","url":"https:\/\/www.karinibutiik.ee\/toode\/sadelev-litterpluus-laienevate-varrukatega\/","name":"S\u00e4delev litterpluus laienevate varrukatega - Karini Butiik","isPartOf":{"@id":"https:\/\/www.karinibutiik.ee\/#website"},"primaryImageOfPage":{"@id":"https:\/\/www.karinibutiik.ee\/toode\/sadelev-litterpluus-laienevate-varrukatega\/#primaryimage"},"image":{"@id":"https:\/\/www.karinibutiik.ee\/toode\/sadelev-litterpluus-laienevate-varrukatega\/#primaryimage"},"thumbnailUrl":"https:\/\/www.karinibutiik.ee\/wp-content\/uploads\/2025\/11\/52A6F83F-F25D-41C8-9E77-BCEA645000A6-scaled.jpeg","datePublished":"2025-11-19T14:55:31+00:00","dateModified":"2026-01-20T09:13:22+00:00","description":"S\u00e4delev litterpluus laienevate varrukatega, saadaval musta, valge ja tumepruunina. Tagant \u00fche n\u00f6\u00f6biga kinnituv pidulik pluus suurustes S\u2013L.","breadcrumb":{"@id":"https:\/\/www.karinibutiik.ee\/toode\/sadelev-litterpluus-laienevate-varrukatega\/#breadcrumb"},"inLanguage":"en-GB","potentialAction":[{"@type":"ReadAction","target":["https:\/\/www.karinibutiik.ee\/toode\/sadelev-litterpluus-laienevate-varrukatega\/"]}]},{"@type":"ImageObject","inLanguage":"en-GB","@id":"https:\/\/www.karinibutiik.ee\/toode\/sadelev-litterpluus-laienevate-varrukatega\/#primaryimage","url":"https:\/\/www.karinibutiik.ee\/wp-content\/uploads\/2025\/11\/52A6F83F-F25D-41C8-9E77-BCEA645000A6-scaled.jpeg","contentUrl":"https:\/\/www.karinibutiik.ee\/wp-content\/uploads\/2025\/11\/52A6F83F-F25D-41C8-9E77-BCEA645000A6-scaled.jpeg","width":1920,"height":2560,"caption":"S\u00e4delev litterpluus laienevate varrukatega"},{"@type":"BreadcrumbList","@id":"https:\/\/www.karinibutiik.ee\/toode\/sadelev-litterpluus-laienevate-varrukatega\/#breadcrumb","itemListElement":[{"@type":"ListItem","position":1,"name":"Home","item":"https:\/\/www.karinibutiik.ee\/"},{"@type":"ListItem","position":2,"name":"Pood","item":"https:\/\/www.karinibutiik.ee\/pood\/"},{"@type":"ListItem","position":3,"name":"S\u00e4delev litterpluus laienevate varrukatega"}]},{"@type":"WebSite","@id":"https:\/\/www.karinibutiik.ee\/#website","url":"https:\/\/www.karinibutiik.ee\/","name":"Karini Butiik","description":"","publisher":{"@id":"https:\/\/www.karinibutiik.ee\/#organization"},"potentialAction":[{"@type":"SearchAction","target":{"@type":"EntryPoint","urlTemplate":"https:\/\/www.karinibutiik.ee\/?s={search_term_string}"},"query-input":{"@type":"PropertyValueSpecification","valueRequired":true,"valueName":"search_term_string"}}],"inLanguage":"en-GB"},{"@type":"Organization","@id":"https:\/\/www.karinibutiik.ee\/#organization","name":"Karini Butiik","url":"https:\/\/www.karinibutiik.ee\/","logo":{"@type":"ImageObject","inLanguage":"en-GB","@id":"https:\/\/www.karinibutiik.ee\/#\/schema\/logo\/image\/","url":"https:\/\/www.karinibutiik.ee\/wp-content\/uploads\/2024\/10\/Kuj.-K-koopia.png","contentUrl":"https:\/\/www.karinibutiik.ee\/wp-content\/uploads\/2024\/10\/Kuj.-K-koopia.png","width":500,"height":500,"caption":"Karini Butiik"},"image":{"@id":"https:\/\/www.karinibutiik.ee\/#\/schema\/logo\/image\/"},"sameAs":["https:\/\/www.facebook.com\/karinibutiik.ee","https:\/\/www.instagram.com\/karinibutiik"]}]},"og_availability":"instock","product_availability":"instock","product_retailer_item_id":"7600","product_condition":"new"},"_links":{"self":[{"href":"https:\/\/www.karinibutiik.ee\/en\/wp-json\/wp\/v2\/product\/25038","targetHints":{"allow":["GET"]}}],"collection":[{"href":"https:\/\/www.karinibutiik.ee\/en\/wp-json\/wp\/v2\/product"}],"about":[{"href":"https:\/\/www.karinibutiik.ee\/en\/wp-json\/wp\/v2\/types\/product"}],"version-history":[{"count":1,"href":"https:\/\/www.karinibutiik.ee\/en\/wp-json\/wp\/v2\/product\/25038\/revisions"}],"predecessor-version":[{"id":25049,"href":"https:\/\/www.karinibutiik.ee\/en\/wp-json\/wp\/v2\/product\/25038\/revisions\/25049"}],"wp:featuredmedia":[{"embeddable":true,"href":"https:\/\/www.karinibutiik.ee\/en\/wp-json\/wp\/v2\/media\/24972"}],"wp:attachment":[{"href":"https:\/\/www.karinibutiik.ee\/en\/wp-json\/wp\/v2\/media?parent=25038"}],"wp:term":[{"taxonomy":"product_brand","embeddable":true,"href":"https:\/\/www.karinibutiik.ee\/en\/wp-json\/wp\/v2\/product_brand?post=25038"},{"taxonomy":"product_cat","embeddable":true,"href":"https:\/\/www.karinibutiik.ee\/en\/wp-json\/wp\/v2\/product_cat?post=25038"},{"taxonomy":"product_tag","embeddable":true,"href":"https:\/\/www.karinibutiik.ee\/en\/wp-json\/wp\/v2\/product_tag?post=25038"}],"curies":[{"name":"wp","href":"https:\/\/api.w.org\/{rel}","templated":true}]}}