{"id":25075,"date":"2025-11-20T12:26:07","date_gmt":"2025-11-20T10:26:07","guid":{"rendered":"https:\/\/www.karinibutiik.ee\/?post_type=product&#038;p=25075"},"modified":"2026-03-30T17:26:01","modified_gmt":"2026-03-30T14:26:01","slug":"glamuurne-maksikleit-litritega","status":"publish","type":"product","link":"https:\/\/www.karinibutiik.ee\/en\/product-2\/glamuurne-maksikleit-litritega\/","title":{"rendered":"Glamuurne maksikleit litritega"},"content":{"rendered":"<p data-start=\"228\" data-end=\"520\">See luksuslik litrite ja s\u00e4delusega maksikleit on t\u00f5eline pilgup\u00fc\u00fcdja, mis tagab glamuurse ja elegantse v\u00e4limuse igal pidulikul s\u00fcndmusel. Kleit on saadaval kolmes kaunis v\u00e4rvitoonis \u2013 klassikaline must, s\u00fcgav kuninglik sinine ja rikkalik tumepruun \u2013, et leiaksid just endale sobiva varjundi.<\/p>\n<p data-start=\"522\" data-end=\"851\">Kehasse l\u00f5ige r\u00f5hutab kaunilt sinu figuuri, samal ajal kui kergelt veniv kangas pakub mugavust ning liikumisvabadust. Kitsad \u00f5lapaelad ja efektne s\u00fcgav V-kaelus koos l\u00e4bipaistva detailiga lisavad kleidile elegantset seksikust. Litrite mustriline paigutus visuaalselt pikendab ja vormib figuuri, tagades erakordselt kauni silueti.<\/p>\n<p data-start=\"853\" data-end=\"986\">Ideaalne valik ballidele, gala\u00f5htutele, pidudele ja k\u00f5ikidele s\u00fcndmustele, kus soovid t\u00f5eliselt s\u00e4rada. Saadaval suurustes S, M ja L.<\/p>","protected":false},"excerpt":{"rendered":"<p>See luksuslik litrite ja s\u00e4delusega maksikleit on t\u00f5eline pilgup\u00fc\u00fcdja, mis tagab glamuurse ja elegantse v\u00e4limuse igal pidulikul s\u00fcndmusel. Kleit on [&hellip;]<\/p>\n","protected":false},"featured_media":25068,"template":"","meta":{"site-sidebar-layout":"default","site-content-layout":"","ast-site-content-layout":"default","site-content-style":"default","site-sidebar-style":"default","ast-global-header-display":"","ast-banner-title-visibility":"","ast-main-header-display":"","ast-hfb-above-header-display":"","ast-hfb-below-header-display":"","ast-hfb-mobile-header-display":"","site-post-title":"","ast-breadcrumbs-content":"","ast-featured-img":"","footer-sml-layout":"","ast-disable-related-posts":"","theme-transparent-header-meta":"default","adv-header-id-meta":"","stick-header-meta":"default","header-above-stick-meta":"","header-main-stick-meta":"","header-below-stick-meta":"","astra-migrate-meta-layouts":"set","ast-page-background-enabled":"default","ast-page-background-meta":{"desktop":{"background-color":"var(--ast-global-color-4)","background-image":"","background-repeat":"repeat","background-position":"center center","background-size":"auto","background-attachment":"scroll","background-type":"","background-media":"","overlay-type":"","overlay-color":"","overlay-opacity":"","overlay-gradient":""},"tablet":{"background-color":"","background-image":"","background-repeat":"repeat","background-position":"center center","background-size":"auto","background-attachment":"scroll","background-type":"","background-media":"","overlay-type":"","overlay-color":"","overlay-opacity":"","overlay-gradient":""},"mobile":{"background-color":"","background-image":"","background-repeat":"repeat","background-position":"center center","background-size":"auto","background-attachment":"scroll","background-type":"","background-media":"","overlay-type":"","overlay-color":"","overlay-opacity":"","overlay-gradient":""}},"ast-content-background-meta":{"desktop":{"background-color":"var(--ast-global-color-5)","background-image":"","background-repeat":"repeat","background-position":"center center","background-size":"auto","background-attachment":"scroll","background-type":"","background-media":"","overlay-type":"","overlay-color":"","overlay-opacity":"","overlay-gradient":""},"tablet":{"background-color":"var(--ast-global-color-5)","background-image":"","background-repeat":"repeat","background-position":"center center","background-size":"auto","background-attachment":"scroll","background-type":"","background-media":"","overlay-type":"","overlay-color":"","overlay-opacity":"","overlay-gradient":""},"mobile":{"background-color":"var(--ast-global-color-5)","background-image":"","background-repeat":"repeat","background-position":"center center","background-size":"auto","background-attachment":"scroll","background-type":"","background-media":"","overlay-type":"","overlay-color":"","overlay-opacity":"","overlay-gradient":""}}},"product_brand":[],"product_cat":[452,377,348,357,346,351],"product_tag":[488,2097,2183,2091,2179,1148,1593,1094,738,2181,2180,1213,2182,2184],"class_list":{"0":"post-25075","1":"product","2":"type-product","3":"status-publish","4":"has-post-thumbnail","6":"product_cat-bestseller","7":"product_cat-litter-ja-glitterkleidid","8":"product_cat-lopukleidid","9":"product_cat-maksikleidid","10":"product_cat-naised","11":"product_cat-uued-tooted","12":"product_tag-ballikleit","13":"product_tag-glamuurne-kleit","14":"product_tag-kehasse-loige","15":"product_tag-litritega-kleit","16":"product_tag-littermaksikleit","17":"product_tag-must-maksikleit","18":"product_tag-naiste-kleit","19":"product_tag-ohtukleit","20":"product_tag-pidulik-kleit","21":"product_tag-pikk-ohtukleit","22":"product_tag-sadelev-maksikleit","23":"product_tag-sinine-maksikleit","24":"product_tag-tumepruun-maksikleit","25":"product_tag-veniv-kangas","26":"desktop-align-center","27":"tablet-align-center","28":"mobile-align-center","29":"ast-product-gallery-layout-horizontal-slider","30":"ast-product-single-variable","31":"ast-product-tabs-layout-horizontal","33":"first","34":"outofstock","35":"taxable","36":"shipping-taxable","37":"product-type-variable"},"supplier_id":null,"supplier_sku":"","barcode":null,"atum_controlled":true,"out_stock_date":null,"out_stock_threshold":null,"inheritable":true,"inbound_stock":null,"stock_on_hold":0,"sold_today":0,"sales_last_days":1,"reserved_stock":0,"customer_returns":null,"warehouse_damage":0,"lost_in_post":null,"other_logs":0,"out_stock_days":0,"lost_sales":0,"has_location":false,"update_date":"2025-12-02T01:40:20","atum_locations":[],"atum_stock_status":"instock","restock_status":false,"low_stock_amount":"","sales_update_date":"2025-12-02T01:40:20","calc_backorders":null,"yoast_head":"<!-- This site is optimized with the Yoast SEO plugin v26.9 - https:\/\/yoast.com\/product\/yoast-seo-wordpress\/ -->\n<title>Glamuurne maksikleit litritega - Karini Butiik<\/title>\n<meta name=\"description\" content=\"Kehasse l\u00f5ikega s\u00e4delev littermaksikleit mustas, sinises ja tumepruunis toonis. Kergelt veniv kangas ja elegantne disain. Glamuurne valik!\" \/>\n<meta name=\"robots\" content=\"index, follow, max-snippet:-1, max-image-preview:large, max-video-preview:-1\" \/>\n<link rel=\"canonical\" href=\"https:\/\/www.karinibutiik.ee\/en\/product-2\/glamuurne-maksikleit-litritega\/\" \/>\n<meta property=\"og:locale\" content=\"en_GB\" \/>\n<meta property=\"og:type\" content=\"article\" \/>\n<meta property=\"og:title\" content=\"Glamuurne maksikleit litritega - Karini Butiik\" \/>\n<meta property=\"og:description\" content=\"Kehasse l\u00f5ikega s\u00e4delev littermaksikleit mustas, sinises ja tumepruunis toonis. Kergelt veniv kangas ja elegantne disain. Glamuurne valik!\" \/>\n<meta property=\"og:url\" content=\"https:\/\/www.karinibutiik.ee\/en\/product-2\/glamuurne-maksikleit-litritega\/\" \/>\n<meta property=\"og:site_name\" content=\"Karini Butiik\" \/>\n<meta property=\"article:publisher\" content=\"https:\/\/www.facebook.com\/karinibutiik.ee\" \/>\n<meta property=\"article:modified_time\" content=\"2026-03-30T14:26:01+00:00\" \/>\n<meta property=\"og:image\" content=\"https:\/\/www.karinibutiik.ee\/wp-content\/uploads\/2025\/11\/C1F4BBF4-039D-4B89-A04A-1782FFC68128-scaled-e1763633416377.jpeg\" \/>\n\t<meta property=\"og:image:width\" content=\"1604\" \/>\n\t<meta property=\"og:image:height\" content=\"2415\" \/>\n\t<meta property=\"og:image:type\" content=\"image\/jpeg\" \/>\n<meta name=\"twitter:card\" content=\"summary_large_image\" \/>\n<meta name=\"twitter:label1\" content=\"Availability\" \/>\n\t<meta name=\"twitter:data1\" content=\"Out of stock\" \/>\n<script type=\"application\/ld+json\" class=\"yoast-schema-graph\">{\"@context\":\"https:\/\/schema.org\",\"@graph\":[{\"@type\":\"WebPage\",\"@id\":\"https:\/\/www.karinibutiik.ee\/toode\/glamuurne-maksikleit-litritega\/\",\"url\":\"https:\/\/www.karinibutiik.ee\/toode\/glamuurne-maksikleit-litritega\/\",\"name\":\"Glamuurne maksikleit litritega - Karini Butiik\",\"isPartOf\":{\"@id\":\"https:\/\/www.karinibutiik.ee\/#website\"},\"primaryImageOfPage\":{\"@id\":\"https:\/\/www.karinibutiik.ee\/toode\/glamuurne-maksikleit-litritega\/#primaryimage\"},\"image\":{\"@id\":\"https:\/\/www.karinibutiik.ee\/toode\/glamuurne-maksikleit-litritega\/#primaryimage\"},\"thumbnailUrl\":\"https:\/\/www.karinibutiik.ee\/wp-content\/uploads\/2025\/11\/C1F4BBF4-039D-4B89-A04A-1782FFC68128-scaled-e1763633416377.jpeg\",\"datePublished\":\"2025-11-20T10:26:07+00:00\",\"dateModified\":\"2026-03-30T14:26:01+00:00\",\"description\":\"Kehasse l\u00f5ikega s\u00e4delev littermaksikleit mustas, sinises ja tumepruunis toonis. Kergelt veniv kangas ja elegantne disain. Glamuurne valik!\",\"breadcrumb\":{\"@id\":\"https:\/\/www.karinibutiik.ee\/toode\/glamuurne-maksikleit-litritega\/#breadcrumb\"},\"inLanguage\":\"en-GB\",\"potentialAction\":[{\"@type\":\"ReadAction\",\"target\":[\"https:\/\/www.karinibutiik.ee\/toode\/glamuurne-maksikleit-litritega\/\"]}]},{\"@type\":\"ImageObject\",\"inLanguage\":\"en-GB\",\"@id\":\"https:\/\/www.karinibutiik.ee\/toode\/glamuurne-maksikleit-litritega\/#primaryimage\",\"url\":\"https:\/\/www.karinibutiik.ee\/wp-content\/uploads\/2025\/11\/C1F4BBF4-039D-4B89-A04A-1782FFC68128-scaled-e1763633416377.jpeg\",\"contentUrl\":\"https:\/\/www.karinibutiik.ee\/wp-content\/uploads\/2025\/11\/C1F4BBF4-039D-4B89-A04A-1782FFC68128-scaled-e1763633416377.jpeg\",\"width\":1604,\"height\":2415,\"caption\":\"Elegantne litritega \u00f5htukleit\"},{\"@type\":\"BreadcrumbList\",\"@id\":\"https:\/\/www.karinibutiik.ee\/toode\/glamuurne-maksikleit-litritega\/#breadcrumb\",\"itemListElement\":[{\"@type\":\"ListItem\",\"position\":1,\"name\":\"Home\",\"item\":\"https:\/\/www.karinibutiik.ee\/\"},{\"@type\":\"ListItem\",\"position\":2,\"name\":\"Pood\",\"item\":\"https:\/\/www.karinibutiik.ee\/pood\/\"},{\"@type\":\"ListItem\",\"position\":3,\"name\":\"Glamuurne maksikleit litritega\"}]},{\"@type\":\"WebSite\",\"@id\":\"https:\/\/www.karinibutiik.ee\/#website\",\"url\":\"https:\/\/www.karinibutiik.ee\/\",\"name\":\"Karini Butiik\",\"description\":\"\",\"publisher\":{\"@id\":\"https:\/\/www.karinibutiik.ee\/#organization\"},\"potentialAction\":[{\"@type\":\"SearchAction\",\"target\":{\"@type\":\"EntryPoint\",\"urlTemplate\":\"https:\/\/www.karinibutiik.ee\/?s={search_term_string}\"},\"query-input\":{\"@type\":\"PropertyValueSpecification\",\"valueRequired\":true,\"valueName\":\"search_term_string\"}}],\"inLanguage\":\"en-GB\"},{\"@type\":\"Organization\",\"@id\":\"https:\/\/www.karinibutiik.ee\/#organization\",\"name\":\"Karini Butiik\",\"url\":\"https:\/\/www.karinibutiik.ee\/\",\"logo\":{\"@type\":\"ImageObject\",\"inLanguage\":\"en-GB\",\"@id\":\"https:\/\/www.karinibutiik.ee\/#\/schema\/logo\/image\/\",\"url\":\"https:\/\/www.karinibutiik.ee\/wp-content\/uploads\/2024\/10\/Kuj.-K-koopia.png\",\"contentUrl\":\"https:\/\/www.karinibutiik.ee\/wp-content\/uploads\/2024\/10\/Kuj.-K-koopia.png\",\"width\":500,\"height\":500,\"caption\":\"Karini Butiik\"},\"image\":{\"@id\":\"https:\/\/www.karinibutiik.ee\/#\/schema\/logo\/image\/\"},\"sameAs\":[\"https:\/\/www.facebook.com\/karinibutiik.ee\",\"https:\/\/www.instagram.com\/karinibutiik\"]}]}<\/script>\n<meta property=\"og:availability\" content=\"out of stock\" \/>\n<meta property=\"product:availability\" content=\"out of stock\" \/>\n<meta property=\"product:retailer_item_id\" content=\"18590\" \/>\n<meta property=\"product:condition\" content=\"new\" \/>\n<!-- \/ Yoast SEO plugin. -->","yoast_head_json":{"title":"Glamuurne maksikleit litritega - Karini Butiik","description":"Kehasse l\u00f5ikega s\u00e4delev littermaksikleit mustas, sinises ja tumepruunis toonis. Kergelt veniv kangas ja elegantne disain. Glamuurne valik!","robots":{"index":"index","follow":"follow","max-snippet":"max-snippet:-1","max-image-preview":"max-image-preview:large","max-video-preview":"max-video-preview:-1"},"canonical":"https:\/\/www.karinibutiik.ee\/en\/product-2\/glamuurne-maksikleit-litritega\/","og_locale":"en_GB","og_type":"article","og_title":"Glamuurne maksikleit litritega - Karini Butiik","og_description":"Kehasse l\u00f5ikega s\u00e4delev littermaksikleit mustas, sinises ja tumepruunis toonis. Kergelt veniv kangas ja elegantne disain. Glamuurne valik!","og_url":"https:\/\/www.karinibutiik.ee\/en\/product-2\/glamuurne-maksikleit-litritega\/","og_site_name":"Karini Butiik","article_publisher":"https:\/\/www.facebook.com\/karinibutiik.ee","article_modified_time":"2026-03-30T14:26:01+00:00","og_image":[{"width":1604,"height":2415,"url":"https:\/\/www.karinibutiik.ee\/wp-content\/uploads\/2025\/11\/C1F4BBF4-039D-4B89-A04A-1782FFC68128-scaled-e1763633416377.jpeg","type":"image\/jpeg"}],"twitter_card":"summary_large_image","twitter_misc":{"Availability":"Out of stock"},"schema":{"@context":"https:\/\/schema.org","@graph":[{"@type":"WebPage","@id":"https:\/\/www.karinibutiik.ee\/toode\/glamuurne-maksikleit-litritega\/","url":"https:\/\/www.karinibutiik.ee\/toode\/glamuurne-maksikleit-litritega\/","name":"Glamuurne maksikleit litritega - Karini Butiik","isPartOf":{"@id":"https:\/\/www.karinibutiik.ee\/#website"},"primaryImageOfPage":{"@id":"https:\/\/www.karinibutiik.ee\/toode\/glamuurne-maksikleit-litritega\/#primaryimage"},"image":{"@id":"https:\/\/www.karinibutiik.ee\/toode\/glamuurne-maksikleit-litritega\/#primaryimage"},"thumbnailUrl":"https:\/\/www.karinibutiik.ee\/wp-content\/uploads\/2025\/11\/C1F4BBF4-039D-4B89-A04A-1782FFC68128-scaled-e1763633416377.jpeg","datePublished":"2025-11-20T10:26:07+00:00","dateModified":"2026-03-30T14:26:01+00:00","description":"Kehasse l\u00f5ikega s\u00e4delev littermaksikleit mustas, sinises ja tumepruunis toonis. Kergelt veniv kangas ja elegantne disain. Glamuurne valik!","breadcrumb":{"@id":"https:\/\/www.karinibutiik.ee\/toode\/glamuurne-maksikleit-litritega\/#breadcrumb"},"inLanguage":"en-GB","potentialAction":[{"@type":"ReadAction","target":["https:\/\/www.karinibutiik.ee\/toode\/glamuurne-maksikleit-litritega\/"]}]},{"@type":"ImageObject","inLanguage":"en-GB","@id":"https:\/\/www.karinibutiik.ee\/toode\/glamuurne-maksikleit-litritega\/#primaryimage","url":"https:\/\/www.karinibutiik.ee\/wp-content\/uploads\/2025\/11\/C1F4BBF4-039D-4B89-A04A-1782FFC68128-scaled-e1763633416377.jpeg","contentUrl":"https:\/\/www.karinibutiik.ee\/wp-content\/uploads\/2025\/11\/C1F4BBF4-039D-4B89-A04A-1782FFC68128-scaled-e1763633416377.jpeg","width":1604,"height":2415,"caption":"Elegantne litritega \u00f5htukleit"},{"@type":"BreadcrumbList","@id":"https:\/\/www.karinibutiik.ee\/toode\/glamuurne-maksikleit-litritega\/#breadcrumb","itemListElement":[{"@type":"ListItem","position":1,"name":"Home","item":"https:\/\/www.karinibutiik.ee\/"},{"@type":"ListItem","position":2,"name":"Pood","item":"https:\/\/www.karinibutiik.ee\/pood\/"},{"@type":"ListItem","position":3,"name":"Glamuurne maksikleit litritega"}]},{"@type":"WebSite","@id":"https:\/\/www.karinibutiik.ee\/#website","url":"https:\/\/www.karinibutiik.ee\/","name":"Karini Butiik","description":"","publisher":{"@id":"https:\/\/www.karinibutiik.ee\/#organization"},"potentialAction":[{"@type":"SearchAction","target":{"@type":"EntryPoint","urlTemplate":"https:\/\/www.karinibutiik.ee\/?s={search_term_string}"},"query-input":{"@type":"PropertyValueSpecification","valueRequired":true,"valueName":"search_term_string"}}],"inLanguage":"en-GB"},{"@type":"Organization","@id":"https:\/\/www.karinibutiik.ee\/#organization","name":"Karini Butiik","url":"https:\/\/www.karinibutiik.ee\/","logo":{"@type":"ImageObject","inLanguage":"en-GB","@id":"https:\/\/www.karinibutiik.ee\/#\/schema\/logo\/image\/","url":"https:\/\/www.karinibutiik.ee\/wp-content\/uploads\/2024\/10\/Kuj.-K-koopia.png","contentUrl":"https:\/\/www.karinibutiik.ee\/wp-content\/uploads\/2024\/10\/Kuj.-K-koopia.png","width":500,"height":500,"caption":"Karini Butiik"},"image":{"@id":"https:\/\/www.karinibutiik.ee\/#\/schema\/logo\/image\/"},"sameAs":["https:\/\/www.facebook.com\/karinibutiik.ee","https:\/\/www.instagram.com\/karinibutiik"]}]},"og_availability":"out of stock","product_availability":"out of stock","product_retailer_item_id":"18590","product_condition":"new"},"_links":{"self":[{"href":"https:\/\/www.karinibutiik.ee\/en\/wp-json\/wp\/v2\/product\/25075","targetHints":{"allow":["GET"]}}],"collection":[{"href":"https:\/\/www.karinibutiik.ee\/en\/wp-json\/wp\/v2\/product"}],"about":[{"href":"https:\/\/www.karinibutiik.ee\/en\/wp-json\/wp\/v2\/types\/product"}],"version-history":[{"count":1,"href":"https:\/\/www.karinibutiik.ee\/en\/wp-json\/wp\/v2\/product\/25075\/revisions"}],"predecessor-version":[{"id":25089,"href":"https:\/\/www.karinibutiik.ee\/en\/wp-json\/wp\/v2\/product\/25075\/revisions\/25089"}],"wp:featuredmedia":[{"embeddable":true,"href":"https:\/\/www.karinibutiik.ee\/en\/wp-json\/wp\/v2\/media\/25068"}],"wp:attachment":[{"href":"https:\/\/www.karinibutiik.ee\/en\/wp-json\/wp\/v2\/media?parent=25075"}],"wp:term":[{"taxonomy":"product_brand","embeddable":true,"href":"https:\/\/www.karinibutiik.ee\/en\/wp-json\/wp\/v2\/product_brand?post=25075"},{"taxonomy":"product_cat","embeddable":true,"href":"https:\/\/www.karinibutiik.ee\/en\/wp-json\/wp\/v2\/product_cat?post=25075"},{"taxonomy":"product_tag","embeddable":true,"href":"https:\/\/www.karinibutiik.ee\/en\/wp-json\/wp\/v2\/product_tag?post=25075"}],"curies":[{"name":"wp","href":"https:\/\/api.w.org\/{rel}","templated":true}]}}