{"id":25090,"date":"2025-11-20T12:39:03","date_gmt":"2025-11-20T10:39:03","guid":{"rendered":"https:\/\/www.karinibutiik.ee\/?post_type=product&#038;p=25090"},"modified":"2026-03-06T14:35:03","modified_gmt":"2026-03-06T12:35:03","slug":"nahkimitatsiooniga-push-up-stretch-puksid","status":"publish","type":"product","link":"https:\/\/www.karinibutiik.ee\/en\/product-2\/nahkimitatsiooniga-push-up-stretch-puksid\/","title":{"rendered":"Nahkimitatsiooniga push-up stretch p\u00fcksid"},"content":{"rendered":"<p data-start=\"228\" data-end=\"505\">Need nahkimitatsiooniga stretch p\u00fcksid on t\u00f5eline must-have k\u00f5igile, kes armastavad mugavust ja trendikat v\u00e4limust \u00fcheskoos. Kergelt l\u00e4ikiv kunstnahast viimistlus loob modernse ja stiilse look\u2019i, samas kui push-up l\u00f5ige vormib kaunilt figuuri ja t\u00f5stab esile naiselikud kurvid.<\/p>\n<p data-start=\"507\" data-end=\"794\">P\u00fcksid on valmistatud venivast materjalist, mis tagab suurep\u00e4rase liikuvuse ja mugavuse terve p\u00e4eva v\u00e4ltel. Klassikaline viis taskut ja k\u00f5rge venivus teevad neist ideaalsed nii argip\u00e4evaks kui ka \u00f5htusteks v\u00e4ljaminekuteks. Saadaval kahes populaarses toonis \u2013 elegantne must ja soe pruun.<\/p>\n<p data-start=\"796\" data-end=\"939\">See on \u00fcks Karini Butiigi k\u00f5ige n\u00f5utumaid tooteid ning sobib ideaalselt nii oversized kampsunite, toppide kui ka bleiseritega. Suurused: XS\u2013XL.<\/p>","protected":false},"excerpt":{"rendered":"<p>Need nahkimitatsiooniga stretch p\u00fcksid on t\u00f5eline must-have k\u00f5igile, kes armastavad mugavust ja trendikat v\u00e4limust \u00fcheskoos. Kergelt l\u00e4ikiv kunstnahast viimistlus loob [&hellip;]<\/p>\n","protected":false},"featured_media":25063,"template":"","meta":{"site-sidebar-layout":"default","site-content-layout":"","ast-site-content-layout":"default","site-content-style":"default","site-sidebar-style":"default","ast-global-header-display":"","ast-banner-title-visibility":"","ast-main-header-display":"","ast-hfb-above-header-display":"","ast-hfb-below-header-display":"","ast-hfb-mobile-header-display":"","site-post-title":"","ast-breadcrumbs-content":"","ast-featured-img":"","footer-sml-layout":"","ast-disable-related-posts":"","theme-transparent-header-meta":"default","adv-header-id-meta":"","stick-header-meta":"default","header-above-stick-meta":"","header-main-stick-meta":"","header-below-stick-meta":"","astra-migrate-meta-layouts":"set","ast-page-background-enabled":"default","ast-page-background-meta":{"desktop":{"background-color":"var(--ast-global-color-4)","background-image":"","background-repeat":"repeat","background-position":"center center","background-size":"auto","background-attachment":"scroll","background-type":"","background-media":"","overlay-type":"","overlay-color":"","overlay-opacity":"","overlay-gradient":""},"tablet":{"background-color":"","background-image":"","background-repeat":"repeat","background-position":"center center","background-size":"auto","background-attachment":"scroll","background-type":"","background-media":"","overlay-type":"","overlay-color":"","overlay-opacity":"","overlay-gradient":""},"mobile":{"background-color":"","background-image":"","background-repeat":"repeat","background-position":"center center","background-size":"auto","background-attachment":"scroll","background-type":"","background-media":"","overlay-type":"","overlay-color":"","overlay-opacity":"","overlay-gradient":""}},"ast-content-background-meta":{"desktop":{"background-color":"var(--ast-global-color-5)","background-image":"","background-repeat":"repeat","background-position":"center center","background-size":"auto","background-attachment":"scroll","background-type":"","background-media":"","overlay-type":"","overlay-color":"","overlay-opacity":"","overlay-gradient":""},"tablet":{"background-color":"var(--ast-global-color-5)","background-image":"","background-repeat":"repeat","background-position":"center center","background-size":"auto","background-attachment":"scroll","background-type":"","background-media":"","overlay-type":"","overlay-color":"","overlay-opacity":"","overlay-gradient":""},"mobile":{"background-color":"var(--ast-global-color-5)","background-image":"","background-repeat":"repeat","background-position":"center center","background-size":"auto","background-attachment":"scroll","background-type":"","background-media":"","overlay-type":"","overlay-color":"","overlay-opacity":"","overlay-gradient":""}}},"product_brand":[],"product_cat":[452,360,346,354,356,351],"product_tag":[2189,2186,2155,2190,258,518,2185,866,2191,2188,2187,2154,745,1310,2193,2192],"class_list":{"0":"post-25090","1":"product","2":"type-product","3":"status-publish","4":"has-post-thumbnail","6":"product_cat-bestseller","7":"product_cat-nahkimitatsioon-puksid","8":"product_cat-naised","9":"product_cat-puksid-seelikud","10":"product_cat-tekstiilpuksid","11":"product_cat-uued-tooted","12":"product_tag-figuuri-vormivad-puksid","13":"product_tag-kunstnahast-puksid","14":"product_tag-l","15":"product_tag-leggingsid","16":"product_tag-m","17":"product_tag-mustad-puksid","18":"product_tag-nahkimitatsiooniga-puksid","19":"product_tag-naiste-puksid","20":"product_tag-populaarsed-puksid","21":"product_tag-pruunid-puksid","22":"product_tag-push-up-puksid","23":"product_tag-s","24":"product_tag-stretch-puksid","25":"product_tag-trendikad-puksid","26":"product_tag-xl","27":"product_tag-xs","28":"desktop-align-center","29":"tablet-align-center","30":"mobile-align-center","31":"ast-product-gallery-layout-horizontal-slider","32":"ast-product-single-variable","33":"ast-product-tabs-layout-horizontal","35":"first","36":"instock","37":"taxable","38":"shipping-taxable","39":"purchasable","40":"product-type-variable"},"supplier_id":null,"supplier_sku":"","barcode":null,"atum_controlled":true,"out_stock_date":null,"out_stock_threshold":null,"inheritable":true,"inbound_stock":null,"stock_on_hold":0,"sold_today":0,"sales_last_days":1,"reserved_stock":0,"customer_returns":null,"warehouse_damage":0,"lost_in_post":null,"other_logs":0,"out_stock_days":0,"lost_sales":0,"has_location":false,"update_date":"2025-12-03T13:21:01","atum_locations":[],"atum_stock_status":"instock","restock_status":false,"low_stock_amount":"","sales_update_date":"2025-12-03T13:21:01","calc_backorders":null,"yoast_head":"<!-- This site is optimized with the Yoast SEO plugin v26.9 - https:\/\/yoast.com\/product\/yoast-seo-wordpress\/ -->\n<title>Nahkimitatsiooniga push-up stretch p\u00fcksid - Karini Butiik<\/title>\n<meta name=\"description\" content=\"Populaarsed nahkimitatsiooniga push-up stretch p\u00fcksid mustas ja pruunis toonis. Mugavad, venivad ja figuuri vormivad. Saadaval suurustes XS\u2013XL.\" \/>\n<meta name=\"robots\" content=\"index, follow, max-snippet:-1, max-image-preview:large, max-video-preview:-1\" \/>\n<link rel=\"canonical\" href=\"https:\/\/www.karinibutiik.ee\/en\/product-2\/nahkimitatsiooniga-push-up-stretch-puksid\/\" \/>\n<meta property=\"og:locale\" content=\"en_GB\" \/>\n<meta property=\"og:type\" content=\"article\" \/>\n<meta property=\"og:title\" content=\"Nahkimitatsiooniga push-up stretch p\u00fcksid - Karini Butiik\" \/>\n<meta property=\"og:description\" content=\"Populaarsed nahkimitatsiooniga push-up stretch p\u00fcksid mustas ja pruunis toonis. Mugavad, venivad ja figuuri vormivad. Saadaval suurustes XS\u2013XL.\" \/>\n<meta property=\"og:url\" content=\"https:\/\/www.karinibutiik.ee\/en\/product-2\/nahkimitatsiooniga-push-up-stretch-puksid\/\" \/>\n<meta property=\"og:site_name\" content=\"Karini Butiik\" \/>\n<meta property=\"article:publisher\" content=\"https:\/\/www.facebook.com\/karinibutiik.ee\" \/>\n<meta property=\"article:modified_time\" content=\"2026-03-06T12:35:03+00:00\" \/>\n<meta property=\"og:image\" content=\"https:\/\/www.karinibutiik.ee\/wp-content\/uploads\/2025\/11\/69850603-45CA-4F9A-A181-0C26B0E0CC7B-scaled.jpeg\" \/>\n\t<meta property=\"og:image:width\" content=\"1819\" \/>\n\t<meta property=\"og:image:height\" content=\"2560\" \/>\n\t<meta property=\"og:image:type\" content=\"image\/jpeg\" \/>\n<meta name=\"twitter:card\" content=\"summary_large_image\" \/>\n<meta name=\"twitter:label1\" content=\"Availability\" \/>\n\t<meta name=\"twitter:data1\" content=\"In stock\" \/>\n<script type=\"application\/ld+json\" class=\"yoast-schema-graph\">{\"@context\":\"https:\/\/schema.org\",\"@graph\":[{\"@type\":\"WebPage\",\"@id\":\"https:\/\/www.karinibutiik.ee\/toode\/nahkimitatsiooniga-push-up-stretch-puksid\/\",\"url\":\"https:\/\/www.karinibutiik.ee\/toode\/nahkimitatsiooniga-push-up-stretch-puksid\/\",\"name\":\"Nahkimitatsiooniga push-up stretch p\u00fcksid - Karini Butiik\",\"isPartOf\":{\"@id\":\"https:\/\/www.karinibutiik.ee\/#website\"},\"primaryImageOfPage\":{\"@id\":\"https:\/\/www.karinibutiik.ee\/toode\/nahkimitatsiooniga-push-up-stretch-puksid\/#primaryimage\"},\"image\":{\"@id\":\"https:\/\/www.karinibutiik.ee\/toode\/nahkimitatsiooniga-push-up-stretch-puksid\/#primaryimage\"},\"thumbnailUrl\":\"https:\/\/www.karinibutiik.ee\/wp-content\/uploads\/2025\/11\/69850603-45CA-4F9A-A181-0C26B0E0CC7B-scaled.jpeg\",\"datePublished\":\"2025-11-20T10:39:03+00:00\",\"dateModified\":\"2026-03-06T12:35:03+00:00\",\"description\":\"Populaarsed nahkimitatsiooniga push-up stretch p\u00fcksid mustas ja pruunis toonis. Mugavad, venivad ja figuuri vormivad. Saadaval suurustes XS\u2013XL.\",\"breadcrumb\":{\"@id\":\"https:\/\/www.karinibutiik.ee\/toode\/nahkimitatsiooniga-push-up-stretch-puksid\/#breadcrumb\"},\"inLanguage\":\"en-GB\",\"potentialAction\":[{\"@type\":\"ReadAction\",\"target\":[\"https:\/\/www.karinibutiik.ee\/toode\/nahkimitatsiooniga-push-up-stretch-puksid\/\"]}]},{\"@type\":\"ImageObject\",\"inLanguage\":\"en-GB\",\"@id\":\"https:\/\/www.karinibutiik.ee\/toode\/nahkimitatsiooniga-push-up-stretch-puksid\/#primaryimage\",\"url\":\"https:\/\/www.karinibutiik.ee\/wp-content\/uploads\/2025\/11\/69850603-45CA-4F9A-A181-0C26B0E0CC7B-scaled.jpeg\",\"contentUrl\":\"https:\/\/www.karinibutiik.ee\/wp-content\/uploads\/2025\/11\/69850603-45CA-4F9A-A181-0C26B0E0CC7B-scaled.jpeg\",\"width\":1819,\"height\":2560,\"caption\":\"Mustad nahkimitatsiooniga p\u00fcksid\"},{\"@type\":\"BreadcrumbList\",\"@id\":\"https:\/\/www.karinibutiik.ee\/toode\/nahkimitatsiooniga-push-up-stretch-puksid\/#breadcrumb\",\"itemListElement\":[{\"@type\":\"ListItem\",\"position\":1,\"name\":\"Home\",\"item\":\"https:\/\/www.karinibutiik.ee\/\"},{\"@type\":\"ListItem\",\"position\":2,\"name\":\"Pood\",\"item\":\"https:\/\/www.karinibutiik.ee\/pood\/\"},{\"@type\":\"ListItem\",\"position\":3,\"name\":\"Nahkimitatsiooniga push-up stretch p\u00fcksid\"}]},{\"@type\":\"WebSite\",\"@id\":\"https:\/\/www.karinibutiik.ee\/#website\",\"url\":\"https:\/\/www.karinibutiik.ee\/\",\"name\":\"Karini Butiik\",\"description\":\"\",\"publisher\":{\"@id\":\"https:\/\/www.karinibutiik.ee\/#organization\"},\"potentialAction\":[{\"@type\":\"SearchAction\",\"target\":{\"@type\":\"EntryPoint\",\"urlTemplate\":\"https:\/\/www.karinibutiik.ee\/?s={search_term_string}\"},\"query-input\":{\"@type\":\"PropertyValueSpecification\",\"valueRequired\":true,\"valueName\":\"search_term_string\"}}],\"inLanguage\":\"en-GB\"},{\"@type\":\"Organization\",\"@id\":\"https:\/\/www.karinibutiik.ee\/#organization\",\"name\":\"Karini Butiik\",\"url\":\"https:\/\/www.karinibutiik.ee\/\",\"logo\":{\"@type\":\"ImageObject\",\"inLanguage\":\"en-GB\",\"@id\":\"https:\/\/www.karinibutiik.ee\/#\/schema\/logo\/image\/\",\"url\":\"https:\/\/www.karinibutiik.ee\/wp-content\/uploads\/2024\/10\/Kuj.-K-koopia.png\",\"contentUrl\":\"https:\/\/www.karinibutiik.ee\/wp-content\/uploads\/2024\/10\/Kuj.-K-koopia.png\",\"width\":500,\"height\":500,\"caption\":\"Karini Butiik\"},\"image\":{\"@id\":\"https:\/\/www.karinibutiik.ee\/#\/schema\/logo\/image\/\"},\"sameAs\":[\"https:\/\/www.facebook.com\/karinibutiik.ee\",\"https:\/\/www.instagram.com\/karinibutiik\"]}]}<\/script>\n<meta property=\"og:availability\" content=\"instock\" \/>\n<meta property=\"product:availability\" content=\"instock\" \/>\n<meta property=\"product:retailer_item_id\" content=\"8033\" \/>\n<meta property=\"product:condition\" content=\"new\" \/>\n<!-- \/ Yoast SEO plugin. -->","yoast_head_json":{"title":"Nahkimitatsiooniga push-up stretch p\u00fcksid - Karini Butiik","description":"Populaarsed nahkimitatsiooniga push-up stretch p\u00fcksid mustas ja pruunis toonis. Mugavad, venivad ja figuuri vormivad. Saadaval suurustes XS\u2013XL.","robots":{"index":"index","follow":"follow","max-snippet":"max-snippet:-1","max-image-preview":"max-image-preview:large","max-video-preview":"max-video-preview:-1"},"canonical":"https:\/\/www.karinibutiik.ee\/en\/product-2\/nahkimitatsiooniga-push-up-stretch-puksid\/","og_locale":"en_GB","og_type":"article","og_title":"Nahkimitatsiooniga push-up stretch p\u00fcksid - Karini Butiik","og_description":"Populaarsed nahkimitatsiooniga push-up stretch p\u00fcksid mustas ja pruunis toonis. Mugavad, venivad ja figuuri vormivad. Saadaval suurustes XS\u2013XL.","og_url":"https:\/\/www.karinibutiik.ee\/en\/product-2\/nahkimitatsiooniga-push-up-stretch-puksid\/","og_site_name":"Karini Butiik","article_publisher":"https:\/\/www.facebook.com\/karinibutiik.ee","article_modified_time":"2026-03-06T12:35:03+00:00","og_image":[{"width":1819,"height":2560,"url":"https:\/\/www.karinibutiik.ee\/wp-content\/uploads\/2025\/11\/69850603-45CA-4F9A-A181-0C26B0E0CC7B-scaled.jpeg","type":"image\/jpeg"}],"twitter_card":"summary_large_image","twitter_misc":{"Availability":"In stock"},"schema":{"@context":"https:\/\/schema.org","@graph":[{"@type":"WebPage","@id":"https:\/\/www.karinibutiik.ee\/toode\/nahkimitatsiooniga-push-up-stretch-puksid\/","url":"https:\/\/www.karinibutiik.ee\/toode\/nahkimitatsiooniga-push-up-stretch-puksid\/","name":"Nahkimitatsiooniga push-up stretch p\u00fcksid - Karini Butiik","isPartOf":{"@id":"https:\/\/www.karinibutiik.ee\/#website"},"primaryImageOfPage":{"@id":"https:\/\/www.karinibutiik.ee\/toode\/nahkimitatsiooniga-push-up-stretch-puksid\/#primaryimage"},"image":{"@id":"https:\/\/www.karinibutiik.ee\/toode\/nahkimitatsiooniga-push-up-stretch-puksid\/#primaryimage"},"thumbnailUrl":"https:\/\/www.karinibutiik.ee\/wp-content\/uploads\/2025\/11\/69850603-45CA-4F9A-A181-0C26B0E0CC7B-scaled.jpeg","datePublished":"2025-11-20T10:39:03+00:00","dateModified":"2026-03-06T12:35:03+00:00","description":"Populaarsed nahkimitatsiooniga push-up stretch p\u00fcksid mustas ja pruunis toonis. Mugavad, venivad ja figuuri vormivad. Saadaval suurustes XS\u2013XL.","breadcrumb":{"@id":"https:\/\/www.karinibutiik.ee\/toode\/nahkimitatsiooniga-push-up-stretch-puksid\/#breadcrumb"},"inLanguage":"en-GB","potentialAction":[{"@type":"ReadAction","target":["https:\/\/www.karinibutiik.ee\/toode\/nahkimitatsiooniga-push-up-stretch-puksid\/"]}]},{"@type":"ImageObject","inLanguage":"en-GB","@id":"https:\/\/www.karinibutiik.ee\/toode\/nahkimitatsiooniga-push-up-stretch-puksid\/#primaryimage","url":"https:\/\/www.karinibutiik.ee\/wp-content\/uploads\/2025\/11\/69850603-45CA-4F9A-A181-0C26B0E0CC7B-scaled.jpeg","contentUrl":"https:\/\/www.karinibutiik.ee\/wp-content\/uploads\/2025\/11\/69850603-45CA-4F9A-A181-0C26B0E0CC7B-scaled.jpeg","width":1819,"height":2560,"caption":"Mustad nahkimitatsiooniga p\u00fcksid"},{"@type":"BreadcrumbList","@id":"https:\/\/www.karinibutiik.ee\/toode\/nahkimitatsiooniga-push-up-stretch-puksid\/#breadcrumb","itemListElement":[{"@type":"ListItem","position":1,"name":"Home","item":"https:\/\/www.karinibutiik.ee\/"},{"@type":"ListItem","position":2,"name":"Pood","item":"https:\/\/www.karinibutiik.ee\/pood\/"},{"@type":"ListItem","position":3,"name":"Nahkimitatsiooniga push-up stretch p\u00fcksid"}]},{"@type":"WebSite","@id":"https:\/\/www.karinibutiik.ee\/#website","url":"https:\/\/www.karinibutiik.ee\/","name":"Karini Butiik","description":"","publisher":{"@id":"https:\/\/www.karinibutiik.ee\/#organization"},"potentialAction":[{"@type":"SearchAction","target":{"@type":"EntryPoint","urlTemplate":"https:\/\/www.karinibutiik.ee\/?s={search_term_string}"},"query-input":{"@type":"PropertyValueSpecification","valueRequired":true,"valueName":"search_term_string"}}],"inLanguage":"en-GB"},{"@type":"Organization","@id":"https:\/\/www.karinibutiik.ee\/#organization","name":"Karini Butiik","url":"https:\/\/www.karinibutiik.ee\/","logo":{"@type":"ImageObject","inLanguage":"en-GB","@id":"https:\/\/www.karinibutiik.ee\/#\/schema\/logo\/image\/","url":"https:\/\/www.karinibutiik.ee\/wp-content\/uploads\/2024\/10\/Kuj.-K-koopia.png","contentUrl":"https:\/\/www.karinibutiik.ee\/wp-content\/uploads\/2024\/10\/Kuj.-K-koopia.png","width":500,"height":500,"caption":"Karini Butiik"},"image":{"@id":"https:\/\/www.karinibutiik.ee\/#\/schema\/logo\/image\/"},"sameAs":["https:\/\/www.facebook.com\/karinibutiik.ee","https:\/\/www.instagram.com\/karinibutiik"]}]},"og_availability":"instock","product_availability":"instock","product_retailer_item_id":"8033","product_condition":"new"},"_links":{"self":[{"href":"https:\/\/www.karinibutiik.ee\/en\/wp-json\/wp\/v2\/product\/25090","targetHints":{"allow":["GET"]}}],"collection":[{"href":"https:\/\/www.karinibutiik.ee\/en\/wp-json\/wp\/v2\/product"}],"about":[{"href":"https:\/\/www.karinibutiik.ee\/en\/wp-json\/wp\/v2\/types\/product"}],"version-history":[{"count":1,"href":"https:\/\/www.karinibutiik.ee\/en\/wp-json\/wp\/v2\/product\/25090\/revisions"}],"predecessor-version":[{"id":25101,"href":"https:\/\/www.karinibutiik.ee\/en\/wp-json\/wp\/v2\/product\/25090\/revisions\/25101"}],"wp:featuredmedia":[{"embeddable":true,"href":"https:\/\/www.karinibutiik.ee\/en\/wp-json\/wp\/v2\/media\/25063"}],"wp:attachment":[{"href":"https:\/\/www.karinibutiik.ee\/en\/wp-json\/wp\/v2\/media?parent=25090"}],"wp:term":[{"taxonomy":"product_brand","embeddable":true,"href":"https:\/\/www.karinibutiik.ee\/en\/wp-json\/wp\/v2\/product_brand?post=25090"},{"taxonomy":"product_cat","embeddable":true,"href":"https:\/\/www.karinibutiik.ee\/en\/wp-json\/wp\/v2\/product_cat?post=25090"},{"taxonomy":"product_tag","embeddable":true,"href":"https:\/\/www.karinibutiik.ee\/en\/wp-json\/wp\/v2\/product_tag?post=25090"}],"curies":[{"name":"wp","href":"https:\/\/api.w.org\/{rel}","templated":true}]}}