{"id":25130,"date":"2025-11-20T15:25:39","date_gmt":"2025-11-20T13:25:39","guid":{"rendered":"https:\/\/www.karinibutiik.ee\/?post_type=product&#038;p=25130"},"modified":"2026-03-25T18:12:40","modified_gmt":"2026-03-25T16:12:40","slug":"kaheosaline-kudumkomplekt","status":"publish","type":"product","link":"https:\/\/www.karinibutiik.ee\/en\/product-2\/kaheosaline-kudumkomplekt\/","title":{"rendered":"Kaheosaline kudumkomplekt"},"content":{"rendered":"<p data-start=\"207\" data-end=\"522\">See kaheosaline kudumkomplekt \u00fchendab mugavuse ja elegantsi, pakkudes ideaalset lahendust nii argip\u00e4evaks kui ka stiilsemateks v\u00e4ljaminekuteks. Komplektis on k\u00f5rge kraega pehme d\u017eemper, mida kaunistavad varrukatel olevad efektsed p\u00e4rln\u00f6\u00f6bid, ning samast materjalist sirge l\u00f5ikega kudump\u00fcksid.<\/p>\n<p data-start=\"524\" data-end=\"726\">Elastne, kehaga kohanduv materjal tagab mugava istuvuse ja vaba liikumise. Stiilne, minimalistlik ning alati moes \u2013 see komplekt sobib nii tossude kui ka kontsakingadega, t\u00f5stes mugavuse uuele tasemele.<\/p>\n<p data-start=\"524\" data-end=\"726\">P\u00fckste \u00fcp 100cm, sises\u00e4\u00e4r 71cm<\/p>\n<p data-start=\"524\" data-end=\"726\">","protected":false},"excerpt":{"rendered":"<p>See kaheosaline kudumkomplekt \u00fchendab mugavuse ja elegantsi, pakkudes ideaalset lahendust nii argip\u00e4evaks kui ka stiilsemateks v\u00e4ljaminekuteks. Komplektis on k\u00f5rge kraega [&hellip;]<\/p>\n","protected":false},"featured_media":24916,"template":"","meta":{"site-sidebar-layout":"default","site-content-layout":"","ast-site-content-layout":"default","site-content-style":"default","site-sidebar-style":"default","ast-global-header-display":"","ast-banner-title-visibility":"","ast-main-header-display":"","ast-hfb-above-header-display":"","ast-hfb-below-header-display":"","ast-hfb-mobile-header-display":"","site-post-title":"","ast-breadcrumbs-content":"","ast-featured-img":"","footer-sml-layout":"","ast-disable-related-posts":"","theme-transparent-header-meta":"default","adv-header-id-meta":"","stick-header-meta":"default","header-above-stick-meta":"","header-main-stick-meta":"","header-below-stick-meta":"","astra-migrate-meta-layouts":"set","ast-page-background-enabled":"default","ast-page-background-meta":{"desktop":{"background-color":"var(--ast-global-color-4)","background-image":"","background-repeat":"repeat","background-position":"center center","background-size":"auto","background-attachment":"scroll","background-type":"","background-media":"","overlay-type":"","overlay-color":"","overlay-opacity":"","overlay-gradient":""},"tablet":{"background-color":"","background-image":"","background-repeat":"repeat","background-position":"center center","background-size":"auto","background-attachment":"scroll","background-type":"","background-media":"","overlay-type":"","overlay-color":"","overlay-opacity":"","overlay-gradient":""},"mobile":{"background-color":"","background-image":"","background-repeat":"repeat","background-position":"center center","background-size":"auto","background-attachment":"scroll","background-type":"","background-media":"","overlay-type":"","overlay-color":"","overlay-opacity":"","overlay-gradient":""}},"ast-content-background-meta":{"desktop":{"background-color":"var(--ast-global-color-5)","background-image":"","background-repeat":"repeat","background-position":"center center","background-size":"auto","background-attachment":"scroll","background-type":"","background-media":"","overlay-type":"","overlay-color":"","overlay-opacity":"","overlay-gradient":""},"tablet":{"background-color":"var(--ast-global-color-5)","background-image":"","background-repeat":"repeat","background-position":"center center","background-size":"auto","background-attachment":"scroll","background-type":"","background-media":"","overlay-type":"","overlay-color":"","overlay-opacity":"","overlay-gradient":""},"mobile":{"background-color":"var(--ast-global-color-5)","background-image":"","background-repeat":"repeat","background-position":"center center","background-size":"auto","background-attachment":"scroll","background-type":"","background-media":"","overlay-type":"","overlay-color":"","overlay-opacity":"","overlay-gradient":""}}},"product_brand":[],"product_cat":[367,386,370,346,354,356,351],"product_tag":[1947,103,2206,2207,2115,2205,2119,2208,2123,2204,2116,1921,2024],"class_list":{"0":"post-25130","1":"product","2":"type-product","3":"status-publish","4":"has-post-thumbnail","6":"product_cat-allahindlus","7":"product_cat-dressid","8":"product_cat-kampsunid","9":"product_cat-naised","10":"product_cat-puksid-seelikud","11":"product_cat-tekstiilpuksid","12":"product_cat-uued-tooted","13":"product_tag-elegantne-kudum","14":"product_tag-kaheosaline-komplekt","15":"product_tag-komplekt-sugiseks","16":"product_tag-komplekt-talveks","17":"product_tag-kudumkomplekt","18":"product_tag-kudumpluus-parlnoopidega","19":"product_tag-kudumpuksid","20":"product_tag-lounge-komplekt","21":"product_tag-mugav-komplekt","22":"product_tag-must-kudum","23":"product_tag-naiste-komplekt","24":"product_tag-soe-kudum","25":"product_tag-stiilne-kudum","26":"desktop-align-center","27":"tablet-align-center","28":"mobile-align-center","29":"ast-product-gallery-layout-horizontal-slider","30":"ast-product-single-variable","31":"ast-product-tabs-layout-horizontal","33":"first","34":"instock","35":"sale","36":"taxable","37":"shipping-taxable","38":"purchasable","39":"product-type-variable"},"supplier_id":null,"supplier_sku":"","barcode":null,"atum_controlled":true,"out_stock_date":null,"out_stock_threshold":null,"inheritable":true,"inbound_stock":null,"stock_on_hold":0,"sold_today":0,"sales_last_days":2,"reserved_stock":0,"customer_returns":null,"warehouse_damage":0,"lost_in_post":null,"other_logs":0,"out_stock_days":null,"lost_sales":0,"has_location":false,"update_date":"2026-03-25T16:12:40","atum_locations":[],"atum_stock_status":"instock","restock_status":false,"low_stock_amount":"","sales_update_date":"2025-12-01T12:31:48","calc_backorders":null,"yoast_head":"<!-- This site is optimized with the Yoast SEO plugin v26.9 - https:\/\/yoast.com\/product\/yoast-seo-wordpress\/ -->\n<title>Kaheosaline kudumkomplekt - Karini Butiik<\/title>\n<meta name=\"description\" content=\"Kaheosaline kudumkomplekt p\u00e4rln\u00f6\u00f6pidest detailidega. Pehme, veniv ja elegantne komplekt igap\u00e4evaseks kandmiseks. Mugav ja stiilne valik igale figuurile.\" \/>\n<meta name=\"robots\" content=\"index, follow, max-snippet:-1, max-image-preview:large, max-video-preview:-1\" \/>\n<link rel=\"canonical\" href=\"https:\/\/www.karinibutiik.ee\/en\/product-2\/kaheosaline-kudumkomplekt\/\" \/>\n<meta property=\"og:locale\" content=\"en_GB\" \/>\n<meta property=\"og:type\" content=\"article\" \/>\n<meta property=\"og:title\" content=\"Kaheosaline kudumkomplekt - Karini Butiik\" \/>\n<meta property=\"og:description\" content=\"Kaheosaline kudumkomplekt p\u00e4rln\u00f6\u00f6pidest detailidega. Pehme, veniv ja elegantne komplekt igap\u00e4evaseks kandmiseks. Mugav ja stiilne valik igale figuurile.\" \/>\n<meta property=\"og:url\" content=\"https:\/\/www.karinibutiik.ee\/en\/product-2\/kaheosaline-kudumkomplekt\/\" \/>\n<meta property=\"og:site_name\" content=\"Karini Butiik\" \/>\n<meta property=\"article:publisher\" content=\"https:\/\/www.facebook.com\/karinibutiik.ee\" \/>\n<meta property=\"article:modified_time\" content=\"2026-03-25T16:12:40+00:00\" \/>\n<meta property=\"og:image\" content=\"https:\/\/www.karinibutiik.ee\/wp-content\/uploads\/2025\/11\/0F3ADF7D-5B83-450B-989F-58B0977CA1DE-scaled-1-e1763547922291.webp\" \/>\n\t<meta property=\"og:image:width\" content=\"1203\" \/>\n\t<meta property=\"og:image:height\" content=\"1438\" \/>\n\t<meta property=\"og:image:type\" content=\"image\/webp\" \/>\n<meta name=\"twitter:card\" content=\"summary_large_image\" \/>\n<meta name=\"twitter:label1\" content=\"Availability\" \/>\n\t<meta name=\"twitter:data1\" content=\"In stock\" \/>\n<script type=\"application\/ld+json\" class=\"yoast-schema-graph\">{\"@context\":\"https:\/\/schema.org\",\"@graph\":[{\"@type\":\"WebPage\",\"@id\":\"https:\/\/www.karinibutiik.ee\/toode\/kaheosaline-kudumkomplekt\/\",\"url\":\"https:\/\/www.karinibutiik.ee\/toode\/kaheosaline-kudumkomplekt\/\",\"name\":\"Kaheosaline kudumkomplekt - Karini Butiik\",\"isPartOf\":{\"@id\":\"https:\/\/www.karinibutiik.ee\/#website\"},\"primaryImageOfPage\":{\"@id\":\"https:\/\/www.karinibutiik.ee\/toode\/kaheosaline-kudumkomplekt\/#primaryimage\"},\"image\":{\"@id\":\"https:\/\/www.karinibutiik.ee\/toode\/kaheosaline-kudumkomplekt\/#primaryimage\"},\"thumbnailUrl\":\"https:\/\/www.karinibutiik.ee\/wp-content\/uploads\/2025\/11\/0F3ADF7D-5B83-450B-989F-58B0977CA1DE-scaled-1-e1763547922291.webp\",\"datePublished\":\"2025-11-20T13:25:39+00:00\",\"dateModified\":\"2026-03-25T16:12:40+00:00\",\"description\":\"Kaheosaline kudumkomplekt p\u00e4rln\u00f6\u00f6pidest detailidega. Pehme, veniv ja elegantne komplekt igap\u00e4evaseks kandmiseks. Mugav ja stiilne valik igale figuurile.\",\"breadcrumb\":{\"@id\":\"https:\/\/www.karinibutiik.ee\/toode\/kaheosaline-kudumkomplekt\/#breadcrumb\"},\"inLanguage\":\"en-GB\",\"potentialAction\":[{\"@type\":\"ReadAction\",\"target\":[\"https:\/\/www.karinibutiik.ee\/toode\/kaheosaline-kudumkomplekt\/\"]}]},{\"@type\":\"ImageObject\",\"inLanguage\":\"en-GB\",\"@id\":\"https:\/\/www.karinibutiik.ee\/toode\/kaheosaline-kudumkomplekt\/#primaryimage\",\"url\":\"https:\/\/www.karinibutiik.ee\/wp-content\/uploads\/2025\/11\/0F3ADF7D-5B83-450B-989F-58B0977CA1DE-scaled-1-e1763547922291.webp\",\"contentUrl\":\"https:\/\/www.karinibutiik.ee\/wp-content\/uploads\/2025\/11\/0F3ADF7D-5B83-450B-989F-58B0977CA1DE-scaled-1-e1763547922291.webp\",\"width\":1203,\"height\":1438,\"caption\":\"Kaheosaline kudumkomplekt\"},{\"@type\":\"BreadcrumbList\",\"@id\":\"https:\/\/www.karinibutiik.ee\/toode\/kaheosaline-kudumkomplekt\/#breadcrumb\",\"itemListElement\":[{\"@type\":\"ListItem\",\"position\":1,\"name\":\"Home\",\"item\":\"https:\/\/www.karinibutiik.ee\/\"},{\"@type\":\"ListItem\",\"position\":2,\"name\":\"Pood\",\"item\":\"https:\/\/www.karinibutiik.ee\/pood\/\"},{\"@type\":\"ListItem\",\"position\":3,\"name\":\"Kaheosaline kudumkomplekt\"}]},{\"@type\":\"WebSite\",\"@id\":\"https:\/\/www.karinibutiik.ee\/#website\",\"url\":\"https:\/\/www.karinibutiik.ee\/\",\"name\":\"Karini Butiik\",\"description\":\"\",\"publisher\":{\"@id\":\"https:\/\/www.karinibutiik.ee\/#organization\"},\"potentialAction\":[{\"@type\":\"SearchAction\",\"target\":{\"@type\":\"EntryPoint\",\"urlTemplate\":\"https:\/\/www.karinibutiik.ee\/?s={search_term_string}\"},\"query-input\":{\"@type\":\"PropertyValueSpecification\",\"valueRequired\":true,\"valueName\":\"search_term_string\"}}],\"inLanguage\":\"en-GB\"},{\"@type\":\"Organization\",\"@id\":\"https:\/\/www.karinibutiik.ee\/#organization\",\"name\":\"Karini Butiik\",\"url\":\"https:\/\/www.karinibutiik.ee\/\",\"logo\":{\"@type\":\"ImageObject\",\"inLanguage\":\"en-GB\",\"@id\":\"https:\/\/www.karinibutiik.ee\/#\/schema\/logo\/image\/\",\"url\":\"https:\/\/www.karinibutiik.ee\/wp-content\/uploads\/2024\/10\/Kuj.-K-koopia.png\",\"contentUrl\":\"https:\/\/www.karinibutiik.ee\/wp-content\/uploads\/2024\/10\/Kuj.-K-koopia.png\",\"width\":500,\"height\":500,\"caption\":\"Karini Butiik\"},\"image\":{\"@id\":\"https:\/\/www.karinibutiik.ee\/#\/schema\/logo\/image\/\"},\"sameAs\":[\"https:\/\/www.facebook.com\/karinibutiik.ee\",\"https:\/\/www.instagram.com\/karinibutiik\"]}]}<\/script>\n<meta property=\"og:availability\" content=\"instock\" \/>\n<meta property=\"product:availability\" content=\"instock\" \/>\n<meta property=\"product:retailer_item_id\" content=\"7636\" \/>\n<meta property=\"product:condition\" content=\"new\" \/>\n<!-- \/ Yoast SEO plugin. -->","yoast_head_json":{"title":"Kaheosaline kudumkomplekt - Karini Butiik","description":"Kaheosaline kudumkomplekt p\u00e4rln\u00f6\u00f6pidest detailidega. Pehme, veniv ja elegantne komplekt igap\u00e4evaseks kandmiseks. Mugav ja stiilne valik igale figuurile.","robots":{"index":"index","follow":"follow","max-snippet":"max-snippet:-1","max-image-preview":"max-image-preview:large","max-video-preview":"max-video-preview:-1"},"canonical":"https:\/\/www.karinibutiik.ee\/en\/product-2\/kaheosaline-kudumkomplekt\/","og_locale":"en_GB","og_type":"article","og_title":"Kaheosaline kudumkomplekt - Karini Butiik","og_description":"Kaheosaline kudumkomplekt p\u00e4rln\u00f6\u00f6pidest detailidega. Pehme, veniv ja elegantne komplekt igap\u00e4evaseks kandmiseks. Mugav ja stiilne valik igale figuurile.","og_url":"https:\/\/www.karinibutiik.ee\/en\/product-2\/kaheosaline-kudumkomplekt\/","og_site_name":"Karini Butiik","article_publisher":"https:\/\/www.facebook.com\/karinibutiik.ee","article_modified_time":"2026-03-25T16:12:40+00:00","og_image":[{"width":1203,"height":1438,"url":"https:\/\/www.karinibutiik.ee\/wp-content\/uploads\/2025\/11\/0F3ADF7D-5B83-450B-989F-58B0977CA1DE-scaled-1-e1763547922291.webp","type":"image\/webp"}],"twitter_card":"summary_large_image","twitter_misc":{"Availability":"In stock"},"schema":{"@context":"https:\/\/schema.org","@graph":[{"@type":"WebPage","@id":"https:\/\/www.karinibutiik.ee\/toode\/kaheosaline-kudumkomplekt\/","url":"https:\/\/www.karinibutiik.ee\/toode\/kaheosaline-kudumkomplekt\/","name":"Kaheosaline kudumkomplekt - Karini Butiik","isPartOf":{"@id":"https:\/\/www.karinibutiik.ee\/#website"},"primaryImageOfPage":{"@id":"https:\/\/www.karinibutiik.ee\/toode\/kaheosaline-kudumkomplekt\/#primaryimage"},"image":{"@id":"https:\/\/www.karinibutiik.ee\/toode\/kaheosaline-kudumkomplekt\/#primaryimage"},"thumbnailUrl":"https:\/\/www.karinibutiik.ee\/wp-content\/uploads\/2025\/11\/0F3ADF7D-5B83-450B-989F-58B0977CA1DE-scaled-1-e1763547922291.webp","datePublished":"2025-11-20T13:25:39+00:00","dateModified":"2026-03-25T16:12:40+00:00","description":"Kaheosaline kudumkomplekt p\u00e4rln\u00f6\u00f6pidest detailidega. Pehme, veniv ja elegantne komplekt igap\u00e4evaseks kandmiseks. Mugav ja stiilne valik igale figuurile.","breadcrumb":{"@id":"https:\/\/www.karinibutiik.ee\/toode\/kaheosaline-kudumkomplekt\/#breadcrumb"},"inLanguage":"en-GB","potentialAction":[{"@type":"ReadAction","target":["https:\/\/www.karinibutiik.ee\/toode\/kaheosaline-kudumkomplekt\/"]}]},{"@type":"ImageObject","inLanguage":"en-GB","@id":"https:\/\/www.karinibutiik.ee\/toode\/kaheosaline-kudumkomplekt\/#primaryimage","url":"https:\/\/www.karinibutiik.ee\/wp-content\/uploads\/2025\/11\/0F3ADF7D-5B83-450B-989F-58B0977CA1DE-scaled-1-e1763547922291.webp","contentUrl":"https:\/\/www.karinibutiik.ee\/wp-content\/uploads\/2025\/11\/0F3ADF7D-5B83-450B-989F-58B0977CA1DE-scaled-1-e1763547922291.webp","width":1203,"height":1438,"caption":"Kaheosaline kudumkomplekt"},{"@type":"BreadcrumbList","@id":"https:\/\/www.karinibutiik.ee\/toode\/kaheosaline-kudumkomplekt\/#breadcrumb","itemListElement":[{"@type":"ListItem","position":1,"name":"Home","item":"https:\/\/www.karinibutiik.ee\/"},{"@type":"ListItem","position":2,"name":"Pood","item":"https:\/\/www.karinibutiik.ee\/pood\/"},{"@type":"ListItem","position":3,"name":"Kaheosaline kudumkomplekt"}]},{"@type":"WebSite","@id":"https:\/\/www.karinibutiik.ee\/#website","url":"https:\/\/www.karinibutiik.ee\/","name":"Karini Butiik","description":"","publisher":{"@id":"https:\/\/www.karinibutiik.ee\/#organization"},"potentialAction":[{"@type":"SearchAction","target":{"@type":"EntryPoint","urlTemplate":"https:\/\/www.karinibutiik.ee\/?s={search_term_string}"},"query-input":{"@type":"PropertyValueSpecification","valueRequired":true,"valueName":"search_term_string"}}],"inLanguage":"en-GB"},{"@type":"Organization","@id":"https:\/\/www.karinibutiik.ee\/#organization","name":"Karini Butiik","url":"https:\/\/www.karinibutiik.ee\/","logo":{"@type":"ImageObject","inLanguage":"en-GB","@id":"https:\/\/www.karinibutiik.ee\/#\/schema\/logo\/image\/","url":"https:\/\/www.karinibutiik.ee\/wp-content\/uploads\/2024\/10\/Kuj.-K-koopia.png","contentUrl":"https:\/\/www.karinibutiik.ee\/wp-content\/uploads\/2024\/10\/Kuj.-K-koopia.png","width":500,"height":500,"caption":"Karini Butiik"},"image":{"@id":"https:\/\/www.karinibutiik.ee\/#\/schema\/logo\/image\/"},"sameAs":["https:\/\/www.facebook.com\/karinibutiik.ee","https:\/\/www.instagram.com\/karinibutiik"]}]},"og_availability":"instock","product_availability":"instock","product_retailer_item_id":"7636","product_condition":"new"},"_links":{"self":[{"href":"https:\/\/www.karinibutiik.ee\/en\/wp-json\/wp\/v2\/product\/25130","targetHints":{"allow":["GET"]}}],"collection":[{"href":"https:\/\/www.karinibutiik.ee\/en\/wp-json\/wp\/v2\/product"}],"about":[{"href":"https:\/\/www.karinibutiik.ee\/en\/wp-json\/wp\/v2\/types\/product"}],"version-history":[{"count":2,"href":"https:\/\/www.karinibutiik.ee\/en\/wp-json\/wp\/v2\/product\/25130\/revisions"}],"predecessor-version":[{"id":25138,"href":"https:\/\/www.karinibutiik.ee\/en\/wp-json\/wp\/v2\/product\/25130\/revisions\/25138"}],"wp:featuredmedia":[{"embeddable":true,"href":"https:\/\/www.karinibutiik.ee\/en\/wp-json\/wp\/v2\/media\/24916"}],"wp:attachment":[{"href":"https:\/\/www.karinibutiik.ee\/en\/wp-json\/wp\/v2\/media?parent=25130"}],"wp:term":[{"taxonomy":"product_brand","embeddable":true,"href":"https:\/\/www.karinibutiik.ee\/en\/wp-json\/wp\/v2\/product_brand?post=25130"},{"taxonomy":"product_cat","embeddable":true,"href":"https:\/\/www.karinibutiik.ee\/en\/wp-json\/wp\/v2\/product_cat?post=25130"},{"taxonomy":"product_tag","embeddable":true,"href":"https:\/\/www.karinibutiik.ee\/en\/wp-json\/wp\/v2\/product_tag?post=25130"}],"curies":[{"name":"wp","href":"https:\/\/api.w.org\/{rel}","templated":true}]}}