{"id":25468,"date":"2025-12-02T14:04:38","date_gmt":"2025-12-02T12:04:38","guid":{"rendered":"https:\/\/www.karinibutiik.ee\/?post_type=product&#038;p=25468"},"modified":"2025-12-02T14:04:38","modified_gmt":"2025-12-02T12:04:38","slug":"pruunid-sirge-loikega-tekstiilpuksid","status":"publish","type":"product","link":"https:\/\/www.karinibutiik.ee\/en\/product-2\/pruunid-sirge-loikega-tekstiilpuksid\/","title":{"rendered":"Pruunid sirge l\u00f5ikega tekstiilp\u00fcksid"},"content":{"rendered":"<p data-start=\"252\" data-end=\"722\">Elegantse ja kvaliteetse v\u00e4limusega pruunid sirge l\u00f5ikega tekstiilp\u00fcksid on ideaalne valik nii igap\u00e4evasesse kui ka viisakamasse stiili. P\u00fcksid on valmistatud paksemast ja vastupidavamast kangast, mis hoiab h\u00e4sti vormi ja tagab kauni istuvuse kogu p\u00e4eva v\u00e4ltel.<br data-start=\"521\" data-end=\"524\" \/>Sirge jala l\u00f5ige pikendab visuaalselt jalga, muutes need mitmek\u00fclgseks ja figuuri kaunistavaks mudeliks. Pruun toon lisab soojuse ja trendika n\u00fcansi, sobides nii heledate kui tumedate pealeriietega.<\/p>\n<p data-start=\"724\" data-end=\"812\">Saadaval suurustes S, M, L ja XL, et tagada mugav sobivus erinevatele kehavormidele.<\/p>","protected":false},"excerpt":{"rendered":"<p>Elegantse ja kvaliteetse v\u00e4limusega pruunid sirge l\u00f5ikega tekstiilp\u00fcksid on ideaalne valik nii igap\u00e4evasesse kui ka viisakamasse stiili. P\u00fcksid on valmistatud [&hellip;]<\/p>\n","protected":false},"featured_media":25373,"template":"","meta":{"site-sidebar-layout":"default","site-content-layout":"","ast-site-content-layout":"default","site-content-style":"default","site-sidebar-style":"default","ast-global-header-display":"","ast-banner-title-visibility":"","ast-main-header-display":"","ast-hfb-above-header-display":"","ast-hfb-below-header-display":"","ast-hfb-mobile-header-display":"","site-post-title":"","ast-breadcrumbs-content":"","ast-featured-img":"","footer-sml-layout":"","ast-disable-related-posts":"","theme-transparent-header-meta":"default","adv-header-id-meta":"","stick-header-meta":"default","header-above-stick-meta":"","header-main-stick-meta":"","header-below-stick-meta":"","astra-migrate-meta-layouts":"set","ast-page-background-enabled":"default","ast-page-background-meta":{"desktop":{"background-color":"var(--ast-global-color-4)","background-image":"","background-repeat":"repeat","background-position":"center center","background-size":"auto","background-attachment":"scroll","background-type":"","background-media":"","overlay-type":"","overlay-color":"","overlay-opacity":"","overlay-gradient":""},"tablet":{"background-color":"","background-image":"","background-repeat":"repeat","background-position":"center center","background-size":"auto","background-attachment":"scroll","background-type":"","background-media":"","overlay-type":"","overlay-color":"","overlay-opacity":"","overlay-gradient":""},"mobile":{"background-color":"","background-image":"","background-repeat":"repeat","background-position":"center center","background-size":"auto","background-attachment":"scroll","background-type":"","background-media":"","overlay-type":"","overlay-color":"","overlay-opacity":"","overlay-gradient":""}},"ast-content-background-meta":{"desktop":{"background-color":"var(--ast-global-color-5)","background-image":"","background-repeat":"repeat","background-position":"center center","background-size":"auto","background-attachment":"scroll","background-type":"","background-media":"","overlay-type":"","overlay-color":"","overlay-opacity":"","overlay-gradient":""},"tablet":{"background-color":"var(--ast-global-color-5)","background-image":"","background-repeat":"repeat","background-position":"center center","background-size":"auto","background-attachment":"scroll","background-type":"","background-media":"","overlay-type":"","overlay-color":"","overlay-opacity":"","overlay-gradient":""},"mobile":{"background-color":"var(--ast-global-color-5)","background-image":"","background-repeat":"repeat","background-position":"center center","background-size":"auto","background-attachment":"scroll","background-type":"","background-media":"","overlay-type":"","overlay-color":"","overlay-opacity":"","overlay-gradient":""}}},"product_brand":[],"product_cat":[356,351],"product_tag":[1379,501,2353,1077,866,2349,2350,2188,2352,2351,1347,2344,101],"class_list":{"0":"post-25468","1":"product","2":"type-product","3":"status-publish","4":"has-post-thumbnail","6":"product_cat-tekstiilpuksid","7":"product_cat-uued-tooted","8":"product_tag-elegantsed-puksid","9":"product_tag-karini-butiik","10":"product_tag-klassikalised-naiste-puksid","11":"product_tag-mugavad-puksid","12":"product_tag-naiste-puksid","13":"product_tag-paksemast-kangast-puksid","14":"product_tag-pikad-tekstiilpuksid","15":"product_tag-pruunid-puksid","16":"product_tag-pruunid-sirge-loikega-puksid","17":"product_tag-s-m-l-xl-puksid","18":"product_tag-sirge-loikega-puksid","19":"product_tag-smart-casual-puksid","20":"product_tag-tekstiilpuksid","21":"desktop-align-center","22":"tablet-align-center","23":"mobile-align-center","24":"ast-product-gallery-layout-horizontal-slider","25":"ast-product-single-variable","26":"ast-product-tabs-layout-horizontal","28":"first","29":"instock","30":"taxable","31":"shipping-taxable","32":"purchasable","33":"product-type-variable"},"supplier_id":null,"supplier_sku":"","barcode":null,"atum_controlled":true,"out_stock_date":null,"out_stock_threshold":null,"inheritable":true,"inbound_stock":null,"stock_on_hold":0,"sold_today":null,"sales_last_days":null,"reserved_stock":0,"customer_returns":null,"warehouse_damage":0,"lost_in_post":null,"other_logs":0,"out_stock_days":null,"lost_sales":null,"has_location":false,"update_date":"2025-12-05T10:58:09","atum_locations":[],"atum_stock_status":"instock","restock_status":false,"low_stock_amount":"","sales_update_date":"2025-12-05T10:58:09","calc_backorders":null,"yoast_head":"<!-- This site is optimized with the Yoast SEO plugin v26.9 - https:\/\/yoast.com\/product\/yoast-seo-wordpress\/ -->\n<title>Pruunid sirge l\u00f5ikega tekstiilp\u00fcksid - Karini Butiik<\/title>\n<meta name=\"description\" content=\"Pruunid sirge l\u00f5ikega tekstiilp\u00fcksid paksemast kangast. Kvaliteetsed, vormi hoidvad ja mitmek\u00fclgsed p\u00fcksid igap\u00e4evaseks v\u00f5i viisakaks stiiliks.\" \/>\n<meta name=\"robots\" content=\"index, follow, max-snippet:-1, max-image-preview:large, max-video-preview:-1\" \/>\n<link rel=\"canonical\" href=\"https:\/\/www.karinibutiik.ee\/en\/product-2\/pruunid-sirge-loikega-tekstiilpuksid\/\" \/>\n<meta property=\"og:locale\" content=\"en_GB\" \/>\n<meta property=\"og:type\" content=\"article\" \/>\n<meta property=\"og:title\" content=\"Pruunid sirge l\u00f5ikega tekstiilp\u00fcksid - Karini Butiik\" \/>\n<meta property=\"og:description\" content=\"Pruunid sirge l\u00f5ikega tekstiilp\u00fcksid paksemast kangast. Kvaliteetsed, vormi hoidvad ja mitmek\u00fclgsed p\u00fcksid igap\u00e4evaseks v\u00f5i viisakaks stiiliks.\" \/>\n<meta property=\"og:url\" content=\"https:\/\/www.karinibutiik.ee\/en\/product-2\/pruunid-sirge-loikega-tekstiilpuksid\/\" \/>\n<meta property=\"og:site_name\" content=\"Karini Butiik\" \/>\n<meta property=\"article:publisher\" content=\"https:\/\/www.facebook.com\/karinibutiik.ee\" \/>\n<meta property=\"og:image\" content=\"https:\/\/www.karinibutiik.ee\/wp-content\/uploads\/2025\/11\/8804B451-A914-44C4-96A5-084705297EB2-scaled.jpeg\" \/>\n\t<meta property=\"og:image:width\" content=\"1837\" \/>\n\t<meta property=\"og:image:height\" content=\"2560\" \/>\n\t<meta property=\"og:image:type\" content=\"image\/jpeg\" \/>\n<meta name=\"twitter:card\" content=\"summary_large_image\" \/>\n<meta name=\"twitter:label1\" content=\"Availability\" \/>\n\t<meta name=\"twitter:data1\" content=\"In stock\" \/>\n<script type=\"application\/ld+json\" class=\"yoast-schema-graph\">{\"@context\":\"https:\/\/schema.org\",\"@graph\":[{\"@type\":\"WebPage\",\"@id\":\"https:\/\/www.karinibutiik.ee\/toode\/pruunid-sirge-loikega-tekstiilpuksid\/\",\"url\":\"https:\/\/www.karinibutiik.ee\/toode\/pruunid-sirge-loikega-tekstiilpuksid\/\",\"name\":\"Pruunid sirge l\u00f5ikega tekstiilp\u00fcksid - Karini Butiik\",\"isPartOf\":{\"@id\":\"https:\/\/www.karinibutiik.ee\/#website\"},\"primaryImageOfPage\":{\"@id\":\"https:\/\/www.karinibutiik.ee\/toode\/pruunid-sirge-loikega-tekstiilpuksid\/#primaryimage\"},\"image\":{\"@id\":\"https:\/\/www.karinibutiik.ee\/toode\/pruunid-sirge-loikega-tekstiilpuksid\/#primaryimage\"},\"thumbnailUrl\":\"https:\/\/www.karinibutiik.ee\/wp-content\/uploads\/2025\/11\/8804B451-A914-44C4-96A5-084705297EB2-scaled.jpeg\",\"datePublished\":\"2025-12-02T12:04:38+00:00\",\"description\":\"Pruunid sirge l\u00f5ikega tekstiilp\u00fcksid paksemast kangast. Kvaliteetsed, vormi hoidvad ja mitmek\u00fclgsed p\u00fcksid igap\u00e4evaseks v\u00f5i viisakaks stiiliks.\",\"breadcrumb\":{\"@id\":\"https:\/\/www.karinibutiik.ee\/toode\/pruunid-sirge-loikega-tekstiilpuksid\/#breadcrumb\"},\"inLanguage\":\"en-GB\",\"potentialAction\":[{\"@type\":\"ReadAction\",\"target\":[\"https:\/\/www.karinibutiik.ee\/toode\/pruunid-sirge-loikega-tekstiilpuksid\/\"]}]},{\"@type\":\"ImageObject\",\"inLanguage\":\"en-GB\",\"@id\":\"https:\/\/www.karinibutiik.ee\/toode\/pruunid-sirge-loikega-tekstiilpuksid\/#primaryimage\",\"url\":\"https:\/\/www.karinibutiik.ee\/wp-content\/uploads\/2025\/11\/8804B451-A914-44C4-96A5-084705297EB2-scaled.jpeg\",\"contentUrl\":\"https:\/\/www.karinibutiik.ee\/wp-content\/uploads\/2025\/11\/8804B451-A914-44C4-96A5-084705297EB2-scaled.jpeg\",\"width\":1837,\"height\":2560},{\"@type\":\"BreadcrumbList\",\"@id\":\"https:\/\/www.karinibutiik.ee\/toode\/pruunid-sirge-loikega-tekstiilpuksid\/#breadcrumb\",\"itemListElement\":[{\"@type\":\"ListItem\",\"position\":1,\"name\":\"Home\",\"item\":\"https:\/\/www.karinibutiik.ee\/\"},{\"@type\":\"ListItem\",\"position\":2,\"name\":\"Pood\",\"item\":\"https:\/\/www.karinibutiik.ee\/pood\/\"},{\"@type\":\"ListItem\",\"position\":3,\"name\":\"Pruunid sirge l\u00f5ikega tekstiilp\u00fcksid\"}]},{\"@type\":\"WebSite\",\"@id\":\"https:\/\/www.karinibutiik.ee\/#website\",\"url\":\"https:\/\/www.karinibutiik.ee\/\",\"name\":\"Karini Butiik\",\"description\":\"\",\"publisher\":{\"@id\":\"https:\/\/www.karinibutiik.ee\/#organization\"},\"potentialAction\":[{\"@type\":\"SearchAction\",\"target\":{\"@type\":\"EntryPoint\",\"urlTemplate\":\"https:\/\/www.karinibutiik.ee\/?s={search_term_string}\"},\"query-input\":{\"@type\":\"PropertyValueSpecification\",\"valueRequired\":true,\"valueName\":\"search_term_string\"}}],\"inLanguage\":\"en-GB\"},{\"@type\":\"Organization\",\"@id\":\"https:\/\/www.karinibutiik.ee\/#organization\",\"name\":\"Karini Butiik\",\"url\":\"https:\/\/www.karinibutiik.ee\/\",\"logo\":{\"@type\":\"ImageObject\",\"inLanguage\":\"en-GB\",\"@id\":\"https:\/\/www.karinibutiik.ee\/#\/schema\/logo\/image\/\",\"url\":\"https:\/\/www.karinibutiik.ee\/wp-content\/uploads\/2024\/10\/Kuj.-K-koopia.png\",\"contentUrl\":\"https:\/\/www.karinibutiik.ee\/wp-content\/uploads\/2024\/10\/Kuj.-K-koopia.png\",\"width\":500,\"height\":500,\"caption\":\"Karini Butiik\"},\"image\":{\"@id\":\"https:\/\/www.karinibutiik.ee\/#\/schema\/logo\/image\/\"},\"sameAs\":[\"https:\/\/www.facebook.com\/karinibutiik.ee\",\"https:\/\/www.instagram.com\/karinibutiik\"]}]}<\/script>\n<meta property=\"og:availability\" content=\"instock\" \/>\n<meta property=\"product:availability\" content=\"instock\" \/>\n<meta property=\"product:retailer_item_id\" content=\"6102-5\" \/>\n<meta property=\"product:condition\" content=\"new\" \/>\n<!-- \/ Yoast SEO plugin. -->","yoast_head_json":{"title":"Pruunid sirge l\u00f5ikega tekstiilp\u00fcksid - Karini Butiik","description":"Pruunid sirge l\u00f5ikega tekstiilp\u00fcksid paksemast kangast. Kvaliteetsed, vormi hoidvad ja mitmek\u00fclgsed p\u00fcksid igap\u00e4evaseks v\u00f5i viisakaks stiiliks.","robots":{"index":"index","follow":"follow","max-snippet":"max-snippet:-1","max-image-preview":"max-image-preview:large","max-video-preview":"max-video-preview:-1"},"canonical":"https:\/\/www.karinibutiik.ee\/en\/product-2\/pruunid-sirge-loikega-tekstiilpuksid\/","og_locale":"en_GB","og_type":"article","og_title":"Pruunid sirge l\u00f5ikega tekstiilp\u00fcksid - Karini Butiik","og_description":"Pruunid sirge l\u00f5ikega tekstiilp\u00fcksid paksemast kangast. Kvaliteetsed, vormi hoidvad ja mitmek\u00fclgsed p\u00fcksid igap\u00e4evaseks v\u00f5i viisakaks stiiliks.","og_url":"https:\/\/www.karinibutiik.ee\/en\/product-2\/pruunid-sirge-loikega-tekstiilpuksid\/","og_site_name":"Karini Butiik","article_publisher":"https:\/\/www.facebook.com\/karinibutiik.ee","og_image":[{"width":1837,"height":2560,"url":"https:\/\/www.karinibutiik.ee\/wp-content\/uploads\/2025\/11\/8804B451-A914-44C4-96A5-084705297EB2-scaled.jpeg","type":"image\/jpeg"}],"twitter_card":"summary_large_image","twitter_misc":{"Availability":"In stock"},"schema":{"@context":"https:\/\/schema.org","@graph":[{"@type":"WebPage","@id":"https:\/\/www.karinibutiik.ee\/toode\/pruunid-sirge-loikega-tekstiilpuksid\/","url":"https:\/\/www.karinibutiik.ee\/toode\/pruunid-sirge-loikega-tekstiilpuksid\/","name":"Pruunid sirge l\u00f5ikega tekstiilp\u00fcksid - Karini Butiik","isPartOf":{"@id":"https:\/\/www.karinibutiik.ee\/#website"},"primaryImageOfPage":{"@id":"https:\/\/www.karinibutiik.ee\/toode\/pruunid-sirge-loikega-tekstiilpuksid\/#primaryimage"},"image":{"@id":"https:\/\/www.karinibutiik.ee\/toode\/pruunid-sirge-loikega-tekstiilpuksid\/#primaryimage"},"thumbnailUrl":"https:\/\/www.karinibutiik.ee\/wp-content\/uploads\/2025\/11\/8804B451-A914-44C4-96A5-084705297EB2-scaled.jpeg","datePublished":"2025-12-02T12:04:38+00:00","description":"Pruunid sirge l\u00f5ikega tekstiilp\u00fcksid paksemast kangast. Kvaliteetsed, vormi hoidvad ja mitmek\u00fclgsed p\u00fcksid igap\u00e4evaseks v\u00f5i viisakaks stiiliks.","breadcrumb":{"@id":"https:\/\/www.karinibutiik.ee\/toode\/pruunid-sirge-loikega-tekstiilpuksid\/#breadcrumb"},"inLanguage":"en-GB","potentialAction":[{"@type":"ReadAction","target":["https:\/\/www.karinibutiik.ee\/toode\/pruunid-sirge-loikega-tekstiilpuksid\/"]}]},{"@type":"ImageObject","inLanguage":"en-GB","@id":"https:\/\/www.karinibutiik.ee\/toode\/pruunid-sirge-loikega-tekstiilpuksid\/#primaryimage","url":"https:\/\/www.karinibutiik.ee\/wp-content\/uploads\/2025\/11\/8804B451-A914-44C4-96A5-084705297EB2-scaled.jpeg","contentUrl":"https:\/\/www.karinibutiik.ee\/wp-content\/uploads\/2025\/11\/8804B451-A914-44C4-96A5-084705297EB2-scaled.jpeg","width":1837,"height":2560},{"@type":"BreadcrumbList","@id":"https:\/\/www.karinibutiik.ee\/toode\/pruunid-sirge-loikega-tekstiilpuksid\/#breadcrumb","itemListElement":[{"@type":"ListItem","position":1,"name":"Home","item":"https:\/\/www.karinibutiik.ee\/"},{"@type":"ListItem","position":2,"name":"Pood","item":"https:\/\/www.karinibutiik.ee\/pood\/"},{"@type":"ListItem","position":3,"name":"Pruunid sirge l\u00f5ikega tekstiilp\u00fcksid"}]},{"@type":"WebSite","@id":"https:\/\/www.karinibutiik.ee\/#website","url":"https:\/\/www.karinibutiik.ee\/","name":"Karini Butiik","description":"","publisher":{"@id":"https:\/\/www.karinibutiik.ee\/#organization"},"potentialAction":[{"@type":"SearchAction","target":{"@type":"EntryPoint","urlTemplate":"https:\/\/www.karinibutiik.ee\/?s={search_term_string}"},"query-input":{"@type":"PropertyValueSpecification","valueRequired":true,"valueName":"search_term_string"}}],"inLanguage":"en-GB"},{"@type":"Organization","@id":"https:\/\/www.karinibutiik.ee\/#organization","name":"Karini Butiik","url":"https:\/\/www.karinibutiik.ee\/","logo":{"@type":"ImageObject","inLanguage":"en-GB","@id":"https:\/\/www.karinibutiik.ee\/#\/schema\/logo\/image\/","url":"https:\/\/www.karinibutiik.ee\/wp-content\/uploads\/2024\/10\/Kuj.-K-koopia.png","contentUrl":"https:\/\/www.karinibutiik.ee\/wp-content\/uploads\/2024\/10\/Kuj.-K-koopia.png","width":500,"height":500,"caption":"Karini Butiik"},"image":{"@id":"https:\/\/www.karinibutiik.ee\/#\/schema\/logo\/image\/"},"sameAs":["https:\/\/www.facebook.com\/karinibutiik.ee","https:\/\/www.instagram.com\/karinibutiik"]}]},"og_availability":"instock","product_availability":"instock","product_retailer_item_id":"6102-5","product_condition":"new"},"_links":{"self":[{"href":"https:\/\/www.karinibutiik.ee\/en\/wp-json\/wp\/v2\/product\/25468","targetHints":{"allow":["GET"]}}],"collection":[{"href":"https:\/\/www.karinibutiik.ee\/en\/wp-json\/wp\/v2\/product"}],"about":[{"href":"https:\/\/www.karinibutiik.ee\/en\/wp-json\/wp\/v2\/types\/product"}],"version-history":[{"count":1,"href":"https:\/\/www.karinibutiik.ee\/en\/wp-json\/wp\/v2\/product\/25468\/revisions"}],"predecessor-version":[{"id":25473,"href":"https:\/\/www.karinibutiik.ee\/en\/wp-json\/wp\/v2\/product\/25468\/revisions\/25473"}],"wp:featuredmedia":[{"embeddable":true,"href":"https:\/\/www.karinibutiik.ee\/en\/wp-json\/wp\/v2\/media\/25373"}],"wp:attachment":[{"href":"https:\/\/www.karinibutiik.ee\/en\/wp-json\/wp\/v2\/media?parent=25468"}],"wp:term":[{"taxonomy":"product_brand","embeddable":true,"href":"https:\/\/www.karinibutiik.ee\/en\/wp-json\/wp\/v2\/product_brand?post=25468"},{"taxonomy":"product_cat","embeddable":true,"href":"https:\/\/www.karinibutiik.ee\/en\/wp-json\/wp\/v2\/product_cat?post=25468"},{"taxonomy":"product_tag","embeddable":true,"href":"https:\/\/www.karinibutiik.ee\/en\/wp-json\/wp\/v2\/product_tag?post=25468"}],"curies":[{"name":"wp","href":"https:\/\/api.w.org\/{rel}","templated":true}]}}