{"id":25482,"date":"2025-12-02T14:23:49","date_gmt":"2025-12-02T12:23:49","guid":{"rendered":"https:\/\/www.karinibutiik.ee\/?post_type=product&#038;p=25482"},"modified":"2026-04-08T13:14:28","modified_gmt":"2026-04-08T10:14:28","slug":"mustad-sirge-loikega-paksemad-tekstiilpuksid","status":"publish","type":"product","link":"https:\/\/www.karinibutiik.ee\/en\/product-2\/mustad-sirge-loikega-paksemad-tekstiilpuksid\/","title":{"rendered":"Mustad sirge l\u00f5ikega paksemad tekstiilp\u00fcksid"},"content":{"rendered":"<p data-start=\"271\" data-end=\"732\">Ajatud ja \u0161ikid mustad sirge l\u00f5ikega tekstiilp\u00fcksid on ideaalne valik naisele, kes soovib alati v\u00e4lja n\u00e4ha stiilne, puhas ja enesekindel. Paksem ja kvaliteetne kangas hoiab suurep\u00e4raselt vormi ning langeb kaunilt, luues sirge ja viisaka silueti.<br data-start=\"520\" data-end=\"523\" \/>Klassikaline l\u00f5ige sobib nii t\u00f6\u00f6p\u00e4evadeks, kontoristiiliks, \u00fcritusteks kui ka igap\u00e4evaseks smart-casual kandmiseks. Must v\u00e4rvus muudab p\u00fcksid eriti universaalseks ja h\u00f5lpsalt kombineeritavaks iga garderoobiga.<\/p>\n<p data-start=\"734\" data-end=\"822\">Saadaval suurustes S, M ja L, et tagada kaunis istuvus erinevatele kehakujudele.<\/p>","protected":false},"excerpt":{"rendered":"<p>Ajatud ja \u0161ikid mustad sirge l\u00f5ikega tekstiilp\u00fcksid on ideaalne valik naisele, kes soovib alati v\u00e4lja n\u00e4ha stiilne, puhas ja enesekindel. [&hellip;]<\/p>\n","protected":false},"featured_media":25368,"template":"","meta":{"site-sidebar-layout":"default","site-content-layout":"","ast-site-content-layout":"default","site-content-style":"default","site-sidebar-style":"default","ast-global-header-display":"","ast-banner-title-visibility":"","ast-main-header-display":"","ast-hfb-above-header-display":"","ast-hfb-below-header-display":"","ast-hfb-mobile-header-display":"","site-post-title":"","ast-breadcrumbs-content":"","ast-featured-img":"","footer-sml-layout":"","ast-disable-related-posts":"","theme-transparent-header-meta":"default","adv-header-id-meta":"","stick-header-meta":"default","header-above-stick-meta":"","header-main-stick-meta":"","header-below-stick-meta":"","astra-migrate-meta-layouts":"set","ast-page-background-enabled":"default","ast-page-background-meta":{"desktop":{"background-color":"var(--ast-global-color-4)","background-image":"","background-repeat":"repeat","background-position":"center center","background-size":"auto","background-attachment":"scroll","background-type":"","background-media":"","overlay-type":"","overlay-color":"","overlay-opacity":"","overlay-gradient":""},"tablet":{"background-color":"","background-image":"","background-repeat":"repeat","background-position":"center center","background-size":"auto","background-attachment":"scroll","background-type":"","background-media":"","overlay-type":"","overlay-color":"","overlay-opacity":"","overlay-gradient":""},"mobile":{"background-color":"","background-image":"","background-repeat":"repeat","background-position":"center center","background-size":"auto","background-attachment":"scroll","background-type":"","background-media":"","overlay-type":"","overlay-color":"","overlay-opacity":"","overlay-gradient":""}},"ast-content-background-meta":{"desktop":{"background-color":"var(--ast-global-color-5)","background-image":"","background-repeat":"repeat","background-position":"center center","background-size":"auto","background-attachment":"scroll","background-type":"","background-media":"","overlay-type":"","overlay-color":"","overlay-opacity":"","overlay-gradient":""},"tablet":{"background-color":"var(--ast-global-color-5)","background-image":"","background-repeat":"repeat","background-position":"center center","background-size":"auto","background-attachment":"scroll","background-type":"","background-media":"","overlay-type":"","overlay-color":"","overlay-opacity":"","overlay-gradient":""},"mobile":{"background-color":"var(--ast-global-color-5)","background-image":"","background-repeat":"repeat","background-position":"center center","background-size":"auto","background-attachment":"scroll","background-type":"","background-media":"","overlay-type":"","overlay-color":"","overlay-opacity":"","overlay-gradient":""}}},"product_brand":[],"product_cat":[356,351],"product_tag":[1379,501,2357,1553,1077,518,2358,2355,2346,1347,2344],"class_list":{"0":"post-25482","1":"product","2":"type-product","3":"status-publish","4":"has-post-thumbnail","6":"product_cat-tekstiilpuksid","7":"product_cat-uued-tooted","8":"product_tag-elegantsed-puksid","9":"product_tag-karini-butiik","10":"product_tag-klassikalised-puksid-naistele","11":"product_tag-kontoripuksid","12":"product_tag-mugavad-puksid","13":"product_tag-mustad-puksid","14":"product_tag-mustad-sirge-loikega-puksid","15":"product_tag-paksemad-tekstiilpuksid","16":"product_tag-s-m-l-puksid","17":"product_tag-sirge-loikega-puksid","18":"product_tag-smart-casual-puksid","19":"desktop-align-center","20":"tablet-align-center","21":"mobile-align-center","22":"ast-product-gallery-layout-horizontal-slider","23":"ast-product-single-variable","24":"ast-product-tabs-layout-horizontal","26":"first","27":"instock","28":"taxable","29":"shipping-taxable","30":"purchasable","31":"product-type-variable"},"supplier_id":null,"supplier_sku":"","barcode":null,"atum_controlled":true,"out_stock_date":null,"out_stock_threshold":null,"inheritable":true,"inbound_stock":null,"stock_on_hold":0,"sold_today":null,"sales_last_days":null,"reserved_stock":0,"customer_returns":null,"warehouse_damage":0,"lost_in_post":null,"other_logs":0,"out_stock_days":null,"lost_sales":null,"has_location":false,"update_date":"2025-12-05T10:58:09","atum_locations":[],"atum_stock_status":"instock","restock_status":false,"low_stock_amount":"","sales_update_date":"2025-12-05T10:58:09","calc_backorders":null,"yoast_head":"<!-- This site is optimized with the Yoast SEO plugin v26.9 - https:\/\/yoast.com\/product\/yoast-seo-wordpress\/ -->\n<title>Mustad sirge l\u00f5ikega paksemad tekstiilp\u00fcksid - Karini Butiik<\/title>\n<meta name=\"description\" content=\"Mustad sirge l\u00f5ikega paksemast kangast naiste tekstiilp\u00fcksid. Elegantne ja vormi hoidev klassikaline mudel igaks p\u00e4evaks.\" \/>\n<meta name=\"robots\" content=\"index, follow, max-snippet:-1, max-image-preview:large, max-video-preview:-1\" \/>\n<link rel=\"canonical\" href=\"https:\/\/www.karinibutiik.ee\/en\/product-2\/mustad-sirge-loikega-paksemad-tekstiilpuksid\/\" \/>\n<meta property=\"og:locale\" content=\"en_GB\" \/>\n<meta property=\"og:type\" content=\"article\" \/>\n<meta property=\"og:title\" content=\"Mustad sirge l\u00f5ikega paksemad tekstiilp\u00fcksid - Karini Butiik\" \/>\n<meta property=\"og:description\" content=\"Mustad sirge l\u00f5ikega paksemast kangast naiste tekstiilp\u00fcksid. Elegantne ja vormi hoidev klassikaline mudel igaks p\u00e4evaks.\" \/>\n<meta property=\"og:url\" content=\"https:\/\/www.karinibutiik.ee\/en\/product-2\/mustad-sirge-loikega-paksemad-tekstiilpuksid\/\" \/>\n<meta property=\"og:site_name\" content=\"Karini Butiik\" \/>\n<meta property=\"article:publisher\" content=\"https:\/\/www.facebook.com\/karinibutiik.ee\" \/>\n<meta property=\"article:modified_time\" content=\"2026-04-08T10:14:28+00:00\" \/>\n<meta property=\"og:image\" content=\"https:\/\/www.karinibutiik.ee\/wp-content\/uploads\/2025\/11\/26C676ED-669E-456B-8B55-D23B0FDA7D86-scaled.jpeg\" \/>\n\t<meta property=\"og:image:width\" content=\"1865\" \/>\n\t<meta property=\"og:image:height\" content=\"2560\" \/>\n\t<meta property=\"og:image:type\" content=\"image\/jpeg\" \/>\n<meta name=\"twitter:card\" content=\"summary_large_image\" \/>\n<meta name=\"twitter:label1\" content=\"Availability\" \/>\n\t<meta name=\"twitter:data1\" content=\"In stock\" \/>\n<script type=\"application\/ld+json\" class=\"yoast-schema-graph\">{\"@context\":\"https:\/\/schema.org\",\"@graph\":[{\"@type\":\"WebPage\",\"@id\":\"https:\/\/www.karinibutiik.ee\/toode\/mustad-sirge-loikega-paksemad-tekstiilpuksid\/\",\"url\":\"https:\/\/www.karinibutiik.ee\/toode\/mustad-sirge-loikega-paksemad-tekstiilpuksid\/\",\"name\":\"Mustad sirge l\u00f5ikega paksemad tekstiilp\u00fcksid - Karini Butiik\",\"isPartOf\":{\"@id\":\"https:\/\/www.karinibutiik.ee\/#website\"},\"primaryImageOfPage\":{\"@id\":\"https:\/\/www.karinibutiik.ee\/toode\/mustad-sirge-loikega-paksemad-tekstiilpuksid\/#primaryimage\"},\"image\":{\"@id\":\"https:\/\/www.karinibutiik.ee\/toode\/mustad-sirge-loikega-paksemad-tekstiilpuksid\/#primaryimage\"},\"thumbnailUrl\":\"https:\/\/www.karinibutiik.ee\/wp-content\/uploads\/2025\/11\/26C676ED-669E-456B-8B55-D23B0FDA7D86-scaled.jpeg\",\"datePublished\":\"2025-12-02T12:23:49+00:00\",\"dateModified\":\"2026-04-08T10:14:28+00:00\",\"description\":\"Mustad sirge l\u00f5ikega paksemast kangast naiste tekstiilp\u00fcksid. Elegantne ja vormi hoidev klassikaline mudel igaks p\u00e4evaks.\",\"breadcrumb\":{\"@id\":\"https:\/\/www.karinibutiik.ee\/toode\/mustad-sirge-loikega-paksemad-tekstiilpuksid\/#breadcrumb\"},\"inLanguage\":\"en-GB\",\"potentialAction\":[{\"@type\":\"ReadAction\",\"target\":[\"https:\/\/www.karinibutiik.ee\/toode\/mustad-sirge-loikega-paksemad-tekstiilpuksid\/\"]}]},{\"@type\":\"ImageObject\",\"inLanguage\":\"en-GB\",\"@id\":\"https:\/\/www.karinibutiik.ee\/toode\/mustad-sirge-loikega-paksemad-tekstiilpuksid\/#primaryimage\",\"url\":\"https:\/\/www.karinibutiik.ee\/wp-content\/uploads\/2025\/11\/26C676ED-669E-456B-8B55-D23B0FDA7D86-scaled.jpeg\",\"contentUrl\":\"https:\/\/www.karinibutiik.ee\/wp-content\/uploads\/2025\/11\/26C676ED-669E-456B-8B55-D23B0FDA7D86-scaled.jpeg\",\"width\":1865,\"height\":2560},{\"@type\":\"BreadcrumbList\",\"@id\":\"https:\/\/www.karinibutiik.ee\/toode\/mustad-sirge-loikega-paksemad-tekstiilpuksid\/#breadcrumb\",\"itemListElement\":[{\"@type\":\"ListItem\",\"position\":1,\"name\":\"Home\",\"item\":\"https:\/\/www.karinibutiik.ee\/\"},{\"@type\":\"ListItem\",\"position\":2,\"name\":\"Pood\",\"item\":\"https:\/\/www.karinibutiik.ee\/pood\/\"},{\"@type\":\"ListItem\",\"position\":3,\"name\":\"Mustad sirge l\u00f5ikega paksemad tekstiilp\u00fcksid\"}]},{\"@type\":\"WebSite\",\"@id\":\"https:\/\/www.karinibutiik.ee\/#website\",\"url\":\"https:\/\/www.karinibutiik.ee\/\",\"name\":\"Karini Butiik\",\"description\":\"\",\"publisher\":{\"@id\":\"https:\/\/www.karinibutiik.ee\/#organization\"},\"potentialAction\":[{\"@type\":\"SearchAction\",\"target\":{\"@type\":\"EntryPoint\",\"urlTemplate\":\"https:\/\/www.karinibutiik.ee\/?s={search_term_string}\"},\"query-input\":{\"@type\":\"PropertyValueSpecification\",\"valueRequired\":true,\"valueName\":\"search_term_string\"}}],\"inLanguage\":\"en-GB\"},{\"@type\":\"Organization\",\"@id\":\"https:\/\/www.karinibutiik.ee\/#organization\",\"name\":\"Karini Butiik\",\"url\":\"https:\/\/www.karinibutiik.ee\/\",\"logo\":{\"@type\":\"ImageObject\",\"inLanguage\":\"en-GB\",\"@id\":\"https:\/\/www.karinibutiik.ee\/#\/schema\/logo\/image\/\",\"url\":\"https:\/\/www.karinibutiik.ee\/wp-content\/uploads\/2024\/10\/Kuj.-K-koopia.png\",\"contentUrl\":\"https:\/\/www.karinibutiik.ee\/wp-content\/uploads\/2024\/10\/Kuj.-K-koopia.png\",\"width\":500,\"height\":500,\"caption\":\"Karini Butiik\"},\"image\":{\"@id\":\"https:\/\/www.karinibutiik.ee\/#\/schema\/logo\/image\/\"},\"sameAs\":[\"https:\/\/www.facebook.com\/karinibutiik.ee\",\"https:\/\/www.instagram.com\/karinibutiik\"]}]}<\/script>\n<meta property=\"og:availability\" content=\"instock\" \/>\n<meta property=\"product:availability\" content=\"instock\" \/>\n<meta property=\"product:retailer_item_id\" content=\"26906\" \/>\n<meta property=\"product:condition\" content=\"new\" \/>\n<!-- \/ Yoast SEO plugin. -->","yoast_head_json":{"title":"Mustad sirge l\u00f5ikega paksemad tekstiilp\u00fcksid - Karini Butiik","description":"Mustad sirge l\u00f5ikega paksemast kangast naiste tekstiilp\u00fcksid. Elegantne ja vormi hoidev klassikaline mudel igaks p\u00e4evaks.","robots":{"index":"index","follow":"follow","max-snippet":"max-snippet:-1","max-image-preview":"max-image-preview:large","max-video-preview":"max-video-preview:-1"},"canonical":"https:\/\/www.karinibutiik.ee\/en\/product-2\/mustad-sirge-loikega-paksemad-tekstiilpuksid\/","og_locale":"en_GB","og_type":"article","og_title":"Mustad sirge l\u00f5ikega paksemad tekstiilp\u00fcksid - Karini Butiik","og_description":"Mustad sirge l\u00f5ikega paksemast kangast naiste tekstiilp\u00fcksid. Elegantne ja vormi hoidev klassikaline mudel igaks p\u00e4evaks.","og_url":"https:\/\/www.karinibutiik.ee\/en\/product-2\/mustad-sirge-loikega-paksemad-tekstiilpuksid\/","og_site_name":"Karini Butiik","article_publisher":"https:\/\/www.facebook.com\/karinibutiik.ee","article_modified_time":"2026-04-08T10:14:28+00:00","og_image":[{"width":1865,"height":2560,"url":"https:\/\/www.karinibutiik.ee\/wp-content\/uploads\/2025\/11\/26C676ED-669E-456B-8B55-D23B0FDA7D86-scaled.jpeg","type":"image\/jpeg"}],"twitter_card":"summary_large_image","twitter_misc":{"Availability":"In stock"},"schema":{"@context":"https:\/\/schema.org","@graph":[{"@type":"WebPage","@id":"https:\/\/www.karinibutiik.ee\/toode\/mustad-sirge-loikega-paksemad-tekstiilpuksid\/","url":"https:\/\/www.karinibutiik.ee\/toode\/mustad-sirge-loikega-paksemad-tekstiilpuksid\/","name":"Mustad sirge l\u00f5ikega paksemad tekstiilp\u00fcksid - Karini Butiik","isPartOf":{"@id":"https:\/\/www.karinibutiik.ee\/#website"},"primaryImageOfPage":{"@id":"https:\/\/www.karinibutiik.ee\/toode\/mustad-sirge-loikega-paksemad-tekstiilpuksid\/#primaryimage"},"image":{"@id":"https:\/\/www.karinibutiik.ee\/toode\/mustad-sirge-loikega-paksemad-tekstiilpuksid\/#primaryimage"},"thumbnailUrl":"https:\/\/www.karinibutiik.ee\/wp-content\/uploads\/2025\/11\/26C676ED-669E-456B-8B55-D23B0FDA7D86-scaled.jpeg","datePublished":"2025-12-02T12:23:49+00:00","dateModified":"2026-04-08T10:14:28+00:00","description":"Mustad sirge l\u00f5ikega paksemast kangast naiste tekstiilp\u00fcksid. Elegantne ja vormi hoidev klassikaline mudel igaks p\u00e4evaks.","breadcrumb":{"@id":"https:\/\/www.karinibutiik.ee\/toode\/mustad-sirge-loikega-paksemad-tekstiilpuksid\/#breadcrumb"},"inLanguage":"en-GB","potentialAction":[{"@type":"ReadAction","target":["https:\/\/www.karinibutiik.ee\/toode\/mustad-sirge-loikega-paksemad-tekstiilpuksid\/"]}]},{"@type":"ImageObject","inLanguage":"en-GB","@id":"https:\/\/www.karinibutiik.ee\/toode\/mustad-sirge-loikega-paksemad-tekstiilpuksid\/#primaryimage","url":"https:\/\/www.karinibutiik.ee\/wp-content\/uploads\/2025\/11\/26C676ED-669E-456B-8B55-D23B0FDA7D86-scaled.jpeg","contentUrl":"https:\/\/www.karinibutiik.ee\/wp-content\/uploads\/2025\/11\/26C676ED-669E-456B-8B55-D23B0FDA7D86-scaled.jpeg","width":1865,"height":2560},{"@type":"BreadcrumbList","@id":"https:\/\/www.karinibutiik.ee\/toode\/mustad-sirge-loikega-paksemad-tekstiilpuksid\/#breadcrumb","itemListElement":[{"@type":"ListItem","position":1,"name":"Home","item":"https:\/\/www.karinibutiik.ee\/"},{"@type":"ListItem","position":2,"name":"Pood","item":"https:\/\/www.karinibutiik.ee\/pood\/"},{"@type":"ListItem","position":3,"name":"Mustad sirge l\u00f5ikega paksemad tekstiilp\u00fcksid"}]},{"@type":"WebSite","@id":"https:\/\/www.karinibutiik.ee\/#website","url":"https:\/\/www.karinibutiik.ee\/","name":"Karini Butiik","description":"","publisher":{"@id":"https:\/\/www.karinibutiik.ee\/#organization"},"potentialAction":[{"@type":"SearchAction","target":{"@type":"EntryPoint","urlTemplate":"https:\/\/www.karinibutiik.ee\/?s={search_term_string}"},"query-input":{"@type":"PropertyValueSpecification","valueRequired":true,"valueName":"search_term_string"}}],"inLanguage":"en-GB"},{"@type":"Organization","@id":"https:\/\/www.karinibutiik.ee\/#organization","name":"Karini Butiik","url":"https:\/\/www.karinibutiik.ee\/","logo":{"@type":"ImageObject","inLanguage":"en-GB","@id":"https:\/\/www.karinibutiik.ee\/#\/schema\/logo\/image\/","url":"https:\/\/www.karinibutiik.ee\/wp-content\/uploads\/2024\/10\/Kuj.-K-koopia.png","contentUrl":"https:\/\/www.karinibutiik.ee\/wp-content\/uploads\/2024\/10\/Kuj.-K-koopia.png","width":500,"height":500,"caption":"Karini Butiik"},"image":{"@id":"https:\/\/www.karinibutiik.ee\/#\/schema\/logo\/image\/"},"sameAs":["https:\/\/www.facebook.com\/karinibutiik.ee","https:\/\/www.instagram.com\/karinibutiik"]}]},"og_availability":"instock","product_availability":"instock","product_retailer_item_id":"26906","product_condition":"new"},"_links":{"self":[{"href":"https:\/\/www.karinibutiik.ee\/en\/wp-json\/wp\/v2\/product\/25482","targetHints":{"allow":["GET"]}}],"collection":[{"href":"https:\/\/www.karinibutiik.ee\/en\/wp-json\/wp\/v2\/product"}],"about":[{"href":"https:\/\/www.karinibutiik.ee\/en\/wp-json\/wp\/v2\/types\/product"}],"version-history":[{"count":1,"href":"https:\/\/www.karinibutiik.ee\/en\/wp-json\/wp\/v2\/product\/25482\/revisions"}],"predecessor-version":[{"id":25486,"href":"https:\/\/www.karinibutiik.ee\/en\/wp-json\/wp\/v2\/product\/25482\/revisions\/25486"}],"wp:featuredmedia":[{"embeddable":true,"href":"https:\/\/www.karinibutiik.ee\/en\/wp-json\/wp\/v2\/media\/25368"}],"wp:attachment":[{"href":"https:\/\/www.karinibutiik.ee\/en\/wp-json\/wp\/v2\/media?parent=25482"}],"wp:term":[{"taxonomy":"product_brand","embeddable":true,"href":"https:\/\/www.karinibutiik.ee\/en\/wp-json\/wp\/v2\/product_brand?post=25482"},{"taxonomy":"product_cat","embeddable":true,"href":"https:\/\/www.karinibutiik.ee\/en\/wp-json\/wp\/v2\/product_cat?post=25482"},{"taxonomy":"product_tag","embeddable":true,"href":"https:\/\/www.karinibutiik.ee\/en\/wp-json\/wp\/v2\/product_tag?post=25482"}],"curies":[{"name":"wp","href":"https:\/\/api.w.org\/{rel}","templated":true}]}}