{"id":26133,"date":"2026-02-22T13:55:59","date_gmt":"2026-02-22T11:55:59","guid":{"rendered":"https:\/\/www.karinibutiik.ee\/?post_type=product&#038;p=26133"},"modified":"2026-02-28T13:07:05","modified_gmt":"2026-02-28T11:07:05","slug":"pehme-oversize-kampsun-2","status":"publish","type":"product","link":"https:\/\/www.karinibutiik.ee\/en\/product-2\/pehme-oversize-kampsun-2\/","title":{"rendered":"Pehme oversize kampsun"},"content":{"rendered":"<p>M\u00f5nusalt pehme oversize l\u00f5ikega kampsun, mis \u00fchendab stiili ja maksimaalse mugavuse. Saadaval kahes \u00f5rnas toonis \u2013 heleroosa ja pastellkollane \u2013 sobitudes ideaalselt igap\u00e4evaseks kandmiseks ning kihiliseks stiliseerimiseks. Universaalne \u00fcks suurus sobib S\u2013L kandjale, pakkudes vaba ja trendikat istuvust. Ideaalne valik jahedamateks p\u00e4evadeks, kui soovid tunda end hubaselt ja n\u00e4ha v\u00e4lja stiilne.<\/p>\n<p>Koostis: 65% pol\u00fcamiid, 17% akr\u00fc\u00fcl, 9% viskoos, 9% vill<\/p>","protected":false},"excerpt":{"rendered":"<p>M\u00f5nusalt pehme oversize l\u00f5ikega kampsun, mis \u00fchendab stiili ja maksimaalse mugavuse. Saadaval kahes \u00f5rnas toonis \u2013 heleroosa ja pastellkollane \u2013 [&hellip;]<\/p>\n","protected":false},"featured_media":26131,"template":"","meta":{"site-sidebar-layout":"default","site-content-layout":"","ast-site-content-layout":"default","site-content-style":"default","site-sidebar-style":"default","ast-global-header-display":"","ast-banner-title-visibility":"","ast-main-header-display":"","ast-hfb-above-header-display":"","ast-hfb-below-header-display":"","ast-hfb-mobile-header-display":"","site-post-title":"","ast-breadcrumbs-content":"","ast-featured-img":"","footer-sml-layout":"","ast-disable-related-posts":"","theme-transparent-header-meta":"default","adv-header-id-meta":"","stick-header-meta":"default","header-above-stick-meta":"","header-main-stick-meta":"","header-below-stick-meta":"","astra-migrate-meta-layouts":"set","ast-page-background-enabled":"default","ast-page-background-meta":{"desktop":{"background-color":"var(--ast-global-color-4)","background-image":"","background-repeat":"repeat","background-position":"center center","background-size":"auto","background-attachment":"scroll","background-type":"","background-media":"","overlay-type":"","overlay-color":"","overlay-opacity":"","overlay-gradient":""},"tablet":{"background-color":"","background-image":"","background-repeat":"repeat","background-position":"center center","background-size":"auto","background-attachment":"scroll","background-type":"","background-media":"","overlay-type":"","overlay-color":"","overlay-opacity":"","overlay-gradient":""},"mobile":{"background-color":"","background-image":"","background-repeat":"repeat","background-position":"center center","background-size":"auto","background-attachment":"scroll","background-type":"","background-media":"","overlay-type":"","overlay-color":"","overlay-opacity":"","overlay-gradient":""}},"ast-content-background-meta":{"desktop":{"background-color":"var(--ast-global-color-5)","background-image":"","background-repeat":"repeat","background-position":"center center","background-size":"auto","background-attachment":"scroll","background-type":"","background-media":"","overlay-type":"","overlay-color":"","overlay-opacity":"","overlay-gradient":""},"tablet":{"background-color":"var(--ast-global-color-5)","background-image":"","background-repeat":"repeat","background-position":"center center","background-size":"auto","background-attachment":"scroll","background-type":"","background-media":"","overlay-type":"","overlay-color":"","overlay-opacity":"","overlay-gradient":""},"mobile":{"background-color":"var(--ast-global-color-5)","background-image":"","background-repeat":"repeat","background-position":"center center","background-size":"auto","background-attachment":"scroll","background-type":"","background-media":"","overlay-type":"","overlay-color":"","overlay-opacity":"","overlay-gradient":""}}},"product_brand":[],"product_cat":[370,351],"product_tag":[2455,2456,2120,1895,2454,1127,2458,1202,2457,2006],"class_list":{"0":"post-26133","1":"product","2":"type-product","3":"status-publish","4":"has-post-thumbnail","6":"product_cat-kampsunid","7":"product_cat-uued-tooted","8":"product_tag-kollane-kampsun","9":"product_tag-mugav-kudum","10":"product_tag-naiste-kudum","11":"product_tag-oversize-kampsun","12":"product_tag-pehme-kampsun-naistele","13":"product_tag-roosa-kampsun","14":"product_tag-s-l-kampsun","15":"product_tag-soe-kampsun","16":"product_tag-uks-suurus-kampsun","17":"product_tag-vaba-loikega-kampsun","18":"desktop-align-center","19":"tablet-align-center","20":"mobile-align-center","21":"ast-product-gallery-layout-horizontal-slider","22":"ast-product-single-variable","23":"ast-product-tabs-layout-horizontal","25":"first","26":"instock","27":"taxable","28":"shipping-taxable","29":"purchasable","30":"product-type-variable"},"supplier_id":null,"supplier_sku":"","barcode":null,"atum_controlled":true,"out_stock_date":null,"out_stock_threshold":null,"inheritable":true,"inbound_stock":null,"stock_on_hold":0,"sold_today":null,"sales_last_days":null,"reserved_stock":0,"customer_returns":null,"warehouse_damage":0,"lost_in_post":null,"other_logs":0,"out_stock_days":null,"lost_sales":null,"has_location":false,"update_date":"2026-02-22T13:18:24","atum_locations":[],"atum_stock_status":"instock","restock_status":false,"low_stock_amount":"","sales_update_date":null,"calc_backorders":null,"yoast_head":"<!-- This site is optimized with the Yoast SEO plugin v26.9 - https:\/\/yoast.com\/product\/yoast-seo-wordpress\/ -->\n<title>Pehme oversize kampsun - Karini Butiik<\/title>\n<meta name=\"description\" content=\"Pehme ja stiilne oversize kampsun naistele, saadaval heleroosas ja pastellkollases toonis. Ideaalne igap\u00e4evaseks kandmiseks ja kihiliseks stiliseerimiseks.\" \/>\n<meta name=\"robots\" content=\"index, follow, max-snippet:-1, max-image-preview:large, max-video-preview:-1\" \/>\n<link rel=\"canonical\" href=\"https:\/\/www.karinibutiik.ee\/en\/product-2\/pehme-oversize-kampsun-2\/\" \/>\n<meta property=\"og:locale\" content=\"en_GB\" \/>\n<meta property=\"og:type\" content=\"article\" \/>\n<meta property=\"og:title\" content=\"Pehme oversize kampsun - Karini Butiik\" \/>\n<meta property=\"og:description\" content=\"Pehme ja stiilne oversize kampsun naistele, saadaval heleroosas ja pastellkollases toonis. Ideaalne igap\u00e4evaseks kandmiseks ja kihiliseks stiliseerimiseks.\" \/>\n<meta property=\"og:url\" content=\"https:\/\/www.karinibutiik.ee\/en\/product-2\/pehme-oversize-kampsun-2\/\" \/>\n<meta property=\"og:site_name\" content=\"Karini Butiik\" \/>\n<meta property=\"article:publisher\" content=\"https:\/\/www.facebook.com\/karinibutiik.ee\" \/>\n<meta property=\"article:modified_time\" content=\"2026-02-28T11:07:05+00:00\" \/>\n<meta property=\"og:image\" content=\"https:\/\/www.karinibutiik.ee\/wp-content\/uploads\/2026\/02\/3A63DB32-6260-457F-88FC-1A2DE6B60440-scaled.jpeg\" \/>\n\t<meta property=\"og:image:width\" content=\"1921\" \/>\n\t<meta property=\"og:image:height\" content=\"2560\" \/>\n\t<meta property=\"og:image:type\" content=\"image\/jpeg\" \/>\n<meta name=\"twitter:card\" content=\"summary_large_image\" \/>\n<meta name=\"twitter:label1\" content=\"Availability\" \/>\n\t<meta name=\"twitter:data1\" content=\"In stock\" \/>\n<script type=\"application\/ld+json\" class=\"yoast-schema-graph\">{\"@context\":\"https:\/\/schema.org\",\"@graph\":[{\"@type\":\"WebPage\",\"@id\":\"https:\/\/www.karinibutiik.ee\/toode\/pehme-oversize-kampsun-2\/\",\"url\":\"https:\/\/www.karinibutiik.ee\/toode\/pehme-oversize-kampsun-2\/\",\"name\":\"Pehme oversize kampsun - Karini Butiik\",\"isPartOf\":{\"@id\":\"https:\/\/www.karinibutiik.ee\/#website\"},\"primaryImageOfPage\":{\"@id\":\"https:\/\/www.karinibutiik.ee\/toode\/pehme-oversize-kampsun-2\/#primaryimage\"},\"image\":{\"@id\":\"https:\/\/www.karinibutiik.ee\/toode\/pehme-oversize-kampsun-2\/#primaryimage\"},\"thumbnailUrl\":\"https:\/\/www.karinibutiik.ee\/wp-content\/uploads\/2026\/02\/3A63DB32-6260-457F-88FC-1A2DE6B60440-scaled.jpeg\",\"datePublished\":\"2026-02-22T11:55:59+00:00\",\"dateModified\":\"2026-02-28T11:07:05+00:00\",\"description\":\"Pehme ja stiilne oversize kampsun naistele, saadaval heleroosas ja pastellkollases toonis. Ideaalne igap\u00e4evaseks kandmiseks ja kihiliseks stiliseerimiseks.\",\"breadcrumb\":{\"@id\":\"https:\/\/www.karinibutiik.ee\/toode\/pehme-oversize-kampsun-2\/#breadcrumb\"},\"inLanguage\":\"en-GB\",\"potentialAction\":[{\"@type\":\"ReadAction\",\"target\":[\"https:\/\/www.karinibutiik.ee\/toode\/pehme-oversize-kampsun-2\/\"]}]},{\"@type\":\"ImageObject\",\"inLanguage\":\"en-GB\",\"@id\":\"https:\/\/www.karinibutiik.ee\/toode\/pehme-oversize-kampsun-2\/#primaryimage\",\"url\":\"https:\/\/www.karinibutiik.ee\/wp-content\/uploads\/2026\/02\/3A63DB32-6260-457F-88FC-1A2DE6B60440-scaled.jpeg\",\"contentUrl\":\"https:\/\/www.karinibutiik.ee\/wp-content\/uploads\/2026\/02\/3A63DB32-6260-457F-88FC-1A2DE6B60440-scaled.jpeg\",\"width\":1921,\"height\":2560,\"caption\":\"Kollane oversize kampsun\"},{\"@type\":\"BreadcrumbList\",\"@id\":\"https:\/\/www.karinibutiik.ee\/toode\/pehme-oversize-kampsun-2\/#breadcrumb\",\"itemListElement\":[{\"@type\":\"ListItem\",\"position\":1,\"name\":\"Home\",\"item\":\"https:\/\/www.karinibutiik.ee\/\"},{\"@type\":\"ListItem\",\"position\":2,\"name\":\"Pood\",\"item\":\"https:\/\/www.karinibutiik.ee\/pood\/\"},{\"@type\":\"ListItem\",\"position\":3,\"name\":\"Pehme oversize kampsun\"}]},{\"@type\":\"WebSite\",\"@id\":\"https:\/\/www.karinibutiik.ee\/#website\",\"url\":\"https:\/\/www.karinibutiik.ee\/\",\"name\":\"Karini Butiik\",\"description\":\"\",\"publisher\":{\"@id\":\"https:\/\/www.karinibutiik.ee\/#organization\"},\"potentialAction\":[{\"@type\":\"SearchAction\",\"target\":{\"@type\":\"EntryPoint\",\"urlTemplate\":\"https:\/\/www.karinibutiik.ee\/?s={search_term_string}\"},\"query-input\":{\"@type\":\"PropertyValueSpecification\",\"valueRequired\":true,\"valueName\":\"search_term_string\"}}],\"inLanguage\":\"en-GB\"},{\"@type\":\"Organization\",\"@id\":\"https:\/\/www.karinibutiik.ee\/#organization\",\"name\":\"Karini Butiik\",\"url\":\"https:\/\/www.karinibutiik.ee\/\",\"logo\":{\"@type\":\"ImageObject\",\"inLanguage\":\"en-GB\",\"@id\":\"https:\/\/www.karinibutiik.ee\/#\/schema\/logo\/image\/\",\"url\":\"https:\/\/www.karinibutiik.ee\/wp-content\/uploads\/2024\/10\/Kuj.-K-koopia.png\",\"contentUrl\":\"https:\/\/www.karinibutiik.ee\/wp-content\/uploads\/2024\/10\/Kuj.-K-koopia.png\",\"width\":500,\"height\":500,\"caption\":\"Karini Butiik\"},\"image\":{\"@id\":\"https:\/\/www.karinibutiik.ee\/#\/schema\/logo\/image\/\"},\"sameAs\":[\"https:\/\/www.facebook.com\/karinibutiik.ee\",\"https:\/\/www.instagram.com\/karinibutiik\"]}]}<\/script>\n<meta property=\"og:availability\" content=\"instock\" \/>\n<meta property=\"product:availability\" content=\"instock\" \/>\n<meta property=\"product:retailer_item_id\" content=\"5029\" \/>\n<meta property=\"product:condition\" content=\"new\" \/>\n<!-- \/ Yoast SEO plugin. -->","yoast_head_json":{"title":"Pehme oversize kampsun - Karini Butiik","description":"Pehme ja stiilne oversize kampsun naistele, saadaval heleroosas ja pastellkollases toonis. Ideaalne igap\u00e4evaseks kandmiseks ja kihiliseks stiliseerimiseks.","robots":{"index":"index","follow":"follow","max-snippet":"max-snippet:-1","max-image-preview":"max-image-preview:large","max-video-preview":"max-video-preview:-1"},"canonical":"https:\/\/www.karinibutiik.ee\/en\/product-2\/pehme-oversize-kampsun-2\/","og_locale":"en_GB","og_type":"article","og_title":"Pehme oversize kampsun - Karini Butiik","og_description":"Pehme ja stiilne oversize kampsun naistele, saadaval heleroosas ja pastellkollases toonis. Ideaalne igap\u00e4evaseks kandmiseks ja kihiliseks stiliseerimiseks.","og_url":"https:\/\/www.karinibutiik.ee\/en\/product-2\/pehme-oversize-kampsun-2\/","og_site_name":"Karini Butiik","article_publisher":"https:\/\/www.facebook.com\/karinibutiik.ee","article_modified_time":"2026-02-28T11:07:05+00:00","og_image":[{"width":1921,"height":2560,"url":"https:\/\/www.karinibutiik.ee\/wp-content\/uploads\/2026\/02\/3A63DB32-6260-457F-88FC-1A2DE6B60440-scaled.jpeg","type":"image\/jpeg"}],"twitter_card":"summary_large_image","twitter_misc":{"Availability":"In stock"},"schema":{"@context":"https:\/\/schema.org","@graph":[{"@type":"WebPage","@id":"https:\/\/www.karinibutiik.ee\/toode\/pehme-oversize-kampsun-2\/","url":"https:\/\/www.karinibutiik.ee\/toode\/pehme-oversize-kampsun-2\/","name":"Pehme oversize kampsun - Karini Butiik","isPartOf":{"@id":"https:\/\/www.karinibutiik.ee\/#website"},"primaryImageOfPage":{"@id":"https:\/\/www.karinibutiik.ee\/toode\/pehme-oversize-kampsun-2\/#primaryimage"},"image":{"@id":"https:\/\/www.karinibutiik.ee\/toode\/pehme-oversize-kampsun-2\/#primaryimage"},"thumbnailUrl":"https:\/\/www.karinibutiik.ee\/wp-content\/uploads\/2026\/02\/3A63DB32-6260-457F-88FC-1A2DE6B60440-scaled.jpeg","datePublished":"2026-02-22T11:55:59+00:00","dateModified":"2026-02-28T11:07:05+00:00","description":"Pehme ja stiilne oversize kampsun naistele, saadaval heleroosas ja pastellkollases toonis. Ideaalne igap\u00e4evaseks kandmiseks ja kihiliseks stiliseerimiseks.","breadcrumb":{"@id":"https:\/\/www.karinibutiik.ee\/toode\/pehme-oversize-kampsun-2\/#breadcrumb"},"inLanguage":"en-GB","potentialAction":[{"@type":"ReadAction","target":["https:\/\/www.karinibutiik.ee\/toode\/pehme-oversize-kampsun-2\/"]}]},{"@type":"ImageObject","inLanguage":"en-GB","@id":"https:\/\/www.karinibutiik.ee\/toode\/pehme-oversize-kampsun-2\/#primaryimage","url":"https:\/\/www.karinibutiik.ee\/wp-content\/uploads\/2026\/02\/3A63DB32-6260-457F-88FC-1A2DE6B60440-scaled.jpeg","contentUrl":"https:\/\/www.karinibutiik.ee\/wp-content\/uploads\/2026\/02\/3A63DB32-6260-457F-88FC-1A2DE6B60440-scaled.jpeg","width":1921,"height":2560,"caption":"Kollane oversize kampsun"},{"@type":"BreadcrumbList","@id":"https:\/\/www.karinibutiik.ee\/toode\/pehme-oversize-kampsun-2\/#breadcrumb","itemListElement":[{"@type":"ListItem","position":1,"name":"Home","item":"https:\/\/www.karinibutiik.ee\/"},{"@type":"ListItem","position":2,"name":"Pood","item":"https:\/\/www.karinibutiik.ee\/pood\/"},{"@type":"ListItem","position":3,"name":"Pehme oversize kampsun"}]},{"@type":"WebSite","@id":"https:\/\/www.karinibutiik.ee\/#website","url":"https:\/\/www.karinibutiik.ee\/","name":"Karini Butiik","description":"","publisher":{"@id":"https:\/\/www.karinibutiik.ee\/#organization"},"potentialAction":[{"@type":"SearchAction","target":{"@type":"EntryPoint","urlTemplate":"https:\/\/www.karinibutiik.ee\/?s={search_term_string}"},"query-input":{"@type":"PropertyValueSpecification","valueRequired":true,"valueName":"search_term_string"}}],"inLanguage":"en-GB"},{"@type":"Organization","@id":"https:\/\/www.karinibutiik.ee\/#organization","name":"Karini Butiik","url":"https:\/\/www.karinibutiik.ee\/","logo":{"@type":"ImageObject","inLanguage":"en-GB","@id":"https:\/\/www.karinibutiik.ee\/#\/schema\/logo\/image\/","url":"https:\/\/www.karinibutiik.ee\/wp-content\/uploads\/2024\/10\/Kuj.-K-koopia.png","contentUrl":"https:\/\/www.karinibutiik.ee\/wp-content\/uploads\/2024\/10\/Kuj.-K-koopia.png","width":500,"height":500,"caption":"Karini Butiik"},"image":{"@id":"https:\/\/www.karinibutiik.ee\/#\/schema\/logo\/image\/"},"sameAs":["https:\/\/www.facebook.com\/karinibutiik.ee","https:\/\/www.instagram.com\/karinibutiik"]}]},"og_availability":"instock","product_availability":"instock","product_retailer_item_id":"5029","product_condition":"new"},"_links":{"self":[{"href":"https:\/\/www.karinibutiik.ee\/en\/wp-json\/wp\/v2\/product\/26133","targetHints":{"allow":["GET"]}}],"collection":[{"href":"https:\/\/www.karinibutiik.ee\/en\/wp-json\/wp\/v2\/product"}],"about":[{"href":"https:\/\/www.karinibutiik.ee\/en\/wp-json\/wp\/v2\/types\/product"}],"version-history":[{"count":1,"href":"https:\/\/www.karinibutiik.ee\/en\/wp-json\/wp\/v2\/product\/26133\/revisions"}],"predecessor-version":[{"id":26143,"href":"https:\/\/www.karinibutiik.ee\/en\/wp-json\/wp\/v2\/product\/26133\/revisions\/26143"}],"wp:featuredmedia":[{"embeddable":true,"href":"https:\/\/www.karinibutiik.ee\/en\/wp-json\/wp\/v2\/media\/26131"}],"wp:attachment":[{"href":"https:\/\/www.karinibutiik.ee\/en\/wp-json\/wp\/v2\/media?parent=26133"}],"wp:term":[{"taxonomy":"product_brand","embeddable":true,"href":"https:\/\/www.karinibutiik.ee\/en\/wp-json\/wp\/v2\/product_brand?post=26133"},{"taxonomy":"product_cat","embeddable":true,"href":"https:\/\/www.karinibutiik.ee\/en\/wp-json\/wp\/v2\/product_cat?post=26133"},{"taxonomy":"product_tag","embeddable":true,"href":"https:\/\/www.karinibutiik.ee\/en\/wp-json\/wp\/v2\/product_tag?post=26133"}],"curies":[{"name":"wp","href":"https:\/\/api.w.org\/{rel}","templated":true}]}}