{"id":26144,"date":"2026-02-22T14:06:18","date_gmt":"2026-02-22T12:06:18","guid":{"rendered":"https:\/\/www.karinibutiik.ee\/?post_type=product&#038;p=26144"},"modified":"2026-03-07T14:15:33","modified_gmt":"2026-03-07T12:15:33","slug":"tekstuurse-koega-polosark-naistele","status":"publish","type":"product","link":"https:\/\/www.karinibutiik.ee\/en\/product-2\/tekstuurse-koega-polosark-naistele\/","title":{"rendered":"Tekstuurse koega polos\u00e4rk naistele"},"content":{"rendered":"<p data-start=\"260\" data-end=\"643\">Elegantne ja sportlikku stiili \u00fchendav naiste polos\u00e4rk on loodud naisele, kes hindab mugavust ja trendikat v\u00e4limust. Tekstuurse koega pehme kangas (60% viskoos, 30% pol\u00fcamiid, 10% elastaan) on naha vastas m\u00f5nus, hingav ja elastne, tagades kauni istuvuse. Klassikaline krae, kontrastsed detailid ning dekoratiivne tikand lisavad pluusile eksklusiivset karakterit.<\/p>\n<p data-start=\"645\" data-end=\"945\">\u00dches suuruses mudel sobib XS\u2013M kandjale, kohandudes kehakujuga t\u00e4nu venivale kudumile. Saadaval neljas v\u00e4rvitoonis \u2013 valge, helesinine, heleroosa ja pastellkollane \u2013 mis sobituvad nii seeliku, p\u00fckste kui ka teksadega. Ideaalne valik kevad- ja suvegarderoobi, vabaaja- v\u00f5i smart-casual komplektidesse.<\/p>","protected":false},"excerpt":{"rendered":"<p>Elegantne ja sportlikku stiili \u00fchendav naiste polos\u00e4rk on loodud naisele, kes hindab mugavust ja trendikat v\u00e4limust. Tekstuurse koega pehme kangas [&hellip;]<\/p>\n","protected":false},"featured_media":26135,"template":"","meta":{"site-sidebar-layout":"default","site-content-layout":"","ast-site-content-layout":"default","site-content-style":"default","site-sidebar-style":"default","ast-global-header-display":"","ast-banner-title-visibility":"","ast-main-header-display":"","ast-hfb-above-header-display":"","ast-hfb-below-header-display":"","ast-hfb-mobile-header-display":"","site-post-title":"","ast-breadcrumbs-content":"","ast-featured-img":"","footer-sml-layout":"","ast-disable-related-posts":"","theme-transparent-header-meta":"default","adv-header-id-meta":"","stick-header-meta":"default","header-above-stick-meta":"","header-main-stick-meta":"","header-below-stick-meta":"","astra-migrate-meta-layouts":"set","ast-page-background-enabled":"default","ast-page-background-meta":{"desktop":{"background-color":"var(--ast-global-color-4)","background-image":"","background-repeat":"repeat","background-position":"center center","background-size":"auto","background-attachment":"scroll","background-type":"","background-media":"","overlay-type":"","overlay-color":"","overlay-opacity":"","overlay-gradient":""},"tablet":{"background-color":"","background-image":"","background-repeat":"repeat","background-position":"center center","background-size":"auto","background-attachment":"scroll","background-type":"","background-media":"","overlay-type":"","overlay-color":"","overlay-opacity":"","overlay-gradient":""},"mobile":{"background-color":"","background-image":"","background-repeat":"repeat","background-position":"center center","background-size":"auto","background-attachment":"scroll","background-type":"","background-media":"","overlay-type":"","overlay-color":"","overlay-opacity":"","overlay-gradient":""}},"ast-content-background-meta":{"desktop":{"background-color":"var(--ast-global-color-5)","background-image":"","background-repeat":"repeat","background-position":"center center","background-size":"auto","background-attachment":"scroll","background-type":"","background-media":"","overlay-type":"","overlay-color":"","overlay-opacity":"","overlay-gradient":""},"tablet":{"background-color":"var(--ast-global-color-5)","background-image":"","background-repeat":"repeat","background-position":"center center","background-size":"auto","background-attachment":"scroll","background-type":"","background-media":"","overlay-type":"","overlay-color":"","overlay-opacity":"","overlay-gradient":""},"mobile":{"background-color":"var(--ast-global-color-5)","background-image":"","background-repeat":"repeat","background-position":"center center","background-size":"auto","background-attachment":"scroll","background-type":"","background-media":"","overlay-type":"","overlay-color":"","overlay-opacity":"","overlay-gradient":""}}},"product_brand":[],"product_cat":[353,352,382,351],"product_tag":[2464,2468,2460,2463,2459,2466,2467,2469,2465,2462,2461],"class_list":{"0":"post-26144","1":"product","2":"type-product","3":"status-publish","4":"has-post-thumbnail","6":"product_cat-pluusid","7":"product_cat-pluusid-bodid","8":"product_cat-t-sargid","9":"product_cat-uued-tooted","10":"product_tag-elastne-pluus","11":"product_tag-kevadine-pluus","12":"product_tag-kootud-polosark","13":"product_tag-naiste-kudumpluus","14":"product_tag-naiste-polosark","15":"product_tag-naiste-topp-kraega","16":"product_tag-smart-casual-naiste-riided","17":"product_tag-suvine-pluus","18":"product_tag-suvine-polosark","19":"product_tag-tekstuuriga-pluus","20":"product_tag-viskoospluus","21":"desktop-align-center","22":"tablet-align-center","23":"mobile-align-center","24":"ast-product-gallery-layout-horizontal-slider","25":"ast-product-single-variable","26":"ast-product-tabs-layout-horizontal","28":"first","29":"instock","30":"taxable","31":"shipping-taxable","32":"purchasable","33":"product-type-variable"},"supplier_id":null,"supplier_sku":"","barcode":null,"atum_controlled":true,"out_stock_date":null,"out_stock_threshold":null,"inheritable":true,"inbound_stock":null,"stock_on_hold":0,"sold_today":null,"sales_last_days":null,"reserved_stock":0,"customer_returns":null,"warehouse_damage":0,"lost_in_post":null,"other_logs":0,"out_stock_days":null,"lost_sales":null,"has_location":false,"update_date":"2026-02-22T13:18:24","atum_locations":[],"atum_stock_status":"instock","restock_status":false,"low_stock_amount":"","sales_update_date":null,"calc_backorders":null,"yoast_head":"<!-- This site is optimized with the Yoast SEO plugin v26.9 - https:\/\/yoast.com\/product\/yoast-seo-wordpress\/ -->\n<title>Tekstuurse koega polos\u00e4rk naistele - Karini Butiik<\/title>\n<meta name=\"description\" content=\"Stiilne tekstuurse koega naiste polos\u00e4rk, saadaval heleroosas, helesinises, pastellkollases ja valges. Pehme viskoosisegu, veniv ja mugav \u2013 \u00fcks suurus XS\u2013M\" \/>\n<meta name=\"robots\" content=\"index, follow, max-snippet:-1, max-image-preview:large, max-video-preview:-1\" \/>\n<link rel=\"canonical\" href=\"https:\/\/www.karinibutiik.ee\/en\/product-2\/tekstuurse-koega-polosark-naistele\/\" \/>\n<meta property=\"og:locale\" content=\"en_GB\" \/>\n<meta property=\"og:type\" content=\"article\" \/>\n<meta property=\"og:title\" content=\"Tekstuurse koega polos\u00e4rk naistele - Karini Butiik\" \/>\n<meta property=\"og:description\" content=\"Stiilne tekstuurse koega naiste polos\u00e4rk, saadaval heleroosas, helesinises, pastellkollases ja valges. Pehme viskoosisegu, veniv ja mugav \u2013 \u00fcks suurus XS\u2013M\" \/>\n<meta property=\"og:url\" content=\"https:\/\/www.karinibutiik.ee\/en\/product-2\/tekstuurse-koega-polosark-naistele\/\" \/>\n<meta property=\"og:site_name\" content=\"Karini Butiik\" \/>\n<meta property=\"article:publisher\" content=\"https:\/\/www.facebook.com\/karinibutiik.ee\" \/>\n<meta property=\"article:modified_time\" content=\"2026-03-07T12:15:33+00:00\" \/>\n<meta property=\"og:image\" content=\"https:\/\/www.karinibutiik.ee\/wp-content\/uploads\/2026\/02\/7CBC4C19-E195-4ABD-8A7E-A2EB345FC600-scaled.jpeg\" \/>\n\t<meta property=\"og:image:width\" content=\"2049\" \/>\n\t<meta property=\"og:image:height\" content=\"2560\" \/>\n\t<meta property=\"og:image:type\" content=\"image\/jpeg\" \/>\n<meta name=\"twitter:card\" content=\"summary_large_image\" \/>\n<meta name=\"twitter:label1\" content=\"Availability\" \/>\n\t<meta name=\"twitter:data1\" content=\"In stock\" \/>\n<script type=\"application\/ld+json\" class=\"yoast-schema-graph\">{\"@context\":\"https:\/\/schema.org\",\"@graph\":[{\"@type\":\"WebPage\",\"@id\":\"https:\/\/www.karinibutiik.ee\/toode\/tekstuurse-koega-polosark-naistele\/\",\"url\":\"https:\/\/www.karinibutiik.ee\/toode\/tekstuurse-koega-polosark-naistele\/\",\"name\":\"Tekstuurse koega polos\u00e4rk naistele - Karini Butiik\",\"isPartOf\":{\"@id\":\"https:\/\/www.karinibutiik.ee\/#website\"},\"primaryImageOfPage\":{\"@id\":\"https:\/\/www.karinibutiik.ee\/toode\/tekstuurse-koega-polosark-naistele\/#primaryimage\"},\"image\":{\"@id\":\"https:\/\/www.karinibutiik.ee\/toode\/tekstuurse-koega-polosark-naistele\/#primaryimage\"},\"thumbnailUrl\":\"https:\/\/www.karinibutiik.ee\/wp-content\/uploads\/2026\/02\/7CBC4C19-E195-4ABD-8A7E-A2EB345FC600-scaled.jpeg\",\"datePublished\":\"2026-02-22T12:06:18+00:00\",\"dateModified\":\"2026-03-07T12:15:33+00:00\",\"description\":\"Stiilne tekstuurse koega naiste polos\u00e4rk, saadaval heleroosas, helesinises, pastellkollases ja valges. Pehme viskoosisegu, veniv ja mugav \u2013 \u00fcks suurus XS\u2013M\",\"breadcrumb\":{\"@id\":\"https:\/\/www.karinibutiik.ee\/toode\/tekstuurse-koega-polosark-naistele\/#breadcrumb\"},\"inLanguage\":\"en-GB\",\"potentialAction\":[{\"@type\":\"ReadAction\",\"target\":[\"https:\/\/www.karinibutiik.ee\/toode\/tekstuurse-koega-polosark-naistele\/\"]}]},{\"@type\":\"ImageObject\",\"inLanguage\":\"en-GB\",\"@id\":\"https:\/\/www.karinibutiik.ee\/toode\/tekstuurse-koega-polosark-naistele\/#primaryimage\",\"url\":\"https:\/\/www.karinibutiik.ee\/wp-content\/uploads\/2026\/02\/7CBC4C19-E195-4ABD-8A7E-A2EB345FC600-scaled.jpeg\",\"contentUrl\":\"https:\/\/www.karinibutiik.ee\/wp-content\/uploads\/2026\/02\/7CBC4C19-E195-4ABD-8A7E-A2EB345FC600-scaled.jpeg\",\"width\":2049,\"height\":2560,\"caption\":\"Tekstuurse koega polos\u00e4rk naistele\"},{\"@type\":\"BreadcrumbList\",\"@id\":\"https:\/\/www.karinibutiik.ee\/toode\/tekstuurse-koega-polosark-naistele\/#breadcrumb\",\"itemListElement\":[{\"@type\":\"ListItem\",\"position\":1,\"name\":\"Home\",\"item\":\"https:\/\/www.karinibutiik.ee\/\"},{\"@type\":\"ListItem\",\"position\":2,\"name\":\"Pood\",\"item\":\"https:\/\/www.karinibutiik.ee\/pood\/\"},{\"@type\":\"ListItem\",\"position\":3,\"name\":\"Tekstuurse koega polos\u00e4rk naistele\"}]},{\"@type\":\"WebSite\",\"@id\":\"https:\/\/www.karinibutiik.ee\/#website\",\"url\":\"https:\/\/www.karinibutiik.ee\/\",\"name\":\"Karini Butiik\",\"description\":\"\",\"publisher\":{\"@id\":\"https:\/\/www.karinibutiik.ee\/#organization\"},\"potentialAction\":[{\"@type\":\"SearchAction\",\"target\":{\"@type\":\"EntryPoint\",\"urlTemplate\":\"https:\/\/www.karinibutiik.ee\/?s={search_term_string}\"},\"query-input\":{\"@type\":\"PropertyValueSpecification\",\"valueRequired\":true,\"valueName\":\"search_term_string\"}}],\"inLanguage\":\"en-GB\"},{\"@type\":\"Organization\",\"@id\":\"https:\/\/www.karinibutiik.ee\/#organization\",\"name\":\"Karini Butiik\",\"url\":\"https:\/\/www.karinibutiik.ee\/\",\"logo\":{\"@type\":\"ImageObject\",\"inLanguage\":\"en-GB\",\"@id\":\"https:\/\/www.karinibutiik.ee\/#\/schema\/logo\/image\/\",\"url\":\"https:\/\/www.karinibutiik.ee\/wp-content\/uploads\/2024\/10\/Kuj.-K-koopia.png\",\"contentUrl\":\"https:\/\/www.karinibutiik.ee\/wp-content\/uploads\/2024\/10\/Kuj.-K-koopia.png\",\"width\":500,\"height\":500,\"caption\":\"Karini Butiik\"},\"image\":{\"@id\":\"https:\/\/www.karinibutiik.ee\/#\/schema\/logo\/image\/\"},\"sameAs\":[\"https:\/\/www.facebook.com\/karinibutiik.ee\",\"https:\/\/www.instagram.com\/karinibutiik\"]}]}<\/script>\n<meta property=\"og:availability\" content=\"instock\" \/>\n<meta property=\"product:availability\" content=\"instock\" \/>\n<meta property=\"product:retailer_item_id\" content=\"5032\" \/>\n<meta property=\"product:condition\" content=\"new\" \/>\n<!-- \/ Yoast SEO plugin. -->","yoast_head_json":{"title":"Tekstuurse koega polos\u00e4rk naistele - Karini Butiik","description":"Stiilne tekstuurse koega naiste polos\u00e4rk, saadaval heleroosas, helesinises, pastellkollases ja valges. Pehme viskoosisegu, veniv ja mugav \u2013 \u00fcks suurus XS\u2013M","robots":{"index":"index","follow":"follow","max-snippet":"max-snippet:-1","max-image-preview":"max-image-preview:large","max-video-preview":"max-video-preview:-1"},"canonical":"https:\/\/www.karinibutiik.ee\/en\/product-2\/tekstuurse-koega-polosark-naistele\/","og_locale":"en_GB","og_type":"article","og_title":"Tekstuurse koega polos\u00e4rk naistele - Karini Butiik","og_description":"Stiilne tekstuurse koega naiste polos\u00e4rk, saadaval heleroosas, helesinises, pastellkollases ja valges. Pehme viskoosisegu, veniv ja mugav \u2013 \u00fcks suurus XS\u2013M","og_url":"https:\/\/www.karinibutiik.ee\/en\/product-2\/tekstuurse-koega-polosark-naistele\/","og_site_name":"Karini Butiik","article_publisher":"https:\/\/www.facebook.com\/karinibutiik.ee","article_modified_time":"2026-03-07T12:15:33+00:00","og_image":[{"width":2049,"height":2560,"url":"https:\/\/www.karinibutiik.ee\/wp-content\/uploads\/2026\/02\/7CBC4C19-E195-4ABD-8A7E-A2EB345FC600-scaled.jpeg","type":"image\/jpeg"}],"twitter_card":"summary_large_image","twitter_misc":{"Availability":"In stock"},"schema":{"@context":"https:\/\/schema.org","@graph":[{"@type":"WebPage","@id":"https:\/\/www.karinibutiik.ee\/toode\/tekstuurse-koega-polosark-naistele\/","url":"https:\/\/www.karinibutiik.ee\/toode\/tekstuurse-koega-polosark-naistele\/","name":"Tekstuurse koega polos\u00e4rk naistele - Karini Butiik","isPartOf":{"@id":"https:\/\/www.karinibutiik.ee\/#website"},"primaryImageOfPage":{"@id":"https:\/\/www.karinibutiik.ee\/toode\/tekstuurse-koega-polosark-naistele\/#primaryimage"},"image":{"@id":"https:\/\/www.karinibutiik.ee\/toode\/tekstuurse-koega-polosark-naistele\/#primaryimage"},"thumbnailUrl":"https:\/\/www.karinibutiik.ee\/wp-content\/uploads\/2026\/02\/7CBC4C19-E195-4ABD-8A7E-A2EB345FC600-scaled.jpeg","datePublished":"2026-02-22T12:06:18+00:00","dateModified":"2026-03-07T12:15:33+00:00","description":"Stiilne tekstuurse koega naiste polos\u00e4rk, saadaval heleroosas, helesinises, pastellkollases ja valges. Pehme viskoosisegu, veniv ja mugav \u2013 \u00fcks suurus XS\u2013M","breadcrumb":{"@id":"https:\/\/www.karinibutiik.ee\/toode\/tekstuurse-koega-polosark-naistele\/#breadcrumb"},"inLanguage":"en-GB","potentialAction":[{"@type":"ReadAction","target":["https:\/\/www.karinibutiik.ee\/toode\/tekstuurse-koega-polosark-naistele\/"]}]},{"@type":"ImageObject","inLanguage":"en-GB","@id":"https:\/\/www.karinibutiik.ee\/toode\/tekstuurse-koega-polosark-naistele\/#primaryimage","url":"https:\/\/www.karinibutiik.ee\/wp-content\/uploads\/2026\/02\/7CBC4C19-E195-4ABD-8A7E-A2EB345FC600-scaled.jpeg","contentUrl":"https:\/\/www.karinibutiik.ee\/wp-content\/uploads\/2026\/02\/7CBC4C19-E195-4ABD-8A7E-A2EB345FC600-scaled.jpeg","width":2049,"height":2560,"caption":"Tekstuurse koega polos\u00e4rk naistele"},{"@type":"BreadcrumbList","@id":"https:\/\/www.karinibutiik.ee\/toode\/tekstuurse-koega-polosark-naistele\/#breadcrumb","itemListElement":[{"@type":"ListItem","position":1,"name":"Home","item":"https:\/\/www.karinibutiik.ee\/"},{"@type":"ListItem","position":2,"name":"Pood","item":"https:\/\/www.karinibutiik.ee\/pood\/"},{"@type":"ListItem","position":3,"name":"Tekstuurse koega polos\u00e4rk naistele"}]},{"@type":"WebSite","@id":"https:\/\/www.karinibutiik.ee\/#website","url":"https:\/\/www.karinibutiik.ee\/","name":"Karini Butiik","description":"","publisher":{"@id":"https:\/\/www.karinibutiik.ee\/#organization"},"potentialAction":[{"@type":"SearchAction","target":{"@type":"EntryPoint","urlTemplate":"https:\/\/www.karinibutiik.ee\/?s={search_term_string}"},"query-input":{"@type":"PropertyValueSpecification","valueRequired":true,"valueName":"search_term_string"}}],"inLanguage":"en-GB"},{"@type":"Organization","@id":"https:\/\/www.karinibutiik.ee\/#organization","name":"Karini Butiik","url":"https:\/\/www.karinibutiik.ee\/","logo":{"@type":"ImageObject","inLanguage":"en-GB","@id":"https:\/\/www.karinibutiik.ee\/#\/schema\/logo\/image\/","url":"https:\/\/www.karinibutiik.ee\/wp-content\/uploads\/2024\/10\/Kuj.-K-koopia.png","contentUrl":"https:\/\/www.karinibutiik.ee\/wp-content\/uploads\/2024\/10\/Kuj.-K-koopia.png","width":500,"height":500,"caption":"Karini Butiik"},"image":{"@id":"https:\/\/www.karinibutiik.ee\/#\/schema\/logo\/image\/"},"sameAs":["https:\/\/www.facebook.com\/karinibutiik.ee","https:\/\/www.instagram.com\/karinibutiik"]}]},"og_availability":"instock","product_availability":"instock","product_retailer_item_id":"5032","product_condition":"new"},"_links":{"self":[{"href":"https:\/\/www.karinibutiik.ee\/en\/wp-json\/wp\/v2\/product\/26144","targetHints":{"allow":["GET"]}}],"collection":[{"href":"https:\/\/www.karinibutiik.ee\/en\/wp-json\/wp\/v2\/product"}],"about":[{"href":"https:\/\/www.karinibutiik.ee\/en\/wp-json\/wp\/v2\/types\/product"}],"version-history":[{"count":1,"href":"https:\/\/www.karinibutiik.ee\/en\/wp-json\/wp\/v2\/product\/26144\/revisions"}],"predecessor-version":[{"id":26154,"href":"https:\/\/www.karinibutiik.ee\/en\/wp-json\/wp\/v2\/product\/26144\/revisions\/26154"}],"wp:featuredmedia":[{"embeddable":true,"href":"https:\/\/www.karinibutiik.ee\/en\/wp-json\/wp\/v2\/media\/26135"}],"wp:attachment":[{"href":"https:\/\/www.karinibutiik.ee\/en\/wp-json\/wp\/v2\/media?parent=26144"}],"wp:term":[{"taxonomy":"product_brand","embeddable":true,"href":"https:\/\/www.karinibutiik.ee\/en\/wp-json\/wp\/v2\/product_brand?post=26144"},{"taxonomy":"product_cat","embeddable":true,"href":"https:\/\/www.karinibutiik.ee\/en\/wp-json\/wp\/v2\/product_cat?post=26144"},{"taxonomy":"product_tag","embeddable":true,"href":"https:\/\/www.karinibutiik.ee\/en\/wp-json\/wp\/v2\/product_tag?post=26144"}],"curies":[{"name":"wp","href":"https:\/\/api.w.org\/{rel}","templated":true}]}}