{"id":26263,"date":"2026-02-22T16:18:09","date_gmt":"2026-02-22T14:18:09","guid":{"rendered":"https:\/\/www.karinibutiik.ee\/?post_type=product&#038;p=26263"},"modified":"2026-04-10T13:29:55","modified_gmt":"2026-04-10T10:29:55","slug":"oversize-naiste-t-sark","status":"publish","type":"product","link":"https:\/\/www.karinibutiik.ee\/en\/product-2\/oversize-naiste-t-sark\/","title":{"rendered":"Oversize naiste T-s\u00e4rk"},"content":{"rendered":"<p data-start=\"406\" data-end=\"638\">See <strong data-start=\"410\" data-end=\"436\">oversize naiste T-s\u00e4rk<\/strong> on ideaalne kombinatsioon mugavusest ja minimalistlikust stiilist. Vaba l\u00f5ige loob modernse ja pingevaba silueti, mis sobib suurep\u00e4raselt nii igap\u00e4evaseks kandmiseks kui ka kihiliseks stiliseerimiseks.<\/p>\n<p data-start=\"640\" data-end=\"865\">Saadaval viies ajatus toonis \u2013 <strong data-start=\"671\" data-end=\"712\">roosa, valge, helebee\u017e, taupe ja must<\/strong> \u2013, mis sobituvad h\u00f5lpsasti teksade, p\u00fckste, l\u00fchikeste p\u00fckste v\u00f5i seelikutega. Oversize l\u00f5ige annab trendika ilme ning tagab maksimaalse kandmismugavuse.<\/p>\n<p data-start=\"867\" data-end=\"1031\">Universaalne <strong data-start=\"880\" data-end=\"914\">\u00fcks suurus sobib XS\u2013M kandjale<\/strong>, pakkudes m\u00f5nusalt avarat istuvust. See T-s\u00e4rk on garderoobi p\u00f5hielement, mis sobib igasse hooaega ja igasse stiili.<\/p>","protected":false},"excerpt":{"rendered":"<p>See oversize naiste T-s\u00e4rk on ideaalne kombinatsioon mugavusest ja minimalistlikust stiilist. Vaba l\u00f5ige loob modernse ja pingevaba silueti, mis sobib [&hellip;]<\/p>\n","protected":false},"featured_media":26259,"template":"","meta":{"site-sidebar-layout":"default","site-content-layout":"","ast-site-content-layout":"default","site-content-style":"default","site-sidebar-style":"default","ast-global-header-display":"","ast-banner-title-visibility":"","ast-main-header-display":"","ast-hfb-above-header-display":"","ast-hfb-below-header-display":"","ast-hfb-mobile-header-display":"","site-post-title":"","ast-breadcrumbs-content":"","ast-featured-img":"","footer-sml-layout":"","ast-disable-related-posts":"","theme-transparent-header-meta":"default","adv-header-id-meta":"","stick-header-meta":"default","header-above-stick-meta":"","header-main-stick-meta":"","header-below-stick-meta":"","astra-migrate-meta-layouts":"set","ast-page-background-enabled":"default","ast-page-background-meta":{"desktop":{"background-color":"var(--ast-global-color-4)","background-image":"","background-repeat":"repeat","background-position":"center center","background-size":"auto","background-attachment":"scroll","background-type":"","background-media":"","overlay-type":"","overlay-color":"","overlay-opacity":"","overlay-gradient":""},"tablet":{"background-color":"","background-image":"","background-repeat":"repeat","background-position":"center center","background-size":"auto","background-attachment":"scroll","background-type":"","background-media":"","overlay-type":"","overlay-color":"","overlay-opacity":"","overlay-gradient":""},"mobile":{"background-color":"","background-image":"","background-repeat":"repeat","background-position":"center center","background-size":"auto","background-attachment":"scroll","background-type":"","background-media":"","overlay-type":"","overlay-color":"","overlay-opacity":"","overlay-gradient":""}},"ast-content-background-meta":{"desktop":{"background-color":"var(--ast-global-color-5)","background-image":"","background-repeat":"repeat","background-position":"center center","background-size":"auto","background-attachment":"scroll","background-type":"","background-media":"","overlay-type":"","overlay-color":"","overlay-opacity":"","overlay-gradient":""},"tablet":{"background-color":"var(--ast-global-color-5)","background-image":"","background-repeat":"repeat","background-position":"center center","background-size":"auto","background-attachment":"scroll","background-type":"","background-media":"","overlay-type":"","overlay-color":"","overlay-opacity":"","overlay-gradient":""},"mobile":{"background-color":"var(--ast-global-color-5)","background-image":"","background-repeat":"repeat","background-position":"center center","background-size":"auto","background-attachment":"scroll","background-type":"","background-media":"","overlay-type":"","overlay-color":"","overlay-opacity":"","overlay-gradient":""}}},"product_brand":[],"product_cat":[353,382,351],"product_tag":[2526,1575,2522,2525,1567,1566,2523,2527,2473,2521,2524],"class_list":{"0":"post-26263","1":"product","2":"type-product","3":"status-publish","4":"has-post-thumbnail","6":"product_cat-pluusid","7":"product_cat-t-sargid","8":"product_cat-uued-tooted","9":"product_tag-helebeez-t-sark","10":"product_tag-igapaevane-t-sark","11":"product_tag-minimalistlik-t-sark","12":"product_tag-must-t-sark","13":"product_tag-naiste-t-sark","14":"product_tag-oversize-t-sark","15":"product_tag-roosa-t-sark","16":"product_tag-taupe-t-sark","17":"product_tag-uks-suurus-xs-m","18":"product_tag-vaba-loikega-t-sark","19":"product_tag-valge-t-sark","20":"desktop-align-center","21":"tablet-align-center","22":"mobile-align-center","23":"ast-product-gallery-layout-horizontal-slider","24":"ast-product-single-variable","25":"ast-product-tabs-layout-horizontal","27":"first","28":"instock","29":"taxable","30":"shipping-taxable","31":"purchasable","32":"product-type-variable"},"supplier_id":null,"supplier_sku":"","barcode":null,"atum_controlled":true,"out_stock_date":null,"out_stock_threshold":null,"inheritable":true,"inbound_stock":null,"stock_on_hold":0,"sold_today":null,"sales_last_days":null,"reserved_stock":0,"customer_returns":null,"warehouse_damage":0,"lost_in_post":null,"other_logs":0,"out_stock_days":null,"lost_sales":null,"has_location":false,"update_date":"2026-02-23T14:03:39","atum_locations":[],"atum_stock_status":"instock","restock_status":false,"low_stock_amount":"","sales_update_date":null,"calc_backorders":null,"yoast_head":"<!-- This site is optimized with the Yoast SEO plugin v26.9 - https:\/\/yoast.com\/product\/yoast-seo-wordpress\/ -->\n<title>Oversize naiste T-s\u00e4rk - Karini Butiik<\/title>\n<meta name=\"description\" content=\"Trendikas oversize naiste T-s\u00e4rk roosas, valges, helebee\u017eis, taupe ja mustas toonis. Mugav \u00fcks suurus sobib XS\u2013M kandjale. Ideaalne igap\u00e4evaseks kandmiseks.\" \/>\n<meta name=\"robots\" content=\"index, follow, max-snippet:-1, max-image-preview:large, max-video-preview:-1\" \/>\n<link rel=\"canonical\" href=\"https:\/\/www.karinibutiik.ee\/en\/product-2\/oversize-naiste-t-sark\/\" \/>\n<meta property=\"og:locale\" content=\"en_GB\" \/>\n<meta property=\"og:type\" content=\"article\" \/>\n<meta property=\"og:title\" content=\"Oversize naiste T-s\u00e4rk - Karini Butiik\" \/>\n<meta property=\"og:description\" content=\"Trendikas oversize naiste T-s\u00e4rk roosas, valges, helebee\u017eis, taupe ja mustas toonis. Mugav \u00fcks suurus sobib XS\u2013M kandjale. Ideaalne igap\u00e4evaseks kandmiseks.\" \/>\n<meta property=\"og:url\" content=\"https:\/\/www.karinibutiik.ee\/en\/product-2\/oversize-naiste-t-sark\/\" \/>\n<meta property=\"og:site_name\" content=\"Karini Butiik\" \/>\n<meta property=\"article:publisher\" content=\"https:\/\/www.facebook.com\/karinibutiik.ee\" \/>\n<meta property=\"article:modified_time\" content=\"2026-04-10T10:29:55+00:00\" \/>\n<meta property=\"og:image\" content=\"https:\/\/www.karinibutiik.ee\/wp-content\/uploads\/2026\/02\/394B68B5-8D48-4BD8-ABFE-A7BD5D5FE26A.jpeg\" \/>\n\t<meta property=\"og:image:width\" content=\"1659\" \/>\n\t<meta property=\"og:image:height\" content=\"2213\" \/>\n\t<meta property=\"og:image:type\" content=\"image\/jpeg\" \/>\n<meta name=\"twitter:card\" content=\"summary_large_image\" \/>\n<meta name=\"twitter:label1\" content=\"Availability\" \/>\n\t<meta name=\"twitter:data1\" content=\"In stock\" \/>\n<script type=\"application\/ld+json\" class=\"yoast-schema-graph\">{\"@context\":\"https:\/\/schema.org\",\"@graph\":[{\"@type\":\"WebPage\",\"@id\":\"https:\/\/www.karinibutiik.ee\/toode\/oversize-naiste-t-sark\/\",\"url\":\"https:\/\/www.karinibutiik.ee\/toode\/oversize-naiste-t-sark\/\",\"name\":\"Oversize naiste T-s\u00e4rk - Karini Butiik\",\"isPartOf\":{\"@id\":\"https:\/\/www.karinibutiik.ee\/#website\"},\"primaryImageOfPage\":{\"@id\":\"https:\/\/www.karinibutiik.ee\/toode\/oversize-naiste-t-sark\/#primaryimage\"},\"image\":{\"@id\":\"https:\/\/www.karinibutiik.ee\/toode\/oversize-naiste-t-sark\/#primaryimage\"},\"thumbnailUrl\":\"https:\/\/www.karinibutiik.ee\/wp-content\/uploads\/2026\/02\/394B68B5-8D48-4BD8-ABFE-A7BD5D5FE26A.jpeg\",\"datePublished\":\"2026-02-22T14:18:09+00:00\",\"dateModified\":\"2026-04-10T10:29:55+00:00\",\"description\":\"Trendikas oversize naiste T-s\u00e4rk roosas, valges, helebee\u017eis, taupe ja mustas toonis. Mugav \u00fcks suurus sobib XS\u2013M kandjale. Ideaalne igap\u00e4evaseks kandmiseks.\",\"breadcrumb\":{\"@id\":\"https:\/\/www.karinibutiik.ee\/toode\/oversize-naiste-t-sark\/#breadcrumb\"},\"inLanguage\":\"en-GB\",\"potentialAction\":[{\"@type\":\"ReadAction\",\"target\":[\"https:\/\/www.karinibutiik.ee\/toode\/oversize-naiste-t-sark\/\"]}]},{\"@type\":\"ImageObject\",\"inLanguage\":\"en-GB\",\"@id\":\"https:\/\/www.karinibutiik.ee\/toode\/oversize-naiste-t-sark\/#primaryimage\",\"url\":\"https:\/\/www.karinibutiik.ee\/wp-content\/uploads\/2026\/02\/394B68B5-8D48-4BD8-ABFE-A7BD5D5FE26A.jpeg\",\"contentUrl\":\"https:\/\/www.karinibutiik.ee\/wp-content\/uploads\/2026\/02\/394B68B5-8D48-4BD8-ABFE-A7BD5D5FE26A.jpeg\",\"width\":1659,\"height\":2213,\"caption\":\"Oversize naiste T-s\u00e4rk \u2013 roosa, valge, helebee\u017e, taupe ja must (XS\u2013M)\"},{\"@type\":\"BreadcrumbList\",\"@id\":\"https:\/\/www.karinibutiik.ee\/toode\/oversize-naiste-t-sark\/#breadcrumb\",\"itemListElement\":[{\"@type\":\"ListItem\",\"position\":1,\"name\":\"Home\",\"item\":\"https:\/\/www.karinibutiik.ee\/\"},{\"@type\":\"ListItem\",\"position\":2,\"name\":\"Pood\",\"item\":\"https:\/\/www.karinibutiik.ee\/pood\/\"},{\"@type\":\"ListItem\",\"position\":3,\"name\":\"Oversize naiste T-s\u00e4rk\"}]},{\"@type\":\"WebSite\",\"@id\":\"https:\/\/www.karinibutiik.ee\/#website\",\"url\":\"https:\/\/www.karinibutiik.ee\/\",\"name\":\"Karini Butiik\",\"description\":\"\",\"publisher\":{\"@id\":\"https:\/\/www.karinibutiik.ee\/#organization\"},\"potentialAction\":[{\"@type\":\"SearchAction\",\"target\":{\"@type\":\"EntryPoint\",\"urlTemplate\":\"https:\/\/www.karinibutiik.ee\/?s={search_term_string}\"},\"query-input\":{\"@type\":\"PropertyValueSpecification\",\"valueRequired\":true,\"valueName\":\"search_term_string\"}}],\"inLanguage\":\"en-GB\"},{\"@type\":\"Organization\",\"@id\":\"https:\/\/www.karinibutiik.ee\/#organization\",\"name\":\"Karini Butiik\",\"url\":\"https:\/\/www.karinibutiik.ee\/\",\"logo\":{\"@type\":\"ImageObject\",\"inLanguage\":\"en-GB\",\"@id\":\"https:\/\/www.karinibutiik.ee\/#\/schema\/logo\/image\/\",\"url\":\"https:\/\/www.karinibutiik.ee\/wp-content\/uploads\/2024\/10\/Kuj.-K-koopia.png\",\"contentUrl\":\"https:\/\/www.karinibutiik.ee\/wp-content\/uploads\/2024\/10\/Kuj.-K-koopia.png\",\"width\":500,\"height\":500,\"caption\":\"Karini Butiik\"},\"image\":{\"@id\":\"https:\/\/www.karinibutiik.ee\/#\/schema\/logo\/image\/\"},\"sameAs\":[\"https:\/\/www.facebook.com\/karinibutiik.ee\",\"https:\/\/www.instagram.com\/karinibutiik\"]}]}<\/script>\n<meta property=\"og:availability\" content=\"instock\" \/>\n<meta property=\"product:availability\" content=\"instock\" \/>\n<meta property=\"product:retailer_item_id\" content=\"5030\" \/>\n<meta property=\"product:condition\" content=\"new\" \/>\n<!-- \/ Yoast SEO plugin. -->","yoast_head_json":{"title":"Oversize naiste T-s\u00e4rk - Karini Butiik","description":"Trendikas oversize naiste T-s\u00e4rk roosas, valges, helebee\u017eis, taupe ja mustas toonis. Mugav \u00fcks suurus sobib XS\u2013M kandjale. Ideaalne igap\u00e4evaseks kandmiseks.","robots":{"index":"index","follow":"follow","max-snippet":"max-snippet:-1","max-image-preview":"max-image-preview:large","max-video-preview":"max-video-preview:-1"},"canonical":"https:\/\/www.karinibutiik.ee\/en\/product-2\/oversize-naiste-t-sark\/","og_locale":"en_GB","og_type":"article","og_title":"Oversize naiste T-s\u00e4rk - Karini Butiik","og_description":"Trendikas oversize naiste T-s\u00e4rk roosas, valges, helebee\u017eis, taupe ja mustas toonis. Mugav \u00fcks suurus sobib XS\u2013M kandjale. Ideaalne igap\u00e4evaseks kandmiseks.","og_url":"https:\/\/www.karinibutiik.ee\/en\/product-2\/oversize-naiste-t-sark\/","og_site_name":"Karini Butiik","article_publisher":"https:\/\/www.facebook.com\/karinibutiik.ee","article_modified_time":"2026-04-10T10:29:55+00:00","og_image":[{"width":1659,"height":2213,"url":"https:\/\/www.karinibutiik.ee\/wp-content\/uploads\/2026\/02\/394B68B5-8D48-4BD8-ABFE-A7BD5D5FE26A.jpeg","type":"image\/jpeg"}],"twitter_card":"summary_large_image","twitter_misc":{"Availability":"In stock"},"schema":{"@context":"https:\/\/schema.org","@graph":[{"@type":"WebPage","@id":"https:\/\/www.karinibutiik.ee\/toode\/oversize-naiste-t-sark\/","url":"https:\/\/www.karinibutiik.ee\/toode\/oversize-naiste-t-sark\/","name":"Oversize naiste T-s\u00e4rk - Karini Butiik","isPartOf":{"@id":"https:\/\/www.karinibutiik.ee\/#website"},"primaryImageOfPage":{"@id":"https:\/\/www.karinibutiik.ee\/toode\/oversize-naiste-t-sark\/#primaryimage"},"image":{"@id":"https:\/\/www.karinibutiik.ee\/toode\/oversize-naiste-t-sark\/#primaryimage"},"thumbnailUrl":"https:\/\/www.karinibutiik.ee\/wp-content\/uploads\/2026\/02\/394B68B5-8D48-4BD8-ABFE-A7BD5D5FE26A.jpeg","datePublished":"2026-02-22T14:18:09+00:00","dateModified":"2026-04-10T10:29:55+00:00","description":"Trendikas oversize naiste T-s\u00e4rk roosas, valges, helebee\u017eis, taupe ja mustas toonis. Mugav \u00fcks suurus sobib XS\u2013M kandjale. Ideaalne igap\u00e4evaseks kandmiseks.","breadcrumb":{"@id":"https:\/\/www.karinibutiik.ee\/toode\/oversize-naiste-t-sark\/#breadcrumb"},"inLanguage":"en-GB","potentialAction":[{"@type":"ReadAction","target":["https:\/\/www.karinibutiik.ee\/toode\/oversize-naiste-t-sark\/"]}]},{"@type":"ImageObject","inLanguage":"en-GB","@id":"https:\/\/www.karinibutiik.ee\/toode\/oversize-naiste-t-sark\/#primaryimage","url":"https:\/\/www.karinibutiik.ee\/wp-content\/uploads\/2026\/02\/394B68B5-8D48-4BD8-ABFE-A7BD5D5FE26A.jpeg","contentUrl":"https:\/\/www.karinibutiik.ee\/wp-content\/uploads\/2026\/02\/394B68B5-8D48-4BD8-ABFE-A7BD5D5FE26A.jpeg","width":1659,"height":2213,"caption":"Oversize naiste T-s\u00e4rk \u2013 roosa, valge, helebee\u017e, taupe ja must (XS\u2013M)"},{"@type":"BreadcrumbList","@id":"https:\/\/www.karinibutiik.ee\/toode\/oversize-naiste-t-sark\/#breadcrumb","itemListElement":[{"@type":"ListItem","position":1,"name":"Home","item":"https:\/\/www.karinibutiik.ee\/"},{"@type":"ListItem","position":2,"name":"Pood","item":"https:\/\/www.karinibutiik.ee\/pood\/"},{"@type":"ListItem","position":3,"name":"Oversize naiste T-s\u00e4rk"}]},{"@type":"WebSite","@id":"https:\/\/www.karinibutiik.ee\/#website","url":"https:\/\/www.karinibutiik.ee\/","name":"Karini Butiik","description":"","publisher":{"@id":"https:\/\/www.karinibutiik.ee\/#organization"},"potentialAction":[{"@type":"SearchAction","target":{"@type":"EntryPoint","urlTemplate":"https:\/\/www.karinibutiik.ee\/?s={search_term_string}"},"query-input":{"@type":"PropertyValueSpecification","valueRequired":true,"valueName":"search_term_string"}}],"inLanguage":"en-GB"},{"@type":"Organization","@id":"https:\/\/www.karinibutiik.ee\/#organization","name":"Karini Butiik","url":"https:\/\/www.karinibutiik.ee\/","logo":{"@type":"ImageObject","inLanguage":"en-GB","@id":"https:\/\/www.karinibutiik.ee\/#\/schema\/logo\/image\/","url":"https:\/\/www.karinibutiik.ee\/wp-content\/uploads\/2024\/10\/Kuj.-K-koopia.png","contentUrl":"https:\/\/www.karinibutiik.ee\/wp-content\/uploads\/2024\/10\/Kuj.-K-koopia.png","width":500,"height":500,"caption":"Karini Butiik"},"image":{"@id":"https:\/\/www.karinibutiik.ee\/#\/schema\/logo\/image\/"},"sameAs":["https:\/\/www.facebook.com\/karinibutiik.ee","https:\/\/www.instagram.com\/karinibutiik"]}]},"og_availability":"instock","product_availability":"instock","product_retailer_item_id":"5030","product_condition":"new"},"_links":{"self":[{"href":"https:\/\/www.karinibutiik.ee\/en\/wp-json\/wp\/v2\/product\/26263","targetHints":{"allow":["GET"]}}],"collection":[{"href":"https:\/\/www.karinibutiik.ee\/en\/wp-json\/wp\/v2\/product"}],"about":[{"href":"https:\/\/www.karinibutiik.ee\/en\/wp-json\/wp\/v2\/types\/product"}],"version-history":[{"count":1,"href":"https:\/\/www.karinibutiik.ee\/en\/wp-json\/wp\/v2\/product\/26263\/revisions"}],"predecessor-version":[{"id":26271,"href":"https:\/\/www.karinibutiik.ee\/en\/wp-json\/wp\/v2\/product\/26263\/revisions\/26271"}],"wp:featuredmedia":[{"embeddable":true,"href":"https:\/\/www.karinibutiik.ee\/en\/wp-json\/wp\/v2\/media\/26259"}],"wp:attachment":[{"href":"https:\/\/www.karinibutiik.ee\/en\/wp-json\/wp\/v2\/media?parent=26263"}],"wp:term":[{"taxonomy":"product_brand","embeddable":true,"href":"https:\/\/www.karinibutiik.ee\/en\/wp-json\/wp\/v2\/product_brand?post=26263"},{"taxonomy":"product_cat","embeddable":true,"href":"https:\/\/www.karinibutiik.ee\/en\/wp-json\/wp\/v2\/product_cat?post=26263"},{"taxonomy":"product_tag","embeddable":true,"href":"https:\/\/www.karinibutiik.ee\/en\/wp-json\/wp\/v2\/product_tag?post=26263"}],"curies":[{"name":"wp","href":"https:\/\/api.w.org\/{rel}","templated":true}]}}