{"id":26355,"date":"2026-02-24T13:16:32","date_gmt":"2026-02-24T11:16:32","guid":{"rendered":"https:\/\/www.karinibutiik.ee\/?post_type=product&#038;p=26355"},"modified":"2026-03-31T16:19:48","modified_gmt":"2026-03-31T13:19:48","slug":"kerge-suvine-kleit-alusvoodriga","status":"publish","type":"product","link":"https:\/\/www.karinibutiik.ee\/en\/product-2\/kerge-suvine-kleit-alusvoodriga\/","title":{"rendered":"Kerge suvine kleit alusvoodriga"},"content":{"rendered":"<p data-start=\"417\" data-end=\"646\">See <strong data-start=\"421\" data-end=\"456\">kerge suvine kleit alusvoodriga<\/strong> on ideaalne valik soojadeks p\u00e4evadeks, pakkudes nii mugavust kui ka naiselikku elegantsi. \u00d5huline pealiskiht langeb kaunilt, samas kui <strong data-start=\"592\" data-end=\"606\">alusvooder<\/strong> tagab kindla ja mugava kandmiskogemuse.<\/p>\n<p data-start=\"648\" data-end=\"875\">Saadaval viies kaunis toonis \u2013 <strong data-start=\"679\" data-end=\"720\">sinine, kollane, valge, kreem ja must<\/strong> \u2013, mis sobivad nii igap\u00e4evaseks kandmiseks kui ka suvisteks \u00fcritusteks. Voolav l\u00f5ige loob kerge ja romantilise silueti, mis sobib erinevate kehat\u00fc\u00fcpidega.<\/p>\n<p data-start=\"877\" data-end=\"1096\">Universaalne <strong data-start=\"890\" data-end=\"924\">\u00fcks suurus sobib XS\u2013M kandjale<\/strong>, kohandudes t\u00e4nu vabale l\u00f5ikele ja mugavale istuvusele. Ideaalne valik suvegarderoobi \u2013 kombineeri sandaalide, tossude v\u00f5i kontsadega ning loo lihtne, kuid stiilne outfit.<\/p>\n<p data-start=\"877\" data-end=\"1096\">\u00dcLDPIKKUS 92 CM<\/p>","protected":false},"excerpt":{"rendered":"<p>See kerge suvine kleit alusvoodriga on ideaalne valik soojadeks p\u00e4evadeks, pakkudes nii mugavust kui ka naiselikku elegantsi. \u00d5huline pealiskiht langeb [&hellip;]<\/p>\n","protected":false},"featured_media":26349,"template":"","meta":{"site-sidebar-layout":"default","site-content-layout":"","ast-site-content-layout":"default","site-content-style":"default","site-sidebar-style":"default","ast-global-header-display":"","ast-banner-title-visibility":"","ast-main-header-display":"","ast-hfb-above-header-display":"","ast-hfb-below-header-display":"","ast-hfb-mobile-header-display":"","site-post-title":"","ast-breadcrumbs-content":"","ast-featured-img":"","footer-sml-layout":"","ast-disable-related-posts":"","theme-transparent-header-meta":"default","adv-header-id-meta":"","stick-header-meta":"default","header-above-stick-meta":"","header-main-stick-meta":"","header-below-stick-meta":"","astra-migrate-meta-layouts":"set","ast-page-background-enabled":"default","ast-page-background-meta":{"desktop":{"background-color":"var(--ast-global-color-4)","background-image":"","background-repeat":"repeat","background-position":"center center","background-size":"auto","background-attachment":"scroll","background-type":"","background-media":"","overlay-type":"","overlay-color":"","overlay-opacity":"","overlay-gradient":""},"tablet":{"background-color":"","background-image":"","background-repeat":"repeat","background-position":"center center","background-size":"auto","background-attachment":"scroll","background-type":"","background-media":"","overlay-type":"","overlay-color":"","overlay-opacity":"","overlay-gradient":""},"mobile":{"background-color":"","background-image":"","background-repeat":"repeat","background-position":"center center","background-size":"auto","background-attachment":"scroll","background-type":"","background-media":"","overlay-type":"","overlay-color":"","overlay-opacity":"","overlay-gradient":""}},"ast-content-background-meta":{"desktop":{"background-color":"var(--ast-global-color-5)","background-image":"","background-repeat":"repeat","background-position":"center center","background-size":"auto","background-attachment":"scroll","background-type":"","background-media":"","overlay-type":"","overlay-color":"","overlay-opacity":"","overlay-gradient":""},"tablet":{"background-color":"var(--ast-global-color-5)","background-image":"","background-repeat":"repeat","background-position":"center center","background-size":"auto","background-attachment":"scroll","background-type":"","background-media":"","overlay-type":"","overlay-color":"","overlay-opacity":"","overlay-gradient":""},"mobile":{"background-color":"var(--ast-global-color-5)","background-image":"","background-repeat":"repeat","background-position":"center center","background-size":"auto","background-attachment":"scroll","background-type":"","background-media":"","overlay-type":"","overlay-color":"","overlay-opacity":"","overlay-gradient":""}}},"product_brand":[],"product_cat":[347,349,346,351],"product_tag":[2552,1399,1215,2553,507,1593,516,930,500,2554,2473,506],"class_list":{"0":"post-26355","1":"product","2":"type-product","3":"status-publish","4":"has-post-thumbnail","6":"product_cat-kleidid","7":"product_cat-midikleidid","8":"product_cat-naised","9":"product_cat-uued-tooted","10":"product_tag-alusvoodriga-kleit","11":"product_tag-kerge-kleit","12":"product_tag-kollane-kleit","13":"product_tag-kreem-kleit","14":"product_tag-must-kleit","15":"product_tag-naiste-kleit","16":"product_tag-ohuline-kleit","17":"product_tag-sinine-kleit","18":"product_tag-suvine-kleit","19":"product_tag-suvine-riietus","20":"product_tag-uks-suurus-xs-m","21":"product_tag-valge-kleit","22":"desktop-align-center","23":"tablet-align-center","24":"mobile-align-center","25":"ast-product-gallery-layout-horizontal-slider","26":"ast-product-single-variable","27":"ast-product-tabs-layout-horizontal","29":"first","30":"instock","31":"taxable","32":"shipping-taxable","33":"purchasable","34":"product-type-variable"},"supplier_id":null,"supplier_sku":"","barcode":null,"atum_controlled":true,"out_stock_date":null,"out_stock_threshold":null,"inheritable":true,"inbound_stock":null,"stock_on_hold":0,"sold_today":null,"sales_last_days":null,"reserved_stock":0,"customer_returns":null,"warehouse_damage":0,"lost_in_post":null,"other_logs":0,"out_stock_days":null,"lost_sales":null,"has_location":false,"update_date":"2026-02-24T14:00:13","atum_locations":[],"atum_stock_status":"instock","restock_status":false,"low_stock_amount":"","sales_update_date":null,"calc_backorders":null,"yoast_head":"<!-- This site is optimized with the Yoast SEO plugin v26.9 - https:\/\/yoast.com\/product\/yoast-seo-wordpress\/ -->\n<title>Kerge suvine kleit alusvoodriga - Karini Butiik<\/title>\n<meta name=\"description\" content=\"Kerge ja naiselik suvine kleit alusvoodriga. Saadaval sinine, kollane, valge, kreem ja must. \u00dcks suurus sobib XS\u2013M kandjale.\" \/>\n<meta name=\"robots\" content=\"index, follow, max-snippet:-1, max-image-preview:large, max-video-preview:-1\" \/>\n<link rel=\"canonical\" href=\"https:\/\/www.karinibutiik.ee\/en\/product-2\/kerge-suvine-kleit-alusvoodriga\/\" \/>\n<meta property=\"og:locale\" content=\"en_GB\" \/>\n<meta property=\"og:type\" content=\"article\" \/>\n<meta property=\"og:title\" content=\"Kerge suvine kleit alusvoodriga - Karini Butiik\" \/>\n<meta property=\"og:description\" content=\"Kerge ja naiselik suvine kleit alusvoodriga. Saadaval sinine, kollane, valge, kreem ja must. \u00dcks suurus sobib XS\u2013M kandjale.\" \/>\n<meta property=\"og:url\" content=\"https:\/\/www.karinibutiik.ee\/en\/product-2\/kerge-suvine-kleit-alusvoodriga\/\" \/>\n<meta property=\"og:site_name\" content=\"Karini Butiik\" \/>\n<meta property=\"article:publisher\" content=\"https:\/\/www.facebook.com\/karinibutiik.ee\" \/>\n<meta property=\"article:modified_time\" content=\"2026-03-31T13:19:48+00:00\" \/>\n<meta property=\"og:image\" content=\"https:\/\/www.karinibutiik.ee\/wp-content\/uploads\/2026\/02\/1862A561-7B44-4CEE-8769-95FD7ECB7BCC-scaled.jpeg\" \/>\n\t<meta property=\"og:image:width\" content=\"1903\" \/>\n\t<meta property=\"og:image:height\" content=\"2560\" \/>\n\t<meta property=\"og:image:type\" content=\"image\/jpeg\" \/>\n<meta name=\"twitter:card\" content=\"summary_large_image\" \/>\n<meta name=\"twitter:label1\" content=\"Availability\" \/>\n\t<meta name=\"twitter:data1\" content=\"In stock\" \/>\n<script type=\"application\/ld+json\" class=\"yoast-schema-graph\">{\"@context\":\"https:\/\/schema.org\",\"@graph\":[{\"@type\":\"WebPage\",\"@id\":\"https:\/\/www.karinibutiik.ee\/toode\/kerge-suvine-kleit-alusvoodriga\/\",\"url\":\"https:\/\/www.karinibutiik.ee\/toode\/kerge-suvine-kleit-alusvoodriga\/\",\"name\":\"Kerge suvine kleit alusvoodriga - Karini Butiik\",\"isPartOf\":{\"@id\":\"https:\/\/www.karinibutiik.ee\/#website\"},\"primaryImageOfPage\":{\"@id\":\"https:\/\/www.karinibutiik.ee\/toode\/kerge-suvine-kleit-alusvoodriga\/#primaryimage\"},\"image\":{\"@id\":\"https:\/\/www.karinibutiik.ee\/toode\/kerge-suvine-kleit-alusvoodriga\/#primaryimage\"},\"thumbnailUrl\":\"https:\/\/www.karinibutiik.ee\/wp-content\/uploads\/2026\/02\/1862A561-7B44-4CEE-8769-95FD7ECB7BCC-scaled.jpeg\",\"datePublished\":\"2026-02-24T11:16:32+00:00\",\"dateModified\":\"2026-03-31T13:19:48+00:00\",\"description\":\"Kerge ja naiselik suvine kleit alusvoodriga. Saadaval sinine, kollane, valge, kreem ja must. \u00dcks suurus sobib XS\u2013M kandjale.\",\"breadcrumb\":{\"@id\":\"https:\/\/www.karinibutiik.ee\/toode\/kerge-suvine-kleit-alusvoodriga\/#breadcrumb\"},\"inLanguage\":\"en-GB\",\"potentialAction\":[{\"@type\":\"ReadAction\",\"target\":[\"https:\/\/www.karinibutiik.ee\/toode\/kerge-suvine-kleit-alusvoodriga\/\"]}]},{\"@type\":\"ImageObject\",\"inLanguage\":\"en-GB\",\"@id\":\"https:\/\/www.karinibutiik.ee\/toode\/kerge-suvine-kleit-alusvoodriga\/#primaryimage\",\"url\":\"https:\/\/www.karinibutiik.ee\/wp-content\/uploads\/2026\/02\/1862A561-7B44-4CEE-8769-95FD7ECB7BCC-scaled.jpeg\",\"contentUrl\":\"https:\/\/www.karinibutiik.ee\/wp-content\/uploads\/2026\/02\/1862A561-7B44-4CEE-8769-95FD7ECB7BCC-scaled.jpeg\",\"width\":1903,\"height\":2560,\"caption\":\"Kerge suvine kleit alusvoodriga\"},{\"@type\":\"BreadcrumbList\",\"@id\":\"https:\/\/www.karinibutiik.ee\/toode\/kerge-suvine-kleit-alusvoodriga\/#breadcrumb\",\"itemListElement\":[{\"@type\":\"ListItem\",\"position\":1,\"name\":\"Home\",\"item\":\"https:\/\/www.karinibutiik.ee\/\"},{\"@type\":\"ListItem\",\"position\":2,\"name\":\"Pood\",\"item\":\"https:\/\/www.karinibutiik.ee\/pood\/\"},{\"@type\":\"ListItem\",\"position\":3,\"name\":\"Kerge suvine kleit alusvoodriga\"}]},{\"@type\":\"WebSite\",\"@id\":\"https:\/\/www.karinibutiik.ee\/#website\",\"url\":\"https:\/\/www.karinibutiik.ee\/\",\"name\":\"Karini Butiik\",\"description\":\"\",\"publisher\":{\"@id\":\"https:\/\/www.karinibutiik.ee\/#organization\"},\"potentialAction\":[{\"@type\":\"SearchAction\",\"target\":{\"@type\":\"EntryPoint\",\"urlTemplate\":\"https:\/\/www.karinibutiik.ee\/?s={search_term_string}\"},\"query-input\":{\"@type\":\"PropertyValueSpecification\",\"valueRequired\":true,\"valueName\":\"search_term_string\"}}],\"inLanguage\":\"en-GB\"},{\"@type\":\"Organization\",\"@id\":\"https:\/\/www.karinibutiik.ee\/#organization\",\"name\":\"Karini Butiik\",\"url\":\"https:\/\/www.karinibutiik.ee\/\",\"logo\":{\"@type\":\"ImageObject\",\"inLanguage\":\"en-GB\",\"@id\":\"https:\/\/www.karinibutiik.ee\/#\/schema\/logo\/image\/\",\"url\":\"https:\/\/www.karinibutiik.ee\/wp-content\/uploads\/2024\/10\/Kuj.-K-koopia.png\",\"contentUrl\":\"https:\/\/www.karinibutiik.ee\/wp-content\/uploads\/2024\/10\/Kuj.-K-koopia.png\",\"width\":500,\"height\":500,\"caption\":\"Karini Butiik\"},\"image\":{\"@id\":\"https:\/\/www.karinibutiik.ee\/#\/schema\/logo\/image\/\"},\"sameAs\":[\"https:\/\/www.facebook.com\/karinibutiik.ee\",\"https:\/\/www.instagram.com\/karinibutiik\"]}]}<\/script>\n<meta property=\"og:availability\" content=\"instock\" \/>\n<meta property=\"product:availability\" content=\"instock\" \/>\n<meta property=\"product:retailer_item_id\" content=\"5031\" \/>\n<meta property=\"product:condition\" content=\"new\" \/>\n<!-- \/ Yoast SEO plugin. -->","yoast_head_json":{"title":"Kerge suvine kleit alusvoodriga - Karini Butiik","description":"Kerge ja naiselik suvine kleit alusvoodriga. Saadaval sinine, kollane, valge, kreem ja must. \u00dcks suurus sobib XS\u2013M kandjale.","robots":{"index":"index","follow":"follow","max-snippet":"max-snippet:-1","max-image-preview":"max-image-preview:large","max-video-preview":"max-video-preview:-1"},"canonical":"https:\/\/www.karinibutiik.ee\/en\/product-2\/kerge-suvine-kleit-alusvoodriga\/","og_locale":"en_GB","og_type":"article","og_title":"Kerge suvine kleit alusvoodriga - Karini Butiik","og_description":"Kerge ja naiselik suvine kleit alusvoodriga. Saadaval sinine, kollane, valge, kreem ja must. \u00dcks suurus sobib XS\u2013M kandjale.","og_url":"https:\/\/www.karinibutiik.ee\/en\/product-2\/kerge-suvine-kleit-alusvoodriga\/","og_site_name":"Karini Butiik","article_publisher":"https:\/\/www.facebook.com\/karinibutiik.ee","article_modified_time":"2026-03-31T13:19:48+00:00","og_image":[{"width":1903,"height":2560,"url":"https:\/\/www.karinibutiik.ee\/wp-content\/uploads\/2026\/02\/1862A561-7B44-4CEE-8769-95FD7ECB7BCC-scaled.jpeg","type":"image\/jpeg"}],"twitter_card":"summary_large_image","twitter_misc":{"Availability":"In stock"},"schema":{"@context":"https:\/\/schema.org","@graph":[{"@type":"WebPage","@id":"https:\/\/www.karinibutiik.ee\/toode\/kerge-suvine-kleit-alusvoodriga\/","url":"https:\/\/www.karinibutiik.ee\/toode\/kerge-suvine-kleit-alusvoodriga\/","name":"Kerge suvine kleit alusvoodriga - Karini Butiik","isPartOf":{"@id":"https:\/\/www.karinibutiik.ee\/#website"},"primaryImageOfPage":{"@id":"https:\/\/www.karinibutiik.ee\/toode\/kerge-suvine-kleit-alusvoodriga\/#primaryimage"},"image":{"@id":"https:\/\/www.karinibutiik.ee\/toode\/kerge-suvine-kleit-alusvoodriga\/#primaryimage"},"thumbnailUrl":"https:\/\/www.karinibutiik.ee\/wp-content\/uploads\/2026\/02\/1862A561-7B44-4CEE-8769-95FD7ECB7BCC-scaled.jpeg","datePublished":"2026-02-24T11:16:32+00:00","dateModified":"2026-03-31T13:19:48+00:00","description":"Kerge ja naiselik suvine kleit alusvoodriga. Saadaval sinine, kollane, valge, kreem ja must. \u00dcks suurus sobib XS\u2013M kandjale.","breadcrumb":{"@id":"https:\/\/www.karinibutiik.ee\/toode\/kerge-suvine-kleit-alusvoodriga\/#breadcrumb"},"inLanguage":"en-GB","potentialAction":[{"@type":"ReadAction","target":["https:\/\/www.karinibutiik.ee\/toode\/kerge-suvine-kleit-alusvoodriga\/"]}]},{"@type":"ImageObject","inLanguage":"en-GB","@id":"https:\/\/www.karinibutiik.ee\/toode\/kerge-suvine-kleit-alusvoodriga\/#primaryimage","url":"https:\/\/www.karinibutiik.ee\/wp-content\/uploads\/2026\/02\/1862A561-7B44-4CEE-8769-95FD7ECB7BCC-scaled.jpeg","contentUrl":"https:\/\/www.karinibutiik.ee\/wp-content\/uploads\/2026\/02\/1862A561-7B44-4CEE-8769-95FD7ECB7BCC-scaled.jpeg","width":1903,"height":2560,"caption":"Kerge suvine kleit alusvoodriga"},{"@type":"BreadcrumbList","@id":"https:\/\/www.karinibutiik.ee\/toode\/kerge-suvine-kleit-alusvoodriga\/#breadcrumb","itemListElement":[{"@type":"ListItem","position":1,"name":"Home","item":"https:\/\/www.karinibutiik.ee\/"},{"@type":"ListItem","position":2,"name":"Pood","item":"https:\/\/www.karinibutiik.ee\/pood\/"},{"@type":"ListItem","position":3,"name":"Kerge suvine kleit alusvoodriga"}]},{"@type":"WebSite","@id":"https:\/\/www.karinibutiik.ee\/#website","url":"https:\/\/www.karinibutiik.ee\/","name":"Karini Butiik","description":"","publisher":{"@id":"https:\/\/www.karinibutiik.ee\/#organization"},"potentialAction":[{"@type":"SearchAction","target":{"@type":"EntryPoint","urlTemplate":"https:\/\/www.karinibutiik.ee\/?s={search_term_string}"},"query-input":{"@type":"PropertyValueSpecification","valueRequired":true,"valueName":"search_term_string"}}],"inLanguage":"en-GB"},{"@type":"Organization","@id":"https:\/\/www.karinibutiik.ee\/#organization","name":"Karini Butiik","url":"https:\/\/www.karinibutiik.ee\/","logo":{"@type":"ImageObject","inLanguage":"en-GB","@id":"https:\/\/www.karinibutiik.ee\/#\/schema\/logo\/image\/","url":"https:\/\/www.karinibutiik.ee\/wp-content\/uploads\/2024\/10\/Kuj.-K-koopia.png","contentUrl":"https:\/\/www.karinibutiik.ee\/wp-content\/uploads\/2024\/10\/Kuj.-K-koopia.png","width":500,"height":500,"caption":"Karini Butiik"},"image":{"@id":"https:\/\/www.karinibutiik.ee\/#\/schema\/logo\/image\/"},"sameAs":["https:\/\/www.facebook.com\/karinibutiik.ee","https:\/\/www.instagram.com\/karinibutiik"]}]},"og_availability":"instock","product_availability":"instock","product_retailer_item_id":"5031","product_condition":"new"},"_links":{"self":[{"href":"https:\/\/www.karinibutiik.ee\/en\/wp-json\/wp\/v2\/product\/26355","targetHints":{"allow":["GET"]}}],"collection":[{"href":"https:\/\/www.karinibutiik.ee\/en\/wp-json\/wp\/v2\/product"}],"about":[{"href":"https:\/\/www.karinibutiik.ee\/en\/wp-json\/wp\/v2\/types\/product"}],"version-history":[{"count":1,"href":"https:\/\/www.karinibutiik.ee\/en\/wp-json\/wp\/v2\/product\/26355\/revisions"}],"predecessor-version":[{"id":26361,"href":"https:\/\/www.karinibutiik.ee\/en\/wp-json\/wp\/v2\/product\/26355\/revisions\/26361"}],"wp:featuredmedia":[{"embeddable":true,"href":"https:\/\/www.karinibutiik.ee\/en\/wp-json\/wp\/v2\/media\/26349"}],"wp:attachment":[{"href":"https:\/\/www.karinibutiik.ee\/en\/wp-json\/wp\/v2\/media?parent=26355"}],"wp:term":[{"taxonomy":"product_brand","embeddable":true,"href":"https:\/\/www.karinibutiik.ee\/en\/wp-json\/wp\/v2\/product_brand?post=26355"},{"taxonomy":"product_cat","embeddable":true,"href":"https:\/\/www.karinibutiik.ee\/en\/wp-json\/wp\/v2\/product_cat?post=26355"},{"taxonomy":"product_tag","embeddable":true,"href":"https:\/\/www.karinibutiik.ee\/en\/wp-json\/wp\/v2\/product_tag?post=26355"}],"curies":[{"name":"wp","href":"https:\/\/api.w.org\/{rel}","templated":true}]}}