{"id":26686,"date":"2026-03-16T14:58:38","date_gmt":"2026-03-16T12:58:38","guid":{"rendered":"https:\/\/www.karinibutiik.ee\/?post_type=product&#038;p=26686"},"modified":"2026-04-14T17:59:24","modified_gmt":"2026-04-14T14:59:24","slug":"premium-bleiserkleit-naistele","status":"publish","type":"product","link":"https:\/\/www.karinibutiik.ee\/en\/product-2\/premium-bleiserkleit-naistele\/","title":{"rendered":"Premium bleiserkleit naistele"},"content":{"rendered":"<p data-start=\"309\" data-end=\"534\">See premium bleiserkleit naistele on ideaalne valik naisele, kes hindab elegantsi, mitmek\u00fclgsust ja kvaliteeti. Stiilne l\u00f5ige \u00fchendab klassikalise bleiseri ja kleidi, v\u00f5imaldades seda kanda nii kleidina kui ka jakina.<\/p>\n<p data-start=\"536\" data-end=\"760\">Minimalistlik ja ajatu disain muudab selle r\u00f5iva ideaalseks nii pidulikumateks s\u00fcndmusteks kui ka igap\u00e4evaseks stiilseks kandmiseks. Bleiserkleit sobib suurep\u00e4raselt kontorisse, \u00f5htus\u00f6\u00f6gile, \u00fcritustele v\u00f5i linnastiili osaks.<\/p>\n<p data-start=\"762\" data-end=\"918\">Premium kvaliteediga kangas hoiab kaunilt vormi ning loob elegantse silueti. Klassikaline l\u00f5ige r\u00f5hutab figuuri ning annab enesekindla ja modernse v\u00e4limuse.<\/p>\n<p data-start=\"920\" data-end=\"994\">Saadaval kolmes ajatus toonis:<br data-start=\"950\" data-end=\"953\" \/>\u2022 valge<br data-start=\"964\" data-end=\"967\" \/>\u2022 helebee\u017e<br data-start=\"981\" data-end=\"984\" \/>\u2022 must<\/p>\n<p data-start=\"996\" data-end=\"1084\">Bleiserkleit on saadaval suurustes XS, S, M ja L, sobides erinevatele kehat\u00fc\u00fcpidele.<\/p>\n<p data-start=\"1086\" data-end=\"1206\">Kanna seda kleidina kontsadega, v\u00f5i kasuta jakina teksade ja topi peal, et luua trendikas ja mitmek\u00fclgne outfit.<\/p>","protected":false},"excerpt":{"rendered":"<p>See premium bleiserkleit naistele on ideaalne valik naisele, kes hindab elegantsi, mitmek\u00fclgsust ja kvaliteeti. Stiilne l\u00f5ige \u00fchendab klassikalise bleiseri ja [&hellip;]<\/p>\n","protected":false},"featured_media":26685,"template":"","meta":{"site-sidebar-layout":"default","site-content-layout":"","ast-site-content-layout":"default","site-content-style":"default","site-sidebar-style":"default","ast-global-header-display":"","ast-banner-title-visibility":"","ast-main-header-display":"","ast-hfb-above-header-display":"","ast-hfb-below-header-display":"","ast-hfb-mobile-header-display":"","site-post-title":"","ast-breadcrumbs-content":"","ast-featured-img":"","footer-sml-layout":"","ast-disable-related-posts":"","theme-transparent-header-meta":"default","adv-header-id-meta":"","stick-header-meta":"default","header-above-stick-meta":"","header-main-stick-meta":"","header-below-stick-meta":"","astra-migrate-meta-layouts":"set","ast-page-background-enabled":"default","ast-page-background-meta":{"desktop":{"background-color":"var(--ast-global-color-4)","background-image":"","background-repeat":"repeat","background-position":"center center","background-size":"auto","background-attachment":"scroll","background-type":"","background-media":"","overlay-type":"","overlay-color":"","overlay-opacity":"","overlay-gradient":""},"tablet":{"background-color":"","background-image":"","background-repeat":"repeat","background-position":"center center","background-size":"auto","background-attachment":"scroll","background-type":"","background-media":"","overlay-type":"","overlay-color":"","overlay-opacity":"","overlay-gradient":""},"mobile":{"background-color":"","background-image":"","background-repeat":"repeat","background-position":"center center","background-size":"auto","background-attachment":"scroll","background-type":"","background-media":"","overlay-type":"","overlay-color":"","overlay-opacity":"","overlay-gradient":""}},"ast-content-background-meta":{"desktop":{"background-color":"var(--ast-global-color-5)","background-image":"","background-repeat":"repeat","background-position":"center center","background-size":"auto","background-attachment":"scroll","background-type":"","background-media":"","overlay-type":"","overlay-color":"","overlay-opacity":"","overlay-gradient":""},"tablet":{"background-color":"var(--ast-global-color-5)","background-image":"","background-repeat":"repeat","background-position":"center center","background-size":"auto","background-attachment":"scroll","background-type":"","background-media":"","overlay-type":"","overlay-color":"","overlay-opacity":"","overlay-gradient":""},"mobile":{"background-color":"var(--ast-global-color-5)","background-image":"","background-repeat":"repeat","background-position":"center center","background-size":"auto","background-attachment":"scroll","background-type":"","background-media":"","overlay-type":"","overlay-color":"","overlay-opacity":"","overlay-gradient":""}}},"product_brand":[],"product_cat":[452,379,346,366,365,351],"product_tag":[508,2614,1169,737,2615,2094,1608,2613,2616,2617],"class_list":{"0":"post-26686","1":"product","2":"type-product","3":"status-publish","4":"has-post-thumbnail","6":"product_cat-bestseller","7":"product_cat-bleiserkleidid","8":"product_cat-naised","9":"product_cat-pintsakud","10":"product_cat-uleriided","11":"product_cat-uued-tooted","12":"product_tag-bleiserkleit","13":"product_tag-bleiserkleit-naistele","14":"product_tag-elegantne-kleit","15":"product_tag-helebeez-kleit","16":"product_tag-must-bleiserkleit","17":"product_tag-naiste-bleiserkleit","18":"product_tag-naiste-pidulik-kleit","19":"product_tag-premium-kleit","20":"product_tag-valge-bleiserkleit","21":"product_tag-xs-s-m-l-kleit","22":"desktop-align-center","23":"tablet-align-center","24":"mobile-align-center","25":"ast-product-gallery-layout-horizontal-slider","26":"ast-product-single-variable","27":"ast-product-tabs-layout-horizontal","29":"first","30":"instock","31":"taxable","32":"shipping-taxable","33":"purchasable","34":"product-type-variable"},"supplier_id":null,"supplier_sku":"","barcode":null,"atum_controlled":true,"out_stock_date":null,"out_stock_threshold":null,"inheritable":true,"inbound_stock":null,"stock_on_hold":0,"sold_today":null,"sales_last_days":null,"reserved_stock":0,"customer_returns":null,"warehouse_damage":0,"lost_in_post":null,"other_logs":0,"out_stock_days":null,"lost_sales":null,"has_location":false,"update_date":"2026-03-30T09:50:05","atum_locations":[],"atum_stock_status":"instock","restock_status":false,"low_stock_amount":"","sales_update_date":null,"calc_backorders":null,"yoast_head":"<!-- This site is optimized with the Yoast SEO plugin v26.9 - https:\/\/yoast.com\/product\/yoast-seo-wordpress\/ -->\n<title>Premium bleiserkleit naistele - Karini Butiik<\/title>\n<meta name=\"description\" content=\"Elegantne premium bleiserkleit, mida saab kanda nii kleidina kui jakina. Saadaval valge, helebee\u017e ja must. Suurused XS\u2013L.\" \/>\n<meta name=\"robots\" content=\"index, follow, max-snippet:-1, max-image-preview:large, max-video-preview:-1\" \/>\n<link rel=\"canonical\" href=\"https:\/\/www.karinibutiik.ee\/en\/product-2\/premium-bleiserkleit-naistele\/\" \/>\n<meta property=\"og:locale\" content=\"en_GB\" \/>\n<meta property=\"og:type\" content=\"article\" \/>\n<meta property=\"og:title\" content=\"Premium bleiserkleit naistele - Karini Butiik\" \/>\n<meta property=\"og:description\" content=\"Elegantne premium bleiserkleit, mida saab kanda nii kleidina kui jakina. Saadaval valge, helebee\u017e ja must. Suurused XS\u2013L.\" \/>\n<meta property=\"og:url\" content=\"https:\/\/www.karinibutiik.ee\/en\/product-2\/premium-bleiserkleit-naistele\/\" \/>\n<meta property=\"og:site_name\" content=\"Karini Butiik\" \/>\n<meta property=\"article:publisher\" content=\"https:\/\/www.facebook.com\/karinibutiik.ee\" \/>\n<meta property=\"article:modified_time\" content=\"2026-04-14T14:59:24+00:00\" \/>\n<meta property=\"og:image\" content=\"https:\/\/www.karinibutiik.ee\/wp-content\/uploads\/2026\/03\/IMG_0496-e1773665218395.jpeg\" \/>\n\t<meta property=\"og:image:width\" content=\"924\" \/>\n\t<meta property=\"og:image:height\" content=\"1250\" \/>\n\t<meta property=\"og:image:type\" content=\"image\/jpeg\" \/>\n<meta name=\"twitter:card\" content=\"summary_large_image\" \/>\n<meta name=\"twitter:label1\" content=\"Availability\" \/>\n\t<meta name=\"twitter:data1\" content=\"In stock\" \/>\n<script type=\"application\/ld+json\" class=\"yoast-schema-graph\">{\"@context\":\"https:\/\/schema.org\",\"@graph\":[{\"@type\":\"WebPage\",\"@id\":\"https:\/\/www.karinibutiik.ee\/toode\/premium-bleiserkleit-naistele\/\",\"url\":\"https:\/\/www.karinibutiik.ee\/toode\/premium-bleiserkleit-naistele\/\",\"name\":\"Premium bleiserkleit naistele - Karini Butiik\",\"isPartOf\":{\"@id\":\"https:\/\/www.karinibutiik.ee\/#website\"},\"primaryImageOfPage\":{\"@id\":\"https:\/\/www.karinibutiik.ee\/toode\/premium-bleiserkleit-naistele\/#primaryimage\"},\"image\":{\"@id\":\"https:\/\/www.karinibutiik.ee\/toode\/premium-bleiserkleit-naistele\/#primaryimage\"},\"thumbnailUrl\":\"https:\/\/www.karinibutiik.ee\/wp-content\/uploads\/2026\/03\/IMG_0496-e1773665218395.jpeg\",\"datePublished\":\"2026-03-16T12:58:38+00:00\",\"dateModified\":\"2026-04-14T14:59:24+00:00\",\"description\":\"Elegantne premium bleiserkleit, mida saab kanda nii kleidina kui jakina. Saadaval valge, helebee\u017e ja must. Suurused XS\u2013L.\",\"breadcrumb\":{\"@id\":\"https:\/\/www.karinibutiik.ee\/toode\/premium-bleiserkleit-naistele\/#breadcrumb\"},\"inLanguage\":\"en-GB\",\"potentialAction\":[{\"@type\":\"ReadAction\",\"target\":[\"https:\/\/www.karinibutiik.ee\/toode\/premium-bleiserkleit-naistele\/\"]}]},{\"@type\":\"ImageObject\",\"inLanguage\":\"en-GB\",\"@id\":\"https:\/\/www.karinibutiik.ee\/toode\/premium-bleiserkleit-naistele\/#primaryimage\",\"url\":\"https:\/\/www.karinibutiik.ee\/wp-content\/uploads\/2026\/03\/IMG_0496-e1773665218395.jpeg\",\"contentUrl\":\"https:\/\/www.karinibutiik.ee\/wp-content\/uploads\/2026\/03\/IMG_0496-e1773665218395.jpeg\",\"width\":924,\"height\":1250,\"caption\":\"Elegantne premium bleiserkleit, mida saab kanda nii kleidina kui jakina.\"},{\"@type\":\"BreadcrumbList\",\"@id\":\"https:\/\/www.karinibutiik.ee\/toode\/premium-bleiserkleit-naistele\/#breadcrumb\",\"itemListElement\":[{\"@type\":\"ListItem\",\"position\":1,\"name\":\"Home\",\"item\":\"https:\/\/www.karinibutiik.ee\/\"},{\"@type\":\"ListItem\",\"position\":2,\"name\":\"Pood\",\"item\":\"https:\/\/www.karinibutiik.ee\/pood\/\"},{\"@type\":\"ListItem\",\"position\":3,\"name\":\"Premium bleiserkleit naistele\"}]},{\"@type\":\"WebSite\",\"@id\":\"https:\/\/www.karinibutiik.ee\/#website\",\"url\":\"https:\/\/www.karinibutiik.ee\/\",\"name\":\"Karini Butiik\",\"description\":\"\",\"publisher\":{\"@id\":\"https:\/\/www.karinibutiik.ee\/#organization\"},\"potentialAction\":[{\"@type\":\"SearchAction\",\"target\":{\"@type\":\"EntryPoint\",\"urlTemplate\":\"https:\/\/www.karinibutiik.ee\/?s={search_term_string}\"},\"query-input\":{\"@type\":\"PropertyValueSpecification\",\"valueRequired\":true,\"valueName\":\"search_term_string\"}}],\"inLanguage\":\"en-GB\"},{\"@type\":\"Organization\",\"@id\":\"https:\/\/www.karinibutiik.ee\/#organization\",\"name\":\"Karini Butiik\",\"url\":\"https:\/\/www.karinibutiik.ee\/\",\"logo\":{\"@type\":\"ImageObject\",\"inLanguage\":\"en-GB\",\"@id\":\"https:\/\/www.karinibutiik.ee\/#\/schema\/logo\/image\/\",\"url\":\"https:\/\/www.karinibutiik.ee\/wp-content\/uploads\/2024\/10\/Kuj.-K-koopia.png\",\"contentUrl\":\"https:\/\/www.karinibutiik.ee\/wp-content\/uploads\/2024\/10\/Kuj.-K-koopia.png\",\"width\":500,\"height\":500,\"caption\":\"Karini Butiik\"},\"image\":{\"@id\":\"https:\/\/www.karinibutiik.ee\/#\/schema\/logo\/image\/\"},\"sameAs\":[\"https:\/\/www.facebook.com\/karinibutiik.ee\",\"https:\/\/www.instagram.com\/karinibutiik\"]}]}<\/script>\n<meta property=\"og:availability\" content=\"instock\" \/>\n<meta property=\"product:availability\" content=\"instock\" \/>\n<meta property=\"product:retailer_item_id\" content=\"5410\" \/>\n<meta property=\"product:condition\" content=\"new\" \/>\n<!-- \/ Yoast SEO plugin. -->","yoast_head_json":{"title":"Premium bleiserkleit naistele - Karini Butiik","description":"Elegantne premium bleiserkleit, mida saab kanda nii kleidina kui jakina. Saadaval valge, helebee\u017e ja must. Suurused XS\u2013L.","robots":{"index":"index","follow":"follow","max-snippet":"max-snippet:-1","max-image-preview":"max-image-preview:large","max-video-preview":"max-video-preview:-1"},"canonical":"https:\/\/www.karinibutiik.ee\/en\/product-2\/premium-bleiserkleit-naistele\/","og_locale":"en_GB","og_type":"article","og_title":"Premium bleiserkleit naistele - Karini Butiik","og_description":"Elegantne premium bleiserkleit, mida saab kanda nii kleidina kui jakina. Saadaval valge, helebee\u017e ja must. Suurused XS\u2013L.","og_url":"https:\/\/www.karinibutiik.ee\/en\/product-2\/premium-bleiserkleit-naistele\/","og_site_name":"Karini Butiik","article_publisher":"https:\/\/www.facebook.com\/karinibutiik.ee","article_modified_time":"2026-04-14T14:59:24+00:00","og_image":[{"width":924,"height":1250,"url":"https:\/\/www.karinibutiik.ee\/wp-content\/uploads\/2026\/03\/IMG_0496-e1773665218395.jpeg","type":"image\/jpeg"}],"twitter_card":"summary_large_image","twitter_misc":{"Availability":"In stock"},"schema":{"@context":"https:\/\/schema.org","@graph":[{"@type":"WebPage","@id":"https:\/\/www.karinibutiik.ee\/toode\/premium-bleiserkleit-naistele\/","url":"https:\/\/www.karinibutiik.ee\/toode\/premium-bleiserkleit-naistele\/","name":"Premium bleiserkleit naistele - Karini Butiik","isPartOf":{"@id":"https:\/\/www.karinibutiik.ee\/#website"},"primaryImageOfPage":{"@id":"https:\/\/www.karinibutiik.ee\/toode\/premium-bleiserkleit-naistele\/#primaryimage"},"image":{"@id":"https:\/\/www.karinibutiik.ee\/toode\/premium-bleiserkleit-naistele\/#primaryimage"},"thumbnailUrl":"https:\/\/www.karinibutiik.ee\/wp-content\/uploads\/2026\/03\/IMG_0496-e1773665218395.jpeg","datePublished":"2026-03-16T12:58:38+00:00","dateModified":"2026-04-14T14:59:24+00:00","description":"Elegantne premium bleiserkleit, mida saab kanda nii kleidina kui jakina. Saadaval valge, helebee\u017e ja must. Suurused XS\u2013L.","breadcrumb":{"@id":"https:\/\/www.karinibutiik.ee\/toode\/premium-bleiserkleit-naistele\/#breadcrumb"},"inLanguage":"en-GB","potentialAction":[{"@type":"ReadAction","target":["https:\/\/www.karinibutiik.ee\/toode\/premium-bleiserkleit-naistele\/"]}]},{"@type":"ImageObject","inLanguage":"en-GB","@id":"https:\/\/www.karinibutiik.ee\/toode\/premium-bleiserkleit-naistele\/#primaryimage","url":"https:\/\/www.karinibutiik.ee\/wp-content\/uploads\/2026\/03\/IMG_0496-e1773665218395.jpeg","contentUrl":"https:\/\/www.karinibutiik.ee\/wp-content\/uploads\/2026\/03\/IMG_0496-e1773665218395.jpeg","width":924,"height":1250,"caption":"Elegantne premium bleiserkleit, mida saab kanda nii kleidina kui jakina."},{"@type":"BreadcrumbList","@id":"https:\/\/www.karinibutiik.ee\/toode\/premium-bleiserkleit-naistele\/#breadcrumb","itemListElement":[{"@type":"ListItem","position":1,"name":"Home","item":"https:\/\/www.karinibutiik.ee\/"},{"@type":"ListItem","position":2,"name":"Pood","item":"https:\/\/www.karinibutiik.ee\/pood\/"},{"@type":"ListItem","position":3,"name":"Premium bleiserkleit naistele"}]},{"@type":"WebSite","@id":"https:\/\/www.karinibutiik.ee\/#website","url":"https:\/\/www.karinibutiik.ee\/","name":"Karini Butiik","description":"","publisher":{"@id":"https:\/\/www.karinibutiik.ee\/#organization"},"potentialAction":[{"@type":"SearchAction","target":{"@type":"EntryPoint","urlTemplate":"https:\/\/www.karinibutiik.ee\/?s={search_term_string}"},"query-input":{"@type":"PropertyValueSpecification","valueRequired":true,"valueName":"search_term_string"}}],"inLanguage":"en-GB"},{"@type":"Organization","@id":"https:\/\/www.karinibutiik.ee\/#organization","name":"Karini Butiik","url":"https:\/\/www.karinibutiik.ee\/","logo":{"@type":"ImageObject","inLanguage":"en-GB","@id":"https:\/\/www.karinibutiik.ee\/#\/schema\/logo\/image\/","url":"https:\/\/www.karinibutiik.ee\/wp-content\/uploads\/2024\/10\/Kuj.-K-koopia.png","contentUrl":"https:\/\/www.karinibutiik.ee\/wp-content\/uploads\/2024\/10\/Kuj.-K-koopia.png","width":500,"height":500,"caption":"Karini Butiik"},"image":{"@id":"https:\/\/www.karinibutiik.ee\/#\/schema\/logo\/image\/"},"sameAs":["https:\/\/www.facebook.com\/karinibutiik.ee","https:\/\/www.instagram.com\/karinibutiik"]}]},"og_availability":"instock","product_availability":"instock","product_retailer_item_id":"5410","product_condition":"new"},"_links":{"self":[{"href":"https:\/\/www.karinibutiik.ee\/en\/wp-json\/wp\/v2\/product\/26686","targetHints":{"allow":["GET"]}}],"collection":[{"href":"https:\/\/www.karinibutiik.ee\/en\/wp-json\/wp\/v2\/product"}],"about":[{"href":"https:\/\/www.karinibutiik.ee\/en\/wp-json\/wp\/v2\/types\/product"}],"version-history":[{"count":1,"href":"https:\/\/www.karinibutiik.ee\/en\/wp-json\/wp\/v2\/product\/26686\/revisions"}],"predecessor-version":[{"id":26701,"href":"https:\/\/www.karinibutiik.ee\/en\/wp-json\/wp\/v2\/product\/26686\/revisions\/26701"}],"wp:featuredmedia":[{"embeddable":true,"href":"https:\/\/www.karinibutiik.ee\/en\/wp-json\/wp\/v2\/media\/26685"}],"wp:attachment":[{"href":"https:\/\/www.karinibutiik.ee\/en\/wp-json\/wp\/v2\/media?parent=26686"}],"wp:term":[{"taxonomy":"product_brand","embeddable":true,"href":"https:\/\/www.karinibutiik.ee\/en\/wp-json\/wp\/v2\/product_brand?post=26686"},{"taxonomy":"product_cat","embeddable":true,"href":"https:\/\/www.karinibutiik.ee\/en\/wp-json\/wp\/v2\/product_cat?post=26686"},{"taxonomy":"product_tag","embeddable":true,"href":"https:\/\/www.karinibutiik.ee\/en\/wp-json\/wp\/v2\/product_tag?post=26686"}],"curies":[{"name":"wp","href":"https:\/\/api.w.org\/{rel}","templated":true}]}}