{"id":27194,"date":"2026-04-21T13:15:40","date_gmt":"2026-04-21T10:15:40","guid":{"rendered":"https:\/\/www.karinibutiik.ee\/?post_type=product&#038;p=27194"},"modified":"2026-04-21T13:15:41","modified_gmt":"2026-04-21T10:15:41","slug":"kuldsete-noopidega-pintsak","status":"publish","type":"product","link":"https:\/\/www.karinibutiik.ee\/en\/product-2\/kuldsete-noopidega-pintsak\/","title":{"rendered":"Kuldsete n\u00f6\u00f6pidega pintsak"},"content":{"rendered":"<p data-start=\"531\" data-end=\"803\">Karini Butiigi premium kvaliteediga pintsak on elegantne ja ajatu valik naisele, kes hindab kvaliteeti, stiili ja l\u00e4bim\u00f5eldud detaile. Pintsakut iseloomustab naiselik l\u00f5ige, puhas joon ja luksuslik \u00fcldilme, mida t\u00e4iustavad pilkup\u00fc\u00fcdvad kuldsed n\u00f6\u00f6bid.<\/p>\n<p data-start=\"805\" data-end=\"1060\">See stiilne pintsak sobib suurep\u00e4raselt nii pidulikumaks s\u00fcndmuseks, kontorisse kui ka igap\u00e4evaseks \u0161ikiks kandmiseks. Lihtne sobitada teksade, viigip\u00fckste, seeliku v\u00f5i kleidiga. Valge ja helebee\u017e toon annavad outfit\u2019ile v\u00e4rske, helge ja v\u00e4ljapeetud ilme.<\/p>\n<p data-start=\"1062\" data-end=\"1241\">Kui otsid pintsakut, mis m\u00f5jub korraga klassikaliselt ja modernselt, siis see mudel on suurep\u00e4rane valik. Saadaval <strong data-start=\"1177\" data-end=\"1187\">valges<\/strong> and <strong data-start=\"1191\" data-end=\"1205\">helebee\u017eis<\/strong> toonis ning <strong data-start=\"1218\" data-end=\"1240\">ainult XS suuruses<\/strong>.<\/p>\n<p data-start=\"1243\" data-end=\"1262\"><strong data-start=\"1243\" data-end=\"1260\">Toote eelised<\/strong><\/p>\n<ul data-start=\"1263\" data-end=\"1478\">\n<li data-section-id=\"1tpefn3\" data-start=\"1263\" data-end=\"1295\">premium kvaliteediga pintsak<\/li>\n<li data-section-id=\"15s07za\" data-start=\"1296\" data-end=\"1323\">efektsed kuldsed n\u00f6\u00f6bid<\/li>\n<li data-section-id=\"y09fhr\" data-start=\"1324\" data-end=\"1353\">stiilne ja naiselik l\u00f5ige<\/li>\n<li data-section-id=\"1a2iote\" data-start=\"1354\" data-end=\"1406\">sobib nii pidulikuks kui igap\u00e4evaseks kandmiseks<\/li>\n<li data-section-id=\"1mjycti\" data-start=\"1407\" data-end=\"1451\">lihtne kombineerida erinevate r\u00f5ivastega<\/li>\n<li data-section-id=\"1bp417u\" data-start=\"1452\" data-end=\"1478\">ajatu ja elegantne valik<\/li>\n<\/ul>\n<p data-start=\"1480\" data-end=\"1656\"><strong data-start=\"1480\" data-end=\"1498\">Toote omadused<\/strong><br data-start=\"1498\" data-end=\"1501\" \/>Tootet\u00fc\u00fcp: naiste pintsak<br data-start=\"1526\" data-end=\"1529\" \/>Detailid: kuldsed n\u00f6\u00f6bid<br data-start=\"1553\" data-end=\"1556\" \/>V\u00e4rvid: valge, helebee\u017e<br data-start=\"1579\" data-end=\"1582\" \/>Suurus: XS<br data-start=\"1592\" data-end=\"1595\" \/>Stiil: elegantne, klassikaline, naiselik<br data-start=\"1635\" data-end=\"1638\" \/>Kvaliteet: premium<\/p>","protected":false},"excerpt":{"rendered":"<p>Karini Butiigi premium kvaliteediga pintsak on elegantne ja ajatu valik naisele, kes hindab kvaliteeti, stiili ja l\u00e4bim\u00f5eldud detaile. Pintsakut iseloomustab [&hellip;]<\/p>\n","protected":false},"featured_media":27193,"template":"","meta":{"site-sidebar-layout":"default","site-content-layout":"","ast-site-content-layout":"default","site-content-style":"default","site-sidebar-style":"default","ast-global-header-display":"","ast-banner-title-visibility":"","ast-main-header-display":"","ast-hfb-above-header-display":"","ast-hfb-below-header-display":"","ast-hfb-mobile-header-display":"","site-post-title":"","ast-breadcrumbs-content":"","ast-featured-img":"","footer-sml-layout":"","ast-disable-related-posts":"","theme-transparent-header-meta":"default","adv-header-id-meta":"","stick-header-meta":"default","header-above-stick-meta":"","header-main-stick-meta":"","header-below-stick-meta":"","astra-migrate-meta-layouts":"set","ast-page-background-enabled":"default","ast-page-background-meta":{"desktop":{"background-color":"var(--ast-global-color-4)","background-image":"","background-repeat":"repeat","background-position":"center center","background-size":"auto","background-attachment":"scroll","background-type":"","background-media":"","overlay-type":"","overlay-color":"","overlay-opacity":"","overlay-gradient":""},"tablet":{"background-color":"","background-image":"","background-repeat":"repeat","background-position":"center center","background-size":"auto","background-attachment":"scroll","background-type":"","background-media":"","overlay-type":"","overlay-color":"","overlay-opacity":"","overlay-gradient":""},"mobile":{"background-color":"","background-image":"","background-repeat":"repeat","background-position":"center center","background-size":"auto","background-attachment":"scroll","background-type":"","background-media":"","overlay-type":"","overlay-color":"","overlay-opacity":"","overlay-gradient":""}},"ast-content-background-meta":{"desktop":{"background-color":"var(--ast-global-color-5)","background-image":"","background-repeat":"repeat","background-position":"center center","background-size":"auto","background-attachment":"scroll","background-type":"","background-media":"","overlay-type":"","overlay-color":"","overlay-opacity":"","overlay-gradient":""},"tablet":{"background-color":"var(--ast-global-color-5)","background-image":"","background-repeat":"repeat","background-position":"center center","background-size":"auto","background-attachment":"scroll","background-type":"","background-media":"","overlay-type":"","overlay-color":"","overlay-opacity":"","overlay-gradient":""},"mobile":{"background-color":"var(--ast-global-color-5)","background-image":"","background-repeat":"repeat","background-position":"center center","background-size":"auto","background-attachment":"scroll","background-type":"","background-media":"","overlay-type":"","overlay-color":"","overlay-opacity":"","overlay-gradient":""}}},"product_brand":[],"product_cat":[366,351],"product_tag":[1178,1538,501,1503,2692,2695,1180,1177,246,2694,2572,2693],"class_list":{"0":"post-27194","1":"product","2":"type-product","3":"status-publish","4":"has-post-thumbnail","6":"product_cat-pintsakud","7":"product_cat-uued-tooted","8":"product_tag-elegantne-pintsak","9":"product_tag-helebeez-pintsak","10":"product_tag-karini-butiik","11":"product_tag-klassikaline-pintsak","12":"product_tag-kuldsete-noopidega-pintsak","13":"product_tag-naiselik-pintsak","14":"product_tag-naiste-pintsak","15":"product_tag-pidulik-pintsak","16":"product_tag-pintsak","17":"product_tag-premium-pintsak","18":"product_tag-stiilne-pintsak","19":"product_tag-valge-pintsak","20":"desktop-align-center","21":"tablet-align-center","22":"mobile-align-center","23":"ast-product-gallery-layout-horizontal-slider","24":"ast-product-single-variable","25":"ast-product-tabs-layout-horizontal","27":"first","28":"instock","29":"taxable","30":"shipping-taxable","31":"purchasable","32":"product-type-variable"},"supplier_id":null,"supplier_sku":"","barcode":null,"atum_controlled":true,"out_stock_date":null,"out_stock_threshold":null,"inheritable":true,"inbound_stock":null,"stock_on_hold":0,"sold_today":null,"sales_last_days":null,"reserved_stock":0,"customer_returns":null,"warehouse_damage":0,"lost_in_post":null,"other_logs":0,"out_stock_days":null,"lost_sales":null,"has_location":false,"update_date":"2026-04-22T07:18:14","atum_locations":[],"atum_stock_status":"instock","restock_status":false,"low_stock_amount":"","sales_update_date":null,"calc_backorders":null,"yoast_head":"<!-- This site is optimized with the Yoast SEO plugin v26.9 - https:\/\/yoast.com\/product\/yoast-seo-wordpress\/ -->\n<title>Kuldsete n\u00f6\u00f6pidega pintsak - Karini Butiik<\/title>\n<meta name=\"description\" content=\"Premium kvaliteediga stiilne kuldsete n\u00f6\u00f6pidega pintsak Karini Butiigis. Saadaval valges ja helebee\u017eis toonis, ainult XS suuruses.\" \/>\n<meta name=\"robots\" content=\"index, follow, max-snippet:-1, max-image-preview:large, max-video-preview:-1\" \/>\n<link rel=\"canonical\" href=\"https:\/\/www.karinibutiik.ee\/en\/product-2\/kuldsete-noopidega-pintsak\/\" \/>\n<meta property=\"og:locale\" content=\"en_GB\" \/>\n<meta property=\"og:type\" content=\"article\" \/>\n<meta property=\"og:title\" content=\"Kuldsete n\u00f6\u00f6pidega pintsak - Karini Butiik\" \/>\n<meta property=\"og:description\" content=\"Premium kvaliteediga stiilne kuldsete n\u00f6\u00f6pidega pintsak Karini Butiigis. Saadaval valges ja helebee\u017eis toonis, ainult XS suuruses.\" \/>\n<meta property=\"og:url\" content=\"https:\/\/www.karinibutiik.ee\/en\/product-2\/kuldsete-noopidega-pintsak\/\" \/>\n<meta property=\"og:site_name\" content=\"Karini Butiik\" \/>\n<meta property=\"article:publisher\" content=\"https:\/\/www.facebook.com\/karinibutiik.ee\" \/>\n<meta property=\"article:modified_time\" content=\"2026-04-21T10:15:41+00:00\" \/>\n<meta property=\"og:image\" content=\"https:\/\/www.karinibutiik.ee\/wp-content\/uploads\/2026\/04\/260420_Karini_Butiik_Erlend_Staub_239-e1776766116925.jpg\" \/>\n\t<meta property=\"og:image:width\" content=\"935\" \/>\n\t<meta property=\"og:image:height\" content=\"1160\" \/>\n\t<meta property=\"og:image:type\" content=\"image\/jpeg\" \/>\n<meta name=\"twitter:card\" content=\"summary_large_image\" \/>\n<meta name=\"twitter:label1\" content=\"Availability\" \/>\n\t<meta name=\"twitter:data1\" content=\"In stock\" \/>\n<script type=\"application\/ld+json\" class=\"yoast-schema-graph\">{\"@context\":\"https:\/\/schema.org\",\"@graph\":[{\"@type\":\"WebPage\",\"@id\":\"https:\/\/www.karinibutiik.ee\/toode\/kuldsete-noopidega-pintsak\/\",\"url\":\"https:\/\/www.karinibutiik.ee\/toode\/kuldsete-noopidega-pintsak\/\",\"name\":\"Kuldsete n\u00f6\u00f6pidega pintsak - Karini Butiik\",\"isPartOf\":{\"@id\":\"https:\/\/www.karinibutiik.ee\/#website\"},\"primaryImageOfPage\":{\"@id\":\"https:\/\/www.karinibutiik.ee\/toode\/kuldsete-noopidega-pintsak\/#primaryimage\"},\"image\":{\"@id\":\"https:\/\/www.karinibutiik.ee\/toode\/kuldsete-noopidega-pintsak\/#primaryimage\"},\"thumbnailUrl\":\"https:\/\/www.karinibutiik.ee\/wp-content\/uploads\/2026\/04\/260420_Karini_Butiik_Erlend_Staub_239-e1776766116925.jpg\",\"datePublished\":\"2026-04-21T10:15:40+00:00\",\"dateModified\":\"2026-04-21T10:15:41+00:00\",\"description\":\"Premium kvaliteediga stiilne kuldsete n\u00f6\u00f6pidega pintsak Karini Butiigis. Saadaval valges ja helebee\u017eis toonis, ainult XS suuruses.\",\"breadcrumb\":{\"@id\":\"https:\/\/www.karinibutiik.ee\/toode\/kuldsete-noopidega-pintsak\/#breadcrumb\"},\"inLanguage\":\"en-GB\",\"potentialAction\":[{\"@type\":\"ReadAction\",\"target\":[\"https:\/\/www.karinibutiik.ee\/toode\/kuldsete-noopidega-pintsak\/\"]}]},{\"@type\":\"ImageObject\",\"inLanguage\":\"en-GB\",\"@id\":\"https:\/\/www.karinibutiik.ee\/toode\/kuldsete-noopidega-pintsak\/#primaryimage\",\"url\":\"https:\/\/www.karinibutiik.ee\/wp-content\/uploads\/2026\/04\/260420_Karini_Butiik_Erlend_Staub_239-e1776766116925.jpg\",\"contentUrl\":\"https:\/\/www.karinibutiik.ee\/wp-content\/uploads\/2026\/04\/260420_Karini_Butiik_Erlend_Staub_239-e1776766116925.jpg\",\"width\":935,\"height\":1160,\"caption\":\"premium kvaliteediga pintsak kuldsete n\u00f6\u00f6pidega\"},{\"@type\":\"BreadcrumbList\",\"@id\":\"https:\/\/www.karinibutiik.ee\/toode\/kuldsete-noopidega-pintsak\/#breadcrumb\",\"itemListElement\":[{\"@type\":\"ListItem\",\"position\":1,\"name\":\"Home\",\"item\":\"https:\/\/www.karinibutiik.ee\/\"},{\"@type\":\"ListItem\",\"position\":2,\"name\":\"Pood\",\"item\":\"https:\/\/www.karinibutiik.ee\/pood\/\"},{\"@type\":\"ListItem\",\"position\":3,\"name\":\"Kuldsete n\u00f6\u00f6pidega pintsak\"}]},{\"@type\":\"WebSite\",\"@id\":\"https:\/\/www.karinibutiik.ee\/#website\",\"url\":\"https:\/\/www.karinibutiik.ee\/\",\"name\":\"Karini Butiik\",\"description\":\"\",\"publisher\":{\"@id\":\"https:\/\/www.karinibutiik.ee\/#organization\"},\"potentialAction\":[{\"@type\":\"SearchAction\",\"target\":{\"@type\":\"EntryPoint\",\"urlTemplate\":\"https:\/\/www.karinibutiik.ee\/?s={search_term_string}\"},\"query-input\":{\"@type\":\"PropertyValueSpecification\",\"valueRequired\":true,\"valueName\":\"search_term_string\"}}],\"inLanguage\":\"en-GB\"},{\"@type\":\"Organization\",\"@id\":\"https:\/\/www.karinibutiik.ee\/#organization\",\"name\":\"Karini Butiik\",\"url\":\"https:\/\/www.karinibutiik.ee\/\",\"logo\":{\"@type\":\"ImageObject\",\"inLanguage\":\"en-GB\",\"@id\":\"https:\/\/www.karinibutiik.ee\/#\/schema\/logo\/image\/\",\"url\":\"https:\/\/www.karinibutiik.ee\/wp-content\/uploads\/2024\/10\/Kuj.-K-koopia.png\",\"contentUrl\":\"https:\/\/www.karinibutiik.ee\/wp-content\/uploads\/2024\/10\/Kuj.-K-koopia.png\",\"width\":500,\"height\":500,\"caption\":\"Karini Butiik\"},\"image\":{\"@id\":\"https:\/\/www.karinibutiik.ee\/#\/schema\/logo\/image\/\"},\"sameAs\":[\"https:\/\/www.facebook.com\/karinibutiik.ee\",\"https:\/\/www.instagram.com\/karinibutiik\"]}]}<\/script>\n<meta property=\"og:availability\" content=\"instock\" \/>\n<meta property=\"product:availability\" content=\"instock\" \/>\n<meta property=\"product:retailer_item_id\" content=\"4545\" \/>\n<meta property=\"product:condition\" content=\"new\" \/>\n<!-- \/ Yoast SEO plugin. -->","yoast_head_json":{"title":"Kuldsete n\u00f6\u00f6pidega pintsak - Karini Butiik","description":"Premium kvaliteediga stiilne kuldsete n\u00f6\u00f6pidega pintsak Karini Butiigis. Saadaval valges ja helebee\u017eis toonis, ainult XS suuruses.","robots":{"index":"index","follow":"follow","max-snippet":"max-snippet:-1","max-image-preview":"max-image-preview:large","max-video-preview":"max-video-preview:-1"},"canonical":"https:\/\/www.karinibutiik.ee\/en\/product-2\/kuldsete-noopidega-pintsak\/","og_locale":"en_GB","og_type":"article","og_title":"Kuldsete n\u00f6\u00f6pidega pintsak - Karini Butiik","og_description":"Premium kvaliteediga stiilne kuldsete n\u00f6\u00f6pidega pintsak Karini Butiigis. Saadaval valges ja helebee\u017eis toonis, ainult XS suuruses.","og_url":"https:\/\/www.karinibutiik.ee\/en\/product-2\/kuldsete-noopidega-pintsak\/","og_site_name":"Karini Butiik","article_publisher":"https:\/\/www.facebook.com\/karinibutiik.ee","article_modified_time":"2026-04-21T10:15:41+00:00","og_image":[{"width":935,"height":1160,"url":"https:\/\/www.karinibutiik.ee\/wp-content\/uploads\/2026\/04\/260420_Karini_Butiik_Erlend_Staub_239-e1776766116925.jpg","type":"image\/jpeg"}],"twitter_card":"summary_large_image","twitter_misc":{"Availability":"In stock"},"schema":{"@context":"https:\/\/schema.org","@graph":[{"@type":"WebPage","@id":"https:\/\/www.karinibutiik.ee\/toode\/kuldsete-noopidega-pintsak\/","url":"https:\/\/www.karinibutiik.ee\/toode\/kuldsete-noopidega-pintsak\/","name":"Kuldsete n\u00f6\u00f6pidega pintsak - Karini Butiik","isPartOf":{"@id":"https:\/\/www.karinibutiik.ee\/#website"},"primaryImageOfPage":{"@id":"https:\/\/www.karinibutiik.ee\/toode\/kuldsete-noopidega-pintsak\/#primaryimage"},"image":{"@id":"https:\/\/www.karinibutiik.ee\/toode\/kuldsete-noopidega-pintsak\/#primaryimage"},"thumbnailUrl":"https:\/\/www.karinibutiik.ee\/wp-content\/uploads\/2026\/04\/260420_Karini_Butiik_Erlend_Staub_239-e1776766116925.jpg","datePublished":"2026-04-21T10:15:40+00:00","dateModified":"2026-04-21T10:15:41+00:00","description":"Premium kvaliteediga stiilne kuldsete n\u00f6\u00f6pidega pintsak Karini Butiigis. Saadaval valges ja helebee\u017eis toonis, ainult XS suuruses.","breadcrumb":{"@id":"https:\/\/www.karinibutiik.ee\/toode\/kuldsete-noopidega-pintsak\/#breadcrumb"},"inLanguage":"en-GB","potentialAction":[{"@type":"ReadAction","target":["https:\/\/www.karinibutiik.ee\/toode\/kuldsete-noopidega-pintsak\/"]}]},{"@type":"ImageObject","inLanguage":"en-GB","@id":"https:\/\/www.karinibutiik.ee\/toode\/kuldsete-noopidega-pintsak\/#primaryimage","url":"https:\/\/www.karinibutiik.ee\/wp-content\/uploads\/2026\/04\/260420_Karini_Butiik_Erlend_Staub_239-e1776766116925.jpg","contentUrl":"https:\/\/www.karinibutiik.ee\/wp-content\/uploads\/2026\/04\/260420_Karini_Butiik_Erlend_Staub_239-e1776766116925.jpg","width":935,"height":1160,"caption":"premium kvaliteediga pintsak kuldsete n\u00f6\u00f6pidega"},{"@type":"BreadcrumbList","@id":"https:\/\/www.karinibutiik.ee\/toode\/kuldsete-noopidega-pintsak\/#breadcrumb","itemListElement":[{"@type":"ListItem","position":1,"name":"Home","item":"https:\/\/www.karinibutiik.ee\/"},{"@type":"ListItem","position":2,"name":"Pood","item":"https:\/\/www.karinibutiik.ee\/pood\/"},{"@type":"ListItem","position":3,"name":"Kuldsete n\u00f6\u00f6pidega pintsak"}]},{"@type":"WebSite","@id":"https:\/\/www.karinibutiik.ee\/#website","url":"https:\/\/www.karinibutiik.ee\/","name":"Karini Butiik","description":"","publisher":{"@id":"https:\/\/www.karinibutiik.ee\/#organization"},"potentialAction":[{"@type":"SearchAction","target":{"@type":"EntryPoint","urlTemplate":"https:\/\/www.karinibutiik.ee\/?s={search_term_string}"},"query-input":{"@type":"PropertyValueSpecification","valueRequired":true,"valueName":"search_term_string"}}],"inLanguage":"en-GB"},{"@type":"Organization","@id":"https:\/\/www.karinibutiik.ee\/#organization","name":"Karini Butiik","url":"https:\/\/www.karinibutiik.ee\/","logo":{"@type":"ImageObject","inLanguage":"en-GB","@id":"https:\/\/www.karinibutiik.ee\/#\/schema\/logo\/image\/","url":"https:\/\/www.karinibutiik.ee\/wp-content\/uploads\/2024\/10\/Kuj.-K-koopia.png","contentUrl":"https:\/\/www.karinibutiik.ee\/wp-content\/uploads\/2024\/10\/Kuj.-K-koopia.png","width":500,"height":500,"caption":"Karini Butiik"},"image":{"@id":"https:\/\/www.karinibutiik.ee\/#\/schema\/logo\/image\/"},"sameAs":["https:\/\/www.facebook.com\/karinibutiik.ee","https:\/\/www.instagram.com\/karinibutiik"]}]},"og_availability":"instock","product_availability":"instock","product_retailer_item_id":"4545","product_condition":"new"},"_links":{"self":[{"href":"https:\/\/www.karinibutiik.ee\/en\/wp-json\/wp\/v2\/product\/27194","targetHints":{"allow":["GET"]}}],"collection":[{"href":"https:\/\/www.karinibutiik.ee\/en\/wp-json\/wp\/v2\/product"}],"about":[{"href":"https:\/\/www.karinibutiik.ee\/en\/wp-json\/wp\/v2\/types\/product"}],"version-history":[{"count":1,"href":"https:\/\/www.karinibutiik.ee\/en\/wp-json\/wp\/v2\/product\/27194\/revisions"}],"predecessor-version":[{"id":27197,"href":"https:\/\/www.karinibutiik.ee\/en\/wp-json\/wp\/v2\/product\/27194\/revisions\/27197"}],"wp:featuredmedia":[{"embeddable":true,"href":"https:\/\/www.karinibutiik.ee\/en\/wp-json\/wp\/v2\/media\/27193"}],"wp:attachment":[{"href":"https:\/\/www.karinibutiik.ee\/en\/wp-json\/wp\/v2\/media?parent=27194"}],"wp:term":[{"taxonomy":"product_brand","embeddable":true,"href":"https:\/\/www.karinibutiik.ee\/en\/wp-json\/wp\/v2\/product_brand?post=27194"},{"taxonomy":"product_cat","embeddable":true,"href":"https:\/\/www.karinibutiik.ee\/en\/wp-json\/wp\/v2\/product_cat?post=27194"},{"taxonomy":"product_tag","embeddable":true,"href":"https:\/\/www.karinibutiik.ee\/en\/wp-json\/wp\/v2\/product_tag?post=27194"}],"curies":[{"name":"wp","href":"https:\/\/api.w.org\/{rel}","templated":true}]}}