{"id":27216,"date":"2026-04-21T13:38:44","date_gmt":"2026-04-21T10:38:44","guid":{"rendered":"https:\/\/www.karinibutiik.ee\/?post_type=product&#038;p=27216"},"modified":"2026-04-22T10:20:27","modified_gmt":"2026-04-22T07:20:27","slug":"taskutega-minikleit","status":"publish","type":"product","link":"https:\/\/www.karinibutiik.ee\/en\/product-2\/taskutega-minikleit\/","title":{"rendered":"Taskutega minikleit"},"content":{"rendered":"<p data-start=\"494\" data-end=\"799\">Karini Butiigi helesinine taskutega minikleit on v\u00e4rske, naiselik ja pilkup\u00fc\u00fcdev valik suvisteks s\u00fcndmusteks, pidudeks ja erilisteks hetkedeks. Kleidil on elegantne \u00f5lapaelteta l\u00f5ige, kaunilt vormi hoidev \u00fclaosa ning kohev ja liikuv seelikuosa, mis loob noorusliku ja efektse silueti.<\/p>\n<p data-start=\"801\" data-end=\"1094\">Selle minikleidi praktiliseks detailiks on <strong data-start=\"844\" data-end=\"854\">taskud<\/strong>, mis lisavad mugavust ja kandmisr\u00f5\u00f5mu. Erilise aktsendi annab <strong data-start=\"917\" data-end=\"945\">seljaosa korsetipaeltega<\/strong>, mis muudab kleidi eriti naiselikuks ning aitab istuvust paremini kohandada. Helesinine toon annab kogu look\u2019ile pehme, romantilise ja stiilse ilme.<\/p>\n<p data-start=\"1096\" data-end=\"1238\">See kleit sobib suurep\u00e4raselt l\u00f5petamiseks, suvepeole, s\u00fcnnip\u00e4evaks v\u00f5i m\u00f5neks muuks pidulikuks s\u00fcndmuseks. Saadaval suurustes <strong data-start=\"1223\" data-end=\"1237\">XXS, XS, S<\/strong>.<\/p>\n<p data-start=\"1240\" data-end=\"1259\"><strong data-start=\"1240\" data-end=\"1257\">Toote eelised<\/strong><\/p>\n<ul data-start=\"1260\" data-end=\"1434\">\n<li data-section-id=\"1vtxnff\" data-start=\"1260\" data-end=\"1283\">taskutega minikleit<\/li>\n<li data-section-id=\"1dyp0c3\" data-start=\"1284\" data-end=\"1311\">seljalt korsetipaeltega<\/li>\n<li data-section-id=\"gsql37\" data-start=\"1312\" data-end=\"1345\">naiselik ja pilkup\u00fc\u00fcdev l\u00f5ige<\/li>\n<li data-section-id=\"wk5y3l\" data-start=\"1346\" data-end=\"1361\">mugav kanda<\/li>\n<li data-section-id=\"zrucld\" data-start=\"1362\" data-end=\"1394\">sobib pidulikeks s\u00fcndmusteks<\/li>\n<li data-section-id=\"b5040q\" data-start=\"1395\" data-end=\"1434\">v\u00e4rske ja romantiline helesinine toon<\/li>\n<\/ul>\n<p data-start=\"1436\" data-end=\"1604\"><strong data-start=\"1436\" data-end=\"1454\">Toote omadused<\/strong><br data-start=\"1454\" data-end=\"1457\" \/>Tootet\u00fc\u00fcp: minikleit<br data-start=\"1477\" data-end=\"1480\" \/>V\u00e4rv: helesinine<br data-start=\"1496\" data-end=\"1499\" \/>Detailid: taskud, korsetipaeltega seljaosa<br data-start=\"1541\" data-end=\"1544\" \/>Suurused: XXS, XS, S<br data-start=\"1564\" data-end=\"1567\" \/>Stiil: naiselik, pidulik, romantiline<\/p>","protected":false},"excerpt":{"rendered":"<p>Karini Butiigi helesinine taskutega minikleit on v\u00e4rske, naiselik ja pilkup\u00fc\u00fcdev valik suvisteks s\u00fcndmusteks, pidudeks ja erilisteks hetkedeks. Kleidil on elegantne [&hellip;]<\/p>\n","protected":false},"featured_media":27213,"template":"","meta":{"site-sidebar-layout":"default","site-content-layout":"","ast-site-content-layout":"default","site-content-style":"default","site-sidebar-style":"default","ast-global-header-display":"","ast-banner-title-visibility":"","ast-main-header-display":"","ast-hfb-above-header-display":"","ast-hfb-below-header-display":"","ast-hfb-mobile-header-display":"","site-post-title":"","ast-breadcrumbs-content":"","ast-featured-img":"","footer-sml-layout":"","ast-disable-related-posts":"","theme-transparent-header-meta":"default","adv-header-id-meta":"","stick-header-meta":"default","header-above-stick-meta":"","header-main-stick-meta":"","header-below-stick-meta":"","astra-migrate-meta-layouts":"set","ast-page-background-enabled":"default","ast-page-background-meta":{"desktop":{"background-color":"var(--ast-global-color-4)","background-image":"","background-repeat":"repeat","background-position":"center center","background-size":"auto","background-attachment":"scroll","background-type":"","background-media":"","overlay-type":"","overlay-color":"","overlay-opacity":"","overlay-gradient":""},"tablet":{"background-color":"","background-image":"","background-repeat":"repeat","background-position":"center center","background-size":"auto","background-attachment":"scroll","background-type":"","background-media":"","overlay-type":"","overlay-color":"","overlay-opacity":"","overlay-gradient":""},"mobile":{"background-color":"","background-image":"","background-repeat":"repeat","background-position":"center center","background-size":"auto","background-attachment":"scroll","background-type":"","background-media":"","overlay-type":"","overlay-color":"","overlay-opacity":"","overlay-gradient":""}},"ast-content-background-meta":{"desktop":{"background-color":"var(--ast-global-color-5)","background-image":"","background-repeat":"repeat","background-position":"center center","background-size":"auto","background-attachment":"scroll","background-type":"","background-media":"","overlay-type":"","overlay-color":"","overlay-opacity":"","overlay-gradient":""},"tablet":{"background-color":"var(--ast-global-color-5)","background-image":"","background-repeat":"repeat","background-position":"center center","background-size":"auto","background-attachment":"scroll","background-type":"","background-media":"","overlay-type":"","overlay-color":"","overlay-opacity":"","overlay-gradient":""},"mobile":{"background-color":"var(--ast-global-color-5)","background-image":"","background-repeat":"repeat","background-position":"center center","background-size":"auto","background-attachment":"scroll","background-type":"","background-media":"","overlay-type":"","overlay-color":"","overlay-opacity":"","overlay-gradient":""}}},"product_brand":[],"product_cat":[347,348,364,351],"product_tag":[2699,501,2700,239,2702,1618,2301,1430,2701,503,2698],"class_list":{"0":"post-27216","1":"product","2":"type-product","3":"status-publish","4":"has-post-thumbnail","6":"product_cat-kleidid","7":"product_cat-lopukleidid","8":"product_cat-minikleidid","9":"product_cat-uued-tooted","10":"product_tag-helesinine-minikleit","11":"product_tag-karini-butiik","12":"product_tag-korsetipaeltega-kleit","13":"product_tag-minikleit","14":"product_tag-naiselik-minikleit","15":"product_tag-peokleit","16":"product_tag-pidulik-minikleit","17":"product_tag-romantiline-kleit","18":"product_tag-seljalt-korsetiga-kleit","19":"product_tag-suvekleit","20":"product_tag-taskutega-minikleit","21":"desktop-align-center","22":"tablet-align-center","23":"mobile-align-center","24":"ast-product-gallery-layout-horizontal-slider","25":"ast-product-single-variable","26":"ast-product-tabs-layout-horizontal","28":"first","29":"instock","30":"taxable","31":"shipping-taxable","32":"purchasable","33":"product-type-variable"},"supplier_id":null,"supplier_sku":"","barcode":null,"atum_controlled":true,"out_stock_date":null,"out_stock_threshold":null,"inheritable":true,"inbound_stock":null,"stock_on_hold":0,"sold_today":null,"sales_last_days":null,"reserved_stock":0,"customer_returns":null,"warehouse_damage":0,"lost_in_post":null,"other_logs":0,"out_stock_days":null,"lost_sales":null,"has_location":false,"update_date":"2026-04-22T07:20:28","atum_locations":[],"atum_stock_status":"instock","restock_status":false,"low_stock_amount":"","sales_update_date":null,"calc_backorders":null,"yoast_head":"<!-- This site is optimized with the Yoast SEO plugin v26.9 - https:\/\/yoast.com\/product\/yoast-seo-wordpress\/ -->\n<title>Taskutega minikleit - Karini Butiik<\/title>\n<meta name=\"description\" content=\"Stiilne helesinine taskutega minikleit Karini Butiigis. Seljalt korsetipaeltega mudel, saadaval suurustes XXS kuni S ja mitmes v\u00e4rvitoonis.\" \/>\n<meta name=\"robots\" content=\"index, follow, max-snippet:-1, max-image-preview:large, max-video-preview:-1\" \/>\n<link rel=\"canonical\" href=\"https:\/\/www.karinibutiik.ee\/en\/product-2\/taskutega-minikleit\/\" \/>\n<meta property=\"og:locale\" content=\"en_GB\" \/>\n<meta property=\"og:type\" content=\"article\" \/>\n<meta property=\"og:title\" content=\"Taskutega minikleit - Karini Butiik\" \/>\n<meta property=\"og:description\" content=\"Stiilne helesinine taskutega minikleit Karini Butiigis. Seljalt korsetipaeltega mudel, saadaval suurustes XXS kuni S ja mitmes v\u00e4rvitoonis.\" \/>\n<meta property=\"og:url\" content=\"https:\/\/www.karinibutiik.ee\/en\/product-2\/taskutega-minikleit\/\" \/>\n<meta property=\"og:site_name\" content=\"Karini Butiik\" \/>\n<meta property=\"article:publisher\" content=\"https:\/\/www.facebook.com\/karinibutiik.ee\" \/>\n<meta property=\"article:modified_time\" content=\"2026-04-22T07:20:27+00:00\" \/>\n<meta property=\"og:image\" content=\"https:\/\/www.karinibutiik.ee\/wp-content\/uploads\/2026\/04\/260420_Karini_Butiik_Erlend_Staub_129-scaled.jpg\" \/>\n\t<meta property=\"og:image:width\" content=\"2048\" \/>\n\t<meta property=\"og:image:height\" content=\"2560\" \/>\n\t<meta property=\"og:image:type\" content=\"image\/jpeg\" \/>\n<meta name=\"twitter:card\" content=\"summary_large_image\" \/>\n<meta name=\"twitter:label1\" content=\"Availability\" \/>\n\t<meta name=\"twitter:data1\" content=\"In stock\" \/>\n<script type=\"application\/ld+json\" class=\"yoast-schema-graph\">{\"@context\":\"https:\/\/schema.org\",\"@graph\":[{\"@type\":\"WebPage\",\"@id\":\"https:\/\/www.karinibutiik.ee\/toode\/taskutega-minikleit\/\",\"url\":\"https:\/\/www.karinibutiik.ee\/toode\/taskutega-minikleit\/\",\"name\":\"Taskutega minikleit - Karini Butiik\",\"isPartOf\":{\"@id\":\"https:\/\/www.karinibutiik.ee\/#website\"},\"primaryImageOfPage\":{\"@id\":\"https:\/\/www.karinibutiik.ee\/toode\/taskutega-minikleit\/#primaryimage\"},\"image\":{\"@id\":\"https:\/\/www.karinibutiik.ee\/toode\/taskutega-minikleit\/#primaryimage\"},\"thumbnailUrl\":\"https:\/\/www.karinibutiik.ee\/wp-content\/uploads\/2026\/04\/260420_Karini_Butiik_Erlend_Staub_129-scaled-e1776768205821.jpg\",\"datePublished\":\"2026-04-21T10:38:44+00:00\",\"dateModified\":\"2026-04-22T07:20:27+00:00\",\"description\":\"Stiilne helesinine taskutega minikleit Karini Butiigis. Seljalt korsetipaeltega mudel, saadaval suurustes XXS kuni S ja mitmes v\u00e4rvitoonis.\",\"breadcrumb\":{\"@id\":\"https:\/\/www.karinibutiik.ee\/toode\/taskutega-minikleit\/#breadcrumb\"},\"inLanguage\":\"en-GB\",\"potentialAction\":[{\"@type\":\"ReadAction\",\"target\":[\"https:\/\/www.karinibutiik.ee\/toode\/taskutega-minikleit\/\"]}]},{\"@type\":\"ImageObject\",\"inLanguage\":\"en-GB\",\"@id\":\"https:\/\/www.karinibutiik.ee\/toode\/taskutega-minikleit\/#primaryimage\",\"url\":\"https:\/\/www.karinibutiik.ee\/wp-content\/uploads\/2026\/04\/260420_Karini_Butiik_Erlend_Staub_129-scaled-e1776768205821.jpg\",\"contentUrl\":\"https:\/\/www.karinibutiik.ee\/wp-content\/uploads\/2026\/04\/260420_Karini_Butiik_Erlend_Staub_129-scaled-e1776768205821.jpg\",\"width\":1694,\"height\":2317,\"caption\":\"Helesinine taskutega minikleit\"},{\"@type\":\"BreadcrumbList\",\"@id\":\"https:\/\/www.karinibutiik.ee\/toode\/taskutega-minikleit\/#breadcrumb\",\"itemListElement\":[{\"@type\":\"ListItem\",\"position\":1,\"name\":\"Home\",\"item\":\"https:\/\/www.karinibutiik.ee\/\"},{\"@type\":\"ListItem\",\"position\":2,\"name\":\"Pood\",\"item\":\"https:\/\/www.karinibutiik.ee\/pood\/\"},{\"@type\":\"ListItem\",\"position\":3,\"name\":\"Taskutega minikleit\"}]},{\"@type\":\"WebSite\",\"@id\":\"https:\/\/www.karinibutiik.ee\/#website\",\"url\":\"https:\/\/www.karinibutiik.ee\/\",\"name\":\"Karini Butiik\",\"description\":\"\",\"publisher\":{\"@id\":\"https:\/\/www.karinibutiik.ee\/#organization\"},\"potentialAction\":[{\"@type\":\"SearchAction\",\"target\":{\"@type\":\"EntryPoint\",\"urlTemplate\":\"https:\/\/www.karinibutiik.ee\/?s={search_term_string}\"},\"query-input\":{\"@type\":\"PropertyValueSpecification\",\"valueRequired\":true,\"valueName\":\"search_term_string\"}}],\"inLanguage\":\"en-GB\"},{\"@type\":\"Organization\",\"@id\":\"https:\/\/www.karinibutiik.ee\/#organization\",\"name\":\"Karini Butiik\",\"url\":\"https:\/\/www.karinibutiik.ee\/\",\"logo\":{\"@type\":\"ImageObject\",\"inLanguage\":\"en-GB\",\"@id\":\"https:\/\/www.karinibutiik.ee\/#\/schema\/logo\/image\/\",\"url\":\"https:\/\/www.karinibutiik.ee\/wp-content\/uploads\/2024\/10\/Kuj.-K-koopia.png\",\"contentUrl\":\"https:\/\/www.karinibutiik.ee\/wp-content\/uploads\/2024\/10\/Kuj.-K-koopia.png\",\"width\":500,\"height\":500,\"caption\":\"Karini Butiik\"},\"image\":{\"@id\":\"https:\/\/www.karinibutiik.ee\/#\/schema\/logo\/image\/\"},\"sameAs\":[\"https:\/\/www.facebook.com\/karinibutiik.ee\",\"https:\/\/www.instagram.com\/karinibutiik\"]}]}<\/script>\n<meta property=\"og:availability\" content=\"instock\" \/>\n<meta property=\"product:availability\" content=\"instock\" \/>\n<meta property=\"product:retailer_item_id\" content=\"5445\" \/>\n<meta property=\"product:condition\" content=\"new\" \/>\n<!-- \/ Yoast SEO plugin. -->","yoast_head_json":{"title":"Taskutega minikleit - Karini Butiik","description":"Stiilne helesinine taskutega minikleit Karini Butiigis. Seljalt korsetipaeltega mudel, saadaval suurustes XXS kuni S ja mitmes v\u00e4rvitoonis.","robots":{"index":"index","follow":"follow","max-snippet":"max-snippet:-1","max-image-preview":"max-image-preview:large","max-video-preview":"max-video-preview:-1"},"canonical":"https:\/\/www.karinibutiik.ee\/en\/product-2\/taskutega-minikleit\/","og_locale":"en_GB","og_type":"article","og_title":"Taskutega minikleit - Karini Butiik","og_description":"Stiilne helesinine taskutega minikleit Karini Butiigis. Seljalt korsetipaeltega mudel, saadaval suurustes XXS kuni S ja mitmes v\u00e4rvitoonis.","og_url":"https:\/\/www.karinibutiik.ee\/en\/product-2\/taskutega-minikleit\/","og_site_name":"Karini Butiik","article_publisher":"https:\/\/www.facebook.com\/karinibutiik.ee","article_modified_time":"2026-04-22T07:20:27+00:00","og_image":[{"width":2048,"height":2560,"url":"https:\/\/www.karinibutiik.ee\/wp-content\/uploads\/2026\/04\/260420_Karini_Butiik_Erlend_Staub_129-scaled.jpg","type":"image\/jpeg"}],"twitter_card":"summary_large_image","twitter_misc":{"Availability":"In stock"},"schema":{"@context":"https:\/\/schema.org","@graph":[{"@type":"WebPage","@id":"https:\/\/www.karinibutiik.ee\/toode\/taskutega-minikleit\/","url":"https:\/\/www.karinibutiik.ee\/toode\/taskutega-minikleit\/","name":"Taskutega minikleit - Karini Butiik","isPartOf":{"@id":"https:\/\/www.karinibutiik.ee\/#website"},"primaryImageOfPage":{"@id":"https:\/\/www.karinibutiik.ee\/toode\/taskutega-minikleit\/#primaryimage"},"image":{"@id":"https:\/\/www.karinibutiik.ee\/toode\/taskutega-minikleit\/#primaryimage"},"thumbnailUrl":"https:\/\/www.karinibutiik.ee\/wp-content\/uploads\/2026\/04\/260420_Karini_Butiik_Erlend_Staub_129-scaled-e1776768205821.jpg","datePublished":"2026-04-21T10:38:44+00:00","dateModified":"2026-04-22T07:20:27+00:00","description":"Stiilne helesinine taskutega minikleit Karini Butiigis. Seljalt korsetipaeltega mudel, saadaval suurustes XXS kuni S ja mitmes v\u00e4rvitoonis.","breadcrumb":{"@id":"https:\/\/www.karinibutiik.ee\/toode\/taskutega-minikleit\/#breadcrumb"},"inLanguage":"en-GB","potentialAction":[{"@type":"ReadAction","target":["https:\/\/www.karinibutiik.ee\/toode\/taskutega-minikleit\/"]}]},{"@type":"ImageObject","inLanguage":"en-GB","@id":"https:\/\/www.karinibutiik.ee\/toode\/taskutega-minikleit\/#primaryimage","url":"https:\/\/www.karinibutiik.ee\/wp-content\/uploads\/2026\/04\/260420_Karini_Butiik_Erlend_Staub_129-scaled-e1776768205821.jpg","contentUrl":"https:\/\/www.karinibutiik.ee\/wp-content\/uploads\/2026\/04\/260420_Karini_Butiik_Erlend_Staub_129-scaled-e1776768205821.jpg","width":1694,"height":2317,"caption":"Helesinine taskutega minikleit"},{"@type":"BreadcrumbList","@id":"https:\/\/www.karinibutiik.ee\/toode\/taskutega-minikleit\/#breadcrumb","itemListElement":[{"@type":"ListItem","position":1,"name":"Home","item":"https:\/\/www.karinibutiik.ee\/"},{"@type":"ListItem","position":2,"name":"Pood","item":"https:\/\/www.karinibutiik.ee\/pood\/"},{"@type":"ListItem","position":3,"name":"Taskutega minikleit"}]},{"@type":"WebSite","@id":"https:\/\/www.karinibutiik.ee\/#website","url":"https:\/\/www.karinibutiik.ee\/","name":"Karini Butiik","description":"","publisher":{"@id":"https:\/\/www.karinibutiik.ee\/#organization"},"potentialAction":[{"@type":"SearchAction","target":{"@type":"EntryPoint","urlTemplate":"https:\/\/www.karinibutiik.ee\/?s={search_term_string}"},"query-input":{"@type":"PropertyValueSpecification","valueRequired":true,"valueName":"search_term_string"}}],"inLanguage":"en-GB"},{"@type":"Organization","@id":"https:\/\/www.karinibutiik.ee\/#organization","name":"Karini Butiik","url":"https:\/\/www.karinibutiik.ee\/","logo":{"@type":"ImageObject","inLanguage":"en-GB","@id":"https:\/\/www.karinibutiik.ee\/#\/schema\/logo\/image\/","url":"https:\/\/www.karinibutiik.ee\/wp-content\/uploads\/2024\/10\/Kuj.-K-koopia.png","contentUrl":"https:\/\/www.karinibutiik.ee\/wp-content\/uploads\/2024\/10\/Kuj.-K-koopia.png","width":500,"height":500,"caption":"Karini Butiik"},"image":{"@id":"https:\/\/www.karinibutiik.ee\/#\/schema\/logo\/image\/"},"sameAs":["https:\/\/www.facebook.com\/karinibutiik.ee","https:\/\/www.instagram.com\/karinibutiik"]}]},"og_availability":"instock","product_availability":"instock","product_retailer_item_id":"5445","product_condition":"new"},"_links":{"self":[{"href":"https:\/\/www.karinibutiik.ee\/en\/wp-json\/wp\/v2\/product\/27216","targetHints":{"allow":["GET"]}}],"collection":[{"href":"https:\/\/www.karinibutiik.ee\/en\/wp-json\/wp\/v2\/product"}],"about":[{"href":"https:\/\/www.karinibutiik.ee\/en\/wp-json\/wp\/v2\/types\/product"}],"version-history":[{"count":1,"href":"https:\/\/www.karinibutiik.ee\/en\/wp-json\/wp\/v2\/product\/27216\/revisions"}],"predecessor-version":[{"id":27220,"href":"https:\/\/www.karinibutiik.ee\/en\/wp-json\/wp\/v2\/product\/27216\/revisions\/27220"}],"wp:featuredmedia":[{"embeddable":true,"href":"https:\/\/www.karinibutiik.ee\/en\/wp-json\/wp\/v2\/media\/27213"}],"wp:attachment":[{"href":"https:\/\/www.karinibutiik.ee\/en\/wp-json\/wp\/v2\/media?parent=27216"}],"wp:term":[{"taxonomy":"product_brand","embeddable":true,"href":"https:\/\/www.karinibutiik.ee\/en\/wp-json\/wp\/v2\/product_brand?post=27216"},{"taxonomy":"product_cat","embeddable":true,"href":"https:\/\/www.karinibutiik.ee\/en\/wp-json\/wp\/v2\/product_cat?post=27216"},{"taxonomy":"product_tag","embeddable":true,"href":"https:\/\/www.karinibutiik.ee\/en\/wp-json\/wp\/v2\/product_tag?post=27216"}],"curies":[{"name":"wp","href":"https:\/\/api.w.org\/{rel}","templated":true}]}}