{"id":27323,"date":"2026-04-22T11:19:09","date_gmt":"2026-04-22T08:19:09","guid":{"rendered":"https:\/\/www.karinibutiik.ee\/?post_type=product&#038;p=27323"},"modified":"2026-04-22T11:19:10","modified_gmt":"2026-04-22T08:19:10","slug":"klassikaline-taljes-pintsak","status":"publish","type":"product","link":"https:\/\/www.karinibutiik.ee\/en\/product-2\/klassikaline-taljes-pintsak\/","title":{"rendered":"Klassikaline taljes pintsak"},"content":{"rendered":"<p data-start=\"583\" data-end=\"846\">Karini Butiigi klassikaline taljes pintsak on elegantne ja ajatu valik naisele, kes hindab kvaliteeti, head istuvust ja naiselikku l\u00f5iget. Tegemist on <strong data-start=\"755\" data-end=\"774\">taljes mudeliga<\/strong>, mis r\u00f5hutab kaunilt figuuri ning loob v\u00e4ljapeetud ja stiilse \u00fcldmulje.<\/p>\n<p data-start=\"848\" data-end=\"1176\">Pintsak <strong data-start=\"856\" data-end=\"881\">kinnitub eest n\u00f6\u00f6biga<\/strong>, mis lisab klassikalist joont ja teeb mudeli lihtsasti kombineeritavaks nii p\u00fckste, seelikute kui ka kleitidega. Premium kvaliteediga viimistlus ning hoolikalt l\u00e4bim\u00f5eldud l\u00f5ige muudavad selle ideaalseks valikuks nii kontorisse, pidulikuks s\u00fcndmuseks kui ka elegantseks igap\u00e4evaseks kandmiseks.<\/p>\n<p data-start=\"1178\" data-end=\"1394\">Saadaval imelistes <strong data-start=\"1197\" data-end=\"1221\">pastelsetes toonides<\/strong>, mis toovad garderoobi v\u00e4rskust, naiselikkust ja luksuslikku pehmust. See pintsak on suurep\u00e4rane valik, kui otsid midagi klassikalist, kuid samas pilkup\u00fc\u00fcdvat ja modernset.<\/p>\n<p data-start=\"1396\" data-end=\"1415\"><strong data-start=\"1396\" data-end=\"1413\">Toote eelised<\/strong><\/p>\n<ul data-start=\"1416\" data-end=\"1670\">\n<li data-section-id=\"17g5vn5\" data-start=\"1416\" data-end=\"1447\">klassikaline ja ajatu l\u00f5ige<\/li>\n<li data-section-id=\"q4l7q\" data-start=\"1448\" data-end=\"1480\">taljes mudel r\u00f5hutab figuuri<\/li>\n<li data-section-id=\"d6032c\" data-start=\"1481\" data-end=\"1506\">kinnitub eest n\u00f6\u00f6biga<\/li>\n<li data-section-id=\"hjmz56\" data-start=\"1507\" data-end=\"1528\">premium kvaliteet<\/li>\n<li data-section-id=\"1a2iote\" data-start=\"1529\" data-end=\"1581\">sobib nii pidulikuks kui igap\u00e4evaseks kandmiseks<\/li>\n<li data-section-id=\"fqwdj5\" data-start=\"1582\" data-end=\"1629\">lihtsalt kombineeritav erinevate r\u00f5ivastega<\/li>\n<li data-section-id=\"1hlek45\" data-start=\"1630\" data-end=\"1670\">saadaval kaunites pastelsetes toonides<\/li>\n<\/ul>\n<p data-start=\"1672\" data-end=\"1847\"><strong data-start=\"1672\" data-end=\"1690\">Toote omadused<\/strong><br data-start=\"1690\" data-end=\"1693\" \/>Tootet\u00fc\u00fcp: pintsak<br data-start=\"1711\" data-end=\"1714\" \/>L\u00f5ige: taljes<br data-start=\"1727\" data-end=\"1730\" \/>Kinnitus: eest n\u00f6\u00f6biga<br data-start=\"1752\" data-end=\"1755\" \/>Stiil: klassikaline, elegantne, naiselik<br data-start=\"1795\" data-end=\"1798\" \/>Omadused: premium kvaliteet, pastelsetes toonides<\/p>","protected":false},"excerpt":{"rendered":"<p>Karini Butiigi klassikaline taljes pintsak on elegantne ja ajatu valik naisele, kes hindab kvaliteeti, head istuvust ja naiselikku l\u00f5iget. Tegemist [&hellip;]<\/p>\n","protected":false},"featured_media":27320,"template":"","meta":{"site-sidebar-layout":"default","site-content-layout":"","ast-site-content-layout":"default","site-content-style":"default","site-sidebar-style":"default","ast-global-header-display":"","ast-banner-title-visibility":"","ast-main-header-display":"","ast-hfb-above-header-display":"","ast-hfb-below-header-display":"","ast-hfb-mobile-header-display":"","site-post-title":"","ast-breadcrumbs-content":"","ast-featured-img":"","footer-sml-layout":"","ast-disable-related-posts":"","theme-transparent-header-meta":"default","adv-header-id-meta":"","stick-header-meta":"default","header-above-stick-meta":"","header-main-stick-meta":"","header-below-stick-meta":"","astra-migrate-meta-layouts":"set","ast-page-background-enabled":"default","ast-page-background-meta":{"desktop":{"background-color":"var(--ast-global-color-4)","background-image":"","background-repeat":"repeat","background-position":"center center","background-size":"auto","background-attachment":"scroll","background-type":"","background-media":"","overlay-type":"","overlay-color":"","overlay-opacity":"","overlay-gradient":""},"tablet":{"background-color":"","background-image":"","background-repeat":"repeat","background-position":"center center","background-size":"auto","background-attachment":"scroll","background-type":"","background-media":"","overlay-type":"","overlay-color":"","overlay-opacity":"","overlay-gradient":""},"mobile":{"background-color":"","background-image":"","background-repeat":"repeat","background-position":"center center","background-size":"auto","background-attachment":"scroll","background-type":"","background-media":"","overlay-type":"","overlay-color":"","overlay-opacity":"","overlay-gradient":""}},"ast-content-background-meta":{"desktop":{"background-color":"var(--ast-global-color-5)","background-image":"","background-repeat":"repeat","background-position":"center center","background-size":"auto","background-attachment":"scroll","background-type":"","background-media":"","overlay-type":"","overlay-color":"","overlay-opacity":"","overlay-gradient":""},"tablet":{"background-color":"var(--ast-global-color-5)","background-image":"","background-repeat":"repeat","background-position":"center center","background-size":"auto","background-attachment":"scroll","background-type":"","background-media":"","overlay-type":"","overlay-color":"","overlay-opacity":"","overlay-gradient":""},"mobile":{"background-color":"var(--ast-global-color-5)","background-image":"","background-repeat":"repeat","background-position":"center center","background-size":"auto","background-attachment":"scroll","background-type":"","background-media":"","overlay-type":"","overlay-color":"","overlay-opacity":"","overlay-gradient":""}}},"product_brand":[],"product_cat":[346,366,351],"product_tag":[1178,501,2714,1503,2201,2695,1180,2713,1177,2694,2572,2199],"class_list":{"0":"post-27323","1":"product","2":"type-product","3":"status-publish","4":"has-post-thumbnail","6":"product_cat-naised","7":"product_cat-pintsakud","8":"product_cat-uued-tooted","9":"product_tag-elegantne-pintsak","10":"product_tag-karini-butiik","11":"product_tag-klassikaline-naiste-pintsak","12":"product_tag-klassikaline-pintsak","13":"product_tag-kontoripintsak","14":"product_tag-naiselik-pintsak","15":"product_tag-naiste-pintsak","16":"product_tag-pastelne-pintsak","17":"product_tag-pidulik-pintsak","18":"product_tag-premium-pintsak","19":"product_tag-stiilne-pintsak","20":"product_tag-taljes-pintsak","21":"desktop-align-center","22":"tablet-align-center","23":"mobile-align-center","24":"ast-product-gallery-layout-horizontal-slider","25":"ast-product-single-variable","26":"ast-product-tabs-layout-horizontal","28":"first","29":"instock","30":"taxable","31":"shipping-taxable","32":"purchasable","33":"product-type-variable"},"supplier_id":null,"supplier_sku":"","barcode":null,"atum_controlled":true,"out_stock_date":null,"out_stock_threshold":null,"inheritable":true,"inbound_stock":null,"stock_on_hold":0,"sold_today":null,"sales_last_days":null,"reserved_stock":0,"customer_returns":null,"warehouse_damage":0,"lost_in_post":null,"other_logs":0,"out_stock_days":null,"lost_sales":null,"has_location":false,"update_date":"2026-04-22T08:25:35","atum_locations":[],"atum_stock_status":"instock","restock_status":false,"low_stock_amount":"","sales_update_date":null,"calc_backorders":null,"yoast_head":"<!-- This site is optimized with the Yoast SEO plugin v26.9 - https:\/\/yoast.com\/product\/yoast-seo-wordpress\/ -->\n<title>Klassikaline taljes pintsak - Karini Butiik<\/title>\n<meta name=\"description\" content=\"Premium kvaliteediga klassikaline taljes pintsak Karini Butiigis. Eest n\u00f6\u00f6biga kinnituv mudel imelistes pastelsetes toonides.\" \/>\n<meta name=\"robots\" content=\"index, follow, max-snippet:-1, max-image-preview:large, max-video-preview:-1\" \/>\n<link rel=\"canonical\" href=\"https:\/\/www.karinibutiik.ee\/en\/product-2\/klassikaline-taljes-pintsak\/\" \/>\n<meta property=\"og:locale\" content=\"en_GB\" \/>\n<meta property=\"og:type\" content=\"article\" \/>\n<meta property=\"og:title\" content=\"Klassikaline taljes pintsak - Karini Butiik\" \/>\n<meta property=\"og:description\" content=\"Premium kvaliteediga klassikaline taljes pintsak Karini Butiigis. Eest n\u00f6\u00f6biga kinnituv mudel imelistes pastelsetes toonides.\" \/>\n<meta property=\"og:url\" content=\"https:\/\/www.karinibutiik.ee\/en\/product-2\/klassikaline-taljes-pintsak\/\" \/>\n<meta property=\"og:site_name\" content=\"Karini Butiik\" \/>\n<meta property=\"article:publisher\" content=\"https:\/\/www.facebook.com\/karinibutiik.ee\" \/>\n<meta property=\"article:modified_time\" content=\"2026-04-22T08:19:10+00:00\" \/>\n<meta property=\"og:image\" content=\"https:\/\/www.karinibutiik.ee\/wp-content\/uploads\/2026\/04\/260420_Karini_Butiik_Erlend_Staub_21-scaled-e1776845484957.jpg\" \/>\n\t<meta property=\"og:image:width\" content=\"1280\" \/>\n\t<meta property=\"og:image:height\" content=\"1498\" \/>\n\t<meta property=\"og:image:type\" content=\"image\/jpeg\" \/>\n<meta name=\"twitter:card\" content=\"summary_large_image\" \/>\n<meta name=\"twitter:label1\" content=\"Availability\" \/>\n\t<meta name=\"twitter:data1\" content=\"In stock\" \/>\n<script type=\"application\/ld+json\" class=\"yoast-schema-graph\">{\"@context\":\"https:\/\/schema.org\",\"@graph\":[{\"@type\":\"WebPage\",\"@id\":\"https:\/\/www.karinibutiik.ee\/toode\/klassikaline-taljes-pintsak\/\",\"url\":\"https:\/\/www.karinibutiik.ee\/toode\/klassikaline-taljes-pintsak\/\",\"name\":\"Klassikaline taljes pintsak - Karini Butiik\",\"isPartOf\":{\"@id\":\"https:\/\/www.karinibutiik.ee\/#website\"},\"primaryImageOfPage\":{\"@id\":\"https:\/\/www.karinibutiik.ee\/toode\/klassikaline-taljes-pintsak\/#primaryimage\"},\"image\":{\"@id\":\"https:\/\/www.karinibutiik.ee\/toode\/klassikaline-taljes-pintsak\/#primaryimage\"},\"thumbnailUrl\":\"https:\/\/www.karinibutiik.ee\/wp-content\/uploads\/2026\/04\/260420_Karini_Butiik_Erlend_Staub_21-scaled-e1776845484957.jpg\",\"datePublished\":\"2026-04-22T08:19:09+00:00\",\"dateModified\":\"2026-04-22T08:19:10+00:00\",\"description\":\"Premium kvaliteediga klassikaline taljes pintsak Karini Butiigis. Eest n\u00f6\u00f6biga kinnituv mudel imelistes pastelsetes toonides.\",\"breadcrumb\":{\"@id\":\"https:\/\/www.karinibutiik.ee\/toode\/klassikaline-taljes-pintsak\/#breadcrumb\"},\"inLanguage\":\"en-GB\",\"potentialAction\":[{\"@type\":\"ReadAction\",\"target\":[\"https:\/\/www.karinibutiik.ee\/toode\/klassikaline-taljes-pintsak\/\"]}]},{\"@type\":\"ImageObject\",\"inLanguage\":\"en-GB\",\"@id\":\"https:\/\/www.karinibutiik.ee\/toode\/klassikaline-taljes-pintsak\/#primaryimage\",\"url\":\"https:\/\/www.karinibutiik.ee\/wp-content\/uploads\/2026\/04\/260420_Karini_Butiik_Erlend_Staub_21-scaled-e1776845484957.jpg\",\"contentUrl\":\"https:\/\/www.karinibutiik.ee\/wp-content\/uploads\/2026\/04\/260420_Karini_Butiik_Erlend_Staub_21-scaled-e1776845484957.jpg\",\"width\":1280,\"height\":1498,\"caption\":\"Eest n\u00f6\u00f6biga kinnituv premium pintsak\"},{\"@type\":\"BreadcrumbList\",\"@id\":\"https:\/\/www.karinibutiik.ee\/toode\/klassikaline-taljes-pintsak\/#breadcrumb\",\"itemListElement\":[{\"@type\":\"ListItem\",\"position\":1,\"name\":\"Home\",\"item\":\"https:\/\/www.karinibutiik.ee\/\"},{\"@type\":\"ListItem\",\"position\":2,\"name\":\"Pood\",\"item\":\"https:\/\/www.karinibutiik.ee\/pood\/\"},{\"@type\":\"ListItem\",\"position\":3,\"name\":\"Klassikaline taljes pintsak\"}]},{\"@type\":\"WebSite\",\"@id\":\"https:\/\/www.karinibutiik.ee\/#website\",\"url\":\"https:\/\/www.karinibutiik.ee\/\",\"name\":\"Karini Butiik\",\"description\":\"\",\"publisher\":{\"@id\":\"https:\/\/www.karinibutiik.ee\/#organization\"},\"potentialAction\":[{\"@type\":\"SearchAction\",\"target\":{\"@type\":\"EntryPoint\",\"urlTemplate\":\"https:\/\/www.karinibutiik.ee\/?s={search_term_string}\"},\"query-input\":{\"@type\":\"PropertyValueSpecification\",\"valueRequired\":true,\"valueName\":\"search_term_string\"}}],\"inLanguage\":\"en-GB\"},{\"@type\":\"Organization\",\"@id\":\"https:\/\/www.karinibutiik.ee\/#organization\",\"name\":\"Karini Butiik\",\"url\":\"https:\/\/www.karinibutiik.ee\/\",\"logo\":{\"@type\":\"ImageObject\",\"inLanguage\":\"en-GB\",\"@id\":\"https:\/\/www.karinibutiik.ee\/#\/schema\/logo\/image\/\",\"url\":\"https:\/\/www.karinibutiik.ee\/wp-content\/uploads\/2024\/10\/Kuj.-K-koopia.png\",\"contentUrl\":\"https:\/\/www.karinibutiik.ee\/wp-content\/uploads\/2024\/10\/Kuj.-K-koopia.png\",\"width\":500,\"height\":500,\"caption\":\"Karini Butiik\"},\"image\":{\"@id\":\"https:\/\/www.karinibutiik.ee\/#\/schema\/logo\/image\/\"},\"sameAs\":[\"https:\/\/www.facebook.com\/karinibutiik.ee\",\"https:\/\/www.instagram.com\/karinibutiik\"]}]}<\/script>\n<meta property=\"og:availability\" content=\"instock\" \/>\n<meta property=\"product:availability\" content=\"instock\" \/>\n<meta property=\"product:retailer_item_id\" content=\"4541\" \/>\n<meta property=\"product:condition\" content=\"new\" \/>\n<!-- \/ Yoast SEO plugin. -->","yoast_head_json":{"title":"Klassikaline taljes pintsak - Karini Butiik","description":"Premium kvaliteediga klassikaline taljes pintsak Karini Butiigis. Eest n\u00f6\u00f6biga kinnituv mudel imelistes pastelsetes toonides.","robots":{"index":"index","follow":"follow","max-snippet":"max-snippet:-1","max-image-preview":"max-image-preview:large","max-video-preview":"max-video-preview:-1"},"canonical":"https:\/\/www.karinibutiik.ee\/en\/product-2\/klassikaline-taljes-pintsak\/","og_locale":"en_GB","og_type":"article","og_title":"Klassikaline taljes pintsak - Karini Butiik","og_description":"Premium kvaliteediga klassikaline taljes pintsak Karini Butiigis. Eest n\u00f6\u00f6biga kinnituv mudel imelistes pastelsetes toonides.","og_url":"https:\/\/www.karinibutiik.ee\/en\/product-2\/klassikaline-taljes-pintsak\/","og_site_name":"Karini Butiik","article_publisher":"https:\/\/www.facebook.com\/karinibutiik.ee","article_modified_time":"2026-04-22T08:19:10+00:00","og_image":[{"width":1280,"height":1498,"url":"https:\/\/www.karinibutiik.ee\/wp-content\/uploads\/2026\/04\/260420_Karini_Butiik_Erlend_Staub_21-scaled-e1776845484957.jpg","type":"image\/jpeg"}],"twitter_card":"summary_large_image","twitter_misc":{"Availability":"In stock"},"schema":{"@context":"https:\/\/schema.org","@graph":[{"@type":"WebPage","@id":"https:\/\/www.karinibutiik.ee\/toode\/klassikaline-taljes-pintsak\/","url":"https:\/\/www.karinibutiik.ee\/toode\/klassikaline-taljes-pintsak\/","name":"Klassikaline taljes pintsak - Karini Butiik","isPartOf":{"@id":"https:\/\/www.karinibutiik.ee\/#website"},"primaryImageOfPage":{"@id":"https:\/\/www.karinibutiik.ee\/toode\/klassikaline-taljes-pintsak\/#primaryimage"},"image":{"@id":"https:\/\/www.karinibutiik.ee\/toode\/klassikaline-taljes-pintsak\/#primaryimage"},"thumbnailUrl":"https:\/\/www.karinibutiik.ee\/wp-content\/uploads\/2026\/04\/260420_Karini_Butiik_Erlend_Staub_21-scaled-e1776845484957.jpg","datePublished":"2026-04-22T08:19:09+00:00","dateModified":"2026-04-22T08:19:10+00:00","description":"Premium kvaliteediga klassikaline taljes pintsak Karini Butiigis. Eest n\u00f6\u00f6biga kinnituv mudel imelistes pastelsetes toonides.","breadcrumb":{"@id":"https:\/\/www.karinibutiik.ee\/toode\/klassikaline-taljes-pintsak\/#breadcrumb"},"inLanguage":"en-GB","potentialAction":[{"@type":"ReadAction","target":["https:\/\/www.karinibutiik.ee\/toode\/klassikaline-taljes-pintsak\/"]}]},{"@type":"ImageObject","inLanguage":"en-GB","@id":"https:\/\/www.karinibutiik.ee\/toode\/klassikaline-taljes-pintsak\/#primaryimage","url":"https:\/\/www.karinibutiik.ee\/wp-content\/uploads\/2026\/04\/260420_Karini_Butiik_Erlend_Staub_21-scaled-e1776845484957.jpg","contentUrl":"https:\/\/www.karinibutiik.ee\/wp-content\/uploads\/2026\/04\/260420_Karini_Butiik_Erlend_Staub_21-scaled-e1776845484957.jpg","width":1280,"height":1498,"caption":"Eest n\u00f6\u00f6biga kinnituv premium pintsak"},{"@type":"BreadcrumbList","@id":"https:\/\/www.karinibutiik.ee\/toode\/klassikaline-taljes-pintsak\/#breadcrumb","itemListElement":[{"@type":"ListItem","position":1,"name":"Home","item":"https:\/\/www.karinibutiik.ee\/"},{"@type":"ListItem","position":2,"name":"Pood","item":"https:\/\/www.karinibutiik.ee\/pood\/"},{"@type":"ListItem","position":3,"name":"Klassikaline taljes pintsak"}]},{"@type":"WebSite","@id":"https:\/\/www.karinibutiik.ee\/#website","url":"https:\/\/www.karinibutiik.ee\/","name":"Karini Butiik","description":"","publisher":{"@id":"https:\/\/www.karinibutiik.ee\/#organization"},"potentialAction":[{"@type":"SearchAction","target":{"@type":"EntryPoint","urlTemplate":"https:\/\/www.karinibutiik.ee\/?s={search_term_string}"},"query-input":{"@type":"PropertyValueSpecification","valueRequired":true,"valueName":"search_term_string"}}],"inLanguage":"en-GB"},{"@type":"Organization","@id":"https:\/\/www.karinibutiik.ee\/#organization","name":"Karini Butiik","url":"https:\/\/www.karinibutiik.ee\/","logo":{"@type":"ImageObject","inLanguage":"en-GB","@id":"https:\/\/www.karinibutiik.ee\/#\/schema\/logo\/image\/","url":"https:\/\/www.karinibutiik.ee\/wp-content\/uploads\/2024\/10\/Kuj.-K-koopia.png","contentUrl":"https:\/\/www.karinibutiik.ee\/wp-content\/uploads\/2024\/10\/Kuj.-K-koopia.png","width":500,"height":500,"caption":"Karini Butiik"},"image":{"@id":"https:\/\/www.karinibutiik.ee\/#\/schema\/logo\/image\/"},"sameAs":["https:\/\/www.facebook.com\/karinibutiik.ee","https:\/\/www.instagram.com\/karinibutiik"]}]},"og_availability":"instock","product_availability":"instock","product_retailer_item_id":"4541","product_condition":"new"},"_links":{"self":[{"href":"https:\/\/www.karinibutiik.ee\/en\/wp-json\/wp\/v2\/product\/27323","targetHints":{"allow":["GET"]}}],"collection":[{"href":"https:\/\/www.karinibutiik.ee\/en\/wp-json\/wp\/v2\/product"}],"about":[{"href":"https:\/\/www.karinibutiik.ee\/en\/wp-json\/wp\/v2\/types\/product"}],"version-history":[{"count":1,"href":"https:\/\/www.karinibutiik.ee\/en\/wp-json\/wp\/v2\/product\/27323\/revisions"}],"predecessor-version":[{"id":27328,"href":"https:\/\/www.karinibutiik.ee\/en\/wp-json\/wp\/v2\/product\/27323\/revisions\/27328"}],"wp:featuredmedia":[{"embeddable":true,"href":"https:\/\/www.karinibutiik.ee\/en\/wp-json\/wp\/v2\/media\/27320"}],"wp:attachment":[{"href":"https:\/\/www.karinibutiik.ee\/en\/wp-json\/wp\/v2\/media?parent=27323"}],"wp:term":[{"taxonomy":"product_brand","embeddable":true,"href":"https:\/\/www.karinibutiik.ee\/en\/wp-json\/wp\/v2\/product_brand?post=27323"},{"taxonomy":"product_cat","embeddable":true,"href":"https:\/\/www.karinibutiik.ee\/en\/wp-json\/wp\/v2\/product_cat?post=27323"},{"taxonomy":"product_tag","embeddable":true,"href":"https:\/\/www.karinibutiik.ee\/en\/wp-json\/wp\/v2\/product_tag?post=27323"}],"curies":[{"name":"wp","href":"https:\/\/api.w.org\/{rel}","templated":true}]}}