{"id":9432,"date":"2025-07-13T07:40:34","date_gmt":"2025-07-13T04:40:34","guid":{"rendered":"https:\/\/www.karinibutiik.ee\/toode\/asumeetriline-midikleit-vooga\/"},"modified":"2026-03-28T10:40:34","modified_gmt":"2026-03-28T08:40:34","slug":"asymmetric-midi-dress-with-flow","status":"publish","type":"product","link":"https:\/\/www.karinibutiik.ee\/en\/product-2\/asymmetric-midi-dress-with-flow\/","title":{"rendered":"Asymmetric midi dress with belt"},"content":{"rendered":"<p data-start=\"258\" data-end=\"670\">Stiilne ja silmapaistev midikleit, mille as\u00fcmmeetriline seelikuosa lisab liikumisele d\u00fcnaamilisust ja karakterit. Klassikaline V-kaelus ning \u00f5lale ulatuv \u00fclaosa loovad elegantse ja tasakaalus silueti. Komplektis olev pihav\u00f6\u00f6 v\u00f5imaldab r\u00f5hutada taljejoont ning lisab kleidile personaalsust. Ideaalne valik nii p\u00e4evaseks kandmiseks kui ka pidulikuks \u00f5htuks \u2013 see kleit t\u00f5mbab pilke igal sammul.<\/p>","protected":false},"excerpt":{"rendered":"<p>Stiilne ja silmapaistev midikleit, mille as\u00fcmmeetriline seelikuosa lisab liikumisele d\u00fcnaamilisust ja karakterit. Klassikaline V-kaelus ning \u00f5lale ulatuv \u00fclaosa loovad elegantse [&hellip;]<\/p>\n","protected":false},"featured_media":23873,"template":"","meta":{"site-sidebar-layout":"default","site-content-layout":"","ast-site-content-layout":"default","site-content-style":"default","site-sidebar-style":"default","ast-global-header-display":"","ast-banner-title-visibility":"","ast-main-header-display":"","ast-hfb-above-header-display":"","ast-hfb-below-header-display":"","ast-hfb-mobile-header-display":"","site-post-title":"","ast-breadcrumbs-content":"","ast-featured-img":"","footer-sml-layout":"","ast-disable-related-posts":"","theme-transparent-header-meta":"default","adv-header-id-meta":"","stick-header-meta":"default","header-above-stick-meta":"","header-main-stick-meta":"","header-below-stick-meta":"","astra-migrate-meta-layouts":"set","ast-page-background-enabled":"default","ast-page-background-meta":{"desktop":{"background-color":"var(--ast-global-color-4)","background-image":"","background-repeat":"repeat","background-position":"center center","background-size":"auto","background-attachment":"scroll","background-type":"","background-media":"","overlay-type":"","overlay-color":"","overlay-opacity":"","overlay-gradient":""},"tablet":{"background-color":"","background-image":"","background-repeat":"repeat","background-position":"center center","background-size":"auto","background-attachment":"scroll","background-type":"","background-media":"","overlay-type":"","overlay-color":"","overlay-opacity":"","overlay-gradient":""},"mobile":{"background-color":"","background-image":"","background-repeat":"repeat","background-position":"center center","background-size":"auto","background-attachment":"scroll","background-type":"","background-media":"","overlay-type":"","overlay-color":"","overlay-opacity":"","overlay-gradient":""}},"ast-content-background-meta":{"desktop":{"background-color":"var(--ast-global-color-5)","background-image":"","background-repeat":"repeat","background-position":"center center","background-size":"auto","background-attachment":"scroll","background-type":"","background-media":"","overlay-type":"","overlay-color":"","overlay-opacity":"","overlay-gradient":""},"tablet":{"background-color":"var(--ast-global-color-5)","background-image":"","background-repeat":"repeat","background-position":"center center","background-size":"auto","background-attachment":"scroll","background-type":"","background-media":"","overlay-type":"","overlay-color":"","overlay-opacity":"","overlay-gradient":""},"mobile":{"background-color":"var(--ast-global-color-5)","background-image":"","background-repeat":"repeat","background-position":"center center","background-size":"auto","background-attachment":"scroll","background-type":"","background-media":"","overlay-type":"","overlay-color":"","overlay-opacity":"","overlay-gradient":""}}},"product_brand":[],"product_cat":[452,347,348,349,346],"product_tag":[1706,1169,1710,501,86,91,90,88,87,1593,1707,89,1709,92,1708,93,500,1711,1693],"class_list":{"0":"post-9432","1":"product","2":"type-product","3":"status-publish","4":"has-post-thumbnail","6":"product_cat-bestseller","7":"product_cat-kleidid","8":"product_cat-lopukleidid","9":"product_cat-midikleidid","10":"product_cat-naised","11":"product_tag-asummeetriline-kleit","12":"product_tag-elegantne-kleit","13":"product_tag-erilise-loikega-kleit","14":"product_tag-karini-butiik","15":"product_tag-kleit","16":"product_tag-koolilopukleit","17":"product_tag-lopukleit","18":"product_tag-lora","19":"product_tag-midikleit","20":"product_tag-naiste-kleit","21":"product_tag-olale-ulatuv-ulaosa","22":"product_tag-olavolangidega-kleit","23":"product_tag-pidulik-midikleit","24":"product_tag-pidulikud-kleidid","25":"product_tag-pihavooga-kleit","26":"product_tag-pulmakleidid","27":"product_tag-suvine-kleit","28":"product_tag-taljet-rohutav-kleit","29":"product_tag-v-kaelus","30":"desktop-align-center","31":"tablet-align-center","32":"mobile-align-center","33":"ast-product-gallery-layout-horizontal-slider","34":"ast-product-single-variable","35":"ast-product-tabs-layout-horizontal","37":"first","38":"instock","39":"taxable","40":"shipping-taxable","41":"purchasable","42":"product-type-variable"},"supplier_id":null,"supplier_sku":"","barcode":null,"atum_controlled":true,"out_stock_date":null,"out_stock_threshold":null,"inheritable":true,"inbound_stock":0,"stock_on_hold":0,"sold_today":0,"sales_last_days":0,"reserved_stock":0,"customer_returns":0,"warehouse_damage":0,"lost_in_post":0,"other_logs":0,"out_stock_days":0,"lost_sales":0,"has_location":false,"update_date":"2026-03-28T08:40:35","atum_locations":[],"atum_stock_status":"instock","restock_status":false,"low_stock_amount":"","sales_update_date":"2025-12-04T01:26:31","calc_backorders":null,"yoast_head":"<!-- This site is optimized with the Yoast SEO plugin v26.9 - https:\/\/yoast.com\/product\/yoast-seo-wordpress\/ -->\n<title>As\u00fcmeetriline midikleit v\u00f6\u00f6ga - Karini Butiik<\/title>\n<meta name=\"description\" content=\"As\u00fcmmeetrilise seelikuosaga midikleit, V-kaeluse ja \u00f5lale ulatuva \u00fclaosaga. Komplektis pihav\u00f6\u00f6. Naiselik ja pilkup\u00fc\u00fcdev valik igaks s\u00fcndmuseks.\" \/>\n<meta name=\"robots\" content=\"index, follow, max-snippet:-1, max-image-preview:large, max-video-preview:-1\" \/>\n<link rel=\"canonical\" href=\"https:\/\/www.karinibutiik.ee\/en\/product-2\/asymmetric-midi-dress-with-flow\/\" \/>\n<meta property=\"og:locale\" content=\"en_GB\" \/>\n<meta property=\"og:type\" content=\"article\" \/>\n<meta property=\"og:title\" content=\"As\u00fcmeetriline midikleit v\u00f6\u00f6ga - Karini Butiik\" \/>\n<meta property=\"og:description\" content=\"As\u00fcmmeetrilise seelikuosaga midikleit, V-kaeluse ja \u00f5lale ulatuva \u00fclaosaga. Komplektis pihav\u00f6\u00f6. Naiselik ja pilkup\u00fc\u00fcdev valik igaks s\u00fcndmuseks.\" \/>\n<meta property=\"og:url\" content=\"https:\/\/www.karinibutiik.ee\/en\/product-2\/asymmetric-midi-dress-with-flow\/\" \/>\n<meta property=\"og:site_name\" content=\"Karini Butiik\" \/>\n<meta property=\"article:publisher\" content=\"https:\/\/www.facebook.com\/karinibutiik.ee\" \/>\n<meta property=\"article:modified_time\" content=\"2026-03-28T08:40:34+00:00\" \/>\n<meta property=\"og:image\" content=\"https:\/\/www.karinibutiik.ee\/wp-content\/uploads\/2025\/08\/1266CB0F-520A-4629-85AE-C4C757A5ED84-scaled.jpeg\" \/>\n\t<meta property=\"og:image:width\" content=\"1920\" \/>\n\t<meta property=\"og:image:height\" content=\"2560\" \/>\n\t<meta property=\"og:image:type\" content=\"image\/jpeg\" \/>\n<meta name=\"twitter:card\" content=\"summary_large_image\" \/>\n<meta name=\"twitter:label1\" content=\"Availability\" \/>\n\t<meta name=\"twitter:data1\" content=\"In stock\" \/>\n<script type=\"application\/ld+json\" class=\"yoast-schema-graph\">{\"@context\":\"https:\/\/schema.org\",\"@graph\":[{\"@type\":\"WebPage\",\"@id\":\"https:\/\/www.karinibutiik.ee\/toode\/asumeetriline-midikleit-vooga\/\",\"url\":\"https:\/\/www.karinibutiik.ee\/toode\/asumeetriline-midikleit-vooga\/\",\"name\":\"As\u00fcmeetriline midikleit v\u00f6\u00f6ga - Karini Butiik\",\"isPartOf\":{\"@id\":\"https:\/\/www.karinibutiik.ee\/#website\"},\"primaryImageOfPage\":{\"@id\":\"https:\/\/www.karinibutiik.ee\/toode\/asumeetriline-midikleit-vooga\/#primaryimage\"},\"image\":{\"@id\":\"https:\/\/www.karinibutiik.ee\/toode\/asumeetriline-midikleit-vooga\/#primaryimage\"},\"thumbnailUrl\":\"https:\/\/www.karinibutiik.ee\/wp-content\/uploads\/2025\/08\/1266CB0F-520A-4629-85AE-C4C757A5ED84-scaled.jpeg\",\"datePublished\":\"2025-07-13T04:40:34+00:00\",\"dateModified\":\"2026-03-28T08:40:34+00:00\",\"description\":\"As\u00fcmmeetrilise seelikuosaga midikleit, V-kaeluse ja \u00f5lale ulatuva \u00fclaosaga. Komplektis pihav\u00f6\u00f6. Naiselik ja pilkup\u00fc\u00fcdev valik igaks s\u00fcndmuseks.\",\"breadcrumb\":{\"@id\":\"https:\/\/www.karinibutiik.ee\/toode\/asumeetriline-midikleit-vooga\/#breadcrumb\"},\"inLanguage\":\"en-GB\",\"potentialAction\":[{\"@type\":\"ReadAction\",\"target\":[\"https:\/\/www.karinibutiik.ee\/toode\/asumeetriline-midikleit-vooga\/\"]}]},{\"@type\":\"ImageObject\",\"inLanguage\":\"en-GB\",\"@id\":\"https:\/\/www.karinibutiik.ee\/toode\/asumeetriline-midikleit-vooga\/#primaryimage\",\"url\":\"https:\/\/www.karinibutiik.ee\/wp-content\/uploads\/2025\/08\/1266CB0F-520A-4629-85AE-C4C757A5ED84-scaled.jpeg\",\"contentUrl\":\"https:\/\/www.karinibutiik.ee\/wp-content\/uploads\/2025\/08\/1266CB0F-520A-4629-85AE-C4C757A5ED84-scaled.jpeg\",\"width\":1920,\"height\":2560},{\"@type\":\"BreadcrumbList\",\"@id\":\"https:\/\/www.karinibutiik.ee\/toode\/asumeetriline-midikleit-vooga\/#breadcrumb\",\"itemListElement\":[{\"@type\":\"ListItem\",\"position\":1,\"name\":\"Home\",\"item\":\"https:\/\/www.karinibutiik.ee\/\"},{\"@type\":\"ListItem\",\"position\":2,\"name\":\"Pood\",\"item\":\"https:\/\/www.karinibutiik.ee\/pood\/\"},{\"@type\":\"ListItem\",\"position\":3,\"name\":\"As\u00fcmeetriline midikleit v\u00f6\u00f6ga\"}]},{\"@type\":\"WebSite\",\"@id\":\"https:\/\/www.karinibutiik.ee\/#website\",\"url\":\"https:\/\/www.karinibutiik.ee\/\",\"name\":\"Karini Butiik\",\"description\":\"\",\"publisher\":{\"@id\":\"https:\/\/www.karinibutiik.ee\/#organization\"},\"potentialAction\":[{\"@type\":\"SearchAction\",\"target\":{\"@type\":\"EntryPoint\",\"urlTemplate\":\"https:\/\/www.karinibutiik.ee\/?s={search_term_string}\"},\"query-input\":{\"@type\":\"PropertyValueSpecification\",\"valueRequired\":true,\"valueName\":\"search_term_string\"}}],\"inLanguage\":\"en-GB\"},{\"@type\":\"Organization\",\"@id\":\"https:\/\/www.karinibutiik.ee\/#organization\",\"name\":\"Karini Butiik\",\"url\":\"https:\/\/www.karinibutiik.ee\/\",\"logo\":{\"@type\":\"ImageObject\",\"inLanguage\":\"en-GB\",\"@id\":\"https:\/\/www.karinibutiik.ee\/#\/schema\/logo\/image\/\",\"url\":\"https:\/\/www.karinibutiik.ee\/wp-content\/uploads\/2024\/10\/Kuj.-K-koopia.png\",\"contentUrl\":\"https:\/\/www.karinibutiik.ee\/wp-content\/uploads\/2024\/10\/Kuj.-K-koopia.png\",\"width\":500,\"height\":500,\"caption\":\"Karini Butiik\"},\"image\":{\"@id\":\"https:\/\/www.karinibutiik.ee\/#\/schema\/logo\/image\/\"},\"sameAs\":[\"https:\/\/www.facebook.com\/karinibutiik.ee\",\"https:\/\/www.instagram.com\/karinibutiik\"]}]}<\/script>\n<meta property=\"og:availability\" content=\"instock\" \/>\n<meta property=\"product:availability\" content=\"instock\" \/>\n<meta property=\"product:retailer_item_id\" content=\"0013\" \/>\n<meta property=\"product:condition\" content=\"new\" \/>\n<!-- \/ Yoast SEO plugin. -->","yoast_head_json":{"title":"Asymmetric midi dress with belt - Karini Butiik","description":"As\u00fcmmeetrilise seelikuosaga midikleit, V-kaeluse ja \u00f5lale ulatuva \u00fclaosaga. Komplektis pihav\u00f6\u00f6. Naiselik ja pilkup\u00fc\u00fcdev valik igaks s\u00fcndmuseks.","robots":{"index":"index","follow":"follow","max-snippet":"max-snippet:-1","max-image-preview":"max-image-preview:large","max-video-preview":"max-video-preview:-1"},"canonical":"https:\/\/www.karinibutiik.ee\/en\/product-2\/asymmetric-midi-dress-with-flow\/","og_locale":"en_GB","og_type":"article","og_title":"As\u00fcmeetriline midikleit v\u00f6\u00f6ga - Karini Butiik","og_description":"As\u00fcmmeetrilise seelikuosaga midikleit, V-kaeluse ja \u00f5lale ulatuva \u00fclaosaga. Komplektis pihav\u00f6\u00f6. Naiselik ja pilkup\u00fc\u00fcdev valik igaks s\u00fcndmuseks.","og_url":"https:\/\/www.karinibutiik.ee\/en\/product-2\/asymmetric-midi-dress-with-flow\/","og_site_name":"Karini Butiik","article_publisher":"https:\/\/www.facebook.com\/karinibutiik.ee","article_modified_time":"2026-03-28T08:40:34+00:00","og_image":[{"width":1920,"height":2560,"url":"https:\/\/www.karinibutiik.ee\/wp-content\/uploads\/2025\/08\/1266CB0F-520A-4629-85AE-C4C757A5ED84-scaled.jpeg","type":"image\/jpeg"}],"twitter_card":"summary_large_image","twitter_misc":{"Availability":"In stock"},"schema":{"@context":"https:\/\/schema.org","@graph":[{"@type":"WebPage","@id":"https:\/\/www.karinibutiik.ee\/toode\/asumeetriline-midikleit-vooga\/","url":"https:\/\/www.karinibutiik.ee\/toode\/asumeetriline-midikleit-vooga\/","name":"Asymmetric midi dress with belt - Karini Butiik","isPartOf":{"@id":"https:\/\/www.karinibutiik.ee\/#website"},"primaryImageOfPage":{"@id":"https:\/\/www.karinibutiik.ee\/toode\/asumeetriline-midikleit-vooga\/#primaryimage"},"image":{"@id":"https:\/\/www.karinibutiik.ee\/toode\/asumeetriline-midikleit-vooga\/#primaryimage"},"thumbnailUrl":"https:\/\/www.karinibutiik.ee\/wp-content\/uploads\/2025\/08\/1266CB0F-520A-4629-85AE-C4C757A5ED84-scaled.jpeg","datePublished":"2025-07-13T04:40:34+00:00","dateModified":"2026-03-28T08:40:34+00:00","description":"As\u00fcmmeetrilise seelikuosaga midikleit, V-kaeluse ja \u00f5lale ulatuva \u00fclaosaga. Komplektis pihav\u00f6\u00f6. Naiselik ja pilkup\u00fc\u00fcdev valik igaks s\u00fcndmuseks.","breadcrumb":{"@id":"https:\/\/www.karinibutiik.ee\/toode\/asumeetriline-midikleit-vooga\/#breadcrumb"},"inLanguage":"en-GB","potentialAction":[{"@type":"ReadAction","target":["https:\/\/www.karinibutiik.ee\/toode\/asumeetriline-midikleit-vooga\/"]}]},{"@type":"ImageObject","inLanguage":"en-GB","@id":"https:\/\/www.karinibutiik.ee\/toode\/asumeetriline-midikleit-vooga\/#primaryimage","url":"https:\/\/www.karinibutiik.ee\/wp-content\/uploads\/2025\/08\/1266CB0F-520A-4629-85AE-C4C757A5ED84-scaled.jpeg","contentUrl":"https:\/\/www.karinibutiik.ee\/wp-content\/uploads\/2025\/08\/1266CB0F-520A-4629-85AE-C4C757A5ED84-scaled.jpeg","width":1920,"height":2560},{"@type":"BreadcrumbList","@id":"https:\/\/www.karinibutiik.ee\/toode\/asumeetriline-midikleit-vooga\/#breadcrumb","itemListElement":[{"@type":"ListItem","position":1,"name":"Home","item":"https:\/\/www.karinibutiik.ee\/"},{"@type":"ListItem","position":2,"name":"Pood","item":"https:\/\/www.karinibutiik.ee\/pood\/"},{"@type":"ListItem","position":3,"name":"As\u00fcmeetriline midikleit v\u00f6\u00f6ga"}]},{"@type":"WebSite","@id":"https:\/\/www.karinibutiik.ee\/#website","url":"https:\/\/www.karinibutiik.ee\/","name":"Karini Butiik","description":"","publisher":{"@id":"https:\/\/www.karinibutiik.ee\/#organization"},"potentialAction":[{"@type":"SearchAction","target":{"@type":"EntryPoint","urlTemplate":"https:\/\/www.karinibutiik.ee\/?s={search_term_string}"},"query-input":{"@type":"PropertyValueSpecification","valueRequired":true,"valueName":"search_term_string"}}],"inLanguage":"en-GB"},{"@type":"Organization","@id":"https:\/\/www.karinibutiik.ee\/#organization","name":"Karini Butiik","url":"https:\/\/www.karinibutiik.ee\/","logo":{"@type":"ImageObject","inLanguage":"en-GB","@id":"https:\/\/www.karinibutiik.ee\/#\/schema\/logo\/image\/","url":"https:\/\/www.karinibutiik.ee\/wp-content\/uploads\/2024\/10\/Kuj.-K-koopia.png","contentUrl":"https:\/\/www.karinibutiik.ee\/wp-content\/uploads\/2024\/10\/Kuj.-K-koopia.png","width":500,"height":500,"caption":"Karini Butiik"},"image":{"@id":"https:\/\/www.karinibutiik.ee\/#\/schema\/logo\/image\/"},"sameAs":["https:\/\/www.facebook.com\/karinibutiik.ee","https:\/\/www.instagram.com\/karinibutiik"]}]},"og_availability":"instock","product_availability":"instock","product_retailer_item_id":"0013","product_condition":"new"},"_links":{"self":[{"href":"https:\/\/www.karinibutiik.ee\/en\/wp-json\/wp\/v2\/product\/9432","targetHints":{"allow":["GET"]}}],"collection":[{"href":"https:\/\/www.karinibutiik.ee\/en\/wp-json\/wp\/v2\/product"}],"about":[{"href":"https:\/\/www.karinibutiik.ee\/en\/wp-json\/wp\/v2\/types\/product"}],"version-history":[{"count":4,"href":"https:\/\/www.karinibutiik.ee\/en\/wp-json\/wp\/v2\/product\/9432\/revisions"}],"predecessor-version":[{"id":23466,"href":"https:\/\/www.karinibutiik.ee\/en\/wp-json\/wp\/v2\/product\/9432\/revisions\/23466"}],"wp:featuredmedia":[{"embeddable":true,"href":"https:\/\/www.karinibutiik.ee\/en\/wp-json\/wp\/v2\/media\/23873"}],"wp:attachment":[{"href":"https:\/\/www.karinibutiik.ee\/en\/wp-json\/wp\/v2\/media?parent=9432"}],"wp:term":[{"taxonomy":"product_brand","embeddable":true,"href":"https:\/\/www.karinibutiik.ee\/en\/wp-json\/wp\/v2\/product_brand?post=9432"},{"taxonomy":"product_cat","embeddable":true,"href":"https:\/\/www.karinibutiik.ee\/en\/wp-json\/wp\/v2\/product_cat?post=9432"},{"taxonomy":"product_tag","embeddable":true,"href":"https:\/\/www.karinibutiik.ee\/en\/wp-json\/wp\/v2\/product_tag?post=9432"}],"curies":[{"name":"wp","href":"https:\/\/api.w.org\/{rel}","templated":true}]}}