{"id":10,"date":"2024-03-15T11:16:46","date_gmt":"2024-03-15T11:16:46","guid":{"rendered":"https:\/\/www.karinibutiik.ee\/?page_id=10"},"modified":"2024-04-02T06:49:15","modified_gmt":"2024-04-02T06:49:15","slug":"mugipolitika","status":"publish","type":"page","link":"https:\/\/www.karinibutiik.ee\/lt\/mugipolitika\/","title":{"rendered":"Pardavimo s\u0105lygos"},"content":{"rendered":"<div data-elementor-type=\"wp-page\" data-elementor-id=\"10\" class=\"elementor elementor-10\" data-elementor-post-type=\"page\">\n\t\t\t\t<div class=\"elementor-element elementor-element-e51b91c e-flex e-con-boxed e-con e-parent\" data-id=\"e51b91c\" data-element_type=\"container\">\n\t\t\t\t\t<div class=\"e-con-inner\">\n\t\t<div class=\"elementor-element elementor-element-19aadfd e-con-full e-flex e-con e-child\" data-id=\"19aadfd\" data-element_type=\"container\">\n\t\t\t\t<div class=\"elementor-element elementor-element-234895f elementor-widget elementor-widget-text-editor\" data-id=\"234895f\" data-element_type=\"widget\" data-widget_type=\"text-editor.default\">\n\t\t\t\t<div class=\"elementor-widget-container\">\n\t\t\t\t\t\t\t\t\t<p>Pardavimo s\u0105lygos<\/p>\t\t\t\t\t\t\t\t<\/div>\n\t\t\t\t<\/div>\n\t\t\t\t<div class=\"elementor-element elementor-element-a20d6a8 elementor-widget elementor-widget-text-editor\" data-id=\"a20d6a8\" data-element_type=\"widget\" data-widget_type=\"text-editor.default\">\n\t\t\t\t<div class=\"elementor-widget-container\">\n\t\t\t\t\t\t\t\t\t<p><b>Internetin\u0117s parduotuv\u0117s KariniButiik.ee (toliau - Internetin\u0117 parduotuv\u0117) savininkas yra O\u00dc K&amp;N (registracijos kodas 12920674), \u012fsik\u016brusi Suve 2 Taline.<\/b><\/p>\n<p><b>Pardavimo s\u0105lyg\u0173 galiojimas<\/b><\/p>\n<p><span style=\"font-weight: 400\">\u0160ios pardavimo s\u0105lygos taikomos perkant prekes ir paslaugas i\u0161 internetin\u0117s parduotuv\u0117s KARINIBUTIIK.EE tarp pirk\u0117jo (toliau - vartotojas) ir bendrov\u0117s K&amp;N O\u00dc (toliau - internetin\u0117 parduotuv\u0117 KARINIBUTIIK.EE).<\/span><\/p>\n<p><span style=\"font-weight: 400\">Be \u0161i\u0173 s\u0105lyg\u0173, teisinius santykius, atsirandan\u010dius perkant prekes i\u0161 KARINIBUTIIK.EE internetin\u0117s parduotuv\u0117s, reglamentuoja \u012estatymas d\u0117l prievoli\u0173 teis\u0117s (toliau - \u012eP\u012e), Vartotoj\u0173 apsaugos \u012fstatymas (toliau - VTA\u012e) ir kiti Estijos Respublikoje galiojantys teis\u0117s aktai.<\/span><\/p>\n<p><span style=\"font-weight: 400\">Internetin\u0117 parduotuv\u0117 KARINIBUTIIK.EE pasilieka teis\u0119 keisti pardavimo s\u0105lygas. \u0160ie pakeitimai bus atspind\u0117ti interneto svetain\u0117je www.karinibutiik.ee.<\/span><\/p>\n<p><b>Informacija apie kain\u0105<\/b><\/p>\n<p><span style=\"font-weight: 400\">Visos KARINIBUTIIK.EE kainos nurodytos eurais su PVM.<\/span><\/p>\n<p><span style=\"font-weight: 400\">\u012e pirkini\u0173 kain\u0105 \u012fskai\u010diuojamos transportavimo i\u0161laidos, atsi\u017evelgiant \u012f vartotojo pasirinkt\u0105 pristatymo b\u016bd\u0105.<\/span><\/p>\n<p><span style=\"font-weight: 400\">Kainos galioja nuo u\u017esakymo pateikimo iki pateikto u\u017esakymo apmok\u0117jimo termino pabaigos (1 diena po u\u017esakymo pateikimo).<\/span><\/p>\n<p><span style=\"font-weight: 400\">Jei u\u017esakymas pateikiamas iki pardavimo s\u0105lyg\u0173 ar kain\u0173 pakeitimo, teisiniams santykiams tarp vartotojo ir \"K&amp;N O\u00dc\" taikomos u\u017esakymo pateikimo metu galiojusios s\u0105lygos.<\/span><\/p>\n<p><span style=\"font-weight: 400\">Internetin\u0117 parduotuv\u0117 KARINIBUTIIK.EE pasilieka teis\u0119 keisti pardavimo kainas. \u0160ie pakeitimai bus atspind\u0117ti interneto svetain\u0117je www.karinibutiik.ee.<\/span><\/p>\n<p><b>U\u017esakymo pateikimas<\/b><\/p>\n<p><span style=\"font-weight: 400\">Nor\u0117dami u\u017esakyti, \u012f pirkini\u0173 krep\u0161el\u012f turite \u012ftraukti norimus produktus. Nor\u0117dami pateikti u\u017esakym\u0105, turite u\u017epildyti reikiamus laukus ir pasirinkti tinkam\u0105 pristatymo b\u016bd\u0105. Tuomet ekrane rodoma mokes\u010dio suma, kuri\u0105 galima sumok\u0117ti banko pavedimu arba kitu mok\u0117jimo b\u016bdu. I\u0161sami\u0105 informacij\u0105 apie mok\u0117jim\u0105 eurais, \u012fskaitant visus taikomus nacionalinius mokes\u010dius ir papildomus mokes\u010dius, rasite ekrane rodomoje s\u0105skaitoje fakt\u016broje po to, kai u\u017esakymas bus patvirtintas. U\u017esakymo patvirtinimas kartu su s\u0105skaita fakt\u016bra taip pat bus i\u0161si\u0173stas j\u016bs\u0173 u\u017eregistruotu el. pa\u0161to adresu.<\/span><\/p>\n<p><span style=\"font-weight: 400\">Atid\u017eiai u\u017epildykite i\u0161samios informacijos ir u\u017esakymo patvirtinimo puslapio laukus, nes nuo pateiktos informacijos tikslumo ir teisingumo priklausys greitas ir sklandus \u012fsigyt\u0173 produkt\u0173 pristatymas bei v\u0117lesnis gin\u010d\u0173 ir pretenzij\u0173 sprendimas.<\/span><\/p>\n<p><span style=\"font-weight: 400\">Sutartis \u012fsigalioja nuo tos dienos, kai \u012f internetin\u0117s parduotuv\u0117s atsiskaitom\u0105j\u0105 s\u0105skait\u0105 gaunama mok\u0117tina suma.<\/span><\/p>\n<p><span style=\"font-weight: 400\">Jei u\u017esakytos prek\u0117s negali b\u016bti pristatytos d\u0117l pasibaigusio preki\u0173 galiojimo termino arba d\u0117l bet kokios kitos prie\u017easties, pirk\u0117jas bus informuotas kaip galima grei\u010diau, o sumok\u0117ti pinigai (\u012fskaitant pristatymo i\u0161laidas) bus gr\u0105\u017einti paprastai per 1-2 darbo dienas. Priklausomai nuo mok\u0117jimo b\u016bdo, mok\u0117jimas gali u\u017etrukti iki 7 darbo dien\u0173.<\/span><\/p>\n<p><span style=\"font-weight: 400\">U\u017esakymai, pateikti internetin\u0117je parduotuv\u0117je, bus vykdomi darbo dienomis (pirmadieniais-penktadieniais 10.00-17.00 val.). Jei u\u017esakymas pateikiamas penktadien\u012f po 15.00 val., jis bus \u012fvykdytas kit\u0105 pirmadien\u012f.<\/span><\/p>\n<p><span style=\"font-weight: 400\">Internetin\u0117 parduotuv\u0117 turi teis\u0119 atsisakyti pardavimo ir reikalauti, kad pirk\u0117jas gr\u0105\u017eint\u0173 prekes, jei preki\u0173 kaina internetin\u0117je parduotuv\u0117je d\u0117l klaidos buvo nurodyta gerokai ma\u017eesn\u0117 u\u017e rinkos kain\u0105.<\/span><\/p>\n<p><b>Pirkimo-pardavimo sutarties \u012fsigaliojimas<\/b><\/p>\n<p><span style=\"font-weight: 400\">Preki\u0173 pirkimo-pardavimo sutartimi internetin\u0117 parduotuv\u0117 KARINIBUTIIK.EE \u012fsipareigoja perduoti Vartotojui turimas, pagamintas ar ateityje \u012fsigytinas Prekes ir sudaryti s\u0105lygas perduoti nuosavyb\u0117s teis\u0119 Vartotojui, o Vartotojas \u012fsipareigoja sumok\u0117ti internetinei parduotuvei KARINIBUTIIK.EE s\u0105skaitoje fakt\u016broje u\u017e Prekes nurodyt\u0105 sum\u0105 ir priimti Prekes.<\/span><\/p>\n<p><span style=\"font-weight: 400\">U\u017esakymai, u\u017e kuriuos nebuvo sumok\u0117ta, bus at\u0161aukti pra\u0117jus 1 dienai po u\u017esakymo pateikimo.<\/span><\/p>\n<p><span style=\"font-weight: 400\">Pirkimo-pardavimo sutartis \u012fsigalioja po to, kai Vartotojo atliktas mok\u0117jimas \u012fskaitomas \u012f \"K&amp;N O\u00dc\" banko s\u0105skait\u0105.<\/span><\/p>\n<p><b>Pristatymas \u012f<\/b><\/p>\n<p><span style=\"font-weight: 400\">Prek\u0117s siun\u010diamos \u012f Estij\u0105, Latvij\u0105, Lietuv\u0105, Suomij\u0105, \u0160vedij\u0105, Suomij\u0105, \u0160vedij\u0105 ir \u0160veicarij\u0105.<\/span><\/p>\n<p><span style=\"font-weight: 400\">Siuntimo i\u0161laidas apmoka pirk\u0117jas, o atitinkama informacija apie kain\u0105 rodoma prie siuntimo b\u016bdo.<\/span><\/p>\n<p><span style=\"font-weight: 400\">Siuntos Estijoje paprastai pasiekia pirk\u0117jo nurodyt\u0105 paskirties viet\u0105 per 1-3 darbo dienas nuo pirkimo-pardavimo sutarties \u012fsigaliojimo. U\u017e Estijos rib\u0173 prek\u0117s pristatomos per 3-7 kalendorines dienas. I\u0161imtiniais atvejais suteikiama teis\u0117 pristatyti prekes per iki 30 kalendorini\u0173 dien\u0173.<\/span><\/p>\n<p><span style=\"font-weight: 400\">Internetin\u0117 parduotuv\u0117 KARINIBUTIIK.EE neatsako u\u017e preki\u0173 pristatymo v\u0117lavim\u0105, jei prek\u0117s buvo pristatytos logistikos partneriams laiku, ta\u010diau pristatymas v\u0117lavo d\u0117l aplinkybi\u0173, kuri\u0173 internetin\u0117 parduotuv\u0117 KARINIBUTIIK.EE negal\u0117jo \u012ftakoti ar numatyti.<\/span><\/p>\n<p><b>Nei\u0161matuojama j\u0117ga<\/b><\/p>\n<p><span style=\"font-weight: 400\">Internetin\u0117 parduotuv\u0117 KARINIBUTIIK.EE neatsako u\u017e Pirk\u0117jui padaryt\u0105 \u017eal\u0105 arba u\u017e preki\u0173 pristatymo v\u0117lavim\u0105, jei \u017eala arba preki\u0173 pristatymo v\u0117lavimas atsirado d\u0117l aplinkybi\u0173, kuri\u0173 internetin\u0117 parduotuv\u0117 KARINIBUTIIK.EE negal\u0117jo \u012ftakoti ar numatyti.<\/span><\/p>\n<p><span style=\"font-weight: 400\">KARINIBUTIIK.EE internetin\u0117 parduotuv\u0117 neatsako u\u017e spalv\u0173 skirtumus, atsirandan\u010dius d\u0117l ekrano nustatym\u0173.<\/span><\/p>\n<p><b>Asmens duomen\u0173 tvarkymas<\/b><\/p>\n<p><span style=\"font-weight: 400\">\u012evesdamas duomenis internetin\u0117je parduotuv\u0117je ir pateikdamas atitinkam\u0105 patvirtinim\u0105, vartotojas suteikia teis\u0119 rinkti ir tvarkyti vartotojo asmens duomenis (vard\u0105, pavard\u0119, kontaktin\u012f telefono numer\u012f, pristatymo ir (arba) nam\u0173 adres\u0105, el. pa\u0161to adres\u0105) ir perduoti asmens duomenis logistikos partneriui, kad \u0161is pristatyt\u0173 prekes.<\/span><\/p>\n<p><span style=\"font-weight: 400\">Internetin\u0117 parduotuv\u0117 KARINIBUTIIK.EE turi teis\u0119 naudoti Vartotojo gyvenamosios vietos ar \u012fmon\u0117s adres\u0105, kad gal\u0117t\u0173 si\u0173sti Vartotojui reklam\u0105 ir kit\u0105 informacij\u0105.<\/span><\/p>\n<p><span style=\"font-weight: 400\">Vartotojas turi teis\u0119 bet kuriuo metu nesutikti, kad b\u016bt\u0173 renkami ir naudojami jo asmens duomenys, i\u0161skyrus atvejus, kai tai yra b\u016btina siekiant i\u0161ie\u0161koti i\u0161 sutarties kylant\u012f reikalavim\u0105 arba pristatyti prekes.<\/span><\/p>\n<p><span style=\"font-weight: 400\">Elektroniniai asmens duomenys tiesioginio siuntimo tikslais bus naudojami tik tuo atveju, jei vartotojas dav\u0117 atskir\u0105 sutikim\u0105 interneto svetain\u0117je KARINIBUTIIK.EE (tiesioginio siuntimo modulyje).<\/span><\/p>\n<p><span style=\"font-weight: 400\">Mokant u\u017e pirkinius \u0161ifruotas duomen\u0173 perdavimas bankams u\u017etikrina vartotojo asmenin\u0117s bankininkyst\u0117s duomen\u0173, kuri\u0173 \"Veebipoel\" negali gauti, saugum\u0105.<\/span><\/p>\n<p><b>Intelektin\u0117 nuosavyb\u0117 ir jos naudojimas<\/b><\/p>\n<p><span style=\"font-weight: 400\">Visa intelektin\u0117 nuosavyb\u0117, esanti KARINIBUTIIK.EE svetain\u0117je ir \"Facebook\" bei \"Instagram\" gerb\u0117j\u0173 puslapiuose, yra \"K&amp;N O\u00dc\" nuosavyb\u0117 ir saugoma autori\u0173 teisi\u0173 \u012fstatym\u0173.<\/span><\/p>\n<p><span style=\"font-weight: 400\">Be autoriaus sutikimo draud\u017eiama kopijuoti, platinti, skelbti komerciniais tikslais, naudoti \u017einiasklaidoje ar kitaip naudotis intelektine nuosavybe.<\/span><\/p>\n<p><b>Skund\u0173 nagrin\u0117jimo proced\u016bra<\/b><\/p>\n<p><span style=\"font-weight: 400\">Internetin\u0117 parduotuv\u0117 atsako u\u017e pirk\u0117jui parduot\u0173 preki\u0173 neatitikim\u0105 ar tr\u016bkumus, kurie jau egzistavo pristatymo metu ir kurie paai\u0161k\u0117s ne v\u0117liau kaip per dvejus metus nuo preki\u0173 pristatymo pirk\u0117jui. Per \u0161iuos pirmuosius \u0161e\u0161is m\u0117nesius nuo preki\u0173 pristatymo pirk\u0117jui laikoma, kad defektas egzistavo pristatymo metu. U\u017e \u0161ios prezumpcijos paneigim\u0105 atsako internetin\u0117 parduotuv\u0117.<\/span><\/p>\n<p><span style=\"font-weight: 400\">Defekto atveju pirk\u0117jas turi teis\u0119 ne v\u0117liau kaip per du m\u0117nesius kreiptis \u012f internetin\u0119 parduotuv\u0119 el. pa\u0161tu tellimus@karinibutiik.ee arba telefonu +372 56 14 14 97.<\/span><\/p>\n<p><span style=\"font-weight: 400\">Internetin\u0117 parduotuv\u0117 neatsako u\u017e defektus, atsiradusius po to, kai prek\u0117s buvo pristatytos pirk\u0117jui.<\/span><\/p>\n<p><span style=\"font-weight: 400\">Jei i\u0161 internetin\u0117s parduotuv\u0117s \u012fsigytos prek\u0117s turi defekt\u0173, u\u017e kuriuos atsakinga internetin\u0117 parduotuv\u0117, internetin\u0117 parduotuv\u0117 pataisys arba pakeis nekokybi\u0161kas prekes. Jei preki\u0173 ne\u012fmanoma pataisyti arba pakeisti, Internetin\u0117 parduotuv\u0117 gr\u0105\u017eins pirk\u0117jui visus mokes\u010dius u\u017e pirkimo-pardavimo sutart\u012f.<\/span><\/p>\n<p><span style=\"font-weight: 400\">Internetin\u0117 parduotuv\u0117 \u012f vartotojo skund\u0105 atsako ra\u0161tu arba tokia forma, kuri\u0105 galima atkurti ra\u0161tu, per 15 dien\u0173.<\/span><\/p>\n<p><b>Tiesiogin\u0117 rinkodara ir asmens duomen\u0173 tvarkymas<\/b><\/p>\n<p><span style=\"font-weight: 400\">Internetin\u0117 parduotuv\u0117 KARINIBUTIIK.EE naudoja pirk\u0117jo \u012fvestus asmens duomenis (\u012fskaitant vard\u0105, pavard\u0119, telefono numer\u012f, adres\u0105, el. pa\u0161to adres\u0105, banko rekvizitus) tik u\u017esakymui apdoroti ir prek\u0117ms pirk\u0117jui i\u0161si\u0173sti. Internetin\u0117 parduotuv\u0117 KARINIBUTIIK.EE perduoda asmens duomenis transporto paslaugas teikian\u010dioms bendrov\u0117ms, kad gal\u0117t\u0173 pristatyti prekes.<\/span><\/p>\n<p><span style=\"font-weight: 400\">Internetin\u0117 parduotuv\u0117 KARINIBUTIIK.EE siun\u010dia naujienlai\u0161kius ir pasi\u016blymus pirk\u0117jo el. pa\u0161to adresu tik tuo atveju, jei pirk\u0117jas i\u0161rei\u0161k\u0117 savo nor\u0105 juos gauti \u012fvesdamas savo el. pa\u0161to adres\u0105 svetain\u0117je ir nurod\u0117, kad nori gauti tiesioginio pa\u0161to prane\u0161imus.<\/span><\/p>\n<p><span style=\"font-weight: 400\">Pirk\u0117jas gali bet kada atsisakyti gauti pasi\u016blymus ir naujienlai\u0161kius el. pa\u0161tu, apie tai prane\u0161damas mums el. pa\u0161tu arba vykdydamas el. lai\u0161ke, kuriame pateikiami pasi\u016blymai, pateiktus nurodymus.<\/span><\/p>\n<p><b>Gin\u010d\u0173 sprendimas<\/b><\/p>\n<p><span style=\"font-weight: 400\">Jei pirk\u0117jas turi koki\u0173 nors nusiskundim\u0173 d\u0117l internetin\u0117s parduotuv\u0117s, jie tur\u0117t\u0173 b\u016bti siun\u010diami el. pa\u0161tu tellimus@karinibutiik.ee arba telefonu +372 56 14 14 97. Jei pirk\u0117jui ir internetinei parduotuvei nepavyksta i\u0161spr\u0119sti gin\u010do susitarimu, pirk\u0117jas gali kreiptis \u012f Vartotoj\u0173 gin\u010d\u0173 komisij\u0105.&nbsp;<\/span><span style=\"font-weight: 400\">(Endla 10A, 10122 Talinas; tel. 6201 707; el. pa\u0161tas avaldus@komisjon.ee) <\/span><span style=\"font-weight: 400\">Susipa\u017einti su proced\u016brin\u0117mis s\u0105lygomis ir pateikti parai\u0161k\u0105 galite. <\/span><strong><a href=\"https:\/\/komisjon.ee\/et\">\u010dia.<\/a><\/strong><span style=\"font-weight: 400\"><strong>&nbsp;<\/strong>Vartotoj\u0173 gin\u010d\u0173 komisija yra kompetentinga spr\u0119sti gin\u010dus, kylan\u010dius i\u0161 sutarties, sudarytos tarp pirk\u0117jo ir internetin\u0117s parduotuv\u0117s. Komisija pirk\u0117jo skund\u0105 nagrin\u0117ja nemokamai.<\/span><\/p>\n<p><span style=\"font-weight: 400\">Pirk\u0117jas gali kreiptis \u012f Europos S\u0105jungos vartotoj\u0173 gin\u010d\u0173 sprendimo platform\u0105&nbsp;<\/span><strong><a href=\"https:\/\/ec.europa.eu\/consumers\/odr\/main\/index.cfm?event=main.home.chooseLanguage\">\u010dia<\/a>.<\/strong><\/p>\t\t\t\t\t\t\t\t<\/div>\n\t\t\t\t<\/div>\n\t\t\t\t<\/div>\n\t\t\t\t\t<\/div>\n\t\t\t\t<\/div>\n\t\t\t\t<\/div>","protected":false},"excerpt":{"rendered":"<p>M\u00fc\u00fcgitingimused Veebipoe KariniButiik.ee (edaspidi Veebipood) omanik on O\u00dc K&amp;N (registrikood 12920674), asukohaga Suve 2 Tallinn. M\u00fc\u00fcgitingimuste kehtivus M\u00fc\u00fcgitingimused kehtivad KARINIBUTIIK.EE [&hellip;]<\/p>\n","protected":false},"author":3,"featured_media":0,"parent":0,"menu_order":0,"comment_status":"closed","ping_status":"closed","template":"elementor_header_footer","meta":{"site-sidebar-layout":"default","site-content-layout":"","ast-site-content-layout":"default","site-content-style":"default","site-sidebar-style":"default","ast-global-header-display":"","ast-banner-title-visibility":"","ast-main-header-display":"","ast-hfb-above-header-display":"","ast-hfb-below-header-display":"","ast-hfb-mobile-header-display":"","site-post-title":"","ast-breadcrumbs-content":"","ast-featured-img":"","footer-sml-layout":"","ast-disable-related-posts":"","theme-transparent-header-meta":"","adv-header-id-meta":"","stick-header-meta":"","header-above-stick-meta":"","header-main-stick-meta":"","header-below-stick-meta":"","astra-migrate-meta-layouts":"default","ast-page-background-enabled":"default","ast-page-background-meta":{"desktop":{"background-color":"var(--ast-global-color-4)","background-image":"","background-repeat":"repeat","background-position":"center center","background-size":"auto","background-attachment":"scroll","background-type":"","background-media":"","overlay-type":"","overlay-color":"","overlay-opacity":"","overlay-gradient":""},"tablet":{"background-color":"","background-image":"","background-repeat":"repeat","background-position":"center center","background-size":"auto","background-attachment":"scroll","background-type":"","background-media":"","overlay-type":"","overlay-color":"","overlay-opacity":"","overlay-gradient":""},"mobile":{"background-color":"","background-image":"","background-repeat":"repeat","background-position":"center center","background-size":"auto","background-attachment":"scroll","background-type":"","background-media":"","overlay-type":"","overlay-color":"","overlay-opacity":"","overlay-gradient":""}},"ast-content-background-meta":{"desktop":{"background-color":"var(--ast-global-color-5)","background-image":"","background-repeat":"repeat","background-position":"center center","background-size":"auto","background-attachment":"scroll","background-type":"","background-media":"","overlay-type":"","overlay-color":"","overlay-opacity":"","overlay-gradient":""},"tablet":{"background-color":"var(--ast-global-color-5)","background-image":"","background-repeat":"repeat","background-position":"center center","background-size":"auto","background-attachment":"scroll","background-type":"","background-media":"","overlay-type":"","overlay-color":"","overlay-opacity":"","overlay-gradient":""},"mobile":{"background-color":"var(--ast-global-color-5)","background-image":"","background-repeat":"repeat","background-position":"center center","background-size":"auto","background-attachment":"scroll","background-type":"","background-media":"","overlay-type":"","overlay-color":"","overlay-opacity":"","overlay-gradient":""}},"footnotes":""},"class_list":["post-10","page","type-page","status-publish","hentry"],"yoast_head":"<!-- This site is optimized with the Yoast SEO plugin v26.9 - https:\/\/yoast.com\/product\/yoast-seo-wordpress\/ -->\n<title>M\u00fc\u00fcgitingimused - Karini Butiik<\/title>\n<meta name=\"robots\" content=\"index, follow, max-snippet:-1, max-image-preview:large, max-video-preview:-1\" \/>\n<link rel=\"canonical\" href=\"https:\/\/www.karinibutiik.ee\/lt\/mugipolitika\/\" \/>\n<meta property=\"og:locale\" content=\"lt_LT\" \/>\n<meta property=\"og:type\" content=\"article\" \/>\n<meta property=\"og:title\" content=\"M\u00fc\u00fcgitingimused - Karini Butiik\" \/>\n<meta property=\"og:description\" content=\"M\u00fc\u00fcgitingimused Veebipoe KariniButiik.ee (edaspidi Veebipood) omanik on O\u00dc K&amp;N (registrikood 12920674), asukohaga Suve 2 Tallinn. M\u00fc\u00fcgitingimuste kehtivus M\u00fc\u00fcgitingimused kehtivad KARINIBUTIIK.EE [&hellip;]\" \/>\n<meta property=\"og:url\" content=\"https:\/\/www.karinibutiik.ee\/lt\/mugipolitika\/\" \/>\n<meta property=\"og:site_name\" content=\"Karini Butiik\" \/>\n<meta property=\"article:publisher\" content=\"https:\/\/www.facebook.com\/karinibutiik.ee\" \/>\n<meta property=\"article:modified_time\" content=\"2024-04-02T06:49:15+00:00\" \/>\n<meta property=\"og:image\" content=\"https:\/\/www.karinibutiik.ee\/wp-content\/uploads\/2024\/10\/Karinibutiikavaleht.png\" \/>\n\t<meta property=\"og:image:width\" content=\"1209\" \/>\n\t<meta property=\"og:image:height\" content=\"835\" \/>\n\t<meta property=\"og:image:type\" content=\"image\/png\" \/>\n<meta name=\"twitter:card\" content=\"summary_large_image\" \/>\n<meta name=\"twitter:label1\" content=\"Est. reading time\" \/>\n\t<meta name=\"twitter:data1\" content=\"6 minut\u0117s\" \/>\n<script type=\"application\/ld+json\" class=\"yoast-schema-graph\">{\"@context\":\"https:\/\/schema.org\",\"@graph\":[{\"@type\":\"WebPage\",\"@id\":\"https:\/\/www.karinibutiik.ee\/muugipoliitika\/\",\"url\":\"https:\/\/www.karinibutiik.ee\/muugipoliitika\/\",\"name\":\"M\u00fc\u00fcgitingimused - Karini Butiik\",\"isPartOf\":{\"@id\":\"https:\/\/www.karinibutiik.ee\/#website\"},\"datePublished\":\"2024-03-15T11:16:46+00:00\",\"dateModified\":\"2024-04-02T06:49:15+00:00\",\"breadcrumb\":{\"@id\":\"https:\/\/www.karinibutiik.ee\/muugipoliitika\/#breadcrumb\"},\"inLanguage\":\"lt-LT\",\"potentialAction\":[{\"@type\":\"ReadAction\",\"target\":[\"https:\/\/www.karinibutiik.ee\/muugipoliitika\/\"]}]},{\"@type\":\"BreadcrumbList\",\"@id\":\"https:\/\/www.karinibutiik.ee\/muugipoliitika\/#breadcrumb\",\"itemListElement\":[{\"@type\":\"ListItem\",\"position\":1,\"name\":\"Home\",\"item\":\"https:\/\/www.karinibutiik.ee\/\"},{\"@type\":\"ListItem\",\"position\":2,\"name\":\"M\u00fc\u00fcgitingimused\"}]},{\"@type\":\"WebSite\",\"@id\":\"https:\/\/www.karinibutiik.ee\/#website\",\"url\":\"https:\/\/www.karinibutiik.ee\/\",\"name\":\"Karini Butiik\",\"description\":\"\",\"publisher\":{\"@id\":\"https:\/\/www.karinibutiik.ee\/#organization\"},\"potentialAction\":[{\"@type\":\"SearchAction\",\"target\":{\"@type\":\"EntryPoint\",\"urlTemplate\":\"https:\/\/www.karinibutiik.ee\/?s={search_term_string}\"},\"query-input\":{\"@type\":\"PropertyValueSpecification\",\"valueRequired\":true,\"valueName\":\"search_term_string\"}}],\"inLanguage\":\"lt-LT\"},{\"@type\":\"Organization\",\"@id\":\"https:\/\/www.karinibutiik.ee\/#organization\",\"name\":\"Karini Butiik\",\"url\":\"https:\/\/www.karinibutiik.ee\/\",\"logo\":{\"@type\":\"ImageObject\",\"inLanguage\":\"lt-LT\",\"@id\":\"https:\/\/www.karinibutiik.ee\/#\/schema\/logo\/image\/\",\"url\":\"https:\/\/www.karinibutiik.ee\/wp-content\/uploads\/2024\/10\/Kuj.-K-koopia.png\",\"contentUrl\":\"https:\/\/www.karinibutiik.ee\/wp-content\/uploads\/2024\/10\/Kuj.-K-koopia.png\",\"width\":500,\"height\":500,\"caption\":\"Karini Butiik\"},\"image\":{\"@id\":\"https:\/\/www.karinibutiik.ee\/#\/schema\/logo\/image\/\"},\"sameAs\":[\"https:\/\/www.facebook.com\/karinibutiik.ee\",\"https:\/\/www.instagram.com\/karinibutiik\"]}]}<\/script>\n<!-- \/ Yoast SEO plugin. -->","yoast_head_json":{"title":"Pardavimo s\u0105lygos - Karini Butiik","robots":{"index":"index","follow":"follow","max-snippet":"max-snippet:-1","max-image-preview":"max-image-preview:large","max-video-preview":"max-video-preview:-1"},"canonical":"https:\/\/www.karinibutiik.ee\/lt\/mugipolitika\/","og_locale":"lt_LT","og_type":"article","og_title":"M\u00fc\u00fcgitingimused - Karini Butiik","og_description":"M\u00fc\u00fcgitingimused Veebipoe KariniButiik.ee (edaspidi Veebipood) omanik on O\u00dc K&amp;N (registrikood 12920674), asukohaga Suve 2 Tallinn. M\u00fc\u00fcgitingimuste kehtivus M\u00fc\u00fcgitingimused kehtivad KARINIBUTIIK.EE [&hellip;]","og_url":"https:\/\/www.karinibutiik.ee\/lt\/mugipolitika\/","og_site_name":"Karini Butiik","article_publisher":"https:\/\/www.facebook.com\/karinibutiik.ee","article_modified_time":"2024-04-02T06:49:15+00:00","og_image":[{"width":1209,"height":835,"url":"https:\/\/www.karinibutiik.ee\/wp-content\/uploads\/2024\/10\/Karinibutiikavaleht.png","type":"image\/png"}],"twitter_card":"summary_large_image","twitter_misc":{"Est. reading time":"6 minut\u0117s"},"schema":{"@context":"https:\/\/schema.org","@graph":[{"@type":"WebPage","@id":"https:\/\/www.karinibutiik.ee\/muugipoliitika\/","url":"https:\/\/www.karinibutiik.ee\/muugipoliitika\/","name":"Pardavimo s\u0105lygos - Karini Butiik","isPartOf":{"@id":"https:\/\/www.karinibutiik.ee\/#website"},"datePublished":"2024-03-15T11:16:46+00:00","dateModified":"2024-04-02T06:49:15+00:00","breadcrumb":{"@id":"https:\/\/www.karinibutiik.ee\/muugipoliitika\/#breadcrumb"},"inLanguage":"lt-LT","potentialAction":[{"@type":"ReadAction","target":["https:\/\/www.karinibutiik.ee\/muugipoliitika\/"]}]},{"@type":"BreadcrumbList","@id":"https:\/\/www.karinibutiik.ee\/muugipoliitika\/#breadcrumb","itemListElement":[{"@type":"ListItem","position":1,"name":"Home","item":"https:\/\/www.karinibutiik.ee\/"},{"@type":"ListItem","position":2,"name":"M\u00fc\u00fcgitingimused"}]},{"@type":"WebSite","@id":"https:\/\/www.karinibutiik.ee\/#website","url":"https:\/\/www.karinibutiik.ee\/","name":"Karini Butiik","description":"","publisher":{"@id":"https:\/\/www.karinibutiik.ee\/#organization"},"potentialAction":[{"@type":"SearchAction","target":{"@type":"EntryPoint","urlTemplate":"https:\/\/www.karinibutiik.ee\/?s={search_term_string}"},"query-input":{"@type":"PropertyValueSpecification","valueRequired":true,"valueName":"search_term_string"}}],"inLanguage":"lt-LT"},{"@type":"Organization","@id":"https:\/\/www.karinibutiik.ee\/#organization","name":"Karini Butiik","url":"https:\/\/www.karinibutiik.ee\/","logo":{"@type":"ImageObject","inLanguage":"lt-LT","@id":"https:\/\/www.karinibutiik.ee\/#\/schema\/logo\/image\/","url":"https:\/\/www.karinibutiik.ee\/wp-content\/uploads\/2024\/10\/Kuj.-K-koopia.png","contentUrl":"https:\/\/www.karinibutiik.ee\/wp-content\/uploads\/2024\/10\/Kuj.-K-koopia.png","width":500,"height":500,"caption":"Karini Butiik"},"image":{"@id":"https:\/\/www.karinibutiik.ee\/#\/schema\/logo\/image\/"},"sameAs":["https:\/\/www.facebook.com\/karinibutiik.ee","https:\/\/www.instagram.com\/karinibutiik"]}]}},"_links":{"self":[{"href":"https:\/\/www.karinibutiik.ee\/lt\/wp-json\/wp\/v2\/pages\/10","targetHints":{"allow":["GET"]}}],"collection":[{"href":"https:\/\/www.karinibutiik.ee\/lt\/wp-json\/wp\/v2\/pages"}],"about":[{"href":"https:\/\/www.karinibutiik.ee\/lt\/wp-json\/wp\/v2\/types\/page"}],"author":[{"embeddable":true,"href":"https:\/\/www.karinibutiik.ee\/lt\/wp-json\/wp\/v2\/users\/3"}],"replies":[{"embeddable":true,"href":"https:\/\/www.karinibutiik.ee\/lt\/wp-json\/wp\/v2\/comments?post=10"}],"version-history":[{"count":102,"href":"https:\/\/www.karinibutiik.ee\/lt\/wp-json\/wp\/v2\/pages\/10\/revisions"}],"predecessor-version":[{"id":4570,"href":"https:\/\/www.karinibutiik.ee\/lt\/wp-json\/wp\/v2\/pages\/10\/revisions\/4570"}],"wp:attachment":[{"href":"https:\/\/www.karinibutiik.ee\/lt\/wp-json\/wp\/v2\/media?parent=10"}],"curies":[{"name":"wp","href":"https:\/\/api.w.org\/{rel}","templated":true}]}}