{"id":1044,"date":"2024-03-20T11:22:05","date_gmt":"2024-03-20T11:22:05","guid":{"rendered":"https:\/\/www.karinibutiik.ee\/?page_id=1044"},"modified":"2024-03-27T11:54:08","modified_gmt":"2024-03-27T11:54:08","slug":"grazinimo-salygos","status":"publish","type":"page","link":"https:\/\/www.karinibutiik.ee\/lt\/grazinimo-salygos\/","title":{"rendered":"Gr\u0105\u017einimo s\u0105lygos"},"content":{"rendered":"<div data-elementor-type=\"wp-page\" data-elementor-id=\"1044\" class=\"elementor elementor-1044\" data-elementor-post-type=\"page\">\n\t\t\t\t<div class=\"elementor-element elementor-element-b8ce1d5 e-flex e-con-boxed e-con e-parent\" data-id=\"b8ce1d5\" data-element_type=\"container\">\n\t\t\t\t\t<div class=\"e-con-inner\">\n\t\t<div class=\"elementor-element elementor-element-dc57700 e-con-full e-flex e-con e-child\" data-id=\"dc57700\" data-element_type=\"container\">\n\t\t\t\t<div class=\"elementor-element elementor-element-8fe3cb1 elementor-widget elementor-widget-heading\" data-id=\"8fe3cb1\" data-element_type=\"widget\" data-widget_type=\"heading.default\">\n\t\t\t\t<div class=\"elementor-widget-container\">\n\t\t\t\t\t<h2 class=\"elementor-heading-title elementor-size-default\">Gr\u0105\u017einimo s\u0105lygos<\/h2>\t\t\t\t<\/div>\n\t\t\t\t<\/div>\n\t\t\t\t<div class=\"elementor-element elementor-element-bb5a256 elementor-widget elementor-widget-text-editor\" data-id=\"bb5a256\" data-element_type=\"widget\" data-widget_type=\"text-editor.default\">\n\t\t\t\t<div class=\"elementor-widget-container\">\n\t\t\t\t\t\t\t\t\t<p><b>Sutarties atsisakymas<\/b><\/p><p><span style=\"font-weight: 400;\">Gav\u0119s u\u017esakym\u0105, vartotojas turi teis\u0119 per 14 dien\u0173 atsisakyti elektronin\u0117je parduotuv\u0117je sudarytos sutarties nenurodydamas prie\u017easties. 14 dien\u0173 teis\u0117 atsisakyti sutarties netaikoma, jei vartotojas atidar\u0117 prek\u0119, pristatyt\u0105 u\u017edaroje pakuot\u0117je, kuri netinkama gr\u0105\u017einti d\u0117l sveikatos ar higienos prie\u017eas\u010di\u0173, arba jei prek\u0117s ar paslaugos d\u0117l savo pob\u016bd\u017eio negali b\u016bti gr\u0105\u017einamos, kaip apibr\u0117\u017eta VP\u012e 53 straipsnio 4 dalyje (pavyzd\u017eiui, apatinis trikota\u017eas, liemen\u0117l\u0117s, maudymosi kostium\u0117liai ir maudymosi kostium\u0117liai, kojin\u0117s, kosmetika atvirose pakuot\u0117se, kvepalai, tualeto reikmenys, antklod\u0117s ir pagalv\u0117s).<\/span><\/p><p><span style=\"font-weight: 400;\">Teis\u0117 atsisakyti sutarties netaikoma, jei pirk\u0117jas yra juridinis asmuo.<\/span><\/p><p><span style=\"font-weight: 400;\">Gr\u0105\u017eintin\u0173 preki\u0173 kokyb\u0117s pablog\u0117jimo atveju vartotojas atsako u\u017e vert\u0117s suma\u017e\u0117jim\u0105 d\u0117l preki\u0173 naudojimo tik tuo atveju, jei jis naudojo prekes kitaip, nei b\u016btina j\u0173 pob\u016bd\u017eiui, savyb\u0117ms ir veikimui nustatyti. Kad \u012fsitikint\u0173 preki\u0173 pob\u016bd\u017eiu, savyb\u0117mis ir veikimu, vartotojas tur\u0117t\u0173 jas tvarkyti ir naudoti tik taip, kaip jam paprastai leid\u017eiama tai daryti parduotuv\u0117je. (Pavyzd\u017eiui, parduotuv\u0117je galima pasimatuoti drabu\u017eius, ta\u010diau nuo drabu\u017ei\u0173 negalima nuimti etike\u010di\u0173, drabu\u017eiai negali b\u016bti sutepti, sugadinti ar u\u017eter\u0161ti kvepalais, d\u016bmais ar bet kokiu kitu \u012f\u017eeid\u017eian\u010diu kvapu). Tod\u0117l negalima atmesti galimyb\u0117s, kad d\u0117l sugadinimo gaminio vert\u0117 suma\u017e\u0117jo iki nulio, o K&amp;N O\u00dc turi teis\u0119 reikalauti kompensacijos u\u017e suma\u017e\u0117jusi\u0105 vert\u0119. Sugedusios prek\u0117s transportavimo i\u0161laidas apmoka vartotojas.<\/span><\/p><p><span style=\"font-weight: 400;\">Nor\u0117dami gr\u0105\u017einti prekes, turite u\u017epildyti atsisakymo nuo sutarties form\u0105 per 14p nuo preki\u0173 gavimo svetain\u0117je. <\/span><a href=\"http:\/\/www.karinibutiik.ee\/lt\/\"><span style=\"font-weight: 400;\">www.karinibutiik.ee<\/span><\/a><span style=\"font-weight: 400;\"> forma. Atsisakymo form\u0105 rasite \u010dia: <\/span><strong><a href=\"https:\/\/www.karinibutiik.ee\/lt\/tagasta-kaup\/\">Pasitraukimo forma<\/a>\u00a0<\/strong><\/p><p><span style=\"font-weight: 400;\">Vartotojas turi gr\u0105\u017einti prekes per 14 dien\u0173 nuo pra\u0161ymo pateikimo arba pateikti \u012frodym\u0105, kad per min\u0117t\u0105 laikotarp\u012f perdav\u0117 prekes logistikos \u012fmonei. Preki\u0173 gr\u0105\u017einimo i\u0161laidas apmoka pirk\u0117jas, i\u0161skyrus atvejus, kai preki\u0173 gr\u0105\u017einimo prie\u017eastis yra ta, kad gr\u0105\u017eintinos prek\u0117s neatitinka u\u017esakyt\u0173 preki\u0173 (pvz., netinkamos arba nekokybi\u0161kos prek\u0117s).<\/span><\/p><p><span style=\"font-weight: 400;\">\"K&amp;N O\u00dc\", gavusi prane\u0161im\u0105 apie sutarties atsisakym\u0105, nepagr\u012fstai nedelsdama, bet ne v\u0117liau kaip per 14 dien\u0173 nuo prane\u0161imo apie sutarties atsisakym\u0105 gavimo dienos, gr\u0105\u017eina vartotojui visus pagal sutart\u012f i\u0161 vartotojo gautus mokes\u010dius. K&amp;N O\u00dc turi teis\u0119 atid\u0117ti pinig\u0173 gr\u0105\u017einim\u0105, kol Vartotojas gr\u0105\u017eins gamin\u012f arba pateiks \u012frodym\u0105, kad Vartotojas gr\u0105\u017eino gamin\u012f.<\/span><\/p><p><span style=\"font-weight: 400;\">Jei pirk\u0117jas ai\u0161kiai pasirinko kit\u0105 nei internetin\u0117s parduotuv\u0117s si\u016blomas pigiausias pristatymo b\u016bdas, internetin\u0117 parduotuv\u0117 neprivalo atlyginti vartotojui i\u0161laid\u0173, kurios vir\u0161ija \u012fprasto pristatymo b\u016bdo kain\u0105.<\/span><\/p>\t\t\t\t\t\t\t\t<\/div>\n\t\t\t\t<\/div>\n\t\t\t\t<\/div>\n\t\t\t\t\t<\/div>\n\t\t\t\t<\/div>\n\t\t\t\t<\/div>","protected":false},"excerpt":{"rendered":"<p>Tagastustingimused Lepingust taganemine P\u00e4rast tellimuse k\u00e4ttesaamist on Tarbijal \u00f5igus e-poes s\u00f5lmitud lepingust taganeda p\u00f5hjust avaldamata 14 p\u00e4eva jooksul. 14-p\u00e4evane taganemis\u00f5igus [&hellip;]<\/p>\n","protected":false},"author":3,"featured_media":0,"parent":0,"menu_order":0,"comment_status":"closed","ping_status":"closed","template":"elementor_header_footer","meta":{"site-sidebar-layout":"default","site-content-layout":"","ast-site-content-layout":"default","site-content-style":"default","site-sidebar-style":"default","ast-global-header-display":"","ast-banner-title-visibility":"","ast-main-header-display":"","ast-hfb-above-header-display":"","ast-hfb-below-header-display":"","ast-hfb-mobile-header-display":"","site-post-title":"","ast-breadcrumbs-content":"","ast-featured-img":"","footer-sml-layout":"","ast-disable-related-posts":"","theme-transparent-header-meta":"","adv-header-id-meta":"","stick-header-meta":"","header-above-stick-meta":"","header-main-stick-meta":"","header-below-stick-meta":"","astra-migrate-meta-layouts":"default","ast-page-background-enabled":"default","ast-page-background-meta":{"desktop":{"background-color":"var(--ast-global-color-4)","background-image":"","background-repeat":"repeat","background-position":"center center","background-size":"auto","background-attachment":"scroll","background-type":"","background-media":"","overlay-type":"","overlay-color":"","overlay-opacity":"","overlay-gradient":""},"tablet":{"background-color":"","background-image":"","background-repeat":"repeat","background-position":"center center","background-size":"auto","background-attachment":"scroll","background-type":"","background-media":"","overlay-type":"","overlay-color":"","overlay-opacity":"","overlay-gradient":""},"mobile":{"background-color":"","background-image":"","background-repeat":"repeat","background-position":"center center","background-size":"auto","background-attachment":"scroll","background-type":"","background-media":"","overlay-type":"","overlay-color":"","overlay-opacity":"","overlay-gradient":""}},"ast-content-background-meta":{"desktop":{"background-color":"var(--ast-global-color-5)","background-image":"","background-repeat":"repeat","background-position":"center center","background-size":"auto","background-attachment":"scroll","background-type":"","background-media":"","overlay-type":"","overlay-color":"","overlay-opacity":"","overlay-gradient":""},"tablet":{"background-color":"var(--ast-global-color-5)","background-image":"","background-repeat":"repeat","background-position":"center center","background-size":"auto","background-attachment":"scroll","background-type":"","background-media":"","overlay-type":"","overlay-color":"","overlay-opacity":"","overlay-gradient":""},"mobile":{"background-color":"var(--ast-global-color-5)","background-image":"","background-repeat":"repeat","background-position":"center center","background-size":"auto","background-attachment":"scroll","background-type":"","background-media":"","overlay-type":"","overlay-color":"","overlay-opacity":"","overlay-gradient":""}},"footnotes":""},"class_list":["post-1044","page","type-page","status-publish","hentry"],"yoast_head":"<!-- This site is optimized with the Yoast SEO plugin v26.9 - https:\/\/yoast.com\/product\/yoast-seo-wordpress\/ -->\n<title>Tagastustingimused - Karini Butiik<\/title>\n<meta name=\"robots\" content=\"index, follow, max-snippet:-1, max-image-preview:large, max-video-preview:-1\" \/>\n<link rel=\"canonical\" href=\"https:\/\/www.karinibutiik.ee\/lt\/grazinimo-salygos\/\" \/>\n<meta property=\"og:locale\" content=\"lt_LT\" \/>\n<meta property=\"og:type\" content=\"article\" \/>\n<meta property=\"og:title\" content=\"Tagastustingimused - Karini Butiik\" \/>\n<meta property=\"og:description\" content=\"Tagastustingimused Lepingust taganemine P\u00e4rast tellimuse k\u00e4ttesaamist on Tarbijal \u00f5igus e-poes s\u00f5lmitud lepingust taganeda p\u00f5hjust avaldamata 14 p\u00e4eva jooksul. 14-p\u00e4evane taganemis\u00f5igus [&hellip;]\" \/>\n<meta property=\"og:url\" content=\"https:\/\/www.karinibutiik.ee\/lt\/grazinimo-salygos\/\" \/>\n<meta property=\"og:site_name\" content=\"Karini Butiik\" \/>\n<meta property=\"article:publisher\" content=\"https:\/\/www.facebook.com\/karinibutiik.ee\" \/>\n<meta property=\"article:modified_time\" content=\"2024-03-27T11:54:08+00:00\" \/>\n<meta property=\"og:image\" content=\"https:\/\/www.karinibutiik.ee\/wp-content\/uploads\/2024\/10\/Karinibutiikavaleht.png\" \/>\n\t<meta property=\"og:image:width\" content=\"1209\" \/>\n\t<meta property=\"og:image:height\" content=\"835\" \/>\n\t<meta property=\"og:image:type\" content=\"image\/png\" \/>\n<meta name=\"twitter:card\" content=\"summary_large_image\" \/>\n<meta name=\"twitter:label1\" content=\"Est. reading time\" \/>\n\t<meta name=\"twitter:data1\" content=\"2 minut\u0117s\" \/>\n<script type=\"application\/ld+json\" class=\"yoast-schema-graph\">{\"@context\":\"https:\/\/schema.org\",\"@graph\":[{\"@type\":\"WebPage\",\"@id\":\"https:\/\/www.karinibutiik.ee\/tagastustingimused\/\",\"url\":\"https:\/\/www.karinibutiik.ee\/tagastustingimused\/\",\"name\":\"Tagastustingimused - Karini Butiik\",\"isPartOf\":{\"@id\":\"https:\/\/www.karinibutiik.ee\/#website\"},\"datePublished\":\"2024-03-20T11:22:05+00:00\",\"dateModified\":\"2024-03-27T11:54:08+00:00\",\"breadcrumb\":{\"@id\":\"https:\/\/www.karinibutiik.ee\/tagastustingimused\/#breadcrumb\"},\"inLanguage\":\"lt-LT\",\"potentialAction\":[{\"@type\":\"ReadAction\",\"target\":[\"https:\/\/www.karinibutiik.ee\/tagastustingimused\/\"]}]},{\"@type\":\"BreadcrumbList\",\"@id\":\"https:\/\/www.karinibutiik.ee\/tagastustingimused\/#breadcrumb\",\"itemListElement\":[{\"@type\":\"ListItem\",\"position\":1,\"name\":\"Home\",\"item\":\"https:\/\/www.karinibutiik.ee\/\"},{\"@type\":\"ListItem\",\"position\":2,\"name\":\"Tagastustingimused\"}]},{\"@type\":\"WebSite\",\"@id\":\"https:\/\/www.karinibutiik.ee\/#website\",\"url\":\"https:\/\/www.karinibutiik.ee\/\",\"name\":\"Karini Butiik\",\"description\":\"\",\"publisher\":{\"@id\":\"https:\/\/www.karinibutiik.ee\/#organization\"},\"potentialAction\":[{\"@type\":\"SearchAction\",\"target\":{\"@type\":\"EntryPoint\",\"urlTemplate\":\"https:\/\/www.karinibutiik.ee\/?s={search_term_string}\"},\"query-input\":{\"@type\":\"PropertyValueSpecification\",\"valueRequired\":true,\"valueName\":\"search_term_string\"}}],\"inLanguage\":\"lt-LT\"},{\"@type\":\"Organization\",\"@id\":\"https:\/\/www.karinibutiik.ee\/#organization\",\"name\":\"Karini Butiik\",\"url\":\"https:\/\/www.karinibutiik.ee\/\",\"logo\":{\"@type\":\"ImageObject\",\"inLanguage\":\"lt-LT\",\"@id\":\"https:\/\/www.karinibutiik.ee\/#\/schema\/logo\/image\/\",\"url\":\"https:\/\/www.karinibutiik.ee\/wp-content\/uploads\/2024\/10\/Kuj.-K-koopia.png\",\"contentUrl\":\"https:\/\/www.karinibutiik.ee\/wp-content\/uploads\/2024\/10\/Kuj.-K-koopia.png\",\"width\":500,\"height\":500,\"caption\":\"Karini Butiik\"},\"image\":{\"@id\":\"https:\/\/www.karinibutiik.ee\/#\/schema\/logo\/image\/\"},\"sameAs\":[\"https:\/\/www.facebook.com\/karinibutiik.ee\",\"https:\/\/www.instagram.com\/karinibutiik\"]}]}<\/script>\n<!-- \/ Yoast SEO plugin. -->","yoast_head_json":{"title":"Gr\u012f\u017eimo s\u0105lygos - Karini Butiik","robots":{"index":"index","follow":"follow","max-snippet":"max-snippet:-1","max-image-preview":"max-image-preview:large","max-video-preview":"max-video-preview:-1"},"canonical":"https:\/\/www.karinibutiik.ee\/lt\/grazinimo-salygos\/","og_locale":"lt_LT","og_type":"article","og_title":"Tagastustingimused - Karini Butiik","og_description":"Tagastustingimused Lepingust taganemine P\u00e4rast tellimuse k\u00e4ttesaamist on Tarbijal \u00f5igus e-poes s\u00f5lmitud lepingust taganeda p\u00f5hjust avaldamata 14 p\u00e4eva jooksul. 14-p\u00e4evane taganemis\u00f5igus [&hellip;]","og_url":"https:\/\/www.karinibutiik.ee\/lt\/grazinimo-salygos\/","og_site_name":"Karini Butiik","article_publisher":"https:\/\/www.facebook.com\/karinibutiik.ee","article_modified_time":"2024-03-27T11:54:08+00:00","og_image":[{"width":1209,"height":835,"url":"https:\/\/www.karinibutiik.ee\/wp-content\/uploads\/2024\/10\/Karinibutiikavaleht.png","type":"image\/png"}],"twitter_card":"summary_large_image","twitter_misc":{"Est. reading time":"2 minut\u0117s"},"schema":{"@context":"https:\/\/schema.org","@graph":[{"@type":"WebPage","@id":"https:\/\/www.karinibutiik.ee\/tagastustingimused\/","url":"https:\/\/www.karinibutiik.ee\/tagastustingimused\/","name":"Gr\u012f\u017eimo s\u0105lygos - Karini Butiik","isPartOf":{"@id":"https:\/\/www.karinibutiik.ee\/#website"},"datePublished":"2024-03-20T11:22:05+00:00","dateModified":"2024-03-27T11:54:08+00:00","breadcrumb":{"@id":"https:\/\/www.karinibutiik.ee\/tagastustingimused\/#breadcrumb"},"inLanguage":"lt-LT","potentialAction":[{"@type":"ReadAction","target":["https:\/\/www.karinibutiik.ee\/tagastustingimused\/"]}]},{"@type":"BreadcrumbList","@id":"https:\/\/www.karinibutiik.ee\/tagastustingimused\/#breadcrumb","itemListElement":[{"@type":"ListItem","position":1,"name":"Home","item":"https:\/\/www.karinibutiik.ee\/"},{"@type":"ListItem","position":2,"name":"Tagastustingimused"}]},{"@type":"WebSite","@id":"https:\/\/www.karinibutiik.ee\/#website","url":"https:\/\/www.karinibutiik.ee\/","name":"Karini Butiik","description":"","publisher":{"@id":"https:\/\/www.karinibutiik.ee\/#organization"},"potentialAction":[{"@type":"SearchAction","target":{"@type":"EntryPoint","urlTemplate":"https:\/\/www.karinibutiik.ee\/?s={search_term_string}"},"query-input":{"@type":"PropertyValueSpecification","valueRequired":true,"valueName":"search_term_string"}}],"inLanguage":"lt-LT"},{"@type":"Organization","@id":"https:\/\/www.karinibutiik.ee\/#organization","name":"Karini Butiik","url":"https:\/\/www.karinibutiik.ee\/","logo":{"@type":"ImageObject","inLanguage":"lt-LT","@id":"https:\/\/www.karinibutiik.ee\/#\/schema\/logo\/image\/","url":"https:\/\/www.karinibutiik.ee\/wp-content\/uploads\/2024\/10\/Kuj.-K-koopia.png","contentUrl":"https:\/\/www.karinibutiik.ee\/wp-content\/uploads\/2024\/10\/Kuj.-K-koopia.png","width":500,"height":500,"caption":"Karini Butiik"},"image":{"@id":"https:\/\/www.karinibutiik.ee\/#\/schema\/logo\/image\/"},"sameAs":["https:\/\/www.facebook.com\/karinibutiik.ee","https:\/\/www.instagram.com\/karinibutiik"]}]}},"_links":{"self":[{"href":"https:\/\/www.karinibutiik.ee\/lt\/wp-json\/wp\/v2\/pages\/1044","targetHints":{"allow":["GET"]}}],"collection":[{"href":"https:\/\/www.karinibutiik.ee\/lt\/wp-json\/wp\/v2\/pages"}],"about":[{"href":"https:\/\/www.karinibutiik.ee\/lt\/wp-json\/wp\/v2\/types\/page"}],"author":[{"embeddable":true,"href":"https:\/\/www.karinibutiik.ee\/lt\/wp-json\/wp\/v2\/users\/3"}],"replies":[{"embeddable":true,"href":"https:\/\/www.karinibutiik.ee\/lt\/wp-json\/wp\/v2\/comments?post=1044"}],"version-history":[{"count":16,"href":"https:\/\/www.karinibutiik.ee\/lt\/wp-json\/wp\/v2\/pages\/1044\/revisions"}],"predecessor-version":[{"id":1682,"href":"https:\/\/www.karinibutiik.ee\/lt\/wp-json\/wp\/v2\/pages\/1044\/revisions\/1682"}],"wp:attachment":[{"href":"https:\/\/www.karinibutiik.ee\/lt\/wp-json\/wp\/v2\/media?parent=1044"}],"curies":[{"name":"wp","href":"https:\/\/api.w.org\/{rel}","templated":true}]}}