{"id":24607,"date":"2025-10-14T16:15:24","date_gmt":"2025-10-14T13:15:24","guid":{"rendered":"https:\/\/www.karinibutiik.ee\/?page_id=24607"},"modified":"2025-10-14T16:15:24","modified_gmt":"2025-10-14T13:15:24","slug":"maksa-osadena","status":"publish","type":"page","link":"https:\/\/www.karinibutiik.ee\/lt\/maksa-osadena\/","title":{"rendered":"Maksa osadena!"},"content":{"rendered":"<h2 class=\"wp-block-heading\" id=\"h-esto-jarelmaks-ei-soovi-maksta-kogu-summat-korraga-maksa-osamaksete-kaupa\"><strong>ESTO j\u00e4relmaks \u2013 ei soovi maksta kogu summat korraga? Maksa osamaksete kaupa!<\/strong><\/h2>\n\n\n\n<figure class=\"wp-block-image size-large\"><img loading=\"lazy\" decoding=\"async\" width=\"1024\" height=\"186\" src=\"https:\/\/www.karinibutiik.ee\/wp-content\/uploads\/2025\/10\/HP_EE-1-1024x186.png\" alt=\"\" class=\"wp-image-24608\" srcset=\"https:\/\/www.karinibutiik.ee\/wp-content\/uploads\/2025\/10\/HP_EE-1-1024x186.png 1024w, https:\/\/www.karinibutiik.ee\/wp-content\/uploads\/2025\/10\/HP_EE-1-600x109.png 600w, https:\/\/www.karinibutiik.ee\/wp-content\/uploads\/2025\/10\/HP_EE-1-64x12.png 64w, https:\/\/www.karinibutiik.ee\/wp-content\/uploads\/2025\/10\/HP_EE-1-150x27.png 150w, https:\/\/www.karinibutiik.ee\/wp-content\/uploads\/2025\/10\/HP_EE-1-768x139.png 768w, https:\/\/www.karinibutiik.ee\/wp-content\/uploads\/2025\/10\/HP_EE-1-1536x278.png 1536w, https:\/\/www.karinibutiik.ee\/wp-content\/uploads\/2025\/10\/HP_EE-1-18x3.png 18w, https:\/\/www.karinibutiik.ee\/wp-content\/uploads\/2025\/10\/HP_EE-1.png 1920w\" sizes=\"auto, (max-width: 1024px) 100vw, 1024px\" \/><\/figure>\n\n\n\n<p>ESTO j\u00e4relmaks on paindlik makselahendus, mis v\u00f5imaldab jaotada makse mugavalt igakuisteks osamakseteks. Jaota ostusumma mugavalt endale sobiva perioodi peale. Perioodi ja sissemakse suurust saad valida ostu vormistamisel, kui valid kassast ESTO j\u00e4relmaksu.<\/p>\n\n\n\n<p>Kasuta ESTO j\u00e4relmaksu e-poodides ja f\u00fc\u00fcsilistes kauplustes. K\u00f5ik ESTO partnerpoed leiad ESTO Marketist:&nbsp;<a href=\"https:\/\/esto.eu\/ee\/esto-market?lang=et\">https:\/\/esto.eu\/ee\/esto-market<\/a><\/p>\n\n\n\n<p><strong>Kuidas kasutada ESTO j\u00e4relmaksu?<\/strong><\/p>\n\n\n\n<ol class=\"wp-block-list\">\n<li>Lisa vajalikud tooted ostukorvi.<\/li>\n\n\n\n<li>Vali kassas makseviisiks ESTO j\u00e4relmaks.<\/li>\n\n\n\n<li>Vali oma eelistatud tagasimakseperiood vahemikus 3-60 kuud.<\/li>\n\n\n\n<li>Otsuse saad reaalajas.<\/li>\n\n\n\n<li>Positiivse otsuse korral digiallkirjasta leping ID-kaardi, Smart-ID v\u00f5i Mobiil-IDga.<\/li>\n<\/ol>\n\n\n\n<p><strong>ESTO j\u00e4relmaksu pakub ja haldab ESTO AS.&nbsp;<\/strong>ESTO AS j\u00e4relmaksu krediidi kulukuse m\u00e4\u00e4r on 23.63% aastas j\u00e4rgmistel n\u00e4idistingimustel: krediidi summa 1490 EUR, kauba\/teenuse maksumus 1490 EUR, sissemakse 0%, fikseeritud intressim\u00e4\u00e4r 11.90%, lepingutasu 0 EUR, krediidi kogusumma ja tagasimaksete summa 1844.64 EUR eeldusel, et krediit tagastatakse 24 kuu jooksul igakuiste v\u00f5rdsete osamaksetena suuruses 76.86 EUR. Tutvu enne lepingu s\u00f5lmimist tingimustega ja vajadusel konsulteeri spetsialistiga. J\u00e4relmaksu pakub ja haldab ESTO AS.<\/p>\n\n\n\n<hr class=\"wp-block-separator has-alpha-channel-opacity\"\/>\n\n\n\n<h2 class=\"wp-block-heading\" id=\"h-esto-3-makseviis-on-innovatiivne-lahendus-mis-voimaldab-ostu-kinnitada-ja-tasuda-mugavalt-ning-kiirelt-kolmes-vordses-osas-ilma-lisatasudeta\">ESTO 3 makseviis on innovatiivne lahendus, mis v\u00f5imaldab ostu kinnitada ja tasuda mugavalt ning kiirelt \u2013 kolmes v\u00f5rdses osas, ilma lisatasudeta!<\/h2>\n\n\n\n<figure class=\"wp-block-image size-large\"><img loading=\"lazy\" decoding=\"async\" width=\"1024\" height=\"186\" src=\"https:\/\/www.karinibutiik.ee\/wp-content\/uploads\/2025\/10\/ESTO-3-1-1024x186.png\" alt=\"\" class=\"wp-image-24609\" srcset=\"https:\/\/www.karinibutiik.ee\/wp-content\/uploads\/2025\/10\/ESTO-3-1-1024x186.png 1024w, https:\/\/www.karinibutiik.ee\/wp-content\/uploads\/2025\/10\/ESTO-3-1-600x109.png 600w, https:\/\/www.karinibutiik.ee\/wp-content\/uploads\/2025\/10\/ESTO-3-1-64x12.png 64w, https:\/\/www.karinibutiik.ee\/wp-content\/uploads\/2025\/10\/ESTO-3-1-150x27.png 150w, https:\/\/www.karinibutiik.ee\/wp-content\/uploads\/2025\/10\/ESTO-3-1-768x139.png 768w, https:\/\/www.karinibutiik.ee\/wp-content\/uploads\/2025\/10\/ESTO-3-1-1536x278.png 1536w, https:\/\/www.karinibutiik.ee\/wp-content\/uploads\/2025\/10\/ESTO-3-1-18x3.png 18w, https:\/\/www.karinibutiik.ee\/wp-content\/uploads\/2025\/10\/ESTO-3-1.png 1920w\" sizes=\"auto, (max-width: 1024px) 100vw, 1024px\" \/><\/figure>\n\n\n\n<p>ESTO 3 on populaarseim uue p\u00f5lvkonna makseviis. Jaota ostusumma mugavalt 3-ks v\u00f5rdseks osaks. Saa t\u00e4pselt, mida vajad ilma intressi, lisatasu ja sissemakseta.<\/p>\n\n\n\n<p>Kasuta ESTO 3-osalist makseviisi e-poodides ja f\u00fc\u00fcsilistes kauplustes.<\/p>\n\n\n\n<p>K\u00f5ik ESTO partnerpoed leiad ESTO Marketist:&nbsp;<a href=\"https:\/\/esto.eu\/ee\/esto-market?lang=et\">https:\/\/esto.eu\/ee\/esto-market<\/a><\/p>\n\n\n\n<p><strong>Kuidas see toimib?<\/strong><strong><br><\/strong>Valides ESTO 3 makseviisiks saad jagada kogu makse 3-ks v\u00f5rdseks osaks 3 kuu peale ilma igasuguste tasudeta.<\/p>\n\n\n\n<ol class=\"wp-block-list\">\n<li>Lisa vajalikud tooted ostukorvi.<\/li>\n\n\n\n<li>Vali kassas ESTO 3 makseviisiks.<\/li>\n\n\n\n<li>Otsuse saad reaalajas.<\/li>\n\n\n\n<li>Positiivse otsuse korral kinnita ost.<\/li>\n\n\n\n<li>ESTO saadab sulle sinu esimese arve j\u00e4rgmise kuu 15. kuup\u00e4eval.<\/li>\n<\/ol>\n\n\n\n<p>Finantsteenust pakub ESTO AS. Enne lepingu s\u00f5lmimist tutvu tingimustega ja vajaduse korral pea n\u00f5u asjatundjaga. Lisainfo www.esto.ee.<\/p>","protected":false},"excerpt":{"rendered":"<p>ESTO j\u00e4relmaks \u2013 ei soovi maksta kogu summat korraga? Maksa osamaksete kaupa! ESTO j\u00e4relmaks on paindlik makselahendus, mis v\u00f5imaldab jaotada [&hellip;]<\/p>\n","protected":false},"author":198,"featured_media":0,"parent":0,"menu_order":0,"comment_status":"closed","ping_status":"closed","template":"","meta":{"site-sidebar-layout":"default","site-content-layout":"","ast-site-content-layout":"default","site-content-style":"default","site-sidebar-style":"default","ast-global-header-display":"","ast-banner-title-visibility":"","ast-main-header-display":"","ast-hfb-above-header-display":"","ast-hfb-below-header-display":"","ast-hfb-mobile-header-display":"","site-post-title":"","ast-breadcrumbs-content":"","ast-featured-img":"","footer-sml-layout":"","ast-disable-related-posts":"","theme-transparent-header-meta":"","adv-header-id-meta":"","stick-header-meta":"","header-above-stick-meta":"","header-main-stick-meta":"","header-below-stick-meta":"","astra-migrate-meta-layouts":"default","ast-page-background-enabled":"default","ast-page-background-meta":{"desktop":{"background-color":"var(--ast-global-color-4)","background-image":"","background-repeat":"repeat","background-position":"center center","background-size":"auto","background-attachment":"scroll","background-type":"","background-media":"","overlay-type":"","overlay-color":"","overlay-opacity":"","overlay-gradient":""},"tablet":{"background-color":"","background-image":"","background-repeat":"repeat","background-position":"center center","background-size":"auto","background-attachment":"scroll","background-type":"","background-media":"","overlay-type":"","overlay-color":"","overlay-opacity":"","overlay-gradient":""},"mobile":{"background-color":"","background-image":"","background-repeat":"repeat","background-position":"center center","background-size":"auto","background-attachment":"scroll","background-type":"","background-media":"","overlay-type":"","overlay-color":"","overlay-opacity":"","overlay-gradient":""}},"ast-content-background-meta":{"desktop":{"background-color":"var(--ast-global-color-5)","background-image":"","background-repeat":"repeat","background-position":"center center","background-size":"auto","background-attachment":"scroll","background-type":"","background-media":"","overlay-type":"","overlay-color":"","overlay-opacity":"","overlay-gradient":""},"tablet":{"background-color":"var(--ast-global-color-5)","background-image":"","background-repeat":"repeat","background-position":"center center","background-size":"auto","background-attachment":"scroll","background-type":"","background-media":"","overlay-type":"","overlay-color":"","overlay-opacity":"","overlay-gradient":""},"mobile":{"background-color":"var(--ast-global-color-5)","background-image":"","background-repeat":"repeat","background-position":"center center","background-size":"auto","background-attachment":"scroll","background-type":"","background-media":"","overlay-type":"","overlay-color":"","overlay-opacity":"","overlay-gradient":""}},"footnotes":""},"class_list":["post-24607","page","type-page","status-publish","hentry"],"yoast_head":"<!-- This site is optimized with the Yoast SEO plugin v26.9 - https:\/\/yoast.com\/product\/yoast-seo-wordpress\/ -->\n<title>Maksa osadena! - Karini Butiik<\/title>\n<meta name=\"robots\" content=\"index, follow, max-snippet:-1, max-image-preview:large, max-video-preview:-1\" \/>\n<link rel=\"canonical\" href=\"https:\/\/www.karinibutiik.ee\/lt\/maksa-osadena\/\" \/>\n<meta property=\"og:locale\" content=\"lt_LT\" \/>\n<meta property=\"og:type\" content=\"article\" \/>\n<meta property=\"og:title\" content=\"Maksa osadena! - Karini Butiik\" \/>\n<meta property=\"og:description\" content=\"ESTO j\u00e4relmaks \u2013 ei soovi maksta kogu summat korraga? Maksa osamaksete kaupa! ESTO j\u00e4relmaks on paindlik makselahendus, mis v\u00f5imaldab jaotada [&hellip;]\" \/>\n<meta property=\"og:url\" content=\"https:\/\/www.karinibutiik.ee\/lt\/maksa-osadena\/\" \/>\n<meta property=\"og:site_name\" content=\"Karini Butiik\" \/>\n<meta property=\"article:publisher\" content=\"https:\/\/www.facebook.com\/karinibutiik.ee\" \/>\n<meta property=\"og:image\" content=\"https:\/\/www.karinibutiik.ee\/wp-content\/uploads\/2025\/10\/HP_EE-1.png\" \/>\n\t<meta property=\"og:image:width\" content=\"1920\" \/>\n\t<meta property=\"og:image:height\" content=\"348\" \/>\n\t<meta property=\"og:image:type\" content=\"image\/png\" \/>\n<meta name=\"twitter:card\" content=\"summary_large_image\" \/>\n<meta name=\"twitter:label1\" content=\"Est. reading time\" \/>\n\t<meta name=\"twitter:data1\" content=\"2 minut\u0117s\" \/>\n<script type=\"application\/ld+json\" class=\"yoast-schema-graph\">{\"@context\":\"https:\/\/schema.org\",\"@graph\":[{\"@type\":\"WebPage\",\"@id\":\"https:\/\/www.karinibutiik.ee\/maksa-osadena\/\",\"url\":\"https:\/\/www.karinibutiik.ee\/maksa-osadena\/\",\"name\":\"Maksa osadena! - Karini Butiik\",\"isPartOf\":{\"@id\":\"https:\/\/www.karinibutiik.ee\/#website\"},\"primaryImageOfPage\":{\"@id\":\"https:\/\/www.karinibutiik.ee\/maksa-osadena\/#primaryimage\"},\"image\":{\"@id\":\"https:\/\/www.karinibutiik.ee\/maksa-osadena\/#primaryimage\"},\"thumbnailUrl\":\"https:\/\/www.karinibutiik.ee\/wp-content\/uploads\/2025\/10\/HP_EE-1-1024x186.png\",\"datePublished\":\"2025-10-14T13:15:24+00:00\",\"breadcrumb\":{\"@id\":\"https:\/\/www.karinibutiik.ee\/maksa-osadena\/#breadcrumb\"},\"inLanguage\":\"lt-LT\",\"potentialAction\":[{\"@type\":\"ReadAction\",\"target\":[\"https:\/\/www.karinibutiik.ee\/maksa-osadena\/\"]}]},{\"@type\":\"ImageObject\",\"inLanguage\":\"lt-LT\",\"@id\":\"https:\/\/www.karinibutiik.ee\/maksa-osadena\/#primaryimage\",\"url\":\"https:\/\/www.karinibutiik.ee\/wp-content\/uploads\/2025\/10\/HP_EE-1-1024x186.png\",\"contentUrl\":\"https:\/\/www.karinibutiik.ee\/wp-content\/uploads\/2025\/10\/HP_EE-1-1024x186.png\"},{\"@type\":\"BreadcrumbList\",\"@id\":\"https:\/\/www.karinibutiik.ee\/maksa-osadena\/#breadcrumb\",\"itemListElement\":[{\"@type\":\"ListItem\",\"position\":1,\"name\":\"Home\",\"item\":\"https:\/\/www.karinibutiik.ee\/\"},{\"@type\":\"ListItem\",\"position\":2,\"name\":\"Maksa osadena!\"}]},{\"@type\":\"WebSite\",\"@id\":\"https:\/\/www.karinibutiik.ee\/#website\",\"url\":\"https:\/\/www.karinibutiik.ee\/\",\"name\":\"Karini Butiik\",\"description\":\"\",\"publisher\":{\"@id\":\"https:\/\/www.karinibutiik.ee\/#organization\"},\"potentialAction\":[{\"@type\":\"SearchAction\",\"target\":{\"@type\":\"EntryPoint\",\"urlTemplate\":\"https:\/\/www.karinibutiik.ee\/?s={search_term_string}\"},\"query-input\":{\"@type\":\"PropertyValueSpecification\",\"valueRequired\":true,\"valueName\":\"search_term_string\"}}],\"inLanguage\":\"lt-LT\"},{\"@type\":\"Organization\",\"@id\":\"https:\/\/www.karinibutiik.ee\/#organization\",\"name\":\"Karini Butiik\",\"url\":\"https:\/\/www.karinibutiik.ee\/\",\"logo\":{\"@type\":\"ImageObject\",\"inLanguage\":\"lt-LT\",\"@id\":\"https:\/\/www.karinibutiik.ee\/#\/schema\/logo\/image\/\",\"url\":\"https:\/\/www.karinibutiik.ee\/wp-content\/uploads\/2024\/10\/Kuj.-K-koopia.png\",\"contentUrl\":\"https:\/\/www.karinibutiik.ee\/wp-content\/uploads\/2024\/10\/Kuj.-K-koopia.png\",\"width\":500,\"height\":500,\"caption\":\"Karini Butiik\"},\"image\":{\"@id\":\"https:\/\/www.karinibutiik.ee\/#\/schema\/logo\/image\/\"},\"sameAs\":[\"https:\/\/www.facebook.com\/karinibutiik.ee\",\"https:\/\/www.instagram.com\/karinibutiik\"]}]}<\/script>\n<!-- \/ Yoast SEO plugin. -->","yoast_head_json":{"title":"Maksa osadena! - Karini Butiik","robots":{"index":"index","follow":"follow","max-snippet":"max-snippet:-1","max-image-preview":"max-image-preview:large","max-video-preview":"max-video-preview:-1"},"canonical":"https:\/\/www.karinibutiik.ee\/lt\/maksa-osadena\/","og_locale":"lt_LT","og_type":"article","og_title":"Maksa osadena! - Karini Butiik","og_description":"ESTO j\u00e4relmaks \u2013 ei soovi maksta kogu summat korraga? Maksa osamaksete kaupa! ESTO j\u00e4relmaks on paindlik makselahendus, mis v\u00f5imaldab jaotada [&hellip;]","og_url":"https:\/\/www.karinibutiik.ee\/lt\/maksa-osadena\/","og_site_name":"Karini Butiik","article_publisher":"https:\/\/www.facebook.com\/karinibutiik.ee","og_image":[{"width":1920,"height":348,"url":"https:\/\/www.karinibutiik.ee\/wp-content\/uploads\/2025\/10\/HP_EE-1.png","type":"image\/png"}],"twitter_card":"summary_large_image","twitter_misc":{"Est. reading time":"2 minut\u0117s"},"schema":{"@context":"https:\/\/schema.org","@graph":[{"@type":"WebPage","@id":"https:\/\/www.karinibutiik.ee\/maksa-osadena\/","url":"https:\/\/www.karinibutiik.ee\/maksa-osadena\/","name":"Maksa osadena! - Karini Butiik","isPartOf":{"@id":"https:\/\/www.karinibutiik.ee\/#website"},"primaryImageOfPage":{"@id":"https:\/\/www.karinibutiik.ee\/maksa-osadena\/#primaryimage"},"image":{"@id":"https:\/\/www.karinibutiik.ee\/maksa-osadena\/#primaryimage"},"thumbnailUrl":"https:\/\/www.karinibutiik.ee\/wp-content\/uploads\/2025\/10\/HP_EE-1-1024x186.png","datePublished":"2025-10-14T13:15:24+00:00","breadcrumb":{"@id":"https:\/\/www.karinibutiik.ee\/maksa-osadena\/#breadcrumb"},"inLanguage":"lt-LT","potentialAction":[{"@type":"ReadAction","target":["https:\/\/www.karinibutiik.ee\/maksa-osadena\/"]}]},{"@type":"ImageObject","inLanguage":"lt-LT","@id":"https:\/\/www.karinibutiik.ee\/maksa-osadena\/#primaryimage","url":"https:\/\/www.karinibutiik.ee\/wp-content\/uploads\/2025\/10\/HP_EE-1-1024x186.png","contentUrl":"https:\/\/www.karinibutiik.ee\/wp-content\/uploads\/2025\/10\/HP_EE-1-1024x186.png"},{"@type":"BreadcrumbList","@id":"https:\/\/www.karinibutiik.ee\/maksa-osadena\/#breadcrumb","itemListElement":[{"@type":"ListItem","position":1,"name":"Home","item":"https:\/\/www.karinibutiik.ee\/"},{"@type":"ListItem","position":2,"name":"Maksa osadena!"}]},{"@type":"WebSite","@id":"https:\/\/www.karinibutiik.ee\/#website","url":"https:\/\/www.karinibutiik.ee\/","name":"Karini Butiik","description":"","publisher":{"@id":"https:\/\/www.karinibutiik.ee\/#organization"},"potentialAction":[{"@type":"SearchAction","target":{"@type":"EntryPoint","urlTemplate":"https:\/\/www.karinibutiik.ee\/?s={search_term_string}"},"query-input":{"@type":"PropertyValueSpecification","valueRequired":true,"valueName":"search_term_string"}}],"inLanguage":"lt-LT"},{"@type":"Organization","@id":"https:\/\/www.karinibutiik.ee\/#organization","name":"Karini Butiik","url":"https:\/\/www.karinibutiik.ee\/","logo":{"@type":"ImageObject","inLanguage":"lt-LT","@id":"https:\/\/www.karinibutiik.ee\/#\/schema\/logo\/image\/","url":"https:\/\/www.karinibutiik.ee\/wp-content\/uploads\/2024\/10\/Kuj.-K-koopia.png","contentUrl":"https:\/\/www.karinibutiik.ee\/wp-content\/uploads\/2024\/10\/Kuj.-K-koopia.png","width":500,"height":500,"caption":"Karini Butiik"},"image":{"@id":"https:\/\/www.karinibutiik.ee\/#\/schema\/logo\/image\/"},"sameAs":["https:\/\/www.facebook.com\/karinibutiik.ee","https:\/\/www.instagram.com\/karinibutiik"]}]}},"_links":{"self":[{"href":"https:\/\/www.karinibutiik.ee\/lt\/wp-json\/wp\/v2\/pages\/24607","targetHints":{"allow":["GET"]}}],"collection":[{"href":"https:\/\/www.karinibutiik.ee\/lt\/wp-json\/wp\/v2\/pages"}],"about":[{"href":"https:\/\/www.karinibutiik.ee\/lt\/wp-json\/wp\/v2\/types\/page"}],"author":[{"embeddable":true,"href":"https:\/\/www.karinibutiik.ee\/lt\/wp-json\/wp\/v2\/users\/198"}],"replies":[{"embeddable":true,"href":"https:\/\/www.karinibutiik.ee\/lt\/wp-json\/wp\/v2\/comments?post=24607"}],"version-history":[{"count":1,"href":"https:\/\/www.karinibutiik.ee\/lt\/wp-json\/wp\/v2\/pages\/24607\/revisions"}],"predecessor-version":[{"id":24610,"href":"https:\/\/www.karinibutiik.ee\/lt\/wp-json\/wp\/v2\/pages\/24607\/revisions\/24610"}],"wp:attachment":[{"href":"https:\/\/www.karinibutiik.ee\/lt\/wp-json\/wp\/v2\/media?parent=24607"}],"curies":[{"name":"wp","href":"https:\/\/api.w.org\/{rel}","templated":true}]}}