{"id":3,"date":"2024-02-27T06:07:48","date_gmt":"2024-02-27T06:07:48","guid":{"rendered":"https:\/\/www.karinibutiik.ee\/?page_id=3"},"modified":"2024-03-25T15:05:14","modified_gmt":"2024-03-25T15:05:14","slug":"privatumo-politika","status":"publish","type":"page","link":"https:\/\/www.karinibutiik.ee\/lt\/privatumo-politika\/","title":{"rendered":"Privatumo politika"},"content":{"rendered":"<div data-elementor-type=\"wp-page\" data-elementor-id=\"3\" class=\"elementor elementor-3\" data-elementor-post-type=\"page\">\n\t\t\t\t<div class=\"elementor-element elementor-element-eaa34ca e-flex e-con-boxed e-con e-parent\" data-id=\"eaa34ca\" data-element_type=\"container\">\n\t\t\t\t\t<div class=\"e-con-inner\">\n\t\t<div class=\"elementor-element elementor-element-fab169e e-con-full e-flex e-con e-child\" data-id=\"fab169e\" data-element_type=\"container\">\n\t\t\t\t<div class=\"elementor-element elementor-element-5b0fd04 elementor-widget elementor-widget-heading\" data-id=\"5b0fd04\" data-element_type=\"widget\" data-widget_type=\"heading.default\">\n\t\t\t\t<div class=\"elementor-widget-container\">\n\t\t\t\t\t<h2 class=\"elementor-heading-title elementor-size-default\">Privatumo politika<\/h2>\t\t\t\t<\/div>\n\t\t\t\t<\/div>\n\t\t\t\t<div class=\"elementor-element elementor-element-8654bcd elementor-widget elementor-widget-text-editor\" data-id=\"8654bcd\" data-element_type=\"widget\" data-widget_type=\"text-editor.default\">\n\t\t\t\t<div class=\"elementor-widget-container\">\n\t\t\t\t\t\t\t\t\t<p class=\"wp-block-heading\"><strong style=\"font-size: 16px;\">Asmens duomen\u0173 tvarkymas<\/strong><\/p><p>Internetin\u0117s parduotuv\u0117s karinibutiik.ee asmens duomen\u0173 valdytojas yra K&amp;N O\u00dc (registracijos kodas.\u00a0<strong>12920674<\/strong>) Suve 2 Talinas, tel. 56 141 497, el. pa\u0161tas info@karinibutiik.ee.\u00a0<\/p><p><strong>Kokie asmens duomenys tvarkomi<\/strong><\/p><ul><li>vard\u0105, pavard\u0119, telefono numer\u012f ir el. pa\u0161to adres\u0105;<\/li><li>pristatymo adresas;<\/li><li>banko s\u0105skaitos numeris;<\/li><li>preki\u0173 ir paslaug\u0173 kain\u0105 ir mok\u0117jimo duomenis (pirkimo istorij\u0105);<\/li><li>informacija apie klient\u0173 aptarnavim\u0105.\u00a0<\/li><\/ul><p><strong>Asmens duomen\u0173 tvarkymo tikslai<\/strong>\u00a0<\/p><p>Asmens duomenys naudojami klient\u0173 u\u017esakymams valdyti ir prek\u0117ms pristatyti.\u00a0<\/p><p>Pirkimo istorijos duomenys (pirkimo data, prek\u0117s, kiekis, kliento duomenys) naudojami siekiant sudaryti \u012fsigyt\u0173 preki\u0173 ir paslaug\u0173 ap\u017evalg\u0105 ir analizuoti klient\u0173 pageidavimus.<\/p><p>Banko s\u0105skaitos numeris naudojamas gr\u0105\u017einant mok\u0117jimus klientui.<\/p><p>Asmens duomenys, tokie kaip el. pa\u0161tas, telefono numeris, kliento vardas ir pavard\u0117, tvarkomi siekiant i\u0161spr\u0119sti klausimus, susijusius su preki\u0173 ir paslaug\u0173 teikimu (klient\u0173 aptarnavimas).\u00a0<\/p><p>Internetin\u0117s parduotuv\u0117s naudotojo IP adresas arba kiti tinklo identifikatoriai tvarkomi siekiant teikti internetin\u0119 parduotuv\u0119 kaip informacin\u0117s visuomen\u0117s paslaug\u0105 ir interneto naudojimo statistikos tikslais.<\/p><p><strong>Teisinis pagrindas<\/strong><\/p><p>Asmens duomenys tvarkomi siekiant vykdyti sutart\u012f su klientu.<\/p><p>asmens duomen\u0173 tvarkymas siekiant \u012fvykdyti teisin\u0119 prievol\u0119 (pvz., buhalterin\u0117 apskaita ir vartotoj\u0173 gin\u010d\u0173 sprendimas).<\/p><p><strong>Gav\u0117jai, kuriems atskleid\u017eiami asmens duomenys<\/strong><\/p><p>Asmens duomenys bus perduodami internetin\u0117s parduotuv\u0117s klient\u0173 aptarnavimo tarnybai, kad b\u016bt\u0173 galima tvarkyti pirkinius ir pirkini\u0173 istorij\u0105 bei spr\u0119sti klient\u0173 problemas.\u00a0<\/p><p>Vardas, pavard\u0117, telefono numeris ir el. pa\u0161to adresas bus perduoti kliento pasirinktam transporto paslaug\u0173 teik\u0117jui. Jei prekes pristatys kurjeris, be kontaktini\u0173 duomen\u0173 bus perduotas ir kliento adresas.<\/p><p>Jei internetin\u0117s parduotuv\u0117s apskait\u0105 vykdo paslaug\u0173 teik\u0117jas, asmens duomenys bus perduoti paslaug\u0173 teik\u0117jui apskaitos operacijoms atlikti.<\/p><p>Asmens duomenys gali b\u016bti perduodami informacini\u0173 technologij\u0173 paslaug\u0173 teik\u0117jams, jei tai b\u016btina internetin\u0117s parduotuv\u0117s funkcionalumui u\u017etikrinti arba duomen\u0173 prieinamumui u\u017etikrinti.\u00a0<\/p><p><strong>Saugumas ir prieiga prie duomen\u0173<\/strong><\/p><p>Asmens duomenys b\u016bt\u0173 saugomi serveriuose, esan\u010diuose Europos S\u0105jungos valstyb\u0117s nar\u0117s teritorijoje arba \u012f Europos ekonomin\u0119 erdv\u0119 \u012fstojusi\u0173 \u0161ali\u0173 teritorijoje. Duomenys gali b\u016bti perduodami \u012f \u0161alis, kuri\u0173 duomen\u0173 apsaugos lyg\u012f Europos Komisija \u012fvertino kaip tinkam\u0105, ir Jungtin\u0117se Amerikos Valstijose esan\u010dioms bendrov\u0117ms, kurios yra pasira\u0161iusios Duomen\u0173 apsaugos skyd\u0105 (angl.<em>Privatumo skydas<\/em>) sistema.<\/p><p>Prieiga prie asmens duomen\u0173 suteikiama internetin\u0117s parduotuv\u0117s darbuotojams, kurie gali susipa\u017einti su asmens duomenimis, kad gal\u0117t\u0173 spr\u0119sti techninius klausimus, susijusius su naudojimusi internetine parduotuve, ir teikti klient\u0173 aptarnavimo paslaugas.<\/p><p>Internetin\u0117 parduotuv\u0117 \u012fgyvendina tinkamas fizines, organizacines ir IT saugumo priemones, kad apsaugot\u0173 asmens duomenis nuo atsitiktinio ar neteis\u0117to sunaikinimo, praradimo, pakeitimo ar neteis\u0117tos prieigos ir atskleidimo.\u00a0<\/p><p>Asmens duomen\u0173 perdavimas internetin\u0117s parduotuv\u0117s duomen\u0173 tvarkytojams (pvz., transporto paslaug\u0173 teik\u0117jui ir duomen\u0173 kaupikliui) grind\u017eiamas internetin\u0117s parduotuv\u0117s ir duomen\u0173 tvarkytoj\u0173 sutartimis. Tvarkydami asmens duomenis, duomen\u0173 tvarkytojai privalo u\u017etikrinti tinkamas apsaugos priemones.<\/p><p><strong>Prieiga prie asmens duomen\u0173 ir j\u0173 taisymas<\/strong><\/p><p>Asmens duomenis galima per\u017ei\u016br\u0117ti ir pataisyti internetin\u0117s parduotuv\u0117s naudotojo profilyje. Jei pirkimas atliktas be naudotojo paskyros, asmens duomenis galima pasiekti prisijungus.<\/p><p><strong>Sutikimo at\u0161aukimas<\/strong><\/p><p>Jei asmens duomenys tvarkomi gavus kliento sutikim\u0105, klientas turi teis\u0119 at\u0161aukti sutikim\u0105 apie tai informuodamas klient\u0173 aptarnavimo skyri\u0173 el. pa\u0161tu.\u00a0<\/p><p><strong>Saugojimas<\/strong>\u00a0<\/p><p>Asmens duomenys bus i\u0161trinti, kai u\u017edarysite savo internetin\u0117s parduotuv\u0117s paskyr\u0105, nebent juos reik\u0117s saugoti apskaitos tikslais arba sprend\u017eiant vartotoj\u0173 gin\u010dus.<\/p><p>Jei pirkinys \u012fsigyjamas internetin\u0117je parduotuv\u0117je be kliento paskyros, pirkimo istorija saugoma trejus metus.<\/p><p>Gin\u010d\u0173, susijusi\u0173 su mok\u0117jimais ir vartotoj\u0173 gin\u010dais, atveju asmens duomenys bus saugomi tol, kol reikalavimas bus patenkintas arba pasibaigs senaties terminas.<\/p><p>Apskaitos tikslais reikalingi asmens duomenys saugomi septynerius metus.<\/p><p><strong>Pa\u0161alinimas<\/strong><\/p><p>Nor\u0117dami i\u0161trinti asmens duomenis, turite susisiekti su klient\u0173 aptarnavimo tarnyba el. pa\u0161tu. Atsakymas \u012f pra\u0161ym\u0105 i\u0161trinti duomenis bus i\u0161si\u0173stas ne v\u0117liau kaip per vien\u0105 m\u0117nes\u012f, nurodant i\u0161trynimo laikotarp\u012f.\u00a0<\/p><p><strong>Perk\u0117limas \u012f<\/strong>\u00a0<\/p><p>\u012e el. pa\u0161tu pateiktus pra\u0161ymus d\u0117l asmens duomen\u0173 perdavimo bus atsakyta ne v\u0117liau kaip per vien\u0105 m\u0117nes\u012f. Klient\u0173 aptarnavimo skyrius patikrins tapatyb\u0119 ir prane\u0161 apie perduodamus asmens duomenis.\u00a0<\/p><p><strong>Tiesiogin\u0117s rinkodaros prane\u0161imai<\/strong><\/p><p>El. pa\u0161to adresas ir telefono numeris bus naudojami tiesiogin\u0117s rinkodaros prane\u0161imams si\u0173sti, jei klientas dav\u0117 sutikim\u0105. Jei klientas nepageidauja gauti tiesiogin\u0117s rinkodaros prane\u0161im\u0173, jis tur\u0117t\u0173 pasirinkti atitinkam\u0105 nuorod\u0105 el. lai\u0161ko pora\u0161t\u0117je arba susisiekti su klient\u0173 aptarnavimo tarnyba.<\/p><p>Jei asmens duomenys tvarkomi tiesiogin\u0117s rinkodaros tikslais (profiliavimas), klientas turi teis\u0119 bet kuriuo metu nesutikti su pirminiu ir tolesniu savo asmens duomen\u0173 tvarkymu, \u012fskaitant profiliavim\u0105 tiesiogin\u0117s rinkodaros tikslais, apie tai informuodamas klient\u0173 aptarnavimo skyri\u0173 el. pa\u0161tu.<\/p><p><strong>Gin\u010d\u0173 sprendimas<\/strong><\/p><p>Gin\u010dai, susij\u0119 su asmens duomen\u0173 tvarkymu, sprend\u017eiami per klient\u0173 aptarnavimo skyri\u0173 (KONTAKTUOKITE MUS). Prie\u017ei\u016bros institucija yra Estijos duomen\u0173 apsaugos inspekcija (info@aki.ee).<\/p>\t\t\t\t\t\t\t\t<\/div>\n\t\t\t\t<\/div>\n\t\t\t\t<\/div>\n\t\t\t\t\t<\/div>\n\t\t\t\t<\/div>\n\t\t\t\t<\/div>","protected":false},"excerpt":{"rendered":"<p>Privaatsuspoliitika Isikuandmete t\u00f6\u00f6tlemine Veebipoe karinibutiik.ee isikuandmete vastutav t\u00f6\u00f6tleja on K&amp;N O\u00dc (registrikood\u00a012920674) asukohaga Suve 2 Tallinn, tel 56 141 497 [&hellip;]<\/p>\n","protected":false},"author":3,"featured_media":0,"parent":0,"menu_order":0,"comment_status":"closed","ping_status":"closed","template":"elementor_header_footer","meta":{"site-sidebar-layout":"default","site-content-layout":"","ast-site-content-layout":"default","site-content-style":"default","site-sidebar-style":"default","ast-global-header-display":"","ast-banner-title-visibility":"","ast-main-header-display":"","ast-hfb-above-header-display":"","ast-hfb-below-header-display":"","ast-hfb-mobile-header-display":"","site-post-title":"","ast-breadcrumbs-content":"","ast-featured-img":"","footer-sml-layout":"","ast-disable-related-posts":"","theme-transparent-header-meta":"","adv-header-id-meta":"","stick-header-meta":"","header-above-stick-meta":"","header-main-stick-meta":"","header-below-stick-meta":"","astra-migrate-meta-layouts":"default","ast-page-background-enabled":"default","ast-page-background-meta":{"desktop":{"background-color":"var(--ast-global-color-4)","background-image":"","background-repeat":"repeat","background-position":"center center","background-size":"auto","background-attachment":"scroll","background-type":"","background-media":"","overlay-type":"","overlay-color":"","overlay-opacity":"","overlay-gradient":""},"tablet":{"background-color":"","background-image":"","background-repeat":"repeat","background-position":"center center","background-size":"auto","background-attachment":"scroll","background-type":"","background-media":"","overlay-type":"","overlay-color":"","overlay-opacity":"","overlay-gradient":""},"mobile":{"background-color":"","background-image":"","background-repeat":"repeat","background-position":"center center","background-size":"auto","background-attachment":"scroll","background-type":"","background-media":"","overlay-type":"","overlay-color":"","overlay-opacity":"","overlay-gradient":""}},"ast-content-background-meta":{"desktop":{"background-color":"var(--ast-global-color-5)","background-image":"","background-repeat":"repeat","background-position":"center center","background-size":"auto","background-attachment":"scroll","background-type":"","background-media":"","overlay-type":"","overlay-color":"","overlay-opacity":"","overlay-gradient":""},"tablet":{"background-color":"var(--ast-global-color-5)","background-image":"","background-repeat":"repeat","background-position":"center center","background-size":"auto","background-attachment":"scroll","background-type":"","background-media":"","overlay-type":"","overlay-color":"","overlay-opacity":"","overlay-gradient":""},"mobile":{"background-color":"var(--ast-global-color-5)","background-image":"","background-repeat":"repeat","background-position":"center center","background-size":"auto","background-attachment":"scroll","background-type":"","background-media":"","overlay-type":"","overlay-color":"","overlay-opacity":"","overlay-gradient":""}},"footnotes":""},"class_list":["post-3","page","type-page","status-publish","hentry"],"yoast_head":"<!-- This site is optimized with the Yoast SEO plugin v26.9 - https:\/\/yoast.com\/product\/yoast-seo-wordpress\/ -->\n<title>Privaatsuspoliitika - Karini Butiik<\/title>\n<meta name=\"robots\" content=\"index, follow, max-snippet:-1, max-image-preview:large, max-video-preview:-1\" \/>\n<link rel=\"canonical\" href=\"https:\/\/www.karinibutiik.ee\/lt\/privatumo-politika\/\" \/>\n<meta property=\"og:locale\" content=\"lt_LT\" \/>\n<meta property=\"og:type\" content=\"article\" \/>\n<meta property=\"og:title\" content=\"Privaatsuspoliitika - Karini Butiik\" \/>\n<meta property=\"og:description\" content=\"Privaatsuspoliitika Isikuandmete t\u00f6\u00f6tlemine Veebipoe karinibutiik.ee isikuandmete vastutav t\u00f6\u00f6tleja on K&amp;N O\u00dc (registrikood\u00a012920674) asukohaga Suve 2 Tallinn, tel 56 141 497 [&hellip;]\" \/>\n<meta property=\"og:url\" content=\"https:\/\/www.karinibutiik.ee\/lt\/privatumo-politika\/\" \/>\n<meta property=\"og:site_name\" content=\"Karini Butiik\" \/>\n<meta property=\"article:publisher\" content=\"https:\/\/www.facebook.com\/karinibutiik.ee\" \/>\n<meta property=\"article:modified_time\" content=\"2024-03-25T15:05:14+00:00\" \/>\n<meta property=\"og:image\" content=\"https:\/\/www.karinibutiik.ee\/wp-content\/uploads\/2024\/10\/Karinibutiikavaleht.png\" \/>\n\t<meta property=\"og:image:width\" content=\"1209\" \/>\n\t<meta property=\"og:image:height\" content=\"835\" \/>\n\t<meta property=\"og:image:type\" content=\"image\/png\" \/>\n<meta name=\"twitter:card\" content=\"summary_large_image\" \/>\n<meta name=\"twitter:label1\" content=\"Est. reading time\" \/>\n\t<meta name=\"twitter:data1\" content=\"3 minut\u0117s\" \/>\n<script type=\"application\/ld+json\" class=\"yoast-schema-graph\">{\"@context\":\"https:\/\/schema.org\",\"@graph\":[{\"@type\":\"WebPage\",\"@id\":\"https:\/\/www.karinibutiik.ee\/privaatsuspoliitika\/\",\"url\":\"https:\/\/www.karinibutiik.ee\/privaatsuspoliitika\/\",\"name\":\"Privaatsuspoliitika - Karini Butiik\",\"isPartOf\":{\"@id\":\"https:\/\/www.karinibutiik.ee\/#website\"},\"datePublished\":\"2024-02-27T06:07:48+00:00\",\"dateModified\":\"2024-03-25T15:05:14+00:00\",\"breadcrumb\":{\"@id\":\"https:\/\/www.karinibutiik.ee\/privaatsuspoliitika\/#breadcrumb\"},\"inLanguage\":\"lt-LT\",\"potentialAction\":[{\"@type\":\"ReadAction\",\"target\":[\"https:\/\/www.karinibutiik.ee\/privaatsuspoliitika\/\"]}]},{\"@type\":\"BreadcrumbList\",\"@id\":\"https:\/\/www.karinibutiik.ee\/privaatsuspoliitika\/#breadcrumb\",\"itemListElement\":[{\"@type\":\"ListItem\",\"position\":1,\"name\":\"Home\",\"item\":\"https:\/\/www.karinibutiik.ee\/\"},{\"@type\":\"ListItem\",\"position\":2,\"name\":\"Privaatsuspoliitika\"}]},{\"@type\":\"WebSite\",\"@id\":\"https:\/\/www.karinibutiik.ee\/#website\",\"url\":\"https:\/\/www.karinibutiik.ee\/\",\"name\":\"Karini Butiik\",\"description\":\"\",\"publisher\":{\"@id\":\"https:\/\/www.karinibutiik.ee\/#organization\"},\"potentialAction\":[{\"@type\":\"SearchAction\",\"target\":{\"@type\":\"EntryPoint\",\"urlTemplate\":\"https:\/\/www.karinibutiik.ee\/?s={search_term_string}\"},\"query-input\":{\"@type\":\"PropertyValueSpecification\",\"valueRequired\":true,\"valueName\":\"search_term_string\"}}],\"inLanguage\":\"lt-LT\"},{\"@type\":\"Organization\",\"@id\":\"https:\/\/www.karinibutiik.ee\/#organization\",\"name\":\"Karini Butiik\",\"url\":\"https:\/\/www.karinibutiik.ee\/\",\"logo\":{\"@type\":\"ImageObject\",\"inLanguage\":\"lt-LT\",\"@id\":\"https:\/\/www.karinibutiik.ee\/#\/schema\/logo\/image\/\",\"url\":\"https:\/\/www.karinibutiik.ee\/wp-content\/uploads\/2024\/10\/Kuj.-K-koopia.png\",\"contentUrl\":\"https:\/\/www.karinibutiik.ee\/wp-content\/uploads\/2024\/10\/Kuj.-K-koopia.png\",\"width\":500,\"height\":500,\"caption\":\"Karini Butiik\"},\"image\":{\"@id\":\"https:\/\/www.karinibutiik.ee\/#\/schema\/logo\/image\/\"},\"sameAs\":[\"https:\/\/www.facebook.com\/karinibutiik.ee\",\"https:\/\/www.instagram.com\/karinibutiik\"]}]}<\/script>\n<!-- \/ Yoast SEO plugin. -->","yoast_head_json":{"title":"Privatumo politika - Karini Butiik","robots":{"index":"index","follow":"follow","max-snippet":"max-snippet:-1","max-image-preview":"max-image-preview:large","max-video-preview":"max-video-preview:-1"},"canonical":"https:\/\/www.karinibutiik.ee\/lt\/privatumo-politika\/","og_locale":"lt_LT","og_type":"article","og_title":"Privaatsuspoliitika - Karini Butiik","og_description":"Privaatsuspoliitika Isikuandmete t\u00f6\u00f6tlemine Veebipoe karinibutiik.ee isikuandmete vastutav t\u00f6\u00f6tleja on K&amp;N O\u00dc (registrikood\u00a012920674) asukohaga Suve 2 Tallinn, tel 56 141 497 [&hellip;]","og_url":"https:\/\/www.karinibutiik.ee\/lt\/privatumo-politika\/","og_site_name":"Karini Butiik","article_publisher":"https:\/\/www.facebook.com\/karinibutiik.ee","article_modified_time":"2024-03-25T15:05:14+00:00","og_image":[{"width":1209,"height":835,"url":"https:\/\/www.karinibutiik.ee\/wp-content\/uploads\/2024\/10\/Karinibutiikavaleht.png","type":"image\/png"}],"twitter_card":"summary_large_image","twitter_misc":{"Est. reading time":"3 minut\u0117s"},"schema":{"@context":"https:\/\/schema.org","@graph":[{"@type":"WebPage","@id":"https:\/\/www.karinibutiik.ee\/privaatsuspoliitika\/","url":"https:\/\/www.karinibutiik.ee\/privaatsuspoliitika\/","name":"Privatumo politika - Karini Butiik","isPartOf":{"@id":"https:\/\/www.karinibutiik.ee\/#website"},"datePublished":"2024-02-27T06:07:48+00:00","dateModified":"2024-03-25T15:05:14+00:00","breadcrumb":{"@id":"https:\/\/www.karinibutiik.ee\/privaatsuspoliitika\/#breadcrumb"},"inLanguage":"lt-LT","potentialAction":[{"@type":"ReadAction","target":["https:\/\/www.karinibutiik.ee\/privaatsuspoliitika\/"]}]},{"@type":"BreadcrumbList","@id":"https:\/\/www.karinibutiik.ee\/privaatsuspoliitika\/#breadcrumb","itemListElement":[{"@type":"ListItem","position":1,"name":"Home","item":"https:\/\/www.karinibutiik.ee\/"},{"@type":"ListItem","position":2,"name":"Privaatsuspoliitika"}]},{"@type":"WebSite","@id":"https:\/\/www.karinibutiik.ee\/#website","url":"https:\/\/www.karinibutiik.ee\/","name":"Karini Butiik","description":"","publisher":{"@id":"https:\/\/www.karinibutiik.ee\/#organization"},"potentialAction":[{"@type":"SearchAction","target":{"@type":"EntryPoint","urlTemplate":"https:\/\/www.karinibutiik.ee\/?s={search_term_string}"},"query-input":{"@type":"PropertyValueSpecification","valueRequired":true,"valueName":"search_term_string"}}],"inLanguage":"lt-LT"},{"@type":"Organization","@id":"https:\/\/www.karinibutiik.ee\/#organization","name":"Karini Butiik","url":"https:\/\/www.karinibutiik.ee\/","logo":{"@type":"ImageObject","inLanguage":"lt-LT","@id":"https:\/\/www.karinibutiik.ee\/#\/schema\/logo\/image\/","url":"https:\/\/www.karinibutiik.ee\/wp-content\/uploads\/2024\/10\/Kuj.-K-koopia.png","contentUrl":"https:\/\/www.karinibutiik.ee\/wp-content\/uploads\/2024\/10\/Kuj.-K-koopia.png","width":500,"height":500,"caption":"Karini Butiik"},"image":{"@id":"https:\/\/www.karinibutiik.ee\/#\/schema\/logo\/image\/"},"sameAs":["https:\/\/www.facebook.com\/karinibutiik.ee","https:\/\/www.instagram.com\/karinibutiik"]}]}},"_links":{"self":[{"href":"https:\/\/www.karinibutiik.ee\/lt\/wp-json\/wp\/v2\/pages\/3","targetHints":{"allow":["GET"]}}],"collection":[{"href":"https:\/\/www.karinibutiik.ee\/lt\/wp-json\/wp\/v2\/pages"}],"about":[{"href":"https:\/\/www.karinibutiik.ee\/lt\/wp-json\/wp\/v2\/types\/page"}],"author":[{"embeddable":true,"href":"https:\/\/www.karinibutiik.ee\/lt\/wp-json\/wp\/v2\/users\/3"}],"replies":[{"embeddable":true,"href":"https:\/\/www.karinibutiik.ee\/lt\/wp-json\/wp\/v2\/comments?post=3"}],"version-history":[{"count":17,"href":"https:\/\/www.karinibutiik.ee\/lt\/wp-json\/wp\/v2\/pages\/3\/revisions"}],"predecessor-version":[{"id":1348,"href":"https:\/\/www.karinibutiik.ee\/lt\/wp-json\/wp\/v2\/pages\/3\/revisions\/1348"}],"wp:attachment":[{"href":"https:\/\/www.karinibutiik.ee\/lt\/wp-json\/wp\/v2\/media?parent=3"}],"curies":[{"name":"wp","href":"https:\/\/api.w.org\/{rel}","templated":true}]}}