{"id":733,"date":"2024-03-15T12:27:10","date_gmt":"2024-03-15T12:27:10","guid":{"rendered":"https:\/\/www.karinibutiik.ee\/?page_id=733"},"modified":"2024-03-25T15:06:58","modified_gmt":"2024-03-25T15:06:58","slug":"mokejimo-galimybes","status":"publish","type":"page","link":"https:\/\/www.karinibutiik.ee\/lt\/mokejimo-galimybes\/","title":{"rendered":"Mok\u0117jimo galimyb\u0117s"},"content":{"rendered":"<div data-elementor-type=\"wp-page\" data-elementor-id=\"733\" class=\"elementor elementor-733\" data-elementor-post-type=\"page\">\n\t\t\t\t<div class=\"elementor-element elementor-element-192835b e-flex e-con-boxed e-con e-parent\" data-id=\"192835b\" data-element_type=\"container\">\n\t\t\t\t\t<div class=\"e-con-inner\">\n\t\t<div class=\"elementor-element elementor-element-2658a31 e-con-full e-flex e-con e-child\" data-id=\"2658a31\" data-element_type=\"container\">\n\t\t\t\t<div class=\"elementor-element elementor-element-b91f67a elementor-widget elementor-widget-heading\" data-id=\"b91f67a\" data-element_type=\"widget\" data-widget_type=\"heading.default\">\n\t\t\t\t<div class=\"elementor-widget-container\">\n\t\t\t\t\t<h2 class=\"elementor-heading-title elementor-size-default\">Mok\u0117jimo galimyb\u0117s<\/h2>\t\t\t\t<\/div>\n\t\t\t\t<\/div>\n\t\t\t\t<div class=\"elementor-element elementor-element-44bf309 elementor-widget elementor-widget-text-editor\" data-id=\"44bf309\" data-element_type=\"widget\" data-widget_type=\"text-editor.default\">\n\t\t\t\t<div class=\"elementor-widget-container\">\n\t\t\t\t\t\t\t\t\t<p class=\"wp-block-heading has-black-color has-text-color\"><strong><span class=\"has-inline-color\">Banko pervedimas ir mok\u0117jimas kortele<\/span><\/strong><\/p><p>Atlik\u0119 pavedim\u0105, spustel\u0117kite norimo banko nuorod\u0105, kuri jus nukreips \u012f internetin\u012f bank\u0105, kur\u012f pasirinkote naudodamiesi \"Montonio\" program\u0117le. \u012eveskite savo vartotojo vard\u0105 ir slapta\u017eod\u017eius ir prisijunkite prie interneto banko. Interneto banke matysite jau u\u017epildyt\u0105 mok\u0117jimo nurodym\u0105, kuriame nurodyta mok\u0117tina suma u\u017e i\u0161 karinibutiik.ee \u012fsigytus produktus. Patikrinkite duomenis ir patvirtinkite mok\u0117jimo nurodym\u0105.<\/p><figure class=\"wp-block-image size-large\"><img decoding=\"async\" class=\"wp-image-260\" src=\"https:\/\/epood.karinibutiik.ee\/wp-content\/uploads\/2021\/04\/panga-logod.png\" alt=\"\" \/><\/figure>\t\t\t\t\t\t\t\t<\/div>\n\t\t\t\t<\/div>\n\t\t\t\t<div class=\"elementor-element elementor-element-0aa6cf0 elementor-widget elementor-widget-text-editor\" data-id=\"0aa6cf0\" data-element_type=\"widget\" data-widget_type=\"text-editor.default\">\n\t\t\t\t<div class=\"elementor-widget-container\">\n\t\t\t\t\t\t\t\t\t<div class=\"intercom-interblocks-subheading intercom-interblocks-align-left\"><h6 id=\"h_3c1162eaa6\"><b>Banko mok\u0117jimo b\u016bdai<\/b><\/h6><\/div><div class=\"intercom-interblocks-paragraph no-margin intercom-interblocks-align-left\"><p>\"Inbank\" mok\u0117jimo b\u016bdai padeda dar patogiau atsiskaityti u\u017e pirkinius. Sumok\u0117kite u\u017e pirkin\u012f kit\u0105 m\u0117nes\u012f arba lengvai ir be joki\u0173 papildom\u0173 mokes\u010di\u0173 padalykite pirkinio sum\u0105 \u012f kelias lygias dalis.<\/p><\/div><div class=\"intercom-interblocks-paragraph no-margin intercom-interblocks-align-left\"><p>Kasoje raskite reikiam\u0105 mok\u0117jimo sprendim\u0105 ir pasirinkite tinkamiausi\u0105.<\/p><\/div><div class=\"intercom-interblocks-subheading4 intercom-interblocks-align-left\"><h6 id=\"h_ab559afcc2\">Inbank <i>kepenys kit\u0105 m\u0117nes\u012f<\/i><\/h6><\/div><div class=\"intercom-interblocks-paragraph no-margin intercom-interblocks-align-left\"><p>- Mok\u0117ti kito m\u0117nesio 25 dien\u0105<\/p><\/div><div class=\"intercom-interblocks-paragraph no-margin intercom-interblocks-align-left\"><p>- 30 - 800 eur\u0173 u\u017e pirkinius<\/p><\/div><div class=\"intercom-interblocks-paragraph no-margin intercom-interblocks-align-left\"><p>- 0 \u20ac papildomas mokestis<\/p><\/div><div class=\"intercom-interblocks-subheading4 intercom-interblocks-align-left\"><h6 id=\"h_476666a26b\">Inbank <i>padalyti \u012f dalis.<\/i><\/h6><\/div><div class=\"intercom-interblocks-paragraph no-margin intercom-interblocks-align-left\"><p>- 75 - 2500 eur\u0173 pirkiniams<\/p><\/div><div class=\"intercom-interblocks-paragraph no-margin intercom-interblocks-align-left\"><p>- 2 arba 3 m\u0117nesi\u0173 laikotarpis<\/p><\/div><div class=\"intercom-interblocks-paragraph no-margin intercom-interblocks-align-left\"><p>- 0 \u20ac papildomas mokestis<\/p><\/div><div class=\"intercom-interblocks-subheading3 intercom-interblocks-align-left\"><h6 id=\"h_29f618aedd\">Kod\u0117l verta rinktis \"Inbank\"?<\/h6><\/div><div class=\"intercom-interblocks-paragraph no-margin intercom-interblocks-align-left\"><p>- Paprasta ir <i>be joki\u0173 papildom\u0173 i\u0161laid\u0173<\/i> - n\u0117ra pal\u016bkan\u0173, sutarties mokes\u010dio ir m\u0117nesinio valdymo mokes\u010dio.<\/p><\/div><div class=\"intercom-interblocks-paragraph no-margin intercom-interblocks-align-left\"><p>- Protingas b\u016bdas pirkti <i>i\u0161 karto visus<\/i>tai, ko jums reikia, nesuma\u017einant pasirinkimo galimybi\u0173.<\/p><\/div><div class=\"intercom-interblocks-paragraph no-margin intercom-interblocks-align-left\"><p>- bankininkai <i>sumok\u0117ti v\u0117liau<\/i> mok\u0117jimo b\u016bdas yra ne i\u0161simok\u0117tinai, o be kredito - jis neturi \u012ftakos j\u016bs\u0173 kredito reitingui.<\/p><\/div><div class=\"intercom-interblocks-subheading3 intercom-interblocks-align-left\"><h6 id=\"h_620fd01560\">Mok\u0117ti \"Inbank\" paprasta!<\/h6><\/div><div class=\"intercom-interblocks-image intercom-interblocks-align-left\"><a href=\"https:\/\/downloads.intercomcdn.eu\/i\/o\/9437519\/5d2330bd3be04b10f12fed5b\/Inbank+Pay+later+icons+EST.png?expires=1711308481&amp;signature=522e63b20fdf10cb07b575477bf0cdc024126589d7e5794c2e6613e2c04ac3b1\" target=\"_blank\" rel=\"noreferrer nofollow noopener\"><img loading=\"lazy\" decoding=\"async\" class=\"\" src=\"https:\/\/downloads.intercomcdn.eu\/i\/o\/9437519\/5d2330bd3be04b10f12fed5b\/Inbank+Pay+later+icons+EST.png?expires=1711308481&amp;signature=522e63b20fdf10cb07b575477bf0cdc024126589d7e5794c2e6613e2c04ac3b1\" width=\"483\" height=\"214\" \/><\/a><\/div><div class=\"intercom-interblocks-subheading3 intercom-interblocks-align-left\"><h6 id=\"h_cb011432d9\"><b>Pirkimas patvirtinamas vos po keli\u0173 akimirk\u0173.<\/b><\/h6><\/div>\t\t\t\t\t\t\t\t<\/div>\n\t\t\t\t<\/div>\n\t\t\t\t<div class=\"elementor-element elementor-element-8b2a87a elementor-widget elementor-widget-text-editor\" data-id=\"8b2a87a\" data-element_type=\"widget\" data-widget_type=\"text-editor.default\">\n\t\t\t\t<div class=\"elementor-widget-container\">\n\t\t\t\t\t\t\t\t\t<div class=\"intercom-interblocks-subheading intercom-interblocks-align-left\"><h6 id=\"h_7dbe97ca54\"><b>Banko \u012fmoka<\/b><\/h6><p>Banko i\u0161simok\u0117tinai suteikia galimyb\u0119 dideles vienkartines i\u0161laidas paversti ma\u017eomis m\u0117nesio i\u0161laidomis ir u\u017e produktus bei paslaugas mok\u0117ti dalimis. Skirkite daugiau laiko mok\u0117jimui ir paskirstykite pirkimo sum\u0105 iki 6 met\u0173. Pirm\u0105j\u0105 \u012fmok\u0105 reikia sumok\u0117ti tik po m\u0117nesio.<\/p><\/div><div class=\"intercom-interblocks-subheading3 intercom-interblocks-align-left\"><h6 id=\"h_eb6e9781f7\">\u012emok\u0173 dalimis privalumai:<\/h6><\/div><div class=\"intercom-interblocks-paragraph no-margin intercom-interblocks-align-left\"><p>- Lankstus sprendimas didesn\u0117ms i\u0161laidoms<\/p><\/div><div class=\"intercom-interblocks-paragraph no-margin intercom-interblocks-align-left\"><p>- J\u016bs pasirenkate \u012fmokos dyd\u012f<\/p><\/div><div class=\"intercom-interblocks-paragraph no-margin intercom-interblocks-align-left\"><p>- J\u016bs pasirenkate nuomos su i\u0161sipirkimu laikotarp\u012f<\/p><\/div><div class=\"intercom-interblocks-paragraph no-margin intercom-interblocks-align-left\"><p>- J\u016bs pasirenkate mok\u0117jimo dat\u0105<\/p><\/div><div class=\"intercom-interblocks-paragraph no-margin intercom-interblocks-align-left\"><p>- Atsakyti \u012f u\u017eklaus\u0105 per kelias minutes<\/p><\/div><div class=\"intercom-interblocks-paragraph no-margin intercom-interblocks-align-left\">\u00a0<\/div><div class=\"intercom-interblocks-subheading3 intercom-interblocks-align-left\"><h6 id=\"h_5ac348f56f\">\u012emok\u0173 mok\u0117jimo dalimis s\u0105lygos:<\/h6><\/div><div class=\"intercom-interblocks-paragraph no-margin intercom-interblocks-align-left\"><p>- Suma 100 - 10 000 \u20ac<\/p><\/div><div class=\"intercom-interblocks-paragraph no-margin intercom-interblocks-align-left\"><p>- 6 - 72 m\u0117nesi\u0173 laikotarpis<\/p><\/div><div class=\"intercom-interblocks-paragraph no-margin intercom-interblocks-align-left\"><p>- U\u017estatas 0 \u20ac<\/p><\/div><div class=\"intercom-interblocks-paragraph no-margin intercom-interblocks-align-left\"><p>- Intress 11,9%<\/p><\/div><div class=\"intercom-interblocks-paragraph no-margin intercom-interblocks-align-left\"><p>- Sutarties mokestis 0 \u20ac<\/p><\/div><div class=\"intercom-interblocks-paragraph no-margin intercom-interblocks-align-left\"><p>- Valdymo mokestis 0,3% per m\u0117nes\u012f<\/p><\/div><div class=\"intercom-interblocks-paragraph no-margin intercom-interblocks-align-left\">\u00a0<\/div><div class=\"intercom-interblocks-paragraph no-margin intercom-interblocks-align-left\"><p><strong>Pra\u0161ym\u0105 d\u0117l \u012fmokos lengva pateikti:<\/strong><\/p><\/div><div class=\"intercom-interblocks-image intercom-interblocks-align-left\"><a href=\"https:\/\/downloads.intercomcdn.eu\/i\/o\/9368443\/78a128a62f3a41afdcb596f7\/Inbank+hire+purchasw+icon+flow+EST.png\" target=\"_blank\" rel=\"noreferrer nofollow noopener\"><img loading=\"lazy\" decoding=\"async\" class=\"alignnone\" src=\"https:\/\/downloads.intercomcdn.eu\/i\/o\/9368443\/78a128a62f3a41afdcb596f7\/Inbank+hire+purchasw+icon+flow+EST.png\" alt=\"\" width=\"474\" height=\"209\" \/><\/a><\/div><div class=\"intercom-interblocks-unordered-nested-list\"><ul><li><div class=\"intercom-interblocks-paragraph no-margin intercom-interblocks-align-left\"><p>Taip pat galite sumok\u0117ti u\u017e kelias prekes i\u0161 karto, naudodamiesi i\u0161simok\u0117tinai.<\/p><\/div><\/li><li><div class=\"intercom-interblocks-paragraph no-margin intercom-interblocks-align-left\"><p>Parai\u0161kos form\u0105 galite u\u017epildyti \u010dia, m\u016bs\u0173 internetin\u0117je parduotuv\u0117je.<\/p><\/div><\/li><li><div class=\"intercom-interblocks-paragraph no-margin intercom-interblocks-align-left\"><p>Sutart\u012f galite perskaityti ir pasira\u0161yti \u010dia, m\u016bs\u0173 el. parduotuv\u0117je.<\/p><\/div><\/li><li><div class=\"intercom-interblocks-paragraph no-margin intercom-interblocks-align-left\"><p>\"Inbank\" kas m\u0117nes\u012f siun\u010dia e. s\u0105skait\u0105<\/p><\/div><\/li><\/ul><\/div><div class=\"intercom-interblocks-paragraph no-margin intercom-interblocks-align-left\">\u00a0<\/div><div class=\"intercom-interblocks-paragraph no-margin intercom-interblocks-align-left\">\u00a0<\/div><div class=\"intercom-interblocks-paragraph no-margin intercom-interblocks-align-left\"><p><i>Banko \"Inbank\" kredito i\u0161simok\u0117tinai i\u0161laid\u0173 norma yra 31,64% EUR per metus, taikant \u0161ias pavyzdines s\u0105lygas: \u012fmokos suma 490 EUR, sutarties laikotarpis 12 m\u0117nesi\u0173, pal\u016bkan\u0173 norma 11,9% EUR nuo pirkimo sumos, u\u017estatas 0% EUR, administravimo mokestis 0,3% EUR, m\u0117nesin\u0117 \u012fmoka 47,23 EUR, bendra kredito kaina 566,8 EUR. Paslaug\u0105 teikia AS Inbank Finance. Prie\u0161 sudarant sutart\u012f, patariame susipa\u017einti su finansin\u0117s paslaugos teikimo s\u0105lygomis ir, jei reikia, pasikonsultuoti su specialistu.<\/i><\/p><\/div>\t\t\t\t\t\t\t\t<\/div>\n\t\t\t\t<\/div>\n\t\t\t\t<\/div>\n\t\t\t\t\t<\/div>\n\t\t\t\t<\/div>\n\t\t\t\t<\/div>","protected":false},"excerpt":{"rendered":"<p>Maksev\u00f5imalused Pangalingi kaudu &amp; kaardimakse Peale tellimuse esitamist klikkige soovitud panga lingile, mis suunab Teid Montonio rakenduse abil valitud internetipanka. [&hellip;]<\/p>\n","protected":false},"author":3,"featured_media":0,"parent":0,"menu_order":0,"comment_status":"closed","ping_status":"closed","template":"elementor_header_footer","meta":{"site-sidebar-layout":"default","site-content-layout":"","ast-site-content-layout":"default","site-content-style":"default","site-sidebar-style":"default","ast-global-header-display":"","ast-banner-title-visibility":"","ast-main-header-display":"","ast-hfb-above-header-display":"","ast-hfb-below-header-display":"","ast-hfb-mobile-header-display":"","site-post-title":"","ast-breadcrumbs-content":"","ast-featured-img":"","footer-sml-layout":"","ast-disable-related-posts":"","theme-transparent-header-meta":"","adv-header-id-meta":"","stick-header-meta":"","header-above-stick-meta":"","header-main-stick-meta":"","header-below-stick-meta":"","astra-migrate-meta-layouts":"default","ast-page-background-enabled":"default","ast-page-background-meta":{"desktop":{"background-color":"var(--ast-global-color-4)","background-image":"","background-repeat":"repeat","background-position":"center center","background-size":"auto","background-attachment":"scroll","background-type":"","background-media":"","overlay-type":"","overlay-color":"","overlay-opacity":"","overlay-gradient":""},"tablet":{"background-color":"","background-image":"","background-repeat":"repeat","background-position":"center center","background-size":"auto","background-attachment":"scroll","background-type":"","background-media":"","overlay-type":"","overlay-color":"","overlay-opacity":"","overlay-gradient":""},"mobile":{"background-color":"","background-image":"","background-repeat":"repeat","background-position":"center center","background-size":"auto","background-attachment":"scroll","background-type":"","background-media":"","overlay-type":"","overlay-color":"","overlay-opacity":"","overlay-gradient":""}},"ast-content-background-meta":{"desktop":{"background-color":"var(--ast-global-color-5)","background-image":"","background-repeat":"repeat","background-position":"center center","background-size":"auto","background-attachment":"scroll","background-type":"","background-media":"","overlay-type":"","overlay-color":"","overlay-opacity":"","overlay-gradient":""},"tablet":{"background-color":"var(--ast-global-color-5)","background-image":"","background-repeat":"repeat","background-position":"center center","background-size":"auto","background-attachment":"scroll","background-type":"","background-media":"","overlay-type":"","overlay-color":"","overlay-opacity":"","overlay-gradient":""},"mobile":{"background-color":"var(--ast-global-color-5)","background-image":"","background-repeat":"repeat","background-position":"center center","background-size":"auto","background-attachment":"scroll","background-type":"","background-media":"","overlay-type":"","overlay-color":"","overlay-opacity":"","overlay-gradient":""}},"footnotes":""},"class_list":["post-733","page","type-page","status-publish","hentry"],"yoast_head":"<!-- This site is optimized with the Yoast SEO plugin v26.9 - https:\/\/yoast.com\/product\/yoast-seo-wordpress\/ -->\n<title>Maksev\u00f5imalused - Karini Butiik<\/title>\n<meta name=\"robots\" content=\"index, follow, max-snippet:-1, max-image-preview:large, max-video-preview:-1\" \/>\n<link rel=\"canonical\" href=\"https:\/\/www.karinibutiik.ee\/lt\/mokejimo-galimybes\/\" \/>\n<meta property=\"og:locale\" content=\"lt_LT\" \/>\n<meta property=\"og:type\" content=\"article\" \/>\n<meta property=\"og:title\" content=\"Maksev\u00f5imalused - Karini Butiik\" \/>\n<meta property=\"og:description\" content=\"Maksev\u00f5imalused Pangalingi kaudu &amp; kaardimakse Peale tellimuse esitamist klikkige soovitud panga lingile, mis suunab Teid Montonio rakenduse abil valitud internetipanka. [&hellip;]\" \/>\n<meta property=\"og:url\" content=\"https:\/\/www.karinibutiik.ee\/lt\/mokejimo-galimybes\/\" \/>\n<meta property=\"og:site_name\" content=\"Karini Butiik\" \/>\n<meta property=\"article:publisher\" content=\"https:\/\/www.facebook.com\/karinibutiik.ee\" \/>\n<meta property=\"article:modified_time\" content=\"2024-03-25T15:06:58+00:00\" \/>\n<meta property=\"og:image\" content=\"https:\/\/epood.karinibutiik.ee\/wp-content\/uploads\/2021\/04\/panga-logod.png\" \/>\n<meta name=\"twitter:card\" content=\"summary_large_image\" \/>\n<meta name=\"twitter:label1\" content=\"Est. reading time\" \/>\n\t<meta name=\"twitter:data1\" content=\"2 minut\u0117s\" \/>\n<script type=\"application\/ld+json\" class=\"yoast-schema-graph\">{\"@context\":\"https:\/\/schema.org\",\"@graph\":[{\"@type\":\"WebPage\",\"@id\":\"https:\/\/www.karinibutiik.ee\/maksevoimalused\/\",\"url\":\"https:\/\/www.karinibutiik.ee\/maksevoimalused\/\",\"name\":\"Maksev\u00f5imalused - Karini Butiik\",\"isPartOf\":{\"@id\":\"https:\/\/www.karinibutiik.ee\/#website\"},\"primaryImageOfPage\":{\"@id\":\"https:\/\/www.karinibutiik.ee\/maksevoimalused\/#primaryimage\"},\"image\":{\"@id\":\"https:\/\/www.karinibutiik.ee\/maksevoimalused\/#primaryimage\"},\"thumbnailUrl\":\"https:\/\/epood.karinibutiik.ee\/wp-content\/uploads\/2021\/04\/panga-logod.png\",\"datePublished\":\"2024-03-15T12:27:10+00:00\",\"dateModified\":\"2024-03-25T15:06:58+00:00\",\"breadcrumb\":{\"@id\":\"https:\/\/www.karinibutiik.ee\/maksevoimalused\/#breadcrumb\"},\"inLanguage\":\"lt-LT\",\"potentialAction\":[{\"@type\":\"ReadAction\",\"target\":[\"https:\/\/www.karinibutiik.ee\/maksevoimalused\/\"]}]},{\"@type\":\"ImageObject\",\"inLanguage\":\"lt-LT\",\"@id\":\"https:\/\/www.karinibutiik.ee\/maksevoimalused\/#primaryimage\",\"url\":\"https:\/\/epood.karinibutiik.ee\/wp-content\/uploads\/2021\/04\/panga-logod.png\",\"contentUrl\":\"https:\/\/epood.karinibutiik.ee\/wp-content\/uploads\/2021\/04\/panga-logod.png\"},{\"@type\":\"BreadcrumbList\",\"@id\":\"https:\/\/www.karinibutiik.ee\/maksevoimalused\/#breadcrumb\",\"itemListElement\":[{\"@type\":\"ListItem\",\"position\":1,\"name\":\"Home\",\"item\":\"https:\/\/www.karinibutiik.ee\/\"},{\"@type\":\"ListItem\",\"position\":2,\"name\":\"Maksev\u00f5imalused\"}]},{\"@type\":\"WebSite\",\"@id\":\"https:\/\/www.karinibutiik.ee\/#website\",\"url\":\"https:\/\/www.karinibutiik.ee\/\",\"name\":\"Karini Butiik\",\"description\":\"\",\"publisher\":{\"@id\":\"https:\/\/www.karinibutiik.ee\/#organization\"},\"potentialAction\":[{\"@type\":\"SearchAction\",\"target\":{\"@type\":\"EntryPoint\",\"urlTemplate\":\"https:\/\/www.karinibutiik.ee\/?s={search_term_string}\"},\"query-input\":{\"@type\":\"PropertyValueSpecification\",\"valueRequired\":true,\"valueName\":\"search_term_string\"}}],\"inLanguage\":\"lt-LT\"},{\"@type\":\"Organization\",\"@id\":\"https:\/\/www.karinibutiik.ee\/#organization\",\"name\":\"Karini Butiik\",\"url\":\"https:\/\/www.karinibutiik.ee\/\",\"logo\":{\"@type\":\"ImageObject\",\"inLanguage\":\"lt-LT\",\"@id\":\"https:\/\/www.karinibutiik.ee\/#\/schema\/logo\/image\/\",\"url\":\"https:\/\/www.karinibutiik.ee\/wp-content\/uploads\/2024\/10\/Kuj.-K-koopia.png\",\"contentUrl\":\"https:\/\/www.karinibutiik.ee\/wp-content\/uploads\/2024\/10\/Kuj.-K-koopia.png\",\"width\":500,\"height\":500,\"caption\":\"Karini Butiik\"},\"image\":{\"@id\":\"https:\/\/www.karinibutiik.ee\/#\/schema\/logo\/image\/\"},\"sameAs\":[\"https:\/\/www.facebook.com\/karinibutiik.ee\",\"https:\/\/www.instagram.com\/karinibutiik\"]}]}<\/script>\n<!-- \/ Yoast SEO plugin. -->","yoast_head_json":{"title":"Mok\u0117jimo b\u016bdai - Karini Butiik","robots":{"index":"index","follow":"follow","max-snippet":"max-snippet:-1","max-image-preview":"max-image-preview:large","max-video-preview":"max-video-preview:-1"},"canonical":"https:\/\/www.karinibutiik.ee\/lt\/mokejimo-galimybes\/","og_locale":"lt_LT","og_type":"article","og_title":"Maksev\u00f5imalused - Karini Butiik","og_description":"Maksev\u00f5imalused Pangalingi kaudu &amp; kaardimakse Peale tellimuse esitamist klikkige soovitud panga lingile, mis suunab Teid Montonio rakenduse abil valitud internetipanka. [&hellip;]","og_url":"https:\/\/www.karinibutiik.ee\/lt\/mokejimo-galimybes\/","og_site_name":"Karini Butiik","article_publisher":"https:\/\/www.facebook.com\/karinibutiik.ee","article_modified_time":"2024-03-25T15:06:58+00:00","og_image":[{"url":"https:\/\/epood.karinibutiik.ee\/wp-content\/uploads\/2021\/04\/panga-logod.png","type":"","width":"","height":""}],"twitter_card":"summary_large_image","twitter_misc":{"Est. reading time":"2 minut\u0117s"},"schema":{"@context":"https:\/\/schema.org","@graph":[{"@type":"WebPage","@id":"https:\/\/www.karinibutiik.ee\/maksevoimalused\/","url":"https:\/\/www.karinibutiik.ee\/maksevoimalused\/","name":"Mok\u0117jimo b\u016bdai - Karini Butiik","isPartOf":{"@id":"https:\/\/www.karinibutiik.ee\/#website"},"primaryImageOfPage":{"@id":"https:\/\/www.karinibutiik.ee\/maksevoimalused\/#primaryimage"},"image":{"@id":"https:\/\/www.karinibutiik.ee\/maksevoimalused\/#primaryimage"},"thumbnailUrl":"https:\/\/epood.karinibutiik.ee\/wp-content\/uploads\/2021\/04\/panga-logod.png","datePublished":"2024-03-15T12:27:10+00:00","dateModified":"2024-03-25T15:06:58+00:00","breadcrumb":{"@id":"https:\/\/www.karinibutiik.ee\/maksevoimalused\/#breadcrumb"},"inLanguage":"lt-LT","potentialAction":[{"@type":"ReadAction","target":["https:\/\/www.karinibutiik.ee\/maksevoimalused\/"]}]},{"@type":"ImageObject","inLanguage":"lt-LT","@id":"https:\/\/www.karinibutiik.ee\/maksevoimalused\/#primaryimage","url":"https:\/\/epood.karinibutiik.ee\/wp-content\/uploads\/2021\/04\/panga-logod.png","contentUrl":"https:\/\/epood.karinibutiik.ee\/wp-content\/uploads\/2021\/04\/panga-logod.png"},{"@type":"BreadcrumbList","@id":"https:\/\/www.karinibutiik.ee\/maksevoimalused\/#breadcrumb","itemListElement":[{"@type":"ListItem","position":1,"name":"Home","item":"https:\/\/www.karinibutiik.ee\/"},{"@type":"ListItem","position":2,"name":"Maksev\u00f5imalused"}]},{"@type":"WebSite","@id":"https:\/\/www.karinibutiik.ee\/#website","url":"https:\/\/www.karinibutiik.ee\/","name":"Karini Butiik","description":"","publisher":{"@id":"https:\/\/www.karinibutiik.ee\/#organization"},"potentialAction":[{"@type":"SearchAction","target":{"@type":"EntryPoint","urlTemplate":"https:\/\/www.karinibutiik.ee\/?s={search_term_string}"},"query-input":{"@type":"PropertyValueSpecification","valueRequired":true,"valueName":"search_term_string"}}],"inLanguage":"lt-LT"},{"@type":"Organization","@id":"https:\/\/www.karinibutiik.ee\/#organization","name":"Karini Butiik","url":"https:\/\/www.karinibutiik.ee\/","logo":{"@type":"ImageObject","inLanguage":"lt-LT","@id":"https:\/\/www.karinibutiik.ee\/#\/schema\/logo\/image\/","url":"https:\/\/www.karinibutiik.ee\/wp-content\/uploads\/2024\/10\/Kuj.-K-koopia.png","contentUrl":"https:\/\/www.karinibutiik.ee\/wp-content\/uploads\/2024\/10\/Kuj.-K-koopia.png","width":500,"height":500,"caption":"Karini Butiik"},"image":{"@id":"https:\/\/www.karinibutiik.ee\/#\/schema\/logo\/image\/"},"sameAs":["https:\/\/www.facebook.com\/karinibutiik.ee","https:\/\/www.instagram.com\/karinibutiik"]}]}},"_links":{"self":[{"href":"https:\/\/www.karinibutiik.ee\/lt\/wp-json\/wp\/v2\/pages\/733","targetHints":{"allow":["GET"]}}],"collection":[{"href":"https:\/\/www.karinibutiik.ee\/lt\/wp-json\/wp\/v2\/pages"}],"about":[{"href":"https:\/\/www.karinibutiik.ee\/lt\/wp-json\/wp\/v2\/types\/page"}],"author":[{"embeddable":true,"href":"https:\/\/www.karinibutiik.ee\/lt\/wp-json\/wp\/v2\/users\/3"}],"replies":[{"embeddable":true,"href":"https:\/\/www.karinibutiik.ee\/lt\/wp-json\/wp\/v2\/comments?post=733"}],"version-history":[{"count":28,"href":"https:\/\/www.karinibutiik.ee\/lt\/wp-json\/wp\/v2\/pages\/733\/revisions"}],"predecessor-version":[{"id":1351,"href":"https:\/\/www.karinibutiik.ee\/lt\/wp-json\/wp\/v2\/pages\/733\/revisions\/1351"}],"wp:attachment":[{"href":"https:\/\/www.karinibutiik.ee\/lt\/wp-json\/wp\/v2\/media?parent=733"}],"curies":[{"name":"wp","href":"https:\/\/api.w.org\/{rel}","templated":true}]}}