{"id":745,"date":"2024-03-15T12:35:52","date_gmt":"2024-03-15T12:35:52","guid":{"rendered":"https:\/\/www.karinibutiik.ee\/?page_id=745"},"modified":"2026-01-02T13:41:27","modified_gmt":"2026-01-02T11:41:27","slug":"pristatymas-i","status":"publish","type":"page","link":"https:\/\/www.karinibutiik.ee\/lt\/pristatymas-i\/","title":{"rendered":"Pristatymas \u012f"},"content":{"rendered":"<div data-elementor-type=\"wp-page\" data-elementor-id=\"745\" class=\"elementor elementor-745\" data-elementor-post-type=\"page\">\n\t\t\t\t<div class=\"elementor-element elementor-element-d7566f4 e-flex e-con-boxed e-con e-parent\" data-id=\"d7566f4\" data-element_type=\"container\">\n\t\t\t\t\t<div class=\"e-con-inner\">\n\t\t<div class=\"elementor-element elementor-element-d43d770 e-con-full e-flex e-con e-child\" data-id=\"d43d770\" data-element_type=\"container\">\n\t\t\t\t<div class=\"elementor-element elementor-element-58a23be elementor-widget elementor-widget-heading\" data-id=\"58a23be\" data-element_type=\"widget\" data-widget_type=\"heading.default\">\n\t\t\t\t<div class=\"elementor-widget-container\">\n\t\t\t\t\t<h2 class=\"elementor-heading-title elementor-size-default\">Pristatymas \u012f<\/h2>\t\t\t\t<\/div>\n\t\t\t\t<\/div>\n\t\t\t\t<div class=\"elementor-element elementor-element-91c43a1 elementor-widget elementor-widget-text-editor\" data-id=\"91c43a1\" data-element_type=\"widget\" data-widget_type=\"text-editor.default\">\n\t\t\t\t<div class=\"elementor-widget-container\">\n\t\t\t\t\t\t\t\t\t<p><strong>KARINIBUTIIK.EE<\/strong> Prekes i\u0161 el. parduotuv\u0117s galite u\u017esisakyti keliais skirtingais b\u016bdais.<\/p><p>ALATES <strong>99,00 EUR<\/strong> TELLIMUSEST ON EESTI SISENE PAKIAUTOMAADI TEENUS<strong> TASUTA!<\/strong><\/p><p><strong>ITELLA<\/strong> <strong>SMARTPOST PAKIAUTOMAAT \u2013 2.89\u20ac <\/strong><\/p><p>Produktai bus pristatyti \u012f j\u016bs\u0173 pasirinkt\u0105 siunt\u0173 automat\u0105 per 1-5 darbo dienas nuo u\u017esakymo patvirtinimo. Apie gaminio atvykim\u0105 \u012f siunt\u0173 automat\u0105 b\u016bsite informuoti SMS \u017einute ir el. pa\u0161tu, nurodant dur\u0173 kod\u0105 ir siunt\u0173 automato buvimo viet\u0105. Siunt\u0173 automat\u0173 buvimo vietas ir darbo laik\u0105 galite rasti<strong>\u00a0<a href=\"https:\/\/itella.ee\/eraklient\/pakiautomaatide-asukohad\/\" target=\"_blank\" rel=\"noreferrer noopener\">i\u0161 \u010dia.<\/a><\/strong><\/p><p><strong>ITELLA SMARTKULLER &#8211; 5.59\u20ac<\/strong><\/p><p>Produktai bus pristatyti kurjeriu j\u016bs\u0173 pasirinktu adresu per 1-5 darbo dienas nuo u\u017esakymo patvirtinimo dienos. Kurjeris su jumis susisieks telefonu, kad suderint\u0173 jums patog\u0173 pristatymo laik\u0105.<\/p><p><strong>ITELLA<\/strong> <strong>SMARTPOST PAKIAUTOMAAT SOOME \u2013 13.50\u20ac<\/strong><\/p><p>Produktai bus pristatyti \u012f j\u016bs\u0173 pasirinkt\u0105 siunt\u0173 automat\u0105 per 3-7 darbo dienas nuo u\u017esakymo patvirtinimo. Apie gaminio atvykim\u0105 \u012f siunt\u0173 automat\u0105 b\u016bsite informuoti SMS \u017einute ir el. pa\u0161tu, nurodant dur\u0173 kod\u0105 ir siunt\u0173 automato buvimo viet\u0105.<\/p><p><strong><br \/>DPD PAKIAUTOMAAT &#8211; 2.99\u20ac (hetkel pole saadaval)<\/strong><\/p><p>Produktai bus pristatyti \u012f j\u016bs\u0173 pasirinkt\u0105 siunt\u0173 automat\u0105 per 1-5 darbo dienas nuo u\u017esakymo patvirtinimo. Apie produkto atvykim\u0105 \u012f siunt\u0173 automat\u0105 b\u016bsite informuoti SMS \u017einute, kurioje bus nurodytas dur\u0173 kodas ir siunt\u0173 automato buvimo vieta. Siunt\u0173 automatai veikia 24 valandas per par\u0105 ir paprastai yra netoli pagrindinio \u012f\u0117jimo \u012f \u012fvairius prekybos centrus.<\/p><p><strong>OMNIVA PAKIAUTOMAAT &#8211; 3.09\u20ac<\/strong><\/p><p>Produktai bus pristatyti \u012f j\u016bs\u0173 pasirinkt\u0105 siunt\u0173 automat\u0105 per 1-5 darbo dienas nuo u\u017esakymo patvirtinimo. Apie gaminio atvykim\u0105 \u012f siunt\u0173 automat\u0105 b\u016bsite informuoti SMS \u017einute, kurioje bus nurodytas dur\u0173 kodas, siunt\u0173 automato vieta, gr\u0105\u017einimo kodas ir saugojimo laikotarpio pabaiga.<br \/>Automatai veikia vis\u0105 par\u0105 ir paprastai yra netoli pagrindinio \u012f\u0117jimo \u012f \u012fvairius prekybos centrus.<\/p><p><strong>OMNIVA<\/strong> <strong>POSTKONTOR &#8211; 6.10\u20ac<\/strong><\/p><p>Produktai bus pristatyti \u012f pa\u0161t\u0105 per 1-5 darbo dienas nuo u\u017esakymo patvirtinimo gavimo. Kai gaminiai bus pristatyti \u012f pa\u0161t\u0105, gausite SMS \u017einut\u0119 arba lai\u0161k\u0105 su informacija apie pa\u0161to skyri\u0173, kuriame gal\u0117site atsiimti u\u017esakym\u0105.<\/p>\t\t\t\t\t\t\t\t<\/div>\n\t\t\t\t<\/div>\n\t\t\t\t<\/div>\n\t\t\t\t\t<\/div>\n\t\t\t\t<\/div>\n\t\t\t\t<\/div>","protected":false},"excerpt":{"rendered":"<p>Kohaletoimetamine KARINIBUTIIK.EE e-poest saab kaupa tellida mitmel erineval moel. ALATES 99,00 EUR TELLIMUSEST ON EESTI SISENE PAKIAUTOMAADI TEENUS TASUTA! ITELLA [&hellip;]<\/p>\n","protected":false},"author":3,"featured_media":0,"parent":0,"menu_order":0,"comment_status":"closed","ping_status":"closed","template":"elementor_header_footer","meta":{"site-sidebar-layout":"default","site-content-layout":"","ast-site-content-layout":"default","site-content-style":"default","site-sidebar-style":"default","ast-global-header-display":"","ast-banner-title-visibility":"","ast-main-header-display":"","ast-hfb-above-header-display":"","ast-hfb-below-header-display":"","ast-hfb-mobile-header-display":"","site-post-title":"","ast-breadcrumbs-content":"","ast-featured-img":"","footer-sml-layout":"","ast-disable-related-posts":"","theme-transparent-header-meta":"","adv-header-id-meta":"","stick-header-meta":"","header-above-stick-meta":"","header-main-stick-meta":"","header-below-stick-meta":"","astra-migrate-meta-layouts":"default","ast-page-background-enabled":"default","ast-page-background-meta":{"desktop":{"background-color":"var(--ast-global-color-4)","background-image":"","background-repeat":"repeat","background-position":"center center","background-size":"auto","background-attachment":"scroll","background-type":"","background-media":"","overlay-type":"","overlay-color":"","overlay-opacity":"","overlay-gradient":""},"tablet":{"background-color":"","background-image":"","background-repeat":"repeat","background-position":"center center","background-size":"auto","background-attachment":"scroll","background-type":"","background-media":"","overlay-type":"","overlay-color":"","overlay-opacity":"","overlay-gradient":""},"mobile":{"background-color":"","background-image":"","background-repeat":"repeat","background-position":"center center","background-size":"auto","background-attachment":"scroll","background-type":"","background-media":"","overlay-type":"","overlay-color":"","overlay-opacity":"","overlay-gradient":""}},"ast-content-background-meta":{"desktop":{"background-color":"var(--ast-global-color-5)","background-image":"","background-repeat":"repeat","background-position":"center center","background-size":"auto","background-attachment":"scroll","background-type":"","background-media":"","overlay-type":"","overlay-color":"","overlay-opacity":"","overlay-gradient":""},"tablet":{"background-color":"var(--ast-global-color-5)","background-image":"","background-repeat":"repeat","background-position":"center center","background-size":"auto","background-attachment":"scroll","background-type":"","background-media":"","overlay-type":"","overlay-color":"","overlay-opacity":"","overlay-gradient":""},"mobile":{"background-color":"var(--ast-global-color-5)","background-image":"","background-repeat":"repeat","background-position":"center center","background-size":"auto","background-attachment":"scroll","background-type":"","background-media":"","overlay-type":"","overlay-color":"","overlay-opacity":"","overlay-gradient":""}},"footnotes":""},"class_list":["post-745","page","type-page","status-publish","hentry"],"yoast_head":"<!-- This site is optimized with the Yoast SEO plugin v26.9 - https:\/\/yoast.com\/product\/yoast-seo-wordpress\/ -->\n<title>Kohaletoimetamine - Karini Butiik<\/title>\n<meta name=\"robots\" content=\"index, follow, max-snippet:-1, max-image-preview:large, max-video-preview:-1\" \/>\n<link rel=\"canonical\" href=\"https:\/\/www.karinibutiik.ee\/lt\/pristatymas-i\/\" \/>\n<meta property=\"og:locale\" content=\"lt_LT\" \/>\n<meta property=\"og:type\" content=\"article\" \/>\n<meta property=\"og:title\" content=\"Kohaletoimetamine - Karini Butiik\" \/>\n<meta property=\"og:description\" content=\"Kohaletoimetamine KARINIBUTIIK.EE e-poest saab kaupa tellida mitmel erineval moel. ALATES 99,00 EUR TELLIMUSEST ON EESTI SISENE PAKIAUTOMAADI TEENUS TASUTA! ITELLA [&hellip;]\" \/>\n<meta property=\"og:url\" content=\"https:\/\/www.karinibutiik.ee\/lt\/pristatymas-i\/\" \/>\n<meta property=\"og:site_name\" content=\"Karini Butiik\" \/>\n<meta property=\"article:publisher\" content=\"https:\/\/www.facebook.com\/karinibutiik.ee\" \/>\n<meta property=\"article:modified_time\" content=\"2026-01-02T11:41:27+00:00\" \/>\n<meta property=\"og:image\" content=\"https:\/\/www.karinibutiik.ee\/wp-content\/uploads\/2024\/10\/Karinibutiikavaleht.png\" \/>\n\t<meta property=\"og:image:width\" content=\"1209\" \/>\n\t<meta property=\"og:image:height\" content=\"835\" \/>\n\t<meta property=\"og:image:type\" content=\"image\/png\" \/>\n<meta name=\"twitter:card\" content=\"summary_large_image\" \/>\n<meta name=\"twitter:label1\" content=\"Est. reading time\" \/>\n\t<meta name=\"twitter:data1\" content=\"1 minut\u0117\" \/>\n<script type=\"application\/ld+json\" class=\"yoast-schema-graph\">{\"@context\":\"https:\/\/schema.org\",\"@graph\":[{\"@type\":\"WebPage\",\"@id\":\"https:\/\/www.karinibutiik.ee\/kohaletoimetamine\/\",\"url\":\"https:\/\/www.karinibutiik.ee\/kohaletoimetamine\/\",\"name\":\"Kohaletoimetamine - Karini Butiik\",\"isPartOf\":{\"@id\":\"https:\/\/www.karinibutiik.ee\/#website\"},\"datePublished\":\"2024-03-15T12:35:52+00:00\",\"dateModified\":\"2026-01-02T11:41:27+00:00\",\"breadcrumb\":{\"@id\":\"https:\/\/www.karinibutiik.ee\/kohaletoimetamine\/#breadcrumb\"},\"inLanguage\":\"lt-LT\",\"potentialAction\":[{\"@type\":\"ReadAction\",\"target\":[\"https:\/\/www.karinibutiik.ee\/kohaletoimetamine\/\"]}]},{\"@type\":\"BreadcrumbList\",\"@id\":\"https:\/\/www.karinibutiik.ee\/kohaletoimetamine\/#breadcrumb\",\"itemListElement\":[{\"@type\":\"ListItem\",\"position\":1,\"name\":\"Home\",\"item\":\"https:\/\/www.karinibutiik.ee\/\"},{\"@type\":\"ListItem\",\"position\":2,\"name\":\"Kohaletoimetamine\"}]},{\"@type\":\"WebSite\",\"@id\":\"https:\/\/www.karinibutiik.ee\/#website\",\"url\":\"https:\/\/www.karinibutiik.ee\/\",\"name\":\"Karini Butiik\",\"description\":\"\",\"publisher\":{\"@id\":\"https:\/\/www.karinibutiik.ee\/#organization\"},\"potentialAction\":[{\"@type\":\"SearchAction\",\"target\":{\"@type\":\"EntryPoint\",\"urlTemplate\":\"https:\/\/www.karinibutiik.ee\/?s={search_term_string}\"},\"query-input\":{\"@type\":\"PropertyValueSpecification\",\"valueRequired\":true,\"valueName\":\"search_term_string\"}}],\"inLanguage\":\"lt-LT\"},{\"@type\":\"Organization\",\"@id\":\"https:\/\/www.karinibutiik.ee\/#organization\",\"name\":\"Karini Butiik\",\"url\":\"https:\/\/www.karinibutiik.ee\/\",\"logo\":{\"@type\":\"ImageObject\",\"inLanguage\":\"lt-LT\",\"@id\":\"https:\/\/www.karinibutiik.ee\/#\/schema\/logo\/image\/\",\"url\":\"https:\/\/www.karinibutiik.ee\/wp-content\/uploads\/2024\/10\/Kuj.-K-koopia.png\",\"contentUrl\":\"https:\/\/www.karinibutiik.ee\/wp-content\/uploads\/2024\/10\/Kuj.-K-koopia.png\",\"width\":500,\"height\":500,\"caption\":\"Karini Butiik\"},\"image\":{\"@id\":\"https:\/\/www.karinibutiik.ee\/#\/schema\/logo\/image\/\"},\"sameAs\":[\"https:\/\/www.facebook.com\/karinibutiik.ee\",\"https:\/\/www.instagram.com\/karinibutiik\"]}]}<\/script>\n<!-- \/ Yoast SEO plugin. -->","yoast_head_json":{"title":"Pristatymas - Karini Butiik","robots":{"index":"index","follow":"follow","max-snippet":"max-snippet:-1","max-image-preview":"max-image-preview:large","max-video-preview":"max-video-preview:-1"},"canonical":"https:\/\/www.karinibutiik.ee\/lt\/pristatymas-i\/","og_locale":"lt_LT","og_type":"article","og_title":"Kohaletoimetamine - Karini Butiik","og_description":"Kohaletoimetamine KARINIBUTIIK.EE e-poest saab kaupa tellida mitmel erineval moel. ALATES 99,00 EUR TELLIMUSEST ON EESTI SISENE PAKIAUTOMAADI TEENUS TASUTA! ITELLA [&hellip;]","og_url":"https:\/\/www.karinibutiik.ee\/lt\/pristatymas-i\/","og_site_name":"Karini Butiik","article_publisher":"https:\/\/www.facebook.com\/karinibutiik.ee","article_modified_time":"2026-01-02T11:41:27+00:00","og_image":[{"width":1209,"height":835,"url":"https:\/\/www.karinibutiik.ee\/wp-content\/uploads\/2024\/10\/Karinibutiikavaleht.png","type":"image\/png"}],"twitter_card":"summary_large_image","twitter_misc":{"Est. reading time":"1 minut\u0117"},"schema":{"@context":"https:\/\/schema.org","@graph":[{"@type":"WebPage","@id":"https:\/\/www.karinibutiik.ee\/kohaletoimetamine\/","url":"https:\/\/www.karinibutiik.ee\/kohaletoimetamine\/","name":"Pristatymas - Karini Butiik","isPartOf":{"@id":"https:\/\/www.karinibutiik.ee\/#website"},"datePublished":"2024-03-15T12:35:52+00:00","dateModified":"2026-01-02T11:41:27+00:00","breadcrumb":{"@id":"https:\/\/www.karinibutiik.ee\/kohaletoimetamine\/#breadcrumb"},"inLanguage":"lt-LT","potentialAction":[{"@type":"ReadAction","target":["https:\/\/www.karinibutiik.ee\/kohaletoimetamine\/"]}]},{"@type":"BreadcrumbList","@id":"https:\/\/www.karinibutiik.ee\/kohaletoimetamine\/#breadcrumb","itemListElement":[{"@type":"ListItem","position":1,"name":"Home","item":"https:\/\/www.karinibutiik.ee\/"},{"@type":"ListItem","position":2,"name":"Kohaletoimetamine"}]},{"@type":"WebSite","@id":"https:\/\/www.karinibutiik.ee\/#website","url":"https:\/\/www.karinibutiik.ee\/","name":"Karini Butiik","description":"","publisher":{"@id":"https:\/\/www.karinibutiik.ee\/#organization"},"potentialAction":[{"@type":"SearchAction","target":{"@type":"EntryPoint","urlTemplate":"https:\/\/www.karinibutiik.ee\/?s={search_term_string}"},"query-input":{"@type":"PropertyValueSpecification","valueRequired":true,"valueName":"search_term_string"}}],"inLanguage":"lt-LT"},{"@type":"Organization","@id":"https:\/\/www.karinibutiik.ee\/#organization","name":"Karini Butiik","url":"https:\/\/www.karinibutiik.ee\/","logo":{"@type":"ImageObject","inLanguage":"lt-LT","@id":"https:\/\/www.karinibutiik.ee\/#\/schema\/logo\/image\/","url":"https:\/\/www.karinibutiik.ee\/wp-content\/uploads\/2024\/10\/Kuj.-K-koopia.png","contentUrl":"https:\/\/www.karinibutiik.ee\/wp-content\/uploads\/2024\/10\/Kuj.-K-koopia.png","width":500,"height":500,"caption":"Karini Butiik"},"image":{"@id":"https:\/\/www.karinibutiik.ee\/#\/schema\/logo\/image\/"},"sameAs":["https:\/\/www.facebook.com\/karinibutiik.ee","https:\/\/www.instagram.com\/karinibutiik"]}]}},"_links":{"self":[{"href":"https:\/\/www.karinibutiik.ee\/lt\/wp-json\/wp\/v2\/pages\/745","targetHints":{"allow":["GET"]}}],"collection":[{"href":"https:\/\/www.karinibutiik.ee\/lt\/wp-json\/wp\/v2\/pages"}],"about":[{"href":"https:\/\/www.karinibutiik.ee\/lt\/wp-json\/wp\/v2\/types\/page"}],"author":[{"embeddable":true,"href":"https:\/\/www.karinibutiik.ee\/lt\/wp-json\/wp\/v2\/users\/3"}],"replies":[{"embeddable":true,"href":"https:\/\/www.karinibutiik.ee\/lt\/wp-json\/wp\/v2\/comments?post=745"}],"version-history":[{"count":31,"href":"https:\/\/www.karinibutiik.ee\/lt\/wp-json\/wp\/v2\/pages\/745\/revisions"}],"predecessor-version":[{"id":25715,"href":"https:\/\/www.karinibutiik.ee\/lt\/wp-json\/wp\/v2\/pages\/745\/revisions\/25715"}],"wp:attachment":[{"href":"https:\/\/www.karinibutiik.ee\/lt\/wp-json\/wp\/v2\/media?parent=745"}],"curies":[{"name":"wp","href":"https:\/\/api.w.org\/{rel}","templated":true}]}}