{"id":12085,"date":"2024-05-03T06:25:43","date_gmt":"2024-05-03T06:25:43","guid":{"rendered":"https:\/\/www.karinibutiik.ee\/toode\/kudumkleit-pikakde-varrukatega-5\/"},"modified":"2025-11-07T15:04:03","modified_gmt":"2025-11-07T13:04:03","slug":"kudumkleit-pikakde-varrukatega-5","status":"publish","type":"product","link":"https:\/\/www.karinibutiik.ee\/lt\/produktas\/kudumkleit-pikakde-varrukatega-5\/","title":{"rendered":"MEGZTA SUKNEL\u0116 ILGOMIS RANKOV\u0116MIS"},"content":{"rendered":"<p>See pikkade varrukatega kehasse hoidev kudumkleit \u00fchendab endas mugavuse ja elegantsi. Valmistatud pehmest ja kehasse hoidvast kudumist, mis tagab meeldiva kandmiskogemuse ja r\u00f5hutab kaunilt figuuri. Kleidil olev peen tikandmuster lisab sellele unikaalset v\u00f5lu ja dekoratiivsust, muutes selle ideaalseks valikuks nii igap\u00e4evaseks kandmiseks kui ka pidulikemateks s\u00fcndmusteks. Kombineerige see kudumkleit oma lemmikaksessuaaridega, et luua stiilne ja l\u00e4bim\u00f5eldud v\u00e4limus, mis ei j\u00e4\u00e4 m\u00e4rkamatuks.<\/p>","protected":false},"excerpt":{"rendered":"<p>See pikkade varrukatega kehasse hoidev kudumkleit \u00fchendab endas mugavuse ja elegantsi. Valmistatud pehmest ja kehasse hoidvast kudumist, mis tagab meeldiva [&hellip;]<\/p>\n","protected":false},"featured_media":13400,"template":"","meta":{"site-sidebar-layout":"default","site-content-layout":"","ast-site-content-layout":"default","site-content-style":"default","site-sidebar-style":"default","ast-global-header-display":"","ast-banner-title-visibility":"","ast-main-header-display":"","ast-hfb-above-header-display":"","ast-hfb-below-header-display":"","ast-hfb-mobile-header-display":"","site-post-title":"","ast-breadcrumbs-content":"","ast-featured-img":"","footer-sml-layout":"","ast-disable-related-posts":"","theme-transparent-header-meta":"default","adv-header-id-meta":"","stick-header-meta":"default","header-above-stick-meta":"","header-main-stick-meta":"","header-below-stick-meta":"","astra-migrate-meta-layouts":"set","ast-page-background-enabled":"default","ast-page-background-meta":{"desktop":{"background-color":"var(--ast-global-color-4)","background-image":"","background-repeat":"repeat","background-position":"center center","background-size":"auto","background-attachment":"scroll","background-type":"","background-media":"","overlay-type":"","overlay-color":"","overlay-opacity":"","overlay-gradient":""},"tablet":{"background-color":"","background-image":"","background-repeat":"repeat","background-position":"center center","background-size":"auto","background-attachment":"scroll","background-type":"","background-media":"","overlay-type":"","overlay-color":"","overlay-opacity":"","overlay-gradient":""},"mobile":{"background-color":"","background-image":"","background-repeat":"repeat","background-position":"center center","background-size":"auto","background-attachment":"scroll","background-type":"","background-media":"","overlay-type":"","overlay-color":"","overlay-opacity":"","overlay-gradient":""}},"ast-content-background-meta":{"desktop":{"background-color":"var(--ast-global-color-5)","background-image":"","background-repeat":"repeat","background-position":"center center","background-size":"auto","background-attachment":"scroll","background-type":"","background-media":"","overlay-type":"","overlay-color":"","overlay-opacity":"","overlay-gradient":""},"tablet":{"background-color":"var(--ast-global-color-5)","background-image":"","background-repeat":"repeat","background-position":"center center","background-size":"auto","background-attachment":"scroll","background-type":"","background-media":"","overlay-type":"","overlay-color":"","overlay-opacity":"","overlay-gradient":""},"mobile":{"background-color":"var(--ast-global-color-5)","background-image":"","background-repeat":"repeat","background-position":"center center","background-size":"auto","background-attachment":"scroll","background-type":"","background-media":"","overlay-type":"","overlay-color":"","overlay-opacity":"","overlay-gradient":""}}},"product_brand":[],"product_cat":[367,347,378,364,346],"product_tag":[],"class_list":{"0":"post-12085","1":"product","2":"type-product","3":"status-publish","4":"has-post-thumbnail","6":"product_cat-allahindlus","7":"product_cat-kleidid","8":"product_cat-kudumkleidid-ja-soonikud","9":"product_cat-minikleidid","10":"product_cat-naised","11":"desktop-align-center","12":"tablet-align-center","13":"mobile-align-center","14":"ast-product-gallery-layout-horizontal-slider","15":"ast-product-single-variable","16":"ast-product-tabs-layout-horizontal","18":"first","19":"instock","20":"sale","21":"taxable","22":"shipping-taxable","23":"purchasable","24":"product-type-variable"},"supplier_id":null,"supplier_sku":"","barcode":null,"atum_controlled":true,"out_stock_date":null,"out_stock_threshold":null,"inheritable":true,"inbound_stock":0,"stock_on_hold":0,"sold_today":0,"sales_last_days":0,"reserved_stock":0,"customer_returns":0,"warehouse_damage":0,"lost_in_post":0,"other_logs":0,"out_stock_days":0,"lost_sales":0,"has_location":false,"update_date":"2025-12-02T01:20:21","atum_locations":[],"atum_stock_status":"instock","restock_status":false,"low_stock_amount":"","sales_update_date":"2025-12-02T01:20:21","calc_backorders":null,"yoast_head":"<!-- This site is optimized with the Yoast SEO plugin v26.9 - https:\/\/yoast.com\/product\/yoast-seo-wordpress\/ -->\n<title>KUDUMKLEIT PIKAKDE VARRUKATEGA - Karini Butiik<\/title>\n<meta name=\"description\" content=\"V\u00f5luv ja elegantne pikkade varrukatega kudumkleit kehale sobiva l\u00f5ikega. Pehmest materjalist valmistatud, see on ideaalne igap\u00e4evaseks kandmiseks v\u00f5i erilisteks s\u00fcndmusteks. Osta oma unistuste kleit kohe!\" \/>\n<meta name=\"robots\" content=\"index, follow, max-snippet:-1, max-image-preview:large, max-video-preview:-1\" \/>\n<link rel=\"canonical\" href=\"https:\/\/www.karinibutiik.ee\/lt\/produktas\/kudumkleit-pikakde-varrukatega-5\/\" \/>\n<meta property=\"og:locale\" content=\"lt_LT\" \/>\n<meta property=\"og:type\" content=\"article\" \/>\n<meta property=\"og:title\" content=\"KUDUMKLEIT PIKAKDE VARRUKATEGA - Karini Butiik\" \/>\n<meta property=\"og:description\" content=\"V\u00f5luv ja elegantne pikkade varrukatega kudumkleit kehale sobiva l\u00f5ikega. Pehmest materjalist valmistatud, see on ideaalne igap\u00e4evaseks kandmiseks v\u00f5i erilisteks s\u00fcndmusteks. Osta oma unistuste kleit kohe!\" \/>\n<meta property=\"og:url\" content=\"https:\/\/www.karinibutiik.ee\/lt\/produktas\/kudumkleit-pikakde-varrukatega-5\/\" \/>\n<meta property=\"og:site_name\" content=\"Karini Butiik\" \/>\n<meta property=\"article:publisher\" content=\"https:\/\/www.facebook.com\/karinibutiik.ee\" \/>\n<meta property=\"article:modified_time\" content=\"2025-11-07T13:04:03+00:00\" \/>\n<meta property=\"og:image\" content=\"https:\/\/www.karinibutiik.ee\/wp-content\/uploads\/2024\/05\/23E28C8A-C315-4CD1-9429-D85862DA5D02.jpeg\" \/>\n\t<meta property=\"og:image:width\" content=\"1200\" \/>\n\t<meta property=\"og:image:height\" content=\"1500\" \/>\n\t<meta property=\"og:image:type\" content=\"image\/jpeg\" \/>\n<meta name=\"twitter:card\" content=\"summary_large_image\" \/>\n<meta name=\"twitter:label1\" content=\"Availability\" \/>\n\t<meta name=\"twitter:data1\" content=\"In stock\" \/>\n<script type=\"application\/ld+json\" class=\"yoast-schema-graph\">{\"@context\":\"https:\/\/schema.org\",\"@graph\":[{\"@type\":\"WebPage\",\"@id\":\"https:\/\/www.karinibutiik.ee\/toode\/kudumkleit-pikakde-varrukatega-5\/\",\"url\":\"https:\/\/www.karinibutiik.ee\/toode\/kudumkleit-pikakde-varrukatega-5\/\",\"name\":\"KUDUMKLEIT PIKAKDE VARRUKATEGA - Karini Butiik\",\"isPartOf\":{\"@id\":\"https:\/\/www.karinibutiik.ee\/#website\"},\"primaryImageOfPage\":{\"@id\":\"https:\/\/www.karinibutiik.ee\/toode\/kudumkleit-pikakde-varrukatega-5\/#primaryimage\"},\"image\":{\"@id\":\"https:\/\/www.karinibutiik.ee\/toode\/kudumkleit-pikakde-varrukatega-5\/#primaryimage\"},\"thumbnailUrl\":\"https:\/\/www.karinibutiik.ee\/wp-content\/uploads\/2024\/05\/23E28C8A-C315-4CD1-9429-D85862DA5D02.jpeg\",\"datePublished\":\"2024-05-03T06:25:43+00:00\",\"dateModified\":\"2025-11-07T13:04:03+00:00\",\"description\":\"V\u00f5luv ja elegantne pikkade varrukatega kudumkleit kehale sobiva l\u00f5ikega. Pehmest materjalist valmistatud, see on ideaalne igap\u00e4evaseks kandmiseks v\u00f5i erilisteks s\u00fcndmusteks. Osta oma unistuste kleit kohe!\",\"breadcrumb\":{\"@id\":\"https:\/\/www.karinibutiik.ee\/toode\/kudumkleit-pikakde-varrukatega-5\/#breadcrumb\"},\"inLanguage\":\"lt-LT\",\"potentialAction\":[{\"@type\":\"ReadAction\",\"target\":[\"https:\/\/www.karinibutiik.ee\/toode\/kudumkleit-pikakde-varrukatega-5\/\"]}]},{\"@type\":\"ImageObject\",\"inLanguage\":\"lt-LT\",\"@id\":\"https:\/\/www.karinibutiik.ee\/toode\/kudumkleit-pikakde-varrukatega-5\/#primaryimage\",\"url\":\"https:\/\/www.karinibutiik.ee\/wp-content\/uploads\/2024\/05\/23E28C8A-C315-4CD1-9429-D85862DA5D02.jpeg\",\"contentUrl\":\"https:\/\/www.karinibutiik.ee\/wp-content\/uploads\/2024\/05\/23E28C8A-C315-4CD1-9429-D85862DA5D02.jpeg\",\"width\":1200,\"height\":1500},{\"@type\":\"BreadcrumbList\",\"@id\":\"https:\/\/www.karinibutiik.ee\/toode\/kudumkleit-pikakde-varrukatega-5\/#breadcrumb\",\"itemListElement\":[{\"@type\":\"ListItem\",\"position\":1,\"name\":\"Home\",\"item\":\"https:\/\/www.karinibutiik.ee\/\"},{\"@type\":\"ListItem\",\"position\":2,\"name\":\"Pood\",\"item\":\"https:\/\/www.karinibutiik.ee\/pood\/\"},{\"@type\":\"ListItem\",\"position\":3,\"name\":\"KUDUMKLEIT PIKAKDE VARRUKATEGA\"}]},{\"@type\":\"WebSite\",\"@id\":\"https:\/\/www.karinibutiik.ee\/#website\",\"url\":\"https:\/\/www.karinibutiik.ee\/\",\"name\":\"Karini Butiik\",\"description\":\"\",\"publisher\":{\"@id\":\"https:\/\/www.karinibutiik.ee\/#organization\"},\"potentialAction\":[{\"@type\":\"SearchAction\",\"target\":{\"@type\":\"EntryPoint\",\"urlTemplate\":\"https:\/\/www.karinibutiik.ee\/?s={search_term_string}\"},\"query-input\":{\"@type\":\"PropertyValueSpecification\",\"valueRequired\":true,\"valueName\":\"search_term_string\"}}],\"inLanguage\":\"lt-LT\"},{\"@type\":\"Organization\",\"@id\":\"https:\/\/www.karinibutiik.ee\/#organization\",\"name\":\"Karini Butiik\",\"url\":\"https:\/\/www.karinibutiik.ee\/\",\"logo\":{\"@type\":\"ImageObject\",\"inLanguage\":\"lt-LT\",\"@id\":\"https:\/\/www.karinibutiik.ee\/#\/schema\/logo\/image\/\",\"url\":\"https:\/\/www.karinibutiik.ee\/wp-content\/uploads\/2024\/10\/Kuj.-K-koopia.png\",\"contentUrl\":\"https:\/\/www.karinibutiik.ee\/wp-content\/uploads\/2024\/10\/Kuj.-K-koopia.png\",\"width\":500,\"height\":500,\"caption\":\"Karini Butiik\"},\"image\":{\"@id\":\"https:\/\/www.karinibutiik.ee\/#\/schema\/logo\/image\/\"},\"sameAs\":[\"https:\/\/www.facebook.com\/karinibutiik.ee\",\"https:\/\/www.instagram.com\/karinibutiik\"]}]}<\/script>\n<meta property=\"og:availability\" content=\"instock\" \/>\n<meta property=\"product:availability\" content=\"instock\" \/>\n<meta property=\"product:retailer_item_id\" content=\"07744\" \/>\n<meta property=\"product:condition\" content=\"new\" \/>\n<!-- \/ Yoast SEO plugin. -->","yoast_head_json":{"title":"KUDUMKLEIT PIKAKDE VARRUKATEGA - Karini Butiik","description":"V\u00f5luv ja elegantne pikkade varrukatega kudumkleit kehale sobiva l\u00f5ikega. Pehmest materjalist valmistatud, see on ideaalne igap\u00e4evaseks kandmiseks v\u00f5i erilisteks s\u00fcndmusteks. Osta oma unistuste kleit kohe!","robots":{"index":"index","follow":"follow","max-snippet":"max-snippet:-1","max-image-preview":"max-image-preview:large","max-video-preview":"max-video-preview:-1"},"canonical":"https:\/\/www.karinibutiik.ee\/lt\/produktas\/kudumkleit-pikakde-varrukatega-5\/","og_locale":"lt_LT","og_type":"article","og_title":"KUDUMKLEIT PIKAKDE VARRUKATEGA - Karini Butiik","og_description":"V\u00f5luv ja elegantne pikkade varrukatega kudumkleit kehale sobiva l\u00f5ikega. Pehmest materjalist valmistatud, see on ideaalne igap\u00e4evaseks kandmiseks v\u00f5i erilisteks s\u00fcndmusteks. Osta oma unistuste kleit kohe!","og_url":"https:\/\/www.karinibutiik.ee\/lt\/produktas\/kudumkleit-pikakde-varrukatega-5\/","og_site_name":"Karini Butiik","article_publisher":"https:\/\/www.facebook.com\/karinibutiik.ee","article_modified_time":"2025-11-07T13:04:03+00:00","og_image":[{"width":1200,"height":1500,"url":"https:\/\/www.karinibutiik.ee\/wp-content\/uploads\/2024\/05\/23E28C8A-C315-4CD1-9429-D85862DA5D02.jpeg","type":"image\/jpeg"}],"twitter_card":"summary_large_image","twitter_misc":{"Availability":"In stock"},"schema":{"@context":"https:\/\/schema.org","@graph":[{"@type":"WebPage","@id":"https:\/\/www.karinibutiik.ee\/toode\/kudumkleit-pikakde-varrukatega-5\/","url":"https:\/\/www.karinibutiik.ee\/toode\/kudumkleit-pikakde-varrukatega-5\/","name":"KUDUMKLEIT PIKAKDE VARRUKATEGA - Karini Butiik","isPartOf":{"@id":"https:\/\/www.karinibutiik.ee\/#website"},"primaryImageOfPage":{"@id":"https:\/\/www.karinibutiik.ee\/toode\/kudumkleit-pikakde-varrukatega-5\/#primaryimage"},"image":{"@id":"https:\/\/www.karinibutiik.ee\/toode\/kudumkleit-pikakde-varrukatega-5\/#primaryimage"},"thumbnailUrl":"https:\/\/www.karinibutiik.ee\/wp-content\/uploads\/2024\/05\/23E28C8A-C315-4CD1-9429-D85862DA5D02.jpeg","datePublished":"2024-05-03T06:25:43+00:00","dateModified":"2025-11-07T13:04:03+00:00","description":"V\u00f5luv ja elegantne pikkade varrukatega kudumkleit kehale sobiva l\u00f5ikega. Pehmest materjalist valmistatud, see on ideaalne igap\u00e4evaseks kandmiseks v\u00f5i erilisteks s\u00fcndmusteks. Osta oma unistuste kleit kohe!","breadcrumb":{"@id":"https:\/\/www.karinibutiik.ee\/toode\/kudumkleit-pikakde-varrukatega-5\/#breadcrumb"},"inLanguage":"lt-LT","potentialAction":[{"@type":"ReadAction","target":["https:\/\/www.karinibutiik.ee\/toode\/kudumkleit-pikakde-varrukatega-5\/"]}]},{"@type":"ImageObject","inLanguage":"lt-LT","@id":"https:\/\/www.karinibutiik.ee\/toode\/kudumkleit-pikakde-varrukatega-5\/#primaryimage","url":"https:\/\/www.karinibutiik.ee\/wp-content\/uploads\/2024\/05\/23E28C8A-C315-4CD1-9429-D85862DA5D02.jpeg","contentUrl":"https:\/\/www.karinibutiik.ee\/wp-content\/uploads\/2024\/05\/23E28C8A-C315-4CD1-9429-D85862DA5D02.jpeg","width":1200,"height":1500},{"@type":"BreadcrumbList","@id":"https:\/\/www.karinibutiik.ee\/toode\/kudumkleit-pikakde-varrukatega-5\/#breadcrumb","itemListElement":[{"@type":"ListItem","position":1,"name":"Home","item":"https:\/\/www.karinibutiik.ee\/"},{"@type":"ListItem","position":2,"name":"Pood","item":"https:\/\/www.karinibutiik.ee\/pood\/"},{"@type":"ListItem","position":3,"name":"KUDUMKLEIT PIKAKDE VARRUKATEGA"}]},{"@type":"WebSite","@id":"https:\/\/www.karinibutiik.ee\/#website","url":"https:\/\/www.karinibutiik.ee\/","name":"Karini Butiik","description":"","publisher":{"@id":"https:\/\/www.karinibutiik.ee\/#organization"},"potentialAction":[{"@type":"SearchAction","target":{"@type":"EntryPoint","urlTemplate":"https:\/\/www.karinibutiik.ee\/?s={search_term_string}"},"query-input":{"@type":"PropertyValueSpecification","valueRequired":true,"valueName":"search_term_string"}}],"inLanguage":"lt-LT"},{"@type":"Organization","@id":"https:\/\/www.karinibutiik.ee\/#organization","name":"Karini Butiik","url":"https:\/\/www.karinibutiik.ee\/","logo":{"@type":"ImageObject","inLanguage":"lt-LT","@id":"https:\/\/www.karinibutiik.ee\/#\/schema\/logo\/image\/","url":"https:\/\/www.karinibutiik.ee\/wp-content\/uploads\/2024\/10\/Kuj.-K-koopia.png","contentUrl":"https:\/\/www.karinibutiik.ee\/wp-content\/uploads\/2024\/10\/Kuj.-K-koopia.png","width":500,"height":500,"caption":"Karini Butiik"},"image":{"@id":"https:\/\/www.karinibutiik.ee\/#\/schema\/logo\/image\/"},"sameAs":["https:\/\/www.facebook.com\/karinibutiik.ee","https:\/\/www.instagram.com\/karinibutiik"]}]},"og_availability":"instock","product_availability":"instock","product_retailer_item_id":"07744","product_condition":"new"},"_links":{"self":[{"href":"https:\/\/www.karinibutiik.ee\/lt\/wp-json\/wp\/v2\/product\/12085","targetHints":{"allow":["GET"]}}],"collection":[{"href":"https:\/\/www.karinibutiik.ee\/lt\/wp-json\/wp\/v2\/product"}],"about":[{"href":"https:\/\/www.karinibutiik.ee\/lt\/wp-json\/wp\/v2\/types\/product"}],"version-history":[{"count":3,"href":"https:\/\/www.karinibutiik.ee\/lt\/wp-json\/wp\/v2\/product\/12085\/revisions"}],"predecessor-version":[{"id":18129,"href":"https:\/\/www.karinibutiik.ee\/lt\/wp-json\/wp\/v2\/product\/12085\/revisions\/18129"}],"wp:featuredmedia":[{"embeddable":true,"href":"https:\/\/www.karinibutiik.ee\/lt\/wp-json\/wp\/v2\/media\/13400"}],"wp:attachment":[{"href":"https:\/\/www.karinibutiik.ee\/lt\/wp-json\/wp\/v2\/media?parent=12085"}],"wp:term":[{"taxonomy":"product_brand","embeddable":true,"href":"https:\/\/www.karinibutiik.ee\/lt\/wp-json\/wp\/v2\/product_brand?post=12085"},{"taxonomy":"product_cat","embeddable":true,"href":"https:\/\/www.karinibutiik.ee\/lt\/wp-json\/wp\/v2\/product_cat?post=12085"},{"taxonomy":"product_tag","embeddable":true,"href":"https:\/\/www.karinibutiik.ee\/lt\/wp-json\/wp\/v2\/product_tag?post=12085"}],"curies":[{"name":"wp","href":"https:\/\/api.w.org\/{rel}","templated":true}]}}