{"id":12151,"date":"2025-11-03T06:26:07","date_gmt":"2025-11-03T04:26:07","guid":{"rendered":"https:\/\/www.karinibutiik.ee\/toode\/narmastega-gatsby-stiilis-kleit\/"},"modified":"2026-03-25T16:30:17","modified_gmt":"2026-03-25T14:30:17","slug":"narmastega-gatsby-stiilis-kleit","status":"publish","type":"product","link":"https:\/\/www.karinibutiik.ee\/lt\/produktas\/narmastega-gatsby-stiilis-kleit\/","title":{"rendered":"NARMASTEGA GATSBY STIILIS KLEIT"},"content":{"rendered":"<p>Klientide vaieldamatu lemmik! See mini pikkuses Gatsby stiilis litterkleit on t\u00f5eline pilgup\u00fc\u00fcdja, mis kiirgab glamuuri ja s\u00e4ra. Litterdetailid ja stiilsed narmad lisavad kleidile d\u00fcnaamilisust ja liikumist, tehes sellest ideaalse valiku pidulikeks s\u00fcndmusteks ja \u00f6\u00f6elu nautimiseks. Kleidiga oled alati t\u00e4helepanu keskpunktis ja s\u00e4rad nagu t\u00f5eline staar.<\/p>","protected":false},"excerpt":{"rendered":"<p>Klientide vaieldamatu lemmik! See mini pikkuses Gatsby stiilis litterkleit on t\u00f5eline pilgup\u00fc\u00fcdja, mis kiirgab glamuuri ja s\u00e4ra. Litterdetailid ja stiilsed [&hellip;]<\/p>\n","protected":false},"featured_media":13415,"template":"","meta":{"site-sidebar-layout":"default","site-content-layout":"","ast-site-content-layout":"default","site-content-style":"default","site-sidebar-style":"default","ast-global-header-display":"","ast-banner-title-visibility":"","ast-main-header-display":"","ast-hfb-above-header-display":"","ast-hfb-below-header-display":"","ast-hfb-mobile-header-display":"","site-post-title":"","ast-breadcrumbs-content":"","ast-featured-img":"","footer-sml-layout":"","ast-disable-related-posts":"","theme-transparent-header-meta":"default","adv-header-id-meta":"","stick-header-meta":"default","header-above-stick-meta":"","header-main-stick-meta":"","header-below-stick-meta":"","astra-migrate-meta-layouts":"set","ast-page-background-enabled":"default","ast-page-background-meta":{"desktop":{"background-color":"var(--ast-global-color-4)","background-image":"","background-repeat":"repeat","background-position":"center center","background-size":"auto","background-attachment":"scroll","background-type":"","background-media":"","overlay-type":"","overlay-color":"","overlay-opacity":"","overlay-gradient":""},"tablet":{"background-color":"","background-image":"","background-repeat":"repeat","background-position":"center center","background-size":"auto","background-attachment":"scroll","background-type":"","background-media":"","overlay-type":"","overlay-color":"","overlay-opacity":"","overlay-gradient":""},"mobile":{"background-color":"","background-image":"","background-repeat":"repeat","background-position":"center center","background-size":"auto","background-attachment":"scroll","background-type":"","background-media":"","overlay-type":"","overlay-color":"","overlay-opacity":"","overlay-gradient":""}},"ast-content-background-meta":{"desktop":{"background-color":"var(--ast-global-color-5)","background-image":"","background-repeat":"repeat","background-position":"center center","background-size":"auto","background-attachment":"scroll","background-type":"","background-media":"","overlay-type":"","overlay-color":"","overlay-opacity":"","overlay-gradient":""},"tablet":{"background-color":"var(--ast-global-color-5)","background-image":"","background-repeat":"repeat","background-position":"center center","background-size":"auto","background-attachment":"scroll","background-type":"","background-media":"","overlay-type":"","overlay-color":"","overlay-opacity":"","overlay-gradient":""},"mobile":{"background-color":"var(--ast-global-color-5)","background-image":"","background-repeat":"repeat","background-position":"center center","background-size":"auto","background-attachment":"scroll","background-type":"","background-media":"","overlay-type":"","overlay-color":"","overlay-opacity":"","overlay-gradient":""}}},"product_brand":[],"product_cat":[452,347,377,364,346,351],"product_tag":[676,475,476,501,477,485,86,637,626,92],"class_list":{"0":"post-12151","1":"product","2":"type-product","3":"status-publish","4":"has-post-thumbnail","6":"product_cat-bestseller","7":"product_cat-kleidid","8":"product_cat-litter-ja-glitterkleidid","9":"product_cat-minikleidid","10":"product_cat-naised","11":"product_cat-uued-tooted","12":"product_tag-catsby-kleit","13":"product_tag-dresshouse","14":"product_tag-getdressed","15":"product_tag-karini-butiik","16":"product_tag-kleidibutiik","17":"product_tag-kleidipood","18":"product_tag-kleit","19":"product_tag-litterkleit","20":"product_tag-narmastega-kleit","21":"product_tag-pidulikud-kleidid","22":"desktop-align-center","23":"tablet-align-center","24":"mobile-align-center","25":"ast-product-gallery-layout-horizontal-slider","26":"ast-product-single-variable","27":"ast-product-tabs-layout-horizontal","29":"first","30":"instock","31":"taxable","32":"shipping-taxable","33":"purchasable","34":"product-type-variable"},"supplier_id":null,"supplier_sku":"","barcode":null,"atum_controlled":true,"out_stock_date":null,"out_stock_threshold":null,"inheritable":true,"inbound_stock":0,"stock_on_hold":0,"sold_today":0,"sales_last_days":3,"reserved_stock":0,"customer_returns":0,"warehouse_damage":0,"lost_in_post":0,"other_logs":0,"out_stock_days":0,"lost_sales":0,"has_location":false,"update_date":"2025-12-05T11:18:49","atum_locations":[],"atum_stock_status":"instock","restock_status":false,"low_stock_amount":"","sales_update_date":"2025-12-05T11:18:49","calc_backorders":null,"yoast_head":"<!-- This site is optimized with the Yoast SEO plugin v26.9 - https:\/\/yoast.com\/product\/yoast-seo-wordpress\/ -->\n<title>NARMASTEGA GATSBY STIILIS KLEIT - Karini Butiik<\/title>\n<meta name=\"description\" content=\"Ole t\u00f5eline staar selle Gatsby stiilis litterkleidiga! L\u00e4ikivad detailid ja trendikas narmad toovad d\u00fcnaamilisust ja liikumist sinu riietusesse. Osta n\u00fc\u00fcd!\" \/>\n<meta name=\"robots\" content=\"index, follow, max-snippet:-1, max-image-preview:large, max-video-preview:-1\" \/>\n<link rel=\"canonical\" href=\"https:\/\/www.karinibutiik.ee\/lt\/produktas\/narmastega-gatsby-stiilis-kleit\/\" \/>\n<meta property=\"og:locale\" content=\"lt_LT\" \/>\n<meta property=\"og:type\" content=\"article\" \/>\n<meta property=\"og:title\" content=\"NARMASTEGA GATSBY STIILIS KLEIT - Karini Butiik\" \/>\n<meta property=\"og:description\" content=\"Ole t\u00f5eline staar selle Gatsby stiilis litterkleidiga! L\u00e4ikivad detailid ja trendikas narmad toovad d\u00fcnaamilisust ja liikumist sinu riietusesse. Osta n\u00fc\u00fcd!\" \/>\n<meta property=\"og:url\" content=\"https:\/\/www.karinibutiik.ee\/lt\/produktas\/narmastega-gatsby-stiilis-kleit\/\" \/>\n<meta property=\"og:site_name\" content=\"Karini Butiik\" \/>\n<meta property=\"article:publisher\" content=\"https:\/\/www.facebook.com\/karinibutiik.ee\" \/>\n<meta property=\"article:modified_time\" content=\"2026-03-25T14:30:17+00:00\" \/>\n<meta property=\"og:image\" content=\"https:\/\/www.karinibutiik.ee\/wp-content\/uploads\/2024\/05\/AE99F30F-9495-4513-AA91-3A3033681760-e1728468357374.jpeg\" \/>\n\t<meta property=\"og:image:width\" content=\"1145\" \/>\n\t<meta property=\"og:image:height\" content=\"1410\" \/>\n\t<meta property=\"og:image:type\" content=\"image\/jpeg\" \/>\n<meta name=\"twitter:card\" content=\"summary_large_image\" \/>\n<meta name=\"twitter:label1\" content=\"Availability\" \/>\n\t<meta name=\"twitter:data1\" content=\"In stock\" \/>\n<script type=\"application\/ld+json\" class=\"yoast-schema-graph\">{\"@context\":\"https:\/\/schema.org\",\"@graph\":[{\"@type\":\"WebPage\",\"@id\":\"https:\/\/www.karinibutiik.ee\/toode\/narmastega-gatsby-stiilis-kleit\/\",\"url\":\"https:\/\/www.karinibutiik.ee\/toode\/narmastega-gatsby-stiilis-kleit\/\",\"name\":\"NARMASTEGA GATSBY STIILIS KLEIT - Karini Butiik\",\"isPartOf\":{\"@id\":\"https:\/\/www.karinibutiik.ee\/#website\"},\"primaryImageOfPage\":{\"@id\":\"https:\/\/www.karinibutiik.ee\/toode\/narmastega-gatsby-stiilis-kleit\/#primaryimage\"},\"image\":{\"@id\":\"https:\/\/www.karinibutiik.ee\/toode\/narmastega-gatsby-stiilis-kleit\/#primaryimage\"},\"thumbnailUrl\":\"https:\/\/www.karinibutiik.ee\/wp-content\/uploads\/2024\/05\/AE99F30F-9495-4513-AA91-3A3033681760-e1728468357374.jpeg\",\"datePublished\":\"2025-11-03T04:26:07+00:00\",\"dateModified\":\"2026-03-25T14:30:17+00:00\",\"description\":\"Ole t\u00f5eline staar selle Gatsby stiilis litterkleidiga! L\u00e4ikivad detailid ja trendikas narmad toovad d\u00fcnaamilisust ja liikumist sinu riietusesse. Osta n\u00fc\u00fcd!\",\"breadcrumb\":{\"@id\":\"https:\/\/www.karinibutiik.ee\/toode\/narmastega-gatsby-stiilis-kleit\/#breadcrumb\"},\"inLanguage\":\"lt-LT\",\"potentialAction\":[{\"@type\":\"ReadAction\",\"target\":[\"https:\/\/www.karinibutiik.ee\/toode\/narmastega-gatsby-stiilis-kleit\/\"]}]},{\"@type\":\"ImageObject\",\"inLanguage\":\"lt-LT\",\"@id\":\"https:\/\/www.karinibutiik.ee\/toode\/narmastega-gatsby-stiilis-kleit\/#primaryimage\",\"url\":\"https:\/\/www.karinibutiik.ee\/wp-content\/uploads\/2024\/05\/AE99F30F-9495-4513-AA91-3A3033681760-e1728468357374.jpeg\",\"contentUrl\":\"https:\/\/www.karinibutiik.ee\/wp-content\/uploads\/2024\/05\/AE99F30F-9495-4513-AA91-3A3033681760-e1728468357374.jpeg\",\"width\":1145,\"height\":1410},{\"@type\":\"BreadcrumbList\",\"@id\":\"https:\/\/www.karinibutiik.ee\/toode\/narmastega-gatsby-stiilis-kleit\/#breadcrumb\",\"itemListElement\":[{\"@type\":\"ListItem\",\"position\":1,\"name\":\"Home\",\"item\":\"https:\/\/www.karinibutiik.ee\/\"},{\"@type\":\"ListItem\",\"position\":2,\"name\":\"Pood\",\"item\":\"https:\/\/www.karinibutiik.ee\/pood\/\"},{\"@type\":\"ListItem\",\"position\":3,\"name\":\"NARMASTEGA GATSBY STIILIS KLEIT\"}]},{\"@type\":\"WebSite\",\"@id\":\"https:\/\/www.karinibutiik.ee\/#website\",\"url\":\"https:\/\/www.karinibutiik.ee\/\",\"name\":\"Karini Butiik\",\"description\":\"\",\"publisher\":{\"@id\":\"https:\/\/www.karinibutiik.ee\/#organization\"},\"potentialAction\":[{\"@type\":\"SearchAction\",\"target\":{\"@type\":\"EntryPoint\",\"urlTemplate\":\"https:\/\/www.karinibutiik.ee\/?s={search_term_string}\"},\"query-input\":{\"@type\":\"PropertyValueSpecification\",\"valueRequired\":true,\"valueName\":\"search_term_string\"}}],\"inLanguage\":\"lt-LT\"},{\"@type\":\"Organization\",\"@id\":\"https:\/\/www.karinibutiik.ee\/#organization\",\"name\":\"Karini Butiik\",\"url\":\"https:\/\/www.karinibutiik.ee\/\",\"logo\":{\"@type\":\"ImageObject\",\"inLanguage\":\"lt-LT\",\"@id\":\"https:\/\/www.karinibutiik.ee\/#\/schema\/logo\/image\/\",\"url\":\"https:\/\/www.karinibutiik.ee\/wp-content\/uploads\/2024\/10\/Kuj.-K-koopia.png\",\"contentUrl\":\"https:\/\/www.karinibutiik.ee\/wp-content\/uploads\/2024\/10\/Kuj.-K-koopia.png\",\"width\":500,\"height\":500,\"caption\":\"Karini Butiik\"},\"image\":{\"@id\":\"https:\/\/www.karinibutiik.ee\/#\/schema\/logo\/image\/\"},\"sameAs\":[\"https:\/\/www.facebook.com\/karinibutiik.ee\",\"https:\/\/www.instagram.com\/karinibutiik\"]}]}<\/script>\n<meta property=\"og:availability\" content=\"instock\" \/>\n<meta property=\"product:availability\" content=\"instock\" \/>\n<meta property=\"product:retailer_item_id\" content=\"0786\" \/>\n<meta property=\"product:condition\" content=\"new\" \/>\n<!-- \/ Yoast SEO plugin. -->","yoast_head_json":{"title":"NARMASTEGA GATSBY STIILIS KLEIT - Karini Butiik","description":"Ole t\u00f5eline staar selle Gatsby stiilis litterkleidiga! L\u00e4ikivad detailid ja trendikas narmad toovad d\u00fcnaamilisust ja liikumist sinu riietusesse. Osta n\u00fc\u00fcd!","robots":{"index":"index","follow":"follow","max-snippet":"max-snippet:-1","max-image-preview":"max-image-preview:large","max-video-preview":"max-video-preview:-1"},"canonical":"https:\/\/www.karinibutiik.ee\/lt\/produktas\/narmastega-gatsby-stiilis-kleit\/","og_locale":"lt_LT","og_type":"article","og_title":"NARMASTEGA GATSBY STIILIS KLEIT - Karini Butiik","og_description":"Ole t\u00f5eline staar selle Gatsby stiilis litterkleidiga! L\u00e4ikivad detailid ja trendikas narmad toovad d\u00fcnaamilisust ja liikumist sinu riietusesse. Osta n\u00fc\u00fcd!","og_url":"https:\/\/www.karinibutiik.ee\/lt\/produktas\/narmastega-gatsby-stiilis-kleit\/","og_site_name":"Karini Butiik","article_publisher":"https:\/\/www.facebook.com\/karinibutiik.ee","article_modified_time":"2026-03-25T14:30:17+00:00","og_image":[{"width":1145,"height":1410,"url":"https:\/\/www.karinibutiik.ee\/wp-content\/uploads\/2024\/05\/AE99F30F-9495-4513-AA91-3A3033681760-e1728468357374.jpeg","type":"image\/jpeg"}],"twitter_card":"summary_large_image","twitter_misc":{"Availability":"In stock"},"schema":{"@context":"https:\/\/schema.org","@graph":[{"@type":"WebPage","@id":"https:\/\/www.karinibutiik.ee\/toode\/narmastega-gatsby-stiilis-kleit\/","url":"https:\/\/www.karinibutiik.ee\/toode\/narmastega-gatsby-stiilis-kleit\/","name":"NARMASTEGA GATSBY STIILIS KLEIT - Karini Butiik","isPartOf":{"@id":"https:\/\/www.karinibutiik.ee\/#website"},"primaryImageOfPage":{"@id":"https:\/\/www.karinibutiik.ee\/toode\/narmastega-gatsby-stiilis-kleit\/#primaryimage"},"image":{"@id":"https:\/\/www.karinibutiik.ee\/toode\/narmastega-gatsby-stiilis-kleit\/#primaryimage"},"thumbnailUrl":"https:\/\/www.karinibutiik.ee\/wp-content\/uploads\/2024\/05\/AE99F30F-9495-4513-AA91-3A3033681760-e1728468357374.jpeg","datePublished":"2025-11-03T04:26:07+00:00","dateModified":"2026-03-25T14:30:17+00:00","description":"Ole t\u00f5eline staar selle Gatsby stiilis litterkleidiga! L\u00e4ikivad detailid ja trendikas narmad toovad d\u00fcnaamilisust ja liikumist sinu riietusesse. Osta n\u00fc\u00fcd!","breadcrumb":{"@id":"https:\/\/www.karinibutiik.ee\/toode\/narmastega-gatsby-stiilis-kleit\/#breadcrumb"},"inLanguage":"lt-LT","potentialAction":[{"@type":"ReadAction","target":["https:\/\/www.karinibutiik.ee\/toode\/narmastega-gatsby-stiilis-kleit\/"]}]},{"@type":"ImageObject","inLanguage":"lt-LT","@id":"https:\/\/www.karinibutiik.ee\/toode\/narmastega-gatsby-stiilis-kleit\/#primaryimage","url":"https:\/\/www.karinibutiik.ee\/wp-content\/uploads\/2024\/05\/AE99F30F-9495-4513-AA91-3A3033681760-e1728468357374.jpeg","contentUrl":"https:\/\/www.karinibutiik.ee\/wp-content\/uploads\/2024\/05\/AE99F30F-9495-4513-AA91-3A3033681760-e1728468357374.jpeg","width":1145,"height":1410},{"@type":"BreadcrumbList","@id":"https:\/\/www.karinibutiik.ee\/toode\/narmastega-gatsby-stiilis-kleit\/#breadcrumb","itemListElement":[{"@type":"ListItem","position":1,"name":"Home","item":"https:\/\/www.karinibutiik.ee\/"},{"@type":"ListItem","position":2,"name":"Pood","item":"https:\/\/www.karinibutiik.ee\/pood\/"},{"@type":"ListItem","position":3,"name":"NARMASTEGA GATSBY STIILIS KLEIT"}]},{"@type":"WebSite","@id":"https:\/\/www.karinibutiik.ee\/#website","url":"https:\/\/www.karinibutiik.ee\/","name":"Karini Butiik","description":"","publisher":{"@id":"https:\/\/www.karinibutiik.ee\/#organization"},"potentialAction":[{"@type":"SearchAction","target":{"@type":"EntryPoint","urlTemplate":"https:\/\/www.karinibutiik.ee\/?s={search_term_string}"},"query-input":{"@type":"PropertyValueSpecification","valueRequired":true,"valueName":"search_term_string"}}],"inLanguage":"lt-LT"},{"@type":"Organization","@id":"https:\/\/www.karinibutiik.ee\/#organization","name":"Karini Butiik","url":"https:\/\/www.karinibutiik.ee\/","logo":{"@type":"ImageObject","inLanguage":"lt-LT","@id":"https:\/\/www.karinibutiik.ee\/#\/schema\/logo\/image\/","url":"https:\/\/www.karinibutiik.ee\/wp-content\/uploads\/2024\/10\/Kuj.-K-koopia.png","contentUrl":"https:\/\/www.karinibutiik.ee\/wp-content\/uploads\/2024\/10\/Kuj.-K-koopia.png","width":500,"height":500,"caption":"Karini Butiik"},"image":{"@id":"https:\/\/www.karinibutiik.ee\/#\/schema\/logo\/image\/"},"sameAs":["https:\/\/www.facebook.com\/karinibutiik.ee","https:\/\/www.instagram.com\/karinibutiik"]}]},"og_availability":"instock","product_availability":"instock","product_retailer_item_id":"0786","product_condition":"new"},"_links":{"self":[{"href":"https:\/\/www.karinibutiik.ee\/lt\/wp-json\/wp\/v2\/product\/12151","targetHints":{"allow":["GET"]}}],"collection":[{"href":"https:\/\/www.karinibutiik.ee\/lt\/wp-json\/wp\/v2\/product"}],"about":[{"href":"https:\/\/www.karinibutiik.ee\/lt\/wp-json\/wp\/v2\/types\/product"}],"version-history":[{"count":9,"href":"https:\/\/www.karinibutiik.ee\/lt\/wp-json\/wp\/v2\/product\/12151\/revisions"}],"predecessor-version":[{"id":25059,"href":"https:\/\/www.karinibutiik.ee\/lt\/wp-json\/wp\/v2\/product\/12151\/revisions\/25059"}],"wp:featuredmedia":[{"embeddable":true,"href":"https:\/\/www.karinibutiik.ee\/lt\/wp-json\/wp\/v2\/media\/13415"}],"wp:attachment":[{"href":"https:\/\/www.karinibutiik.ee\/lt\/wp-json\/wp\/v2\/media?parent=12151"}],"wp:term":[{"taxonomy":"product_brand","embeddable":true,"href":"https:\/\/www.karinibutiik.ee\/lt\/wp-json\/wp\/v2\/product_brand?post=12151"},{"taxonomy":"product_cat","embeddable":true,"href":"https:\/\/www.karinibutiik.ee\/lt\/wp-json\/wp\/v2\/product_cat?post=12151"},{"taxonomy":"product_tag","embeddable":true,"href":"https:\/\/www.karinibutiik.ee\/lt\/wp-json\/wp\/v2\/product_tag?post=12151"}],"curies":[{"name":"wp","href":"https:\/\/api.w.org\/{rel}","templated":true}]}}