{"id":14601,"date":"2024-11-24T09:15:36","date_gmt":"2024-11-24T09:15:36","guid":{"rendered":"https:\/\/www.karinibutiik.ee\/?post_type=product&#038;p=14601"},"modified":"2026-03-13T20:08:29","modified_gmt":"2026-03-13T18:08:29","slug":"tullpealiskangakaga-satiin-maksikleit","status":"publish","type":"product","link":"https:\/\/www.karinibutiik.ee\/lt\/produktas\/tullpealiskangakaga-satiin-maksikleit\/","title":{"rendered":"Satino maksi suknel\u0117 su tiulio apsiausto audiniu"},"content":{"rendered":"<p>Avasta oma uue lemmikkleidi v\u00f5lu! Meie elegantne t\u00fcllpealiskangaga satiin maksikleit on ideaalne valik igaks pidulikuks s\u00fcndmuseks. Kleit on valmistatud luksuslikust satiinist ja kaunistatud \u00f5hulise t\u00fcllpealiskangaga, mis lisab unikaalset ja romantilist ilmet. V-kaelus r\u00f5hutab kaunilt dekolteed, samas kui figuuri r\u00f5hutav v\u00f6\u00f6 toob esile sinu talje ja loob klassikalise silueti. See maksikleit on ideaalne valik pulmadesse, galadele ja \u00f5htustele vastuv\u00f5ttudele, pakkudes mugavust ja stiili \u00fcheskoos. T\u00e4ienda oma garderoobi selle ajatu ja elegantse kleidiga ning tunne end iga kord erakordselt kaunina!<\/p>","protected":false},"excerpt":{"rendered":"<p>Avasta oma uue lemmikkleidi v\u00f5lu! Meie elegantne t\u00fcllpealiskangaga satiin maksikleit on ideaalne valik igaks pidulikuks s\u00fcndmuseks. Kleit on valmistatud luksuslikust [&hellip;]<\/p>\n","protected":false},"featured_media":14617,"template":"","meta":{"site-sidebar-layout":"default","site-content-layout":"","ast-site-content-layout":"default","site-content-style":"default","site-sidebar-style":"default","ast-global-header-display":"","ast-banner-title-visibility":"","ast-main-header-display":"","ast-hfb-above-header-display":"","ast-hfb-below-header-display":"","ast-hfb-mobile-header-display":"","site-post-title":"","ast-breadcrumbs-content":"","ast-featured-img":"","footer-sml-layout":"","ast-disable-related-posts":"","theme-transparent-header-meta":"default","adv-header-id-meta":"","stick-header-meta":"default","header-above-stick-meta":"","header-main-stick-meta":"","header-below-stick-meta":"","astra-migrate-meta-layouts":"set","ast-page-background-enabled":"default","ast-page-background-meta":{"desktop":{"background-color":"var(--ast-global-color-4)","background-image":"","background-repeat":"repeat","background-position":"center center","background-size":"auto","background-attachment":"scroll","background-type":"","background-media":"","overlay-type":"","overlay-color":"","overlay-opacity":"","overlay-gradient":""},"tablet":{"background-color":"","background-image":"","background-repeat":"repeat","background-position":"center center","background-size":"auto","background-attachment":"scroll","background-type":"","background-media":"","overlay-type":"","overlay-color":"","overlay-opacity":"","overlay-gradient":""},"mobile":{"background-color":"","background-image":"","background-repeat":"repeat","background-position":"center center","background-size":"auto","background-attachment":"scroll","background-type":"","background-media":"","overlay-type":"","overlay-color":"","overlay-opacity":"","overlay-gradient":""}},"ast-content-background-meta":{"desktop":{"background-color":"var(--ast-global-color-5)","background-image":"","background-repeat":"repeat","background-position":"center center","background-size":"auto","background-attachment":"scroll","background-type":"","background-media":"","overlay-type":"","overlay-color":"","overlay-opacity":"","overlay-gradient":""},"tablet":{"background-color":"var(--ast-global-color-5)","background-image":"","background-repeat":"repeat","background-position":"center center","background-size":"auto","background-attachment":"scroll","background-type":"","background-media":"","overlay-type":"","overlay-color":"","overlay-opacity":"","overlay-gradient":""},"mobile":{"background-color":"var(--ast-global-color-5)","background-image":"","background-repeat":"repeat","background-position":"center center","background-size":"auto","background-attachment":"scroll","background-type":"","background-media":"","overlay-type":"","overlay-color":"","overlay-opacity":"","overlay-gradient":""}}},"product_brand":[],"product_cat":[347,348,357,346,350,380],"product_tag":[91,486,494,93,495],"class_list":{"0":"post-14601","1":"product","2":"type-product","3":"status-publish","4":"has-post-thumbnail","6":"product_cat-kleidid","7":"product_cat-lopukleidid","8":"product_cat-maksikleidid","9":"product_cat-naised","10":"product_cat-pulmakleidid-pruutneitside-kleidid","11":"product_cat-tullkleidid","12":"product_tag-koolilopukleit","13":"product_tag-maksikleidid","14":"product_tag-pruutneitside-kleidid","15":"product_tag-pulmakleidid","16":"product_tag-tullkleit","17":"desktop-align-center","18":"tablet-align-center","19":"mobile-align-center","20":"ast-product-gallery-layout-horizontal-slider","21":"ast-product-single-variable","22":"ast-product-tabs-layout-horizontal","24":"first","25":"instock","26":"taxable","27":"shipping-taxable","28":"purchasable","29":"product-type-variable"},"supplier_id":null,"supplier_sku":"","barcode":null,"atum_controlled":true,"out_stock_date":null,"out_stock_threshold":null,"inheritable":true,"inbound_stock":0,"stock_on_hold":0,"sold_today":0,"sales_last_days":0,"reserved_stock":0,"customer_returns":0,"warehouse_damage":0,"lost_in_post":0,"other_logs":0,"out_stock_days":0,"lost_sales":0,"has_location":false,"update_date":"2025-12-04T01:26:41","atum_locations":[],"atum_stock_status":"instock","restock_status":false,"low_stock_amount":"","sales_update_date":"2025-12-04T01:26:41","calc_backorders":null,"yoast_head":"<!-- This site is optimized with the Yoast SEO plugin v26.9 - https:\/\/yoast.com\/product\/yoast-seo-wordpress\/ -->\n<title>T\u00fcllpealiskangakaga satiin maksikleit - Karini Butiik<\/title>\n<meta name=\"description\" content=\"Avasta oma uue lemmikkleidi v\u00f5lu! Meie elegantne t\u00fcllpealiskangaga satiin maksikleit on ideaalne valik igaks pidulikuks s\u00fcndmuseks. Kleit on valmistatud luksuslikust satiinist ja kaunistatud \u00f5hulise t\u00fcllpealiskangaga, mis lisab unikaalset ja romantilist ilmet. V-kaelus r\u00f5hutab kaunilt dekolteed, samas kui figuuri r\u00f5hutav v\u00f6\u00f6 toob esile sinu talje ja loob klassikalise silueti. See maksikleit on ideaalne valik pulmadesse, galadele ja \u00f5htustele vastuv\u00f5ttudele, pakkudes mugavust ja stiili \u00fcheskoos. T\u00e4ienda oma garderoobi selle ajatu ja elegantse kleidiga ning tunne end iga kord erakordselt kaunina!\" \/>\n<meta name=\"robots\" content=\"index, follow, max-snippet:-1, max-image-preview:large, max-video-preview:-1\" \/>\n<link rel=\"canonical\" href=\"https:\/\/www.karinibutiik.ee\/lt\/produktas\/tullpealiskangakaga-satiin-maksikleit\/\" \/>\n<meta property=\"og:locale\" content=\"lt_LT\" \/>\n<meta property=\"og:type\" content=\"article\" \/>\n<meta property=\"og:title\" content=\"T\u00fcllpealiskangakaga satiin maksikleit - Karini Butiik\" \/>\n<meta property=\"og:description\" content=\"Avasta oma uue lemmikkleidi v\u00f5lu! Meie elegantne t\u00fcllpealiskangaga satiin maksikleit on ideaalne valik igaks pidulikuks s\u00fcndmuseks. Kleit on valmistatud luksuslikust satiinist ja kaunistatud \u00f5hulise t\u00fcllpealiskangaga, mis lisab unikaalset ja romantilist ilmet. V-kaelus r\u00f5hutab kaunilt dekolteed, samas kui figuuri r\u00f5hutav v\u00f6\u00f6 toob esile sinu talje ja loob klassikalise silueti. See maksikleit on ideaalne valik pulmadesse, galadele ja \u00f5htustele vastuv\u00f5ttudele, pakkudes mugavust ja stiili \u00fcheskoos. T\u00e4ienda oma garderoobi selle ajatu ja elegantse kleidiga ning tunne end iga kord erakordselt kaunina!\" \/>\n<meta property=\"og:url\" content=\"https:\/\/www.karinibutiik.ee\/lt\/produktas\/tullpealiskangakaga-satiin-maksikleit\/\" \/>\n<meta property=\"og:site_name\" content=\"Karini Butiik\" \/>\n<meta property=\"article:publisher\" content=\"https:\/\/www.facebook.com\/karinibutiik.ee\" \/>\n<meta property=\"article:modified_time\" content=\"2026-03-13T18:08:29+00:00\" \/>\n<meta property=\"og:image\" content=\"https:\/\/www.karinibutiik.ee\/wp-content\/uploads\/2024\/05\/IMG_5396-e1716541415227.jpeg\" \/>\n\t<meta property=\"og:image:width\" content=\"1000\" \/>\n\t<meta property=\"og:image:height\" content=\"1500\" \/>\n\t<meta property=\"og:image:type\" content=\"image\/jpeg\" \/>\n<meta name=\"twitter:card\" content=\"summary_large_image\" \/>\n<meta name=\"twitter:label1\" content=\"Availability\" \/>\n\t<meta name=\"twitter:data1\" content=\"In stock\" \/>\n<script type=\"application\/ld+json\" class=\"yoast-schema-graph\">{\"@context\":\"https:\/\/schema.org\",\"@graph\":[{\"@type\":\"WebPage\",\"@id\":\"https:\/\/www.karinibutiik.ee\/toode\/tullpealiskangakaga-satiin-maksikleit\/\",\"url\":\"https:\/\/www.karinibutiik.ee\/toode\/tullpealiskangakaga-satiin-maksikleit\/\",\"name\":\"T\u00fcllpealiskangakaga satiin maksikleit - Karini Butiik\",\"isPartOf\":{\"@id\":\"https:\/\/www.karinibutiik.ee\/#website\"},\"primaryImageOfPage\":{\"@id\":\"https:\/\/www.karinibutiik.ee\/toode\/tullpealiskangakaga-satiin-maksikleit\/#primaryimage\"},\"image\":{\"@id\":\"https:\/\/www.karinibutiik.ee\/toode\/tullpealiskangakaga-satiin-maksikleit\/#primaryimage\"},\"thumbnailUrl\":\"https:\/\/www.karinibutiik.ee\/wp-content\/uploads\/2024\/05\/IMG_5396-e1716541415227.jpeg\",\"datePublished\":\"2024-11-24T09:15:36+00:00\",\"dateModified\":\"2026-03-13T18:08:29+00:00\",\"description\":\"Avasta oma uue lemmikkleidi v\u00f5lu! Meie elegantne t\u00fcllpealiskangaga satiin maksikleit on ideaalne valik igaks pidulikuks s\u00fcndmuseks. Kleit on valmistatud luksuslikust satiinist ja kaunistatud \u00f5hulise t\u00fcllpealiskangaga, mis lisab unikaalset ja romantilist ilmet. V-kaelus r\u00f5hutab kaunilt dekolteed, samas kui figuuri r\u00f5hutav v\u00f6\u00f6 toob esile sinu talje ja loob klassikalise silueti. See maksikleit on ideaalne valik pulmadesse, galadele ja \u00f5htustele vastuv\u00f5ttudele, pakkudes mugavust ja stiili \u00fcheskoos. T\u00e4ienda oma garderoobi selle ajatu ja elegantse kleidiga ning tunne end iga kord erakordselt kaunina!\",\"breadcrumb\":{\"@id\":\"https:\/\/www.karinibutiik.ee\/toode\/tullpealiskangakaga-satiin-maksikleit\/#breadcrumb\"},\"inLanguage\":\"lt-LT\",\"potentialAction\":[{\"@type\":\"ReadAction\",\"target\":[\"https:\/\/www.karinibutiik.ee\/toode\/tullpealiskangakaga-satiin-maksikleit\/\"]}]},{\"@type\":\"ImageObject\",\"inLanguage\":\"lt-LT\",\"@id\":\"https:\/\/www.karinibutiik.ee\/toode\/tullpealiskangakaga-satiin-maksikleit\/#primaryimage\",\"url\":\"https:\/\/www.karinibutiik.ee\/wp-content\/uploads\/2024\/05\/IMG_5396-e1716541415227.jpeg\",\"contentUrl\":\"https:\/\/www.karinibutiik.ee\/wp-content\/uploads\/2024\/05\/IMG_5396-e1716541415227.jpeg\",\"width\":1000,\"height\":1500,\"caption\":\"T\u00fcllpealiskangaga satiin maksikleit vanaroosa\"},{\"@type\":\"BreadcrumbList\",\"@id\":\"https:\/\/www.karinibutiik.ee\/toode\/tullpealiskangakaga-satiin-maksikleit\/#breadcrumb\",\"itemListElement\":[{\"@type\":\"ListItem\",\"position\":1,\"name\":\"Home\",\"item\":\"https:\/\/www.karinibutiik.ee\/\"},{\"@type\":\"ListItem\",\"position\":2,\"name\":\"Pood\",\"item\":\"https:\/\/www.karinibutiik.ee\/pood\/\"},{\"@type\":\"ListItem\",\"position\":3,\"name\":\"T\u00fcllpealiskangakaga satiin maksikleit\"}]},{\"@type\":\"WebSite\",\"@id\":\"https:\/\/www.karinibutiik.ee\/#website\",\"url\":\"https:\/\/www.karinibutiik.ee\/\",\"name\":\"Karini Butiik\",\"description\":\"\",\"publisher\":{\"@id\":\"https:\/\/www.karinibutiik.ee\/#organization\"},\"potentialAction\":[{\"@type\":\"SearchAction\",\"target\":{\"@type\":\"EntryPoint\",\"urlTemplate\":\"https:\/\/www.karinibutiik.ee\/?s={search_term_string}\"},\"query-input\":{\"@type\":\"PropertyValueSpecification\",\"valueRequired\":true,\"valueName\":\"search_term_string\"}}],\"inLanguage\":\"lt-LT\"},{\"@type\":\"Organization\",\"@id\":\"https:\/\/www.karinibutiik.ee\/#organization\",\"name\":\"Karini Butiik\",\"url\":\"https:\/\/www.karinibutiik.ee\/\",\"logo\":{\"@type\":\"ImageObject\",\"inLanguage\":\"lt-LT\",\"@id\":\"https:\/\/www.karinibutiik.ee\/#\/schema\/logo\/image\/\",\"url\":\"https:\/\/www.karinibutiik.ee\/wp-content\/uploads\/2024\/10\/Kuj.-K-koopia.png\",\"contentUrl\":\"https:\/\/www.karinibutiik.ee\/wp-content\/uploads\/2024\/10\/Kuj.-K-koopia.png\",\"width\":500,\"height\":500,\"caption\":\"Karini Butiik\"},\"image\":{\"@id\":\"https:\/\/www.karinibutiik.ee\/#\/schema\/logo\/image\/\"},\"sameAs\":[\"https:\/\/www.facebook.com\/karinibutiik.ee\",\"https:\/\/www.instagram.com\/karinibutiik\"]}]}<\/script>\n<meta property=\"og:availability\" content=\"instock\" \/>\n<meta property=\"product:availability\" content=\"instock\" \/>\n<meta property=\"product:retailer_item_id\" content=\"4560\" \/>\n<meta property=\"product:condition\" content=\"new\" \/>\n<!-- \/ Yoast SEO plugin. -->","yoast_head_json":{"title":"T\u00fcllpealiskangakaga satiin maksikleit - Karini Butiik","description":"Avasta oma uue lemmikkleidi v\u00f5lu! Meie elegantne t\u00fcllpealiskangaga satiin maksikleit on ideaalne valik igaks pidulikuks s\u00fcndmuseks. Kleit on valmistatud luksuslikust satiinist ja kaunistatud \u00f5hulise t\u00fcllpealiskangaga, mis lisab unikaalset ja romantilist ilmet. V-kaelus r\u00f5hutab kaunilt dekolteed, samas kui figuuri r\u00f5hutav v\u00f6\u00f6 toob esile sinu talje ja loob klassikalise silueti. See maksikleit on ideaalne valik pulmadesse, galadele ja \u00f5htustele vastuv\u00f5ttudele, pakkudes mugavust ja stiili \u00fcheskoos. T\u00e4ienda oma garderoobi selle ajatu ja elegantse kleidiga ning tunne end iga kord erakordselt kaunina!","robots":{"index":"index","follow":"follow","max-snippet":"max-snippet:-1","max-image-preview":"max-image-preview:large","max-video-preview":"max-video-preview:-1"},"canonical":"https:\/\/www.karinibutiik.ee\/lt\/produktas\/tullpealiskangakaga-satiin-maksikleit\/","og_locale":"lt_LT","og_type":"article","og_title":"T\u00fcllpealiskangakaga satiin maksikleit - Karini Butiik","og_description":"Avasta oma uue lemmikkleidi v\u00f5lu! Meie elegantne t\u00fcllpealiskangaga satiin maksikleit on ideaalne valik igaks pidulikuks s\u00fcndmuseks. Kleit on valmistatud luksuslikust satiinist ja kaunistatud \u00f5hulise t\u00fcllpealiskangaga, mis lisab unikaalset ja romantilist ilmet. V-kaelus r\u00f5hutab kaunilt dekolteed, samas kui figuuri r\u00f5hutav v\u00f6\u00f6 toob esile sinu talje ja loob klassikalise silueti. See maksikleit on ideaalne valik pulmadesse, galadele ja \u00f5htustele vastuv\u00f5ttudele, pakkudes mugavust ja stiili \u00fcheskoos. T\u00e4ienda oma garderoobi selle ajatu ja elegantse kleidiga ning tunne end iga kord erakordselt kaunina!","og_url":"https:\/\/www.karinibutiik.ee\/lt\/produktas\/tullpealiskangakaga-satiin-maksikleit\/","og_site_name":"Karini Butiik","article_publisher":"https:\/\/www.facebook.com\/karinibutiik.ee","article_modified_time":"2026-03-13T18:08:29+00:00","og_image":[{"width":1000,"height":1500,"url":"https:\/\/www.karinibutiik.ee\/wp-content\/uploads\/2024\/05\/IMG_5396-e1716541415227.jpeg","type":"image\/jpeg"}],"twitter_card":"summary_large_image","twitter_misc":{"Availability":"In stock"},"schema":{"@context":"https:\/\/schema.org","@graph":[{"@type":"WebPage","@id":"https:\/\/www.karinibutiik.ee\/toode\/tullpealiskangakaga-satiin-maksikleit\/","url":"https:\/\/www.karinibutiik.ee\/toode\/tullpealiskangakaga-satiin-maksikleit\/","name":"T\u00fcllpealiskangakaga satiin maksikleit - Karini Butiik","isPartOf":{"@id":"https:\/\/www.karinibutiik.ee\/#website"},"primaryImageOfPage":{"@id":"https:\/\/www.karinibutiik.ee\/toode\/tullpealiskangakaga-satiin-maksikleit\/#primaryimage"},"image":{"@id":"https:\/\/www.karinibutiik.ee\/toode\/tullpealiskangakaga-satiin-maksikleit\/#primaryimage"},"thumbnailUrl":"https:\/\/www.karinibutiik.ee\/wp-content\/uploads\/2024\/05\/IMG_5396-e1716541415227.jpeg","datePublished":"2024-11-24T09:15:36+00:00","dateModified":"2026-03-13T18:08:29+00:00","description":"Avasta oma uue lemmikkleidi v\u00f5lu! Meie elegantne t\u00fcllpealiskangaga satiin maksikleit on ideaalne valik igaks pidulikuks s\u00fcndmuseks. Kleit on valmistatud luksuslikust satiinist ja kaunistatud \u00f5hulise t\u00fcllpealiskangaga, mis lisab unikaalset ja romantilist ilmet. V-kaelus r\u00f5hutab kaunilt dekolteed, samas kui figuuri r\u00f5hutav v\u00f6\u00f6 toob esile sinu talje ja loob klassikalise silueti. See maksikleit on ideaalne valik pulmadesse, galadele ja \u00f5htustele vastuv\u00f5ttudele, pakkudes mugavust ja stiili \u00fcheskoos. T\u00e4ienda oma garderoobi selle ajatu ja elegantse kleidiga ning tunne end iga kord erakordselt kaunina!","breadcrumb":{"@id":"https:\/\/www.karinibutiik.ee\/toode\/tullpealiskangakaga-satiin-maksikleit\/#breadcrumb"},"inLanguage":"lt-LT","potentialAction":[{"@type":"ReadAction","target":["https:\/\/www.karinibutiik.ee\/toode\/tullpealiskangakaga-satiin-maksikleit\/"]}]},{"@type":"ImageObject","inLanguage":"lt-LT","@id":"https:\/\/www.karinibutiik.ee\/toode\/tullpealiskangakaga-satiin-maksikleit\/#primaryimage","url":"https:\/\/www.karinibutiik.ee\/wp-content\/uploads\/2024\/05\/IMG_5396-e1716541415227.jpeg","contentUrl":"https:\/\/www.karinibutiik.ee\/wp-content\/uploads\/2024\/05\/IMG_5396-e1716541415227.jpeg","width":1000,"height":1500,"caption":"T\u00fcllpealiskangaga satiin maksikleit vanaroosa"},{"@type":"BreadcrumbList","@id":"https:\/\/www.karinibutiik.ee\/toode\/tullpealiskangakaga-satiin-maksikleit\/#breadcrumb","itemListElement":[{"@type":"ListItem","position":1,"name":"Home","item":"https:\/\/www.karinibutiik.ee\/"},{"@type":"ListItem","position":2,"name":"Pood","item":"https:\/\/www.karinibutiik.ee\/pood\/"},{"@type":"ListItem","position":3,"name":"T\u00fcllpealiskangakaga satiin maksikleit"}]},{"@type":"WebSite","@id":"https:\/\/www.karinibutiik.ee\/#website","url":"https:\/\/www.karinibutiik.ee\/","name":"Karini Butiik","description":"","publisher":{"@id":"https:\/\/www.karinibutiik.ee\/#organization"},"potentialAction":[{"@type":"SearchAction","target":{"@type":"EntryPoint","urlTemplate":"https:\/\/www.karinibutiik.ee\/?s={search_term_string}"},"query-input":{"@type":"PropertyValueSpecification","valueRequired":true,"valueName":"search_term_string"}}],"inLanguage":"lt-LT"},{"@type":"Organization","@id":"https:\/\/www.karinibutiik.ee\/#organization","name":"Karini Butiik","url":"https:\/\/www.karinibutiik.ee\/","logo":{"@type":"ImageObject","inLanguage":"lt-LT","@id":"https:\/\/www.karinibutiik.ee\/#\/schema\/logo\/image\/","url":"https:\/\/www.karinibutiik.ee\/wp-content\/uploads\/2024\/10\/Kuj.-K-koopia.png","contentUrl":"https:\/\/www.karinibutiik.ee\/wp-content\/uploads\/2024\/10\/Kuj.-K-koopia.png","width":500,"height":500,"caption":"Karini Butiik"},"image":{"@id":"https:\/\/www.karinibutiik.ee\/#\/schema\/logo\/image\/"},"sameAs":["https:\/\/www.facebook.com\/karinibutiik.ee","https:\/\/www.instagram.com\/karinibutiik"]}]},"og_availability":"instock","product_availability":"instock","product_retailer_item_id":"4560","product_condition":"new"},"_links":{"self":[{"href":"https:\/\/www.karinibutiik.ee\/lt\/wp-json\/wp\/v2\/product\/14601","targetHints":{"allow":["GET"]}}],"collection":[{"href":"https:\/\/www.karinibutiik.ee\/lt\/wp-json\/wp\/v2\/product"}],"about":[{"href":"https:\/\/www.karinibutiik.ee\/lt\/wp-json\/wp\/v2\/types\/product"}],"version-history":[{"count":1,"href":"https:\/\/www.karinibutiik.ee\/lt\/wp-json\/wp\/v2\/product\/14601\/revisions"}],"predecessor-version":[{"id":14636,"href":"https:\/\/www.karinibutiik.ee\/lt\/wp-json\/wp\/v2\/product\/14601\/revisions\/14636"}],"wp:featuredmedia":[{"embeddable":true,"href":"https:\/\/www.karinibutiik.ee\/lt\/wp-json\/wp\/v2\/media\/14617"}],"wp:attachment":[{"href":"https:\/\/www.karinibutiik.ee\/lt\/wp-json\/wp\/v2\/media?parent=14601"}],"wp:term":[{"taxonomy":"product_brand","embeddable":true,"href":"https:\/\/www.karinibutiik.ee\/lt\/wp-json\/wp\/v2\/product_brand?post=14601"},{"taxonomy":"product_cat","embeddable":true,"href":"https:\/\/www.karinibutiik.ee\/lt\/wp-json\/wp\/v2\/product_cat?post=14601"},{"taxonomy":"product_tag","embeddable":true,"href":"https:\/\/www.karinibutiik.ee\/lt\/wp-json\/wp\/v2\/product_tag?post=14601"}],"curies":[{"name":"wp","href":"https:\/\/api.w.org\/{rel}","templated":true}]}}