{"id":15254,"date":"2024-09-08T13:01:50","date_gmt":"2024-09-08T13:01:50","guid":{"rendered":"https:\/\/www.karinibutiik.ee\/?post_type=product&#038;p=15254"},"modified":"2026-04-03T14:24:32","modified_gmt":"2026-04-03T11:24:32","slug":"langeva-kraega-elegantne-maksikleit","status":"publish","type":"product","link":"https:\/\/www.karinibutiik.ee\/lt\/produktas\/langeva-kraega-elegantne-maksikleit\/","title":{"rendered":"Langeva kraega elegantne maksikleit"},"content":{"rendered":"<p><strong>Stiilne ja naiselik maksikleit iga piduliku s\u00fcndmuse jaoks<\/strong><\/p>\n<p>Tutvustame meie elegantset maksikleiti, millel on langev krae, kaela taha seotavad paelad ja julge l\u00f5hik. Ideaalne valik pidulikeks \u00f5htuteks ja erilisteks s\u00fcndmusteks, pakkudes nii mugavust kui ka stiili.<\/p>\n<ul>\n<li><strong>Disain<\/strong>: Langev krae ja seotavad paelad lisavad romantilist h\u00f5ngu.<\/li>\n<li><strong>L\u00f5hik<\/strong>: K\u00f5rge l\u00f5hik tagab liikumisvabaduse ja lisab sensuaalsust.<\/li>\n<li><strong>Materjal<\/strong>: Pehme ja voolav kangas, mis tagab mugavuse ja elegantse v\u00e4limuse.<\/li>\n<li><strong>Suurused ja V\u00e4rvid<\/strong>: Saadaval erinevates suurustes ja v\u00e4rvivalikutes, et leida ideaalne sobivus.<\/li>\n<\/ul>\n<p>Lisa see \u0161ikk maksikleit oma garderoobi ja s\u00e4ra igal \u00fcritusel!<\/p>","protected":false},"excerpt":{"rendered":"<p>Stiilne ja naiselik maksikleit iga piduliku s\u00fcndmuse jaoks Tutvustame meie elegantset maksikleiti, millel on langev krae, kaela taha seotavad paelad [&hellip;]<\/p>\n","protected":false},"featured_media":22285,"template":"","meta":{"site-sidebar-layout":"default","site-content-layout":"","ast-site-content-layout":"default","site-content-style":"default","site-sidebar-style":"default","ast-global-header-display":"","ast-banner-title-visibility":"","ast-main-header-display":"","ast-hfb-above-header-display":"","ast-hfb-below-header-display":"","ast-hfb-mobile-header-display":"","site-post-title":"","ast-breadcrumbs-content":"","ast-featured-img":"","footer-sml-layout":"","ast-disable-related-posts":"","theme-transparent-header-meta":"default","adv-header-id-meta":"","stick-header-meta":"default","header-above-stick-meta":"","header-main-stick-meta":"","header-below-stick-meta":"","astra-migrate-meta-layouts":"set","ast-page-background-enabled":"default","ast-page-background-meta":{"desktop":{"background-color":"var(--ast-global-color-4)","background-image":"","background-repeat":"repeat","background-position":"center center","background-size":"auto","background-attachment":"scroll","background-type":"","background-media":"","overlay-type":"","overlay-color":"","overlay-opacity":"","overlay-gradient":""},"tablet":{"background-color":"","background-image":"","background-repeat":"repeat","background-position":"center center","background-size":"auto","background-attachment":"scroll","background-type":"","background-media":"","overlay-type":"","overlay-color":"","overlay-opacity":"","overlay-gradient":""},"mobile":{"background-color":"","background-image":"","background-repeat":"repeat","background-position":"center center","background-size":"auto","background-attachment":"scroll","background-type":"","background-media":"","overlay-type":"","overlay-color":"","overlay-opacity":"","overlay-gradient":""}},"ast-content-background-meta":{"desktop":{"background-color":"var(--ast-global-color-5)","background-image":"","background-repeat":"repeat","background-position":"center center","background-size":"auto","background-attachment":"scroll","background-type":"","background-media":"","overlay-type":"","overlay-color":"","overlay-opacity":"","overlay-gradient":""},"tablet":{"background-color":"var(--ast-global-color-5)","background-image":"","background-repeat":"repeat","background-position":"center center","background-size":"auto","background-attachment":"scroll","background-type":"","background-media":"","overlay-type":"","overlay-color":"","overlay-opacity":"","overlay-gradient":""},"mobile":{"background-color":"var(--ast-global-color-5)","background-image":"","background-repeat":"repeat","background-position":"center center","background-size":"auto","background-attachment":"scroll","background-type":"","background-media":"","overlay-type":"","overlay-color":"","overlay-opacity":"","overlay-gradient":""}}},"product_brand":[],"product_cat":[347,348,357,346,350],"product_tag":[250,488,475,476,501,477,270,485,91,486,92,110],"class_list":{"0":"post-15254","1":"product","2":"type-product","3":"status-publish","4":"has-post-thumbnail","6":"product_cat-kleidid","7":"product_cat-lopukleidid","8":"product_cat-maksikleidid","9":"product_cat-naised","10":"product_cat-pulmakleidid-pruutneitside-kleidid","11":"product_tag-ametlik-sundmus","12":"product_tag-ballikleit","13":"product_tag-dresshouse","14":"product_tag-getdressed","15":"product_tag-karini-butiik","16":"product_tag-kleidibutiik","17":"product_tag-kleidid","18":"product_tag-kleidipood","19":"product_tag-koolilopukleit","20":"product_tag-maksikleidid","21":"product_tag-pidulikud-kleidid","22":"product_tag-varrukatega-maksikleit","23":"desktop-align-center","24":"tablet-align-center","25":"mobile-align-center","26":"ast-product-gallery-layout-horizontal-slider","27":"ast-product-single-variable","28":"ast-product-tabs-layout-horizontal","30":"first","31":"instock","32":"taxable","33":"shipping-taxable","34":"purchasable","35":"product-type-variable"},"supplier_id":null,"supplier_sku":"","barcode":null,"atum_controlled":true,"out_stock_date":null,"out_stock_threshold":null,"inheritable":true,"inbound_stock":0,"stock_on_hold":0,"sold_today":0,"sales_last_days":0,"reserved_stock":0,"customer_returns":0,"warehouse_damage":0,"lost_in_post":0,"other_logs":0,"out_stock_days":0,"lost_sales":0,"has_location":false,"update_date":"2025-12-05T13:59:38","atum_locations":[],"atum_stock_status":"instock","restock_status":false,"low_stock_amount":"","sales_update_date":"2025-12-05T13:59:38","calc_backorders":null,"yoast_head":"<!-- This site is optimized with the Yoast SEO plugin v26.9 - https:\/\/yoast.com\/product\/yoast-seo-wordpress\/ -->\n<title>Langeva kraega elegantne maksikleit - Karini Butiik<\/title>\n<meta name=\"description\" content=\"Loo sensuaalne ja stiilne v\u00e4ljan\u00e4gemine meie pidulikuks s\u00fcndmuseks m\u00f5eldud maksikleidiga. Langev krae, seotavad paelad ja julge l\u00f5hik teevad sellest kleidist t\u00f5elise pilgup\u00fc\u00fcdja.\" \/>\n<meta name=\"robots\" content=\"index, follow, max-snippet:-1, max-image-preview:large, max-video-preview:-1\" \/>\n<link rel=\"canonical\" href=\"https:\/\/www.karinibutiik.ee\/lt\/produktas\/langeva-kraega-elegantne-maksikleit\/\" \/>\n<meta property=\"og:locale\" content=\"lt_LT\" \/>\n<meta property=\"og:type\" content=\"article\" \/>\n<meta property=\"og:title\" content=\"Langeva kraega elegantne maksikleit - Karini Butiik\" \/>\n<meta property=\"og:description\" content=\"Loo sensuaalne ja stiilne v\u00e4ljan\u00e4gemine meie pidulikuks s\u00fcndmuseks m\u00f5eldud maksikleidiga. Langev krae, seotavad paelad ja julge l\u00f5hik teevad sellest kleidist t\u00f5elise pilgup\u00fc\u00fcdja.\" \/>\n<meta property=\"og:url\" content=\"https:\/\/www.karinibutiik.ee\/lt\/produktas\/langeva-kraega-elegantne-maksikleit\/\" \/>\n<meta property=\"og:site_name\" content=\"Karini Butiik\" \/>\n<meta property=\"article:publisher\" content=\"https:\/\/www.facebook.com\/karinibutiik.ee\" \/>\n<meta property=\"article:modified_time\" content=\"2026-04-03T11:24:32+00:00\" \/>\n<meta property=\"og:image\" content=\"https:\/\/www.karinibutiik.ee\/wp-content\/uploads\/2025\/06\/F7737F7F-C5CD-4158-A10D-092C9C7FD105-scaled.jpeg\" \/>\n\t<meta property=\"og:image:width\" content=\"2008\" \/>\n\t<meta property=\"og:image:height\" content=\"2560\" \/>\n\t<meta property=\"og:image:type\" content=\"image\/jpeg\" \/>\n<meta name=\"twitter:card\" content=\"summary_large_image\" \/>\n<meta name=\"twitter:label1\" content=\"Availability\" \/>\n\t<meta name=\"twitter:data1\" content=\"In stock\" \/>\n<script type=\"application\/ld+json\" class=\"yoast-schema-graph\">{\"@context\":\"https:\/\/schema.org\",\"@graph\":[{\"@type\":\"WebPage\",\"@id\":\"https:\/\/www.karinibutiik.ee\/toode\/langeva-kraega-elegantne-maksikleit\/\",\"url\":\"https:\/\/www.karinibutiik.ee\/toode\/langeva-kraega-elegantne-maksikleit\/\",\"name\":\"Langeva kraega elegantne maksikleit - Karini Butiik\",\"isPartOf\":{\"@id\":\"https:\/\/www.karinibutiik.ee\/#website\"},\"primaryImageOfPage\":{\"@id\":\"https:\/\/www.karinibutiik.ee\/toode\/langeva-kraega-elegantne-maksikleit\/#primaryimage\"},\"image\":{\"@id\":\"https:\/\/www.karinibutiik.ee\/toode\/langeva-kraega-elegantne-maksikleit\/#primaryimage\"},\"thumbnailUrl\":\"https:\/\/www.karinibutiik.ee\/wp-content\/uploads\/2025\/06\/F7737F7F-C5CD-4158-A10D-092C9C7FD105-scaled.jpeg\",\"datePublished\":\"2024-09-08T13:01:50+00:00\",\"dateModified\":\"2026-04-03T11:24:32+00:00\",\"description\":\"Loo sensuaalne ja stiilne v\u00e4ljan\u00e4gemine meie pidulikuks s\u00fcndmuseks m\u00f5eldud maksikleidiga. Langev krae, seotavad paelad ja julge l\u00f5hik teevad sellest kleidist t\u00f5elise pilgup\u00fc\u00fcdja.\",\"breadcrumb\":{\"@id\":\"https:\/\/www.karinibutiik.ee\/toode\/langeva-kraega-elegantne-maksikleit\/#breadcrumb\"},\"inLanguage\":\"lt-LT\",\"potentialAction\":[{\"@type\":\"ReadAction\",\"target\":[\"https:\/\/www.karinibutiik.ee\/toode\/langeva-kraega-elegantne-maksikleit\/\"]}]},{\"@type\":\"ImageObject\",\"inLanguage\":\"lt-LT\",\"@id\":\"https:\/\/www.karinibutiik.ee\/toode\/langeva-kraega-elegantne-maksikleit\/#primaryimage\",\"url\":\"https:\/\/www.karinibutiik.ee\/wp-content\/uploads\/2025\/06\/F7737F7F-C5CD-4158-A10D-092C9C7FD105-scaled.jpeg\",\"contentUrl\":\"https:\/\/www.karinibutiik.ee\/wp-content\/uploads\/2025\/06\/F7737F7F-C5CD-4158-A10D-092C9C7FD105-scaled.jpeg\",\"width\":2008,\"height\":2560},{\"@type\":\"BreadcrumbList\",\"@id\":\"https:\/\/www.karinibutiik.ee\/toode\/langeva-kraega-elegantne-maksikleit\/#breadcrumb\",\"itemListElement\":[{\"@type\":\"ListItem\",\"position\":1,\"name\":\"Home\",\"item\":\"https:\/\/www.karinibutiik.ee\/\"},{\"@type\":\"ListItem\",\"position\":2,\"name\":\"Pood\",\"item\":\"https:\/\/www.karinibutiik.ee\/pood\/\"},{\"@type\":\"ListItem\",\"position\":3,\"name\":\"Langeva kraega elegantne maksikleit\"}]},{\"@type\":\"WebSite\",\"@id\":\"https:\/\/www.karinibutiik.ee\/#website\",\"url\":\"https:\/\/www.karinibutiik.ee\/\",\"name\":\"Karini Butiik\",\"description\":\"\",\"publisher\":{\"@id\":\"https:\/\/www.karinibutiik.ee\/#organization\"},\"potentialAction\":[{\"@type\":\"SearchAction\",\"target\":{\"@type\":\"EntryPoint\",\"urlTemplate\":\"https:\/\/www.karinibutiik.ee\/?s={search_term_string}\"},\"query-input\":{\"@type\":\"PropertyValueSpecification\",\"valueRequired\":true,\"valueName\":\"search_term_string\"}}],\"inLanguage\":\"lt-LT\"},{\"@type\":\"Organization\",\"@id\":\"https:\/\/www.karinibutiik.ee\/#organization\",\"name\":\"Karini Butiik\",\"url\":\"https:\/\/www.karinibutiik.ee\/\",\"logo\":{\"@type\":\"ImageObject\",\"inLanguage\":\"lt-LT\",\"@id\":\"https:\/\/www.karinibutiik.ee\/#\/schema\/logo\/image\/\",\"url\":\"https:\/\/www.karinibutiik.ee\/wp-content\/uploads\/2024\/10\/Kuj.-K-koopia.png\",\"contentUrl\":\"https:\/\/www.karinibutiik.ee\/wp-content\/uploads\/2024\/10\/Kuj.-K-koopia.png\",\"width\":500,\"height\":500,\"caption\":\"Karini Butiik\"},\"image\":{\"@id\":\"https:\/\/www.karinibutiik.ee\/#\/schema\/logo\/image\/\"},\"sameAs\":[\"https:\/\/www.facebook.com\/karinibutiik.ee\",\"https:\/\/www.instagram.com\/karinibutiik\"]}]}<\/script>\n<meta property=\"og:availability\" content=\"instock\" \/>\n<meta property=\"product:availability\" content=\"instock\" \/>\n<meta property=\"product:retailer_item_id\" content=\"078782\" \/>\n<meta property=\"product:condition\" content=\"new\" \/>\n<!-- \/ Yoast SEO plugin. -->","yoast_head_json":{"title":"Langeva kraega elegantne maksikleit - Karini Butiik","description":"Loo sensuaalne ja stiilne v\u00e4ljan\u00e4gemine meie pidulikuks s\u00fcndmuseks m\u00f5eldud maksikleidiga. Langev krae, seotavad paelad ja julge l\u00f5hik teevad sellest kleidist t\u00f5elise pilgup\u00fc\u00fcdja.","robots":{"index":"index","follow":"follow","max-snippet":"max-snippet:-1","max-image-preview":"max-image-preview:large","max-video-preview":"max-video-preview:-1"},"canonical":"https:\/\/www.karinibutiik.ee\/lt\/produktas\/langeva-kraega-elegantne-maksikleit\/","og_locale":"lt_LT","og_type":"article","og_title":"Langeva kraega elegantne maksikleit - Karini Butiik","og_description":"Loo sensuaalne ja stiilne v\u00e4ljan\u00e4gemine meie pidulikuks s\u00fcndmuseks m\u00f5eldud maksikleidiga. Langev krae, seotavad paelad ja julge l\u00f5hik teevad sellest kleidist t\u00f5elise pilgup\u00fc\u00fcdja.","og_url":"https:\/\/www.karinibutiik.ee\/lt\/produktas\/langeva-kraega-elegantne-maksikleit\/","og_site_name":"Karini Butiik","article_publisher":"https:\/\/www.facebook.com\/karinibutiik.ee","article_modified_time":"2026-04-03T11:24:32+00:00","og_image":[{"width":2008,"height":2560,"url":"https:\/\/www.karinibutiik.ee\/wp-content\/uploads\/2025\/06\/F7737F7F-C5CD-4158-A10D-092C9C7FD105-scaled.jpeg","type":"image\/jpeg"}],"twitter_card":"summary_large_image","twitter_misc":{"Availability":"In stock"},"schema":{"@context":"https:\/\/schema.org","@graph":[{"@type":"WebPage","@id":"https:\/\/www.karinibutiik.ee\/toode\/langeva-kraega-elegantne-maksikleit\/","url":"https:\/\/www.karinibutiik.ee\/toode\/langeva-kraega-elegantne-maksikleit\/","name":"Langeva kraega elegantne maksikleit - Karini Butiik","isPartOf":{"@id":"https:\/\/www.karinibutiik.ee\/#website"},"primaryImageOfPage":{"@id":"https:\/\/www.karinibutiik.ee\/toode\/langeva-kraega-elegantne-maksikleit\/#primaryimage"},"image":{"@id":"https:\/\/www.karinibutiik.ee\/toode\/langeva-kraega-elegantne-maksikleit\/#primaryimage"},"thumbnailUrl":"https:\/\/www.karinibutiik.ee\/wp-content\/uploads\/2025\/06\/F7737F7F-C5CD-4158-A10D-092C9C7FD105-scaled.jpeg","datePublished":"2024-09-08T13:01:50+00:00","dateModified":"2026-04-03T11:24:32+00:00","description":"Loo sensuaalne ja stiilne v\u00e4ljan\u00e4gemine meie pidulikuks s\u00fcndmuseks m\u00f5eldud maksikleidiga. Langev krae, seotavad paelad ja julge l\u00f5hik teevad sellest kleidist t\u00f5elise pilgup\u00fc\u00fcdja.","breadcrumb":{"@id":"https:\/\/www.karinibutiik.ee\/toode\/langeva-kraega-elegantne-maksikleit\/#breadcrumb"},"inLanguage":"lt-LT","potentialAction":[{"@type":"ReadAction","target":["https:\/\/www.karinibutiik.ee\/toode\/langeva-kraega-elegantne-maksikleit\/"]}]},{"@type":"ImageObject","inLanguage":"lt-LT","@id":"https:\/\/www.karinibutiik.ee\/toode\/langeva-kraega-elegantne-maksikleit\/#primaryimage","url":"https:\/\/www.karinibutiik.ee\/wp-content\/uploads\/2025\/06\/F7737F7F-C5CD-4158-A10D-092C9C7FD105-scaled.jpeg","contentUrl":"https:\/\/www.karinibutiik.ee\/wp-content\/uploads\/2025\/06\/F7737F7F-C5CD-4158-A10D-092C9C7FD105-scaled.jpeg","width":2008,"height":2560},{"@type":"BreadcrumbList","@id":"https:\/\/www.karinibutiik.ee\/toode\/langeva-kraega-elegantne-maksikleit\/#breadcrumb","itemListElement":[{"@type":"ListItem","position":1,"name":"Home","item":"https:\/\/www.karinibutiik.ee\/"},{"@type":"ListItem","position":2,"name":"Pood","item":"https:\/\/www.karinibutiik.ee\/pood\/"},{"@type":"ListItem","position":3,"name":"Langeva kraega elegantne maksikleit"}]},{"@type":"WebSite","@id":"https:\/\/www.karinibutiik.ee\/#website","url":"https:\/\/www.karinibutiik.ee\/","name":"Karini Butiik","description":"","publisher":{"@id":"https:\/\/www.karinibutiik.ee\/#organization"},"potentialAction":[{"@type":"SearchAction","target":{"@type":"EntryPoint","urlTemplate":"https:\/\/www.karinibutiik.ee\/?s={search_term_string}"},"query-input":{"@type":"PropertyValueSpecification","valueRequired":true,"valueName":"search_term_string"}}],"inLanguage":"lt-LT"},{"@type":"Organization","@id":"https:\/\/www.karinibutiik.ee\/#organization","name":"Karini Butiik","url":"https:\/\/www.karinibutiik.ee\/","logo":{"@type":"ImageObject","inLanguage":"lt-LT","@id":"https:\/\/www.karinibutiik.ee\/#\/schema\/logo\/image\/","url":"https:\/\/www.karinibutiik.ee\/wp-content\/uploads\/2024\/10\/Kuj.-K-koopia.png","contentUrl":"https:\/\/www.karinibutiik.ee\/wp-content\/uploads\/2024\/10\/Kuj.-K-koopia.png","width":500,"height":500,"caption":"Karini Butiik"},"image":{"@id":"https:\/\/www.karinibutiik.ee\/#\/schema\/logo\/image\/"},"sameAs":["https:\/\/www.facebook.com\/karinibutiik.ee","https:\/\/www.instagram.com\/karinibutiik"]}]},"og_availability":"instock","product_availability":"instock","product_retailer_item_id":"078782","product_condition":"new"},"_links":{"self":[{"href":"https:\/\/www.karinibutiik.ee\/lt\/wp-json\/wp\/v2\/product\/15254","targetHints":{"allow":["GET"]}}],"collection":[{"href":"https:\/\/www.karinibutiik.ee\/lt\/wp-json\/wp\/v2\/product"}],"about":[{"href":"https:\/\/www.karinibutiik.ee\/lt\/wp-json\/wp\/v2\/types\/product"}],"version-history":[{"count":1,"href":"https:\/\/www.karinibutiik.ee\/lt\/wp-json\/wp\/v2\/product\/15254\/revisions"}],"predecessor-version":[{"id":15269,"href":"https:\/\/www.karinibutiik.ee\/lt\/wp-json\/wp\/v2\/product\/15254\/revisions\/15269"}],"wp:featuredmedia":[{"embeddable":true,"href":"https:\/\/www.karinibutiik.ee\/lt\/wp-json\/wp\/v2\/media\/22285"}],"wp:attachment":[{"href":"https:\/\/www.karinibutiik.ee\/lt\/wp-json\/wp\/v2\/media?parent=15254"}],"wp:term":[{"taxonomy":"product_brand","embeddable":true,"href":"https:\/\/www.karinibutiik.ee\/lt\/wp-json\/wp\/v2\/product_brand?post=15254"},{"taxonomy":"product_cat","embeddable":true,"href":"https:\/\/www.karinibutiik.ee\/lt\/wp-json\/wp\/v2\/product_cat?post=15254"},{"taxonomy":"product_tag","embeddable":true,"href":"https:\/\/www.karinibutiik.ee\/lt\/wp-json\/wp\/v2\/product_tag?post=15254"}],"curies":[{"name":"wp","href":"https:\/\/api.w.org\/{rel}","templated":true}]}}