{"id":16132,"date":"2024-06-20T09:39:04","date_gmt":"2024-06-20T09:39:04","guid":{"rendered":"https:\/\/www.karinibutiik.ee\/?post_type=product&#038;p=16132"},"modified":"2025-08-27T17:51:53","modified_gmt":"2025-08-27T14:51:53","slug":"tekstiilpuksid-sirge-loikega","status":"publish","type":"product","link":"https:\/\/www.karinibutiik.ee\/lt\/produktas\/tekstiilpuksid-sirge-loikega\/","title":{"rendered":"Tiesaus kirpimo tekstilin\u0117s keln\u0117s"},"content":{"rendered":"<p>Tekstiilp\u00fcksid sirgel\u00f5ikega<\/p>\n<div class=\"xuk3077 x78zum5 x1q0g3np x13a6bvl x2lwn1j xeuugli x1jchvi3 xlxfd2w x1gslohp x126k92a\">\n<div class=\"x6s0dn4 x78zum5 x15zctf7 x2lwn1j xeuugli x193iq5w xh8yej3\">\n<div class=\"xuk3077 x78zum5 xdt5ytf x2lwn1j xeuugli xdl72j9 x1c4vz4f x2lah0s x16fdfms x161msgk x1s9ed0f x1eapu41 x1r944mn\">\n<div id=\"js_2q\" class=\"x1rg5ohu x67bb7w\">\n<div class=\"x1y1aw1k xn6708d xwib8y2 x1ye3gou x13faqbe x1eied1y xca6lcq x1pdtjp8 xpctjk2 xg32yw2 x1fr600 xt0e3qv\">Mugav l\u00f5ige ja stiilne disain tagavad, et tunned end enesekindlalt ja moekalt igal hetkel. Kombineeri neid lihtsa topi v\u00f5i elegantse pluusiga, et luua unustamatu ja efektne v\u00e4limus.<\/div>\n<\/div>\n<\/div>\n<div class=\"\">\n<div class=\"x78zum5 x2lwn1j xeuugli xamitd3 xcklp1c x1c4vz4f x1i64zmx x1emribx\">\n<div class=\"x1rg5ohu x67bb7w\">\n<div class=\"x1i10hfl x1qjc9v5 xjbqb8w xjqpnuy xa49m3k xqeqjp1 x2hbi6w x13fuv20 xu3j5b3 x1q0q8m5 x26u7qi x972fbf xcfux6l x1qhh985 xm0m39n x9f619 x1ypdohk xdl72j9 x2lah0s xe8uvvx xdj266r x11i5rnm xat24cr x1mh8g0r x2lwn1j xeuugli x1n2onr6 x16tdsg8 x1hl2dhg xggy1nq x1ja2u2z x1t137rt x3nfvp2 x1q0g3np x87ps6o x1lku1pv x1a2a7pz x14yjl9h xudhj91 x18nykt9 xww2gxu x1iorvi4 x150jy0e xjkvuk6 x1e558r4\" tabindex=\"0\" role=\"button\" aria-label=\"Reply\">\n<p>&nbsp;<\/p>\n<div class=\"x1ey2m1c xds687c x17qophe xg01cxk x47corl x10l6tqk x13vifvy x1ebt8du x19991ni x1dhq9h x1o1ewxj x3x9cwd x1e5q0jg x13rtm0m\" role=\"none\" data-visualcompletion=\"ignore\"><\/div>\n<\/div>\n<\/div>\n<div>\n<div>\n<div class=\"x1rg5ohu x67bb7w\">\n<div class=\"x1i10hfl x1qjc9v5 xjbqb8w xjqpnuy xa49m3k xqeqjp1 x2hbi6w x13fuv20 xu3j5b3 x1q0q8m5 x26u7qi x972fbf xcfux6l x1qhh985 xm0m39n x9f619 x1ypdohk xdl72j9 x2lah0s xe8uvvx xdj266r x11i5rnm xat24cr x1mh8g0r x2lwn1j xeuugli x1n2onr6 x16tdsg8 x1hl2dhg xggy1nq x1ja2u2z x1t137rt x3nfvp2 x1q0g3np x87ps6o x1lku1pv x1a2a7pz x14yjl9h xudhj91 x18nykt9 xww2gxu x1iorvi4 x150jy0e xjkvuk6 x1e558r4\" tabindex=\"0\" role=\"button\" aria-label=\"Reageeri\">\n<p>&nbsp;<\/p>\n<div class=\"x1ey2m1c xds687c x17qophe xg01cxk x47corl x10l6tqk x13vifvy x1ebt8du x19991ni x1dhq9h x1o1ewxj x3x9cwd x1e5q0jg x13rtm0m\" role=\"none\" data-visualcompletion=\"ignore\"><\/div>\n<\/div>\n<\/div>\n<\/div>\n<\/div>\n<\/div>\n<\/div>\n<\/div>\n<\/div>\n<div class=\"x78zum5 x13a6bvl x2lwn1j xeuugli xtujrur x1k70j0n\"><\/div>","protected":false},"excerpt":{"rendered":"<p>Tekstiilp\u00fcksid sirgel\u00f5ikega Mugav l\u00f5ige ja stiilne disain tagavad, et tunned end enesekindlalt ja moekalt igal hetkel. Kombineeri neid lihtsa topi [&hellip;]<\/p>\n","protected":false},"featured_media":22488,"template":"","meta":{"site-sidebar-layout":"default","site-content-layout":"","ast-site-content-layout":"default","site-content-style":"default","site-sidebar-style":"default","ast-global-header-display":"","ast-banner-title-visibility":"","ast-main-header-display":"","ast-hfb-above-header-display":"","ast-hfb-below-header-display":"","ast-hfb-mobile-header-display":"","site-post-title":"","ast-breadcrumbs-content":"","ast-featured-img":"","footer-sml-layout":"","ast-disable-related-posts":"","theme-transparent-header-meta":"default","adv-header-id-meta":"","stick-header-meta":"default","header-above-stick-meta":"","header-main-stick-meta":"","header-below-stick-meta":"","astra-migrate-meta-layouts":"set","ast-page-background-enabled":"default","ast-page-background-meta":{"desktop":{"background-color":"var(--ast-global-color-4)","background-image":"","background-repeat":"repeat","background-position":"center center","background-size":"auto","background-attachment":"scroll","background-type":"","background-media":"","overlay-type":"","overlay-color":"","overlay-opacity":"","overlay-gradient":""},"tablet":{"background-color":"","background-image":"","background-repeat":"repeat","background-position":"center center","background-size":"auto","background-attachment":"scroll","background-type":"","background-media":"","overlay-type":"","overlay-color":"","overlay-opacity":"","overlay-gradient":""},"mobile":{"background-color":"","background-image":"","background-repeat":"repeat","background-position":"center center","background-size":"auto","background-attachment":"scroll","background-type":"","background-media":"","overlay-type":"","overlay-color":"","overlay-opacity":"","overlay-gradient":""}},"ast-content-background-meta":{"desktop":{"background-color":"var(--ast-global-color-5)","background-image":"","background-repeat":"repeat","background-position":"center center","background-size":"auto","background-attachment":"scroll","background-type":"","background-media":"","overlay-type":"","overlay-color":"","overlay-opacity":"","overlay-gradient":""},"tablet":{"background-color":"var(--ast-global-color-5)","background-image":"","background-repeat":"repeat","background-position":"center center","background-size":"auto","background-attachment":"scroll","background-type":"","background-media":"","overlay-type":"","overlay-color":"","overlay-opacity":"","overlay-gradient":""},"mobile":{"background-color":"var(--ast-global-color-5)","background-image":"","background-repeat":"repeat","background-position":"center center","background-size":"auto","background-attachment":"scroll","background-type":"","background-media":"","overlay-type":"","overlay-color":"","overlay-opacity":"","overlay-gradient":""}}},"product_brand":[],"product_cat":[346,354,356],"product_tag":[475,476,501,477,270,485,647,493,96,1302,101,603,600],"class_list":{"0":"post-16132","1":"product","2":"type-product","3":"status-publish","4":"has-post-thumbnail","6":"product_cat-naised","7":"product_cat-puksid-seelikud","8":"product_cat-tekstiilpuksid","9":"product_tag-dresshouse","10":"product_tag-getdressed","11":"product_tag-karini-butiik","12":"product_tag-kleidibutiik","13":"product_tag-kleidid","14":"product_tag-kleidipood","15":"product_tag-kleidipood-tallinnas","16":"product_tag-kleiditurg","17":"product_tag-puksid","18":"product_tag-roosad-puksid","19":"product_tag-tekstiilpuksid","20":"product_tag-viigipukisd","21":"product_tag-viigipuksid","22":"desktop-align-center","23":"tablet-align-center","24":"mobile-align-center","25":"ast-product-gallery-layout-horizontal-slider","26":"ast-product-single-variable","27":"ast-product-tabs-layout-horizontal","29":"first","30":"instock","31":"taxable","32":"shipping-taxable","33":"purchasable","34":"product-type-variable"},"supplier_id":null,"supplier_sku":"","barcode":null,"atum_controlled":true,"out_stock_date":null,"out_stock_threshold":null,"inheritable":true,"inbound_stock":0,"stock_on_hold":0,"sold_today":0,"sales_last_days":0,"reserved_stock":0,"customer_returns":0,"warehouse_damage":0,"lost_in_post":0,"other_logs":0,"out_stock_days":0,"lost_sales":0,"has_location":false,"update_date":"2025-12-02T12:01:38","atum_locations":[],"atum_stock_status":"instock","restock_status":false,"low_stock_amount":"","sales_update_date":"2025-12-02T12:01:38","calc_backorders":null,"yoast_head":"<!-- This site is optimized with the Yoast SEO plugin v26.9 - https:\/\/yoast.com\/product\/yoast-seo-wordpress\/ -->\n<title>Tekstiilp\u00fcksid sirge l\u00f5ikega - Karini Butiik<\/title>\n<meta name=\"description\" content=\"Osta endale need mugavad tekstiilp\u00fcksid ja loo stiilne v\u00e4limus igal hetkel. Kombineeri erinevate riietega ja ole alati moekas! \ud83d\udc83\" \/>\n<meta name=\"robots\" content=\"index, follow, max-snippet:-1, max-image-preview:large, max-video-preview:-1\" \/>\n<link rel=\"canonical\" href=\"https:\/\/www.karinibutiik.ee\/lt\/produktas\/tekstiilpuksid-sirge-loikega\/\" \/>\n<meta property=\"og:locale\" content=\"lt_LT\" \/>\n<meta property=\"og:type\" content=\"article\" \/>\n<meta property=\"og:title\" content=\"Tekstiilp\u00fcksid sirge l\u00f5ikega - Karini Butiik\" \/>\n<meta property=\"og:description\" content=\"Osta endale need mugavad tekstiilp\u00fcksid ja loo stiilne v\u00e4limus igal hetkel. Kombineeri erinevate riietega ja ole alati moekas! \ud83d\udc83\" \/>\n<meta property=\"og:url\" content=\"https:\/\/www.karinibutiik.ee\/lt\/produktas\/tekstiilpuksid-sirge-loikega\/\" \/>\n<meta property=\"og:site_name\" content=\"Karini Butiik\" \/>\n<meta property=\"article:publisher\" content=\"https:\/\/www.facebook.com\/karinibutiik.ee\" \/>\n<meta property=\"article:modified_time\" content=\"2025-08-27T14:51:53+00:00\" \/>\n<meta property=\"og:image\" content=\"https:\/\/www.karinibutiik.ee\/wp-content\/uploads\/2025\/06\/6A21E945-6524-4CC8-AEC5-5425F8E50618.jpeg\" \/>\n\t<meta property=\"og:image:width\" content=\"1148\" \/>\n\t<meta property=\"og:image:height\" content=\"1673\" \/>\n\t<meta property=\"og:image:type\" content=\"image\/jpeg\" \/>\n<meta name=\"twitter:card\" content=\"summary_large_image\" \/>\n<meta name=\"twitter:label1\" content=\"Availability\" \/>\n\t<meta name=\"twitter:data1\" content=\"In stock\" \/>\n<script type=\"application\/ld+json\" class=\"yoast-schema-graph\">{\"@context\":\"https:\/\/schema.org\",\"@graph\":[{\"@type\":\"WebPage\",\"@id\":\"https:\/\/www.karinibutiik.ee\/toode\/tekstiilpuksid-sirge-loikega\/\",\"url\":\"https:\/\/www.karinibutiik.ee\/toode\/tekstiilpuksid-sirge-loikega\/\",\"name\":\"Tekstiilp\u00fcksid sirge l\u00f5ikega - Karini Butiik\",\"isPartOf\":{\"@id\":\"https:\/\/www.karinibutiik.ee\/#website\"},\"primaryImageOfPage\":{\"@id\":\"https:\/\/www.karinibutiik.ee\/toode\/tekstiilpuksid-sirge-loikega\/#primaryimage\"},\"image\":{\"@id\":\"https:\/\/www.karinibutiik.ee\/toode\/tekstiilpuksid-sirge-loikega\/#primaryimage\"},\"thumbnailUrl\":\"https:\/\/www.karinibutiik.ee\/wp-content\/uploads\/2025\/06\/6A21E945-6524-4CC8-AEC5-5425F8E50618.jpeg\",\"datePublished\":\"2024-06-20T09:39:04+00:00\",\"dateModified\":\"2025-08-27T14:51:53+00:00\",\"description\":\"Osta endale need mugavad tekstiilp\u00fcksid ja loo stiilne v\u00e4limus igal hetkel. Kombineeri erinevate riietega ja ole alati moekas! \ud83d\udc83\",\"breadcrumb\":{\"@id\":\"https:\/\/www.karinibutiik.ee\/toode\/tekstiilpuksid-sirge-loikega\/#breadcrumb\"},\"inLanguage\":\"lt-LT\",\"potentialAction\":[{\"@type\":\"ReadAction\",\"target\":[\"https:\/\/www.karinibutiik.ee\/toode\/tekstiilpuksid-sirge-loikega\/\"]}]},{\"@type\":\"ImageObject\",\"inLanguage\":\"lt-LT\",\"@id\":\"https:\/\/www.karinibutiik.ee\/toode\/tekstiilpuksid-sirge-loikega\/#primaryimage\",\"url\":\"https:\/\/www.karinibutiik.ee\/wp-content\/uploads\/2025\/06\/6A21E945-6524-4CC8-AEC5-5425F8E50618.jpeg\",\"contentUrl\":\"https:\/\/www.karinibutiik.ee\/wp-content\/uploads\/2025\/06\/6A21E945-6524-4CC8-AEC5-5425F8E50618.jpeg\",\"width\":1148,\"height\":1673},{\"@type\":\"BreadcrumbList\",\"@id\":\"https:\/\/www.karinibutiik.ee\/toode\/tekstiilpuksid-sirge-loikega\/#breadcrumb\",\"itemListElement\":[{\"@type\":\"ListItem\",\"position\":1,\"name\":\"Home\",\"item\":\"https:\/\/www.karinibutiik.ee\/\"},{\"@type\":\"ListItem\",\"position\":2,\"name\":\"Pood\",\"item\":\"https:\/\/www.karinibutiik.ee\/pood\/\"},{\"@type\":\"ListItem\",\"position\":3,\"name\":\"Tekstiilp\u00fcksid sirge l\u00f5ikega\"}]},{\"@type\":\"WebSite\",\"@id\":\"https:\/\/www.karinibutiik.ee\/#website\",\"url\":\"https:\/\/www.karinibutiik.ee\/\",\"name\":\"Karini Butiik\",\"description\":\"\",\"publisher\":{\"@id\":\"https:\/\/www.karinibutiik.ee\/#organization\"},\"potentialAction\":[{\"@type\":\"SearchAction\",\"target\":{\"@type\":\"EntryPoint\",\"urlTemplate\":\"https:\/\/www.karinibutiik.ee\/?s={search_term_string}\"},\"query-input\":{\"@type\":\"PropertyValueSpecification\",\"valueRequired\":true,\"valueName\":\"search_term_string\"}}],\"inLanguage\":\"lt-LT\"},{\"@type\":\"Organization\",\"@id\":\"https:\/\/www.karinibutiik.ee\/#organization\",\"name\":\"Karini Butiik\",\"url\":\"https:\/\/www.karinibutiik.ee\/\",\"logo\":{\"@type\":\"ImageObject\",\"inLanguage\":\"lt-LT\",\"@id\":\"https:\/\/www.karinibutiik.ee\/#\/schema\/logo\/image\/\",\"url\":\"https:\/\/www.karinibutiik.ee\/wp-content\/uploads\/2024\/10\/Kuj.-K-koopia.png\",\"contentUrl\":\"https:\/\/www.karinibutiik.ee\/wp-content\/uploads\/2024\/10\/Kuj.-K-koopia.png\",\"width\":500,\"height\":500,\"caption\":\"Karini Butiik\"},\"image\":{\"@id\":\"https:\/\/www.karinibutiik.ee\/#\/schema\/logo\/image\/\"},\"sameAs\":[\"https:\/\/www.facebook.com\/karinibutiik.ee\",\"https:\/\/www.instagram.com\/karinibutiik\"]}]}<\/script>\n<meta property=\"og:availability\" content=\"instock\" \/>\n<meta property=\"product:availability\" content=\"instock\" \/>\n<meta property=\"product:retailer_item_id\" content=\"6102\" \/>\n<meta property=\"product:condition\" content=\"new\" \/>\n<!-- \/ Yoast SEO plugin. -->","yoast_head_json":{"title":"Tekstiilp\u00fcksid sirge l\u00f5ikega - Karini Butiik","description":"Osta endale need mugavad tekstiilp\u00fcksid ja loo stiilne v\u00e4limus igal hetkel. Kombineeri erinevate riietega ja ole alati moekas! \ud83d\udc83","robots":{"index":"index","follow":"follow","max-snippet":"max-snippet:-1","max-image-preview":"max-image-preview:large","max-video-preview":"max-video-preview:-1"},"canonical":"https:\/\/www.karinibutiik.ee\/lt\/produktas\/tekstiilpuksid-sirge-loikega\/","og_locale":"lt_LT","og_type":"article","og_title":"Tekstiilp\u00fcksid sirge l\u00f5ikega - Karini Butiik","og_description":"Osta endale need mugavad tekstiilp\u00fcksid ja loo stiilne v\u00e4limus igal hetkel. Kombineeri erinevate riietega ja ole alati moekas! \ud83d\udc83","og_url":"https:\/\/www.karinibutiik.ee\/lt\/produktas\/tekstiilpuksid-sirge-loikega\/","og_site_name":"Karini Butiik","article_publisher":"https:\/\/www.facebook.com\/karinibutiik.ee","article_modified_time":"2025-08-27T14:51:53+00:00","og_image":[{"width":1148,"height":1673,"url":"https:\/\/www.karinibutiik.ee\/wp-content\/uploads\/2025\/06\/6A21E945-6524-4CC8-AEC5-5425F8E50618.jpeg","type":"image\/jpeg"}],"twitter_card":"summary_large_image","twitter_misc":{"Availability":"In stock"},"schema":{"@context":"https:\/\/schema.org","@graph":[{"@type":"WebPage","@id":"https:\/\/www.karinibutiik.ee\/toode\/tekstiilpuksid-sirge-loikega\/","url":"https:\/\/www.karinibutiik.ee\/toode\/tekstiilpuksid-sirge-loikega\/","name":"Tekstiilp\u00fcksid sirge l\u00f5ikega - Karini Butiik","isPartOf":{"@id":"https:\/\/www.karinibutiik.ee\/#website"},"primaryImageOfPage":{"@id":"https:\/\/www.karinibutiik.ee\/toode\/tekstiilpuksid-sirge-loikega\/#primaryimage"},"image":{"@id":"https:\/\/www.karinibutiik.ee\/toode\/tekstiilpuksid-sirge-loikega\/#primaryimage"},"thumbnailUrl":"https:\/\/www.karinibutiik.ee\/wp-content\/uploads\/2025\/06\/6A21E945-6524-4CC8-AEC5-5425F8E50618.jpeg","datePublished":"2024-06-20T09:39:04+00:00","dateModified":"2025-08-27T14:51:53+00:00","description":"Osta endale need mugavad tekstiilp\u00fcksid ja loo stiilne v\u00e4limus igal hetkel. Kombineeri erinevate riietega ja ole alati moekas! \ud83d\udc83","breadcrumb":{"@id":"https:\/\/www.karinibutiik.ee\/toode\/tekstiilpuksid-sirge-loikega\/#breadcrumb"},"inLanguage":"lt-LT","potentialAction":[{"@type":"ReadAction","target":["https:\/\/www.karinibutiik.ee\/toode\/tekstiilpuksid-sirge-loikega\/"]}]},{"@type":"ImageObject","inLanguage":"lt-LT","@id":"https:\/\/www.karinibutiik.ee\/toode\/tekstiilpuksid-sirge-loikega\/#primaryimage","url":"https:\/\/www.karinibutiik.ee\/wp-content\/uploads\/2025\/06\/6A21E945-6524-4CC8-AEC5-5425F8E50618.jpeg","contentUrl":"https:\/\/www.karinibutiik.ee\/wp-content\/uploads\/2025\/06\/6A21E945-6524-4CC8-AEC5-5425F8E50618.jpeg","width":1148,"height":1673},{"@type":"BreadcrumbList","@id":"https:\/\/www.karinibutiik.ee\/toode\/tekstiilpuksid-sirge-loikega\/#breadcrumb","itemListElement":[{"@type":"ListItem","position":1,"name":"Home","item":"https:\/\/www.karinibutiik.ee\/"},{"@type":"ListItem","position":2,"name":"Pood","item":"https:\/\/www.karinibutiik.ee\/pood\/"},{"@type":"ListItem","position":3,"name":"Tekstiilp\u00fcksid sirge l\u00f5ikega"}]},{"@type":"WebSite","@id":"https:\/\/www.karinibutiik.ee\/#website","url":"https:\/\/www.karinibutiik.ee\/","name":"Karini Butiik","description":"","publisher":{"@id":"https:\/\/www.karinibutiik.ee\/#organization"},"potentialAction":[{"@type":"SearchAction","target":{"@type":"EntryPoint","urlTemplate":"https:\/\/www.karinibutiik.ee\/?s={search_term_string}"},"query-input":{"@type":"PropertyValueSpecification","valueRequired":true,"valueName":"search_term_string"}}],"inLanguage":"lt-LT"},{"@type":"Organization","@id":"https:\/\/www.karinibutiik.ee\/#organization","name":"Karini Butiik","url":"https:\/\/www.karinibutiik.ee\/","logo":{"@type":"ImageObject","inLanguage":"lt-LT","@id":"https:\/\/www.karinibutiik.ee\/#\/schema\/logo\/image\/","url":"https:\/\/www.karinibutiik.ee\/wp-content\/uploads\/2024\/10\/Kuj.-K-koopia.png","contentUrl":"https:\/\/www.karinibutiik.ee\/wp-content\/uploads\/2024\/10\/Kuj.-K-koopia.png","width":500,"height":500,"caption":"Karini Butiik"},"image":{"@id":"https:\/\/www.karinibutiik.ee\/#\/schema\/logo\/image\/"},"sameAs":["https:\/\/www.facebook.com\/karinibutiik.ee","https:\/\/www.instagram.com\/karinibutiik"]}]},"og_availability":"instock","product_availability":"instock","product_retailer_item_id":"6102","product_condition":"new"},"_links":{"self":[{"href":"https:\/\/www.karinibutiik.ee\/lt\/wp-json\/wp\/v2\/product\/16132","targetHints":{"allow":["GET"]}}],"collection":[{"href":"https:\/\/www.karinibutiik.ee\/lt\/wp-json\/wp\/v2\/product"}],"about":[{"href":"https:\/\/www.karinibutiik.ee\/lt\/wp-json\/wp\/v2\/types\/product"}],"version-history":[{"count":3,"href":"https:\/\/www.karinibutiik.ee\/lt\/wp-json\/wp\/v2\/product\/16132\/revisions"}],"predecessor-version":[{"id":22500,"href":"https:\/\/www.karinibutiik.ee\/lt\/wp-json\/wp\/v2\/product\/16132\/revisions\/22500"}],"wp:featuredmedia":[{"embeddable":true,"href":"https:\/\/www.karinibutiik.ee\/lt\/wp-json\/wp\/v2\/media\/22488"}],"wp:attachment":[{"href":"https:\/\/www.karinibutiik.ee\/lt\/wp-json\/wp\/v2\/media?parent=16132"}],"wp:term":[{"taxonomy":"product_brand","embeddable":true,"href":"https:\/\/www.karinibutiik.ee\/lt\/wp-json\/wp\/v2\/product_brand?post=16132"},{"taxonomy":"product_cat","embeddable":true,"href":"https:\/\/www.karinibutiik.ee\/lt\/wp-json\/wp\/v2\/product_cat?post=16132"},{"taxonomy":"product_tag","embeddable":true,"href":"https:\/\/www.karinibutiik.ee\/lt\/wp-json\/wp\/v2\/product_tag?post=16132"}],"curies":[{"name":"wp","href":"https:\/\/api.w.org\/{rel}","templated":true}]}}