{"id":16241,"date":"2024-06-21T08:18:48","date_gmt":"2024-06-21T08:18:48","guid":{"rendered":"https:\/\/www.karinibutiik.ee\/?post_type=product&#038;p=16241"},"modified":"2025-07-01T00:51:34","modified_gmt":"2025-06-30T21:51:34","slug":"kvaliteetne-oversize-talvemantel","status":"publish","type":"product","link":"https:\/\/www.karinibutiik.ee\/lt\/produktas\/kvaliteetne-oversize-talvemantel\/","title":{"rendered":"KVALITEETNE OVERSIZE TALVEMANTEL"},"content":{"rendered":"<p>Hoia end soojas ja stiilsena meie luksusliku oversize talvemantliga. See mantel on valmistatud parimatest materjalidest, tagades maksimaalse mugavuse ja vastupidavuse ka k\u00f5ige k\u00fclmematel talvep\u00e4evadel. Elegantne disain ja avar l\u00f5ige v\u00f5imaldavad kanda mitmekihilisi riideid ilma liikumisvabadust kaotamata. Mantel on varustatud s\u00fcgavate taskute ja tugevate n\u00f6\u00f6pidega, et pakkuda optimaalset kaitset tuule ja k\u00fclma eest. T\u00e4iuslik valik neile, kes hindavad stiili ja praktilisust!<\/p>","protected":false},"excerpt":{"rendered":"<p>Hoia end soojas ja stiilsena meie luksusliku oversize talvemantliga. See mantel on valmistatud parimatest materjalidest, tagades maksimaalse mugavuse ja vastupidavuse [&hellip;]<\/p>\n","protected":false},"featured_media":16248,"template":"","meta":{"site-sidebar-layout":"default","site-content-layout":"","ast-site-content-layout":"default","site-content-style":"default","site-sidebar-style":"default","ast-global-header-display":"","ast-banner-title-visibility":"","ast-main-header-display":"","ast-hfb-above-header-display":"","ast-hfb-below-header-display":"","ast-hfb-mobile-header-display":"","site-post-title":"","ast-breadcrumbs-content":"","ast-featured-img":"","footer-sml-layout":"","ast-disable-related-posts":"","theme-transparent-header-meta":"default","adv-header-id-meta":"","stick-header-meta":"default","header-above-stick-meta":"","header-main-stick-meta":"","header-below-stick-meta":"","astra-migrate-meta-layouts":"set","ast-page-background-enabled":"default","ast-page-background-meta":{"desktop":{"background-color":"var(--ast-global-color-4)","background-image":"","background-repeat":"repeat","background-position":"center center","background-size":"auto","background-attachment":"scroll","background-type":"","background-media":"","overlay-type":"","overlay-color":"","overlay-opacity":"","overlay-gradient":""},"tablet":{"background-color":"","background-image":"","background-repeat":"repeat","background-position":"center center","background-size":"auto","background-attachment":"scroll","background-type":"","background-media":"","overlay-type":"","overlay-color":"","overlay-opacity":"","overlay-gradient":""},"mobile":{"background-color":"","background-image":"","background-repeat":"repeat","background-position":"center center","background-size":"auto","background-attachment":"scroll","background-type":"","background-media":"","overlay-type":"","overlay-color":"","overlay-opacity":"","overlay-gradient":""}},"ast-content-background-meta":{"desktop":{"background-color":"var(--ast-global-color-5)","background-image":"","background-repeat":"repeat","background-position":"center center","background-size":"auto","background-attachment":"scroll","background-type":"","background-media":"","overlay-type":"","overlay-color":"","overlay-opacity":"","overlay-gradient":""},"tablet":{"background-color":"var(--ast-global-color-5)","background-image":"","background-repeat":"repeat","background-position":"center center","background-size":"auto","background-attachment":"scroll","background-type":"","background-media":"","overlay-type":"","overlay-color":"","overlay-opacity":"","overlay-gradient":""},"mobile":{"background-color":"var(--ast-global-color-5)","background-image":"","background-repeat":"repeat","background-position":"center center","background-size":"auto","background-attachment":"scroll","background-type":"","background-media":"","overlay-type":"","overlay-color":"","overlay-opacity":"","overlay-gradient":""}}},"product_brand":[],"product_cat":[453,430,346,365,369],"product_tag":[614,615,611,612,613],"class_list":{"0":"post-16241","1":"product","2":"type-product","3":"status-publish","4":"has-post-thumbnail","6":"product_cat-soodus","7":"product_cat-lopumuuk","8":"product_cat-naised","9":"product_cat-uleriided","10":"product_cat-mantlid","11":"product_tag-kvaliteetne-talvemantel","12":"product_tag-oversize-mantel","13":"product_tag-owersize-talvemantel","14":"product_tag-soe-talvemantel","15":"product_tag-stiilne-talvemantel","16":"desktop-align-center","17":"tablet-align-center","18":"mobile-align-center","19":"ast-product-gallery-layout-horizontal-slider","20":"ast-product-single-variable","21":"ast-product-tabs-layout-horizontal","23":"first","24":"outofstock","25":"taxable","26":"shipping-taxable","27":"product-type-variable"},"supplier_id":null,"supplier_sku":"","barcode":null,"atum_controlled":true,"out_stock_date":null,"out_stock_threshold":null,"inheritable":true,"inbound_stock":0,"stock_on_hold":0,"sold_today":0,"sales_last_days":0,"reserved_stock":0,"customer_returns":0,"warehouse_damage":0,"lost_in_post":0,"other_logs":0,"out_stock_days":0,"lost_sales":0,"has_location":false,"update_date":"2025-12-04T01:45:29","atum_locations":[],"atum_stock_status":"outofstock","restock_status":false,"low_stock_amount":"","sales_update_date":"2025-12-04T01:45:29","calc_backorders":null,"yoast_head":"<!-- This site is optimized with the Yoast SEO plugin v26.9 - https:\/\/yoast.com\/product\/yoast-seo-wordpress\/ -->\n<title>KVALITEETNE OVERSIZE TALVEMANTEL - Karini Butiik<\/title>\n<meta name=\"description\" content=\"Hoia end soojas ja stiilsena meie luksusliku oversize talvemantliga. T\u00e4iuslik valik neile, kes hindavad stiili ja praktilisust! Osta kohe! \u2744\ufe0f\" \/>\n<meta name=\"robots\" content=\"index, follow, max-snippet:-1, max-image-preview:large, max-video-preview:-1\" \/>\n<link rel=\"canonical\" href=\"https:\/\/www.karinibutiik.ee\/lt\/produktas\/kvaliteetne-oversize-talvemantel\/\" \/>\n<meta property=\"og:locale\" content=\"lt_LT\" \/>\n<meta property=\"og:type\" content=\"article\" \/>\n<meta property=\"og:title\" content=\"KVALITEETNE OVERSIZE TALVEMANTEL - Karini Butiik\" \/>\n<meta property=\"og:description\" content=\"Hoia end soojas ja stiilsena meie luksusliku oversize talvemantliga. T\u00e4iuslik valik neile, kes hindavad stiili ja praktilisust! Osta kohe! \u2744\ufe0f\" \/>\n<meta property=\"og:url\" content=\"https:\/\/www.karinibutiik.ee\/lt\/produktas\/kvaliteetne-oversize-talvemantel\/\" \/>\n<meta property=\"og:site_name\" content=\"Karini Butiik\" \/>\n<meta property=\"article:publisher\" content=\"https:\/\/www.facebook.com\/karinibutiik.ee\" \/>\n<meta property=\"article:modified_time\" content=\"2025-06-30T21:51:34+00:00\" \/>\n<meta property=\"og:image\" content=\"https:\/\/www.karinibutiik.ee\/wp-content\/uploads\/2024\/06\/IMG_3781-e1718957981406.jpeg\" \/>\n\t<meta property=\"og:image:width\" content=\"1000\" \/>\n\t<meta property=\"og:image:height\" content=\"1255\" \/>\n\t<meta property=\"og:image:type\" content=\"image\/jpeg\" \/>\n<meta name=\"twitter:card\" content=\"summary_large_image\" \/>\n<meta name=\"twitter:label1\" content=\"Availability\" \/>\n\t<meta name=\"twitter:data1\" content=\"Out of stock\" \/>\n<script type=\"application\/ld+json\" class=\"yoast-schema-graph\">{\"@context\":\"https:\/\/schema.org\",\"@graph\":[{\"@type\":\"WebPage\",\"@id\":\"https:\/\/www.karinibutiik.ee\/toode\/kvaliteetne-oversize-talvemantel\/\",\"url\":\"https:\/\/www.karinibutiik.ee\/toode\/kvaliteetne-oversize-talvemantel\/\",\"name\":\"KVALITEETNE OVERSIZE TALVEMANTEL - Karini Butiik\",\"isPartOf\":{\"@id\":\"https:\/\/www.karinibutiik.ee\/#website\"},\"primaryImageOfPage\":{\"@id\":\"https:\/\/www.karinibutiik.ee\/toode\/kvaliteetne-oversize-talvemantel\/#primaryimage\"},\"image\":{\"@id\":\"https:\/\/www.karinibutiik.ee\/toode\/kvaliteetne-oversize-talvemantel\/#primaryimage\"},\"thumbnailUrl\":\"https:\/\/www.karinibutiik.ee\/wp-content\/uploads\/2024\/06\/IMG_3781-e1718957981406.jpeg\",\"datePublished\":\"2024-06-21T08:18:48+00:00\",\"dateModified\":\"2025-06-30T21:51:34+00:00\",\"description\":\"Hoia end soojas ja stiilsena meie luksusliku oversize talvemantliga. T\u00e4iuslik valik neile, kes hindavad stiili ja praktilisust! Osta kohe! \u2744\ufe0f\",\"breadcrumb\":{\"@id\":\"https:\/\/www.karinibutiik.ee\/toode\/kvaliteetne-oversize-talvemantel\/#breadcrumb\"},\"inLanguage\":\"lt-LT\",\"potentialAction\":[{\"@type\":\"ReadAction\",\"target\":[\"https:\/\/www.karinibutiik.ee\/toode\/kvaliteetne-oversize-talvemantel\/\"]}]},{\"@type\":\"ImageObject\",\"inLanguage\":\"lt-LT\",\"@id\":\"https:\/\/www.karinibutiik.ee\/toode\/kvaliteetne-oversize-talvemantel\/#primaryimage\",\"url\":\"https:\/\/www.karinibutiik.ee\/wp-content\/uploads\/2024\/06\/IMG_3781-e1718957981406.jpeg\",\"contentUrl\":\"https:\/\/www.karinibutiik.ee\/wp-content\/uploads\/2024\/06\/IMG_3781-e1718957981406.jpeg\",\"width\":1000,\"height\":1255},{\"@type\":\"BreadcrumbList\",\"@id\":\"https:\/\/www.karinibutiik.ee\/toode\/kvaliteetne-oversize-talvemantel\/#breadcrumb\",\"itemListElement\":[{\"@type\":\"ListItem\",\"position\":1,\"name\":\"Home\",\"item\":\"https:\/\/www.karinibutiik.ee\/\"},{\"@type\":\"ListItem\",\"position\":2,\"name\":\"Pood\",\"item\":\"https:\/\/www.karinibutiik.ee\/pood\/\"},{\"@type\":\"ListItem\",\"position\":3,\"name\":\"KVALITEETNE OVERSIZE TALVEMANTEL\"}]},{\"@type\":\"WebSite\",\"@id\":\"https:\/\/www.karinibutiik.ee\/#website\",\"url\":\"https:\/\/www.karinibutiik.ee\/\",\"name\":\"Karini Butiik\",\"description\":\"\",\"publisher\":{\"@id\":\"https:\/\/www.karinibutiik.ee\/#organization\"},\"potentialAction\":[{\"@type\":\"SearchAction\",\"target\":{\"@type\":\"EntryPoint\",\"urlTemplate\":\"https:\/\/www.karinibutiik.ee\/?s={search_term_string}\"},\"query-input\":{\"@type\":\"PropertyValueSpecification\",\"valueRequired\":true,\"valueName\":\"search_term_string\"}}],\"inLanguage\":\"lt-LT\"},{\"@type\":\"Organization\",\"@id\":\"https:\/\/www.karinibutiik.ee\/#organization\",\"name\":\"Karini Butiik\",\"url\":\"https:\/\/www.karinibutiik.ee\/\",\"logo\":{\"@type\":\"ImageObject\",\"inLanguage\":\"lt-LT\",\"@id\":\"https:\/\/www.karinibutiik.ee\/#\/schema\/logo\/image\/\",\"url\":\"https:\/\/www.karinibutiik.ee\/wp-content\/uploads\/2024\/10\/Kuj.-K-koopia.png\",\"contentUrl\":\"https:\/\/www.karinibutiik.ee\/wp-content\/uploads\/2024\/10\/Kuj.-K-koopia.png\",\"width\":500,\"height\":500,\"caption\":\"Karini Butiik\"},\"image\":{\"@id\":\"https:\/\/www.karinibutiik.ee\/#\/schema\/logo\/image\/\"},\"sameAs\":[\"https:\/\/www.facebook.com\/karinibutiik.ee\",\"https:\/\/www.instagram.com\/karinibutiik\"]}]}<\/script>\n<meta property=\"og:availability\" content=\"out of stock\" \/>\n<meta property=\"product:availability\" content=\"out of stock\" \/>\n<meta property=\"product:retailer_item_id\" content=\"0805\" \/>\n<meta property=\"product:condition\" content=\"new\" \/>\n<!-- \/ Yoast SEO plugin. -->","yoast_head_json":{"title":"KVALITEETNE OVERSIZE TALVEMANTEL - Karini Butiik","description":"Hoia end soojas ja stiilsena meie luksusliku oversize talvemantliga. T\u00e4iuslik valik neile, kes hindavad stiili ja praktilisust! Osta kohe! \u2744\ufe0f","robots":{"index":"index","follow":"follow","max-snippet":"max-snippet:-1","max-image-preview":"max-image-preview:large","max-video-preview":"max-video-preview:-1"},"canonical":"https:\/\/www.karinibutiik.ee\/lt\/produktas\/kvaliteetne-oversize-talvemantel\/","og_locale":"lt_LT","og_type":"article","og_title":"KVALITEETNE OVERSIZE TALVEMANTEL - Karini Butiik","og_description":"Hoia end soojas ja stiilsena meie luksusliku oversize talvemantliga. T\u00e4iuslik valik neile, kes hindavad stiili ja praktilisust! Osta kohe! \u2744\ufe0f","og_url":"https:\/\/www.karinibutiik.ee\/lt\/produktas\/kvaliteetne-oversize-talvemantel\/","og_site_name":"Karini Butiik","article_publisher":"https:\/\/www.facebook.com\/karinibutiik.ee","article_modified_time":"2025-06-30T21:51:34+00:00","og_image":[{"width":1000,"height":1255,"url":"https:\/\/www.karinibutiik.ee\/wp-content\/uploads\/2024\/06\/IMG_3781-e1718957981406.jpeg","type":"image\/jpeg"}],"twitter_card":"summary_large_image","twitter_misc":{"Availability":"Out of stock"},"schema":{"@context":"https:\/\/schema.org","@graph":[{"@type":"WebPage","@id":"https:\/\/www.karinibutiik.ee\/toode\/kvaliteetne-oversize-talvemantel\/","url":"https:\/\/www.karinibutiik.ee\/toode\/kvaliteetne-oversize-talvemantel\/","name":"KVALITEETNE OVERSIZE TALVEMANTEL - Karini Butiik","isPartOf":{"@id":"https:\/\/www.karinibutiik.ee\/#website"},"primaryImageOfPage":{"@id":"https:\/\/www.karinibutiik.ee\/toode\/kvaliteetne-oversize-talvemantel\/#primaryimage"},"image":{"@id":"https:\/\/www.karinibutiik.ee\/toode\/kvaliteetne-oversize-talvemantel\/#primaryimage"},"thumbnailUrl":"https:\/\/www.karinibutiik.ee\/wp-content\/uploads\/2024\/06\/IMG_3781-e1718957981406.jpeg","datePublished":"2024-06-21T08:18:48+00:00","dateModified":"2025-06-30T21:51:34+00:00","description":"Hoia end soojas ja stiilsena meie luksusliku oversize talvemantliga. T\u00e4iuslik valik neile, kes hindavad stiili ja praktilisust! Osta kohe! \u2744\ufe0f","breadcrumb":{"@id":"https:\/\/www.karinibutiik.ee\/toode\/kvaliteetne-oversize-talvemantel\/#breadcrumb"},"inLanguage":"lt-LT","potentialAction":[{"@type":"ReadAction","target":["https:\/\/www.karinibutiik.ee\/toode\/kvaliteetne-oversize-talvemantel\/"]}]},{"@type":"ImageObject","inLanguage":"lt-LT","@id":"https:\/\/www.karinibutiik.ee\/toode\/kvaliteetne-oversize-talvemantel\/#primaryimage","url":"https:\/\/www.karinibutiik.ee\/wp-content\/uploads\/2024\/06\/IMG_3781-e1718957981406.jpeg","contentUrl":"https:\/\/www.karinibutiik.ee\/wp-content\/uploads\/2024\/06\/IMG_3781-e1718957981406.jpeg","width":1000,"height":1255},{"@type":"BreadcrumbList","@id":"https:\/\/www.karinibutiik.ee\/toode\/kvaliteetne-oversize-talvemantel\/#breadcrumb","itemListElement":[{"@type":"ListItem","position":1,"name":"Home","item":"https:\/\/www.karinibutiik.ee\/"},{"@type":"ListItem","position":2,"name":"Pood","item":"https:\/\/www.karinibutiik.ee\/pood\/"},{"@type":"ListItem","position":3,"name":"KVALITEETNE OVERSIZE TALVEMANTEL"}]},{"@type":"WebSite","@id":"https:\/\/www.karinibutiik.ee\/#website","url":"https:\/\/www.karinibutiik.ee\/","name":"Karini Butiik","description":"","publisher":{"@id":"https:\/\/www.karinibutiik.ee\/#organization"},"potentialAction":[{"@type":"SearchAction","target":{"@type":"EntryPoint","urlTemplate":"https:\/\/www.karinibutiik.ee\/?s={search_term_string}"},"query-input":{"@type":"PropertyValueSpecification","valueRequired":true,"valueName":"search_term_string"}}],"inLanguage":"lt-LT"},{"@type":"Organization","@id":"https:\/\/www.karinibutiik.ee\/#organization","name":"Karini Butiik","url":"https:\/\/www.karinibutiik.ee\/","logo":{"@type":"ImageObject","inLanguage":"lt-LT","@id":"https:\/\/www.karinibutiik.ee\/#\/schema\/logo\/image\/","url":"https:\/\/www.karinibutiik.ee\/wp-content\/uploads\/2024\/10\/Kuj.-K-koopia.png","contentUrl":"https:\/\/www.karinibutiik.ee\/wp-content\/uploads\/2024\/10\/Kuj.-K-koopia.png","width":500,"height":500,"caption":"Karini Butiik"},"image":{"@id":"https:\/\/www.karinibutiik.ee\/#\/schema\/logo\/image\/"},"sameAs":["https:\/\/www.facebook.com\/karinibutiik.ee","https:\/\/www.instagram.com\/karinibutiik"]}]},"og_availability":"out of stock","product_availability":"out of stock","product_retailer_item_id":"0805","product_condition":"new"},"_links":{"self":[{"href":"https:\/\/www.karinibutiik.ee\/lt\/wp-json\/wp\/v2\/product\/16241","targetHints":{"allow":["GET"]}}],"collection":[{"href":"https:\/\/www.karinibutiik.ee\/lt\/wp-json\/wp\/v2\/product"}],"about":[{"href":"https:\/\/www.karinibutiik.ee\/lt\/wp-json\/wp\/v2\/types\/product"}],"version-history":[{"count":1,"href":"https:\/\/www.karinibutiik.ee\/lt\/wp-json\/wp\/v2\/product\/16241\/revisions"}],"predecessor-version":[{"id":16250,"href":"https:\/\/www.karinibutiik.ee\/lt\/wp-json\/wp\/v2\/product\/16241\/revisions\/16250"}],"wp:featuredmedia":[{"embeddable":true,"href":"https:\/\/www.karinibutiik.ee\/lt\/wp-json\/wp\/v2\/media\/16248"}],"wp:attachment":[{"href":"https:\/\/www.karinibutiik.ee\/lt\/wp-json\/wp\/v2\/media?parent=16241"}],"wp:term":[{"taxonomy":"product_brand","embeddable":true,"href":"https:\/\/www.karinibutiik.ee\/lt\/wp-json\/wp\/v2\/product_brand?post=16241"},{"taxonomy":"product_cat","embeddable":true,"href":"https:\/\/www.karinibutiik.ee\/lt\/wp-json\/wp\/v2\/product_cat?post=16241"},{"taxonomy":"product_tag","embeddable":true,"href":"https:\/\/www.karinibutiik.ee\/lt\/wp-json\/wp\/v2\/product_tag?post=16241"}],"curies":[{"name":"wp","href":"https:\/\/api.w.org\/{rel}","templated":true}]}}