{"id":16803,"date":"2024-07-09T09:14:09","date_gmt":"2024-07-09T09:14:09","guid":{"rendered":"https:\/\/www.karinibutiik.ee\/?post_type=product&#038;p=16803"},"modified":"2025-07-25T10:09:38","modified_gmt":"2025-07-25T07:09:38","slug":"tullkleit-seotavate-olapaeltega","status":"publish","type":"product","link":"https:\/\/www.karinibutiik.ee\/lt\/produktas\/tullkleit-seotavate-olapaeltega\/","title":{"rendered":"T\u00dcLLKLEIT SEOTAVATE \u00d5LAPAELTEGA"},"content":{"rendered":"<p>Elegantne ja \u00f5rn t\u00fcllkleit, mis sobib ideaalselt nii pidulikeks s\u00fcndmusteks kui ka romantilisteks hetkedeks. Seotavate \u00f5lapaeltega disain v\u00f5imaldab kleiti kohandada t\u00e4pselt oma soovide j\u00e4rgi, lisades isikup\u00e4ra ja mugavust. Talje osas asuv kumm tagab ideaalse istuvuse ning toob esile kauni figuuri. Kleidi \u00f5huline ja kerge t\u00fcllmaterjal lisab s\u00e4ra ja liikumist igale sammu.<\/p>","protected":false},"excerpt":{"rendered":"<p>Elegantne ja \u00f5rn t\u00fcllkleit, mis sobib ideaalselt nii pidulikeks s\u00fcndmusteks kui ka romantilisteks hetkedeks. Seotavate \u00f5lapaeltega disain v\u00f5imaldab kleiti kohandada [&hellip;]<\/p>\n","protected":false},"featured_media":16804,"template":"","meta":{"site-sidebar-layout":"default","site-content-layout":"","ast-site-content-layout":"default","site-content-style":"default","site-sidebar-style":"default","ast-global-header-display":"","ast-banner-title-visibility":"","ast-main-header-display":"","ast-hfb-above-header-display":"","ast-hfb-below-header-display":"","ast-hfb-mobile-header-display":"","site-post-title":"","ast-breadcrumbs-content":"","ast-featured-img":"","footer-sml-layout":"","ast-disable-related-posts":"","theme-transparent-header-meta":"default","adv-header-id-meta":"","stick-header-meta":"default","header-above-stick-meta":"","header-main-stick-meta":"","header-below-stick-meta":"","astra-migrate-meta-layouts":"set","ast-page-background-enabled":"default","ast-page-background-meta":{"desktop":{"background-color":"var(--ast-global-color-4)","background-image":"","background-repeat":"repeat","background-position":"center center","background-size":"auto","background-attachment":"scroll","background-type":"","background-media":"","overlay-type":"","overlay-color":"","overlay-opacity":"","overlay-gradient":""},"tablet":{"background-color":"","background-image":"","background-repeat":"repeat","background-position":"center center","background-size":"auto","background-attachment":"scroll","background-type":"","background-media":"","overlay-type":"","overlay-color":"","overlay-opacity":"","overlay-gradient":""},"mobile":{"background-color":"","background-image":"","background-repeat":"repeat","background-position":"center center","background-size":"auto","background-attachment":"scroll","background-type":"","background-media":"","overlay-type":"","overlay-color":"","overlay-opacity":"","overlay-gradient":""}},"ast-content-background-meta":{"desktop":{"background-color":"var(--ast-global-color-5)","background-image":"","background-repeat":"repeat","background-position":"center center","background-size":"auto","background-attachment":"scroll","background-type":"","background-media":"","overlay-type":"","overlay-color":"","overlay-opacity":"","overlay-gradient":""},"tablet":{"background-color":"var(--ast-global-color-5)","background-image":"","background-repeat":"repeat","background-position":"center center","background-size":"auto","background-attachment":"scroll","background-type":"","background-media":"","overlay-type":"","overlay-color":"","overlay-opacity":"","overlay-gradient":""},"mobile":{"background-color":"var(--ast-global-color-5)","background-image":"","background-repeat":"repeat","background-position":"center center","background-size":"auto","background-attachment":"scroll","background-type":"","background-media":"","overlay-type":"","overlay-color":"","overlay-opacity":"","overlay-gradient":""}}},"product_brand":[],"product_cat":[349,346,380],"product_tag":[475,476,501,270,485,493,87,92,495],"class_list":{"0":"post-16803","1":"product","2":"type-product","3":"status-publish","4":"has-post-thumbnail","6":"product_cat-midikleidid","7":"product_cat-naised","8":"product_cat-tullkleidid","9":"product_tag-dresshouse","10":"product_tag-getdressed","11":"product_tag-karini-butiik","12":"product_tag-kleidid","13":"product_tag-kleidipood","14":"product_tag-kleiditurg","15":"product_tag-midikleit","16":"product_tag-pidulikud-kleidid","17":"product_tag-tullkleit","18":"desktop-align-center","19":"tablet-align-center","20":"mobile-align-center","21":"ast-product-gallery-layout-horizontal-slider","22":"ast-product-single-variable","23":"ast-product-tabs-layout-horizontal","25":"first","26":"outofstock","27":"taxable","28":"shipping-taxable","29":"product-type-variable"},"supplier_id":null,"supplier_sku":"","barcode":null,"atum_controlled":true,"out_stock_date":null,"out_stock_threshold":null,"inheritable":true,"inbound_stock":0,"stock_on_hold":0,"sold_today":0,"sales_last_days":0,"reserved_stock":0,"customer_returns":0,"warehouse_damage":0,"lost_in_post":0,"other_logs":0,"out_stock_days":0,"lost_sales":0,"has_location":false,"update_date":"2025-12-05T00:00:33","atum_locations":[],"atum_stock_status":"outofstock","restock_status":false,"low_stock_amount":"","sales_update_date":"2025-12-05T00:00:33","calc_backorders":null,"yoast_head":"<!-- This site is optimized with the Yoast SEO plugin v26.9 - https:\/\/yoast.com\/product\/yoast-seo-wordpress\/ -->\n<title>T\u00dcLLKLEIT SEOTAVATE \u00d5LAPAELTEGA - Karini Butiik<\/title>\n<meta name=\"description\" content=\"Avasta oma stiilis sarmi ja kergus selles armsas t\u00fcllkleidis. \u00d5huline t\u00fcllmaterjal lisab elule liikumist ja s\u00e4ra. Ole pidulik igal sammul! \ud83d\udcab\" \/>\n<meta name=\"robots\" content=\"index, follow, max-snippet:-1, max-image-preview:large, max-video-preview:-1\" \/>\n<link rel=\"canonical\" href=\"https:\/\/www.karinibutiik.ee\/lt\/produktas\/tullkleit-seotavate-olapaeltega\/\" \/>\n<meta property=\"og:locale\" content=\"lt_LT\" \/>\n<meta property=\"og:type\" content=\"article\" \/>\n<meta property=\"og:title\" content=\"T\u00dcLLKLEIT SEOTAVATE \u00d5LAPAELTEGA - Karini Butiik\" \/>\n<meta property=\"og:description\" content=\"Avasta oma stiilis sarmi ja kergus selles armsas t\u00fcllkleidis. \u00d5huline t\u00fcllmaterjal lisab elule liikumist ja s\u00e4ra. Ole pidulik igal sammul! \ud83d\udcab\" \/>\n<meta property=\"og:url\" content=\"https:\/\/www.karinibutiik.ee\/lt\/produktas\/tullkleit-seotavate-olapaeltega\/\" \/>\n<meta property=\"og:site_name\" content=\"Karini Butiik\" \/>\n<meta property=\"article:publisher\" content=\"https:\/\/www.facebook.com\/karinibutiik.ee\" \/>\n<meta property=\"article:modified_time\" content=\"2025-07-25T07:09:38+00:00\" \/>\n<meta property=\"og:image\" content=\"https:\/\/www.karinibutiik.ee\/wp-content\/uploads\/2024\/07\/1966C7D6-D969-4A41-8A21-334AE8C2C1F9.jpeg\" \/>\n\t<meta property=\"og:image:width\" content=\"1200\" \/>\n\t<meta property=\"og:image:height\" content=\"1500\" \/>\n\t<meta property=\"og:image:type\" content=\"image\/jpeg\" \/>\n<meta name=\"twitter:card\" content=\"summary_large_image\" \/>\n<meta name=\"twitter:label1\" content=\"Availability\" \/>\n\t<meta name=\"twitter:data1\" content=\"Out of stock\" \/>\n<script type=\"application\/ld+json\" class=\"yoast-schema-graph\">{\"@context\":\"https:\/\/schema.org\",\"@graph\":[{\"@type\":\"WebPage\",\"@id\":\"https:\/\/www.karinibutiik.ee\/toode\/tullkleit-seotavate-olapaeltega\/\",\"url\":\"https:\/\/www.karinibutiik.ee\/toode\/tullkleit-seotavate-olapaeltega\/\",\"name\":\"T\u00dcLLKLEIT SEOTAVATE \u00d5LAPAELTEGA - Karini Butiik\",\"isPartOf\":{\"@id\":\"https:\/\/www.karinibutiik.ee\/#website\"},\"primaryImageOfPage\":{\"@id\":\"https:\/\/www.karinibutiik.ee\/toode\/tullkleit-seotavate-olapaeltega\/#primaryimage\"},\"image\":{\"@id\":\"https:\/\/www.karinibutiik.ee\/toode\/tullkleit-seotavate-olapaeltega\/#primaryimage\"},\"thumbnailUrl\":\"https:\/\/www.karinibutiik.ee\/wp-content\/uploads\/2024\/07\/1966C7D6-D969-4A41-8A21-334AE8C2C1F9.jpeg\",\"datePublished\":\"2024-07-09T09:14:09+00:00\",\"dateModified\":\"2025-07-25T07:09:38+00:00\",\"description\":\"Avasta oma stiilis sarmi ja kergus selles armsas t\u00fcllkleidis. \u00d5huline t\u00fcllmaterjal lisab elule liikumist ja s\u00e4ra. Ole pidulik igal sammul! \ud83d\udcab\",\"breadcrumb\":{\"@id\":\"https:\/\/www.karinibutiik.ee\/toode\/tullkleit-seotavate-olapaeltega\/#breadcrumb\"},\"inLanguage\":\"lt-LT\",\"potentialAction\":[{\"@type\":\"ReadAction\",\"target\":[\"https:\/\/www.karinibutiik.ee\/toode\/tullkleit-seotavate-olapaeltega\/\"]}]},{\"@type\":\"ImageObject\",\"inLanguage\":\"lt-LT\",\"@id\":\"https:\/\/www.karinibutiik.ee\/toode\/tullkleit-seotavate-olapaeltega\/#primaryimage\",\"url\":\"https:\/\/www.karinibutiik.ee\/wp-content\/uploads\/2024\/07\/1966C7D6-D969-4A41-8A21-334AE8C2C1F9.jpeg\",\"contentUrl\":\"https:\/\/www.karinibutiik.ee\/wp-content\/uploads\/2024\/07\/1966C7D6-D969-4A41-8A21-334AE8C2C1F9.jpeg\",\"width\":1200,\"height\":1500},{\"@type\":\"BreadcrumbList\",\"@id\":\"https:\/\/www.karinibutiik.ee\/toode\/tullkleit-seotavate-olapaeltega\/#breadcrumb\",\"itemListElement\":[{\"@type\":\"ListItem\",\"position\":1,\"name\":\"Home\",\"item\":\"https:\/\/www.karinibutiik.ee\/\"},{\"@type\":\"ListItem\",\"position\":2,\"name\":\"Pood\",\"item\":\"https:\/\/www.karinibutiik.ee\/pood\/\"},{\"@type\":\"ListItem\",\"position\":3,\"name\":\"T\u00dcLLKLEIT SEOTAVATE \u00d5LAPAELTEGA\"}]},{\"@type\":\"WebSite\",\"@id\":\"https:\/\/www.karinibutiik.ee\/#website\",\"url\":\"https:\/\/www.karinibutiik.ee\/\",\"name\":\"Karini Butiik\",\"description\":\"\",\"publisher\":{\"@id\":\"https:\/\/www.karinibutiik.ee\/#organization\"},\"potentialAction\":[{\"@type\":\"SearchAction\",\"target\":{\"@type\":\"EntryPoint\",\"urlTemplate\":\"https:\/\/www.karinibutiik.ee\/?s={search_term_string}\"},\"query-input\":{\"@type\":\"PropertyValueSpecification\",\"valueRequired\":true,\"valueName\":\"search_term_string\"}}],\"inLanguage\":\"lt-LT\"},{\"@type\":\"Organization\",\"@id\":\"https:\/\/www.karinibutiik.ee\/#organization\",\"name\":\"Karini Butiik\",\"url\":\"https:\/\/www.karinibutiik.ee\/\",\"logo\":{\"@type\":\"ImageObject\",\"inLanguage\":\"lt-LT\",\"@id\":\"https:\/\/www.karinibutiik.ee\/#\/schema\/logo\/image\/\",\"url\":\"https:\/\/www.karinibutiik.ee\/wp-content\/uploads\/2024\/10\/Kuj.-K-koopia.png\",\"contentUrl\":\"https:\/\/www.karinibutiik.ee\/wp-content\/uploads\/2024\/10\/Kuj.-K-koopia.png\",\"width\":500,\"height\":500,\"caption\":\"Karini Butiik\"},\"image\":{\"@id\":\"https:\/\/www.karinibutiik.ee\/#\/schema\/logo\/image\/\"},\"sameAs\":[\"https:\/\/www.facebook.com\/karinibutiik.ee\",\"https:\/\/www.instagram.com\/karinibutiik\"]}]}<\/script>\n<meta property=\"og:availability\" content=\"out of stock\" \/>\n<meta property=\"product:availability\" content=\"out of stock\" \/>\n<meta property=\"product:retailer_item_id\" content=\"6220\" \/>\n<meta property=\"product:condition\" content=\"new\" \/>\n<!-- \/ Yoast SEO plugin. -->","yoast_head_json":{"title":"T\u00dcLLKLEIT SEOTAVATE \u00d5LAPAELTEGA - Karini Butiik","description":"Avasta oma stiilis sarmi ja kergus selles armsas t\u00fcllkleidis. \u00d5huline t\u00fcllmaterjal lisab elule liikumist ja s\u00e4ra. Ole pidulik igal sammul! \ud83d\udcab","robots":{"index":"index","follow":"follow","max-snippet":"max-snippet:-1","max-image-preview":"max-image-preview:large","max-video-preview":"max-video-preview:-1"},"canonical":"https:\/\/www.karinibutiik.ee\/lt\/produktas\/tullkleit-seotavate-olapaeltega\/","og_locale":"lt_LT","og_type":"article","og_title":"T\u00dcLLKLEIT SEOTAVATE \u00d5LAPAELTEGA - Karini Butiik","og_description":"Avasta oma stiilis sarmi ja kergus selles armsas t\u00fcllkleidis. \u00d5huline t\u00fcllmaterjal lisab elule liikumist ja s\u00e4ra. Ole pidulik igal sammul! \ud83d\udcab","og_url":"https:\/\/www.karinibutiik.ee\/lt\/produktas\/tullkleit-seotavate-olapaeltega\/","og_site_name":"Karini Butiik","article_publisher":"https:\/\/www.facebook.com\/karinibutiik.ee","article_modified_time":"2025-07-25T07:09:38+00:00","og_image":[{"width":1200,"height":1500,"url":"https:\/\/www.karinibutiik.ee\/wp-content\/uploads\/2024\/07\/1966C7D6-D969-4A41-8A21-334AE8C2C1F9.jpeg","type":"image\/jpeg"}],"twitter_card":"summary_large_image","twitter_misc":{"Availability":"Out of stock"},"schema":{"@context":"https:\/\/schema.org","@graph":[{"@type":"WebPage","@id":"https:\/\/www.karinibutiik.ee\/toode\/tullkleit-seotavate-olapaeltega\/","url":"https:\/\/www.karinibutiik.ee\/toode\/tullkleit-seotavate-olapaeltega\/","name":"T\u00dcLLKLEIT SEOTAVATE \u00d5LAPAELTEGA - Karini Butiik","isPartOf":{"@id":"https:\/\/www.karinibutiik.ee\/#website"},"primaryImageOfPage":{"@id":"https:\/\/www.karinibutiik.ee\/toode\/tullkleit-seotavate-olapaeltega\/#primaryimage"},"image":{"@id":"https:\/\/www.karinibutiik.ee\/toode\/tullkleit-seotavate-olapaeltega\/#primaryimage"},"thumbnailUrl":"https:\/\/www.karinibutiik.ee\/wp-content\/uploads\/2024\/07\/1966C7D6-D969-4A41-8A21-334AE8C2C1F9.jpeg","datePublished":"2024-07-09T09:14:09+00:00","dateModified":"2025-07-25T07:09:38+00:00","description":"Avasta oma stiilis sarmi ja kergus selles armsas t\u00fcllkleidis. \u00d5huline t\u00fcllmaterjal lisab elule liikumist ja s\u00e4ra. Ole pidulik igal sammul! \ud83d\udcab","breadcrumb":{"@id":"https:\/\/www.karinibutiik.ee\/toode\/tullkleit-seotavate-olapaeltega\/#breadcrumb"},"inLanguage":"lt-LT","potentialAction":[{"@type":"ReadAction","target":["https:\/\/www.karinibutiik.ee\/toode\/tullkleit-seotavate-olapaeltega\/"]}]},{"@type":"ImageObject","inLanguage":"lt-LT","@id":"https:\/\/www.karinibutiik.ee\/toode\/tullkleit-seotavate-olapaeltega\/#primaryimage","url":"https:\/\/www.karinibutiik.ee\/wp-content\/uploads\/2024\/07\/1966C7D6-D969-4A41-8A21-334AE8C2C1F9.jpeg","contentUrl":"https:\/\/www.karinibutiik.ee\/wp-content\/uploads\/2024\/07\/1966C7D6-D969-4A41-8A21-334AE8C2C1F9.jpeg","width":1200,"height":1500},{"@type":"BreadcrumbList","@id":"https:\/\/www.karinibutiik.ee\/toode\/tullkleit-seotavate-olapaeltega\/#breadcrumb","itemListElement":[{"@type":"ListItem","position":1,"name":"Home","item":"https:\/\/www.karinibutiik.ee\/"},{"@type":"ListItem","position":2,"name":"Pood","item":"https:\/\/www.karinibutiik.ee\/pood\/"},{"@type":"ListItem","position":3,"name":"T\u00dcLLKLEIT SEOTAVATE \u00d5LAPAELTEGA"}]},{"@type":"WebSite","@id":"https:\/\/www.karinibutiik.ee\/#website","url":"https:\/\/www.karinibutiik.ee\/","name":"Karini Butiik","description":"","publisher":{"@id":"https:\/\/www.karinibutiik.ee\/#organization"},"potentialAction":[{"@type":"SearchAction","target":{"@type":"EntryPoint","urlTemplate":"https:\/\/www.karinibutiik.ee\/?s={search_term_string}"},"query-input":{"@type":"PropertyValueSpecification","valueRequired":true,"valueName":"search_term_string"}}],"inLanguage":"lt-LT"},{"@type":"Organization","@id":"https:\/\/www.karinibutiik.ee\/#organization","name":"Karini Butiik","url":"https:\/\/www.karinibutiik.ee\/","logo":{"@type":"ImageObject","inLanguage":"lt-LT","@id":"https:\/\/www.karinibutiik.ee\/#\/schema\/logo\/image\/","url":"https:\/\/www.karinibutiik.ee\/wp-content\/uploads\/2024\/10\/Kuj.-K-koopia.png","contentUrl":"https:\/\/www.karinibutiik.ee\/wp-content\/uploads\/2024\/10\/Kuj.-K-koopia.png","width":500,"height":500,"caption":"Karini Butiik"},"image":{"@id":"https:\/\/www.karinibutiik.ee\/#\/schema\/logo\/image\/"},"sameAs":["https:\/\/www.facebook.com\/karinibutiik.ee","https:\/\/www.instagram.com\/karinibutiik"]}]},"og_availability":"out of stock","product_availability":"out of stock","product_retailer_item_id":"6220","product_condition":"new"},"_links":{"self":[{"href":"https:\/\/www.karinibutiik.ee\/lt\/wp-json\/wp\/v2\/product\/16803","targetHints":{"allow":["GET"]}}],"collection":[{"href":"https:\/\/www.karinibutiik.ee\/lt\/wp-json\/wp\/v2\/product"}],"about":[{"href":"https:\/\/www.karinibutiik.ee\/lt\/wp-json\/wp\/v2\/types\/product"}],"version-history":[{"count":1,"href":"https:\/\/www.karinibutiik.ee\/lt\/wp-json\/wp\/v2\/product\/16803\/revisions"}],"predecessor-version":[{"id":16810,"href":"https:\/\/www.karinibutiik.ee\/lt\/wp-json\/wp\/v2\/product\/16803\/revisions\/16810"}],"wp:featuredmedia":[{"embeddable":true,"href":"https:\/\/www.karinibutiik.ee\/lt\/wp-json\/wp\/v2\/media\/16804"}],"wp:attachment":[{"href":"https:\/\/www.karinibutiik.ee\/lt\/wp-json\/wp\/v2\/media?parent=16803"}],"wp:term":[{"taxonomy":"product_brand","embeddable":true,"href":"https:\/\/www.karinibutiik.ee\/lt\/wp-json\/wp\/v2\/product_brand?post=16803"},{"taxonomy":"product_cat","embeddable":true,"href":"https:\/\/www.karinibutiik.ee\/lt\/wp-json\/wp\/v2\/product_cat?post=16803"},{"taxonomy":"product_tag","embeddable":true,"href":"https:\/\/www.karinibutiik.ee\/lt\/wp-json\/wp\/v2\/product_tag?post=16803"}],"curies":[{"name":"wp","href":"https:\/\/api.w.org\/{rel}","templated":true}]}}